{"id":17030,"date":"2024-03-01T17:00:20","date_gmt":"2024-03-01T16:00:20","guid":{"rendered":"https:\/\/u15jnbdpoq.preview.infomaniak.website\/produit\/detergente-para-lavagem-manual-de-louca-5-litros\/"},"modified":"2026-05-01T02:10:14","modified_gmt":"2026-05-01T00:10:14","slug":"detergente-para-lavagem-manual-de-louca-5-litros","status":"publish","type":"product","link":"https:\/\/www.csj-emballages.com\/pt-pt\/produit\/detergente-para-lavagem-manual-de-louca-5-litros\/","title":{"rendered":"Detergente para lavagem manual de lou\u00e7a 5 litros"},"content":{"rendered":"<div style=\"color: #000000;\">\n<div style=\"color: #000000;\">\n<div style=\"color: #000000;\">\n<div style=\"color: #000000;\">\n<div style=\"color: #000000;\">\n<div style=\"color: #000000;\">\n<h2 class=\"p1 ai-optimize-33\">Detergente para a loi\u00e7a<\/h2>\n<hr>\n<h3 class=\"ai-optimize-27\">Descri\u00e7\u00e3o do nosso potente detergente manual de 5 litros para a loi\u00e7a<\/h3>\n<p><!--more--><\/p>\n<p class=\"ai-optimize-34 ai-optimize-introduction\" data-start=\"243\" data-end=\"840\">Concebido para os profissionais da restaura\u00e7\u00e3o e do catering, ou mesmo para os clientes particulares mais exigentes, este <strong data-start=\"354\" data-end=\"391\">potente produto de lavagem de lou\u00e7a<\/strong> <strong>de 5 litros<\/strong> \u00e9 indispens\u00e1vel para lavar a lou\u00e7a sem esfor\u00e7o.<br data-start=\"490\" data-end=\"493\">Este <strong data-start=\"508\" data-end=\"539\">detergente l\u00edquido concentrado<\/strong> foi especialmente formulado para a <strong data-start=\"570\" data-end=\"587\">lavagem manual de<\/strong> todos os tipos de utens\u00edlios: tachos, panelas, talheres, pratos, copos, lou\u00e7a de a\u00e7o inoxid\u00e1vel, etc. A sua f\u00f3rmula eficaz garante que at\u00e9 as manchas mais dif\u00edceis, como gorduras cozinhadas, molhos ou dep\u00f3sitos de cozinha, s\u00e3o rapidamente removidas. Gra\u00e7as \u00e0 sua f\u00f3rmula eficaz, at\u00e9 as n\u00f3doas mais dif\u00edceis, como gorduras cozinhadas, molhos ou dep\u00f3sitos de cozinha, s\u00e3o rapidamente eliminadas. <\/p>\n<p class=\"ai-optimize-35\" data-start=\"842\" data-end=\"1280\">O que \u00e9 que realmente faz a diferen\u00e7a? As suas <strong data-start=\"883\" data-end=\"906\">propriedades desengordurantes<\/strong>, que protegem as suas m\u00e3os apesar de uma utiliza\u00e7\u00e3o intensiva, e o seu <strong data-start=\"970\" data-end=\"989\">aroma agrad\u00e1vel<\/strong>, que o deixa com uma sensa\u00e7\u00e3o de limpeza e frescura ap\u00f3s cada utiliza\u00e7\u00e3o.<br data-start=\"1067\" data-end=\"1070\">Para utiliza\u00e7\u00e3o na <strong>m\u00e1quina de lavar lou\u00e7a<\/strong>, em cozinhas profissionais ou num ambiente dom\u00e9stico, este produto est\u00e1 perfeitamente adaptado a uma utiliza\u00e7\u00e3o frequente, sem comprometer a efic\u00e1cia ou a facilidade de utiliza\u00e7\u00e3o. <\/p>\n<p class=\"ai-optimize-36\" data-start=\"1282\" data-end=\"1458\">Pr\u00e1tico e econ\u00f3mico, o seu formato de <strong>5L<\/strong> significa que dura mais tempo e requer menos recargas. \u00c9 o parceiro perfeito para cozinhas exigentes onde o desempenho anda de m\u00e3os dadas com o cuidado e a higiene. <\/p>\n<p><!--more--><\/p>\n<h4 class=\"ai-optimize-33\">As suas vantagens:<\/h4>\n<ul>\n<li class=\"ai-optimize-34\">Poderoso contra a gordura incrustada e a sujidade persistente.<\/li>\n<li class=\"ai-optimize-35\">Suave para as m\u00e3os gra\u00e7as ao seu efeito regenerador.<\/li>\n<li class=\"ai-optimize-37\">Fragr\u00e2ncia agrad\u00e1vel para uma sensa\u00e7\u00e3o de frescura.<\/li>\n<li class=\"ai-optimize-38\">Formato econ\u00f3mico de 5 litros, ideal para utiliza\u00e7\u00e3o frequente.<\/li>\n<\/ul>\n<p>&nbsp;<\/p>\n<p><!--more--><\/p>\n<h4 class=\"ai-optimize-40\">Outras informa\u00e7\u00f5es :<\/h4>\n<\/div>\n<ul>\n<li class=\"ai-optimize-41\"><strong>Embalagem<\/strong>: Por unidade<\/li>\n<li class=\"ai-optimize-45\"><strong>Utiliza\u00e7\u00e3o<\/strong>: Lavagem de loi\u00e7a<\/li>\n<li class=\"ai-optimize-44\"><strong>Volume<\/strong>: 5 litros<\/li>\n<\/ul>\n<p>&nbsp;<\/p>\n<\/div>\n<\/div>\n<\/div>\n<\/div>\n<\/div>\n<p><!--more--><\/p>\n<p class=\"ai-optimize-42\">Encontre tamb\u00e9m o nosso detergente para a loi\u00e7a 1,5 L :<a href=\"https:\/\/www.csj-emballages.com\/pt-pt\/produit\/detergente-para-a-loica-15-l\/\"><span style=\"color: #d12727;\"> 03101<\/span><\/a><\/p>\n<p>&nbsp;<\/p>\n<p><!--more--><\/p>\n<p class=\"ai-optimize-43\"><a href=\"\/?product_cat=vaiselle-manuelle\">Ver o resto da nossa gama de produtos para lavagem manual de lou\u00e7a<\/a><\/p>\n","protected":false},"excerpt":{"rendered":"<p>Detergente para a loi\u00e7a Descri\u00e7\u00e3o do nosso potente detergente manual de 5 litros para a loi\u00e7a<\/p>\n","protected":false},"featured_media":235516,"template":"","meta":{"_acf_changed":false},"product_brand":[],"product_cat":[1222,1223,1224,1225],"product_tag":[],"class_list":{"0":"post-17030","1":"product","2":"type-product","3":"status-publish","4":"has-post-thumbnail","6":"product_cat-higiene-e-manutencao","7":"product_cat-produtos-de-limpeza","8":"product_cat-cuidados-com-a-loica","9":"product_cat-engrenagem-manual","10":"product_shipping_class-nao-e-permitido-em-reles","12":"first","13":"instock","14":"taxable","15":"shipping-taxable","16":"purchasable","17":"product-type-simple"},"acf":[],"yoast_head":"<!-- This site is optimized with the Yoast SEO Premium plugin v26.6 (Yoast SEO v26.6) - https:\/\/yoast.com\/wordpress\/plugins\/seo\/ -->\n<title>Detergente para lava-loi\u00e7a manual Power Sink de 5 litros<\/title>\n<meta name=\"description\" content=\"Detergente potente de 5L para uma lavagem manual eficaz de toda a loi\u00e7a. Aroma agrad\u00e1vel, suave para as m\u00e3os, ideal para cozinhas profissionais.\" \/>\n<meta name=\"robots\" content=\"index, follow, max-snippet:-1, max-image-preview:large, max-video-preview:-1\" \/>\n<link rel=\"canonical\" href=\"https:\/\/www.csj-emballages.com\/pt-pt\/produit\/detergente-para-lavagem-manual-de-louca-5-litros\/\" \/>\n<meta property=\"og:locale\" content=\"pt_PT\" \/>\n<meta property=\"og:type\" content=\"article\" \/>\n<meta property=\"og:title\" content=\"Detergente para lavagem manual de lou\u00e7a 5 litros\" \/>\n<meta property=\"og:description\" content=\"Detergente potente de 5L para uma lavagem manual eficaz de toda a loi\u00e7a. Aroma agrad\u00e1vel, suave para as m\u00e3os, ideal para cozinhas profissionais.\" \/>\n<meta property=\"og:url\" content=\"https:\/\/www.csj-emballages.com\/pt-pt\/produit\/detergente-para-lavagem-manual-de-louca-5-litros\/\" \/>\n<meta property=\"og:site_name\" content=\"CSJ Emballages\" \/>\n<meta property=\"article:publisher\" content=\"https:\/\/www.facebook.com\/csjemballages\" \/>\n<meta property=\"article:modified_time\" content=\"2026-05-01T00:10:14+00:00\" \/>\n<meta property=\"og:image\" content=\"https:\/\/www.csj-emballages.com\/wp-content\/uploads\/2024\/03\/00585.webp\" \/>\n\t<meta property=\"og:image:width\" content=\"800\" \/>\n\t<meta property=\"og:image:height\" content=\"801\" \/>\n\t<meta property=\"og:image:type\" content=\"image\/webp\" \/>\n<meta name=\"twitter:card\" content=\"summary_large_image\" \/>\n<meta name=\"twitter:label1\" content=\"Tempo estimado de leitura\" \/>\n\t<meta name=\"twitter:data1\" content=\"2 minutos\" \/>\n<script type=\"application\/ld+json\" class=\"yoast-schema-graph\">{\"@context\":\"https:\/\/schema.org\",\"@graph\":[{\"@type\":\"WebPage\",\"@id\":\"https:\/\/www.csj-emballages.com\/pt-pt\/produit\/detergente-para-lavagem-manual-de-louca-5-litros\/\",\"url\":\"https:\/\/www.csj-emballages.com\/pt-pt\/produit\/detergente-para-lavagem-manual-de-louca-5-litros\/\",\"name\":\"Detergente para lava-loi\u00e7a manual Power Sink de 5 litros\",\"isPartOf\":{\"@id\":\"https:\/\/www.csj-emballages.com\/pt-pt\/#website\"},\"primaryImageOfPage\":{\"@id\":\"https:\/\/www.csj-emballages.com\/pt-pt\/produit\/detergente-para-lavagem-manual-de-louca-5-litros\/#primaryimage\"},\"image\":{\"@id\":\"https:\/\/www.csj-emballages.com\/pt-pt\/produit\/detergente-para-lavagem-manual-de-louca-5-litros\/#primaryimage\"},\"thumbnailUrl\":\"https:\/\/www.csj-emballages.com\/wp-content\/uploads\/2024\/03\/00585.webp\",\"datePublished\":\"2024-03-01T16:00:20+00:00\",\"dateModified\":\"2026-05-01T00:10:14+00:00\",\"description\":\"Detergente potente de 5L para uma lavagem manual eficaz de toda a loi\u00e7a. Aroma agrad\u00e1vel, suave para as m\u00e3os, ideal para cozinhas profissionais.\",\"breadcrumb\":{\"@id\":\"https:\/\/www.csj-emballages.com\/pt-pt\/produit\/detergente-para-lavagem-manual-de-louca-5-litros\/#breadcrumb\"},\"inLanguage\":\"pt-PT\",\"potentialAction\":[{\"@type\":\"ReadAction\",\"target\":[\"https:\/\/www.csj-emballages.com\/pt-pt\/produit\/detergente-para-lavagem-manual-de-louca-5-litros\/\"]}]},{\"@type\":\"ImageObject\",\"inLanguage\":\"pt-PT\",\"@id\":\"https:\/\/www.csj-emballages.com\/pt-pt\/produit\/detergente-para-lavagem-manual-de-louca-5-litros\/#primaryimage\",\"url\":\"https:\/\/www.csj-emballages.com\/wp-content\/uploads\/2024\/03\/00585.webp\",\"contentUrl\":\"https:\/\/www.csj-emballages.com\/wp-content\/uploads\/2024\/03\/00585.webp\",\"width\":800,\"height\":801,\"caption\":\"Produit vaisselle\"},{\"@type\":\"BreadcrumbList\",\"@id\":\"https:\/\/www.csj-emballages.com\/pt-pt\/produit\/detergente-para-lavagem-manual-de-louca-5-litros\/#breadcrumb\",\"itemListElement\":[{\"@type\":\"ListItem\",\"position\":1,\"name\":\"Acolhimento\",\"item\":\"https:\/\/www.csj-emballages.com\/pt-pt\/universo-das-embalagens-alimentares\/\"},{\"@type\":\"ListItem\",\"position\":2,\"name\":\"Shop\",\"item\":\"https:\/\/www.csj-emballages.com\/shop\/\"},{\"@type\":\"ListItem\",\"position\":3,\"name\":\"Detergente para lavagem manual de lou\u00e7a 5 litros\"}]},{\"@type\":\"WebSite\",\"@id\":\"https:\/\/www.csj-emballages.com\/pt-pt\/#website\",\"url\":\"https:\/\/www.csj-emballages.com\/pt-pt\/\",\"name\":\"CSJ Emballages\",\"description\":\"\",\"publisher\":{\"@id\":\"https:\/\/www.csj-emballages.com\/pt-pt\/#organization\"},\"potentialAction\":[{\"@type\":\"SearchAction\",\"target\":{\"@type\":\"EntryPoint\",\"urlTemplate\":\"https:\/\/www.csj-emballages.com\/pt-pt\/?s={search_term_string}\"},\"query-input\":{\"@type\":\"PropertyValueSpecification\",\"valueRequired\":true,\"valueName\":\"search_term_string\"}}],\"inLanguage\":\"pt-PT\"},{\"@type\":\"Organization\",\"@id\":\"https:\/\/www.csj-emballages.com\/pt-pt\/#Organization\/\",\"name\":\"CSJ Emballages\",\"url\":\"https:\/\/www.csj-emballages.com\/pt-pt\/\",\"logo\":{\"@type\":\"ImageObject\",\"inLanguage\":\"pt-PT\",\"@id\":\"https:\/\/www.csj-emballages.com\/pt-pt\/#\/schema\/logo\/image\/\",\"url\":\"https:\/\/www.csj-emballages.com\/wp-content\/uploads\/2023\/10\/logo_csj.webp\",\"contentUrl\":\"https:\/\/www.csj-emballages.com\/wp-content\/uploads\/2023\/10\/logo_csj.webp\",\"width\":250,\"height\":95,\"caption\":\"CSJ Emballages\"},\"image\":{\"@id\":\"https:\/\/www.csj-emballages.com\/pt-pt\/#\/schema\/logo\/image\/\"},\"sameAs\":[\"https:\/\/www.facebook.com\/csjemballages\"],\"address\":{\"@type\":\"PostalAddress\",\"streetAddress\":\"ZI La Lechere\",\"addressLocality\":\"Patornay\",\"postalCode\":\"39130\",\"addressCountry\":\"FR\"},\"contactPoint\":[{\"@type\":\"ContactPoint\",\"contactType\":\"Service client\",\"telephone\":\"0384254272\",\"email\":\"contact@csj-emballages.com\"}]}]}<\/script>\n<!-- \/ Yoast SEO Premium plugin. -->","yoast_head_json":{"title":"Detergente para lava-loi\u00e7a manual Power Sink de 5 litros","description":"Detergente potente de 5L para uma lavagem manual eficaz de toda a loi\u00e7a. Aroma agrad\u00e1vel, suave para as m\u00e3os, ideal para cozinhas profissionais.","robots":{"index":"index","follow":"follow","max-snippet":"max-snippet:-1","max-image-preview":"max-image-preview:large","max-video-preview":"max-video-preview:-1"},"canonical":"https:\/\/www.csj-emballages.com\/pt-pt\/produit\/detergente-para-lavagem-manual-de-louca-5-litros\/","og_locale":"pt_PT","og_type":"article","og_title":"Detergente para lavagem manual de lou\u00e7a 5 litros","og_description":"Detergente potente de 5L para uma lavagem manual eficaz de toda a loi\u00e7a. Aroma agrad\u00e1vel, suave para as m\u00e3os, ideal para cozinhas profissionais.","og_url":"https:\/\/www.csj-emballages.com\/pt-pt\/produit\/detergente-para-lavagem-manual-de-louca-5-litros\/","og_site_name":"CSJ Emballages","article_publisher":"https:\/\/www.facebook.com\/csjemballages","article_modified_time":"2026-05-01T00:10:14+00:00","og_image":[{"width":800,"height":801,"url":"https:\/\/www.csj-emballages.com\/wp-content\/uploads\/2024\/03\/00585.webp","type":"image\/webp"}],"twitter_card":"summary_large_image","twitter_misc":{"Tempo estimado de leitura":"2 minutos"},"schema":{"@context":"https:\/\/schema.org","@graph":[{"@type":"WebPage","@id":"https:\/\/www.csj-emballages.com\/pt-pt\/produit\/detergente-para-lavagem-manual-de-louca-5-litros\/","url":"https:\/\/www.csj-emballages.com\/pt-pt\/produit\/detergente-para-lavagem-manual-de-louca-5-litros\/","name":"Detergente para lava-loi\u00e7a manual Power Sink de 5 litros","isPartOf":{"@id":"https:\/\/www.csj-emballages.com\/pt-pt\/#website"},"primaryImageOfPage":{"@id":"https:\/\/www.csj-emballages.com\/pt-pt\/produit\/detergente-para-lavagem-manual-de-louca-5-litros\/#primaryimage"},"image":{"@id":"https:\/\/www.csj-emballages.com\/pt-pt\/produit\/detergente-para-lavagem-manual-de-louca-5-litros\/#primaryimage"},"thumbnailUrl":"https:\/\/www.csj-emballages.com\/wp-content\/uploads\/2024\/03\/00585.webp","datePublished":"2024-03-01T16:00:20+00:00","dateModified":"2026-05-01T00:10:14+00:00","description":"Detergente potente de 5L para uma lavagem manual eficaz de toda a loi\u00e7a. Aroma agrad\u00e1vel, suave para as m\u00e3os, ideal para cozinhas profissionais.","breadcrumb":{"@id":"https:\/\/www.csj-emballages.com\/pt-pt\/produit\/detergente-para-lavagem-manual-de-louca-5-litros\/#breadcrumb"},"inLanguage":"pt-PT","potentialAction":[{"@type":"ReadAction","target":["https:\/\/www.csj-emballages.com\/pt-pt\/produit\/detergente-para-lavagem-manual-de-louca-5-litros\/"]}]},{"@type":"ImageObject","inLanguage":"pt-PT","@id":"https:\/\/www.csj-emballages.com\/pt-pt\/produit\/detergente-para-lavagem-manual-de-louca-5-litros\/#primaryimage","url":"https:\/\/www.csj-emballages.com\/wp-content\/uploads\/2024\/03\/00585.webp","contentUrl":"https:\/\/www.csj-emballages.com\/wp-content\/uploads\/2024\/03\/00585.webp","width":800,"height":801,"caption":"Produit vaisselle"},{"@type":"BreadcrumbList","@id":"https:\/\/www.csj-emballages.com\/pt-pt\/produit\/detergente-para-lavagem-manual-de-louca-5-litros\/#breadcrumb","itemListElement":[{"@type":"ListItem","position":1,"name":"Acolhimento","item":"https:\/\/www.csj-emballages.com\/pt-pt\/universo-das-embalagens-alimentares\/"},{"@type":"ListItem","position":2,"name":"Shop","item":"https:\/\/www.csj-emballages.com\/shop\/"},{"@type":"ListItem","position":3,"name":"Detergente para lavagem manual de lou\u00e7a 5 litros"}]},{"@type":"WebSite","@id":"https:\/\/www.csj-emballages.com\/pt-pt\/#website","url":"https:\/\/www.csj-emballages.com\/pt-pt\/","name":"CSJ Emballages","description":"","publisher":{"@id":"https:\/\/www.csj-emballages.com\/pt-pt\/#organization"},"potentialAction":[{"@type":"SearchAction","target":{"@type":"EntryPoint","urlTemplate":"https:\/\/www.csj-emballages.com\/pt-pt\/?s={search_term_string}"},"query-input":{"@type":"PropertyValueSpecification","valueRequired":true,"valueName":"search_term_string"}}],"inLanguage":"pt-PT"},{"@type":"Organization","@id":"https:\/\/www.csj-emballages.com\/pt-pt\/#Organization\/","name":"CSJ Emballages","url":"https:\/\/www.csj-emballages.com\/pt-pt\/","logo":{"@type":"ImageObject","inLanguage":"pt-PT","@id":"https:\/\/www.csj-emballages.com\/pt-pt\/#\/schema\/logo\/image\/","url":"https:\/\/www.csj-emballages.com\/wp-content\/uploads\/2023\/10\/logo_csj.webp","contentUrl":"https:\/\/www.csj-emballages.com\/wp-content\/uploads\/2023\/10\/logo_csj.webp","width":250,"height":95,"caption":"CSJ Emballages"},"image":{"@id":"https:\/\/www.csj-emballages.com\/pt-pt\/#\/schema\/logo\/image\/"},"sameAs":["https:\/\/www.facebook.com\/csjemballages"],"address":{"@type":"PostalAddress","streetAddress":"ZI La Lechere","addressLocality":"Patornay","postalCode":"39130","addressCountry":"FR"},"contactPoint":[{"@type":"ContactPoint","contactType":"Service client","telephone":"0384254272","email":"contact@csj-emballages.com"}]}]}},"df_price":9.19,"df_sale_price":"","df_regular_price":9.19,"df_image_link":"https:\/\/www.csj-emballages.com\/wp-content\/uploads\/2024\/03\/00585-300x300.webp","tiered_pricing_type":"fixed","tiered_pricing_fixed_rules":[],"tiered_pricing_percentage_rules":[],"tiered_pricing_minimum":1,"tiered_pricing_roles_data":[],"_links":{"self":[{"href":"https:\/\/www.csj-emballages.com\/pt-pt\/wp-json\/wp\/v2\/product\/17030","targetHints":{"allow":["GET"]}}],"collection":[{"href":"https:\/\/www.csj-emballages.com\/pt-pt\/wp-json\/wp\/v2\/product"}],"about":[{"href":"https:\/\/www.csj-emballages.com\/pt-pt\/wp-json\/wp\/v2\/types\/product"}],"wp:featuredmedia":[{"embeddable":true,"href":"https:\/\/www.csj-emballages.com\/pt-pt\/wp-json\/wp\/v2\/media\/235516"}],"wp:attachment":[{"href":"https:\/\/www.csj-emballages.com\/pt-pt\/wp-json\/wp\/v2\/media?parent=17030"}],"wp:term":[{"taxonomy":"product_brand","embeddable":true,"href":"https:\/\/www.csj-emballages.com\/pt-pt\/wp-json\/wp\/v2\/product_brand?post=17030"},{"taxonomy":"product_cat","embeddable":true,"href":"https:\/\/www.csj-emballages.com\/pt-pt\/wp-json\/wp\/v2\/product_cat?post=17030"},{"taxonomy":"product_tag","embeddable":true,"href":"https:\/\/www.csj-emballages.com\/pt-pt\/wp-json\/wp\/v2\/product_tag?post=17030"}],"curies":[{"name":"wp","href":"https:\/\/api.w.org\/{rel}","templated":true}]}}