{"id":16990,"date":"2024-04-18T16:15:53","date_gmt":"2024-04-18T14:15:53","guid":{"rendered":"https:\/\/u15jnbdpoq.preview.infomaniak.website\/?post_type=product&#038;p=16990"},"modified":"2026-03-27T02:17:51","modified_gmt":"2026-03-27T01:17:51","slug":"ventosa-de-borracha-cinzenta-15-cm","status":"publish","type":"product","link":"https:\/\/www.csj-emballages.com\/pt-pt\/produit\/ventosa-de-borracha-cinzenta-15-cm\/","title":{"rendered":"Ventosa de borracha cinzenta 15 cm"},"content":{"rendered":"<h2>Ventosa<\/h2>\n<hr>\n<h3>Descri\u00e7\u00e3o da nossa ventosa de borracha cinzenta 15 cm<\/h3>\n<p><!--more--><\/p>\n<p data-start=\"288\" data-end=\"788\">Indispens\u00e1vel tanto em ambientes profissionais como dom\u00e9sticos, esta <strong>ventosa de borracha cinzenta com 15 cm<\/strong> de di\u00e2metro \u00e9 a ferramenta de que necessita para desentupir eficazmente lavat\u00f3rios, chuveiros e banheiras. Fabricada com uma cabe\u00e7a de borracha flex\u00edvel e robusta, proporciona <g id=\"gid_1\">uma excelente ader\u00eancia<\/g> em todas as superf\u00edcies lisas. A sua <strong data-start=\"650\" data-end=\"677\">pega<\/strong> s\u00f3lida e ergon\u00f3mica em <strong data-start=\"650\" data-end=\"677\">polipropileno<\/strong> proporciona uma ader\u00eancia confort\u00e1vel e uma press\u00e3o precisa, sem risco de escorregar.  <\/p>\n<p data-start=\"790\" data-end=\"1176\">Concebida para durar, esta <strong>ventosa<\/strong> \u00e9 particularmente apreciada nos sectores da restaura\u00e7\u00e3o, servi\u00e7os p\u00fablicos, limpeza e higiene, mas tamb\u00e9m \u00e9 perfeitamente adequada para uma utiliza\u00e7\u00e3o dom\u00e9stica ocasional. Quer seja um profissional de limpeza ou um indiv\u00edduo \u00e0 procura de uma ferramenta fi\u00e1vel, esta <strong>ventosa<\/strong> combina <strong data-start=\"1137\" data-end=\"1175\">simplicidade, efic\u00e1cia e robustez<\/strong>. <\/p>\n<p data-start=\"1178\" data-end=\"1394\">O seu di\u00e2metro compacto <strong>de 15 cm<\/strong> facilita a sua utiliza\u00e7\u00e3o mesmo em espa\u00e7os apertados, ao mesmo tempo que gera um poder de suc\u00e7\u00e3o suficiente para <strong data-start=\"1337\" data-end=\"1393\">desentupir as obstru\u00e7\u00f5es mais dif\u00edceis sem a utiliza\u00e7\u00e3o de produtos qu\u00edmicos<\/strong>.<\/p>\n<p data-start=\"1396\" data-end=\"1469\">\u00c9 uma ferramenta pequena, mas que poupa muito tempo e melhora a efici\u00eancia no dia a dia.<\/p>\n<p><!--more--><\/p>\n<h4><strong>Vantagens:<\/strong><\/h4>\n<ul>\n<li>15 cm de di\u00e2metro, ideal para pias, lavat\u00f3rios e banheiras.<\/li>\n<li>Borracha macia de qualidade para uma boa ader\u00eancia.<\/li>\n<li>Confort\u00e1vel e f\u00e1cil de manusear.<\/li>\n<li>Adequado para utiliza\u00e7\u00e3o profissional e privada.<\/li>\n<\/ul>\n<p>&nbsp;<\/p>\n<p><!--more--><\/p>\n<h4>Outras informa\u00e7\u00f5es :<\/h4>\n<ul>\n<li><strong>Embalagem<\/strong>: Por unidade<\/li>\n<li><strong>Di\u00e2metro<\/strong>: 15 cm<\/li>\n<li><strong>Altura<\/strong>: 48 cm<\/li>\n<li><b>Material <\/b>: Polipropileno \/ Borracha<\/li>\n<li><strong>Cor<\/strong>: cinzento<\/li>\n<\/ul>\n<p>&nbsp;<\/p>\n<p><!--more--><\/p>\n<p><a href=\"https:\/\/www.csj-emballages.com\/pt-pt\/categorie-produit\/higiene-e-manutencao\/acessorios\/\">V\u00ea o resto da nossa gama de acess\u00f3rios de higiene<\/a><\/p>\n","protected":false},"excerpt":{"rendered":"<p>Ventosa Descri\u00e7\u00e3o da nossa ventosa de borracha cinzenta 15 cm<\/p>\n","protected":false},"featured_media":238653,"template":"","meta":{"_acf_changed":false},"product_brand":[],"product_cat":[1222,1709],"product_tag":[],"class_list":{"0":"post-16990","1":"product","2":"type-product","3":"status-publish","4":"has-post-thumbnail","6":"product_cat-higiene-e-manutencao","7":"product_cat-acessorios","9":"first","10":"instock","11":"taxable","12":"shipping-taxable","13":"purchasable","14":"product-type-simple"},"acf":[],"yoast_head":"<!-- This site is optimized with the Yoast SEO Premium plugin v26.6 (Yoast SEO v26.6) - https:\/\/yoast.com\/wordpress\/plugins\/seo\/ -->\n<title>Ventosa de borracha cinzenta 15 cm<\/title>\n<meta name=\"description\" content=\"Desentupidor de borracha cinzento \u00d8 15 cm com cabo em polipropileno. Ideal para desentupir pias, lavat\u00f3rios ou duches sem utilizar produtos qu\u00edmicos.\" \/>\n<meta name=\"robots\" content=\"index, follow, max-snippet:-1, max-image-preview:large, max-video-preview:-1\" \/>\n<link rel=\"canonical\" href=\"https:\/\/www.csj-emballages.com\/pt-pt\/produit\/ventosa-de-borracha-cinzenta-15-cm\/\" \/>\n<meta property=\"og:locale\" content=\"pt_PT\" \/>\n<meta property=\"og:type\" content=\"article\" \/>\n<meta property=\"og:title\" content=\"Ventosa de borracha cinzenta 15 cm\" \/>\n<meta property=\"og:description\" content=\"Desentupidor de borracha cinzento \u00d8 15 cm com cabo em polipropileno. Ideal para desentupir pias, lavat\u00f3rios ou duches sem utilizar produtos qu\u00edmicos.\" \/>\n<meta property=\"og:url\" content=\"https:\/\/www.csj-emballages.com\/pt-pt\/produit\/ventosa-de-borracha-cinzenta-15-cm\/\" \/>\n<meta property=\"og:site_name\" content=\"CSJ Emballages\" \/>\n<meta property=\"article:publisher\" content=\"https:\/\/www.facebook.com\/csjemballages\" \/>\n<meta property=\"article:modified_time\" content=\"2026-03-27T01:17:51+00:00\" \/>\n<meta property=\"og:image\" content=\"https:\/\/www.csj-emballages.com\/wp-content\/uploads\/2024\/04\/VENT130.webp\" \/>\n\t<meta property=\"og:image:width\" content=\"800\" \/>\n\t<meta property=\"og:image:height\" content=\"800\" \/>\n\t<meta property=\"og:image:type\" content=\"image\/webp\" \/>\n<meta name=\"twitter:card\" content=\"summary_large_image\" \/>\n<meta name=\"twitter:label1\" content=\"Tempo estimado de leitura\" \/>\n\t<meta name=\"twitter:data1\" content=\"1 minuto\" \/>\n<script type=\"application\/ld+json\" class=\"yoast-schema-graph\">{\"@context\":\"https:\/\/schema.org\",\"@graph\":[{\"@type\":\"WebPage\",\"@id\":\"https:\/\/www.csj-emballages.com\/pt-pt\/produit\/ventosa-de-borracha-cinzenta-15-cm\/\",\"url\":\"https:\/\/www.csj-emballages.com\/pt-pt\/produit\/ventosa-de-borracha-cinzenta-15-cm\/\",\"name\":\"Ventosa de borracha cinzenta 15 cm\",\"isPartOf\":{\"@id\":\"https:\/\/www.csj-emballages.com\/pt-pt\/#website\"},\"primaryImageOfPage\":{\"@id\":\"https:\/\/www.csj-emballages.com\/pt-pt\/produit\/ventosa-de-borracha-cinzenta-15-cm\/#primaryimage\"},\"image\":{\"@id\":\"https:\/\/www.csj-emballages.com\/pt-pt\/produit\/ventosa-de-borracha-cinzenta-15-cm\/#primaryimage\"},\"thumbnailUrl\":\"https:\/\/www.csj-emballages.com\/wp-content\/uploads\/2024\/04\/VENT130.webp\",\"datePublished\":\"2024-04-18T14:15:53+00:00\",\"dateModified\":\"2026-03-27T01:17:51+00:00\",\"description\":\"Desentupidor de borracha cinzento \u00d8 15 cm com cabo em polipropileno. Ideal para desentupir pias, lavat\u00f3rios ou duches sem utilizar produtos qu\u00edmicos.\",\"breadcrumb\":{\"@id\":\"https:\/\/www.csj-emballages.com\/pt-pt\/produit\/ventosa-de-borracha-cinzenta-15-cm\/#breadcrumb\"},\"inLanguage\":\"pt-PT\",\"potentialAction\":[{\"@type\":\"ReadAction\",\"target\":[\"https:\/\/www.csj-emballages.com\/pt-pt\/produit\/ventosa-de-borracha-cinzenta-15-cm\/\"]}]},{\"@type\":\"ImageObject\",\"inLanguage\":\"pt-PT\",\"@id\":\"https:\/\/www.csj-emballages.com\/pt-pt\/produit\/ventosa-de-borracha-cinzenta-15-cm\/#primaryimage\",\"url\":\"https:\/\/www.csj-emballages.com\/wp-content\/uploads\/2024\/04\/VENT130.webp\",\"contentUrl\":\"https:\/\/www.csj-emballages.com\/wp-content\/uploads\/2024\/04\/VENT130.webp\",\"width\":800,\"height\":800,\"caption\":\"Ventouse\"},{\"@type\":\"BreadcrumbList\",\"@id\":\"https:\/\/www.csj-emballages.com\/pt-pt\/produit\/ventosa-de-borracha-cinzenta-15-cm\/#breadcrumb\",\"itemListElement\":[{\"@type\":\"ListItem\",\"position\":1,\"name\":\"Acolhimento\",\"item\":\"https:\/\/www.csj-emballages.com\/pt-pt\/universo-das-embalagens-alimentares\/\"},{\"@type\":\"ListItem\",\"position\":2,\"name\":\"Shop\",\"item\":\"https:\/\/www.csj-emballages.com\/shop\/\"},{\"@type\":\"ListItem\",\"position\":3,\"name\":\"Ventosa de borracha cinzenta 15 cm\"}]},{\"@type\":\"WebSite\",\"@id\":\"https:\/\/www.csj-emballages.com\/pt-pt\/#website\",\"url\":\"https:\/\/www.csj-emballages.com\/pt-pt\/\",\"name\":\"CSJ Emballages\",\"description\":\"\",\"publisher\":{\"@id\":\"https:\/\/www.csj-emballages.com\/pt-pt\/#organization\"},\"potentialAction\":[{\"@type\":\"SearchAction\",\"target\":{\"@type\":\"EntryPoint\",\"urlTemplate\":\"https:\/\/www.csj-emballages.com\/pt-pt\/?s={search_term_string}\"},\"query-input\":{\"@type\":\"PropertyValueSpecification\",\"valueRequired\":true,\"valueName\":\"search_term_string\"}}],\"inLanguage\":\"pt-PT\"},{\"@type\":\"Organization\",\"@id\":\"https:\/\/www.csj-emballages.com\/pt-pt\/#Organization\/\",\"name\":\"CSJ Emballages\",\"url\":\"https:\/\/www.csj-emballages.com\/pt-pt\/\",\"logo\":{\"@type\":\"ImageObject\",\"inLanguage\":\"pt-PT\",\"@id\":\"https:\/\/www.csj-emballages.com\/pt-pt\/#\/schema\/logo\/image\/\",\"url\":\"https:\/\/www.csj-emballages.com\/wp-content\/uploads\/2023\/10\/logo_csj.webp\",\"contentUrl\":\"https:\/\/www.csj-emballages.com\/wp-content\/uploads\/2023\/10\/logo_csj.webp\",\"width\":250,\"height\":95,\"caption\":\"CSJ Emballages\"},\"image\":{\"@id\":\"https:\/\/www.csj-emballages.com\/pt-pt\/#\/schema\/logo\/image\/\"},\"sameAs\":[\"https:\/\/www.facebook.com\/csjemballages\"],\"address\":{\"@type\":\"PostalAddress\",\"streetAddress\":\"ZI La Lechere\",\"addressLocality\":\"Patornay\",\"postalCode\":\"39130\",\"addressCountry\":\"FR\"},\"contactPoint\":[{\"@type\":\"ContactPoint\",\"contactType\":\"Service client\",\"telephone\":\"0384254272\",\"email\":\"contact@csj-emballages.com\"}]}]}<\/script>\n<!-- \/ Yoast SEO Premium plugin. -->","yoast_head_json":{"title":"Ventosa de borracha cinzenta 15 cm","description":"Desentupidor de borracha cinzento \u00d8 15 cm com cabo em polipropileno. Ideal para desentupir pias, lavat\u00f3rios ou duches sem utilizar produtos qu\u00edmicos.","robots":{"index":"index","follow":"follow","max-snippet":"max-snippet:-1","max-image-preview":"max-image-preview:large","max-video-preview":"max-video-preview:-1"},"canonical":"https:\/\/www.csj-emballages.com\/pt-pt\/produit\/ventosa-de-borracha-cinzenta-15-cm\/","og_locale":"pt_PT","og_type":"article","og_title":"Ventosa de borracha cinzenta 15 cm","og_description":"Desentupidor de borracha cinzento \u00d8 15 cm com cabo em polipropileno. Ideal para desentupir pias, lavat\u00f3rios ou duches sem utilizar produtos qu\u00edmicos.","og_url":"https:\/\/www.csj-emballages.com\/pt-pt\/produit\/ventosa-de-borracha-cinzenta-15-cm\/","og_site_name":"CSJ Emballages","article_publisher":"https:\/\/www.facebook.com\/csjemballages","article_modified_time":"2026-03-27T01:17:51+00:00","og_image":[{"width":800,"height":800,"url":"https:\/\/www.csj-emballages.com\/wp-content\/uploads\/2024\/04\/VENT130.webp","type":"image\/webp"}],"twitter_card":"summary_large_image","twitter_misc":{"Tempo estimado de leitura":"1 minuto"},"schema":{"@context":"https:\/\/schema.org","@graph":[{"@type":"WebPage","@id":"https:\/\/www.csj-emballages.com\/pt-pt\/produit\/ventosa-de-borracha-cinzenta-15-cm\/","url":"https:\/\/www.csj-emballages.com\/pt-pt\/produit\/ventosa-de-borracha-cinzenta-15-cm\/","name":"Ventosa de borracha cinzenta 15 cm","isPartOf":{"@id":"https:\/\/www.csj-emballages.com\/pt-pt\/#website"},"primaryImageOfPage":{"@id":"https:\/\/www.csj-emballages.com\/pt-pt\/produit\/ventosa-de-borracha-cinzenta-15-cm\/#primaryimage"},"image":{"@id":"https:\/\/www.csj-emballages.com\/pt-pt\/produit\/ventosa-de-borracha-cinzenta-15-cm\/#primaryimage"},"thumbnailUrl":"https:\/\/www.csj-emballages.com\/wp-content\/uploads\/2024\/04\/VENT130.webp","datePublished":"2024-04-18T14:15:53+00:00","dateModified":"2026-03-27T01:17:51+00:00","description":"Desentupidor de borracha cinzento \u00d8 15 cm com cabo em polipropileno. Ideal para desentupir pias, lavat\u00f3rios ou duches sem utilizar produtos qu\u00edmicos.","breadcrumb":{"@id":"https:\/\/www.csj-emballages.com\/pt-pt\/produit\/ventosa-de-borracha-cinzenta-15-cm\/#breadcrumb"},"inLanguage":"pt-PT","potentialAction":[{"@type":"ReadAction","target":["https:\/\/www.csj-emballages.com\/pt-pt\/produit\/ventosa-de-borracha-cinzenta-15-cm\/"]}]},{"@type":"ImageObject","inLanguage":"pt-PT","@id":"https:\/\/www.csj-emballages.com\/pt-pt\/produit\/ventosa-de-borracha-cinzenta-15-cm\/#primaryimage","url":"https:\/\/www.csj-emballages.com\/wp-content\/uploads\/2024\/04\/VENT130.webp","contentUrl":"https:\/\/www.csj-emballages.com\/wp-content\/uploads\/2024\/04\/VENT130.webp","width":800,"height":800,"caption":"Ventouse"},{"@type":"BreadcrumbList","@id":"https:\/\/www.csj-emballages.com\/pt-pt\/produit\/ventosa-de-borracha-cinzenta-15-cm\/#breadcrumb","itemListElement":[{"@type":"ListItem","position":1,"name":"Acolhimento","item":"https:\/\/www.csj-emballages.com\/pt-pt\/universo-das-embalagens-alimentares\/"},{"@type":"ListItem","position":2,"name":"Shop","item":"https:\/\/www.csj-emballages.com\/shop\/"},{"@type":"ListItem","position":3,"name":"Ventosa de borracha cinzenta 15 cm"}]},{"@type":"WebSite","@id":"https:\/\/www.csj-emballages.com\/pt-pt\/#website","url":"https:\/\/www.csj-emballages.com\/pt-pt\/","name":"CSJ Emballages","description":"","publisher":{"@id":"https:\/\/www.csj-emballages.com\/pt-pt\/#organization"},"potentialAction":[{"@type":"SearchAction","target":{"@type":"EntryPoint","urlTemplate":"https:\/\/www.csj-emballages.com\/pt-pt\/?s={search_term_string}"},"query-input":{"@type":"PropertyValueSpecification","valueRequired":true,"valueName":"search_term_string"}}],"inLanguage":"pt-PT"},{"@type":"Organization","@id":"https:\/\/www.csj-emballages.com\/pt-pt\/#Organization\/","name":"CSJ Emballages","url":"https:\/\/www.csj-emballages.com\/pt-pt\/","logo":{"@type":"ImageObject","inLanguage":"pt-PT","@id":"https:\/\/www.csj-emballages.com\/pt-pt\/#\/schema\/logo\/image\/","url":"https:\/\/www.csj-emballages.com\/wp-content\/uploads\/2023\/10\/logo_csj.webp","contentUrl":"https:\/\/www.csj-emballages.com\/wp-content\/uploads\/2023\/10\/logo_csj.webp","width":250,"height":95,"caption":"CSJ Emballages"},"image":{"@id":"https:\/\/www.csj-emballages.com\/pt-pt\/#\/schema\/logo\/image\/"},"sameAs":["https:\/\/www.facebook.com\/csjemballages"],"address":{"@type":"PostalAddress","streetAddress":"ZI La Lechere","addressLocality":"Patornay","postalCode":"39130","addressCountry":"FR"},"contactPoint":[{"@type":"ContactPoint","contactType":"Service client","telephone":"0384254272","email":"contact@csj-emballages.com"}]}]}},"df_price":4.5,"df_sale_price":"","df_regular_price":4.5,"df_image_link":"https:\/\/www.csj-emballages.com\/wp-content\/uploads\/2024\/04\/VENT130-300x300.webp","tiered_pricing_type":"fixed","tiered_pricing_fixed_rules":[],"tiered_pricing_percentage_rules":[],"tiered_pricing_minimum":1,"tiered_pricing_roles_data":[],"_links":{"self":[{"href":"https:\/\/www.csj-emballages.com\/pt-pt\/wp-json\/wp\/v2\/product\/16990","targetHints":{"allow":["GET"]}}],"collection":[{"href":"https:\/\/www.csj-emballages.com\/pt-pt\/wp-json\/wp\/v2\/product"}],"about":[{"href":"https:\/\/www.csj-emballages.com\/pt-pt\/wp-json\/wp\/v2\/types\/product"}],"wp:featuredmedia":[{"embeddable":true,"href":"https:\/\/www.csj-emballages.com\/pt-pt\/wp-json\/wp\/v2\/media\/238653"}],"wp:attachment":[{"href":"https:\/\/www.csj-emballages.com\/pt-pt\/wp-json\/wp\/v2\/media?parent=16990"}],"wp:term":[{"taxonomy":"product_brand","embeddable":true,"href":"https:\/\/www.csj-emballages.com\/pt-pt\/wp-json\/wp\/v2\/product_brand?post=16990"},{"taxonomy":"product_cat","embeddable":true,"href":"https:\/\/www.csj-emballages.com\/pt-pt\/wp-json\/wp\/v2\/product_cat?post=16990"},{"taxonomy":"product_tag","embeddable":true,"href":"https:\/\/www.csj-emballages.com\/pt-pt\/wp-json\/wp\/v2\/product_tag?post=16990"}],"curies":[{"name":"wp","href":"https:\/\/api.w.org\/{rel}","templated":true}]}}