{"id":16943,"date":"2024-05-16T08:54:47","date_gmt":"2024-05-16T06:54:47","guid":{"rendered":"https:\/\/u15jnbdpoq.preview.infomaniak.website\/produit\/4-4-de-lata-de-12-rodelas-de-ananas-inteiras\/"},"modified":"2026-03-21T02:10:15","modified_gmt":"2026-03-21T01:10:15","slug":"4-4-de-lata-de-12-rodelas-de-ananas-inteiras","status":"publish","type":"product","link":"https:\/\/www.csj-emballages.com\/pt-pt\/produit\/4-4-de-lata-de-12-rodelas-de-ananas-inteiras\/","title":{"rendered":"Anan\u00e1s em rodelas inteiras conservado em lata 4\/4"},"content":{"rendered":"<h2>Anan\u00e1s em fatias<\/h2>\n<hr>\n<h3>Descubra o nosso anan\u00e1s em rodelas inteiras conservado em lata 4\/4<\/h3>\n<p><!--more--><\/p>\n<p data-start=\"215\" data-end=\"553\">Quando precisa de poupar tempo sem renunciar ao sabor, estas <strong data-start=\"279\" data-end=\"333\">rodelas de anan\u00e1s inteiras conservadas em lata 4\/4<\/strong> fazem claramente a diferen\u00e7a. Logo ao abrir, encontra <strong>belas rodelas regulares<\/strong>, com uma cor viva e uma textura agrad\u00e1vel. J\u00e1 est\u00e3o prontas, bem <strong>calibradas<\/strong> e, sobretudo, f\u00e1ceis de usar no dia a dia.  <\/p>\n<p data-start=\"555\" data-end=\"915\">Este <strong>anan\u00e1s<\/strong> foi cuidadosamente selecionado e depois cortado em rodelas inteiras antes de ser <strong>conservado num xarope leve<\/strong>. Resultado: o fruto conserva a sua do\u00e7ura natural, a sua textura macia e o seu aroma ex\u00f3tico, sem ser enjoativo. \u00c9 uma verdadeira poupan\u00e7a de tempo na cozinha, quer seja para um servi\u00e7o r\u00e1pido, uma prepara\u00e7\u00e3o em grande quantidade ou uma apresenta\u00e7\u00e3o cuidada.  <\/p>\n<p data-start=\"917\" data-end=\"1280\">Gra\u00e7as ao formato <strong data-start=\"933\" data-end=\"946\">lata 4\/4<\/strong>, disp\u00f5e de uma quantidade ideal para os profissionais da restaura\u00e7\u00e3o, as coletividades ou as cozinhas centrais. As <strong>rodelas<\/strong> podem ser utilizadas tanto em sobremesas como na cozinha salgada. Acompanham perfeitamente um <strong>buffet, uma salada de frutas, uma pizza havaiana, um prato agridoce<\/strong> ou at\u00e9 mesmo uma decora\u00e7\u00e3o de prato.  <\/p>\n<p data-start=\"1282\" data-end=\"1506\">Outra vantagem n\u00e3o negligenci\u00e1vel: a regularidade. Cada <strong>rodela \u00e9 homog\u00e9nea<\/strong>, o que facilita a divis\u00e3o em por\u00e7\u00f5es e garante uma apresenta\u00e7\u00e3o cuidada e limpa. Sem perdas, sem cortes adicionais, tudo est\u00e1 pronto a usar.  <\/p>\n<p data-start=\"1508\" data-end=\"1709\">Em resumo, este <strong>anan\u00e1s em rodelas inteiras<\/strong> \u00e9 uma solu\u00e7\u00e3o pr\u00e1tica, fi\u00e1vel e saborosa para quem quer trabalhar eficazmente, propondo ao mesmo tempo um produto delicioso e visualmente atrativo.<\/p>\n<p data-start=\"1508\" data-end=\"1709\">\n<p><!--more--><\/p>\n<div style=\"font-family: Roboto, sans-serif;\">\n<div style=\"font-family: Roboto, sans-serif;\">\n<div style=\"font-family: Roboto, sans-serif;\">\n<div style=\"font-family: Roboto, sans-serif;\">\n<div style=\"font-family: Roboto, sans-serif;\">\n<div style=\"font-family: Roboto, sans-serif;\">\n<p style=\"text-align: left;\"><strong>Vantagens :<\/strong><\/p>\n<ul>\n<li data-start=\"1738\" data-end=\"1789\"><strong>Rodelas inteiras regulares<\/strong> e prontas a usar.<\/li>\n<li data-start=\"1792\" data-end=\"1823\">Sabor doce e textura agrad\u00e1vel.<\/li>\n<li data-start=\"1826\" data-end=\"1870\"><strong>Formato 4\/4<\/strong> adequado para uso profissional.<\/li>\n<li data-start=\"1873\" data-end=\"1902\">Utiliza\u00e7\u00e3o doce ou salgada.<\/li>\n<li data-start=\"1905\" data-end=\"1939\">Poupan\u00e7a de tempo e zero desperd\u00edcio.<\/li>\n<\/ul>\n<\/div>\n<div style=\"font-family: Roboto, sans-serif;\"><\/div>\n<\/div>\n<\/div>\n<\/div>\n<\/div>\n<\/div>\n<p><!--more--><\/p>\n<div style=\"font-family: Roboto, sans-serif;\">\n<div style=\"font-family: Roboto, sans-serif;\">\n<div style=\"font-family: Roboto, sans-serif;\">\n<h4>Outras informa\u00e7\u00f5es :<\/h4>\n<ul>\n<li><strong>Embalagem<\/strong>: Caixa 4\/4<\/li>\n<li><strong>Dimens\u00f5es<\/strong>: 100 x 117 (\u00d8 x h em mm)<\/li>\n<li><strong>Capacidade<\/strong>: 850 ml<\/li>\n<li><strong>Peso l\u00edquido escorrido<\/strong>: 490 g<\/li>\n<li><strong>Tipo<\/strong>: Fatia inteira em conserva<\/li>\n<\/ul>\n<\/div>\n<\/div>\n<\/div>\n<p>&nbsp;<\/p>\n<p><!--more--><\/p>\n<p>Clique aqui para ver o tamanho inferior dispon\u00edvel para este produto: <span style=\"color: #d12727;\"><a style=\"color: #d12727;\" href=\"https:\/\/www.csj-emballages.com\/es\/produit\/3-4-de-lata-de-rodajas-de-pina-entera-en-conserva\/\">Caixa de 3\/4<\/a><\/span><\/p>\n<p>&nbsp;<\/p>\n<div style=\"font-family: Roboto, sans-serif;\">\n<div style=\"font-family: Roboto, sans-serif;\">\n<div style=\"font-family: Roboto, sans-serif;\">\n<p><!--more--><\/p>\n<p><a href=\"https:\/\/www.csj-emballages.com\/pt-pt\/categorie-produit\/alimentacao-pt-pt\/alimentacao\/frutos-secos-e-frutos-em-calda\/ananas-pt-pt\/\">Consulte o resto da nossa gama de anan\u00e1s em calda<\/a><\/p>\n<\/div>\n<\/div>\n<\/div>\n","protected":false},"excerpt":{"rendered":"<p>Anan\u00e1s em fatias Descubra o nosso anan\u00e1s em rodelas inteiras conservado em lata 4\/4<\/p>\n","protected":false},"featured_media":260835,"template":"","meta":{"_acf_changed":false},"product_brand":[],"product_cat":[1151,1184,1197,5898],"product_tag":[],"class_list":{"0":"post-16943","1":"product","2":"type-product","3":"status-publish","4":"has-post-thumbnail","6":"product_cat-alimentacao-pt-pt","7":"product_cat-alimentacao","8":"product_cat-frutos-secos-e-frutos-em-calda","9":"product_cat-ananas-pt-pt","11":"first","12":"instock","13":"featured","14":"taxable","15":"shipping-taxable","16":"purchasable","17":"product-type-simple"},"acf":[],"yoast_head":"<!-- This site is optimized with the Yoast SEO Premium plugin v26.6 (Yoast SEO v26.6) - https:\/\/yoast.com\/wordpress\/plugins\/seo\/ -->\n<title>Anan\u00e1s em Rodelas Inteiras Conservado em Lata 4\/4<\/title>\n<meta name=\"description\" content=\"Anan\u00e1s em rodelas inteiras conservado em lata 4\/4. Pronto a usar, saboroso e regular, ideal para sobremesas, buffets e receitas doces e salgadas.\" \/>\n<meta name=\"robots\" content=\"index, follow, max-snippet:-1, max-image-preview:large, max-video-preview:-1\" \/>\n<link rel=\"canonical\" href=\"https:\/\/www.csj-emballages.com\/pt-pt\/produit\/4-4-de-lata-de-12-rodelas-de-ananas-inteiras\/\" \/>\n<meta property=\"og:locale\" content=\"pt_PT\" \/>\n<meta property=\"og:type\" content=\"article\" \/>\n<meta property=\"og:title\" content=\"Anan\u00e1s em rodelas inteiras conservado em lata 4\/4\" \/>\n<meta property=\"og:description\" content=\"Anan\u00e1s em rodelas inteiras conservado em lata 4\/4. Pronto a usar, saboroso e regular, ideal para sobremesas, buffets e receitas doces e salgadas.\" \/>\n<meta property=\"og:url\" content=\"https:\/\/www.csj-emballages.com\/pt-pt\/produit\/4-4-de-lata-de-12-rodelas-de-ananas-inteiras\/\" \/>\n<meta property=\"og:site_name\" content=\"CSJ Emballages\" \/>\n<meta property=\"article:publisher\" content=\"https:\/\/www.facebook.com\/csjemballages\" \/>\n<meta property=\"article:modified_time\" content=\"2026-03-21T01:10:15+00:00\" \/>\n<meta property=\"og:image\" content=\"https:\/\/www.csj-emballages.com\/wp-content\/uploads\/2024\/05\/100097.webp\" \/>\n\t<meta property=\"og:image:width\" content=\"800\" \/>\n\t<meta property=\"og:image:height\" content=\"800\" \/>\n\t<meta property=\"og:image:type\" content=\"image\/webp\" \/>\n<meta name=\"twitter:card\" content=\"summary_large_image\" \/>\n<meta name=\"twitter:label1\" content=\"Tempo estimado de leitura\" \/>\n\t<meta name=\"twitter:data1\" content=\"2 minutos\" \/>\n<script type=\"application\/ld+json\" class=\"yoast-schema-graph\">{\"@context\":\"https:\/\/schema.org\",\"@graph\":[{\"@type\":\"WebPage\",\"@id\":\"https:\/\/www.csj-emballages.com\/pt-pt\/produit\/4-4-de-lata-de-12-rodelas-de-ananas-inteiras\/\",\"url\":\"https:\/\/www.csj-emballages.com\/pt-pt\/produit\/4-4-de-lata-de-12-rodelas-de-ananas-inteiras\/\",\"name\":\"Anan\u00e1s em Rodelas Inteiras Conservado em Lata 4\/4\",\"isPartOf\":{\"@id\":\"https:\/\/www.csj-emballages.com\/pt-pt\/#website\"},\"primaryImageOfPage\":{\"@id\":\"https:\/\/www.csj-emballages.com\/pt-pt\/produit\/4-4-de-lata-de-12-rodelas-de-ananas-inteiras\/#primaryimage\"},\"image\":{\"@id\":\"https:\/\/www.csj-emballages.com\/pt-pt\/produit\/4-4-de-lata-de-12-rodelas-de-ananas-inteiras\/#primaryimage\"},\"thumbnailUrl\":\"https:\/\/www.csj-emballages.com\/wp-content\/uploads\/2024\/05\/100097.webp\",\"datePublished\":\"2024-05-16T06:54:47+00:00\",\"dateModified\":\"2026-03-21T01:10:15+00:00\",\"description\":\"Anan\u00e1s em rodelas inteiras conservado em lata 4\/4. Pronto a usar, saboroso e regular, ideal para sobremesas, buffets e receitas doces e salgadas.\",\"breadcrumb\":{\"@id\":\"https:\/\/www.csj-emballages.com\/pt-pt\/produit\/4-4-de-lata-de-12-rodelas-de-ananas-inteiras\/#breadcrumb\"},\"inLanguage\":\"pt-PT\",\"potentialAction\":[{\"@type\":\"ReadAction\",\"target\":[\"https:\/\/www.csj-emballages.com\/pt-pt\/produit\/4-4-de-lata-de-12-rodelas-de-ananas-inteiras\/\"]}]},{\"@type\":\"ImageObject\",\"inLanguage\":\"pt-PT\",\"@id\":\"https:\/\/www.csj-emballages.com\/pt-pt\/produit\/4-4-de-lata-de-12-rodelas-de-ananas-inteiras\/#primaryimage\",\"url\":\"https:\/\/www.csj-emballages.com\/wp-content\/uploads\/2024\/05\/100097.webp\",\"contentUrl\":\"https:\/\/www.csj-emballages.com\/wp-content\/uploads\/2024\/05\/100097.webp\",\"width\":800,\"height\":800,\"caption\":\"Ananas en tranches\"},{\"@type\":\"BreadcrumbList\",\"@id\":\"https:\/\/www.csj-emballages.com\/pt-pt\/produit\/4-4-de-lata-de-12-rodelas-de-ananas-inteiras\/#breadcrumb\",\"itemListElement\":[{\"@type\":\"ListItem\",\"position\":1,\"name\":\"Acolhimento\",\"item\":\"https:\/\/www.csj-emballages.com\/pt-pt\/universo-das-embalagens-alimentares\/\"},{\"@type\":\"ListItem\",\"position\":2,\"name\":\"Shop\",\"item\":\"https:\/\/www.csj-emballages.com\/shop\/\"},{\"@type\":\"ListItem\",\"position\":3,\"name\":\"Anan\u00e1s em rodelas inteiras conservado em lata 4\/4\"}]},{\"@type\":\"WebSite\",\"@id\":\"https:\/\/www.csj-emballages.com\/pt-pt\/#website\",\"url\":\"https:\/\/www.csj-emballages.com\/pt-pt\/\",\"name\":\"CSJ Emballages\",\"description\":\"\",\"publisher\":{\"@id\":\"https:\/\/www.csj-emballages.com\/pt-pt\/#organization\"},\"potentialAction\":[{\"@type\":\"SearchAction\",\"target\":{\"@type\":\"EntryPoint\",\"urlTemplate\":\"https:\/\/www.csj-emballages.com\/pt-pt\/?s={search_term_string}\"},\"query-input\":{\"@type\":\"PropertyValueSpecification\",\"valueRequired\":true,\"valueName\":\"search_term_string\"}}],\"inLanguage\":\"pt-PT\"},{\"@type\":\"Organization\",\"@id\":\"https:\/\/www.csj-emballages.com\/pt-pt\/#Organization\/\",\"name\":\"CSJ Emballages\",\"url\":\"https:\/\/www.csj-emballages.com\/pt-pt\/\",\"logo\":{\"@type\":\"ImageObject\",\"inLanguage\":\"pt-PT\",\"@id\":\"https:\/\/www.csj-emballages.com\/pt-pt\/#\/schema\/logo\/image\/\",\"url\":\"https:\/\/www.csj-emballages.com\/wp-content\/uploads\/2023\/10\/logo_csj.webp\",\"contentUrl\":\"https:\/\/www.csj-emballages.com\/wp-content\/uploads\/2023\/10\/logo_csj.webp\",\"width\":250,\"height\":95,\"caption\":\"CSJ Emballages\"},\"image\":{\"@id\":\"https:\/\/www.csj-emballages.com\/pt-pt\/#\/schema\/logo\/image\/\"},\"sameAs\":[\"https:\/\/www.facebook.com\/csjemballages\"],\"address\":{\"@type\":\"PostalAddress\",\"streetAddress\":\"ZI La Lechere\",\"addressLocality\":\"Patornay\",\"postalCode\":\"39130\",\"addressCountry\":\"FR\"},\"contactPoint\":[{\"@type\":\"ContactPoint\",\"contactType\":\"Service client\",\"telephone\":\"0384254272\",\"email\":\"contact@csj-emballages.com\"}]}]}<\/script>\n<!-- \/ Yoast SEO Premium plugin. -->","yoast_head_json":{"title":"Anan\u00e1s em Rodelas Inteiras Conservado em Lata 4\/4","description":"Anan\u00e1s em rodelas inteiras conservado em lata 4\/4. Pronto a usar, saboroso e regular, ideal para sobremesas, buffets e receitas doces e salgadas.","robots":{"index":"index","follow":"follow","max-snippet":"max-snippet:-1","max-image-preview":"max-image-preview:large","max-video-preview":"max-video-preview:-1"},"canonical":"https:\/\/www.csj-emballages.com\/pt-pt\/produit\/4-4-de-lata-de-12-rodelas-de-ananas-inteiras\/","og_locale":"pt_PT","og_type":"article","og_title":"Anan\u00e1s em rodelas inteiras conservado em lata 4\/4","og_description":"Anan\u00e1s em rodelas inteiras conservado em lata 4\/4. Pronto a usar, saboroso e regular, ideal para sobremesas, buffets e receitas doces e salgadas.","og_url":"https:\/\/www.csj-emballages.com\/pt-pt\/produit\/4-4-de-lata-de-12-rodelas-de-ananas-inteiras\/","og_site_name":"CSJ Emballages","article_publisher":"https:\/\/www.facebook.com\/csjemballages","article_modified_time":"2026-03-21T01:10:15+00:00","og_image":[{"width":800,"height":800,"url":"https:\/\/www.csj-emballages.com\/wp-content\/uploads\/2024\/05\/100097.webp","type":"image\/webp"}],"twitter_card":"summary_large_image","twitter_misc":{"Tempo estimado de leitura":"2 minutos"},"schema":{"@context":"https:\/\/schema.org","@graph":[{"@type":"WebPage","@id":"https:\/\/www.csj-emballages.com\/pt-pt\/produit\/4-4-de-lata-de-12-rodelas-de-ananas-inteiras\/","url":"https:\/\/www.csj-emballages.com\/pt-pt\/produit\/4-4-de-lata-de-12-rodelas-de-ananas-inteiras\/","name":"Anan\u00e1s em Rodelas Inteiras Conservado em Lata 4\/4","isPartOf":{"@id":"https:\/\/www.csj-emballages.com\/pt-pt\/#website"},"primaryImageOfPage":{"@id":"https:\/\/www.csj-emballages.com\/pt-pt\/produit\/4-4-de-lata-de-12-rodelas-de-ananas-inteiras\/#primaryimage"},"image":{"@id":"https:\/\/www.csj-emballages.com\/pt-pt\/produit\/4-4-de-lata-de-12-rodelas-de-ananas-inteiras\/#primaryimage"},"thumbnailUrl":"https:\/\/www.csj-emballages.com\/wp-content\/uploads\/2024\/05\/100097.webp","datePublished":"2024-05-16T06:54:47+00:00","dateModified":"2026-03-21T01:10:15+00:00","description":"Anan\u00e1s em rodelas inteiras conservado em lata 4\/4. Pronto a usar, saboroso e regular, ideal para sobremesas, buffets e receitas doces e salgadas.","breadcrumb":{"@id":"https:\/\/www.csj-emballages.com\/pt-pt\/produit\/4-4-de-lata-de-12-rodelas-de-ananas-inteiras\/#breadcrumb"},"inLanguage":"pt-PT","potentialAction":[{"@type":"ReadAction","target":["https:\/\/www.csj-emballages.com\/pt-pt\/produit\/4-4-de-lata-de-12-rodelas-de-ananas-inteiras\/"]}]},{"@type":"ImageObject","inLanguage":"pt-PT","@id":"https:\/\/www.csj-emballages.com\/pt-pt\/produit\/4-4-de-lata-de-12-rodelas-de-ananas-inteiras\/#primaryimage","url":"https:\/\/www.csj-emballages.com\/wp-content\/uploads\/2024\/05\/100097.webp","contentUrl":"https:\/\/www.csj-emballages.com\/wp-content\/uploads\/2024\/05\/100097.webp","width":800,"height":800,"caption":"Ananas en tranches"},{"@type":"BreadcrumbList","@id":"https:\/\/www.csj-emballages.com\/pt-pt\/produit\/4-4-de-lata-de-12-rodelas-de-ananas-inteiras\/#breadcrumb","itemListElement":[{"@type":"ListItem","position":1,"name":"Acolhimento","item":"https:\/\/www.csj-emballages.com\/pt-pt\/universo-das-embalagens-alimentares\/"},{"@type":"ListItem","position":2,"name":"Shop","item":"https:\/\/www.csj-emballages.com\/shop\/"},{"@type":"ListItem","position":3,"name":"Anan\u00e1s em rodelas inteiras conservado em lata 4\/4"}]},{"@type":"WebSite","@id":"https:\/\/www.csj-emballages.com\/pt-pt\/#website","url":"https:\/\/www.csj-emballages.com\/pt-pt\/","name":"CSJ Emballages","description":"","publisher":{"@id":"https:\/\/www.csj-emballages.com\/pt-pt\/#organization"},"potentialAction":[{"@type":"SearchAction","target":{"@type":"EntryPoint","urlTemplate":"https:\/\/www.csj-emballages.com\/pt-pt\/?s={search_term_string}"},"query-input":{"@type":"PropertyValueSpecification","valueRequired":true,"valueName":"search_term_string"}}],"inLanguage":"pt-PT"},{"@type":"Organization","@id":"https:\/\/www.csj-emballages.com\/pt-pt\/#Organization\/","name":"CSJ Emballages","url":"https:\/\/www.csj-emballages.com\/pt-pt\/","logo":{"@type":"ImageObject","inLanguage":"pt-PT","@id":"https:\/\/www.csj-emballages.com\/pt-pt\/#\/schema\/logo\/image\/","url":"https:\/\/www.csj-emballages.com\/wp-content\/uploads\/2023\/10\/logo_csj.webp","contentUrl":"https:\/\/www.csj-emballages.com\/wp-content\/uploads\/2023\/10\/logo_csj.webp","width":250,"height":95,"caption":"CSJ Emballages"},"image":{"@id":"https:\/\/www.csj-emballages.com\/pt-pt\/#\/schema\/logo\/image\/"},"sameAs":["https:\/\/www.facebook.com\/csjemballages"],"address":{"@type":"PostalAddress","streetAddress":"ZI La Lechere","addressLocality":"Patornay","postalCode":"39130","addressCountry":"FR"},"contactPoint":[{"@type":"ContactPoint","contactType":"Service client","telephone":"0384254272","email":"contact@csj-emballages.com"}]}]}},"df_price":3.25,"df_sale_price":"","df_regular_price":3.25,"df_image_link":"https:\/\/www.csj-emballages.com\/wp-content\/uploads\/2024\/05\/100097-300x300.webp","tiered_pricing_type":"fixed","tiered_pricing_fixed_rules":[],"tiered_pricing_percentage_rules":[],"tiered_pricing_minimum":1,"tiered_pricing_roles_data":[],"_links":{"self":[{"href":"https:\/\/www.csj-emballages.com\/pt-pt\/wp-json\/wp\/v2\/product\/16943","targetHints":{"allow":["GET"]}}],"collection":[{"href":"https:\/\/www.csj-emballages.com\/pt-pt\/wp-json\/wp\/v2\/product"}],"about":[{"href":"https:\/\/www.csj-emballages.com\/pt-pt\/wp-json\/wp\/v2\/types\/product"}],"wp:featuredmedia":[{"embeddable":true,"href":"https:\/\/www.csj-emballages.com\/pt-pt\/wp-json\/wp\/v2\/media\/260835"}],"wp:attachment":[{"href":"https:\/\/www.csj-emballages.com\/pt-pt\/wp-json\/wp\/v2\/media?parent=16943"}],"wp:term":[{"taxonomy":"product_brand","embeddable":true,"href":"https:\/\/www.csj-emballages.com\/pt-pt\/wp-json\/wp\/v2\/product_brand?post=16943"},{"taxonomy":"product_cat","embeddable":true,"href":"https:\/\/www.csj-emballages.com\/pt-pt\/wp-json\/wp\/v2\/product_cat?post=16943"},{"taxonomy":"product_tag","embeddable":true,"href":"https:\/\/www.csj-emballages.com\/pt-pt\/wp-json\/wp\/v2\/product_tag?post=16943"}],"curies":[{"name":"wp","href":"https:\/\/api.w.org\/{rel}","templated":true}]}}