{"id":16921,"date":"2024-05-16T09:01:40","date_gmt":"2024-05-16T07:01:40","guid":{"rendered":"https:\/\/u15jnbdpoq.preview.infomaniak.website\/produit\/tripas-de-ovino-halal-24-26-60-metros-tipo-ab-24-frascos-de-2-massas\/"},"modified":"2026-04-30T08:15:51","modified_gmt":"2026-04-30T06:15:51","slug":"tripas-de-ovino-halal-24-26-60-metros-tipo-ab-24-frascos-de-2-massas","status":"publish","type":"product","link":"https:\/\/www.csj-emballages.com\/pt-pt\/produit\/tripas-de-ovino-halal-24-26-60-metros-tipo-ab-24-frascos-de-2-massas\/","title":{"rendered":"Tripas de ovino halal 24\/26 60 metros tipo AB 24 frascos de 2 massas"},"content":{"rendered":"<h2>Tripas de carneiro halal 24\/26, tubos r\u00edgidos AB de 60 m em 24 frascos de 2 massas &#8211; por 2<\/h2>\n<hr>\n<h3>Descri\u00e7\u00e3o do produto<\/h3>\n<p><!--more--><\/p>\n<div class=\"flex-shrink-0 flex flex-col relative items-end\">\n<div class=\"pt-0.5 juice:pt-0\">\n<div class=\"gizmo-bot-avatar flex h-6 w-6 items-center justify-center overflow-hidden rounded-full juice:h-8 juice:w-8\">\n<div class=\"relative p-1 rounded-sm flex items-center justify-center bg-token-main-surface-primary text-token-text-primary h-8 w-8\">\n<div class=\"flex flex-grow flex-col max-w-full\">\n<div class=\"min-h-[20px] text-message flex flex-col items-start whitespace-pre-wrap break-words [.text-message+&amp;]:mt-5 juice:w-full juice:items-end overflow-x-auto gap-2\" dir=\"auto\" data-message-author-role=\"assistant\" data-message-id=\"2db2b7df-4d24-4f6a-bbad-0bb8f1658ab1\">\n<div class=\"flex w-full flex-col gap-1 juice:empty:hidden juice:first:pt-[3px]\">\n<div class=\"markdown prose w-full break-words dark:prose-invert light\">\n<p>Os nossos baldes de tripas de carneiro Halal s\u00e3o perfeitos para as tuas prepara\u00e7\u00f5es culin\u00e1rias. Medem 24\/26 mm de di\u00e2metro e cada balde cont\u00e9m 120 metros de mangueira. Embalamo-las em tubos r\u00edgidos AB e apresentamo-las em 24 frascos, cada um contendo 2 massas.<\/p>\n<p>Certificamos estas tripas como Halal, garantindo o cumprimento das normas. Podes utiliz\u00e1-los para fazer salsichas, merguez e outros enchidos finos.<\/p>\n<p>Estas mangueiras s\u00e3o fornecidas em 24 frascos de 2 massas, entregues em 2 caixas de 12 frascos. Mant\u00e9m-nos num local fresco e seco para prolongar a sua vida \u00fatil.<\/p>\n<p>Escolhe as nossas Tripas de Ovelha Halal para uma cozinha aut\u00eantica e saborosa.  <!--more--><\/p>\n<\/div>\n<\/div>\n<\/div>\n<\/div>\n<\/div>\n<\/div>\n<\/div>\n<\/div>\n<p><strong>As suas vantagens:<\/strong><\/p>\n<ul>\n<li><strong>Comprimento generoso<\/strong>: 60 metros por massa, ideal para produ\u00e7\u00f5es m\u00e9dias e grandes.<\/li>\n<li><strong>F\u00e1cil de guardar<\/strong>: embalado em 24 frascos de 2 massas, f\u00e1cil de guardar e transportar.<\/li>\n<li><strong>Versatilidade culin\u00e1ria<\/strong>: Ideal para fazer salsichas, chouri\u00e7os e outras especialidades de charcutaria.<\/li>\n<li><strong>Conserva\u00e7\u00e3o \u00f3ptima<\/strong>: Uma embalagem cuidadosamente selada garante a frescura e a higiene at\u00e9 \u00e0 utiliza\u00e7\u00e3o.<\/li>\n<\/ul>\n<p><!--more--><\/p>\n<p>Tamb\u00e9m dispon\u00edvel em baldes de 30 <span style=\"color: #d12727;\"><br \/>\n  <a style=\"color: #d12727;\" href=\"https:\/\/www.csj-emballages.com\/es\/produit\/2-cubos-de-tripa-de-oveja-halal-22-24-tubos-rigidos-de-60-metros-cubo-ab-de-30-masas\/\">tripas halal de 22\/24 di\u00e2metros <\/a><br \/>\n<\/span>e em <span style=\"color: #d12727;\"><br \/>\n  <a style=\"color: #d12727;\" href=\"https:\/\/www.csj-emballages.com\/es\/produit\/2-cubos-de-tripa-de-oveja-halal-24-26-60-metros-de-tubos-rigidos-cubo-ab-de-30-masas\/\">tripas halal de 24\/26 di\u00e2metros<\/a><br \/>\n<\/span><\/p>\n<p><!--more--><\/p>\n<p>Tamb\u00e9m dispon\u00edvel em <span style=\"color: #d12727;\"><br \/>\n  <a style=\"color: #d12727;\" href=\"https:\/\/www.csj-emballages.com\/produit\/boyau-mouton-halal-22-24-60-metres-ab-24-pots-de-2-masses\/\">di\u00e2metro 22\/24<\/a><br \/>\n<\/span><\/p>\n<p><!--more--><\/p>\n<p>&nbsp;<\/p>\n<p><a href=\"https:\/\/www.csj-emballages.com\/pt-pt\/categorie-produit\/alimentacao-pt-pt\/mangueiras\/\">Consulte o resto da nossa gama de tripas<\/a><\/p>\n","protected":false},"excerpt":{"rendered":"<p>Tripas de carneiro halal 24\/26, tubos r\u00edgidos AB de 60 m em 24 frascos de 2 massas &#8211; por 2 Descri\u00e7\u00e3o do produto<\/p>\n","protected":false},"featured_media":16191,"template":"","meta":{"_acf_changed":false},"product_brand":[],"product_cat":[1151,1155,5826],"product_tag":[],"class_list":{"0":"post-16921","1":"product","2":"type-product","3":"status-publish","4":"has-post-thumbnail","6":"product_cat-alimentacao-pt-pt","7":"product_cat-mangueiras","8":"product_cat-o24-26-mm-pt-pt","10":"first","11":"onbackorder","12":"taxable","13":"shipping-taxable","14":"purchasable","15":"product-type-simple"},"acf":[],"yoast_head":"<!-- This site is optimized with the Yoast SEO Premium plugin v26.6 (Yoast SEO v26.6) - https:\/\/yoast.com\/wordpress\/plugins\/seo\/ -->\n<title>Baldes de tripas de carneiro Halal 24\/26 60m em tubos r\u00edgidos AB<\/title>\n<meta name=\"description\" content=\"Baldes de tripas de carneiro Halal 24\/26 60m em tubos r\u00edgidos AB, em baldes de 2 massas! Oferece 24 baldes de 2 massas de tripas!\" \/>\n<meta name=\"robots\" content=\"index, follow, max-snippet:-1, max-image-preview:large, max-video-preview:-1\" \/>\n<link rel=\"canonical\" href=\"https:\/\/www.csj-emballages.com\/pt-pt\/produit\/tripas-de-ovino-halal-24-26-60-metros-tipo-ab-24-frascos-de-2-massas\/\" \/>\n<meta property=\"og:locale\" content=\"pt_PT\" \/>\n<meta property=\"og:type\" content=\"article\" \/>\n<meta property=\"og:title\" content=\"Tripas de ovino halal 24\/26 60 metros tipo AB 24 frascos de 2 massas\" \/>\n<meta property=\"og:description\" content=\"Baldes de tripas de carneiro Halal 24\/26 60m em tubos r\u00edgidos AB, em baldes de 2 massas! Oferece 24 baldes de 2 massas de tripas!\" \/>\n<meta property=\"og:url\" content=\"https:\/\/www.csj-emballages.com\/pt-pt\/produit\/tripas-de-ovino-halal-24-26-60-metros-tipo-ab-24-frascos-de-2-massas\/\" \/>\n<meta property=\"og:site_name\" content=\"CSJ Emballages\" \/>\n<meta property=\"article:publisher\" content=\"https:\/\/www.facebook.com\/csjemballages\" \/>\n<meta property=\"article:modified_time\" content=\"2026-04-30T06:15:51+00:00\" \/>\n<meta property=\"og:image\" content=\"https:\/\/www.csj-emballages.com\/wp-content\/uploads\/2024\/05\/Capture_d_ecran_2024-05-29_a_09.56.13-removebg-preview-e1716969413509.png\" \/>\n\t<meta property=\"og:image:width\" content=\"499\" \/>\n\t<meta property=\"og:image:height\" content=\"500\" \/>\n\t<meta property=\"og:image:type\" content=\"image\/png\" \/>\n<meta name=\"twitter:card\" content=\"summary_large_image\" \/>\n<meta name=\"twitter:label1\" content=\"Tempo estimado de leitura\" \/>\n\t<meta name=\"twitter:data1\" content=\"1 minuto\" \/>\n<script type=\"application\/ld+json\" class=\"yoast-schema-graph\">{\"@context\":\"https:\/\/schema.org\",\"@graph\":[{\"@type\":\"WebPage\",\"@id\":\"https:\/\/www.csj-emballages.com\/pt-pt\/produit\/tripas-de-ovino-halal-24-26-60-metros-tipo-ab-24-frascos-de-2-massas\/\",\"url\":\"https:\/\/www.csj-emballages.com\/pt-pt\/produit\/tripas-de-ovino-halal-24-26-60-metros-tipo-ab-24-frascos-de-2-massas\/\",\"name\":\"Baldes de tripas de carneiro Halal 24\/26 60m em tubos r\u00edgidos AB\",\"isPartOf\":{\"@id\":\"https:\/\/www.csj-emballages.com\/pt-pt\/#website\"},\"primaryImageOfPage\":{\"@id\":\"https:\/\/www.csj-emballages.com\/pt-pt\/produit\/tripas-de-ovino-halal-24-26-60-metros-tipo-ab-24-frascos-de-2-massas\/#primaryimage\"},\"image\":{\"@id\":\"https:\/\/www.csj-emballages.com\/pt-pt\/produit\/tripas-de-ovino-halal-24-26-60-metros-tipo-ab-24-frascos-de-2-massas\/#primaryimage\"},\"thumbnailUrl\":\"https:\/\/www.csj-emballages.com\/wp-content\/uploads\/2024\/05\/Capture_d_ecran_2024-05-29_a_09.56.13-removebg-preview-e1716969413509.png\",\"datePublished\":\"2024-05-16T07:01:40+00:00\",\"dateModified\":\"2026-04-30T06:15:51+00:00\",\"description\":\"Baldes de tripas de carneiro Halal 24\/26 60m em tubos r\u00edgidos AB, em baldes de 2 massas! Oferece 24 baldes de 2 massas de tripas!\",\"breadcrumb\":{\"@id\":\"https:\/\/www.csj-emballages.com\/pt-pt\/produit\/tripas-de-ovino-halal-24-26-60-metros-tipo-ab-24-frascos-de-2-massas\/#breadcrumb\"},\"inLanguage\":\"pt-PT\",\"potentialAction\":[{\"@type\":\"ReadAction\",\"target\":[\"https:\/\/www.csj-emballages.com\/pt-pt\/produit\/tripas-de-ovino-halal-24-26-60-metros-tipo-ab-24-frascos-de-2-massas\/\"]}]},{\"@type\":\"ImageObject\",\"inLanguage\":\"pt-PT\",\"@id\":\"https:\/\/www.csj-emballages.com\/pt-pt\/produit\/tripas-de-ovino-halal-24-26-60-metros-tipo-ab-24-frascos-de-2-massas\/#primaryimage\",\"url\":\"https:\/\/www.csj-emballages.com\/wp-content\/uploads\/2024\/05\/Capture_d_ecran_2024-05-29_a_09.56.13-removebg-preview-e1716969413509.png\",\"contentUrl\":\"https:\/\/www.csj-emballages.com\/wp-content\/uploads\/2024\/05\/Capture_d_ecran_2024-05-29_a_09.56.13-removebg-preview-e1716969413509.png\",\"width\":499,\"height\":500,\"caption\":\"Boyaux mouton Halal 24\/26 60 m\u00e8tres type AB 2 masses\"},{\"@type\":\"BreadcrumbList\",\"@id\":\"https:\/\/www.csj-emballages.com\/pt-pt\/produit\/tripas-de-ovino-halal-24-26-60-metros-tipo-ab-24-frascos-de-2-massas\/#breadcrumb\",\"itemListElement\":[{\"@type\":\"ListItem\",\"position\":1,\"name\":\"Acolhimento\",\"item\":\"https:\/\/www.csj-emballages.com\/pt-pt\/universo-das-embalagens-alimentares\/\"},{\"@type\":\"ListItem\",\"position\":2,\"name\":\"Shop\",\"item\":\"https:\/\/www.csj-emballages.com\/shop\/\"},{\"@type\":\"ListItem\",\"position\":3,\"name\":\"Tripas de ovino halal 24\/26 60 metros tipo AB 24 frascos de 2 massas\"}]},{\"@type\":\"WebSite\",\"@id\":\"https:\/\/www.csj-emballages.com\/pt-pt\/#website\",\"url\":\"https:\/\/www.csj-emballages.com\/pt-pt\/\",\"name\":\"CSJ Emballages\",\"description\":\"\",\"publisher\":{\"@id\":\"https:\/\/www.csj-emballages.com\/pt-pt\/#organization\"},\"potentialAction\":[{\"@type\":\"SearchAction\",\"target\":{\"@type\":\"EntryPoint\",\"urlTemplate\":\"https:\/\/www.csj-emballages.com\/pt-pt\/?s={search_term_string}\"},\"query-input\":{\"@type\":\"PropertyValueSpecification\",\"valueRequired\":true,\"valueName\":\"search_term_string\"}}],\"inLanguage\":\"pt-PT\"},{\"@type\":\"Organization\",\"@id\":\"https:\/\/www.csj-emballages.com\/pt-pt\/#Organization\/\",\"name\":\"CSJ Emballages\",\"url\":\"https:\/\/www.csj-emballages.com\/pt-pt\/\",\"logo\":{\"@type\":\"ImageObject\",\"inLanguage\":\"pt-PT\",\"@id\":\"https:\/\/www.csj-emballages.com\/pt-pt\/#\/schema\/logo\/image\/\",\"url\":\"https:\/\/www.csj-emballages.com\/wp-content\/uploads\/2023\/10\/logo_csj.webp\",\"contentUrl\":\"https:\/\/www.csj-emballages.com\/wp-content\/uploads\/2023\/10\/logo_csj.webp\",\"width\":250,\"height\":95,\"caption\":\"CSJ Emballages\"},\"image\":{\"@id\":\"https:\/\/www.csj-emballages.com\/pt-pt\/#\/schema\/logo\/image\/\"},\"sameAs\":[\"https:\/\/www.facebook.com\/csjemballages\"],\"address\":{\"@type\":\"PostalAddress\",\"streetAddress\":\"ZI La Lechere\",\"addressLocality\":\"Patornay\",\"postalCode\":\"39130\",\"addressCountry\":\"FR\"},\"contactPoint\":[{\"@type\":\"ContactPoint\",\"contactType\":\"Service client\",\"telephone\":\"0384254272\",\"email\":\"contact@csj-emballages.com\"}]}]}<\/script>\n<!-- \/ Yoast SEO Premium plugin. -->","yoast_head_json":{"title":"Baldes de tripas de carneiro Halal 24\/26 60m em tubos r\u00edgidos AB","description":"Baldes de tripas de carneiro Halal 24\/26 60m em tubos r\u00edgidos AB, em baldes de 2 massas! Oferece 24 baldes de 2 massas de tripas!","robots":{"index":"index","follow":"follow","max-snippet":"max-snippet:-1","max-image-preview":"max-image-preview:large","max-video-preview":"max-video-preview:-1"},"canonical":"https:\/\/www.csj-emballages.com\/pt-pt\/produit\/tripas-de-ovino-halal-24-26-60-metros-tipo-ab-24-frascos-de-2-massas\/","og_locale":"pt_PT","og_type":"article","og_title":"Tripas de ovino halal 24\/26 60 metros tipo AB 24 frascos de 2 massas","og_description":"Baldes de tripas de carneiro Halal 24\/26 60m em tubos r\u00edgidos AB, em baldes de 2 massas! Oferece 24 baldes de 2 massas de tripas!","og_url":"https:\/\/www.csj-emballages.com\/pt-pt\/produit\/tripas-de-ovino-halal-24-26-60-metros-tipo-ab-24-frascos-de-2-massas\/","og_site_name":"CSJ Emballages","article_publisher":"https:\/\/www.facebook.com\/csjemballages","article_modified_time":"2026-04-30T06:15:51+00:00","og_image":[{"width":499,"height":500,"url":"https:\/\/www.csj-emballages.com\/wp-content\/uploads\/2024\/05\/Capture_d_ecran_2024-05-29_a_09.56.13-removebg-preview-e1716969413509.png","type":"image\/png"}],"twitter_card":"summary_large_image","twitter_misc":{"Tempo estimado de leitura":"1 minuto"},"schema":{"@context":"https:\/\/schema.org","@graph":[{"@type":"WebPage","@id":"https:\/\/www.csj-emballages.com\/pt-pt\/produit\/tripas-de-ovino-halal-24-26-60-metros-tipo-ab-24-frascos-de-2-massas\/","url":"https:\/\/www.csj-emballages.com\/pt-pt\/produit\/tripas-de-ovino-halal-24-26-60-metros-tipo-ab-24-frascos-de-2-massas\/","name":"Baldes de tripas de carneiro Halal 24\/26 60m em tubos r\u00edgidos AB","isPartOf":{"@id":"https:\/\/www.csj-emballages.com\/pt-pt\/#website"},"primaryImageOfPage":{"@id":"https:\/\/www.csj-emballages.com\/pt-pt\/produit\/tripas-de-ovino-halal-24-26-60-metros-tipo-ab-24-frascos-de-2-massas\/#primaryimage"},"image":{"@id":"https:\/\/www.csj-emballages.com\/pt-pt\/produit\/tripas-de-ovino-halal-24-26-60-metros-tipo-ab-24-frascos-de-2-massas\/#primaryimage"},"thumbnailUrl":"https:\/\/www.csj-emballages.com\/wp-content\/uploads\/2024\/05\/Capture_d_ecran_2024-05-29_a_09.56.13-removebg-preview-e1716969413509.png","datePublished":"2024-05-16T07:01:40+00:00","dateModified":"2026-04-30T06:15:51+00:00","description":"Baldes de tripas de carneiro Halal 24\/26 60m em tubos r\u00edgidos AB, em baldes de 2 massas! Oferece 24 baldes de 2 massas de tripas!","breadcrumb":{"@id":"https:\/\/www.csj-emballages.com\/pt-pt\/produit\/tripas-de-ovino-halal-24-26-60-metros-tipo-ab-24-frascos-de-2-massas\/#breadcrumb"},"inLanguage":"pt-PT","potentialAction":[{"@type":"ReadAction","target":["https:\/\/www.csj-emballages.com\/pt-pt\/produit\/tripas-de-ovino-halal-24-26-60-metros-tipo-ab-24-frascos-de-2-massas\/"]}]},{"@type":"ImageObject","inLanguage":"pt-PT","@id":"https:\/\/www.csj-emballages.com\/pt-pt\/produit\/tripas-de-ovino-halal-24-26-60-metros-tipo-ab-24-frascos-de-2-massas\/#primaryimage","url":"https:\/\/www.csj-emballages.com\/wp-content\/uploads\/2024\/05\/Capture_d_ecran_2024-05-29_a_09.56.13-removebg-preview-e1716969413509.png","contentUrl":"https:\/\/www.csj-emballages.com\/wp-content\/uploads\/2024\/05\/Capture_d_ecran_2024-05-29_a_09.56.13-removebg-preview-e1716969413509.png","width":499,"height":500,"caption":"Boyaux mouton Halal 24\/26 60 m\u00e8tres type AB 2 masses"},{"@type":"BreadcrumbList","@id":"https:\/\/www.csj-emballages.com\/pt-pt\/produit\/tripas-de-ovino-halal-24-26-60-metros-tipo-ab-24-frascos-de-2-massas\/#breadcrumb","itemListElement":[{"@type":"ListItem","position":1,"name":"Acolhimento","item":"https:\/\/www.csj-emballages.com\/pt-pt\/universo-das-embalagens-alimentares\/"},{"@type":"ListItem","position":2,"name":"Shop","item":"https:\/\/www.csj-emballages.com\/shop\/"},{"@type":"ListItem","position":3,"name":"Tripas de ovino halal 24\/26 60 metros tipo AB 24 frascos de 2 massas"}]},{"@type":"WebSite","@id":"https:\/\/www.csj-emballages.com\/pt-pt\/#website","url":"https:\/\/www.csj-emballages.com\/pt-pt\/","name":"CSJ Emballages","description":"","publisher":{"@id":"https:\/\/www.csj-emballages.com\/pt-pt\/#organization"},"potentialAction":[{"@type":"SearchAction","target":{"@type":"EntryPoint","urlTemplate":"https:\/\/www.csj-emballages.com\/pt-pt\/?s={search_term_string}"},"query-input":{"@type":"PropertyValueSpecification","valueRequired":true,"valueName":"search_term_string"}}],"inLanguage":"pt-PT"},{"@type":"Organization","@id":"https:\/\/www.csj-emballages.com\/pt-pt\/#Organization\/","name":"CSJ Emballages","url":"https:\/\/www.csj-emballages.com\/pt-pt\/","logo":{"@type":"ImageObject","inLanguage":"pt-PT","@id":"https:\/\/www.csj-emballages.com\/pt-pt\/#\/schema\/logo\/image\/","url":"https:\/\/www.csj-emballages.com\/wp-content\/uploads\/2023\/10\/logo_csj.webp","contentUrl":"https:\/\/www.csj-emballages.com\/wp-content\/uploads\/2023\/10\/logo_csj.webp","width":250,"height":95,"caption":"CSJ Emballages"},"image":{"@id":"https:\/\/www.csj-emballages.com\/pt-pt\/#\/schema\/logo\/image\/"},"sameAs":["https:\/\/www.facebook.com\/csjemballages"],"address":{"@type":"PostalAddress","streetAddress":"ZI La Lechere","addressLocality":"Patornay","postalCode":"39130","addressCountry":"FR"},"contactPoint":[{"@type":"ContactPoint","contactType":"Service client","telephone":"0384254272","email":"contact@csj-emballages.com"}]}]}},"df_price":1291.32,"df_sale_price":"","df_regular_price":1291.32,"df_image_link":"https:\/\/www.csj-emballages.com\/wp-content\/uploads\/2024\/05\/Capture_d_ecran_2024-05-29_a_09.56.13-removebg-preview-300x300.png","tiered_pricing_type":"fixed","tiered_pricing_fixed_rules":[],"tiered_pricing_percentage_rules":[],"tiered_pricing_minimum":1,"tiered_pricing_roles_data":[],"_links":{"self":[{"href":"https:\/\/www.csj-emballages.com\/pt-pt\/wp-json\/wp\/v2\/product\/16921","targetHints":{"allow":["GET"]}}],"collection":[{"href":"https:\/\/www.csj-emballages.com\/pt-pt\/wp-json\/wp\/v2\/product"}],"about":[{"href":"https:\/\/www.csj-emballages.com\/pt-pt\/wp-json\/wp\/v2\/types\/product"}],"wp:featuredmedia":[{"embeddable":true,"href":"https:\/\/www.csj-emballages.com\/pt-pt\/wp-json\/wp\/v2\/media\/16191"}],"wp:attachment":[{"href":"https:\/\/www.csj-emballages.com\/pt-pt\/wp-json\/wp\/v2\/media?parent=16921"}],"wp:term":[{"taxonomy":"product_brand","embeddable":true,"href":"https:\/\/www.csj-emballages.com\/pt-pt\/wp-json\/wp\/v2\/product_brand?post=16921"},{"taxonomy":"product_cat","embeddable":true,"href":"https:\/\/www.csj-emballages.com\/pt-pt\/wp-json\/wp\/v2\/product_cat?post=16921"},{"taxonomy":"product_tag","embeddable":true,"href":"https:\/\/www.csj-emballages.com\/pt-pt\/wp-json\/wp\/v2\/product_tag?post=16921"}],"curies":[{"name":"wp","href":"https:\/\/api.w.org\/{rel}","templated":true}]}}