{"id":16904,"date":"2024-05-16T09:01:36","date_gmt":"2024-05-16T07:01:36","guid":{"rendered":"https:\/\/u15jnbdpoq.preview.infomaniak.website\/produit\/tripa-de-carneiro-24-26-60-metros-ab-24-vasos-de-2-massas\/"},"modified":"2026-04-30T08:15:07","modified_gmt":"2026-04-30T06:15:07","slug":"tripa-de-carneiro-24-26-60-metros-ab-24-vasos-de-2-massas","status":"publish","type":"product","link":"https:\/\/www.csj-emballages.com\/pt-pt\/produit\/tripa-de-carneiro-24-26-60-metros-ab-24-vasos-de-2-massas\/","title":{"rendered":"Tripa de carneiro 24\/26 60 metros AB 24 vasos de 2 massas"},"content":{"rendered":"<h2>Baldes de tripa de carneiro 24\/26, tubos r\u00edgidos de 60 m Potes AB de 2 massas &#8211; por 24<\/h2>\n<hr>\n<h3>Descri\u00e7\u00e3o do produto<\/h3>\n<p><!--more--><\/p>\n<div class=\"flex-shrink-0 flex flex-col relative items-end\">\n<div class=\"pt-0.5 juice:pt-0\">\n<div class=\"gizmo-bot-avatar flex h-6 w-6 items-center justify-center overflow-hidden rounded-full juice:h-8 juice:w-8\">\n<div class=\"relative p-1 rounded-sm flex items-center justify-center bg-token-main-surface-primary text-token-text-primary h-8 w-8\">\n<p>Descobre os nossos baldes de tripa de carneiro de 2 massas, perfeitos para as tuas necessidades culin\u00e1rias espec\u00edficas. Cada pote cont\u00e9m 2 massas de tipo AB, com 24\/26 de di\u00e2metro e uma extens\u00e3o de 60 metros. Ideais para profissionais de charcutaria e amantes de cozinha artesanal, estas tripas oferecem qualidade superior e conformidade com as normas prescritas. A facilidade de utiliza\u00e7\u00e3o e a resist\u00eancia \u00e0s condi\u00e7\u00f5es de prepara\u00e7\u00e3o tornam-no uma escolha fi\u00e1vel para o fabrico de salsichas, chouri\u00e7os e outros produtos de charcutaria. Cada balde \u00e9 cuidadosamente acondicionado para garantir frescura e praticidade, assegurando assim uma conserva\u00e7\u00e3o ideal at\u00e9 \u00e0 utiliza\u00e7\u00e3o final.<\/p>\n<p>Confie no nosso produto para resultados consistentes e uma textura aut\u00eantica nas suas prepara\u00e7\u00f5es culin\u00e1rias. Perfeito para grandes produ\u00e7\u00f5es, estes baldes cumprem os requisitos rigorosos de qualidade e de seguran\u00e7a alimentar. <\/p>\n<p>Opta por qualidade e fiabilidade com os nossos baldes de tripa de carneiro de 2 massas para cria\u00e7\u00f5es culin\u00e1rias excepcionais.<\/p>\n<\/div>\n<\/div>\n<\/div>\n<\/div>\n<p><!--more--><\/p>\n<p><strong>As suas vantagens:<\/strong><\/p>\n<ul>\n<li><strong>Comprimento generoso<\/strong>: 60 metros por massa, ideal para produ\u00e7\u00f5es m\u00e9dias e grandes.<\/li>\n<li><strong>F\u00e1cil de guardar<\/strong>: embalado em 24 baldes de 2 massas, f\u00e1cil de guardar e transportar.<\/li>\n<li><strong>Versatilidade culin\u00e1ria<\/strong>: Ideal para fazer salsichas, chouri\u00e7os e outras especialidades de charcutaria.<\/li>\n<li><strong>Conserva\u00e7\u00e3o \u00f3ptima<\/strong>: Uma embalagem cuidadosamente selada garante a frescura e a higiene at\u00e9 \u00e0 utiliza\u00e7\u00e3o.<\/li>\n<\/ul>\n<p><!--more--><\/p>\n<p>Tamb\u00e9m dispon\u00edvel em <span style=\"color: #d12727;\"><br \/>\n  <a style=\"color: #d12727;\" href=\"https:\/\/www.csj-emballages.com\/produit\/boyau-mouton-22-24-60-metres-ab-24-pots-de-2-masses\/\">Mangueiras de di\u00e2metro 22\/24<\/a><br \/>\n<\/span><\/p>\n<p><!--more--><\/p>\n<p>&nbsp;<\/p>\n<p><a href=\"https:\/\/www.csj-emballages.com\/pt-pt\/categorie-produit\/alimentacao-pt-pt\/mangueiras\/\">Consulte o resto da nossa gama de tripas<\/a><\/p>\n","protected":false},"excerpt":{"rendered":"<p>Baldes de tripa de carneiro 24\/26, tubos r\u00edgidos de 60 m Potes AB de 2 massas &#8211; por 24 Descri\u00e7\u00e3o do produto<\/p>\n","protected":false},"featured_media":16201,"template":"","meta":{"_acf_changed":false},"product_brand":[],"product_cat":[1151,1155,5826],"product_tag":[],"class_list":{"0":"post-16904","1":"product","2":"type-product","3":"status-publish","4":"has-post-thumbnail","6":"product_cat-alimentacao-pt-pt","7":"product_cat-mangueiras","8":"product_cat-o24-26-mm-pt-pt","10":"first","11":"onbackorder","12":"taxable","13":"shipping-taxable","14":"purchasable","15":"product-type-simple"},"acf":[],"yoast_head":"<!-- This site is optimized with the Yoast SEO Premium plugin v26.6 (Yoast SEO v26.6) - https:\/\/yoast.com\/wordpress\/plugins\/seo\/ -->\n<title>Baldes de tripa de carneiro 2 massas 24\/26 60 metros AB<\/title>\n<meta name=\"description\" content=\"Baldes de tripa de carneiro 2 massas 24\/26 em 60 metros tipo AB ! Compra agora 24 frascos de 2 massas de tripas de carneiro!\" \/>\n<meta name=\"robots\" content=\"index, follow, max-snippet:-1, max-image-preview:large, max-video-preview:-1\" \/>\n<link rel=\"canonical\" href=\"https:\/\/www.csj-emballages.com\/pt-pt\/produit\/tripa-de-carneiro-24-26-60-metros-ab-24-vasos-de-2-massas\/\" \/>\n<meta property=\"og:locale\" content=\"pt_PT\" \/>\n<meta property=\"og:type\" content=\"article\" \/>\n<meta property=\"og:title\" content=\"Tripa de carneiro 24\/26 60 metros AB 24 vasos de 2 massas\" \/>\n<meta property=\"og:description\" content=\"Baldes de tripa de carneiro 2 massas 24\/26 em 60 metros tipo AB ! Compra agora 24 frascos de 2 massas de tripas de carneiro!\" \/>\n<meta property=\"og:url\" content=\"https:\/\/www.csj-emballages.com\/pt-pt\/produit\/tripa-de-carneiro-24-26-60-metros-ab-24-vasos-de-2-massas\/\" \/>\n<meta property=\"og:site_name\" content=\"CSJ Emballages\" \/>\n<meta property=\"article:publisher\" content=\"https:\/\/www.facebook.com\/csjemballages\" \/>\n<meta property=\"article:modified_time\" content=\"2026-04-30T06:15:07+00:00\" \/>\n<meta property=\"og:image\" content=\"https:\/\/www.csj-emballages.com\/wp-content\/uploads\/2024\/05\/Capture_d_ecran_2024-05-29_a_09.59.37-removebg-preview.png\" \/>\n\t<meta property=\"og:image:width\" content=\"300\" \/>\n\t<meta property=\"og:image:height\" content=\"301\" \/>\n\t<meta property=\"og:image:type\" content=\"image\/png\" \/>\n<meta name=\"twitter:card\" content=\"summary_large_image\" \/>\n<meta name=\"twitter:label1\" content=\"Tempo estimado de leitura\" \/>\n\t<meta name=\"twitter:data1\" content=\"1 minuto\" \/>\n<script type=\"application\/ld+json\" class=\"yoast-schema-graph\">{\"@context\":\"https:\/\/schema.org\",\"@graph\":[{\"@type\":\"WebPage\",\"@id\":\"https:\/\/www.csj-emballages.com\/pt-pt\/produit\/tripa-de-carneiro-24-26-60-metros-ab-24-vasos-de-2-massas\/\",\"url\":\"https:\/\/www.csj-emballages.com\/pt-pt\/produit\/tripa-de-carneiro-24-26-60-metros-ab-24-vasos-de-2-massas\/\",\"name\":\"Baldes de tripa de carneiro 2 massas 24\/26 60 metros AB\",\"isPartOf\":{\"@id\":\"https:\/\/www.csj-emballages.com\/pt-pt\/#website\"},\"primaryImageOfPage\":{\"@id\":\"https:\/\/www.csj-emballages.com\/pt-pt\/produit\/tripa-de-carneiro-24-26-60-metros-ab-24-vasos-de-2-massas\/#primaryimage\"},\"image\":{\"@id\":\"https:\/\/www.csj-emballages.com\/pt-pt\/produit\/tripa-de-carneiro-24-26-60-metros-ab-24-vasos-de-2-massas\/#primaryimage\"},\"thumbnailUrl\":\"https:\/\/www.csj-emballages.com\/wp-content\/uploads\/2024\/05\/Capture_d_ecran_2024-05-29_a_09.59.37-removebg-preview.png\",\"datePublished\":\"2024-05-16T07:01:36+00:00\",\"dateModified\":\"2026-04-30T06:15:07+00:00\",\"description\":\"Baldes de tripa de carneiro 2 massas 24\/26 em 60 metros tipo AB ! Compra agora 24 frascos de 2 massas de tripas de carneiro!\",\"breadcrumb\":{\"@id\":\"https:\/\/www.csj-emballages.com\/pt-pt\/produit\/tripa-de-carneiro-24-26-60-metros-ab-24-vasos-de-2-massas\/#breadcrumb\"},\"inLanguage\":\"pt-PT\",\"potentialAction\":[{\"@type\":\"ReadAction\",\"target\":[\"https:\/\/www.csj-emballages.com\/pt-pt\/produit\/tripa-de-carneiro-24-26-60-metros-ab-24-vasos-de-2-massas\/\"]}]},{\"@type\":\"ImageObject\",\"inLanguage\":\"pt-PT\",\"@id\":\"https:\/\/www.csj-emballages.com\/pt-pt\/produit\/tripa-de-carneiro-24-26-60-metros-ab-24-vasos-de-2-massas\/#primaryimage\",\"url\":\"https:\/\/www.csj-emballages.com\/wp-content\/uploads\/2024\/05\/Capture_d_ecran_2024-05-29_a_09.59.37-removebg-preview.png\",\"contentUrl\":\"https:\/\/www.csj-emballages.com\/wp-content\/uploads\/2024\/05\/Capture_d_ecran_2024-05-29_a_09.59.37-removebg-preview.png\",\"width\":300,\"height\":301,\"caption\":\"Boyaux mouton 24\/26 AB 2 masses\"},{\"@type\":\"BreadcrumbList\",\"@id\":\"https:\/\/www.csj-emballages.com\/pt-pt\/produit\/tripa-de-carneiro-24-26-60-metros-ab-24-vasos-de-2-massas\/#breadcrumb\",\"itemListElement\":[{\"@type\":\"ListItem\",\"position\":1,\"name\":\"Acolhimento\",\"item\":\"https:\/\/www.csj-emballages.com\/pt-pt\/universo-das-embalagens-alimentares\/\"},{\"@type\":\"ListItem\",\"position\":2,\"name\":\"Shop\",\"item\":\"https:\/\/www.csj-emballages.com\/shop\/\"},{\"@type\":\"ListItem\",\"position\":3,\"name\":\"Tripa de carneiro 24\/26 60 metros AB 24 vasos de 2 massas\"}]},{\"@type\":\"WebSite\",\"@id\":\"https:\/\/www.csj-emballages.com\/pt-pt\/#website\",\"url\":\"https:\/\/www.csj-emballages.com\/pt-pt\/\",\"name\":\"CSJ Emballages\",\"description\":\"\",\"publisher\":{\"@id\":\"https:\/\/www.csj-emballages.com\/pt-pt\/#organization\"},\"potentialAction\":[{\"@type\":\"SearchAction\",\"target\":{\"@type\":\"EntryPoint\",\"urlTemplate\":\"https:\/\/www.csj-emballages.com\/pt-pt\/?s={search_term_string}\"},\"query-input\":{\"@type\":\"PropertyValueSpecification\",\"valueRequired\":true,\"valueName\":\"search_term_string\"}}],\"inLanguage\":\"pt-PT\"},{\"@type\":\"Organization\",\"@id\":\"https:\/\/www.csj-emballages.com\/pt-pt\/#Organization\/\",\"name\":\"CSJ Emballages\",\"url\":\"https:\/\/www.csj-emballages.com\/pt-pt\/\",\"logo\":{\"@type\":\"ImageObject\",\"inLanguage\":\"pt-PT\",\"@id\":\"https:\/\/www.csj-emballages.com\/pt-pt\/#\/schema\/logo\/image\/\",\"url\":\"https:\/\/www.csj-emballages.com\/wp-content\/uploads\/2023\/10\/logo_csj.webp\",\"contentUrl\":\"https:\/\/www.csj-emballages.com\/wp-content\/uploads\/2023\/10\/logo_csj.webp\",\"width\":250,\"height\":95,\"caption\":\"CSJ Emballages\"},\"image\":{\"@id\":\"https:\/\/www.csj-emballages.com\/pt-pt\/#\/schema\/logo\/image\/\"},\"sameAs\":[\"https:\/\/www.facebook.com\/csjemballages\"],\"address\":{\"@type\":\"PostalAddress\",\"streetAddress\":\"ZI La Lechere\",\"addressLocality\":\"Patornay\",\"postalCode\":\"39130\",\"addressCountry\":\"FR\"},\"contactPoint\":[{\"@type\":\"ContactPoint\",\"contactType\":\"Service client\",\"telephone\":\"0384254272\",\"email\":\"contact@csj-emballages.com\"}]}]}<\/script>\n<!-- \/ Yoast SEO Premium plugin. -->","yoast_head_json":{"title":"Baldes de tripa de carneiro 2 massas 24\/26 60 metros AB","description":"Baldes de tripa de carneiro 2 massas 24\/26 em 60 metros tipo AB ! Compra agora 24 frascos de 2 massas de tripas de carneiro!","robots":{"index":"index","follow":"follow","max-snippet":"max-snippet:-1","max-image-preview":"max-image-preview:large","max-video-preview":"max-video-preview:-1"},"canonical":"https:\/\/www.csj-emballages.com\/pt-pt\/produit\/tripa-de-carneiro-24-26-60-metros-ab-24-vasos-de-2-massas\/","og_locale":"pt_PT","og_type":"article","og_title":"Tripa de carneiro 24\/26 60 metros AB 24 vasos de 2 massas","og_description":"Baldes de tripa de carneiro 2 massas 24\/26 em 60 metros tipo AB ! Compra agora 24 frascos de 2 massas de tripas de carneiro!","og_url":"https:\/\/www.csj-emballages.com\/pt-pt\/produit\/tripa-de-carneiro-24-26-60-metros-ab-24-vasos-de-2-massas\/","og_site_name":"CSJ Emballages","article_publisher":"https:\/\/www.facebook.com\/csjemballages","article_modified_time":"2026-04-30T06:15:07+00:00","og_image":[{"width":300,"height":301,"url":"https:\/\/www.csj-emballages.com\/wp-content\/uploads\/2024\/05\/Capture_d_ecran_2024-05-29_a_09.59.37-removebg-preview.png","type":"image\/png"}],"twitter_card":"summary_large_image","twitter_misc":{"Tempo estimado de leitura":"1 minuto"},"schema":{"@context":"https:\/\/schema.org","@graph":[{"@type":"WebPage","@id":"https:\/\/www.csj-emballages.com\/pt-pt\/produit\/tripa-de-carneiro-24-26-60-metros-ab-24-vasos-de-2-massas\/","url":"https:\/\/www.csj-emballages.com\/pt-pt\/produit\/tripa-de-carneiro-24-26-60-metros-ab-24-vasos-de-2-massas\/","name":"Baldes de tripa de carneiro 2 massas 24\/26 60 metros AB","isPartOf":{"@id":"https:\/\/www.csj-emballages.com\/pt-pt\/#website"},"primaryImageOfPage":{"@id":"https:\/\/www.csj-emballages.com\/pt-pt\/produit\/tripa-de-carneiro-24-26-60-metros-ab-24-vasos-de-2-massas\/#primaryimage"},"image":{"@id":"https:\/\/www.csj-emballages.com\/pt-pt\/produit\/tripa-de-carneiro-24-26-60-metros-ab-24-vasos-de-2-massas\/#primaryimage"},"thumbnailUrl":"https:\/\/www.csj-emballages.com\/wp-content\/uploads\/2024\/05\/Capture_d_ecran_2024-05-29_a_09.59.37-removebg-preview.png","datePublished":"2024-05-16T07:01:36+00:00","dateModified":"2026-04-30T06:15:07+00:00","description":"Baldes de tripa de carneiro 2 massas 24\/26 em 60 metros tipo AB ! Compra agora 24 frascos de 2 massas de tripas de carneiro!","breadcrumb":{"@id":"https:\/\/www.csj-emballages.com\/pt-pt\/produit\/tripa-de-carneiro-24-26-60-metros-ab-24-vasos-de-2-massas\/#breadcrumb"},"inLanguage":"pt-PT","potentialAction":[{"@type":"ReadAction","target":["https:\/\/www.csj-emballages.com\/pt-pt\/produit\/tripa-de-carneiro-24-26-60-metros-ab-24-vasos-de-2-massas\/"]}]},{"@type":"ImageObject","inLanguage":"pt-PT","@id":"https:\/\/www.csj-emballages.com\/pt-pt\/produit\/tripa-de-carneiro-24-26-60-metros-ab-24-vasos-de-2-massas\/#primaryimage","url":"https:\/\/www.csj-emballages.com\/wp-content\/uploads\/2024\/05\/Capture_d_ecran_2024-05-29_a_09.59.37-removebg-preview.png","contentUrl":"https:\/\/www.csj-emballages.com\/wp-content\/uploads\/2024\/05\/Capture_d_ecran_2024-05-29_a_09.59.37-removebg-preview.png","width":300,"height":301,"caption":"Boyaux mouton 24\/26 AB 2 masses"},{"@type":"BreadcrumbList","@id":"https:\/\/www.csj-emballages.com\/pt-pt\/produit\/tripa-de-carneiro-24-26-60-metros-ab-24-vasos-de-2-massas\/#breadcrumb","itemListElement":[{"@type":"ListItem","position":1,"name":"Acolhimento","item":"https:\/\/www.csj-emballages.com\/pt-pt\/universo-das-embalagens-alimentares\/"},{"@type":"ListItem","position":2,"name":"Shop","item":"https:\/\/www.csj-emballages.com\/shop\/"},{"@type":"ListItem","position":3,"name":"Tripa de carneiro 24\/26 60 metros AB 24 vasos de 2 massas"}]},{"@type":"WebSite","@id":"https:\/\/www.csj-emballages.com\/pt-pt\/#website","url":"https:\/\/www.csj-emballages.com\/pt-pt\/","name":"CSJ Emballages","description":"","publisher":{"@id":"https:\/\/www.csj-emballages.com\/pt-pt\/#organization"},"potentialAction":[{"@type":"SearchAction","target":{"@type":"EntryPoint","urlTemplate":"https:\/\/www.csj-emballages.com\/pt-pt\/?s={search_term_string}"},"query-input":{"@type":"PropertyValueSpecification","valueRequired":true,"valueName":"search_term_string"}}],"inLanguage":"pt-PT"},{"@type":"Organization","@id":"https:\/\/www.csj-emballages.com\/pt-pt\/#Organization\/","name":"CSJ Emballages","url":"https:\/\/www.csj-emballages.com\/pt-pt\/","logo":{"@type":"ImageObject","inLanguage":"pt-PT","@id":"https:\/\/www.csj-emballages.com\/pt-pt\/#\/schema\/logo\/image\/","url":"https:\/\/www.csj-emballages.com\/wp-content\/uploads\/2023\/10\/logo_csj.webp","contentUrl":"https:\/\/www.csj-emballages.com\/wp-content\/uploads\/2023\/10\/logo_csj.webp","width":250,"height":95,"caption":"CSJ Emballages"},"image":{"@id":"https:\/\/www.csj-emballages.com\/pt-pt\/#\/schema\/logo\/image\/"},"sameAs":["https:\/\/www.facebook.com\/csjemballages"],"address":{"@type":"PostalAddress","streetAddress":"ZI La Lechere","addressLocality":"Patornay","postalCode":"39130","addressCountry":"FR"},"contactPoint":[{"@type":"ContactPoint","contactType":"Service client","telephone":"0384254272","email":"contact@csj-emballages.com"}]}]}},"df_price":1031.42,"df_sale_price":"","df_regular_price":1031.42,"df_image_link":"https:\/\/www.csj-emballages.com\/wp-content\/uploads\/2024\/05\/Capture_d_ecran_2024-05-29_a_09.59.37-removebg-preview.png","tiered_pricing_type":"fixed","tiered_pricing_fixed_rules":[],"tiered_pricing_percentage_rules":[],"tiered_pricing_minimum":1,"tiered_pricing_roles_data":[],"_links":{"self":[{"href":"https:\/\/www.csj-emballages.com\/pt-pt\/wp-json\/wp\/v2\/product\/16904","targetHints":{"allow":["GET"]}}],"collection":[{"href":"https:\/\/www.csj-emballages.com\/pt-pt\/wp-json\/wp\/v2\/product"}],"about":[{"href":"https:\/\/www.csj-emballages.com\/pt-pt\/wp-json\/wp\/v2\/types\/product"}],"wp:featuredmedia":[{"embeddable":true,"href":"https:\/\/www.csj-emballages.com\/pt-pt\/wp-json\/wp\/v2\/media\/16201"}],"wp:attachment":[{"href":"https:\/\/www.csj-emballages.com\/pt-pt\/wp-json\/wp\/v2\/media?parent=16904"}],"wp:term":[{"taxonomy":"product_brand","embeddable":true,"href":"https:\/\/www.csj-emballages.com\/pt-pt\/wp-json\/wp\/v2\/product_brand?post=16904"},{"taxonomy":"product_cat","embeddable":true,"href":"https:\/\/www.csj-emballages.com\/pt-pt\/wp-json\/wp\/v2\/product_cat?post=16904"},{"taxonomy":"product_tag","embeddable":true,"href":"https:\/\/www.csj-emballages.com\/pt-pt\/wp-json\/wp\/v2\/product_tag?post=16904"}],"curies":[{"name":"wp","href":"https:\/\/api.w.org\/{rel}","templated":true}]}}