{"id":16872,"date":"2024-05-22T11:12:15","date_gmt":"2024-05-22T09:12:15","guid":{"rendered":"https:\/\/u15jnbdpoq.preview.infomaniak.website\/produit\/4-4-de-lata-de-massa-de-fruta-williams-pear-1-2\/"},"modified":"2026-04-14T02:10:22","modified_gmt":"2026-04-14T00:10:22","slug":"4-4-de-lata-de-massa-de-fruta-williams-pear-1-2","status":"publish","type":"product","link":"https:\/\/www.csj-emballages.com\/pt-pt\/produit\/4-4-de-lata-de-massa-de-fruta-williams-pear-1-2\/","title":{"rendered":"Metades de Pera Williams em conserva em lata 4\/4"},"content":{"rendered":"<h2>Metades de pera<\/h2>\n<hr>\n<h3>Descubra as nossas metades de pera Williams em conserva em lata 4\/4<\/h3>\n<p><!--more--><\/p>\n<p data-start=\"219\" data-end=\"592\">Simples, macias e sempre prontas a usar, estas <strong data-start=\"273\" data-end=\"321\">metades de pera Williams em conserva em lata 4\/4<\/strong> s\u00e3o um verdadeiro aliado na cozinha. De facto, assim que se abre, encontramos <strong>frutas bem cortadas<\/strong>, regulares e bem apresentadas, com uma textura tenra que se mant\u00e9m perfeitamente durante a manipula\u00e7\u00e3o. O seu sabor doce e ligeiramente perfumado lembra a <strong>pera fresca<\/strong>, sem ser demasiado doce.  <\/p>\n<p data-start=\"594\" data-end=\"955\">Gra\u00e7as ao seu formato generoso, adaptam-se facilmente a in\u00fameros usos. Seja para guarnecer uma sobremesa, acompanhar um bolo, complementar uma <strong>salada de frutas<\/strong> ou at\u00e9 dar um toque doce a um prato salgado, encontram sempre o seu lugar. E, acima de tudo, poupam tempo: sem descascar, sem cortar, est\u00e1 tudo pronto.  <\/p>\n<p data-start=\"957\" data-end=\"1325\">Da mesma forma, a <strong>variedade Williams<\/strong> \u00e9 reconhecida pelo seu aroma delicado e pela sua polpa macia. Aqui, as <strong>metades de pera conservam uma boa consist\u00eancia<\/strong>, o que permite trabalh\u00e1-las sem que se desfa\u00e7am. S\u00e3o adequadas tanto para profissionais de restaura\u00e7\u00e3o como para coletividades ou cozinhas que procuram regularidade e simplicidade no dia a dia.  <\/p>\n<p data-start=\"1327\" data-end=\"1532\">Al\u00e9m disso, a <strong>lata 4\/4<\/strong> \u00e9 ideal para gerir os volumes sem desperd\u00edcio. Abre, usa e sabe exatamente o que esperar de cada vez. \u00c9 reconfortante, pr\u00e1tico e eficaz.  <\/p>\n<p data-start=\"1534\" data-end=\"1724\">Em resumo, estas <strong>metades de pera Williams<\/strong> oferecem uma solu\u00e7\u00e3o fi\u00e1vel para integrar facilmente uma fruta de qualidade nas suas prepara\u00e7\u00f5es, mantendo sempre uma verdadeira const\u00e2ncia no sabor e na textura.<\/p>\n<p>&nbsp;<\/p>\n<p><!--more--><\/p>\n<h4>Vantagens :<\/h4>\n<ul>\n<li data-start=\"1752\" data-end=\"1792\"><strong>Metades de pera<\/strong> regulares e bem formadas.<\/li>\n<li data-start=\"1795\" data-end=\"1830\">Polpa tenra com boa consist\u00eancia.<\/li>\n<li data-start=\"1833\" data-end=\"1857\">Sabor doce e equilibrado.<\/li>\n<li data-start=\"1860\" data-end=\"1886\">Poupan\u00e7a de tempo na cozinha.<\/li>\n<li data-start=\"1889\" data-end=\"1928\"><strong>Formato 4\/4<\/strong> pr\u00e1tico para uso profissional.<\/li>\n<\/ul>\n<p>&nbsp;<\/p>\n<p><!--more--><\/p>\n<h4>Outras informa\u00e7\u00f5es :<\/h4>\n<ul>\n<li><strong>Embalagem<\/strong>: Caixa 4\/4<\/li>\n<li><strong>Forma<\/strong>: Metades de pera<\/li>\n<li><strong>Peso l\u00edquido escorrido<\/strong>: 460 g<\/li>\n<\/ul>\n<p>&nbsp;<\/p>\n<p><!--more--><\/p>\n<p><a href=\"https:\/\/www.csj-emballages.com\/pt-pt\/categorie-produit\/alimentacao-pt-pt\/alimentacao\/frutos-secos-e-frutos-em-calda\/pera-pt-pt\/\">Consulte o resto da nossa gama de peras em calda<\/a><\/p>\n","protected":false},"excerpt":{"rendered":"<p>Metades de pera Descubra as nossas metades de pera Williams em conserva em lata 4\/4<\/p>\n","protected":false},"featured_media":260898,"template":"","meta":{"_acf_changed":false},"product_brand":[],"product_cat":[1151,1184,1197,5932],"product_tag":[],"class_list":{"0":"post-16872","1":"product","2":"type-product","3":"status-publish","4":"has-post-thumbnail","6":"product_cat-alimentacao-pt-pt","7":"product_cat-alimentacao","8":"product_cat-frutos-secos-e-frutos-em-calda","9":"product_cat-pera-pt-pt","11":"first","12":"instock","13":"featured","14":"taxable","15":"shipping-taxable","16":"purchasable","17":"product-type-simple"},"acf":[],"yoast_head":"<!-- This site is optimized with the Yoast SEO Premium plugin v26.6 (Yoast SEO v26.6) - https:\/\/yoast.com\/wordpress\/plugins\/seo\/ -->\n<title>Metades de Pera Williams em Conserva em Lata 4\/4<\/title>\n<meta name=\"description\" content=\"Metades de pera Williams em conserva em lata 4\/4: frutas macias, prontas a usar, ideais para sobremesas, pastelaria e cozinhas profissionais.\" \/>\n<meta name=\"robots\" content=\"index, follow, max-snippet:-1, max-image-preview:large, max-video-preview:-1\" \/>\n<link rel=\"canonical\" href=\"https:\/\/www.csj-emballages.com\/pt-pt\/produit\/4-4-de-lata-de-massa-de-fruta-williams-pear-1-2\/\" \/>\n<meta property=\"og:locale\" content=\"pt_PT\" \/>\n<meta property=\"og:type\" content=\"article\" \/>\n<meta property=\"og:title\" content=\"Metades de Pera Williams em conserva em lata 4\/4\" \/>\n<meta property=\"og:description\" content=\"Metades de pera Williams em conserva em lata 4\/4: frutas macias, prontas a usar, ideais para sobremesas, pastelaria e cozinhas profissionais.\" \/>\n<meta property=\"og:url\" content=\"https:\/\/www.csj-emballages.com\/pt-pt\/produit\/4-4-de-lata-de-massa-de-fruta-williams-pear-1-2\/\" \/>\n<meta property=\"og:site_name\" content=\"CSJ Emballages\" \/>\n<meta property=\"article:publisher\" content=\"https:\/\/www.facebook.com\/csjemballages\" \/>\n<meta property=\"article:modified_time\" content=\"2026-04-14T00:10:22+00:00\" \/>\n<meta property=\"og:image\" content=\"https:\/\/www.csj-emballages.com\/wp-content\/uploads\/2024\/05\/020122.webp\" \/>\n\t<meta property=\"og:image:width\" content=\"800\" \/>\n\t<meta property=\"og:image:height\" content=\"800\" \/>\n\t<meta property=\"og:image:type\" content=\"image\/webp\" \/>\n<meta name=\"twitter:card\" content=\"summary_large_image\" \/>\n<meta name=\"twitter:label1\" content=\"Tempo estimado de leitura\" \/>\n\t<meta name=\"twitter:data1\" content=\"2 minutos\" \/>\n<script type=\"application\/ld+json\" class=\"yoast-schema-graph\">{\"@context\":\"https:\/\/schema.org\",\"@graph\":[{\"@type\":\"WebPage\",\"@id\":\"https:\/\/www.csj-emballages.com\/pt-pt\/produit\/4-4-de-lata-de-massa-de-fruta-williams-pear-1-2\/\",\"url\":\"https:\/\/www.csj-emballages.com\/pt-pt\/produit\/4-4-de-lata-de-massa-de-fruta-williams-pear-1-2\/\",\"name\":\"Metades de Pera Williams em Conserva em Lata 4\/4\",\"isPartOf\":{\"@id\":\"https:\/\/www.csj-emballages.com\/pt-pt\/#website\"},\"primaryImageOfPage\":{\"@id\":\"https:\/\/www.csj-emballages.com\/pt-pt\/produit\/4-4-de-lata-de-massa-de-fruta-williams-pear-1-2\/#primaryimage\"},\"image\":{\"@id\":\"https:\/\/www.csj-emballages.com\/pt-pt\/produit\/4-4-de-lata-de-massa-de-fruta-williams-pear-1-2\/#primaryimage\"},\"thumbnailUrl\":\"https:\/\/www.csj-emballages.com\/wp-content\/uploads\/2024\/05\/020122.webp\",\"datePublished\":\"2024-05-22T09:12:15+00:00\",\"dateModified\":\"2026-04-14T00:10:22+00:00\",\"description\":\"Metades de pera Williams em conserva em lata 4\/4: frutas macias, prontas a usar, ideais para sobremesas, pastelaria e cozinhas profissionais.\",\"breadcrumb\":{\"@id\":\"https:\/\/www.csj-emballages.com\/pt-pt\/produit\/4-4-de-lata-de-massa-de-fruta-williams-pear-1-2\/#breadcrumb\"},\"inLanguage\":\"pt-PT\",\"potentialAction\":[{\"@type\":\"ReadAction\",\"target\":[\"https:\/\/www.csj-emballages.com\/pt-pt\/produit\/4-4-de-lata-de-massa-de-fruta-williams-pear-1-2\/\"]}]},{\"@type\":\"ImageObject\",\"inLanguage\":\"pt-PT\",\"@id\":\"https:\/\/www.csj-emballages.com\/pt-pt\/produit\/4-4-de-lata-de-massa-de-fruta-williams-pear-1-2\/#primaryimage\",\"url\":\"https:\/\/www.csj-emballages.com\/wp-content\/uploads\/2024\/05\/020122.webp\",\"contentUrl\":\"https:\/\/www.csj-emballages.com\/wp-content\/uploads\/2024\/05\/020122.webp\",\"width\":800,\"height\":800,\"caption\":\"Demi-poires\"},{\"@type\":\"BreadcrumbList\",\"@id\":\"https:\/\/www.csj-emballages.com\/pt-pt\/produit\/4-4-de-lata-de-massa-de-fruta-williams-pear-1-2\/#breadcrumb\",\"itemListElement\":[{\"@type\":\"ListItem\",\"position\":1,\"name\":\"Acolhimento\",\"item\":\"https:\/\/www.csj-emballages.com\/pt-pt\/universo-das-embalagens-alimentares\/\"},{\"@type\":\"ListItem\",\"position\":2,\"name\":\"Shop\",\"item\":\"https:\/\/www.csj-emballages.com\/shop\/\"},{\"@type\":\"ListItem\",\"position\":3,\"name\":\"Metades de Pera Williams em conserva em lata 4\/4\"}]},{\"@type\":\"WebSite\",\"@id\":\"https:\/\/www.csj-emballages.com\/pt-pt\/#website\",\"url\":\"https:\/\/www.csj-emballages.com\/pt-pt\/\",\"name\":\"CSJ Emballages\",\"description\":\"\",\"publisher\":{\"@id\":\"https:\/\/www.csj-emballages.com\/pt-pt\/#organization\"},\"potentialAction\":[{\"@type\":\"SearchAction\",\"target\":{\"@type\":\"EntryPoint\",\"urlTemplate\":\"https:\/\/www.csj-emballages.com\/pt-pt\/?s={search_term_string}\"},\"query-input\":{\"@type\":\"PropertyValueSpecification\",\"valueRequired\":true,\"valueName\":\"search_term_string\"}}],\"inLanguage\":\"pt-PT\"},{\"@type\":\"Organization\",\"@id\":\"https:\/\/www.csj-emballages.com\/pt-pt\/#Organization\/\",\"name\":\"CSJ Emballages\",\"url\":\"https:\/\/www.csj-emballages.com\/pt-pt\/\",\"logo\":{\"@type\":\"ImageObject\",\"inLanguage\":\"pt-PT\",\"@id\":\"https:\/\/www.csj-emballages.com\/pt-pt\/#\/schema\/logo\/image\/\",\"url\":\"https:\/\/www.csj-emballages.com\/wp-content\/uploads\/2023\/10\/logo_csj.webp\",\"contentUrl\":\"https:\/\/www.csj-emballages.com\/wp-content\/uploads\/2023\/10\/logo_csj.webp\",\"width\":250,\"height\":95,\"caption\":\"CSJ Emballages\"},\"image\":{\"@id\":\"https:\/\/www.csj-emballages.com\/pt-pt\/#\/schema\/logo\/image\/\"},\"sameAs\":[\"https:\/\/www.facebook.com\/csjemballages\"],\"address\":{\"@type\":\"PostalAddress\",\"streetAddress\":\"ZI La Lechere\",\"addressLocality\":\"Patornay\",\"postalCode\":\"39130\",\"addressCountry\":\"FR\"},\"contactPoint\":[{\"@type\":\"ContactPoint\",\"contactType\":\"Service client\",\"telephone\":\"0384254272\",\"email\":\"contact@csj-emballages.com\"}]}]}<\/script>\n<!-- \/ Yoast SEO Premium plugin. -->","yoast_head_json":{"title":"Metades de Pera Williams em Conserva em Lata 4\/4","description":"Metades de pera Williams em conserva em lata 4\/4: frutas macias, prontas a usar, ideais para sobremesas, pastelaria e cozinhas profissionais.","robots":{"index":"index","follow":"follow","max-snippet":"max-snippet:-1","max-image-preview":"max-image-preview:large","max-video-preview":"max-video-preview:-1"},"canonical":"https:\/\/www.csj-emballages.com\/pt-pt\/produit\/4-4-de-lata-de-massa-de-fruta-williams-pear-1-2\/","og_locale":"pt_PT","og_type":"article","og_title":"Metades de Pera Williams em conserva em lata 4\/4","og_description":"Metades de pera Williams em conserva em lata 4\/4: frutas macias, prontas a usar, ideais para sobremesas, pastelaria e cozinhas profissionais.","og_url":"https:\/\/www.csj-emballages.com\/pt-pt\/produit\/4-4-de-lata-de-massa-de-fruta-williams-pear-1-2\/","og_site_name":"CSJ Emballages","article_publisher":"https:\/\/www.facebook.com\/csjemballages","article_modified_time":"2026-04-14T00:10:22+00:00","og_image":[{"width":800,"height":800,"url":"https:\/\/www.csj-emballages.com\/wp-content\/uploads\/2024\/05\/020122.webp","type":"image\/webp"}],"twitter_card":"summary_large_image","twitter_misc":{"Tempo estimado de leitura":"2 minutos"},"schema":{"@context":"https:\/\/schema.org","@graph":[{"@type":"WebPage","@id":"https:\/\/www.csj-emballages.com\/pt-pt\/produit\/4-4-de-lata-de-massa-de-fruta-williams-pear-1-2\/","url":"https:\/\/www.csj-emballages.com\/pt-pt\/produit\/4-4-de-lata-de-massa-de-fruta-williams-pear-1-2\/","name":"Metades de Pera Williams em Conserva em Lata 4\/4","isPartOf":{"@id":"https:\/\/www.csj-emballages.com\/pt-pt\/#website"},"primaryImageOfPage":{"@id":"https:\/\/www.csj-emballages.com\/pt-pt\/produit\/4-4-de-lata-de-massa-de-fruta-williams-pear-1-2\/#primaryimage"},"image":{"@id":"https:\/\/www.csj-emballages.com\/pt-pt\/produit\/4-4-de-lata-de-massa-de-fruta-williams-pear-1-2\/#primaryimage"},"thumbnailUrl":"https:\/\/www.csj-emballages.com\/wp-content\/uploads\/2024\/05\/020122.webp","datePublished":"2024-05-22T09:12:15+00:00","dateModified":"2026-04-14T00:10:22+00:00","description":"Metades de pera Williams em conserva em lata 4\/4: frutas macias, prontas a usar, ideais para sobremesas, pastelaria e cozinhas profissionais.","breadcrumb":{"@id":"https:\/\/www.csj-emballages.com\/pt-pt\/produit\/4-4-de-lata-de-massa-de-fruta-williams-pear-1-2\/#breadcrumb"},"inLanguage":"pt-PT","potentialAction":[{"@type":"ReadAction","target":["https:\/\/www.csj-emballages.com\/pt-pt\/produit\/4-4-de-lata-de-massa-de-fruta-williams-pear-1-2\/"]}]},{"@type":"ImageObject","inLanguage":"pt-PT","@id":"https:\/\/www.csj-emballages.com\/pt-pt\/produit\/4-4-de-lata-de-massa-de-fruta-williams-pear-1-2\/#primaryimage","url":"https:\/\/www.csj-emballages.com\/wp-content\/uploads\/2024\/05\/020122.webp","contentUrl":"https:\/\/www.csj-emballages.com\/wp-content\/uploads\/2024\/05\/020122.webp","width":800,"height":800,"caption":"Demi-poires"},{"@type":"BreadcrumbList","@id":"https:\/\/www.csj-emballages.com\/pt-pt\/produit\/4-4-de-lata-de-massa-de-fruta-williams-pear-1-2\/#breadcrumb","itemListElement":[{"@type":"ListItem","position":1,"name":"Acolhimento","item":"https:\/\/www.csj-emballages.com\/pt-pt\/universo-das-embalagens-alimentares\/"},{"@type":"ListItem","position":2,"name":"Shop","item":"https:\/\/www.csj-emballages.com\/shop\/"},{"@type":"ListItem","position":3,"name":"Metades de Pera Williams em conserva em lata 4\/4"}]},{"@type":"WebSite","@id":"https:\/\/www.csj-emballages.com\/pt-pt\/#website","url":"https:\/\/www.csj-emballages.com\/pt-pt\/","name":"CSJ Emballages","description":"","publisher":{"@id":"https:\/\/www.csj-emballages.com\/pt-pt\/#organization"},"potentialAction":[{"@type":"SearchAction","target":{"@type":"EntryPoint","urlTemplate":"https:\/\/www.csj-emballages.com\/pt-pt\/?s={search_term_string}"},"query-input":{"@type":"PropertyValueSpecification","valueRequired":true,"valueName":"search_term_string"}}],"inLanguage":"pt-PT"},{"@type":"Organization","@id":"https:\/\/www.csj-emballages.com\/pt-pt\/#Organization\/","name":"CSJ Emballages","url":"https:\/\/www.csj-emballages.com\/pt-pt\/","logo":{"@type":"ImageObject","inLanguage":"pt-PT","@id":"https:\/\/www.csj-emballages.com\/pt-pt\/#\/schema\/logo\/image\/","url":"https:\/\/www.csj-emballages.com\/wp-content\/uploads\/2023\/10\/logo_csj.webp","contentUrl":"https:\/\/www.csj-emballages.com\/wp-content\/uploads\/2023\/10\/logo_csj.webp","width":250,"height":95,"caption":"CSJ Emballages"},"image":{"@id":"https:\/\/www.csj-emballages.com\/pt-pt\/#\/schema\/logo\/image\/"},"sameAs":["https:\/\/www.facebook.com\/csjemballages"],"address":{"@type":"PostalAddress","streetAddress":"ZI La Lechere","addressLocality":"Patornay","postalCode":"39130","addressCountry":"FR"},"contactPoint":[{"@type":"ContactPoint","contactType":"Service client","telephone":"0384254272","email":"contact@csj-emballages.com"}]}]}},"df_price":3.34,"df_sale_price":"","df_regular_price":3.34,"df_image_link":"https:\/\/www.csj-emballages.com\/wp-content\/uploads\/2024\/05\/020122-300x300.webp","tiered_pricing_type":"fixed","tiered_pricing_fixed_rules":[],"tiered_pricing_percentage_rules":[],"tiered_pricing_minimum":1,"tiered_pricing_roles_data":[],"_links":{"self":[{"href":"https:\/\/www.csj-emballages.com\/pt-pt\/wp-json\/wp\/v2\/product\/16872","targetHints":{"allow":["GET"]}}],"collection":[{"href":"https:\/\/www.csj-emballages.com\/pt-pt\/wp-json\/wp\/v2\/product"}],"about":[{"href":"https:\/\/www.csj-emballages.com\/pt-pt\/wp-json\/wp\/v2\/types\/product"}],"wp:featuredmedia":[{"embeddable":true,"href":"https:\/\/www.csj-emballages.com\/pt-pt\/wp-json\/wp\/v2\/media\/260898"}],"wp:attachment":[{"href":"https:\/\/www.csj-emballages.com\/pt-pt\/wp-json\/wp\/v2\/media?parent=16872"}],"wp:term":[{"taxonomy":"product_brand","embeddable":true,"href":"https:\/\/www.csj-emballages.com\/pt-pt\/wp-json\/wp\/v2\/product_brand?post=16872"},{"taxonomy":"product_cat","embeddable":true,"href":"https:\/\/www.csj-emballages.com\/pt-pt\/wp-json\/wp\/v2\/product_cat?post=16872"},{"taxonomy":"product_tag","embeddable":true,"href":"https:\/\/www.csj-emballages.com\/pt-pt\/wp-json\/wp\/v2\/product_tag?post=16872"}],"curies":[{"name":"wp","href":"https:\/\/api.w.org\/{rel}","templated":true}]}}