{"id":16855,"date":"2024-05-22T11:12:04","date_gmt":"2024-05-22T09:12:04","guid":{"rendered":"https:\/\/u15jnbdpoq.preview.infomaniak.website\/produit\/4-4-de-lata-de-alperces-de-qualidade-superior-nao-descascados\/"},"modified":"2026-03-12T16:00:33","modified_gmt":"2026-03-12T15:00:33","slug":"4-4-de-lata-de-alperces-de-qualidade-superior-nao-descascados","status":"publish","type":"product","link":"https:\/\/www.csj-emballages.com\/pt-pt\/produit\/4-4-de-lata-de-alperces-de-qualidade-superior-nao-descascados\/","title":{"rendered":"Metades de alperces com pele, conservadas em lata 4\/4"},"content":{"rendered":"<h2>Metades de alperces com pele<\/h2>\n<hr>\n<p><span style=\"font-size: 18.72px;\"><b>Descubra as nossas metades de alperces com pele, conservadas em lata 4\/4<\/b><\/span><!--more--><\/p>\n<p data-start=\"243\" data-end=\"648\">Estas <strong data-start=\"247\" data-end=\"281\">metades de alperces com pele<\/strong> s\u00e3o uma verdadeira solu\u00e7\u00e3o para poupar tempo, tanto para profissionais como para amantes de sobremesas caseiras. Selecionados no ponto de matura\u00e7\u00e3o ideal, os <strong>frutos s\u00e3o cortados<\/strong> com cuidado e, em seguida, <strong>conservados<\/strong> para manter a sua cor, textura e, sobretudo, o seu sabor naturalmente frutado. O facto de manter a pele confere um aspeto mais aut\u00eantico e uma melhor consist\u00eancia ao cozinhar.  <\/p>\n<p data-start=\"650\" data-end=\"1020\">Assim que se abre a <strong>lata 4\/4<\/strong>, descobrem-se metades bem formadas, regulares e macias, prontas a serem utilizadas. S\u00e3o f\u00e1ceis de trabalhar e integram-se tanto em prepara\u00e7\u00f5es simples como em receitas mais elaboradas. <strong>Tartes, clafoutis, sobremesas, saladas de frutas<\/strong> ou acompanhamentos agridoces: estes <strong>alperces<\/strong> adaptam-se a todos os desejos. <\/p>\n<p data-start=\"1022\" data-end=\"1364\">Gra\u00e7as \u00e0 sua embalagem de grande formato, s\u00e3o perfeitos para restaurantes, empresas de catering, pastelarias ou institui\u00e7\u00f5es. Poupa tempo na cozinha, mantendo uma qualidade constante de um servi\u00e7o para o outro. Al\u00e9m disso, o seu sabor equilibrado permite limitar a adi\u00e7\u00e3o de a\u00e7\u00facar nas receitas, o que \u00e9 sempre uma mais-valia.  <\/p>\n<p data-start=\"1366\" data-end=\"1612\">Outra vantagem importante: a sua conserva\u00e7\u00e3o de longa dura\u00e7\u00e3o permite utiliz\u00e1-los durante todo o ano, mesmo fora de \u00e9poca. Desta forma, pode propor sobremesas com notas de ver\u00e3o em qualquer altura, sem restri\u00e7\u00f5es de fornecimento. <\/p>\n<p data-start=\"1614\" data-end=\"1822\">Em resumo, estas <strong>metades de alperces<\/strong> s\u00e3o pr\u00e1ticas, vers\u00e1teis e fi\u00e1veis. Oferecem uma base de trabalho ideal para todas as prepara\u00e7\u00f5es em que o fruto deve permanecer vis\u00edvel, apetitoso e agrad\u00e1vel na boca. <\/p>\n<p data-start=\"1614\" data-end=\"1822\">\n<p data-start=\"1614\" data-end=\"1822\"><!--more--><\/p>\n<h4 data-start=\"1614\" data-end=\"1822\">Vantagens :<\/h4>\n<ul>\n<li data-start=\"1850\" data-end=\"1886\"><strong>Metades regulares<\/strong> e bem formadas<\/li>\n<li data-start=\"1889\" data-end=\"1928\">Textura macia com boa consist\u00eancia<\/li>\n<li data-start=\"1931\" data-end=\"1978\">Alperces com pele para um resultado mais natural<\/li>\n<li data-start=\"1981\" data-end=\"2025\"><strong>Grande formato 4\/4<\/strong> adequado para profissionais<\/li>\n<li data-start=\"2028\" data-end=\"2068\">Utiliza\u00e7\u00e3o r\u00e1pida e sem prepara\u00e7\u00e3o.<\/li>\n<\/ul>\n<p>&nbsp;<\/p>\n<p><!--more--><\/p>\n<h4>Outras informa\u00e7\u00f5es :<\/h4>\n<ul>\n<li><strong>Embalagem<\/strong>: Caixa 4\/4<\/li>\n<li><strong>Peso l\u00edquido escorrido<\/strong>: 475 g<\/li>\n<li><strong>Peso m\u00e9dio de uma metade<\/strong>: 11 a 13 g<\/li>\n<li><strong>Di\u00e2metro m\u00e9dio<\/strong>: 32 a 37 mm<\/li>\n<li><strong>N\u00famero de metades<\/strong>: 40 a 45<\/li>\n<\/ul>\n<p>&nbsp;<\/p>\n<p><!--more--><\/p>\n<p><a href=\"https:\/\/www.csj-emballages.com\/pt-pt\/categorie-produit\/alimentacao-pt-pt\/alimentacao\/frutos-secos-e-frutos-em-calda\/damasco\/\">Consulte o resto da nossa gama de alperces em calda<\/a><\/p>\n","protected":false},"excerpt":{"rendered":"<p>Metades de alperces com pele Descubra as nossas metades de alperces com pele, conservadas em lata 4\/4<\/p>\n","protected":false},"featured_media":260815,"template":"","meta":{"_acf_changed":false},"product_brand":[],"product_cat":[1151,1184,1197,5927],"product_tag":[],"class_list":{"0":"post-16855","1":"product","2":"type-product","3":"status-publish","4":"has-post-thumbnail","6":"product_cat-alimentacao-pt-pt","7":"product_cat-alimentacao","8":"product_cat-frutos-secos-e-frutos-em-calda","9":"product_cat-damasco","11":"first","12":"instock","13":"featured","14":"taxable","15":"shipping-taxable","16":"purchasable","17":"product-type-simple"},"acf":[],"yoast_head":"<!-- This site is optimized with the Yoast SEO Premium plugin v26.6 (Yoast SEO v26.6) - https:\/\/yoast.com\/wordpress\/plugins\/seo\/ -->\n<title>Metades de Alperces com Pele, Conservadas em Lata 4\/4<\/title>\n<meta name=\"description\" content=\"Metades de alperces com pele, conservadas em lata 4\/4. Formato profissional, textura macia e sabor frutado para todas as suas receitas doces.\" \/>\n<meta name=\"robots\" content=\"index, follow, max-snippet:-1, max-image-preview:large, max-video-preview:-1\" \/>\n<link rel=\"canonical\" href=\"https:\/\/www.csj-emballages.com\/pt-pt\/produit\/4-4-de-lata-de-alperces-de-qualidade-superior-nao-descascados\/\" \/>\n<meta property=\"og:locale\" content=\"pt_PT\" \/>\n<meta property=\"og:type\" content=\"article\" \/>\n<meta property=\"og:title\" content=\"Metades de alperces com pele, conservadas em lata 4\/4\" \/>\n<meta property=\"og:description\" content=\"Metades de alperces com pele, conservadas em lata 4\/4. Formato profissional, textura macia e sabor frutado para todas as suas receitas doces.\" \/>\n<meta property=\"og:url\" content=\"https:\/\/www.csj-emballages.com\/pt-pt\/produit\/4-4-de-lata-de-alperces-de-qualidade-superior-nao-descascados\/\" \/>\n<meta property=\"og:site_name\" content=\"CSJ Emballages\" \/>\n<meta property=\"article:publisher\" content=\"https:\/\/www.facebook.com\/csjemballages\" \/>\n<meta property=\"article:modified_time\" content=\"2026-03-12T15:00:33+00:00\" \/>\n<meta property=\"og:image\" content=\"https:\/\/www.csj-emballages.com\/wp-content\/uploads\/2024\/05\/010124.webp\" \/>\n\t<meta property=\"og:image:width\" content=\"800\" \/>\n\t<meta property=\"og:image:height\" content=\"800\" \/>\n\t<meta property=\"og:image:type\" content=\"image\/webp\" \/>\n<meta name=\"twitter:card\" content=\"summary_large_image\" \/>\n<meta name=\"twitter:label1\" content=\"Tempo estimado de leitura\" \/>\n\t<meta name=\"twitter:data1\" content=\"2 minutos\" \/>\n<script type=\"application\/ld+json\" class=\"yoast-schema-graph\">{\"@context\":\"https:\/\/schema.org\",\"@graph\":[{\"@type\":\"WebPage\",\"@id\":\"https:\/\/www.csj-emballages.com\/pt-pt\/produit\/4-4-de-lata-de-alperces-de-qualidade-superior-nao-descascados\/\",\"url\":\"https:\/\/www.csj-emballages.com\/pt-pt\/produit\/4-4-de-lata-de-alperces-de-qualidade-superior-nao-descascados\/\",\"name\":\"Metades de Alperces com Pele, Conservadas em Lata 4\/4\",\"isPartOf\":{\"@id\":\"https:\/\/www.csj-emballages.com\/pt-pt\/#website\"},\"primaryImageOfPage\":{\"@id\":\"https:\/\/www.csj-emballages.com\/pt-pt\/produit\/4-4-de-lata-de-alperces-de-qualidade-superior-nao-descascados\/#primaryimage\"},\"image\":{\"@id\":\"https:\/\/www.csj-emballages.com\/pt-pt\/produit\/4-4-de-lata-de-alperces-de-qualidade-superior-nao-descascados\/#primaryimage\"},\"thumbnailUrl\":\"https:\/\/www.csj-emballages.com\/wp-content\/uploads\/2024\/05\/010124.webp\",\"datePublished\":\"2024-05-22T09:12:04+00:00\",\"dateModified\":\"2026-03-12T15:00:33+00:00\",\"description\":\"Metades de alperces com pele, conservadas em lata 4\/4. Formato profissional, textura macia e sabor frutado para todas as suas receitas doces.\",\"breadcrumb\":{\"@id\":\"https:\/\/www.csj-emballages.com\/pt-pt\/produit\/4-4-de-lata-de-alperces-de-qualidade-superior-nao-descascados\/#breadcrumb\"},\"inLanguage\":\"pt-PT\",\"potentialAction\":[{\"@type\":\"ReadAction\",\"target\":[\"https:\/\/www.csj-emballages.com\/pt-pt\/produit\/4-4-de-lata-de-alperces-de-qualidade-superior-nao-descascados\/\"]}]},{\"@type\":\"ImageObject\",\"inLanguage\":\"pt-PT\",\"@id\":\"https:\/\/www.csj-emballages.com\/pt-pt\/produit\/4-4-de-lata-de-alperces-de-qualidade-superior-nao-descascados\/#primaryimage\",\"url\":\"https:\/\/www.csj-emballages.com\/wp-content\/uploads\/2024\/05\/010124.webp\",\"contentUrl\":\"https:\/\/www.csj-emballages.com\/wp-content\/uploads\/2024\/05\/010124.webp\",\"width\":800,\"height\":800,\"caption\":\"Oreillons d'abricots\"},{\"@type\":\"BreadcrumbList\",\"@id\":\"https:\/\/www.csj-emballages.com\/pt-pt\/produit\/4-4-de-lata-de-alperces-de-qualidade-superior-nao-descascados\/#breadcrumb\",\"itemListElement\":[{\"@type\":\"ListItem\",\"position\":1,\"name\":\"Acolhimento\",\"item\":\"https:\/\/www.csj-emballages.com\/pt-pt\/universo-das-embalagens-alimentares\/\"},{\"@type\":\"ListItem\",\"position\":2,\"name\":\"Shop\",\"item\":\"https:\/\/www.csj-emballages.com\/shop\/\"},{\"@type\":\"ListItem\",\"position\":3,\"name\":\"Metades de alperces com pele, conservadas em lata 4\/4\"}]},{\"@type\":\"WebSite\",\"@id\":\"https:\/\/www.csj-emballages.com\/pt-pt\/#website\",\"url\":\"https:\/\/www.csj-emballages.com\/pt-pt\/\",\"name\":\"CSJ Emballages\",\"description\":\"\",\"publisher\":{\"@id\":\"https:\/\/www.csj-emballages.com\/pt-pt\/#organization\"},\"potentialAction\":[{\"@type\":\"SearchAction\",\"target\":{\"@type\":\"EntryPoint\",\"urlTemplate\":\"https:\/\/www.csj-emballages.com\/pt-pt\/?s={search_term_string}\"},\"query-input\":{\"@type\":\"PropertyValueSpecification\",\"valueRequired\":true,\"valueName\":\"search_term_string\"}}],\"inLanguage\":\"pt-PT\"},{\"@type\":\"Organization\",\"@id\":\"https:\/\/www.csj-emballages.com\/pt-pt\/#Organization\/\",\"name\":\"CSJ Emballages\",\"url\":\"https:\/\/www.csj-emballages.com\/pt-pt\/\",\"logo\":{\"@type\":\"ImageObject\",\"inLanguage\":\"pt-PT\",\"@id\":\"https:\/\/www.csj-emballages.com\/pt-pt\/#\/schema\/logo\/image\/\",\"url\":\"https:\/\/www.csj-emballages.com\/wp-content\/uploads\/2023\/10\/logo_csj.webp\",\"contentUrl\":\"https:\/\/www.csj-emballages.com\/wp-content\/uploads\/2023\/10\/logo_csj.webp\",\"width\":250,\"height\":95,\"caption\":\"CSJ Emballages\"},\"image\":{\"@id\":\"https:\/\/www.csj-emballages.com\/pt-pt\/#\/schema\/logo\/image\/\"},\"sameAs\":[\"https:\/\/www.facebook.com\/csjemballages\"],\"address\":{\"@type\":\"PostalAddress\",\"streetAddress\":\"ZI La Lechere\",\"addressLocality\":\"Patornay\",\"postalCode\":\"39130\",\"addressCountry\":\"FR\"},\"contactPoint\":[{\"@type\":\"ContactPoint\",\"contactType\":\"Service client\",\"telephone\":\"0384254272\",\"email\":\"contact@csj-emballages.com\"}]}]}<\/script>\n<!-- \/ Yoast SEO Premium plugin. -->","yoast_head_json":{"title":"Metades de Alperces com Pele, Conservadas em Lata 4\/4","description":"Metades de alperces com pele, conservadas em lata 4\/4. Formato profissional, textura macia e sabor frutado para todas as suas receitas doces.","robots":{"index":"index","follow":"follow","max-snippet":"max-snippet:-1","max-image-preview":"max-image-preview:large","max-video-preview":"max-video-preview:-1"},"canonical":"https:\/\/www.csj-emballages.com\/pt-pt\/produit\/4-4-de-lata-de-alperces-de-qualidade-superior-nao-descascados\/","og_locale":"pt_PT","og_type":"article","og_title":"Metades de alperces com pele, conservadas em lata 4\/4","og_description":"Metades de alperces com pele, conservadas em lata 4\/4. Formato profissional, textura macia e sabor frutado para todas as suas receitas doces.","og_url":"https:\/\/www.csj-emballages.com\/pt-pt\/produit\/4-4-de-lata-de-alperces-de-qualidade-superior-nao-descascados\/","og_site_name":"CSJ Emballages","article_publisher":"https:\/\/www.facebook.com\/csjemballages","article_modified_time":"2026-03-12T15:00:33+00:00","og_image":[{"width":800,"height":800,"url":"https:\/\/www.csj-emballages.com\/wp-content\/uploads\/2024\/05\/010124.webp","type":"image\/webp"}],"twitter_card":"summary_large_image","twitter_misc":{"Tempo estimado de leitura":"2 minutos"},"schema":{"@context":"https:\/\/schema.org","@graph":[{"@type":"WebPage","@id":"https:\/\/www.csj-emballages.com\/pt-pt\/produit\/4-4-de-lata-de-alperces-de-qualidade-superior-nao-descascados\/","url":"https:\/\/www.csj-emballages.com\/pt-pt\/produit\/4-4-de-lata-de-alperces-de-qualidade-superior-nao-descascados\/","name":"Metades de Alperces com Pele, Conservadas em Lata 4\/4","isPartOf":{"@id":"https:\/\/www.csj-emballages.com\/pt-pt\/#website"},"primaryImageOfPage":{"@id":"https:\/\/www.csj-emballages.com\/pt-pt\/produit\/4-4-de-lata-de-alperces-de-qualidade-superior-nao-descascados\/#primaryimage"},"image":{"@id":"https:\/\/www.csj-emballages.com\/pt-pt\/produit\/4-4-de-lata-de-alperces-de-qualidade-superior-nao-descascados\/#primaryimage"},"thumbnailUrl":"https:\/\/www.csj-emballages.com\/wp-content\/uploads\/2024\/05\/010124.webp","datePublished":"2024-05-22T09:12:04+00:00","dateModified":"2026-03-12T15:00:33+00:00","description":"Metades de alperces com pele, conservadas em lata 4\/4. Formato profissional, textura macia e sabor frutado para todas as suas receitas doces.","breadcrumb":{"@id":"https:\/\/www.csj-emballages.com\/pt-pt\/produit\/4-4-de-lata-de-alperces-de-qualidade-superior-nao-descascados\/#breadcrumb"},"inLanguage":"pt-PT","potentialAction":[{"@type":"ReadAction","target":["https:\/\/www.csj-emballages.com\/pt-pt\/produit\/4-4-de-lata-de-alperces-de-qualidade-superior-nao-descascados\/"]}]},{"@type":"ImageObject","inLanguage":"pt-PT","@id":"https:\/\/www.csj-emballages.com\/pt-pt\/produit\/4-4-de-lata-de-alperces-de-qualidade-superior-nao-descascados\/#primaryimage","url":"https:\/\/www.csj-emballages.com\/wp-content\/uploads\/2024\/05\/010124.webp","contentUrl":"https:\/\/www.csj-emballages.com\/wp-content\/uploads\/2024\/05\/010124.webp","width":800,"height":800,"caption":"Oreillons d'abricots"},{"@type":"BreadcrumbList","@id":"https:\/\/www.csj-emballages.com\/pt-pt\/produit\/4-4-de-lata-de-alperces-de-qualidade-superior-nao-descascados\/#breadcrumb","itemListElement":[{"@type":"ListItem","position":1,"name":"Acolhimento","item":"https:\/\/www.csj-emballages.com\/pt-pt\/universo-das-embalagens-alimentares\/"},{"@type":"ListItem","position":2,"name":"Shop","item":"https:\/\/www.csj-emballages.com\/shop\/"},{"@type":"ListItem","position":3,"name":"Metades de alperces com pele, conservadas em lata 4\/4"}]},{"@type":"WebSite","@id":"https:\/\/www.csj-emballages.com\/pt-pt\/#website","url":"https:\/\/www.csj-emballages.com\/pt-pt\/","name":"CSJ Emballages","description":"","publisher":{"@id":"https:\/\/www.csj-emballages.com\/pt-pt\/#organization"},"potentialAction":[{"@type":"SearchAction","target":{"@type":"EntryPoint","urlTemplate":"https:\/\/www.csj-emballages.com\/pt-pt\/?s={search_term_string}"},"query-input":{"@type":"PropertyValueSpecification","valueRequired":true,"valueName":"search_term_string"}}],"inLanguage":"pt-PT"},{"@type":"Organization","@id":"https:\/\/www.csj-emballages.com\/pt-pt\/#Organization\/","name":"CSJ Emballages","url":"https:\/\/www.csj-emballages.com\/pt-pt\/","logo":{"@type":"ImageObject","inLanguage":"pt-PT","@id":"https:\/\/www.csj-emballages.com\/pt-pt\/#\/schema\/logo\/image\/","url":"https:\/\/www.csj-emballages.com\/wp-content\/uploads\/2023\/10\/logo_csj.webp","contentUrl":"https:\/\/www.csj-emballages.com\/wp-content\/uploads\/2023\/10\/logo_csj.webp","width":250,"height":95,"caption":"CSJ Emballages"},"image":{"@id":"https:\/\/www.csj-emballages.com\/pt-pt\/#\/schema\/logo\/image\/"},"sameAs":["https:\/\/www.facebook.com\/csjemballages"],"address":{"@type":"PostalAddress","streetAddress":"ZI La Lechere","addressLocality":"Patornay","postalCode":"39130","addressCountry":"FR"},"contactPoint":[{"@type":"ContactPoint","contactType":"Service client","telephone":"0384254272","email":"contact@csj-emballages.com"}]}]}},"df_price":2.79,"df_sale_price":"","df_regular_price":2.79,"df_image_link":"https:\/\/www.csj-emballages.com\/wp-content\/uploads\/2024\/05\/010124-300x300.webp","tiered_pricing_type":"fixed","tiered_pricing_fixed_rules":[],"tiered_pricing_percentage_rules":[],"tiered_pricing_minimum":1,"tiered_pricing_roles_data":[],"_links":{"self":[{"href":"https:\/\/www.csj-emballages.com\/pt-pt\/wp-json\/wp\/v2\/product\/16855","targetHints":{"allow":["GET"]}}],"collection":[{"href":"https:\/\/www.csj-emballages.com\/pt-pt\/wp-json\/wp\/v2\/product"}],"about":[{"href":"https:\/\/www.csj-emballages.com\/pt-pt\/wp-json\/wp\/v2\/types\/product"}],"wp:featuredmedia":[{"embeddable":true,"href":"https:\/\/www.csj-emballages.com\/pt-pt\/wp-json\/wp\/v2\/media\/260815"}],"wp:attachment":[{"href":"https:\/\/www.csj-emballages.com\/pt-pt\/wp-json\/wp\/v2\/media?parent=16855"}],"wp:term":[{"taxonomy":"product_brand","embeddable":true,"href":"https:\/\/www.csj-emballages.com\/pt-pt\/wp-json\/wp\/v2\/product_brand?post=16855"},{"taxonomy":"product_cat","embeddable":true,"href":"https:\/\/www.csj-emballages.com\/pt-pt\/wp-json\/wp\/v2\/product_cat?post=16855"},{"taxonomy":"product_tag","embeddable":true,"href":"https:\/\/www.csj-emballages.com\/pt-pt\/wp-json\/wp\/v2\/product_tag?post=16855"}],"curies":[{"name":"wp","href":"https:\/\/api.w.org\/{rel}","templated":true}]}}