{"id":16845,"date":"2024-05-16T09:19:33","date_gmt":"2024-05-16T07:19:33","guid":{"rendered":"https:\/\/u15jnbdpoq.preview.infomaniak.website\/produit\/1000-bolsas-para-guias-de-remessa-225-x-155-mm-documentos-anexos\/"},"modified":"2026-04-29T02:16:47","modified_gmt":"2026-04-29T00:16:47","slug":"1000-bolsas-para-guias-de-remessa-225-x-155-mm-documentos-anexos","status":"publish","type":"product","link":"https:\/\/www.csj-emballages.com\/pt-pt\/produit\/1000-bolsas-para-guias-de-remessa-225-x-155-mm-documentos-anexos\/","title":{"rendered":"Envelope de expedi\u00e7\u00e3o 225 x 155 mm documentos inclu\u00eddos por 1000"},"content":{"rendered":"<h2>Envelope de expedi\u00e7\u00e3o<\/h2>\n<hr>\n<h3>Descubra o nosso envelope de expedi\u00e7\u00e3o 225 x 155 mm documentos inclu\u00eddos por 1000<\/h3>\n<p><!--more--><\/p>\n<div class=\"flex-shrink-0 flex flex-col relative items-end\">\n<div class=\"pt-0.5 juice:pt-0\">\n<div class=\"gizmo-bot-avatar flex h-6 w-6 items-center justify-center overflow-hidden rounded-full juice:h-8 juice:w-8\">\n<div class=\"relative p-1 rounded-sm flex items-center justify-center bg-token-main-surface-primary text-token-text-primary h-8 w-8\">\n<p data-start=\"248\" data-end=\"636\">Durante um envio, um documento esquecido ou mal colocado pode rapidamente complicar as coisas. Com este <strong data-start=\"341\" data-end=\"400\">envelope de expedi\u00e7\u00e3o \u201cDocuments Enclosed\u201d 225 x 155 mm<\/strong><span dir=\"auto\">, <\/span><strong data-start=\"527\" data-end=\"593\">junte uma guia de remessa, uma fatura ou qualquer outro documento importante. <\/strong>  <\/p>\n<p data-start=\"248\" data-end=\"636\">O seu formato \u00e9 perfeitamente adequado aos documentos dobrados, mantendo-se discreto na encomenda. Uma vez colado, o <strong>envelope protege eficazmente os pap\u00e9is<\/strong> contra a humidade, fric\u00e7\u00e3o e manipula\u00e7\u00f5es relacionadas com o transporte. As informa\u00e7\u00f5es permanecem vis\u00edveis, limpas e facilmente acess\u00edveis, o que simplifica o trabalho dos transportadores e do destinat\u00e1rio.  <\/p>\n<p data-start=\"1016\" data-end=\"1358\">A men\u00e7\u00e3o <strong data-start=\"1027\" data-end=\"1051\">\u201cDocuments Enclosed\u201d<\/strong>, bem leg\u00edvel, chama imediatamente a aten\u00e7\u00e3o. Permite identificar rapidamente a presen\u00e7a de documentos anexos, o que evita esquecimentos, erros de processamento e perdas de tempo. \u00c9 uma mais-valia para melhorar a fluidez das expedi\u00e7\u00f5es e refor\u00e7ar o lado profissional de cada envio.  <\/p>\n<p data-start=\"1360\" data-end=\"1629\">Proposto <strong data-start=\"1369\" data-end=\"1388\">em lote de 1000<\/strong>, este <strong>envelope<\/strong> \u00e9 ideal para empresas que expedem regularmente: <strong>e-commerce, plataformas log\u00edsticas, escrit\u00f3rios ou servi\u00e7os administrativos<\/strong>. Integra-se facilmente num processo de envio existente, sem alterar os h\u00e1bitos. <\/p>\n<p data-start=\"1631\" data-end=\"1776\">Em resumo, este <strong>envelope de expedi\u00e7\u00e3o<\/strong> \u00e9 uma pequena ferramenta simples, mas essencial, para envios mais organizados, mais claros e mais eficazes.<\/p>\n<p data-start=\"1631\" data-end=\"1776\">\n<\/div>\n<\/div>\n<\/div>\n<\/div>\n<p><!--more--><\/p>\n<p><strong>Vantagens :<\/strong><\/p>\n<ul>\n<li data-start=\"1804\" data-end=\"1852\">Permite juntar fatura ou guia de remessa.<\/li>\n<li data-start=\"1855\" data-end=\"1886\"><span dir=\"auto\"><span dir=\"auto\">Formato 225 x 155.<\/span><\/span><\/li>\n<li data-start=\"1977\" data-end=\"2010\">Facilita o trabalho log\u00edstico.<\/li>\n<li data-start=\"2013\" data-end=\"2043\">Embalagem econ\u00f3mica de <strong>1000 unidades<\/strong>.<\/li>\n<\/ul>\n<p>&nbsp;<\/p>\n<p><!--more--><\/p>\n<h4>Outras informa\u00e7\u00f5es :<\/h4>\n<ul>\n<li><strong>Embalagem<\/strong>: Caixa de 1000<\/li>\n<li><strong>Dimens\u00f5es<\/strong>: 225 x 155 mm<\/li>\n<\/ul>\n<p>&nbsp;<\/p>\n<p><!--more--><\/p>\n<p><a href=\"https:\/\/www.csj-emballages.com\/pt-pt\/universo-das-embalagens-industriais\/\">V\u00ea o resto do nosso mundo de embalagens industriais<\/a><\/p>\n","protected":false},"excerpt":{"rendered":"<p>Envelope de expedi\u00e7\u00e3o Descubra o nosso envelope de expedi\u00e7\u00e3o 225 x 155 mm documentos inclu\u00eddos por 1000<\/p>\n","protected":false},"featured_media":263275,"template":"","meta":{"_acf_changed":false},"product_brand":[],"product_cat":[1141,1208,1209],"product_tag":[],"class_list":{"0":"post-16845","1":"product","2":"type-product","3":"status-publish","4":"has-post-thumbnail","6":"product_cat-embalagem-de-alimentos","7":"product_cat-embalagens-industriais","8":"product_cat-bolsas-de-transporte","10":"first","11":"instock","12":"taxable","13":"shipping-taxable","14":"purchasable","15":"product-type-simple"},"acf":[],"yoast_head":"<!-- This site is optimized with the Yoast SEO Premium plugin v26.6 (Yoast SEO v26.6) - https:\/\/yoast.com\/wordpress\/plugins\/seo\/ -->\n<title>Envelope de Expedi\u00e7\u00e3o 225 x 155 mm documentos inclu\u00eddos por 1000<\/title>\n<meta name=\"description\" content=\"Envelope de expedi\u00e7\u00e3o 225x155 mm \u201cDocuments Enclosed\u201d por 1000. Solu\u00e7\u00e3o pr\u00e1tica para juntar fatura ou guia de remessa \u00e0s suas encomendas.\" \/>\n<meta name=\"robots\" content=\"index, follow, max-snippet:-1, max-image-preview:large, max-video-preview:-1\" \/>\n<link rel=\"canonical\" href=\"https:\/\/www.csj-emballages.com\/pt-pt\/produit\/1000-bolsas-para-guias-de-remessa-225-x-155-mm-documentos-anexos\/\" \/>\n<meta property=\"og:locale\" content=\"pt_PT\" \/>\n<meta property=\"og:type\" content=\"article\" \/>\n<meta property=\"og:title\" content=\"Envelope de expedi\u00e7\u00e3o 225 x 155 mm documentos inclu\u00eddos por 1000\" \/>\n<meta property=\"og:description\" content=\"Envelope de expedi\u00e7\u00e3o 225x155 mm \u201cDocuments Enclosed\u201d por 1000. Solu\u00e7\u00e3o pr\u00e1tica para juntar fatura ou guia de remessa \u00e0s suas encomendas.\" \/>\n<meta property=\"og:url\" content=\"https:\/\/www.csj-emballages.com\/pt-pt\/produit\/1000-bolsas-para-guias-de-remessa-225-x-155-mm-documentos-anexos\/\" \/>\n<meta property=\"og:site_name\" content=\"CSJ Emballages\" \/>\n<meta property=\"article:publisher\" content=\"https:\/\/www.facebook.com\/csjemballages\" \/>\n<meta property=\"article:modified_time\" content=\"2026-04-29T00:16:47+00:00\" \/>\n<meta property=\"og:image\" content=\"https:\/\/www.csj-emballages.com\/wp-content\/uploads\/2024\/05\/Pochette-dexpedition.webp\" \/>\n\t<meta property=\"og:image:width\" content=\"800\" \/>\n\t<meta property=\"og:image:height\" content=\"800\" \/>\n\t<meta property=\"og:image:type\" content=\"image\/webp\" \/>\n<meta name=\"twitter:card\" content=\"summary_large_image\" \/>\n<meta name=\"twitter:label1\" content=\"Tempo estimado de leitura\" \/>\n\t<meta name=\"twitter:data1\" content=\"1 minuto\" \/>\n<script type=\"application\/ld+json\" class=\"yoast-schema-graph\">{\"@context\":\"https:\/\/schema.org\",\"@graph\":[{\"@type\":\"WebPage\",\"@id\":\"https:\/\/www.csj-emballages.com\/pt-pt\/produit\/1000-bolsas-para-guias-de-remessa-225-x-155-mm-documentos-anexos\/\",\"url\":\"https:\/\/www.csj-emballages.com\/pt-pt\/produit\/1000-bolsas-para-guias-de-remessa-225-x-155-mm-documentos-anexos\/\",\"name\":\"Envelope de Expedi\u00e7\u00e3o 225 x 155 mm documentos inclu\u00eddos por 1000\",\"isPartOf\":{\"@id\":\"https:\/\/www.csj-emballages.com\/pt-pt\/#website\"},\"primaryImageOfPage\":{\"@id\":\"https:\/\/www.csj-emballages.com\/pt-pt\/produit\/1000-bolsas-para-guias-de-remessa-225-x-155-mm-documentos-anexos\/#primaryimage\"},\"image\":{\"@id\":\"https:\/\/www.csj-emballages.com\/pt-pt\/produit\/1000-bolsas-para-guias-de-remessa-225-x-155-mm-documentos-anexos\/#primaryimage\"},\"thumbnailUrl\":\"https:\/\/www.csj-emballages.com\/wp-content\/uploads\/2024\/05\/Pochette-dexpedition.webp\",\"datePublished\":\"2024-05-16T07:19:33+00:00\",\"dateModified\":\"2026-04-29T00:16:47+00:00\",\"description\":\"Envelope de expedi\u00e7\u00e3o 225x155 mm \u201cDocuments Enclosed\u201d por 1000. Solu\u00e7\u00e3o pr\u00e1tica para juntar fatura ou guia de remessa \u00e0s suas encomendas.\",\"breadcrumb\":{\"@id\":\"https:\/\/www.csj-emballages.com\/pt-pt\/produit\/1000-bolsas-para-guias-de-remessa-225-x-155-mm-documentos-anexos\/#breadcrumb\"},\"inLanguage\":\"pt-PT\",\"potentialAction\":[{\"@type\":\"ReadAction\",\"target\":[\"https:\/\/www.csj-emballages.com\/pt-pt\/produit\/1000-bolsas-para-guias-de-remessa-225-x-155-mm-documentos-anexos\/\"]}]},{\"@type\":\"ImageObject\",\"inLanguage\":\"pt-PT\",\"@id\":\"https:\/\/www.csj-emballages.com\/pt-pt\/produit\/1000-bolsas-para-guias-de-remessa-225-x-155-mm-documentos-anexos\/#primaryimage\",\"url\":\"https:\/\/www.csj-emballages.com\/wp-content\/uploads\/2024\/05\/Pochette-dexpedition.webp\",\"contentUrl\":\"https:\/\/www.csj-emballages.com\/wp-content\/uploads\/2024\/05\/Pochette-dexpedition.webp\",\"width\":800,\"height\":800,\"caption\":\"Pochette d'exp\u00e9dition\"},{\"@type\":\"BreadcrumbList\",\"@id\":\"https:\/\/www.csj-emballages.com\/pt-pt\/produit\/1000-bolsas-para-guias-de-remessa-225-x-155-mm-documentos-anexos\/#breadcrumb\",\"itemListElement\":[{\"@type\":\"ListItem\",\"position\":1,\"name\":\"Acolhimento\",\"item\":\"https:\/\/www.csj-emballages.com\/pt-pt\/universo-das-embalagens-alimentares\/\"},{\"@type\":\"ListItem\",\"position\":2,\"name\":\"Shop\",\"item\":\"https:\/\/www.csj-emballages.com\/shop\/\"},{\"@type\":\"ListItem\",\"position\":3,\"name\":\"Envelope de expedi\u00e7\u00e3o 225 x 155 mm documentos inclu\u00eddos por 1000\"}]},{\"@type\":\"WebSite\",\"@id\":\"https:\/\/www.csj-emballages.com\/pt-pt\/#website\",\"url\":\"https:\/\/www.csj-emballages.com\/pt-pt\/\",\"name\":\"CSJ Emballages\",\"description\":\"\",\"publisher\":{\"@id\":\"https:\/\/www.csj-emballages.com\/pt-pt\/#organization\"},\"potentialAction\":[{\"@type\":\"SearchAction\",\"target\":{\"@type\":\"EntryPoint\",\"urlTemplate\":\"https:\/\/www.csj-emballages.com\/pt-pt\/?s={search_term_string}\"},\"query-input\":{\"@type\":\"PropertyValueSpecification\",\"valueRequired\":true,\"valueName\":\"search_term_string\"}}],\"inLanguage\":\"pt-PT\"},{\"@type\":\"Organization\",\"@id\":\"https:\/\/www.csj-emballages.com\/pt-pt\/#Organization\/\",\"name\":\"CSJ Emballages\",\"url\":\"https:\/\/www.csj-emballages.com\/pt-pt\/\",\"logo\":{\"@type\":\"ImageObject\",\"inLanguage\":\"pt-PT\",\"@id\":\"https:\/\/www.csj-emballages.com\/pt-pt\/#\/schema\/logo\/image\/\",\"url\":\"https:\/\/www.csj-emballages.com\/wp-content\/uploads\/2023\/10\/logo_csj.webp\",\"contentUrl\":\"https:\/\/www.csj-emballages.com\/wp-content\/uploads\/2023\/10\/logo_csj.webp\",\"width\":250,\"height\":95,\"caption\":\"CSJ Emballages\"},\"image\":{\"@id\":\"https:\/\/www.csj-emballages.com\/pt-pt\/#\/schema\/logo\/image\/\"},\"sameAs\":[\"https:\/\/www.facebook.com\/csjemballages\"],\"address\":{\"@type\":\"PostalAddress\",\"streetAddress\":\"ZI La Lechere\",\"addressLocality\":\"Patornay\",\"postalCode\":\"39130\",\"addressCountry\":\"FR\"},\"contactPoint\":[{\"@type\":\"ContactPoint\",\"contactType\":\"Service client\",\"telephone\":\"0384254272\",\"email\":\"contact@csj-emballages.com\"}]}]}<\/script>\n<!-- \/ Yoast SEO Premium plugin. -->","yoast_head_json":{"title":"Envelope de Expedi\u00e7\u00e3o 225 x 155 mm documentos inclu\u00eddos por 1000","description":"Envelope de expedi\u00e7\u00e3o 225x155 mm \u201cDocuments Enclosed\u201d por 1000. Solu\u00e7\u00e3o pr\u00e1tica para juntar fatura ou guia de remessa \u00e0s suas encomendas.","robots":{"index":"index","follow":"follow","max-snippet":"max-snippet:-1","max-image-preview":"max-image-preview:large","max-video-preview":"max-video-preview:-1"},"canonical":"https:\/\/www.csj-emballages.com\/pt-pt\/produit\/1000-bolsas-para-guias-de-remessa-225-x-155-mm-documentos-anexos\/","og_locale":"pt_PT","og_type":"article","og_title":"Envelope de expedi\u00e7\u00e3o 225 x 155 mm documentos inclu\u00eddos por 1000","og_description":"Envelope de expedi\u00e7\u00e3o 225x155 mm \u201cDocuments Enclosed\u201d por 1000. Solu\u00e7\u00e3o pr\u00e1tica para juntar fatura ou guia de remessa \u00e0s suas encomendas.","og_url":"https:\/\/www.csj-emballages.com\/pt-pt\/produit\/1000-bolsas-para-guias-de-remessa-225-x-155-mm-documentos-anexos\/","og_site_name":"CSJ Emballages","article_publisher":"https:\/\/www.facebook.com\/csjemballages","article_modified_time":"2026-04-29T00:16:47+00:00","og_image":[{"width":800,"height":800,"url":"https:\/\/www.csj-emballages.com\/wp-content\/uploads\/2024\/05\/Pochette-dexpedition.webp","type":"image\/webp"}],"twitter_card":"summary_large_image","twitter_misc":{"Tempo estimado de leitura":"1 minuto"},"schema":{"@context":"https:\/\/schema.org","@graph":[{"@type":"WebPage","@id":"https:\/\/www.csj-emballages.com\/pt-pt\/produit\/1000-bolsas-para-guias-de-remessa-225-x-155-mm-documentos-anexos\/","url":"https:\/\/www.csj-emballages.com\/pt-pt\/produit\/1000-bolsas-para-guias-de-remessa-225-x-155-mm-documentos-anexos\/","name":"Envelope de Expedi\u00e7\u00e3o 225 x 155 mm documentos inclu\u00eddos por 1000","isPartOf":{"@id":"https:\/\/www.csj-emballages.com\/pt-pt\/#website"},"primaryImageOfPage":{"@id":"https:\/\/www.csj-emballages.com\/pt-pt\/produit\/1000-bolsas-para-guias-de-remessa-225-x-155-mm-documentos-anexos\/#primaryimage"},"image":{"@id":"https:\/\/www.csj-emballages.com\/pt-pt\/produit\/1000-bolsas-para-guias-de-remessa-225-x-155-mm-documentos-anexos\/#primaryimage"},"thumbnailUrl":"https:\/\/www.csj-emballages.com\/wp-content\/uploads\/2024\/05\/Pochette-dexpedition.webp","datePublished":"2024-05-16T07:19:33+00:00","dateModified":"2026-04-29T00:16:47+00:00","description":"Envelope de expedi\u00e7\u00e3o 225x155 mm \u201cDocuments Enclosed\u201d por 1000. Solu\u00e7\u00e3o pr\u00e1tica para juntar fatura ou guia de remessa \u00e0s suas encomendas.","breadcrumb":{"@id":"https:\/\/www.csj-emballages.com\/pt-pt\/produit\/1000-bolsas-para-guias-de-remessa-225-x-155-mm-documentos-anexos\/#breadcrumb"},"inLanguage":"pt-PT","potentialAction":[{"@type":"ReadAction","target":["https:\/\/www.csj-emballages.com\/pt-pt\/produit\/1000-bolsas-para-guias-de-remessa-225-x-155-mm-documentos-anexos\/"]}]},{"@type":"ImageObject","inLanguage":"pt-PT","@id":"https:\/\/www.csj-emballages.com\/pt-pt\/produit\/1000-bolsas-para-guias-de-remessa-225-x-155-mm-documentos-anexos\/#primaryimage","url":"https:\/\/www.csj-emballages.com\/wp-content\/uploads\/2024\/05\/Pochette-dexpedition.webp","contentUrl":"https:\/\/www.csj-emballages.com\/wp-content\/uploads\/2024\/05\/Pochette-dexpedition.webp","width":800,"height":800,"caption":"Pochette d'exp\u00e9dition"},{"@type":"BreadcrumbList","@id":"https:\/\/www.csj-emballages.com\/pt-pt\/produit\/1000-bolsas-para-guias-de-remessa-225-x-155-mm-documentos-anexos\/#breadcrumb","itemListElement":[{"@type":"ListItem","position":1,"name":"Acolhimento","item":"https:\/\/www.csj-emballages.com\/pt-pt\/universo-das-embalagens-alimentares\/"},{"@type":"ListItem","position":2,"name":"Shop","item":"https:\/\/www.csj-emballages.com\/shop\/"},{"@type":"ListItem","position":3,"name":"Envelope de expedi\u00e7\u00e3o 225 x 155 mm documentos inclu\u00eddos por 1000"}]},{"@type":"WebSite","@id":"https:\/\/www.csj-emballages.com\/pt-pt\/#website","url":"https:\/\/www.csj-emballages.com\/pt-pt\/","name":"CSJ Emballages","description":"","publisher":{"@id":"https:\/\/www.csj-emballages.com\/pt-pt\/#organization"},"potentialAction":[{"@type":"SearchAction","target":{"@type":"EntryPoint","urlTemplate":"https:\/\/www.csj-emballages.com\/pt-pt\/?s={search_term_string}"},"query-input":{"@type":"PropertyValueSpecification","valueRequired":true,"valueName":"search_term_string"}}],"inLanguage":"pt-PT"},{"@type":"Organization","@id":"https:\/\/www.csj-emballages.com\/pt-pt\/#Organization\/","name":"CSJ Emballages","url":"https:\/\/www.csj-emballages.com\/pt-pt\/","logo":{"@type":"ImageObject","inLanguage":"pt-PT","@id":"https:\/\/www.csj-emballages.com\/pt-pt\/#\/schema\/logo\/image\/","url":"https:\/\/www.csj-emballages.com\/wp-content\/uploads\/2023\/10\/logo_csj.webp","contentUrl":"https:\/\/www.csj-emballages.com\/wp-content\/uploads\/2023\/10\/logo_csj.webp","width":250,"height":95,"caption":"CSJ Emballages"},"image":{"@id":"https:\/\/www.csj-emballages.com\/pt-pt\/#\/schema\/logo\/image\/"},"sameAs":["https:\/\/www.facebook.com\/csjemballages"],"address":{"@type":"PostalAddress","streetAddress":"ZI La Lechere","addressLocality":"Patornay","postalCode":"39130","addressCountry":"FR"},"contactPoint":[{"@type":"ContactPoint","contactType":"Service client","telephone":"0384254272","email":"contact@csj-emballages.com"}]}]}},"df_price":57.22,"df_sale_price":"","df_regular_price":57.22,"df_image_link":"https:\/\/www.csj-emballages.com\/wp-content\/uploads\/2024\/05\/Pochette-dexpedition-300x300.webp","tiered_pricing_type":"fixed","tiered_pricing_fixed_rules":[],"tiered_pricing_percentage_rules":[],"tiered_pricing_minimum":1,"tiered_pricing_roles_data":[],"_links":{"self":[{"href":"https:\/\/www.csj-emballages.com\/pt-pt\/wp-json\/wp\/v2\/product\/16845","targetHints":{"allow":["GET"]}}],"collection":[{"href":"https:\/\/www.csj-emballages.com\/pt-pt\/wp-json\/wp\/v2\/product"}],"about":[{"href":"https:\/\/www.csj-emballages.com\/pt-pt\/wp-json\/wp\/v2\/types\/product"}],"wp:featuredmedia":[{"embeddable":true,"href":"https:\/\/www.csj-emballages.com\/pt-pt\/wp-json\/wp\/v2\/media\/263275"}],"wp:attachment":[{"href":"https:\/\/www.csj-emballages.com\/pt-pt\/wp-json\/wp\/v2\/media?parent=16845"}],"wp:term":[{"taxonomy":"product_brand","embeddable":true,"href":"https:\/\/www.csj-emballages.com\/pt-pt\/wp-json\/wp\/v2\/product_brand?post=16845"},{"taxonomy":"product_cat","embeddable":true,"href":"https:\/\/www.csj-emballages.com\/pt-pt\/wp-json\/wp\/v2\/product_cat?post=16845"},{"taxonomy":"product_tag","embeddable":true,"href":"https:\/\/www.csj-emballages.com\/pt-pt\/wp-json\/wp\/v2\/product_tag?post=16845"}],"curies":[{"name":"wp","href":"https:\/\/api.w.org\/{rel}","templated":true}]}}