{"id":16842,"date":"2024-05-22T11:12:30","date_gmt":"2024-05-22T09:12:30","guid":{"rendered":"https:\/\/u15jnbdpoq.preview.infomaniak.website\/produit\/3-1-caixa-de-cocktails-de-fruta\/"},"modified":"2026-04-30T02:10:17","modified_gmt":"2026-04-30T00:10:17","slug":"3-1-caixa-de-cocktails-de-fruta","status":"publish","type":"product","link":"https:\/\/www.csj-emballages.com\/pt-pt\/produit\/3-1-caixa-de-cocktails-de-fruta\/","title":{"rendered":"Cocktail de frutas em conserva em lata 3\/1"},"content":{"rendered":"<h2>Cocktail de frutas<\/h2>\n<hr>\n<h3>Descubra o nosso cocktail de frutas em conserva em lata 3\/1<!--more--><\/h3>\n<p data-start=\"218\" data-end=\"616\">Este <strong data-start=\"221\" data-end=\"266\">cocktail de frutas em conserva em lata 3\/1<\/strong> \u00e9 uma solu\u00e7\u00e3o pr\u00e1tica para adicionar facilmente um toque frutado e colorido \u00e0s suas sobremesas. Ao abrir, descobre-se uma mistura generosa de peda\u00e7os cuidadosamente cortados, banhados num xarope leve que respeita o sabor natural das frutas. O visual \u00e9 apetitoso, as cores s\u00e3o vivas e a textura permanece agrad\u00e1vel, mesmo ap\u00f3s o armazenamento.  <\/p>\n<p data-start=\"618\" data-end=\"1055\">Gra\u00e7as ao seu grande formato, este <strong>cocktail de frutas<\/strong> \u00e9 particularmente adequado para profissionais da restaura\u00e7\u00e3o, catering, coletividades ou pastelarias. Permite ganhar tempo na cozinha, garantindo uma regularidade perfeita nos preparativos. Seja para guarnecer uma <strong>salada de frutas, acompanhar uma sobremesa, enriquecer um buffet ou completar uma receita doce<\/strong>, utiliza-se facilmente e sem prepara\u00e7\u00e3o complexa.  <\/p>\n<p data-start=\"1057\" data-end=\"1330\">Da mesma forma, a <strong>lata 3\/1<\/strong> oferece um excelente compromisso entre quantidade e praticidade. Abre, serve e o produto est\u00e1 imediatamente pronto a usar. Isto permite gerir melhor os volumes, especialmente durante os servi\u00e7os com muita procura ou eventos com muitos convidados.  <\/p>\n<p data-start=\"1332\" data-end=\"1628\">Al\u00e9m disso, o <strong>xarope leve<\/strong> equilibra perfeitamente os sabores sem mascarar as frutas. O resultado permanece fresco na boca e agrad\u00e1vel de consumir, tanto sozinho como em acompanhamento. \u00c9 um produto vers\u00e1til, pensado para simplificar o dia a dia, garantindo uma apresenta\u00e7\u00e3o cuidada.  <\/p>\n<p data-start=\"1630\" data-end=\"1785\">Em resumo, este <strong>cocktail de frutas em conserva<\/strong> \u00e9 um valor seguro: simples de usar, visualmente atrativo e perfeitamente adequado para uso profissional.<\/p>\n<p data-start=\"1630\" data-end=\"1785\">\n<p><!--more--><\/p>\n<div style=\"font-family: Roboto, sans-serif;\">\n<div style=\"font-family: Roboto, sans-serif;\">\n<div style=\"font-family: Roboto, sans-serif;\">\n<div style=\"font-family: Roboto, sans-serif;\">\n<div style=\"font-family: Roboto, sans-serif;\">\n<div style=\"font-family: Roboto, sans-serif;\">\n<h4 style=\"text-align: left;\"><strong>Vantagens :<\/strong><\/h4>\n<ul>\n<li data-start=\"1813\" data-end=\"1854\"><strong>Mistura de frutas<\/strong> colorida e apetitosa.<\/li>\n<li data-start=\"1857\" data-end=\"1892\">Pronto a usar, sem prepara\u00e7\u00e3o.<\/li>\n<li data-start=\"1895\" data-end=\"1933\"><strong>Grande formato 3\/1<\/strong> ideal para profissionais.<\/li>\n<li data-start=\"1936\" data-end=\"1972\">Textura agrad\u00e1vel e sabor equilibrado.<\/li>\n<li data-start=\"1975\" data-end=\"2021\">Perfeito para sobremesas, buffets e pastelaria.<\/li>\n<\/ul>\n<\/div>\n<div style=\"font-family: Roboto, sans-serif;\"><\/div>\n<\/div>\n<\/div>\n<\/div>\n<\/div>\n<\/div>\n<p><!--more--><\/p>\n<div style=\"font-family: Roboto, sans-serif;\">\n<div style=\"font-family: Roboto, sans-serif;\">\n<div style=\"font-family: Roboto, sans-serif;\">\n<h4>Outras informa\u00e7\u00f5es :<\/h4>\n<ul>\n<li><strong>Embalagem<\/strong>: Caixa 3\/1<\/li>\n<li><strong>Dimens\u00f5es<\/strong>: 155 x 153 (\u00d8 x h em mm)<\/li>\n<li><strong>Capacidade<\/strong>: 2650 ml<\/li>\n<li><strong>Peso l\u00edquido escorrido<\/strong>: 1560 g<\/li>\n<li><strong>Tipo<\/strong>: Preservado<\/li>\n<li><strong>Tipo de fruta <\/strong>: Peras \/ P\u00eassegos \/ Ananases \/ Uvas \/ Bigarreaux<\/li>\n<\/ul>\n<\/div>\n<\/div>\n<\/div>\n<p>&nbsp;<\/p>\n<p><!--more--><\/p>\n<p>Clique aqui para ver o tamanho inferior deste produto: <span style=\"color: #d12727;\"><a style=\"color: #d12727;\" href=\"https:\/\/www.csj-emballages.com\/es\/produit\/4-4-lata-de-coctel-de-frutas\/\">Caixa 4\/4 Cocktail de Frutas<\/a><\/span><\/p>\n<p>&nbsp;<\/p>\n<div style=\"font-family: Roboto, sans-serif;\">\n<div style=\"font-family: Roboto, sans-serif;\">\n<div style=\"font-family: Roboto, sans-serif;\">\n<p><!--more--><\/p>\n<p><a href=\"https:\/\/www.csj-emballages.com\/pt-pt\/categorie-produit\/alimentacao-pt-pt\/alimentacao\/frutos-secos-e-frutos-em-calda\/cocktail-de-frutas\/\">Consulte o resto da nossa gama de cocktails de frutas em xarope<\/a><\/p>\n<\/div>\n<\/div>\n<\/div>\n","protected":false},"excerpt":{"rendered":"<p>Cocktail de frutas Descubra o nosso cocktail de frutas em conserva em lata 3\/1<\/p>\n","protected":false},"featured_media":260868,"template":"","meta":{"_acf_changed":false},"product_brand":[],"product_cat":[1151,1184,1197,5935],"product_tag":[],"class_list":{"0":"post-16842","1":"product","2":"type-product","3":"status-publish","4":"has-post-thumbnail","6":"product_cat-alimentacao-pt-pt","7":"product_cat-alimentacao","8":"product_cat-frutos-secos-e-frutos-em-calda","9":"product_cat-cocktail-de-frutas","11":"first","12":"instock","13":"featured","14":"taxable","15":"shipping-taxable","16":"purchasable","17":"product-type-simple"},"acf":[],"yoast_head":"<!-- This site is optimized with the Yoast SEO Premium plugin v26.6 (Yoast SEO v26.6) - https:\/\/yoast.com\/wordpress\/plugins\/seo\/ -->\n<title>Cocktail de Frutas em Conserva em Lata 3\/1<\/title>\n<meta name=\"description\" content=\"Cocktail de frutas em conserva em lata 3\/1, pronto a usar. Ideal para sobremesas, buffets e uso profissional, pr\u00e1tico e saboroso.\" \/>\n<meta name=\"robots\" content=\"index, follow, max-snippet:-1, max-image-preview:large, max-video-preview:-1\" \/>\n<link rel=\"canonical\" href=\"https:\/\/www.csj-emballages.com\/pt-pt\/produit\/3-1-caixa-de-cocktails-de-fruta\/\" \/>\n<meta property=\"og:locale\" content=\"pt_PT\" \/>\n<meta property=\"og:type\" content=\"article\" \/>\n<meta property=\"og:title\" content=\"Cocktail de frutas em conserva em lata 3\/1\" \/>\n<meta property=\"og:description\" content=\"Cocktail de frutas em conserva em lata 3\/1, pronto a usar. Ideal para sobremesas, buffets e uso profissional, pr\u00e1tico e saboroso.\" \/>\n<meta property=\"og:url\" content=\"https:\/\/www.csj-emballages.com\/pt-pt\/produit\/3-1-caixa-de-cocktails-de-fruta\/\" \/>\n<meta property=\"og:site_name\" content=\"CSJ Emballages\" \/>\n<meta property=\"article:publisher\" content=\"https:\/\/www.facebook.com\/csjemballages\" \/>\n<meta property=\"article:modified_time\" content=\"2026-04-30T00:10:17+00:00\" \/>\n<meta property=\"og:image\" content=\"https:\/\/www.csj-emballages.com\/wp-content\/uploads\/2024\/05\/030032.webp\" \/>\n\t<meta property=\"og:image:width\" content=\"800\" \/>\n\t<meta property=\"og:image:height\" content=\"800\" \/>\n\t<meta property=\"og:image:type\" content=\"image\/webp\" \/>\n<meta name=\"twitter:card\" content=\"summary_large_image\" \/>\n<meta name=\"twitter:label1\" content=\"Tempo estimado de leitura\" \/>\n\t<meta name=\"twitter:data1\" content=\"2 minutos\" \/>\n<script type=\"application\/ld+json\" class=\"yoast-schema-graph\">{\"@context\":\"https:\/\/schema.org\",\"@graph\":[{\"@type\":\"WebPage\",\"@id\":\"https:\/\/www.csj-emballages.com\/pt-pt\/produit\/3-1-caixa-de-cocktails-de-fruta\/\",\"url\":\"https:\/\/www.csj-emballages.com\/pt-pt\/produit\/3-1-caixa-de-cocktails-de-fruta\/\",\"name\":\"Cocktail de Frutas em Conserva em Lata 3\/1\",\"isPartOf\":{\"@id\":\"https:\/\/www.csj-emballages.com\/pt-pt\/#website\"},\"primaryImageOfPage\":{\"@id\":\"https:\/\/www.csj-emballages.com\/pt-pt\/produit\/3-1-caixa-de-cocktails-de-fruta\/#primaryimage\"},\"image\":{\"@id\":\"https:\/\/www.csj-emballages.com\/pt-pt\/produit\/3-1-caixa-de-cocktails-de-fruta\/#primaryimage\"},\"thumbnailUrl\":\"https:\/\/www.csj-emballages.com\/wp-content\/uploads\/2024\/05\/030032.webp\",\"datePublished\":\"2024-05-22T09:12:30+00:00\",\"dateModified\":\"2026-04-30T00:10:17+00:00\",\"description\":\"Cocktail de frutas em conserva em lata 3\/1, pronto a usar. Ideal para sobremesas, buffets e uso profissional, pr\u00e1tico e saboroso.\",\"breadcrumb\":{\"@id\":\"https:\/\/www.csj-emballages.com\/pt-pt\/produit\/3-1-caixa-de-cocktails-de-fruta\/#breadcrumb\"},\"inLanguage\":\"pt-PT\",\"potentialAction\":[{\"@type\":\"ReadAction\",\"target\":[\"https:\/\/www.csj-emballages.com\/pt-pt\/produit\/3-1-caixa-de-cocktails-de-fruta\/\"]}]},{\"@type\":\"ImageObject\",\"inLanguage\":\"pt-PT\",\"@id\":\"https:\/\/www.csj-emballages.com\/pt-pt\/produit\/3-1-caixa-de-cocktails-de-fruta\/#primaryimage\",\"url\":\"https:\/\/www.csj-emballages.com\/wp-content\/uploads\/2024\/05\/030032.webp\",\"contentUrl\":\"https:\/\/www.csj-emballages.com\/wp-content\/uploads\/2024\/05\/030032.webp\",\"width\":800,\"height\":800,\"caption\":\"Cocktail de fruits\"},{\"@type\":\"BreadcrumbList\",\"@id\":\"https:\/\/www.csj-emballages.com\/pt-pt\/produit\/3-1-caixa-de-cocktails-de-fruta\/#breadcrumb\",\"itemListElement\":[{\"@type\":\"ListItem\",\"position\":1,\"name\":\"Acolhimento\",\"item\":\"https:\/\/www.csj-emballages.com\/pt-pt\/universo-das-embalagens-alimentares\/\"},{\"@type\":\"ListItem\",\"position\":2,\"name\":\"Shop\",\"item\":\"https:\/\/www.csj-emballages.com\/shop\/\"},{\"@type\":\"ListItem\",\"position\":3,\"name\":\"Cocktail de frutas em conserva em lata 3\/1\"}]},{\"@type\":\"WebSite\",\"@id\":\"https:\/\/www.csj-emballages.com\/pt-pt\/#website\",\"url\":\"https:\/\/www.csj-emballages.com\/pt-pt\/\",\"name\":\"CSJ Emballages\",\"description\":\"\",\"publisher\":{\"@id\":\"https:\/\/www.csj-emballages.com\/pt-pt\/#organization\"},\"potentialAction\":[{\"@type\":\"SearchAction\",\"target\":{\"@type\":\"EntryPoint\",\"urlTemplate\":\"https:\/\/www.csj-emballages.com\/pt-pt\/?s={search_term_string}\"},\"query-input\":{\"@type\":\"PropertyValueSpecification\",\"valueRequired\":true,\"valueName\":\"search_term_string\"}}],\"inLanguage\":\"pt-PT\"},{\"@type\":\"Organization\",\"@id\":\"https:\/\/www.csj-emballages.com\/pt-pt\/#Organization\/\",\"name\":\"CSJ Emballages\",\"url\":\"https:\/\/www.csj-emballages.com\/pt-pt\/\",\"logo\":{\"@type\":\"ImageObject\",\"inLanguage\":\"pt-PT\",\"@id\":\"https:\/\/www.csj-emballages.com\/pt-pt\/#\/schema\/logo\/image\/\",\"url\":\"https:\/\/www.csj-emballages.com\/wp-content\/uploads\/2023\/10\/logo_csj.webp\",\"contentUrl\":\"https:\/\/www.csj-emballages.com\/wp-content\/uploads\/2023\/10\/logo_csj.webp\",\"width\":250,\"height\":95,\"caption\":\"CSJ Emballages\"},\"image\":{\"@id\":\"https:\/\/www.csj-emballages.com\/pt-pt\/#\/schema\/logo\/image\/\"},\"sameAs\":[\"https:\/\/www.facebook.com\/csjemballages\"],\"address\":{\"@type\":\"PostalAddress\",\"streetAddress\":\"ZI La Lechere\",\"addressLocality\":\"Patornay\",\"postalCode\":\"39130\",\"addressCountry\":\"FR\"},\"contactPoint\":[{\"@type\":\"ContactPoint\",\"contactType\":\"Service client\",\"telephone\":\"0384254272\",\"email\":\"contact@csj-emballages.com\"}]}]}<\/script>\n<!-- \/ Yoast SEO Premium plugin. -->","yoast_head_json":{"title":"Cocktail de Frutas em Conserva em Lata 3\/1","description":"Cocktail de frutas em conserva em lata 3\/1, pronto a usar. Ideal para sobremesas, buffets e uso profissional, pr\u00e1tico e saboroso.","robots":{"index":"index","follow":"follow","max-snippet":"max-snippet:-1","max-image-preview":"max-image-preview:large","max-video-preview":"max-video-preview:-1"},"canonical":"https:\/\/www.csj-emballages.com\/pt-pt\/produit\/3-1-caixa-de-cocktails-de-fruta\/","og_locale":"pt_PT","og_type":"article","og_title":"Cocktail de frutas em conserva em lata 3\/1","og_description":"Cocktail de frutas em conserva em lata 3\/1, pronto a usar. Ideal para sobremesas, buffets e uso profissional, pr\u00e1tico e saboroso.","og_url":"https:\/\/www.csj-emballages.com\/pt-pt\/produit\/3-1-caixa-de-cocktails-de-fruta\/","og_site_name":"CSJ Emballages","article_publisher":"https:\/\/www.facebook.com\/csjemballages","article_modified_time":"2026-04-30T00:10:17+00:00","og_image":[{"width":800,"height":800,"url":"https:\/\/www.csj-emballages.com\/wp-content\/uploads\/2024\/05\/030032.webp","type":"image\/webp"}],"twitter_card":"summary_large_image","twitter_misc":{"Tempo estimado de leitura":"2 minutos"},"schema":{"@context":"https:\/\/schema.org","@graph":[{"@type":"WebPage","@id":"https:\/\/www.csj-emballages.com\/pt-pt\/produit\/3-1-caixa-de-cocktails-de-fruta\/","url":"https:\/\/www.csj-emballages.com\/pt-pt\/produit\/3-1-caixa-de-cocktails-de-fruta\/","name":"Cocktail de Frutas em Conserva em Lata 3\/1","isPartOf":{"@id":"https:\/\/www.csj-emballages.com\/pt-pt\/#website"},"primaryImageOfPage":{"@id":"https:\/\/www.csj-emballages.com\/pt-pt\/produit\/3-1-caixa-de-cocktails-de-fruta\/#primaryimage"},"image":{"@id":"https:\/\/www.csj-emballages.com\/pt-pt\/produit\/3-1-caixa-de-cocktails-de-fruta\/#primaryimage"},"thumbnailUrl":"https:\/\/www.csj-emballages.com\/wp-content\/uploads\/2024\/05\/030032.webp","datePublished":"2024-05-22T09:12:30+00:00","dateModified":"2026-04-30T00:10:17+00:00","description":"Cocktail de frutas em conserva em lata 3\/1, pronto a usar. Ideal para sobremesas, buffets e uso profissional, pr\u00e1tico e saboroso.","breadcrumb":{"@id":"https:\/\/www.csj-emballages.com\/pt-pt\/produit\/3-1-caixa-de-cocktails-de-fruta\/#breadcrumb"},"inLanguage":"pt-PT","potentialAction":[{"@type":"ReadAction","target":["https:\/\/www.csj-emballages.com\/pt-pt\/produit\/3-1-caixa-de-cocktails-de-fruta\/"]}]},{"@type":"ImageObject","inLanguage":"pt-PT","@id":"https:\/\/www.csj-emballages.com\/pt-pt\/produit\/3-1-caixa-de-cocktails-de-fruta\/#primaryimage","url":"https:\/\/www.csj-emballages.com\/wp-content\/uploads\/2024\/05\/030032.webp","contentUrl":"https:\/\/www.csj-emballages.com\/wp-content\/uploads\/2024\/05\/030032.webp","width":800,"height":800,"caption":"Cocktail de fruits"},{"@type":"BreadcrumbList","@id":"https:\/\/www.csj-emballages.com\/pt-pt\/produit\/3-1-caixa-de-cocktails-de-fruta\/#breadcrumb","itemListElement":[{"@type":"ListItem","position":1,"name":"Acolhimento","item":"https:\/\/www.csj-emballages.com\/pt-pt\/universo-das-embalagens-alimentares\/"},{"@type":"ListItem","position":2,"name":"Shop","item":"https:\/\/www.csj-emballages.com\/shop\/"},{"@type":"ListItem","position":3,"name":"Cocktail de frutas em conserva em lata 3\/1"}]},{"@type":"WebSite","@id":"https:\/\/www.csj-emballages.com\/pt-pt\/#website","url":"https:\/\/www.csj-emballages.com\/pt-pt\/","name":"CSJ Emballages","description":"","publisher":{"@id":"https:\/\/www.csj-emballages.com\/pt-pt\/#organization"},"potentialAction":[{"@type":"SearchAction","target":{"@type":"EntryPoint","urlTemplate":"https:\/\/www.csj-emballages.com\/pt-pt\/?s={search_term_string}"},"query-input":{"@type":"PropertyValueSpecification","valueRequired":true,"valueName":"search_term_string"}}],"inLanguage":"pt-PT"},{"@type":"Organization","@id":"https:\/\/www.csj-emballages.com\/pt-pt\/#Organization\/","name":"CSJ Emballages","url":"https:\/\/www.csj-emballages.com\/pt-pt\/","logo":{"@type":"ImageObject","inLanguage":"pt-PT","@id":"https:\/\/www.csj-emballages.com\/pt-pt\/#\/schema\/logo\/image\/","url":"https:\/\/www.csj-emballages.com\/wp-content\/uploads\/2023\/10\/logo_csj.webp","contentUrl":"https:\/\/www.csj-emballages.com\/wp-content\/uploads\/2023\/10\/logo_csj.webp","width":250,"height":95,"caption":"CSJ Emballages"},"image":{"@id":"https:\/\/www.csj-emballages.com\/pt-pt\/#\/schema\/logo\/image\/"},"sameAs":["https:\/\/www.facebook.com\/csjemballages"],"address":{"@type":"PostalAddress","streetAddress":"ZI La Lechere","addressLocality":"Patornay","postalCode":"39130","addressCountry":"FR"},"contactPoint":[{"@type":"ContactPoint","contactType":"Service client","telephone":"0384254272","email":"contact@csj-emballages.com"}]}]}},"df_price":8.12,"df_sale_price":"","df_regular_price":8.12,"df_image_link":"https:\/\/www.csj-emballages.com\/wp-content\/uploads\/2024\/05\/030032-300x300.webp","tiered_pricing_type":"fixed","tiered_pricing_fixed_rules":[],"tiered_pricing_percentage_rules":[],"tiered_pricing_minimum":1,"tiered_pricing_roles_data":[],"_links":{"self":[{"href":"https:\/\/www.csj-emballages.com\/pt-pt\/wp-json\/wp\/v2\/product\/16842","targetHints":{"allow":["GET"]}}],"collection":[{"href":"https:\/\/www.csj-emballages.com\/pt-pt\/wp-json\/wp\/v2\/product"}],"about":[{"href":"https:\/\/www.csj-emballages.com\/pt-pt\/wp-json\/wp\/v2\/types\/product"}],"wp:featuredmedia":[{"embeddable":true,"href":"https:\/\/www.csj-emballages.com\/pt-pt\/wp-json\/wp\/v2\/media\/260868"}],"wp:attachment":[{"href":"https:\/\/www.csj-emballages.com\/pt-pt\/wp-json\/wp\/v2\/media?parent=16842"}],"wp:term":[{"taxonomy":"product_brand","embeddable":true,"href":"https:\/\/www.csj-emballages.com\/pt-pt\/wp-json\/wp\/v2\/product_brand?post=16842"},{"taxonomy":"product_cat","embeddable":true,"href":"https:\/\/www.csj-emballages.com\/pt-pt\/wp-json\/wp\/v2\/product_cat?post=16842"},{"taxonomy":"product_tag","embeddable":true,"href":"https:\/\/www.csj-emballages.com\/pt-pt\/wp-json\/wp\/v2\/product_tag?post=16842"}],"curies":[{"name":"wp","href":"https:\/\/api.w.org\/{rel}","templated":true}]}}