{"id":16834,"date":"2024-05-22T11:12:30","date_gmt":"2024-05-22T09:12:30","guid":{"rendered":"https:\/\/u15jnbdpoq.preview.infomaniak.website\/produit\/4-4-de-lata-de-cocktail-de-frutas\/"},"modified":"2026-03-12T16:01:01","modified_gmt":"2026-03-12T15:01:01","slug":"4-4-de-lata-de-cocktail-de-frutas","status":"publish","type":"product","link":"https:\/\/www.csj-emballages.com\/pt-pt\/produit\/4-4-de-lata-de-cocktail-de-frutas\/","title":{"rendered":"Cocktail de frutas em conserva em lata 4\/4"},"content":{"rendered":"<h2>Cocktail de frutas<\/h2>\n<hr>\n<h3>Descubra o nosso cocktail de frutas em conserva em lata 4\/4<\/h3>\n<p><!--more--><\/p>\n<p data-start=\"229\" data-end=\"593\">Este <strong data-start=\"232\" data-end=\"277\">cocktail de frutas em conserva em lata 4\/4<\/strong> \u00e9 a solu\u00e7\u00e3o ideal quando se quer ganhar tempo sem renunciar ao prazer das frutas. Ao abrir, descobre-se uma mistura colorida e apetitosa, com peda\u00e7os bem cortados e banhados num xarope leve. O resultado \u00e9 simples: uma <strong>base de fruta<\/strong> pronta a usar, f\u00e1cil de utilizar e sempre regular.  <\/p>\n<p data-start=\"595\" data-end=\"950\">Este formato generoso \u00e9 particularmente pr\u00e1tico em restaura\u00e7\u00e3o, em pastelaria ou para coletividades. Permite preparar rapidamente <strong>sobremesas, saladas de frutas, verrines ou at\u00e9 guarni\u00e7\u00f5es para bolos e iogurtes<\/strong>. Assim, j\u00e1 n\u00e3o \u00e9 preciso descascar, cortar ou gerir perdas: est\u00e1 tudo pronto, no formato certo e com o sabor certo.  <\/p>\n<p data-start=\"952\" data-end=\"1297\">Gra\u00e7as \u00e0 sua conserva\u00e7\u00e3o controlada, este <strong>cocktail de frutas<\/strong> mant\u00e9m-se est\u00e1vel ao longo do tempo, conservando uma textura agrad\u00e1vel. Os peda\u00e7os n\u00e3o se desfazem e mant\u00eam uma consist\u00eancia perfeita, mesmo depois de misturados. Da mesma forma, o xarope leve equilibra os sabores sem mascarar o sabor das frutas, o que permite utiliz\u00e1-lo tanto sozinho como em receitas.  <\/p>\n<p data-start=\"1299\" data-end=\"1591\">Al\u00e9m disso, a <strong>lata 4\/4<\/strong> \u00e9 f\u00e1cil de armazenar e de abrir, o que simplifica o trabalho na cozinha, sobretudo durante os servi\u00e7os mais intensos. Quer seja para uso di\u00e1rio ou para prepara\u00e7\u00f5es em grande quantidade, este produto integra-se naturalmente na organiza\u00e7\u00e3o dos profissionais. <\/p>\n<p data-start=\"1593\" data-end=\"1787\">Em resumo, este <strong>cocktail de frutas em conserva<\/strong> \u00e9 um aliado fi\u00e1vel, pr\u00e1tico e polivalente. Permite-lhe propor sobremesas r\u00e1pidas, visualmente atrativas e sempre consistentes, sem esfor\u00e7o desnecess\u00e1rio. <\/p>\n<p data-start=\"1593\" data-end=\"1787\">\n<p><!--more--><\/p>\n<div style=\"font-family: Roboto, sans-serif;\">\n<div style=\"font-family: Roboto, sans-serif;\">\n<div style=\"font-family: Roboto, sans-serif;\">\n<div style=\"font-family: Roboto, sans-serif;\">\n<div style=\"font-family: Roboto, sans-serif;\">\n<div style=\"font-family: Roboto, sans-serif;\">\n<p style=\"text-align: left;\"><strong>Vantagens :<\/strong><\/p>\n<ul>\n<li data-start=\"1815\" data-end=\"1850\"><strong>Mistura de frutas<\/strong> pronta a usar.<\/li>\n<li data-start=\"1853\" data-end=\"1888\">Peda\u00e7os regulares e boa consist\u00eancia.<\/li>\n<li data-start=\"1891\" data-end=\"1917\">Xarope leve e equilibrado.<\/li>\n<li data-start=\"1920\" data-end=\"1958\"><strong>Formato 4\/4<\/strong> adaptado aos profissionais.<\/li>\n<li data-start=\"1961\" data-end=\"1987\">Poupan\u00e7a de tempo na cozinha.<\/li>\n<li data-start=\"1990\" data-end=\"2039\">M\u00faltiplas utiliza\u00e7\u00f5es em sobremesas ou pastelaria.<\/li>\n<\/ul>\n<\/div>\n<div style=\"font-family: Roboto, sans-serif;\"><\/div>\n<\/div>\n<\/div>\n<\/div>\n<\/div>\n<\/div>\n<p><!--more--><\/p>\n<div style=\"font-family: Roboto, sans-serif;\">\n<div style=\"font-family: Roboto, sans-serif;\">\n<div style=\"font-family: Roboto, sans-serif;\">\n<h4>Outras informa\u00e7\u00f5es :<\/h4>\n<ul>\n<li><strong>Embalagem<\/strong>: Caixa 4\/4<\/li>\n<li><strong>Dimens\u00f5es<\/strong>: 100 x 117 (\u00d8 x h em mm)<\/li>\n<li><strong>Capacidade<\/strong>: 850 ml<\/li>\n<li><strong>Peso l\u00edquido escorrido<\/strong>: 500 g<\/li>\n<li><strong>Tipo<\/strong>: Preservado<\/li>\n<li><strong>Tipo de fruta <\/strong>: Peras \/ P\u00eassegos \/ Ananases \/ Uvas \/ Bigarreaux<\/li>\n<\/ul>\n<\/div>\n<\/div>\n<\/div>\n<p>&nbsp;<\/p>\n<p><!--more--><\/p>\n<p>Clique aqui para ver o tamanho seguinte deste produto: <span style=\"color: #d12727;\"><a style=\"color: #d12727;\" href=\"https:\/\/www.csj-emballages.com\/produit\/6-boites-3-1-de-cocktail-de-fruits\/\">3\/1 Lata de Cocktail de Frutas<\/a><\/span><\/p>\n<p>&nbsp;<\/p>\n<div style=\"font-family: Roboto, sans-serif;\">\n<div style=\"font-family: Roboto, sans-serif;\">\n<div style=\"font-family: Roboto, sans-serif;\">\n<p><!--more--><\/p>\n<p><a href=\"https:\/\/www.csj-emballages.com\/pt-pt\/categorie-produit\/alimentacao-pt-pt\/alimentacao\/frutos-secos-e-frutos-em-calda\/cocktail-de-frutas\/\">Consulte o resto da nossa gama de cocktails de frutas em xarope<\/a><\/p>\n<\/div>\n<\/div>\n<\/div>\n","protected":false},"excerpt":{"rendered":"<p>Cocktail de frutas Descubra o nosso cocktail de frutas em conserva em lata 4\/4<\/p>\n","protected":false},"featured_media":260857,"template":"","meta":{"_acf_changed":false},"product_brand":[],"product_cat":[1151,1184,1197,5935],"product_tag":[],"class_list":{"0":"post-16834","1":"product","2":"type-product","3":"status-publish","4":"has-post-thumbnail","6":"product_cat-alimentacao-pt-pt","7":"product_cat-alimentacao","8":"product_cat-frutos-secos-e-frutos-em-calda","9":"product_cat-cocktail-de-frutas","11":"first","12":"instock","13":"featured","14":"taxable","15":"shipping-taxable","16":"purchasable","17":"product-type-simple"},"acf":[],"yoast_head":"<!-- This site is optimized with the Yoast SEO Premium plugin v26.6 (Yoast SEO v26.6) - https:\/\/yoast.com\/wordpress\/plugins\/seo\/ -->\n<title>Cocktail de Frutas em Conserva em Lata 4\/4<\/title>\n<meta name=\"description\" content=\"Cocktail de frutas em conserva em lata 4\/4, pr\u00e1tico e pronto a usar. Ideal para sobremesas, pastelaria e restaura\u00e7\u00e3o, com peda\u00e7os bem consistentes.\" \/>\n<meta name=\"robots\" content=\"index, follow, max-snippet:-1, max-image-preview:large, max-video-preview:-1\" \/>\n<link rel=\"canonical\" href=\"https:\/\/www.csj-emballages.com\/pt-pt\/produit\/4-4-de-lata-de-cocktail-de-frutas\/\" \/>\n<meta property=\"og:locale\" content=\"pt_PT\" \/>\n<meta property=\"og:type\" content=\"article\" \/>\n<meta property=\"og:title\" content=\"Cocktail de frutas em conserva em lata 4\/4\" \/>\n<meta property=\"og:description\" content=\"Cocktail de frutas em conserva em lata 4\/4, pr\u00e1tico e pronto a usar. Ideal para sobremesas, pastelaria e restaura\u00e7\u00e3o, com peda\u00e7os bem consistentes.\" \/>\n<meta property=\"og:url\" content=\"https:\/\/www.csj-emballages.com\/pt-pt\/produit\/4-4-de-lata-de-cocktail-de-frutas\/\" \/>\n<meta property=\"og:site_name\" content=\"CSJ Emballages\" \/>\n<meta property=\"article:publisher\" content=\"https:\/\/www.facebook.com\/csjemballages\" \/>\n<meta property=\"article:modified_time\" content=\"2026-03-12T15:01:01+00:00\" \/>\n<meta property=\"og:image\" content=\"https:\/\/www.csj-emballages.com\/wp-content\/uploads\/2024\/05\/030038.webp\" \/>\n\t<meta property=\"og:image:width\" content=\"800\" \/>\n\t<meta property=\"og:image:height\" content=\"800\" \/>\n\t<meta property=\"og:image:type\" content=\"image\/webp\" \/>\n<meta name=\"twitter:card\" content=\"summary_large_image\" \/>\n<meta name=\"twitter:label1\" content=\"Tempo estimado de leitura\" \/>\n\t<meta name=\"twitter:data1\" content=\"2 minutos\" \/>\n<script type=\"application\/ld+json\" class=\"yoast-schema-graph\">{\"@context\":\"https:\/\/schema.org\",\"@graph\":[{\"@type\":\"WebPage\",\"@id\":\"https:\/\/www.csj-emballages.com\/pt-pt\/produit\/4-4-de-lata-de-cocktail-de-frutas\/\",\"url\":\"https:\/\/www.csj-emballages.com\/pt-pt\/produit\/4-4-de-lata-de-cocktail-de-frutas\/\",\"name\":\"Cocktail de Frutas em Conserva em Lata 4\/4\",\"isPartOf\":{\"@id\":\"https:\/\/www.csj-emballages.com\/pt-pt\/#website\"},\"primaryImageOfPage\":{\"@id\":\"https:\/\/www.csj-emballages.com\/pt-pt\/produit\/4-4-de-lata-de-cocktail-de-frutas\/#primaryimage\"},\"image\":{\"@id\":\"https:\/\/www.csj-emballages.com\/pt-pt\/produit\/4-4-de-lata-de-cocktail-de-frutas\/#primaryimage\"},\"thumbnailUrl\":\"https:\/\/www.csj-emballages.com\/wp-content\/uploads\/2024\/05\/030038.webp\",\"datePublished\":\"2024-05-22T09:12:30+00:00\",\"dateModified\":\"2026-03-12T15:01:01+00:00\",\"description\":\"Cocktail de frutas em conserva em lata 4\/4, pr\u00e1tico e pronto a usar. Ideal para sobremesas, pastelaria e restaura\u00e7\u00e3o, com peda\u00e7os bem consistentes.\",\"breadcrumb\":{\"@id\":\"https:\/\/www.csj-emballages.com\/pt-pt\/produit\/4-4-de-lata-de-cocktail-de-frutas\/#breadcrumb\"},\"inLanguage\":\"pt-PT\",\"potentialAction\":[{\"@type\":\"ReadAction\",\"target\":[\"https:\/\/www.csj-emballages.com\/pt-pt\/produit\/4-4-de-lata-de-cocktail-de-frutas\/\"]}]},{\"@type\":\"ImageObject\",\"inLanguage\":\"pt-PT\",\"@id\":\"https:\/\/www.csj-emballages.com\/pt-pt\/produit\/4-4-de-lata-de-cocktail-de-frutas\/#primaryimage\",\"url\":\"https:\/\/www.csj-emballages.com\/wp-content\/uploads\/2024\/05\/030038.webp\",\"contentUrl\":\"https:\/\/www.csj-emballages.com\/wp-content\/uploads\/2024\/05\/030038.webp\",\"width\":800,\"height\":800,\"caption\":\"Cocktail de fruits\"},{\"@type\":\"BreadcrumbList\",\"@id\":\"https:\/\/www.csj-emballages.com\/pt-pt\/produit\/4-4-de-lata-de-cocktail-de-frutas\/#breadcrumb\",\"itemListElement\":[{\"@type\":\"ListItem\",\"position\":1,\"name\":\"Acolhimento\",\"item\":\"https:\/\/www.csj-emballages.com\/pt-pt\/universo-das-embalagens-alimentares\/\"},{\"@type\":\"ListItem\",\"position\":2,\"name\":\"Shop\",\"item\":\"https:\/\/www.csj-emballages.com\/shop\/\"},{\"@type\":\"ListItem\",\"position\":3,\"name\":\"Cocktail de frutas em conserva em lata 4\/4\"}]},{\"@type\":\"WebSite\",\"@id\":\"https:\/\/www.csj-emballages.com\/pt-pt\/#website\",\"url\":\"https:\/\/www.csj-emballages.com\/pt-pt\/\",\"name\":\"CSJ Emballages\",\"description\":\"\",\"publisher\":{\"@id\":\"https:\/\/www.csj-emballages.com\/pt-pt\/#organization\"},\"potentialAction\":[{\"@type\":\"SearchAction\",\"target\":{\"@type\":\"EntryPoint\",\"urlTemplate\":\"https:\/\/www.csj-emballages.com\/pt-pt\/?s={search_term_string}\"},\"query-input\":{\"@type\":\"PropertyValueSpecification\",\"valueRequired\":true,\"valueName\":\"search_term_string\"}}],\"inLanguage\":\"pt-PT\"},{\"@type\":\"Organization\",\"@id\":\"https:\/\/www.csj-emballages.com\/pt-pt\/#Organization\/\",\"name\":\"CSJ Emballages\",\"url\":\"https:\/\/www.csj-emballages.com\/pt-pt\/\",\"logo\":{\"@type\":\"ImageObject\",\"inLanguage\":\"pt-PT\",\"@id\":\"https:\/\/www.csj-emballages.com\/pt-pt\/#\/schema\/logo\/image\/\",\"url\":\"https:\/\/www.csj-emballages.com\/wp-content\/uploads\/2023\/10\/logo_csj.webp\",\"contentUrl\":\"https:\/\/www.csj-emballages.com\/wp-content\/uploads\/2023\/10\/logo_csj.webp\",\"width\":250,\"height\":95,\"caption\":\"CSJ Emballages\"},\"image\":{\"@id\":\"https:\/\/www.csj-emballages.com\/pt-pt\/#\/schema\/logo\/image\/\"},\"sameAs\":[\"https:\/\/www.facebook.com\/csjemballages\"],\"address\":{\"@type\":\"PostalAddress\",\"streetAddress\":\"ZI La Lechere\",\"addressLocality\":\"Patornay\",\"postalCode\":\"39130\",\"addressCountry\":\"FR\"},\"contactPoint\":[{\"@type\":\"ContactPoint\",\"contactType\":\"Service client\",\"telephone\":\"0384254272\",\"email\":\"contact@csj-emballages.com\"}]}]}<\/script>\n<!-- \/ Yoast SEO Premium plugin. -->","yoast_head_json":{"title":"Cocktail de Frutas em Conserva em Lata 4\/4","description":"Cocktail de frutas em conserva em lata 4\/4, pr\u00e1tico e pronto a usar. Ideal para sobremesas, pastelaria e restaura\u00e7\u00e3o, com peda\u00e7os bem consistentes.","robots":{"index":"index","follow":"follow","max-snippet":"max-snippet:-1","max-image-preview":"max-image-preview:large","max-video-preview":"max-video-preview:-1"},"canonical":"https:\/\/www.csj-emballages.com\/pt-pt\/produit\/4-4-de-lata-de-cocktail-de-frutas\/","og_locale":"pt_PT","og_type":"article","og_title":"Cocktail de frutas em conserva em lata 4\/4","og_description":"Cocktail de frutas em conserva em lata 4\/4, pr\u00e1tico e pronto a usar. Ideal para sobremesas, pastelaria e restaura\u00e7\u00e3o, com peda\u00e7os bem consistentes.","og_url":"https:\/\/www.csj-emballages.com\/pt-pt\/produit\/4-4-de-lata-de-cocktail-de-frutas\/","og_site_name":"CSJ Emballages","article_publisher":"https:\/\/www.facebook.com\/csjemballages","article_modified_time":"2026-03-12T15:01:01+00:00","og_image":[{"width":800,"height":800,"url":"https:\/\/www.csj-emballages.com\/wp-content\/uploads\/2024\/05\/030038.webp","type":"image\/webp"}],"twitter_card":"summary_large_image","twitter_misc":{"Tempo estimado de leitura":"2 minutos"},"schema":{"@context":"https:\/\/schema.org","@graph":[{"@type":"WebPage","@id":"https:\/\/www.csj-emballages.com\/pt-pt\/produit\/4-4-de-lata-de-cocktail-de-frutas\/","url":"https:\/\/www.csj-emballages.com\/pt-pt\/produit\/4-4-de-lata-de-cocktail-de-frutas\/","name":"Cocktail de Frutas em Conserva em Lata 4\/4","isPartOf":{"@id":"https:\/\/www.csj-emballages.com\/pt-pt\/#website"},"primaryImageOfPage":{"@id":"https:\/\/www.csj-emballages.com\/pt-pt\/produit\/4-4-de-lata-de-cocktail-de-frutas\/#primaryimage"},"image":{"@id":"https:\/\/www.csj-emballages.com\/pt-pt\/produit\/4-4-de-lata-de-cocktail-de-frutas\/#primaryimage"},"thumbnailUrl":"https:\/\/www.csj-emballages.com\/wp-content\/uploads\/2024\/05\/030038.webp","datePublished":"2024-05-22T09:12:30+00:00","dateModified":"2026-03-12T15:01:01+00:00","description":"Cocktail de frutas em conserva em lata 4\/4, pr\u00e1tico e pronto a usar. Ideal para sobremesas, pastelaria e restaura\u00e7\u00e3o, com peda\u00e7os bem consistentes.","breadcrumb":{"@id":"https:\/\/www.csj-emballages.com\/pt-pt\/produit\/4-4-de-lata-de-cocktail-de-frutas\/#breadcrumb"},"inLanguage":"pt-PT","potentialAction":[{"@type":"ReadAction","target":["https:\/\/www.csj-emballages.com\/pt-pt\/produit\/4-4-de-lata-de-cocktail-de-frutas\/"]}]},{"@type":"ImageObject","inLanguage":"pt-PT","@id":"https:\/\/www.csj-emballages.com\/pt-pt\/produit\/4-4-de-lata-de-cocktail-de-frutas\/#primaryimage","url":"https:\/\/www.csj-emballages.com\/wp-content\/uploads\/2024\/05\/030038.webp","contentUrl":"https:\/\/www.csj-emballages.com\/wp-content\/uploads\/2024\/05\/030038.webp","width":800,"height":800,"caption":"Cocktail de fruits"},{"@type":"BreadcrumbList","@id":"https:\/\/www.csj-emballages.com\/pt-pt\/produit\/4-4-de-lata-de-cocktail-de-frutas\/#breadcrumb","itemListElement":[{"@type":"ListItem","position":1,"name":"Acolhimento","item":"https:\/\/www.csj-emballages.com\/pt-pt\/universo-das-embalagens-alimentares\/"},{"@type":"ListItem","position":2,"name":"Shop","item":"https:\/\/www.csj-emballages.com\/shop\/"},{"@type":"ListItem","position":3,"name":"Cocktail de frutas em conserva em lata 4\/4"}]},{"@type":"WebSite","@id":"https:\/\/www.csj-emballages.com\/pt-pt\/#website","url":"https:\/\/www.csj-emballages.com\/pt-pt\/","name":"CSJ Emballages","description":"","publisher":{"@id":"https:\/\/www.csj-emballages.com\/pt-pt\/#organization"},"potentialAction":[{"@type":"SearchAction","target":{"@type":"EntryPoint","urlTemplate":"https:\/\/www.csj-emballages.com\/pt-pt\/?s={search_term_string}"},"query-input":{"@type":"PropertyValueSpecification","valueRequired":true,"valueName":"search_term_string"}}],"inLanguage":"pt-PT"},{"@type":"Organization","@id":"https:\/\/www.csj-emballages.com\/pt-pt\/#Organization\/","name":"CSJ Emballages","url":"https:\/\/www.csj-emballages.com\/pt-pt\/","logo":{"@type":"ImageObject","inLanguage":"pt-PT","@id":"https:\/\/www.csj-emballages.com\/pt-pt\/#\/schema\/logo\/image\/","url":"https:\/\/www.csj-emballages.com\/wp-content\/uploads\/2023\/10\/logo_csj.webp","contentUrl":"https:\/\/www.csj-emballages.com\/wp-content\/uploads\/2023\/10\/logo_csj.webp","width":250,"height":95,"caption":"CSJ Emballages"},"image":{"@id":"https:\/\/www.csj-emballages.com\/pt-pt\/#\/schema\/logo\/image\/"},"sameAs":["https:\/\/www.facebook.com\/csjemballages"],"address":{"@type":"PostalAddress","streetAddress":"ZI La Lechere","addressLocality":"Patornay","postalCode":"39130","addressCountry":"FR"},"contactPoint":[{"@type":"ContactPoint","contactType":"Service client","telephone":"0384254272","email":"contact@csj-emballages.com"}]}]}},"df_price":3.02,"df_sale_price":"","df_regular_price":3.02,"df_image_link":"https:\/\/www.csj-emballages.com\/wp-content\/uploads\/2024\/05\/030038-300x300.webp","tiered_pricing_type":"fixed","tiered_pricing_fixed_rules":[],"tiered_pricing_percentage_rules":[],"tiered_pricing_minimum":1,"tiered_pricing_roles_data":[],"_links":{"self":[{"href":"https:\/\/www.csj-emballages.com\/pt-pt\/wp-json\/wp\/v2\/product\/16834","targetHints":{"allow":["GET"]}}],"collection":[{"href":"https:\/\/www.csj-emballages.com\/pt-pt\/wp-json\/wp\/v2\/product"}],"about":[{"href":"https:\/\/www.csj-emballages.com\/pt-pt\/wp-json\/wp\/v2\/types\/product"}],"wp:featuredmedia":[{"embeddable":true,"href":"https:\/\/www.csj-emballages.com\/pt-pt\/wp-json\/wp\/v2\/media\/260857"}],"wp:attachment":[{"href":"https:\/\/www.csj-emballages.com\/pt-pt\/wp-json\/wp\/v2\/media?parent=16834"}],"wp:term":[{"taxonomy":"product_brand","embeddable":true,"href":"https:\/\/www.csj-emballages.com\/pt-pt\/wp-json\/wp\/v2\/product_brand?post=16834"},{"taxonomy":"product_cat","embeddable":true,"href":"https:\/\/www.csj-emballages.com\/pt-pt\/wp-json\/wp\/v2\/product_cat?post=16834"},{"taxonomy":"product_tag","embeddable":true,"href":"https:\/\/www.csj-emballages.com\/pt-pt\/wp-json\/wp\/v2\/product_tag?post=16834"}],"curies":[{"name":"wp","href":"https:\/\/api.w.org\/{rel}","templated":true}]}}