{"id":16796,"date":"2024-05-22T11:12:55","date_gmt":"2024-05-22T09:12:55","guid":{"rendered":"https:\/\/u15jnbdpoq.preview.infomaniak.website\/produit\/3-1-lata-de-fatias-de-pessego\/"},"modified":"2026-03-12T16:01:14","modified_gmt":"2026-03-12T15:01:14","slug":"3-1-lata-de-fatias-de-pessego","status":"publish","type":"product","link":"https:\/\/www.csj-emballages.com\/pt-pt\/produit\/3-1-lata-de-fatias-de-pessego\/","title":{"rendered":"Metades de p\u00eassego em calda leve em lata 3\/1"},"content":{"rendered":"<h2>Metades de p\u00eassego<\/h2>\n<hr>\n<h3>Descubra as nossas metades de p\u00eassego em calda leve em lata 3\/1<\/h3>\n<p><!--more--><\/p>\n<p data-start=\"285\" data-end=\"711\">Estas <strong>metades de p\u00eassego em calda leve<\/strong> s\u00e3o uma aposta segura quando se quer aliar simplicidade e sabor. Logo ao abrir a lata, descobrem-se <strong>peda\u00e7os bem formados<\/strong>, com uma cor dourada apetitosa e uma textura macia. Cada <strong>metade de p\u00eassego<\/strong> conserva o sabor natural do p\u00eassego, ligeiramente doce, sem ser enjoativo. A calda leve confere apenas a do\u00e7ura necess\u00e1ria para real\u00e7ar a fruta, sem mascarar o seu sabor.   <\/p>\n<p data-start=\"713\" data-end=\"1120\">Gra\u00e7as ao seu formato <strong data-start=\"732\" data-end=\"745\">lata 3\/1<\/strong>, este produto \u00e9 perfeitamente adequado para uso profissional. Permite gerir facilmente os volumes, seja na restaura\u00e7\u00e3o, na pastelaria ou na cozinha coletiva. Ganha tempo na cozinha, pois os <strong>p\u00eassegos<\/strong> j\u00e1 est\u00e3o prontos a usar: n\u00e3o \u00e9 preciso descascar, cortar ou ado\u00e7ar. Basta abrir, escorrer se necess\u00e1rio e usar conforme desejar.   <\/p>\n<p data-start=\"1122\" data-end=\"1476\">Estas <strong>metades de p\u00eassego<\/strong> prestam-se a in\u00fameras utiliza\u00e7\u00f5es. Encontram naturalmente o seu lugar nas sobremesas, como <strong>tartes, saladas de frutas, verrines ou ta\u00e7as de gelado<\/strong>. Mas estes <strong>p\u00eassegos em calda<\/strong> tamb\u00e9m podem acompanhar pratos agridoces ou servir de base para prepara\u00e7\u00f5es mais criativas. A sua consist\u00eancia mant\u00e9m-se agrad\u00e1vel, mesmo ap\u00f3s manipula\u00e7\u00e3o ou empratamento.   <\/p>\n<p data-start=\"1478\" data-end=\"1673\">Em resumo, estas <strong>metades de p\u00eassego<\/strong> oferecem uma solu\u00e7\u00e3o pr\u00e1tica, regular e saborosa para todos os que procuram uma fruta de qualidade, dispon\u00edvel durante todo o ano, sem comprometer o sabor.<\/p>\n<p data-start=\"1478\" data-end=\"1673\"><!--more--><\/p>\n<h4 data-start=\"1478\" data-end=\"1673\">Vantagens :<\/h4>\n<ul>\n<li data-start=\"1701\" data-end=\"1735\"><strong>Peda\u00e7os generosos<\/strong> e bem formados.<\/li>\n<li data-start=\"1738\" data-end=\"1773\">Sabor frutado e equil\u00edbrio no a\u00e7\u00facar.<\/li>\n<li data-start=\"1776\" data-end=\"1820\">Prontos a usar, poupan\u00e7a de tempo na cozinha.<\/li>\n<li data-start=\"1823\" data-end=\"1865\"><strong>Formato 3\/1<\/strong> ideal para profissionais.<\/li>\n<li data-start=\"1868\" data-end=\"1913\">Utiliza\u00e7\u00e3o polivalente, doce ou criativa.<\/li>\n<\/ul>\n<p>&nbsp;<\/p>\n<p><!--more--><\/p>\n<h4>Outras informa\u00e7\u00f5es :<\/h4>\n<ul>\n<li><strong>Embalagem<\/strong>: Caixa 3\/1<\/li>\n<li><strong>Peso l\u00edquido escorrido<\/strong>: 1455 g<\/li>\n<\/ul>\n<p>&nbsp;<\/p>\n<p><!--more--><\/p>\n<p><a href=\"https:\/\/www.csj-emballages.com\/pt-pt\/categorie-produit\/alimentacao-pt-pt\/alimentacao\/frutos-secos-e-frutos-em-calda\/pesca-pt-pt\/\">Consulte o resto da nossa gama de p\u00eassegos em calda<\/a><\/p>\n","protected":false},"excerpt":{"rendered":"<p>Metades de p\u00eassego Descubra as nossas metades de p\u00eassego em calda leve em lata 3\/1<\/p>\n","protected":false},"featured_media":260883,"template":"","meta":{"_acf_changed":false},"product_brand":[],"product_cat":[1151,1184,1197,5941],"product_tag":[],"class_list":{"0":"post-16796","1":"product","2":"type-product","3":"status-publish","4":"has-post-thumbnail","6":"product_cat-alimentacao-pt-pt","7":"product_cat-alimentacao","8":"product_cat-frutos-secos-e-frutos-em-calda","9":"product_cat-pesca-pt-pt","11":"first","12":"instock","13":"taxable","14":"shipping-taxable","15":"purchasable","16":"product-type-simple"},"acf":[],"yoast_head":"<!-- This site is optimized with the Yoast SEO Premium plugin v26.6 (Yoast SEO v26.6) - https:\/\/yoast.com\/wordpress\/plugins\/seo\/ -->\n<title>Metades de P\u00eassego em Calda Leve em Lata 3\/1<\/title>\n<meta name=\"description\" content=\"Metades de p\u00eassego em calda leve em lata 3\/1: fruta macia, sabor equilibrado e formato profissional ideal para sobremesas e prepara\u00e7\u00f5es culin\u00e1rias.\" \/>\n<meta name=\"robots\" content=\"index, follow, max-snippet:-1, max-image-preview:large, max-video-preview:-1\" \/>\n<link rel=\"canonical\" href=\"https:\/\/www.csj-emballages.com\/pt-pt\/produit\/3-1-lata-de-fatias-de-pessego\/\" \/>\n<meta property=\"og:locale\" content=\"pt_PT\" \/>\n<meta property=\"og:type\" content=\"article\" \/>\n<meta property=\"og:title\" content=\"Metades de p\u00eassego em calda leve em lata 3\/1\" \/>\n<meta property=\"og:description\" content=\"Metades de p\u00eassego em calda leve em lata 3\/1: fruta macia, sabor equilibrado e formato profissional ideal para sobremesas e prepara\u00e7\u00f5es culin\u00e1rias.\" \/>\n<meta property=\"og:url\" content=\"https:\/\/www.csj-emballages.com\/pt-pt\/produit\/3-1-lata-de-fatias-de-pessego\/\" \/>\n<meta property=\"og:site_name\" content=\"CSJ Emballages\" \/>\n<meta property=\"article:publisher\" content=\"https:\/\/www.facebook.com\/csjemballages\" \/>\n<meta property=\"article:modified_time\" content=\"2026-03-12T15:01:14+00:00\" \/>\n<meta property=\"og:image\" content=\"https:\/\/www.csj-emballages.com\/wp-content\/uploads\/2024\/05\/040056.webp\" \/>\n\t<meta property=\"og:image:width\" content=\"800\" \/>\n\t<meta property=\"og:image:height\" content=\"800\" \/>\n\t<meta property=\"og:image:type\" content=\"image\/webp\" \/>\n<meta name=\"twitter:card\" content=\"summary_large_image\" \/>\n<meta name=\"twitter:label1\" content=\"Tempo estimado de leitura\" \/>\n\t<meta name=\"twitter:data1\" content=\"2 minutos\" \/>\n<script type=\"application\/ld+json\" class=\"yoast-schema-graph\">{\"@context\":\"https:\/\/schema.org\",\"@graph\":[{\"@type\":\"WebPage\",\"@id\":\"https:\/\/www.csj-emballages.com\/pt-pt\/produit\/3-1-lata-de-fatias-de-pessego\/\",\"url\":\"https:\/\/www.csj-emballages.com\/pt-pt\/produit\/3-1-lata-de-fatias-de-pessego\/\",\"name\":\"Metades de P\u00eassego em Calda Leve em Lata 3\/1\",\"isPartOf\":{\"@id\":\"https:\/\/www.csj-emballages.com\/pt-pt\/#website\"},\"primaryImageOfPage\":{\"@id\":\"https:\/\/www.csj-emballages.com\/pt-pt\/produit\/3-1-lata-de-fatias-de-pessego\/#primaryimage\"},\"image\":{\"@id\":\"https:\/\/www.csj-emballages.com\/pt-pt\/produit\/3-1-lata-de-fatias-de-pessego\/#primaryimage\"},\"thumbnailUrl\":\"https:\/\/www.csj-emballages.com\/wp-content\/uploads\/2024\/05\/040056.webp\",\"datePublished\":\"2024-05-22T09:12:55+00:00\",\"dateModified\":\"2026-03-12T15:01:14+00:00\",\"description\":\"Metades de p\u00eassego em calda leve em lata 3\/1: fruta macia, sabor equilibrado e formato profissional ideal para sobremesas e prepara\u00e7\u00f5es culin\u00e1rias.\",\"breadcrumb\":{\"@id\":\"https:\/\/www.csj-emballages.com\/pt-pt\/produit\/3-1-lata-de-fatias-de-pessego\/#breadcrumb\"},\"inLanguage\":\"pt-PT\",\"potentialAction\":[{\"@type\":\"ReadAction\",\"target\":[\"https:\/\/www.csj-emballages.com\/pt-pt\/produit\/3-1-lata-de-fatias-de-pessego\/\"]}]},{\"@type\":\"ImageObject\",\"inLanguage\":\"pt-PT\",\"@id\":\"https:\/\/www.csj-emballages.com\/pt-pt\/produit\/3-1-lata-de-fatias-de-pessego\/#primaryimage\",\"url\":\"https:\/\/www.csj-emballages.com\/wp-content\/uploads\/2024\/05\/040056.webp\",\"contentUrl\":\"https:\/\/www.csj-emballages.com\/wp-content\/uploads\/2024\/05\/040056.webp\",\"width\":800,\"height\":800,\"caption\":\"Oreillons de p\u00eaches\"},{\"@type\":\"BreadcrumbList\",\"@id\":\"https:\/\/www.csj-emballages.com\/pt-pt\/produit\/3-1-lata-de-fatias-de-pessego\/#breadcrumb\",\"itemListElement\":[{\"@type\":\"ListItem\",\"position\":1,\"name\":\"Acolhimento\",\"item\":\"https:\/\/www.csj-emballages.com\/pt-pt\/universo-das-embalagens-alimentares\/\"},{\"@type\":\"ListItem\",\"position\":2,\"name\":\"Shop\",\"item\":\"https:\/\/www.csj-emballages.com\/shop\/\"},{\"@type\":\"ListItem\",\"position\":3,\"name\":\"Metades de p\u00eassego em calda leve em lata 3\/1\"}]},{\"@type\":\"WebSite\",\"@id\":\"https:\/\/www.csj-emballages.com\/pt-pt\/#website\",\"url\":\"https:\/\/www.csj-emballages.com\/pt-pt\/\",\"name\":\"CSJ Emballages\",\"description\":\"\",\"publisher\":{\"@id\":\"https:\/\/www.csj-emballages.com\/pt-pt\/#organization\"},\"potentialAction\":[{\"@type\":\"SearchAction\",\"target\":{\"@type\":\"EntryPoint\",\"urlTemplate\":\"https:\/\/www.csj-emballages.com\/pt-pt\/?s={search_term_string}\"},\"query-input\":{\"@type\":\"PropertyValueSpecification\",\"valueRequired\":true,\"valueName\":\"search_term_string\"}}],\"inLanguage\":\"pt-PT\"},{\"@type\":\"Organization\",\"@id\":\"https:\/\/www.csj-emballages.com\/pt-pt\/#Organization\/\",\"name\":\"CSJ Emballages\",\"url\":\"https:\/\/www.csj-emballages.com\/pt-pt\/\",\"logo\":{\"@type\":\"ImageObject\",\"inLanguage\":\"pt-PT\",\"@id\":\"https:\/\/www.csj-emballages.com\/pt-pt\/#\/schema\/logo\/image\/\",\"url\":\"https:\/\/www.csj-emballages.com\/wp-content\/uploads\/2023\/10\/logo_csj.webp\",\"contentUrl\":\"https:\/\/www.csj-emballages.com\/wp-content\/uploads\/2023\/10\/logo_csj.webp\",\"width\":250,\"height\":95,\"caption\":\"CSJ Emballages\"},\"image\":{\"@id\":\"https:\/\/www.csj-emballages.com\/pt-pt\/#\/schema\/logo\/image\/\"},\"sameAs\":[\"https:\/\/www.facebook.com\/csjemballages\"],\"address\":{\"@type\":\"PostalAddress\",\"streetAddress\":\"ZI La Lechere\",\"addressLocality\":\"Patornay\",\"postalCode\":\"39130\",\"addressCountry\":\"FR\"},\"contactPoint\":[{\"@type\":\"ContactPoint\",\"contactType\":\"Service client\",\"telephone\":\"0384254272\",\"email\":\"contact@csj-emballages.com\"}]}]}<\/script>\n<!-- \/ Yoast SEO Premium plugin. -->","yoast_head_json":{"title":"Metades de P\u00eassego em Calda Leve em Lata 3\/1","description":"Metades de p\u00eassego em calda leve em lata 3\/1: fruta macia, sabor equilibrado e formato profissional ideal para sobremesas e prepara\u00e7\u00f5es culin\u00e1rias.","robots":{"index":"index","follow":"follow","max-snippet":"max-snippet:-1","max-image-preview":"max-image-preview:large","max-video-preview":"max-video-preview:-1"},"canonical":"https:\/\/www.csj-emballages.com\/pt-pt\/produit\/3-1-lata-de-fatias-de-pessego\/","og_locale":"pt_PT","og_type":"article","og_title":"Metades de p\u00eassego em calda leve em lata 3\/1","og_description":"Metades de p\u00eassego em calda leve em lata 3\/1: fruta macia, sabor equilibrado e formato profissional ideal para sobremesas e prepara\u00e7\u00f5es culin\u00e1rias.","og_url":"https:\/\/www.csj-emballages.com\/pt-pt\/produit\/3-1-lata-de-fatias-de-pessego\/","og_site_name":"CSJ Emballages","article_publisher":"https:\/\/www.facebook.com\/csjemballages","article_modified_time":"2026-03-12T15:01:14+00:00","og_image":[{"width":800,"height":800,"url":"https:\/\/www.csj-emballages.com\/wp-content\/uploads\/2024\/05\/040056.webp","type":"image\/webp"}],"twitter_card":"summary_large_image","twitter_misc":{"Tempo estimado de leitura":"2 minutos"},"schema":{"@context":"https:\/\/schema.org","@graph":[{"@type":"WebPage","@id":"https:\/\/www.csj-emballages.com\/pt-pt\/produit\/3-1-lata-de-fatias-de-pessego\/","url":"https:\/\/www.csj-emballages.com\/pt-pt\/produit\/3-1-lata-de-fatias-de-pessego\/","name":"Metades de P\u00eassego em Calda Leve em Lata 3\/1","isPartOf":{"@id":"https:\/\/www.csj-emballages.com\/pt-pt\/#website"},"primaryImageOfPage":{"@id":"https:\/\/www.csj-emballages.com\/pt-pt\/produit\/3-1-lata-de-fatias-de-pessego\/#primaryimage"},"image":{"@id":"https:\/\/www.csj-emballages.com\/pt-pt\/produit\/3-1-lata-de-fatias-de-pessego\/#primaryimage"},"thumbnailUrl":"https:\/\/www.csj-emballages.com\/wp-content\/uploads\/2024\/05\/040056.webp","datePublished":"2024-05-22T09:12:55+00:00","dateModified":"2026-03-12T15:01:14+00:00","description":"Metades de p\u00eassego em calda leve em lata 3\/1: fruta macia, sabor equilibrado e formato profissional ideal para sobremesas e prepara\u00e7\u00f5es culin\u00e1rias.","breadcrumb":{"@id":"https:\/\/www.csj-emballages.com\/pt-pt\/produit\/3-1-lata-de-fatias-de-pessego\/#breadcrumb"},"inLanguage":"pt-PT","potentialAction":[{"@type":"ReadAction","target":["https:\/\/www.csj-emballages.com\/pt-pt\/produit\/3-1-lata-de-fatias-de-pessego\/"]}]},{"@type":"ImageObject","inLanguage":"pt-PT","@id":"https:\/\/www.csj-emballages.com\/pt-pt\/produit\/3-1-lata-de-fatias-de-pessego\/#primaryimage","url":"https:\/\/www.csj-emballages.com\/wp-content\/uploads\/2024\/05\/040056.webp","contentUrl":"https:\/\/www.csj-emballages.com\/wp-content\/uploads\/2024\/05\/040056.webp","width":800,"height":800,"caption":"Oreillons de p\u00eaches"},{"@type":"BreadcrumbList","@id":"https:\/\/www.csj-emballages.com\/pt-pt\/produit\/3-1-lata-de-fatias-de-pessego\/#breadcrumb","itemListElement":[{"@type":"ListItem","position":1,"name":"Acolhimento","item":"https:\/\/www.csj-emballages.com\/pt-pt\/universo-das-embalagens-alimentares\/"},{"@type":"ListItem","position":2,"name":"Shop","item":"https:\/\/www.csj-emballages.com\/shop\/"},{"@type":"ListItem","position":3,"name":"Metades de p\u00eassego em calda leve em lata 3\/1"}]},{"@type":"WebSite","@id":"https:\/\/www.csj-emballages.com\/pt-pt\/#website","url":"https:\/\/www.csj-emballages.com\/pt-pt\/","name":"CSJ Emballages","description":"","publisher":{"@id":"https:\/\/www.csj-emballages.com\/pt-pt\/#organization"},"potentialAction":[{"@type":"SearchAction","target":{"@type":"EntryPoint","urlTemplate":"https:\/\/www.csj-emballages.com\/pt-pt\/?s={search_term_string}"},"query-input":{"@type":"PropertyValueSpecification","valueRequired":true,"valueName":"search_term_string"}}],"inLanguage":"pt-PT"},{"@type":"Organization","@id":"https:\/\/www.csj-emballages.com\/pt-pt\/#Organization\/","name":"CSJ Emballages","url":"https:\/\/www.csj-emballages.com\/pt-pt\/","logo":{"@type":"ImageObject","inLanguage":"pt-PT","@id":"https:\/\/www.csj-emballages.com\/pt-pt\/#\/schema\/logo\/image\/","url":"https:\/\/www.csj-emballages.com\/wp-content\/uploads\/2023\/10\/logo_csj.webp","contentUrl":"https:\/\/www.csj-emballages.com\/wp-content\/uploads\/2023\/10\/logo_csj.webp","width":250,"height":95,"caption":"CSJ Emballages"},"image":{"@id":"https:\/\/www.csj-emballages.com\/pt-pt\/#\/schema\/logo\/image\/"},"sameAs":["https:\/\/www.facebook.com\/csjemballages"],"address":{"@type":"PostalAddress","streetAddress":"ZI La Lechere","addressLocality":"Patornay","postalCode":"39130","addressCountry":"FR"},"contactPoint":[{"@type":"ContactPoint","contactType":"Service client","telephone":"0384254272","email":"contact@csj-emballages.com"}]}]}},"df_price":7.6,"df_sale_price":"","df_regular_price":7.6,"df_image_link":"https:\/\/www.csj-emballages.com\/wp-content\/uploads\/2024\/05\/040056-300x300.webp","tiered_pricing_type":"fixed","tiered_pricing_fixed_rules":[],"tiered_pricing_percentage_rules":[],"tiered_pricing_minimum":1,"tiered_pricing_roles_data":[],"_links":{"self":[{"href":"https:\/\/www.csj-emballages.com\/pt-pt\/wp-json\/wp\/v2\/product\/16796","targetHints":{"allow":["GET"]}}],"collection":[{"href":"https:\/\/www.csj-emballages.com\/pt-pt\/wp-json\/wp\/v2\/product"}],"about":[{"href":"https:\/\/www.csj-emballages.com\/pt-pt\/wp-json\/wp\/v2\/types\/product"}],"wp:featuredmedia":[{"embeddable":true,"href":"https:\/\/www.csj-emballages.com\/pt-pt\/wp-json\/wp\/v2\/media\/260883"}],"wp:attachment":[{"href":"https:\/\/www.csj-emballages.com\/pt-pt\/wp-json\/wp\/v2\/media?parent=16796"}],"wp:term":[{"taxonomy":"product_brand","embeddable":true,"href":"https:\/\/www.csj-emballages.com\/pt-pt\/wp-json\/wp\/v2\/product_brand?post=16796"},{"taxonomy":"product_cat","embeddable":true,"href":"https:\/\/www.csj-emballages.com\/pt-pt\/wp-json\/wp\/v2\/product_cat?post=16796"},{"taxonomy":"product_tag","embeddable":true,"href":"https:\/\/www.csj-emballages.com\/pt-pt\/wp-json\/wp\/v2\/product_tag?post=16796"}],"curies":[{"name":"wp","href":"https:\/\/api.w.org\/{rel}","templated":true}]}}