{"id":16792,"date":"2024-05-22T11:13:18","date_gmt":"2024-05-22T09:13:18","guid":{"rendered":"https:\/\/u15jnbdpoq.preview.infomaniak.website\/produit\/2-1-lata-de-mirabelle-denoyautee\/"},"modified":"2026-04-15T02:10:19","modified_gmt":"2026-04-15T00:10:19","slug":"2-1-lata-de-mirabelle-denoyautee","status":"publish","type":"product","link":"https:\/\/www.csj-emballages.com\/pt-pt\/produit\/2-1-lata-de-mirabelle-denoyautee\/","title":{"rendered":"Mirabeles descaro\u00e7adas em conserva, em lata 2\/1"},"content":{"rendered":"<h2 class=\"p1\">Mirabeles descaro\u00e7adas<\/h2>\n<hr>\n<h3>Descubra as nossas mirabeles descaro\u00e7adas em conserva, em lata 2\/1<\/h3>\n<p><!--more--><\/p>\n<div class=\"flex flex-grow flex-col max-w-full\">\n<div class=\"min-h-[20px] text-message flex flex-col items-start whitespace-pre-wrap break-words [.text-message+&amp;]:mt-5 juice:w-full juice:items-end overflow-x-auto gap-2\" dir=\"auto\" data-message-author-role=\"assistant\" data-message-id=\"579bfb50-fb6c-479d-a152-27ab4b509f37\">\n<div class=\"flex w-full flex-col gap-1 juice:empty:hidden juice:first:pt-[3px]\">\n<div class=\"markdown prose w-full break-words dark:prose-invert light\">\n<div class=\"flex-1 overflow-hidden\">\n<div class=\"react-scroll-to-bottom--css-ygaxm-79elbk h-full\">\n<div class=\"react-scroll-to-bottom--css-ygaxm-1n7m0yu\">\n<div class=\"flex flex-col text-sm\">\n<div class=\"w-full text-token-text-primary\" dir=\"auto\" data-testid=\"conversation-turn-3\" data-scroll-anchor=\"true\">\n<div class=\"py-2 juice:py-[18px] px-3 text-base md:px-4 m-auto md:px-5 lg:px-1 xl:px-5\">\n<div class=\"mx-auto flex flex-1 gap-3 text-base juice:gap-4 juice:md:gap-5 juice:lg:gap-6 md:max-w-3xl lg:max-w-[40rem] xl:max-w-[48rem]\">\n<div class=\"group\/conversation-turn relative flex w-full min-w-0 flex-col agent-turn\">\n<div class=\"flex-col gap-1 md:gap-3\">\n<div class=\"flex flex-grow flex-col max-w-full\">\n<div class=\"min-h-[20px] text-message flex flex-col items-start whitespace-pre-wrap break-words [.text-message+&amp;]:mt-5 juice:w-full juice:items-end overflow-x-auto gap-2\" dir=\"auto\" data-message-author-role=\"assistant\" data-message-id=\"cc8c8b89-e7cc-4334-9633-5926bce5a78c\">\n<div class=\"flex w-full flex-col gap-1 juice:empty:hidden juice:first:pt-[3px]\">\n<div class=\"markdown prose w-full break-words dark:prose-invert light\">\n<div class=\"flex flex-grow flex-col max-w-full\">\n<div class=\"min-h-[20px] text-message flex flex-col items-start whitespace-pre-wrap break-words [.text-message+&amp;]:mt-5 juice:w-full juice:items-end overflow-x-auto gap-2\" dir=\"auto\" data-message-author-role=\"assistant\" data-message-id=\"a5ad94cc-6796-4ad8-b325-83b721399f0a\">\n<div class=\"flex w-full flex-col gap-1 juice:empty:hidden juice:first:pt-[3px]\">\n<div class=\"markdown prose w-full break-words dark:prose-invert light\">\n<div class=\"flex flex-grow flex-col max-w-full\">\n<div class=\"min-h-[20px] text-message flex flex-col items-start whitespace-pre-wrap break-words [.text-message+&amp;]:mt-5 juice:w-full juice:items-end overflow-x-auto gap-2\" dir=\"auto\" data-message-author-role=\"assistant\" data-message-id=\"f22b6444-e23a-4e78-827a-fa8ff3877731\">\n<div class=\"flex w-full flex-col gap-1 juice:empty:hidden juice:first:pt-[3px]\">\n<div class=\"markdown prose w-full break-words dark:prose-invert light\">\n<div class=\"flex flex-grow flex-col max-w-full\">\n<div class=\"min-h-[20px] text-message flex flex-col items-start whitespace-pre-wrap break-words [.text-message+&amp;]:mt-5 juice:w-full juice:items-end overflow-x-auto gap-2\" dir=\"auto\" data-message-author-role=\"assistant\" data-message-id=\"ec402d76-ebcd-4cc4-a0c8-22820d3d0931\">\n<div class=\"flex w-full flex-col gap-1 juice:empty:hidden juice:first:pt-[3px]\">\n<div class=\"markdown prose w-full break-words dark:prose-invert light\">\n<div class=\"flex max-w-full flex-col flex-grow\">\n<div class=\"min-h-[20px] text-message flex w-full flex-col items-end gap-2 whitespace-pre-wrap break-words [.text-message+&amp;]:mt-5 overflow-x-auto\" dir=\"auto\" data-message-author-role=\"assistant\" data-message-id=\"af2e5938-0a81-4a5a-aa00-75811bcce1c3\">\n<div class=\"flex w-full flex-col gap-1 empty:hidden first:pt-[3px]\">\n<p data-start=\"254\" data-end=\"667\">Estas <strong data-start=\"258\" data-end=\"308\">mirabeles descaro\u00e7adas em conserva, em lata 2\/1<\/strong> s\u00e3o uma solu\u00e7\u00e3o simples e eficaz para desfrutar do sabor da fruta durante todo o ano. Selecionadas quando est\u00e3o maduras, oferecem uma bela cor dourada e uma textura macia, ideal para in\u00fameras prepara\u00e7\u00f5es. O facto de j\u00e1 estarem descaro\u00e7adas muda tudo: poupa tempo na cozinha e pode concentrar-se no essencial, a receita.  <\/p>\n<p data-start=\"669\" data-end=\"1131\">Gra\u00e7as ao seu formato generoso, esta <strong>lata 2\/1<\/strong> \u00e9 perfeita para profissionais de restaura\u00e7\u00e3o, pasteleiros, empresas de catering ou at\u00e9 mesmo institui\u00e7\u00f5es. Quer seja para guarnecer uma <strong>tarte, preparar uma sobremesa caseira, acompanhar um prato agridoce ou fazer compotas<\/strong>, estas <strong>mirabeles em calda<\/strong> integram-se facilmente no seu dia a dia. O seu sabor permanece equilibrado, nem demasiado doce nem demasiado ins\u00edpido, o que permite utiliz\u00e1-las tanto ao natural como trabalhadas.  <\/p>\n<p data-start=\"1133\" data-end=\"1428\">Al\u00e9m disso, a sua conserva\u00e7\u00e3o em <strong>lata<\/strong> garante uma disponibilidade constante, sem restri\u00e7\u00f5es de \u00e9poca. Abre, escorre se necess\u00e1rio e est\u00e1 pronto. Sem perdas, sem triagem, sem prepara\u00e7\u00e3o demorada. \u00c9 um verdadeiro conforto, especialmente quando os volumes aumentam ou quando o tempo \u00e9 escasso.   <\/p>\n<p data-start=\"1430\" data-end=\"1682\">Em resumo, estas <strong>mirabeles descaro\u00e7adas em lata 2\/1<\/strong> s\u00e3o um aliado fi\u00e1vel para todas as suas cria\u00e7\u00f5es culin\u00e1rias. Oferecem regularidade, praticidade e sabor, adaptando-se tanto a utiliza\u00e7\u00f5es profissionais como a prepara\u00e7\u00f5es em grande quantidade. <\/p>\n<p data-start=\"1430\" data-end=\"1682\">\n<h4><!--more--><\/h4>\n<h4>Vantagens :<\/h4>\n<ul>\n<li data-start=\"1710\" data-end=\"1758\"><strong>Mirabeles j\u00e1 descaro\u00e7adas<\/strong>, prontas a usar.<\/li>\n<li data-start=\"1761\" data-end=\"1806\"><strong>Formato 2\/1<\/strong> adequado para utiliza\u00e7\u00f5es profissionais.<\/li>\n<li data-start=\"1809\" data-end=\"1842\">Sabor frutado e textura macia.<\/li>\n<li data-start=\"1845\" data-end=\"1893\">Utiliza\u00e7\u00e3o polivalente em doce ou agridoce.<\/li>\n<li data-start=\"1896\" data-end=\"1923\">Dispon\u00edveis durante todo o ano.<\/li>\n<\/ul>\n<div class=\"markdown prose w-full break-words dark:prose-invert light\">\n<p>&nbsp;<\/p>\n<p><!--more--><\/p>\n<div style=\"font-family: Roboto, sans-serif;\">\n<div style=\"font-family: Roboto, sans-serif;\">\n<div style=\"font-family: Roboto, sans-serif;\">\n<h4>Outras informa\u00e7\u00f5es :<\/h4>\n<ul>\n<li><strong>Embalagem<\/strong>: Caixa 2\/1<\/li>\n<li><strong>Dimens\u00f5es<\/strong>: 100 x 225 (\u00d8 x h em mm)<\/li>\n<li><strong>Capacidade<\/strong>: 1700 ml<\/li>\n<li><strong>Peso l\u00edquido escorrido<\/strong>: 935 g<\/li>\n<li><strong>Tipo<\/strong>: Preservado sem caro\u00e7o<\/li>\n<\/ul>\n<\/div>\n<\/div>\n<\/div>\n<p>&nbsp;<\/p>\n<p><!--more--><\/p>\n<p data-start=\"935\" data-end=\"1162\"><a href=\"https:\/\/www.csj-emballages.com\/pt-pt\/categorie-produit\/alimentacao-pt-pt\/alimentacao\/frutos-secos-e-frutos-em-calda\/\">V\u00ea o resto da nossa gama de fruta em calda<\/a><\/p>\n<\/div>\n<\/div>\n<\/div>\n<\/div>\n<\/div>\n<\/div>\n<\/div>\n<\/div>\n<\/div>\n<\/div>\n<\/div>\n<\/div>\n<\/div>\n<\/div>\n<\/div>\n<\/div>\n<\/div>\n<\/div>\n<\/div>\n<\/div>\n<\/div>\n<\/div>\n<\/div>\n<\/div>\n<\/div>\n<\/div>\n<\/div>\n<\/div>\n<\/div>\n<\/div>\n<\/div>\n<\/div>\n<\/div>\n","protected":false},"excerpt":{"rendered":"<p>Mirabeles descaro\u00e7adas Descubra as nossas mirabeles descaro\u00e7adas em conserva, em lata 2\/1<\/p>\n","protected":false},"featured_media":260873,"template":"","meta":{"_acf_changed":false},"product_brand":[],"product_cat":[1151,1184,1197,5948],"product_tag":[],"class_list":{"0":"post-16792","1":"product","2":"type-product","3":"status-publish","4":"has-post-thumbnail","6":"product_cat-alimentacao-pt-pt","7":"product_cat-alimentacao","8":"product_cat-frutos-secos-e-frutos-em-calda","9":"product_cat-mirabelle-pt-pt","11":"first","12":"instock","13":"featured","14":"taxable","15":"shipping-taxable","16":"purchasable","17":"product-type-simple"},"acf":[],"yoast_head":"<!-- This site is optimized with the Yoast SEO Premium plugin v26.6 (Yoast SEO v26.6) - https:\/\/yoast.com\/wordpress\/plugins\/seo\/ -->\n<title>Mirabeles Descaro\u00e7adas em Conserva, em Lata 2\/1<\/title>\n<meta name=\"description\" content=\"Mirabeles descaro\u00e7adas em conserva, em lata 2\/1, prontas a usar. Formato profissional ideal para pastelaria, restaura\u00e7\u00e3o e sobremesas caseiras.\" \/>\n<meta name=\"robots\" content=\"index, follow, max-snippet:-1, max-image-preview:large, max-video-preview:-1\" \/>\n<link rel=\"canonical\" href=\"https:\/\/www.csj-emballages.com\/pt-pt\/produit\/2-1-lata-de-mirabelle-denoyautee\/\" \/>\n<meta property=\"og:locale\" content=\"pt_PT\" \/>\n<meta property=\"og:type\" content=\"article\" \/>\n<meta property=\"og:title\" content=\"Mirabeles descaro\u00e7adas em conserva, em lata 2\/1\" \/>\n<meta property=\"og:description\" content=\"Mirabeles descaro\u00e7adas em conserva, em lata 2\/1, prontas a usar. Formato profissional ideal para pastelaria, restaura\u00e7\u00e3o e sobremesas caseiras.\" \/>\n<meta property=\"og:url\" content=\"https:\/\/www.csj-emballages.com\/pt-pt\/produit\/2-1-lata-de-mirabelle-denoyautee\/\" \/>\n<meta property=\"og:site_name\" content=\"CSJ Emballages\" \/>\n<meta property=\"article:publisher\" content=\"https:\/\/www.facebook.com\/csjemballages\" \/>\n<meta property=\"article:modified_time\" content=\"2026-04-15T00:10:19+00:00\" \/>\n<meta property=\"og:image\" content=\"https:\/\/www.csj-emballages.com\/wp-content\/uploads\/2024\/05\/060012.webp\" \/>\n\t<meta property=\"og:image:width\" content=\"800\" \/>\n\t<meta property=\"og:image:height\" content=\"800\" \/>\n\t<meta property=\"og:image:type\" content=\"image\/webp\" \/>\n<meta name=\"twitter:card\" content=\"summary_large_image\" \/>\n<meta name=\"twitter:label1\" content=\"Tempo estimado de leitura\" \/>\n\t<meta name=\"twitter:data1\" content=\"2 minutos\" \/>\n<script type=\"application\/ld+json\" class=\"yoast-schema-graph\">{\"@context\":\"https:\/\/schema.org\",\"@graph\":[{\"@type\":\"WebPage\",\"@id\":\"https:\/\/www.csj-emballages.com\/pt-pt\/produit\/2-1-lata-de-mirabelle-denoyautee\/\",\"url\":\"https:\/\/www.csj-emballages.com\/pt-pt\/produit\/2-1-lata-de-mirabelle-denoyautee\/\",\"name\":\"Mirabeles Descaro\u00e7adas em Conserva, em Lata 2\/1\",\"isPartOf\":{\"@id\":\"https:\/\/www.csj-emballages.com\/pt-pt\/#website\"},\"primaryImageOfPage\":{\"@id\":\"https:\/\/www.csj-emballages.com\/pt-pt\/produit\/2-1-lata-de-mirabelle-denoyautee\/#primaryimage\"},\"image\":{\"@id\":\"https:\/\/www.csj-emballages.com\/pt-pt\/produit\/2-1-lata-de-mirabelle-denoyautee\/#primaryimage\"},\"thumbnailUrl\":\"https:\/\/www.csj-emballages.com\/wp-content\/uploads\/2024\/05\/060012.webp\",\"datePublished\":\"2024-05-22T09:13:18+00:00\",\"dateModified\":\"2026-04-15T00:10:19+00:00\",\"description\":\"Mirabeles descaro\u00e7adas em conserva, em lata 2\/1, prontas a usar. Formato profissional ideal para pastelaria, restaura\u00e7\u00e3o e sobremesas caseiras.\",\"breadcrumb\":{\"@id\":\"https:\/\/www.csj-emballages.com\/pt-pt\/produit\/2-1-lata-de-mirabelle-denoyautee\/#breadcrumb\"},\"inLanguage\":\"pt-PT\",\"potentialAction\":[{\"@type\":\"ReadAction\",\"target\":[\"https:\/\/www.csj-emballages.com\/pt-pt\/produit\/2-1-lata-de-mirabelle-denoyautee\/\"]}]},{\"@type\":\"ImageObject\",\"inLanguage\":\"pt-PT\",\"@id\":\"https:\/\/www.csj-emballages.com\/pt-pt\/produit\/2-1-lata-de-mirabelle-denoyautee\/#primaryimage\",\"url\":\"https:\/\/www.csj-emballages.com\/wp-content\/uploads\/2024\/05\/060012.webp\",\"contentUrl\":\"https:\/\/www.csj-emballages.com\/wp-content\/uploads\/2024\/05\/060012.webp\",\"width\":800,\"height\":800,\"caption\":\"Mirabelles d\u00e9noyaut\u00e9es\"},{\"@type\":\"BreadcrumbList\",\"@id\":\"https:\/\/www.csj-emballages.com\/pt-pt\/produit\/2-1-lata-de-mirabelle-denoyautee\/#breadcrumb\",\"itemListElement\":[{\"@type\":\"ListItem\",\"position\":1,\"name\":\"Acolhimento\",\"item\":\"https:\/\/www.csj-emballages.com\/pt-pt\/universo-das-embalagens-alimentares\/\"},{\"@type\":\"ListItem\",\"position\":2,\"name\":\"Shop\",\"item\":\"https:\/\/www.csj-emballages.com\/shop\/\"},{\"@type\":\"ListItem\",\"position\":3,\"name\":\"Mirabeles descaro\u00e7adas em conserva, em lata 2\/1\"}]},{\"@type\":\"WebSite\",\"@id\":\"https:\/\/www.csj-emballages.com\/pt-pt\/#website\",\"url\":\"https:\/\/www.csj-emballages.com\/pt-pt\/\",\"name\":\"CSJ Emballages\",\"description\":\"\",\"publisher\":{\"@id\":\"https:\/\/www.csj-emballages.com\/pt-pt\/#organization\"},\"potentialAction\":[{\"@type\":\"SearchAction\",\"target\":{\"@type\":\"EntryPoint\",\"urlTemplate\":\"https:\/\/www.csj-emballages.com\/pt-pt\/?s={search_term_string}\"},\"query-input\":{\"@type\":\"PropertyValueSpecification\",\"valueRequired\":true,\"valueName\":\"search_term_string\"}}],\"inLanguage\":\"pt-PT\"},{\"@type\":\"Organization\",\"@id\":\"https:\/\/www.csj-emballages.com\/pt-pt\/#Organization\/\",\"name\":\"CSJ Emballages\",\"url\":\"https:\/\/www.csj-emballages.com\/pt-pt\/\",\"logo\":{\"@type\":\"ImageObject\",\"inLanguage\":\"pt-PT\",\"@id\":\"https:\/\/www.csj-emballages.com\/pt-pt\/#\/schema\/logo\/image\/\",\"url\":\"https:\/\/www.csj-emballages.com\/wp-content\/uploads\/2023\/10\/logo_csj.webp\",\"contentUrl\":\"https:\/\/www.csj-emballages.com\/wp-content\/uploads\/2023\/10\/logo_csj.webp\",\"width\":250,\"height\":95,\"caption\":\"CSJ Emballages\"},\"image\":{\"@id\":\"https:\/\/www.csj-emballages.com\/pt-pt\/#\/schema\/logo\/image\/\"},\"sameAs\":[\"https:\/\/www.facebook.com\/csjemballages\"],\"address\":{\"@type\":\"PostalAddress\",\"streetAddress\":\"ZI La Lechere\",\"addressLocality\":\"Patornay\",\"postalCode\":\"39130\",\"addressCountry\":\"FR\"},\"contactPoint\":[{\"@type\":\"ContactPoint\",\"contactType\":\"Service client\",\"telephone\":\"0384254272\",\"email\":\"contact@csj-emballages.com\"}]}]}<\/script>\n<!-- \/ Yoast SEO Premium plugin. -->","yoast_head_json":{"title":"Mirabeles Descaro\u00e7adas em Conserva, em Lata 2\/1","description":"Mirabeles descaro\u00e7adas em conserva, em lata 2\/1, prontas a usar. Formato profissional ideal para pastelaria, restaura\u00e7\u00e3o e sobremesas caseiras.","robots":{"index":"index","follow":"follow","max-snippet":"max-snippet:-1","max-image-preview":"max-image-preview:large","max-video-preview":"max-video-preview:-1"},"canonical":"https:\/\/www.csj-emballages.com\/pt-pt\/produit\/2-1-lata-de-mirabelle-denoyautee\/","og_locale":"pt_PT","og_type":"article","og_title":"Mirabeles descaro\u00e7adas em conserva, em lata 2\/1","og_description":"Mirabeles descaro\u00e7adas em conserva, em lata 2\/1, prontas a usar. Formato profissional ideal para pastelaria, restaura\u00e7\u00e3o e sobremesas caseiras.","og_url":"https:\/\/www.csj-emballages.com\/pt-pt\/produit\/2-1-lata-de-mirabelle-denoyautee\/","og_site_name":"CSJ Emballages","article_publisher":"https:\/\/www.facebook.com\/csjemballages","article_modified_time":"2026-04-15T00:10:19+00:00","og_image":[{"width":800,"height":800,"url":"https:\/\/www.csj-emballages.com\/wp-content\/uploads\/2024\/05\/060012.webp","type":"image\/webp"}],"twitter_card":"summary_large_image","twitter_misc":{"Tempo estimado de leitura":"2 minutos"},"schema":{"@context":"https:\/\/schema.org","@graph":[{"@type":"WebPage","@id":"https:\/\/www.csj-emballages.com\/pt-pt\/produit\/2-1-lata-de-mirabelle-denoyautee\/","url":"https:\/\/www.csj-emballages.com\/pt-pt\/produit\/2-1-lata-de-mirabelle-denoyautee\/","name":"Mirabeles Descaro\u00e7adas em Conserva, em Lata 2\/1","isPartOf":{"@id":"https:\/\/www.csj-emballages.com\/pt-pt\/#website"},"primaryImageOfPage":{"@id":"https:\/\/www.csj-emballages.com\/pt-pt\/produit\/2-1-lata-de-mirabelle-denoyautee\/#primaryimage"},"image":{"@id":"https:\/\/www.csj-emballages.com\/pt-pt\/produit\/2-1-lata-de-mirabelle-denoyautee\/#primaryimage"},"thumbnailUrl":"https:\/\/www.csj-emballages.com\/wp-content\/uploads\/2024\/05\/060012.webp","datePublished":"2024-05-22T09:13:18+00:00","dateModified":"2026-04-15T00:10:19+00:00","description":"Mirabeles descaro\u00e7adas em conserva, em lata 2\/1, prontas a usar. Formato profissional ideal para pastelaria, restaura\u00e7\u00e3o e sobremesas caseiras.","breadcrumb":{"@id":"https:\/\/www.csj-emballages.com\/pt-pt\/produit\/2-1-lata-de-mirabelle-denoyautee\/#breadcrumb"},"inLanguage":"pt-PT","potentialAction":[{"@type":"ReadAction","target":["https:\/\/www.csj-emballages.com\/pt-pt\/produit\/2-1-lata-de-mirabelle-denoyautee\/"]}]},{"@type":"ImageObject","inLanguage":"pt-PT","@id":"https:\/\/www.csj-emballages.com\/pt-pt\/produit\/2-1-lata-de-mirabelle-denoyautee\/#primaryimage","url":"https:\/\/www.csj-emballages.com\/wp-content\/uploads\/2024\/05\/060012.webp","contentUrl":"https:\/\/www.csj-emballages.com\/wp-content\/uploads\/2024\/05\/060012.webp","width":800,"height":800,"caption":"Mirabelles d\u00e9noyaut\u00e9es"},{"@type":"BreadcrumbList","@id":"https:\/\/www.csj-emballages.com\/pt-pt\/produit\/2-1-lata-de-mirabelle-denoyautee\/#breadcrumb","itemListElement":[{"@type":"ListItem","position":1,"name":"Acolhimento","item":"https:\/\/www.csj-emballages.com\/pt-pt\/universo-das-embalagens-alimentares\/"},{"@type":"ListItem","position":2,"name":"Shop","item":"https:\/\/www.csj-emballages.com\/shop\/"},{"@type":"ListItem","position":3,"name":"Mirabeles descaro\u00e7adas em conserva, em lata 2\/1"}]},{"@type":"WebSite","@id":"https:\/\/www.csj-emballages.com\/pt-pt\/#website","url":"https:\/\/www.csj-emballages.com\/pt-pt\/","name":"CSJ Emballages","description":"","publisher":{"@id":"https:\/\/www.csj-emballages.com\/pt-pt\/#organization"},"potentialAction":[{"@type":"SearchAction","target":{"@type":"EntryPoint","urlTemplate":"https:\/\/www.csj-emballages.com\/pt-pt\/?s={search_term_string}"},"query-input":{"@type":"PropertyValueSpecification","valueRequired":true,"valueName":"search_term_string"}}],"inLanguage":"pt-PT"},{"@type":"Organization","@id":"https:\/\/www.csj-emballages.com\/pt-pt\/#Organization\/","name":"CSJ Emballages","url":"https:\/\/www.csj-emballages.com\/pt-pt\/","logo":{"@type":"ImageObject","inLanguage":"pt-PT","@id":"https:\/\/www.csj-emballages.com\/pt-pt\/#\/schema\/logo\/image\/","url":"https:\/\/www.csj-emballages.com\/wp-content\/uploads\/2023\/10\/logo_csj.webp","contentUrl":"https:\/\/www.csj-emballages.com\/wp-content\/uploads\/2023\/10\/logo_csj.webp","width":250,"height":95,"caption":"CSJ Emballages"},"image":{"@id":"https:\/\/www.csj-emballages.com\/pt-pt\/#\/schema\/logo\/image\/"},"sameAs":["https:\/\/www.facebook.com\/csjemballages"],"address":{"@type":"PostalAddress","streetAddress":"ZI La Lechere","addressLocality":"Patornay","postalCode":"39130","addressCountry":"FR"},"contactPoint":[{"@type":"ContactPoint","contactType":"Service client","telephone":"0384254272","email":"contact@csj-emballages.com"}]}]}},"df_price":7.21,"df_sale_price":"","df_regular_price":7.21,"df_image_link":"https:\/\/www.csj-emballages.com\/wp-content\/uploads\/2024\/05\/060012-300x300.webp","tiered_pricing_type":"fixed","tiered_pricing_fixed_rules":[],"tiered_pricing_percentage_rules":[],"tiered_pricing_minimum":1,"tiered_pricing_roles_data":[],"_links":{"self":[{"href":"https:\/\/www.csj-emballages.com\/pt-pt\/wp-json\/wp\/v2\/product\/16792","targetHints":{"allow":["GET"]}}],"collection":[{"href":"https:\/\/www.csj-emballages.com\/pt-pt\/wp-json\/wp\/v2\/product"}],"about":[{"href":"https:\/\/www.csj-emballages.com\/pt-pt\/wp-json\/wp\/v2\/types\/product"}],"wp:featuredmedia":[{"embeddable":true,"href":"https:\/\/www.csj-emballages.com\/pt-pt\/wp-json\/wp\/v2\/media\/260873"}],"wp:attachment":[{"href":"https:\/\/www.csj-emballages.com\/pt-pt\/wp-json\/wp\/v2\/media?parent=16792"}],"wp:term":[{"taxonomy":"product_brand","embeddable":true,"href":"https:\/\/www.csj-emballages.com\/pt-pt\/wp-json\/wp\/v2\/product_brand?post=16792"},{"taxonomy":"product_cat","embeddable":true,"href":"https:\/\/www.csj-emballages.com\/pt-pt\/wp-json\/wp\/v2\/product_cat?post=16792"},{"taxonomy":"product_tag","embeddable":true,"href":"https:\/\/www.csj-emballages.com\/pt-pt\/wp-json\/wp\/v2\/product_tag?post=16792"}],"curies":[{"name":"wp","href":"https:\/\/api.w.org\/{rel}","templated":true}]}}