{"id":16782,"date":"2024-05-22T11:13:18","date_gmt":"2024-05-22T09:13:18","guid":{"rendered":"https:\/\/u15jnbdpoq.preview.infomaniak.website\/produit\/2-1-lata-de-quetsche-denoyautee\/"},"modified":"2026-04-03T02:10:30","modified_gmt":"2026-04-03T00:10:30","slug":"2-1-lata-de-quetsche-denoyautee","status":"publish","type":"product","link":"https:\/\/www.csj-emballages.com\/pt-pt\/produit\/2-1-lata-de-quetsche-denoyautee\/","title":{"rendered":"Ameixas Quetsches descaro\u00e7adas conservadas em lata 2\/1"},"content":{"rendered":"<h2 class=\"p1\">Ameixas Quetsches descaro\u00e7adas<\/h2>\n<hr>\n<h3>descubra as nossas ameixas quetsches descaro\u00e7adas conservadas em lata 2\/1<\/h3>\n<p><!--more--><\/p>\n<div class=\"flex flex-grow flex-col max-w-full\">\n<div class=\"min-h-[20px] text-message flex flex-col items-start whitespace-pre-wrap break-words [.text-message+&amp;]:mt-5 juice:w-full juice:items-end overflow-x-auto gap-2\" dir=\"auto\" data-message-author-role=\"assistant\" data-message-id=\"579bfb50-fb6c-479d-a152-27ab4b509f37\">\n<div class=\"flex w-full flex-col gap-1 juice:empty:hidden juice:first:pt-[3px]\">\n<div class=\"markdown prose w-full break-words dark:prose-invert light\">\n<div class=\"flex-1 overflow-hidden\">\n<div class=\"react-scroll-to-bottom--css-ygaxm-79elbk h-full\">\n<div class=\"react-scroll-to-bottom--css-ygaxm-1n7m0yu\">\n<div class=\"flex flex-col text-sm\">\n<div class=\"w-full text-token-text-primary\" dir=\"auto\" data-testid=\"conversation-turn-3\" data-scroll-anchor=\"true\">\n<div class=\"py-2 juice:py-[18px] px-3 text-base md:px-4 m-auto md:px-5 lg:px-1 xl:px-5\">\n<div class=\"mx-auto flex flex-1 gap-3 text-base juice:gap-4 juice:md:gap-5 juice:lg:gap-6 md:max-w-3xl lg:max-w-[40rem] xl:max-w-[48rem]\">\n<div class=\"group\/conversation-turn relative flex w-full min-w-0 flex-col agent-turn\">\n<div class=\"flex-col gap-1 md:gap-3\">\n<div class=\"flex flex-grow flex-col max-w-full\">\n<div class=\"min-h-[20px] text-message flex flex-col items-start whitespace-pre-wrap break-words [.text-message+&amp;]:mt-5 juice:w-full juice:items-end overflow-x-auto gap-2\" dir=\"auto\" data-message-author-role=\"assistant\" data-message-id=\"cc8c8b89-e7cc-4334-9633-5926bce5a78c\">\n<div class=\"flex w-full flex-col gap-1 juice:empty:hidden juice:first:pt-[3px]\">\n<div class=\"markdown prose w-full break-words dark:prose-invert light\">\n<div class=\"flex flex-grow flex-col max-w-full\">\n<div class=\"min-h-[20px] text-message flex flex-col items-start whitespace-pre-wrap break-words [.text-message+&amp;]:mt-5 juice:w-full juice:items-end overflow-x-auto gap-2\" dir=\"auto\" data-message-author-role=\"assistant\" data-message-id=\"a5ad94cc-6796-4ad8-b325-83b721399f0a\">\n<div class=\"flex w-full flex-col gap-1 juice:empty:hidden juice:first:pt-[3px]\">\n<div class=\"markdown prose w-full break-words dark:prose-invert light\">\n<div class=\"flex flex-grow flex-col max-w-full\">\n<div class=\"min-h-[20px] text-message flex flex-col items-start whitespace-pre-wrap break-words [.text-message+&amp;]:mt-5 juice:w-full juice:items-end overflow-x-auto gap-2\" dir=\"auto\" data-message-author-role=\"assistant\" data-message-id=\"f22b6444-e23a-4e78-827a-fa8ff3877731\">\n<div class=\"flex w-full flex-col gap-1 juice:empty:hidden juice:first:pt-[3px]\">\n<div class=\"markdown prose w-full break-words dark:prose-invert light\">\n<div class=\"flex flex-grow flex-col max-w-full\">\n<div class=\"min-h-[20px] text-message flex flex-col items-start whitespace-pre-wrap break-words [.text-message+&amp;]:mt-5 juice:w-full juice:items-end overflow-x-auto gap-2\" dir=\"auto\" data-message-author-role=\"assistant\" data-message-id=\"ec402d76-ebcd-4cc4-a0c8-22820d3d0931\">\n<div class=\"flex w-full flex-col gap-1 juice:empty:hidden juice:first:pt-[3px]\">\n<div class=\"markdown prose w-full break-words dark:prose-invert light\">\n<div class=\"flex max-w-full flex-col flex-grow\">\n<div class=\"min-h-[20px] text-message flex w-full flex-col items-end gap-2 whitespace-pre-wrap break-words [.text-message+&amp;]:mt-5 overflow-x-auto\" dir=\"auto\" data-message-author-role=\"assistant\" data-message-id=\"af2e5938-0a81-4a5a-aa00-75811bcce1c3\">\n<div class=\"flex w-full flex-col gap-1 empty:hidden first:pt-[3px]\">\n<div class=\"markdown prose w-full break-words dark:prose-invert light\">\n<p data-start=\"235\" data-end=\"682\">Estas <strong>ameixas quetsches descaro\u00e7adas conservadas em lata 2\/1<\/strong> s\u00e3o uma aposta segura para quem quer ir direto ao essencial sem comprometer o sabor. Selecionadas na matura\u00e7\u00e3o ideal, mant\u00eam uma polpa tenra, uma bela cor violeta e, sobretudo, aquele sabor ligeiramente \u00e1cido t\u00edpico da quetsche. Depois de abertas, est\u00e3o prontas a ser utilizadas, sem sele\u00e7\u00e3o nem corte, o que permite poupar um tempo precioso na cozinha.  <\/p>\n<p data-start=\"684\" data-end=\"1079\">Gra\u00e7as ao seu formato generoso, adaptam-se perfeitamente a uma utiliza\u00e7\u00e3o profissional. Quer seja para guarnecer <strong>tartes, preparar sobremesas caseiras, fazer compotas, geleias<\/strong> ou at\u00e9 acompanhar pratos salgados, oferecem uma grande liberdade de utiliza\u00e7\u00e3o. A sua textura permanece agrad\u00e1vel de trabalhar, sem ser demasiado mole, o que permite manter peda\u00e7os bonitos ap\u00f3s a cozedura.  <\/p>\n<p data-start=\"1081\" data-end=\"1419\">Al\u00e9m disso, a sua conserva\u00e7\u00e3o em <strong>lata<\/strong> permite uma utiliza\u00e7\u00e3o regular ao longo de todo o ano, sem depender da esta\u00e7\u00e3o. \u00c9 uma solu\u00e7\u00e3o ideal para manter uma qualidade constante nas suas receitas, dia ap\u00f3s dia. Sabe exatamente o que esperar a cada abertura, e isso muda tudo na organiza\u00e7\u00e3o do trabalho.  <\/p>\n<p data-start=\"1421\" data-end=\"1716\">O <strong>formato 2\/1<\/strong> tamb\u00e9m foi concebido para limitar as perdas. Utilize a quantidade necess\u00e1ria, quando precisar, sem desperd\u00edcio in\u00fatil. Simples, eficaz e fi\u00e1vel, este produto encontra naturalmente o seu lugar nas cozinhas profissionais, tal como nas oficinas de transforma\u00e7\u00e3o.  <\/p>\n<p data-start=\"1718\" data-end=\"1919\">Em resumo, estas <strong>ameixas quetsches descaro\u00e7adas<\/strong> est\u00e3o aqui para lhe facilitar a vida, ao mesmo tempo que trazem um toque frutado \u00e0s suas prepara\u00e7\u00f5es. Um produto pr\u00e1tico, polivalente e sempre agrad\u00e1vel de trabalhar. <\/p>\n<p data-start=\"1718\" data-end=\"1919\">\n<\/div>\n<\/div>\n<\/div>\n<\/div>\n<div class=\"flex max-w-full flex-col flex-grow\">\n<div class=\"min-h-[20px] text-message flex w-full flex-col items-end gap-2 whitespace-pre-wrap break-words [.text-message+&amp;]:mt-5 overflow-x-auto\" dir=\"auto\" data-message-author-role=\"assistant\" data-message-id=\"af2e5938-0a81-4a5a-aa00-75811bcce1c3\">\n<div class=\"flex w-full flex-col gap-1 empty:hidden first:pt-[3px]\">\n<h4><!--more--><\/h4>\n<h4>Vantagens :<\/h4>\n<ul>\n<li data-start=\"134\" data-end=\"182\"><strong>Ameixas Quetsches j\u00e1 descaro\u00e7adas<\/strong>, prontas a usar.<\/li>\n<li data-start=\"185\" data-end=\"238\">Sabor frutado e ligeiramente \u00e1cido, fiel ao fruto.<\/li>\n<li data-start=\"241\" data-end=\"288\">Textura agrad\u00e1vel que se mant\u00e9m bem durante a cozedura.<\/li>\n<li data-start=\"291\" data-end=\"338\"><strong>Formato 2\/1<\/strong> ideal para uma utiliza\u00e7\u00e3o profissional.<\/li>\n<li data-start=\"341\" data-end=\"396\">Utiliz\u00e1veis durante todo o ano, sem restri\u00e7\u00f5es de esta\u00e7\u00e3o.<\/li>\n<li data-start=\"399\" data-end=\"447\">Limita o tempo de prepara\u00e7\u00e3o e o desperd\u00edcio.<\/li>\n<\/ul>\n<p>&nbsp;<\/p>\n<p><!--more--><\/p>\n<div style=\"font-family: Roboto, sans-serif;\">\n<div style=\"font-family: Roboto, sans-serif;\">\n<div style=\"font-family: Roboto, sans-serif;\">\n<h4>Outras informa\u00e7\u00f5es :<\/h4>\n<ul>\n<li><strong>Embalagem<\/strong>: Caixa 2\/1<\/li>\n<li><strong>Dimens\u00f5es<\/strong>: 100 x 225 (\u00d8 x h em mm)<\/li>\n<li><strong>Capacidade<\/strong>: 1700 ml<\/li>\n<li><strong>Peso l\u00edquido escorrido<\/strong>: 935 g<\/li>\n<li><strong>Tipo<\/strong>: Preservado sem caro\u00e7o<\/li>\n<\/ul>\n<\/div>\n<\/div>\n<\/div>\n<p>&nbsp;<\/p>\n<p><!--more--><\/p>\n<p data-start=\"935\" data-end=\"1162\"><a href=\"https:\/\/www.csj-emballages.com\/pt-pt\/categorie-produit\/alimentacao-pt-pt\/alimentacao\/frutos-secos-e-frutos-em-calda\/\">V\u00ea o resto da nossa gama de fruta em calda<\/a><\/p>\n<\/div>\n<\/div>\n<\/div>\n<\/div>\n<\/div>\n<\/div>\n<\/div>\n<\/div>\n<\/div>\n<\/div>\n<\/div>\n<\/div>\n<\/div>\n<\/div>\n<\/div>\n<\/div>\n<\/div>\n<\/div>\n<\/div>\n<\/div>\n<\/div>\n<\/div>\n<\/div>\n<\/div>\n<\/div>\n<\/div>\n<\/div>\n<\/div>\n<\/div>\n<\/div>\n<\/div>\n<\/div>\n","protected":false},"excerpt":{"rendered":"<p>Ameixas Quetsches descaro\u00e7adas descubra as nossas ameixas quetsches descaro\u00e7adas conservadas em lata 2\/1<\/p>\n","protected":false},"featured_media":260917,"template":"","meta":{"_acf_changed":false},"product_brand":[],"product_cat":[1151,1184,1197,5943],"product_tag":[],"class_list":{"0":"post-16782","1":"product","2":"type-product","3":"status-publish","4":"has-post-thumbnail","6":"product_cat-alimentacao-pt-pt","7":"product_cat-alimentacao","8":"product_cat-frutos-secos-e-frutos-em-calda","9":"product_cat-quetsche-pt-pt","11":"first","12":"instock","13":"featured","14":"taxable","15":"shipping-taxable","16":"purchasable","17":"product-type-simple"},"acf":[],"yoast_head":"<!-- This site is optimized with the Yoast SEO Premium plugin v26.6 (Yoast SEO v26.6) - https:\/\/yoast.com\/wordpress\/plugins\/seo\/ -->\n<title>Ameixas Quetsches Descaro\u00e7adas Conservadas em Lata 2\/1<\/title>\n<meta name=\"description\" content=\"Ameixas Quetsches descaro\u00e7adas conservadas em lata 2\/1, prontas a usar. Ideais para tartes, sobremesas e receitas profissionais durante todo o ano.\" \/>\n<meta name=\"robots\" content=\"index, follow, max-snippet:-1, max-image-preview:large, max-video-preview:-1\" \/>\n<link rel=\"canonical\" href=\"https:\/\/www.csj-emballages.com\/pt-pt\/produit\/2-1-lata-de-quetsche-denoyautee\/\" \/>\n<meta property=\"og:locale\" content=\"pt_PT\" \/>\n<meta property=\"og:type\" content=\"article\" \/>\n<meta property=\"og:title\" content=\"Ameixas Quetsches descaro\u00e7adas conservadas em lata 2\/1\" \/>\n<meta property=\"og:description\" content=\"Ameixas Quetsches descaro\u00e7adas conservadas em lata 2\/1, prontas a usar. Ideais para tartes, sobremesas e receitas profissionais durante todo o ano.\" \/>\n<meta property=\"og:url\" content=\"https:\/\/www.csj-emballages.com\/pt-pt\/produit\/2-1-lata-de-quetsche-denoyautee\/\" \/>\n<meta property=\"og:site_name\" content=\"CSJ Emballages\" \/>\n<meta property=\"article:publisher\" content=\"https:\/\/www.facebook.com\/csjemballages\" \/>\n<meta property=\"article:modified_time\" content=\"2026-04-03T00:10:30+00:00\" \/>\n<meta property=\"og:image\" content=\"https:\/\/www.csj-emballages.com\/wp-content\/uploads\/2024\/05\/070017.webp\" \/>\n\t<meta property=\"og:image:width\" content=\"800\" \/>\n\t<meta property=\"og:image:height\" content=\"800\" \/>\n\t<meta property=\"og:image:type\" content=\"image\/webp\" \/>\n<meta name=\"twitter:card\" content=\"summary_large_image\" \/>\n<meta name=\"twitter:label1\" content=\"Tempo estimado de leitura\" \/>\n\t<meta name=\"twitter:data1\" content=\"2 minutos\" \/>\n<script type=\"application\/ld+json\" class=\"yoast-schema-graph\">{\"@context\":\"https:\/\/schema.org\",\"@graph\":[{\"@type\":\"WebPage\",\"@id\":\"https:\/\/www.csj-emballages.com\/pt-pt\/produit\/2-1-lata-de-quetsche-denoyautee\/\",\"url\":\"https:\/\/www.csj-emballages.com\/pt-pt\/produit\/2-1-lata-de-quetsche-denoyautee\/\",\"name\":\"Ameixas Quetsches Descaro\u00e7adas Conservadas em Lata 2\/1\",\"isPartOf\":{\"@id\":\"https:\/\/www.csj-emballages.com\/pt-pt\/#website\"},\"primaryImageOfPage\":{\"@id\":\"https:\/\/www.csj-emballages.com\/pt-pt\/produit\/2-1-lata-de-quetsche-denoyautee\/#primaryimage\"},\"image\":{\"@id\":\"https:\/\/www.csj-emballages.com\/pt-pt\/produit\/2-1-lata-de-quetsche-denoyautee\/#primaryimage\"},\"thumbnailUrl\":\"https:\/\/www.csj-emballages.com\/wp-content\/uploads\/2024\/05\/070017.webp\",\"datePublished\":\"2024-05-22T09:13:18+00:00\",\"dateModified\":\"2026-04-03T00:10:30+00:00\",\"description\":\"Ameixas Quetsches descaro\u00e7adas conservadas em lata 2\/1, prontas a usar. Ideais para tartes, sobremesas e receitas profissionais durante todo o ano.\",\"breadcrumb\":{\"@id\":\"https:\/\/www.csj-emballages.com\/pt-pt\/produit\/2-1-lata-de-quetsche-denoyautee\/#breadcrumb\"},\"inLanguage\":\"pt-PT\",\"potentialAction\":[{\"@type\":\"ReadAction\",\"target\":[\"https:\/\/www.csj-emballages.com\/pt-pt\/produit\/2-1-lata-de-quetsche-denoyautee\/\"]}]},{\"@type\":\"ImageObject\",\"inLanguage\":\"pt-PT\",\"@id\":\"https:\/\/www.csj-emballages.com\/pt-pt\/produit\/2-1-lata-de-quetsche-denoyautee\/#primaryimage\",\"url\":\"https:\/\/www.csj-emballages.com\/wp-content\/uploads\/2024\/05\/070017.webp\",\"contentUrl\":\"https:\/\/www.csj-emballages.com\/wp-content\/uploads\/2024\/05\/070017.webp\",\"width\":800,\"height\":800,\"caption\":\"Quetsches d\u00e9noyaut\u00e9es\"},{\"@type\":\"BreadcrumbList\",\"@id\":\"https:\/\/www.csj-emballages.com\/pt-pt\/produit\/2-1-lata-de-quetsche-denoyautee\/#breadcrumb\",\"itemListElement\":[{\"@type\":\"ListItem\",\"position\":1,\"name\":\"Acolhimento\",\"item\":\"https:\/\/www.csj-emballages.com\/pt-pt\/universo-das-embalagens-alimentares\/\"},{\"@type\":\"ListItem\",\"position\":2,\"name\":\"Shop\",\"item\":\"https:\/\/www.csj-emballages.com\/shop\/\"},{\"@type\":\"ListItem\",\"position\":3,\"name\":\"Ameixas Quetsches descaro\u00e7adas conservadas em lata 2\/1\"}]},{\"@type\":\"WebSite\",\"@id\":\"https:\/\/www.csj-emballages.com\/pt-pt\/#website\",\"url\":\"https:\/\/www.csj-emballages.com\/pt-pt\/\",\"name\":\"CSJ Emballages\",\"description\":\"\",\"publisher\":{\"@id\":\"https:\/\/www.csj-emballages.com\/pt-pt\/#organization\"},\"potentialAction\":[{\"@type\":\"SearchAction\",\"target\":{\"@type\":\"EntryPoint\",\"urlTemplate\":\"https:\/\/www.csj-emballages.com\/pt-pt\/?s={search_term_string}\"},\"query-input\":{\"@type\":\"PropertyValueSpecification\",\"valueRequired\":true,\"valueName\":\"search_term_string\"}}],\"inLanguage\":\"pt-PT\"},{\"@type\":\"Organization\",\"@id\":\"https:\/\/www.csj-emballages.com\/pt-pt\/#Organization\/\",\"name\":\"CSJ Emballages\",\"url\":\"https:\/\/www.csj-emballages.com\/pt-pt\/\",\"logo\":{\"@type\":\"ImageObject\",\"inLanguage\":\"pt-PT\",\"@id\":\"https:\/\/www.csj-emballages.com\/pt-pt\/#\/schema\/logo\/image\/\",\"url\":\"https:\/\/www.csj-emballages.com\/wp-content\/uploads\/2023\/10\/logo_csj.webp\",\"contentUrl\":\"https:\/\/www.csj-emballages.com\/wp-content\/uploads\/2023\/10\/logo_csj.webp\",\"width\":250,\"height\":95,\"caption\":\"CSJ Emballages\"},\"image\":{\"@id\":\"https:\/\/www.csj-emballages.com\/pt-pt\/#\/schema\/logo\/image\/\"},\"sameAs\":[\"https:\/\/www.facebook.com\/csjemballages\"],\"address\":{\"@type\":\"PostalAddress\",\"streetAddress\":\"ZI La Lechere\",\"addressLocality\":\"Patornay\",\"postalCode\":\"39130\",\"addressCountry\":\"FR\"},\"contactPoint\":[{\"@type\":\"ContactPoint\",\"contactType\":\"Service client\",\"telephone\":\"0384254272\",\"email\":\"contact@csj-emballages.com\"}]}]}<\/script>\n<!-- \/ Yoast SEO Premium plugin. -->","yoast_head_json":{"title":"Ameixas Quetsches Descaro\u00e7adas Conservadas em Lata 2\/1","description":"Ameixas Quetsches descaro\u00e7adas conservadas em lata 2\/1, prontas a usar. Ideais para tartes, sobremesas e receitas profissionais durante todo o ano.","robots":{"index":"index","follow":"follow","max-snippet":"max-snippet:-1","max-image-preview":"max-image-preview:large","max-video-preview":"max-video-preview:-1"},"canonical":"https:\/\/www.csj-emballages.com\/pt-pt\/produit\/2-1-lata-de-quetsche-denoyautee\/","og_locale":"pt_PT","og_type":"article","og_title":"Ameixas Quetsches descaro\u00e7adas conservadas em lata 2\/1","og_description":"Ameixas Quetsches descaro\u00e7adas conservadas em lata 2\/1, prontas a usar. Ideais para tartes, sobremesas e receitas profissionais durante todo o ano.","og_url":"https:\/\/www.csj-emballages.com\/pt-pt\/produit\/2-1-lata-de-quetsche-denoyautee\/","og_site_name":"CSJ Emballages","article_publisher":"https:\/\/www.facebook.com\/csjemballages","article_modified_time":"2026-04-03T00:10:30+00:00","og_image":[{"width":800,"height":800,"url":"https:\/\/www.csj-emballages.com\/wp-content\/uploads\/2024\/05\/070017.webp","type":"image\/webp"}],"twitter_card":"summary_large_image","twitter_misc":{"Tempo estimado de leitura":"2 minutos"},"schema":{"@context":"https:\/\/schema.org","@graph":[{"@type":"WebPage","@id":"https:\/\/www.csj-emballages.com\/pt-pt\/produit\/2-1-lata-de-quetsche-denoyautee\/","url":"https:\/\/www.csj-emballages.com\/pt-pt\/produit\/2-1-lata-de-quetsche-denoyautee\/","name":"Ameixas Quetsches Descaro\u00e7adas Conservadas em Lata 2\/1","isPartOf":{"@id":"https:\/\/www.csj-emballages.com\/pt-pt\/#website"},"primaryImageOfPage":{"@id":"https:\/\/www.csj-emballages.com\/pt-pt\/produit\/2-1-lata-de-quetsche-denoyautee\/#primaryimage"},"image":{"@id":"https:\/\/www.csj-emballages.com\/pt-pt\/produit\/2-1-lata-de-quetsche-denoyautee\/#primaryimage"},"thumbnailUrl":"https:\/\/www.csj-emballages.com\/wp-content\/uploads\/2024\/05\/070017.webp","datePublished":"2024-05-22T09:13:18+00:00","dateModified":"2026-04-03T00:10:30+00:00","description":"Ameixas Quetsches descaro\u00e7adas conservadas em lata 2\/1, prontas a usar. Ideais para tartes, sobremesas e receitas profissionais durante todo o ano.","breadcrumb":{"@id":"https:\/\/www.csj-emballages.com\/pt-pt\/produit\/2-1-lata-de-quetsche-denoyautee\/#breadcrumb"},"inLanguage":"pt-PT","potentialAction":[{"@type":"ReadAction","target":["https:\/\/www.csj-emballages.com\/pt-pt\/produit\/2-1-lata-de-quetsche-denoyautee\/"]}]},{"@type":"ImageObject","inLanguage":"pt-PT","@id":"https:\/\/www.csj-emballages.com\/pt-pt\/produit\/2-1-lata-de-quetsche-denoyautee\/#primaryimage","url":"https:\/\/www.csj-emballages.com\/wp-content\/uploads\/2024\/05\/070017.webp","contentUrl":"https:\/\/www.csj-emballages.com\/wp-content\/uploads\/2024\/05\/070017.webp","width":800,"height":800,"caption":"Quetsches d\u00e9noyaut\u00e9es"},{"@type":"BreadcrumbList","@id":"https:\/\/www.csj-emballages.com\/pt-pt\/produit\/2-1-lata-de-quetsche-denoyautee\/#breadcrumb","itemListElement":[{"@type":"ListItem","position":1,"name":"Acolhimento","item":"https:\/\/www.csj-emballages.com\/pt-pt\/universo-das-embalagens-alimentares\/"},{"@type":"ListItem","position":2,"name":"Shop","item":"https:\/\/www.csj-emballages.com\/shop\/"},{"@type":"ListItem","position":3,"name":"Ameixas Quetsches descaro\u00e7adas conservadas em lata 2\/1"}]},{"@type":"WebSite","@id":"https:\/\/www.csj-emballages.com\/pt-pt\/#website","url":"https:\/\/www.csj-emballages.com\/pt-pt\/","name":"CSJ Emballages","description":"","publisher":{"@id":"https:\/\/www.csj-emballages.com\/pt-pt\/#organization"},"potentialAction":[{"@type":"SearchAction","target":{"@type":"EntryPoint","urlTemplate":"https:\/\/www.csj-emballages.com\/pt-pt\/?s={search_term_string}"},"query-input":{"@type":"PropertyValueSpecification","valueRequired":true,"valueName":"search_term_string"}}],"inLanguage":"pt-PT"},{"@type":"Organization","@id":"https:\/\/www.csj-emballages.com\/pt-pt\/#Organization\/","name":"CSJ Emballages","url":"https:\/\/www.csj-emballages.com\/pt-pt\/","logo":{"@type":"ImageObject","inLanguage":"pt-PT","@id":"https:\/\/www.csj-emballages.com\/pt-pt\/#\/schema\/logo\/image\/","url":"https:\/\/www.csj-emballages.com\/wp-content\/uploads\/2023\/10\/logo_csj.webp","contentUrl":"https:\/\/www.csj-emballages.com\/wp-content\/uploads\/2023\/10\/logo_csj.webp","width":250,"height":95,"caption":"CSJ Emballages"},"image":{"@id":"https:\/\/www.csj-emballages.com\/pt-pt\/#\/schema\/logo\/image\/"},"sameAs":["https:\/\/www.facebook.com\/csjemballages"],"address":{"@type":"PostalAddress","streetAddress":"ZI La Lechere","addressLocality":"Patornay","postalCode":"39130","addressCountry":"FR"},"contactPoint":[{"@type":"ContactPoint","contactType":"Service client","telephone":"0384254272","email":"contact@csj-emballages.com"}]}]}},"df_price":7.04,"df_sale_price":"","df_regular_price":7.04,"df_image_link":"https:\/\/www.csj-emballages.com\/wp-content\/uploads\/2024\/05\/070017-300x300.webp","tiered_pricing_type":"fixed","tiered_pricing_fixed_rules":[],"tiered_pricing_percentage_rules":[],"tiered_pricing_minimum":1,"tiered_pricing_roles_data":[],"_links":{"self":[{"href":"https:\/\/www.csj-emballages.com\/pt-pt\/wp-json\/wp\/v2\/product\/16782","targetHints":{"allow":["GET"]}}],"collection":[{"href":"https:\/\/www.csj-emballages.com\/pt-pt\/wp-json\/wp\/v2\/product"}],"about":[{"href":"https:\/\/www.csj-emballages.com\/pt-pt\/wp-json\/wp\/v2\/types\/product"}],"wp:featuredmedia":[{"embeddable":true,"href":"https:\/\/www.csj-emballages.com\/pt-pt\/wp-json\/wp\/v2\/media\/260917"}],"wp:attachment":[{"href":"https:\/\/www.csj-emballages.com\/pt-pt\/wp-json\/wp\/v2\/media?parent=16782"}],"wp:term":[{"taxonomy":"product_brand","embeddable":true,"href":"https:\/\/www.csj-emballages.com\/pt-pt\/wp-json\/wp\/v2\/product_brand?post=16782"},{"taxonomy":"product_cat","embeddable":true,"href":"https:\/\/www.csj-emballages.com\/pt-pt\/wp-json\/wp\/v2\/product_cat?post=16782"},{"taxonomy":"product_tag","embeddable":true,"href":"https:\/\/www.csj-emballages.com\/pt-pt\/wp-json\/wp\/v2\/product_tag?post=16782"}],"curies":[{"name":"wp","href":"https:\/\/api.w.org\/{rel}","templated":true}]}}