{"id":16774,"date":"2024-05-22T11:17:36","date_gmt":"2024-05-22T09:17:36","guid":{"rendered":"https:\/\/u15jnbdpoq.preview.infomaniak.website\/produit\/1kg-de-avela-em-po-crua\/"},"modified":"2026-03-12T16:09:00","modified_gmt":"2026-03-12T15:09:00","slug":"1kg-de-avela-em-po-crua","status":"publish","type":"product","link":"https:\/\/www.csj-emballages.com\/pt-pt\/produit\/1kg-de-avela-em-po-crua\/","title":{"rendered":"Avel\u00e3 crua em p\u00f3 1kg"},"content":{"rendered":"<h2>Avel\u00e3 em p\u00f3<\/h2>\n<hr>\n<h3>Descri\u00e7\u00e3o do nosso p\u00f3 de avel\u00e3 1kg<\/h3>\n<p><!--more--><\/p>\n<div class=\"flex flex-grow flex-col max-w-full\">\n<div class=\"min-h-[20px] text-message flex flex-col items-start whitespace-pre-wrap break-words [.text-message+&amp;]:mt-5 juice:w-full juice:items-end overflow-x-auto gap-2\" dir=\"auto\" data-message-author-role=\"assistant\" data-message-id=\"579bfb50-fb6c-479d-a152-27ab4b509f37\">\n<div class=\"flex w-full flex-col gap-1 juice:empty:hidden juice:first:pt-[3px]\">\n<div class=\"markdown prose w-full break-words dark:prose-invert light\">\n<p class=\"\" data-start=\"166\" data-end=\"552\">D\u00ea \u00e0s suas cria\u00e7\u00f5es um sabor aut\u00eantico e um paladar rico com o nosso <strong>p\u00f3 de avel\u00e3 crua de 1 kg<\/strong>. Este <strong>p\u00f3<\/strong> \u00e9 feito a partir de <strong>avel\u00e3s<\/strong> cuidadosamente selecionadas, mo\u00eddas sem torrar nem adicionar nada, para preservar toda a pureza do fruto. Sem aditivos, sem tratamentos sup\u00e9rfluos: apenas <strong>avel\u00e3s 100% naturais<\/strong>, com um sabor intenso e uma textura fina. Este produto \u00e9 particularmente apreciado por padeiros, pasteleiros, fornecedores de refei\u00e7\u00f5es e artes\u00e3os do sabor, mas \u00e9 igualmente adequado para os amantes da cozinha caseira. Quer seja para fazer um financier, uma pasta caseira, uma base de pralin\u00e9 ou uma cobertura estaladi\u00e7a, esta <strong>avel\u00e3 em p\u00f3<\/strong> confere suavidade, sabor rico e delicadeza a todas as suas receitas doces e salgadas.    <\/p>\n<p class=\"\" data-start=\"967\" data-end=\"1224\">O seu tamanho generoso <strong>de 1 kg<\/strong> \u00e9 ideal para uma utiliza\u00e7\u00e3o regular, tanto em cozinhas profissionais como em casa. Conserva-se perfeitamente num local seco e ao abrigo da luz e conserva todas as suas qualidades gustativas ao longo do tempo. <\/p>\n<p class=\"\" data-start=\"1226\" data-end=\"1432\">Com este <strong>p\u00f3 cru<\/strong>, tem a liberdade de ajustar os n\u00edveis de torrado ou de a\u00e7\u00facar como desejar. \u00c9 uma base vers\u00e1til, saud\u00e1vel e saborosa que real\u00e7a as suas cria\u00e7\u00f5es de forma natural. <\/p>\n<\/div>\n<\/div>\n<\/div>\n<\/div>\n<p>&nbsp;<\/p>\n<p><!--more--><\/p>\n<h4><strong>Vantagens:<\/strong><\/h4>\n<ul>\n<li>Avel\u00e3 100% crua, sem aditivos nem conservantes.<\/li>\n<li>Sabor puro e intenso a avel\u00e3.<\/li>\n<li>Vers\u00e1til: pastelaria, molhos, recheios, pralin\u00e9s&#8230;<\/li>\n<li>Adequado para clientes profissionais e particulares.<\/li>\n<li>Formato de 1 kg<\/li>\n<\/ul>\n<p>&nbsp;<\/p>\n<p><!--more--><\/p>\n<h4>Outras informa\u00e7\u00f5es :<\/h4>\n<ul>\n<li><strong>Embalagem<\/strong>: Pacote de 1kg<\/li>\n<li><strong>Tipo<\/strong>: P\u00f3 em bruto<\/li>\n<\/ul>\n<p>&nbsp;<\/p>\n<p><!--more--><\/p>\n<p>Encontre aqui o nosso miolo de avel\u00e3 : <span style=\"color: #d12727\"><a style=\"color: #d12727\" href=\"https:\/\/www.csj-emballages.com\/produit\/10x1kg-de-noisette-decortiquee-13-15-mm\/\">480005<\/a><\/span><\/p>\n<p>&nbsp;<\/p>\n<p><!--more--><\/p>\n<p><a href=\"https:\/\/u15jnbdpoq.preview.infomaniak.website\/categorie-produit\/alimentation\/aliments\/fruits-secs-au-sirop\/fruits-secs\/\">V\u00ea o resto da nossa gama de frutos secos<\/a><\/p>\n","protected":false},"excerpt":{"rendered":"<p>Avel\u00e3 em p\u00f3 Descri\u00e7\u00e3o do nosso p\u00f3 de avel\u00e3 1kg<\/p>\n","protected":false},"featured_media":224318,"template":"","meta":{"_acf_changed":false},"product_brand":[],"product_cat":[1151,7622],"product_tag":[],"class_list":{"0":"post-16774","1":"product","2":"type-product","3":"status-publish","4":"has-post-thumbnail","6":"product_cat-alimentacao-pt-pt","7":"product_cat-frutas-secas","9":"first","10":"instock","11":"taxable","12":"shipping-taxable","13":"purchasable","14":"product-type-simple"},"acf":[],"yoast_head":"<!-- This site is optimized with the Yoast SEO Premium plugin v26.6 (Yoast SEO v26.6) - https:\/\/yoast.com\/wordpress\/plugins\/seo\/ -->\n<title>Avel\u00e3 em p\u00f3 crua 1kg<\/title>\n<meta name=\"description\" content=\"Descubra o nosso p\u00f3 de avel\u00e3 crua de 1 kg, perfeito para macarons, bolos e receitas requintadas. Textura fina, 100% pura e natural.\" \/>\n<meta name=\"robots\" content=\"index, follow, max-snippet:-1, max-image-preview:large, max-video-preview:-1\" \/>\n<link rel=\"canonical\" href=\"https:\/\/www.csj-emballages.com\/pt-pt\/produit\/1kg-de-avela-em-po-crua\/\" \/>\n<meta property=\"og:locale\" content=\"pt_PT\" \/>\n<meta property=\"og:type\" content=\"article\" \/>\n<meta property=\"og:title\" content=\"Avel\u00e3 crua em p\u00f3 1kg\" \/>\n<meta property=\"og:description\" content=\"Descubra o nosso p\u00f3 de avel\u00e3 crua de 1 kg, perfeito para macarons, bolos e receitas requintadas. Textura fina, 100% pura e natural.\" \/>\n<meta property=\"og:url\" content=\"https:\/\/www.csj-emballages.com\/pt-pt\/produit\/1kg-de-avela-em-po-crua\/\" \/>\n<meta property=\"og:site_name\" content=\"CSJ Emballages\" \/>\n<meta property=\"article:publisher\" content=\"https:\/\/www.facebook.com\/csjemballages\" \/>\n<meta property=\"article:modified_time\" content=\"2026-03-12T15:09:00+00:00\" \/>\n<meta property=\"og:image\" content=\"https:\/\/www.csj-emballages.com\/wp-content\/uploads\/2024\/05\/noisette-poudre-brute.webp\" \/>\n\t<meta property=\"og:image:width\" content=\"801\" \/>\n\t<meta property=\"og:image:height\" content=\"801\" \/>\n\t<meta property=\"og:image:type\" content=\"image\/webp\" \/>\n<meta name=\"twitter:card\" content=\"summary_large_image\" \/>\n<meta name=\"twitter:label1\" content=\"Tempo estimado de leitura\" \/>\n\t<meta name=\"twitter:data1\" content=\"1 minuto\" \/>\n<script type=\"application\/ld+json\" class=\"yoast-schema-graph\">{\"@context\":\"https:\/\/schema.org\",\"@graph\":[{\"@type\":\"WebPage\",\"@id\":\"https:\/\/www.csj-emballages.com\/pt-pt\/produit\/1kg-de-avela-em-po-crua\/\",\"url\":\"https:\/\/www.csj-emballages.com\/pt-pt\/produit\/1kg-de-avela-em-po-crua\/\",\"name\":\"Avel\u00e3 em p\u00f3 crua 1kg\",\"isPartOf\":{\"@id\":\"https:\/\/www.csj-emballages.com\/pt-pt\/#website\"},\"primaryImageOfPage\":{\"@id\":\"https:\/\/www.csj-emballages.com\/pt-pt\/produit\/1kg-de-avela-em-po-crua\/#primaryimage\"},\"image\":{\"@id\":\"https:\/\/www.csj-emballages.com\/pt-pt\/produit\/1kg-de-avela-em-po-crua\/#primaryimage\"},\"thumbnailUrl\":\"https:\/\/www.csj-emballages.com\/wp-content\/uploads\/2024\/05\/noisette-poudre-brute.webp\",\"datePublished\":\"2024-05-22T09:17:36+00:00\",\"dateModified\":\"2026-03-12T15:09:00+00:00\",\"description\":\"Descubra o nosso p\u00f3 de avel\u00e3 crua de 1 kg, perfeito para macarons, bolos e receitas requintadas. Textura fina, 100% pura e natural.\",\"breadcrumb\":{\"@id\":\"https:\/\/www.csj-emballages.com\/pt-pt\/produit\/1kg-de-avela-em-po-crua\/#breadcrumb\"},\"inLanguage\":\"pt-PT\",\"potentialAction\":[{\"@type\":\"ReadAction\",\"target\":[\"https:\/\/www.csj-emballages.com\/pt-pt\/produit\/1kg-de-avela-em-po-crua\/\"]}]},{\"@type\":\"ImageObject\",\"inLanguage\":\"pt-PT\",\"@id\":\"https:\/\/www.csj-emballages.com\/pt-pt\/produit\/1kg-de-avela-em-po-crua\/#primaryimage\",\"url\":\"https:\/\/www.csj-emballages.com\/wp-content\/uploads\/2024\/05\/noisette-poudre-brute.webp\",\"contentUrl\":\"https:\/\/www.csj-emballages.com\/wp-content\/uploads\/2024\/05\/noisette-poudre-brute.webp\",\"width\":801,\"height\":801,\"caption\":\"Poudre de noisette\"},{\"@type\":\"BreadcrumbList\",\"@id\":\"https:\/\/www.csj-emballages.com\/pt-pt\/produit\/1kg-de-avela-em-po-crua\/#breadcrumb\",\"itemListElement\":[{\"@type\":\"ListItem\",\"position\":1,\"name\":\"Acolhimento\",\"item\":\"https:\/\/www.csj-emballages.com\/pt-pt\/universo-das-embalagens-alimentares\/\"},{\"@type\":\"ListItem\",\"position\":2,\"name\":\"Shop\",\"item\":\"https:\/\/www.csj-emballages.com\/shop\/\"},{\"@type\":\"ListItem\",\"position\":3,\"name\":\"Avel\u00e3 crua em p\u00f3 1kg\"}]},{\"@type\":\"WebSite\",\"@id\":\"https:\/\/www.csj-emballages.com\/pt-pt\/#website\",\"url\":\"https:\/\/www.csj-emballages.com\/pt-pt\/\",\"name\":\"CSJ Emballages\",\"description\":\"\",\"publisher\":{\"@id\":\"https:\/\/www.csj-emballages.com\/pt-pt\/#organization\"},\"potentialAction\":[{\"@type\":\"SearchAction\",\"target\":{\"@type\":\"EntryPoint\",\"urlTemplate\":\"https:\/\/www.csj-emballages.com\/pt-pt\/?s={search_term_string}\"},\"query-input\":{\"@type\":\"PropertyValueSpecification\",\"valueRequired\":true,\"valueName\":\"search_term_string\"}}],\"inLanguage\":\"pt-PT\"},{\"@type\":\"Organization\",\"@id\":\"https:\/\/www.csj-emballages.com\/pt-pt\/#Organization\/\",\"name\":\"CSJ Emballages\",\"url\":\"https:\/\/www.csj-emballages.com\/pt-pt\/\",\"logo\":{\"@type\":\"ImageObject\",\"inLanguage\":\"pt-PT\",\"@id\":\"https:\/\/www.csj-emballages.com\/pt-pt\/#\/schema\/logo\/image\/\",\"url\":\"https:\/\/www.csj-emballages.com\/wp-content\/uploads\/2023\/10\/logo_csj.webp\",\"contentUrl\":\"https:\/\/www.csj-emballages.com\/wp-content\/uploads\/2023\/10\/logo_csj.webp\",\"width\":250,\"height\":95,\"caption\":\"CSJ Emballages\"},\"image\":{\"@id\":\"https:\/\/www.csj-emballages.com\/pt-pt\/#\/schema\/logo\/image\/\"},\"sameAs\":[\"https:\/\/www.facebook.com\/csjemballages\"],\"address\":{\"@type\":\"PostalAddress\",\"streetAddress\":\"ZI La Lechere\",\"addressLocality\":\"Patornay\",\"postalCode\":\"39130\",\"addressCountry\":\"FR\"},\"contactPoint\":[{\"@type\":\"ContactPoint\",\"contactType\":\"Service client\",\"telephone\":\"0384254272\",\"email\":\"contact@csj-emballages.com\"}]}]}<\/script>\n<!-- \/ Yoast SEO Premium plugin. -->","yoast_head_json":{"title":"Avel\u00e3 em p\u00f3 crua 1kg","description":"Descubra o nosso p\u00f3 de avel\u00e3 crua de 1 kg, perfeito para macarons, bolos e receitas requintadas. Textura fina, 100% pura e natural.","robots":{"index":"index","follow":"follow","max-snippet":"max-snippet:-1","max-image-preview":"max-image-preview:large","max-video-preview":"max-video-preview:-1"},"canonical":"https:\/\/www.csj-emballages.com\/pt-pt\/produit\/1kg-de-avela-em-po-crua\/","og_locale":"pt_PT","og_type":"article","og_title":"Avel\u00e3 crua em p\u00f3 1kg","og_description":"Descubra o nosso p\u00f3 de avel\u00e3 crua de 1 kg, perfeito para macarons, bolos e receitas requintadas. Textura fina, 100% pura e natural.","og_url":"https:\/\/www.csj-emballages.com\/pt-pt\/produit\/1kg-de-avela-em-po-crua\/","og_site_name":"CSJ Emballages","article_publisher":"https:\/\/www.facebook.com\/csjemballages","article_modified_time":"2026-03-12T15:09:00+00:00","og_image":[{"width":801,"height":801,"url":"https:\/\/www.csj-emballages.com\/wp-content\/uploads\/2024\/05\/noisette-poudre-brute.webp","type":"image\/webp"}],"twitter_card":"summary_large_image","twitter_misc":{"Tempo estimado de leitura":"1 minuto"},"schema":{"@context":"https:\/\/schema.org","@graph":[{"@type":"WebPage","@id":"https:\/\/www.csj-emballages.com\/pt-pt\/produit\/1kg-de-avela-em-po-crua\/","url":"https:\/\/www.csj-emballages.com\/pt-pt\/produit\/1kg-de-avela-em-po-crua\/","name":"Avel\u00e3 em p\u00f3 crua 1kg","isPartOf":{"@id":"https:\/\/www.csj-emballages.com\/pt-pt\/#website"},"primaryImageOfPage":{"@id":"https:\/\/www.csj-emballages.com\/pt-pt\/produit\/1kg-de-avela-em-po-crua\/#primaryimage"},"image":{"@id":"https:\/\/www.csj-emballages.com\/pt-pt\/produit\/1kg-de-avela-em-po-crua\/#primaryimage"},"thumbnailUrl":"https:\/\/www.csj-emballages.com\/wp-content\/uploads\/2024\/05\/noisette-poudre-brute.webp","datePublished":"2024-05-22T09:17:36+00:00","dateModified":"2026-03-12T15:09:00+00:00","description":"Descubra o nosso p\u00f3 de avel\u00e3 crua de 1 kg, perfeito para macarons, bolos e receitas requintadas. Textura fina, 100% pura e natural.","breadcrumb":{"@id":"https:\/\/www.csj-emballages.com\/pt-pt\/produit\/1kg-de-avela-em-po-crua\/#breadcrumb"},"inLanguage":"pt-PT","potentialAction":[{"@type":"ReadAction","target":["https:\/\/www.csj-emballages.com\/pt-pt\/produit\/1kg-de-avela-em-po-crua\/"]}]},{"@type":"ImageObject","inLanguage":"pt-PT","@id":"https:\/\/www.csj-emballages.com\/pt-pt\/produit\/1kg-de-avela-em-po-crua\/#primaryimage","url":"https:\/\/www.csj-emballages.com\/wp-content\/uploads\/2024\/05\/noisette-poudre-brute.webp","contentUrl":"https:\/\/www.csj-emballages.com\/wp-content\/uploads\/2024\/05\/noisette-poudre-brute.webp","width":801,"height":801,"caption":"Poudre de noisette"},{"@type":"BreadcrumbList","@id":"https:\/\/www.csj-emballages.com\/pt-pt\/produit\/1kg-de-avela-em-po-crua\/#breadcrumb","itemListElement":[{"@type":"ListItem","position":1,"name":"Acolhimento","item":"https:\/\/www.csj-emballages.com\/pt-pt\/universo-das-embalagens-alimentares\/"},{"@type":"ListItem","position":2,"name":"Shop","item":"https:\/\/www.csj-emballages.com\/shop\/"},{"@type":"ListItem","position":3,"name":"Avel\u00e3 crua em p\u00f3 1kg"}]},{"@type":"WebSite","@id":"https:\/\/www.csj-emballages.com\/pt-pt\/#website","url":"https:\/\/www.csj-emballages.com\/pt-pt\/","name":"CSJ Emballages","description":"","publisher":{"@id":"https:\/\/www.csj-emballages.com\/pt-pt\/#organization"},"potentialAction":[{"@type":"SearchAction","target":{"@type":"EntryPoint","urlTemplate":"https:\/\/www.csj-emballages.com\/pt-pt\/?s={search_term_string}"},"query-input":{"@type":"PropertyValueSpecification","valueRequired":true,"valueName":"search_term_string"}}],"inLanguage":"pt-PT"},{"@type":"Organization","@id":"https:\/\/www.csj-emballages.com\/pt-pt\/#Organization\/","name":"CSJ Emballages","url":"https:\/\/www.csj-emballages.com\/pt-pt\/","logo":{"@type":"ImageObject","inLanguage":"pt-PT","@id":"https:\/\/www.csj-emballages.com\/pt-pt\/#\/schema\/logo\/image\/","url":"https:\/\/www.csj-emballages.com\/wp-content\/uploads\/2023\/10\/logo_csj.webp","contentUrl":"https:\/\/www.csj-emballages.com\/wp-content\/uploads\/2023\/10\/logo_csj.webp","width":250,"height":95,"caption":"CSJ Emballages"},"image":{"@id":"https:\/\/www.csj-emballages.com\/pt-pt\/#\/schema\/logo\/image\/"},"sameAs":["https:\/\/www.facebook.com\/csjemballages"],"address":{"@type":"PostalAddress","streetAddress":"ZI La Lechere","addressLocality":"Patornay","postalCode":"39130","addressCountry":"FR"},"contactPoint":[{"@type":"ContactPoint","contactType":"Service client","telephone":"0384254272","email":"contact@csj-emballages.com"}]}]}},"df_price":22.88,"df_sale_price":"","df_regular_price":22.88,"df_image_link":"https:\/\/www.csj-emballages.com\/wp-content\/uploads\/2024\/05\/noisette-poudre-brute-300x300.webp","tiered_pricing_type":"fixed","tiered_pricing_fixed_rules":[],"tiered_pricing_percentage_rules":[],"tiered_pricing_minimum":1,"tiered_pricing_roles_data":[],"_links":{"self":[{"href":"https:\/\/www.csj-emballages.com\/pt-pt\/wp-json\/wp\/v2\/product\/16774","targetHints":{"allow":["GET"]}}],"collection":[{"href":"https:\/\/www.csj-emballages.com\/pt-pt\/wp-json\/wp\/v2\/product"}],"about":[{"href":"https:\/\/www.csj-emballages.com\/pt-pt\/wp-json\/wp\/v2\/types\/product"}],"wp:featuredmedia":[{"embeddable":true,"href":"https:\/\/www.csj-emballages.com\/pt-pt\/wp-json\/wp\/v2\/media\/224318"}],"wp:attachment":[{"href":"https:\/\/www.csj-emballages.com\/pt-pt\/wp-json\/wp\/v2\/media?parent=16774"}],"wp:term":[{"taxonomy":"product_brand","embeddable":true,"href":"https:\/\/www.csj-emballages.com\/pt-pt\/wp-json\/wp\/v2\/product_brand?post=16774"},{"taxonomy":"product_cat","embeddable":true,"href":"https:\/\/www.csj-emballages.com\/pt-pt\/wp-json\/wp\/v2\/product_cat?post=16774"},{"taxonomy":"product_tag","embeddable":true,"href":"https:\/\/www.csj-emballages.com\/pt-pt\/wp-json\/wp\/v2\/product_tag?post=16774"}],"curies":[{"name":"wp","href":"https:\/\/api.w.org\/{rel}","templated":true}]}}