{"id":16718,"date":"2024-05-24T10:50:17","date_gmt":"2024-05-24T08:50:17","guid":{"rendered":"https:\/\/u15jnbdpoq.preview.infomaniak.website\/produit\/4-4-de-lata-de-milho-de-grao-doce-embalado-no-vacuo\/"},"modified":"2026-03-12T16:09:07","modified_gmt":"2026-03-12T15:09:07","slug":"4-4-de-lata-de-milho-de-grao-doce-embalado-no-vacuo","status":"publish","type":"product","link":"https:\/\/www.csj-emballages.com\/pt-pt\/produit\/4-4-de-lata-de-milho-de-grao-doce-embalado-no-vacuo\/","title":{"rendered":"Gr\u00e3os de milho doce embalados em v\u00e1cuo, lata de 4\/4"},"content":{"rendered":"<h2>Milho<\/h2>\n<hr>\n<h3>Descri\u00e7\u00e3o do nosso milho doce embalado no v\u00e1cuo em latas de 4\/4<\/h3>\n<p><!--more--><\/p>\n<div class=\"flex flex-grow flex-col max-w-full\">\n<div class=\"min-h-[20px] text-message flex flex-col items-start whitespace-pre-wrap break-words [.text-message+&amp;]:mt-5 juice:w-full juice:items-end overflow-x-auto gap-2\" dir=\"auto\" data-message-author-role=\"assistant\" data-message-id=\"579bfb50-fb6c-479d-a152-27ab4b509f37\">\n<div class=\"flex w-full flex-col gap-1 juice:empty:hidden juice:first:pt-[3px]\">\n<div class=\"markdown prose w-full break-words dark:prose-invert light\">\n<div class=\"flex-1 overflow-hidden\">\n<div class=\"react-scroll-to-bottom--css-ygaxm-79elbk h-full\">\n<div class=\"react-scroll-to-bottom--css-ygaxm-1n7m0yu\">\n<div class=\"flex flex-col text-sm\">\n<div class=\"w-full text-token-text-primary\" dir=\"auto\" data-testid=\"conversation-turn-3\" data-scroll-anchor=\"true\">\n<div class=\"py-2 juice:py-[18px] px-3 text-base md:px-4 m-auto md:px-5 lg:px-1 xl:px-5\">\n<div class=\"mx-auto flex flex-1 gap-3 text-base juice:gap-4 juice:md:gap-5 juice:lg:gap-6 md:max-w-3xl lg:max-w-[40rem] xl:max-w-[48rem]\">\n<div class=\"group\/conversation-turn relative flex w-full min-w-0 flex-col agent-turn\">\n<div class=\"flex-col gap-1 md:gap-3\">\n<div class=\"flex flex-grow flex-col max-w-full\">\n<div class=\"min-h-[20px] text-message flex flex-col items-start whitespace-pre-wrap break-words [.text-message+&amp;]:mt-5 juice:w-full juice:items-end overflow-x-auto gap-2\" dir=\"auto\" data-message-author-role=\"assistant\" data-message-id=\"cc8c8b89-e7cc-4334-9633-5926bce5a78c\">\n<div class=\"flex w-full flex-col gap-1 juice:empty:hidden juice:first:pt-[3px]\">\n<div class=\"markdown prose w-full break-words dark:prose-invert light\">\n<div class=\"flex flex-grow flex-col max-w-full\">\n<div class=\"min-h-[20px] text-message flex flex-col items-start whitespace-pre-wrap break-words [.text-message+&amp;]:mt-5 juice:w-full juice:items-end overflow-x-auto gap-2\" dir=\"auto\" data-message-author-role=\"assistant\" data-message-id=\"a5ad94cc-6796-4ad8-b325-83b721399f0a\">\n<div class=\"flex w-full flex-col gap-1 juice:empty:hidden juice:first:pt-[3px]\">\n<div class=\"markdown prose w-full break-words dark:prose-invert light\">\n<p data-start=\"286\" data-end=\"600\">Quando se procura um ingrediente simples, eficaz e sempre apreciado, o <strong data-start=\"359\" data-end=\"392\">milho doce em gr\u00e3o embalado a v\u00e1cuo<\/strong> faz claramente parte dos indispens\u00e1veis. Gra\u00e7as \u00e0 sua <strong>textura tenra<\/strong> e ao seu <strong>sabor naturalmente doce<\/strong>, integra-se facilmente numa variedade de receitas, sem nunca roubar o protagonismo aos outros ingredientes. <\/p>\n<p data-start=\"602\" data-end=\"968\">Gra\u00e7as ao <strong>embalamento a v\u00e1cuo<\/strong>, os <strong>gr\u00e3os de milho<\/strong> conservam toda a sua frescura, a sua cor dourada e o seu sabor. N\u00e3o \u00e9 necess\u00e1rio adicionar nada sup\u00e9rfluo: o <strong>milho<\/strong> permanece aut\u00eantico, pronto a usar e agrad\u00e1vel na boca. <\/p>\n<p data-start=\"970\" data-end=\"1322\">Da mesma forma, a <strong data-start=\"973\" data-end=\"986\">lata 4\/4<\/strong> \u00e9 particularmente adequada para uso profissional. Permite gerir os volumes facilmente, quer seja para uma <strong>salada composta, um buffet, um prato quente, uma guarni\u00e7\u00e3o ou at\u00e9 uma receita mais criativa<\/strong>. Na restaura\u00e7\u00e3o coletiva, em cervejarias ou em cozinhas r\u00e1pidas, este formato oferece um verdadeiro conforto de utiliza\u00e7\u00e3o no dia a dia.  <\/p>\n<p data-start=\"1324\" data-end=\"1570\">Al\u00e9m disso, o <strong>milho doce<\/strong> agrada a todos os perfis: crian\u00e7as, adultos, apreciadores de pratos simples ou de receitas mais elaboradas. Confere um toque de cor, uma ligeira croc\u00e2ncia e uma nota doce que equilibra perfeitamente os pratos salgados. <\/p>\n<p data-start=\"1572\" data-end=\"1768\">Em resumo, este <strong>milho doce<\/strong> <strong>em gr\u00e3o embalado a v\u00e1cuo<\/strong> \u00e9 uma aposta segura: pr\u00e1tico, polivalente e fi\u00e1vel. Um produto que se abre sem hesitar e que se utiliza sem restri\u00e7\u00f5es, servi\u00e7o ap\u00f3s servi\u00e7o. <\/p>\n<\/div>\n<\/div>\n<div class=\"flex w-full flex-col gap-1 juice:empty:hidden juice:first:pt-[3px]\">\n<div class=\"markdown prose w-full break-words dark:prose-invert light\">\n<p><!--more--><\/p>\n<h4>Vantagens :<\/h4>\n<ul>\n<li data-start=\"131\" data-end=\"181\"><strong>Gr\u00e3os tenros<\/strong> com um sabor naturalmente doce.<\/li>\n<li data-start=\"184\" data-end=\"238\">Conserva\u00e7\u00e3o a v\u00e1cuo para uma frescura preservada.<\/li>\n<li data-start=\"241\" data-end=\"288\">Pronto a usar, sem prepara\u00e7\u00e3o complicada.<\/li>\n<li data-start=\"291\" data-end=\"338\"><strong>Gra\u00e7as ao seu formato 4\/4<\/strong>, \u00e9 adequado \u00e0s necessidades profissionais.<\/li>\n<li data-start=\"341\" data-end=\"399\"><strong>Polivalente<\/strong>: saladas, pratos quentes, guarni\u00e7\u00f5es, buffets.<\/li>\n<\/ul>\n<p>&nbsp;<\/p>\n<\/div>\n<\/div>\n<\/div>\n<\/div>\n<\/div>\n<\/div>\n<\/div>\n<\/div>\n<\/div>\n<\/div>\n<\/div>\n<\/div>\n<\/div>\n<\/div>\n<\/div>\n<\/div>\n<\/div>\n<\/div>\n<\/div>\n<\/div>\n<\/div>\n<p><!--more--><\/p>\n<h4>Outras informa\u00e7\u00f5es :<\/h4>\n<ul>\n<li><strong>Embalagem<\/strong>: Caixa 4\/4<\/li>\n<li><strong>Peso l\u00edquido escorrido<\/strong>: 570 g<\/li>\n<li>Sem OGM<\/li>\n<\/ul>\n<p>&nbsp;<\/p>\n<p><!--more--><\/p>\n<p><a href=\"\/?product_cat=legumes\">V\u00ea o resto da nossa gama de legumes<\/a><\/p>\n","protected":false},"excerpt":{"rendered":"<p>Milho Descri\u00e7\u00e3o do nosso milho doce embalado no v\u00e1cuo em latas de 4\/4<\/p>\n","protected":false},"featured_media":193788,"template":"","meta":{"_acf_changed":false},"product_brand":[],"product_cat":[1151,1191],"product_tag":[],"class_list":{"0":"post-16718","1":"product","2":"type-product","3":"status-publish","4":"has-post-thumbnail","6":"product_cat-alimentacao-pt-pt","7":"product_cat-legumes-pt-pt","9":"first","10":"instock","11":"taxable","12":"shipping-taxable","13":"purchasable","14":"product-type-simple"},"acf":[],"yoast_head":"<!-- This site is optimized with the Yoast SEO Premium plugin v26.6 (Yoast SEO v26.6) - https:\/\/yoast.com\/wordpress\/plugins\/seo\/ -->\n<title>Milho doce em gr\u00e3o - Caixa 4\/4<\/title>\n<meta name=\"description\" content=\"Milho doce em gr\u00e3o embalado a v\u00e1cuo em lata 4\/4. Pronto a usar, sabor naturalmente doce, formato ideal para restaura\u00e7\u00e3o e grandes prepara\u00e7\u00f5es.\" \/>\n<meta name=\"robots\" content=\"index, follow, max-snippet:-1, max-image-preview:large, max-video-preview:-1\" \/>\n<link rel=\"canonical\" href=\"https:\/\/www.csj-emballages.com\/pt-pt\/produit\/4-4-de-lata-de-milho-de-grao-doce-embalado-no-vacuo\/\" \/>\n<meta property=\"og:locale\" content=\"pt_PT\" \/>\n<meta property=\"og:type\" content=\"article\" \/>\n<meta property=\"og:title\" content=\"Gr\u00e3os de milho doce embalados em v\u00e1cuo, lata de 4\/4\" \/>\n<meta property=\"og:description\" content=\"Milho doce em gr\u00e3o embalado a v\u00e1cuo em lata 4\/4. Pronto a usar, sabor naturalmente doce, formato ideal para restaura\u00e7\u00e3o e grandes prepara\u00e7\u00f5es.\" \/>\n<meta property=\"og:url\" content=\"https:\/\/www.csj-emballages.com\/pt-pt\/produit\/4-4-de-lata-de-milho-de-grao-doce-embalado-no-vacuo\/\" \/>\n<meta property=\"og:site_name\" content=\"CSJ Emballages\" \/>\n<meta property=\"article:publisher\" content=\"https:\/\/www.facebook.com\/csjemballages\" \/>\n<meta property=\"article:modified_time\" content=\"2026-03-12T15:09:07+00:00\" \/>\n<meta property=\"og:image\" content=\"https:\/\/www.csj-emballages.com\/wp-content\/uploads\/2024\/05\/Mais-Doux-1.webp\" \/>\n\t<meta property=\"og:image:width\" content=\"800\" \/>\n\t<meta property=\"og:image:height\" content=\"800\" \/>\n\t<meta property=\"og:image:type\" content=\"image\/webp\" \/>\n<meta name=\"twitter:card\" content=\"summary_large_image\" \/>\n<meta name=\"twitter:label1\" content=\"Tempo estimado de leitura\" \/>\n\t<meta name=\"twitter:data1\" content=\"2 minutos\" \/>\n<script type=\"application\/ld+json\" class=\"yoast-schema-graph\">{\"@context\":\"https:\/\/schema.org\",\"@graph\":[{\"@type\":\"WebPage\",\"@id\":\"https:\/\/www.csj-emballages.com\/pt-pt\/produit\/4-4-de-lata-de-milho-de-grao-doce-embalado-no-vacuo\/\",\"url\":\"https:\/\/www.csj-emballages.com\/pt-pt\/produit\/4-4-de-lata-de-milho-de-grao-doce-embalado-no-vacuo\/\",\"name\":\"Milho doce em gr\u00e3o - Caixa 4\/4\",\"isPartOf\":{\"@id\":\"https:\/\/www.csj-emballages.com\/pt-pt\/#website\"},\"primaryImageOfPage\":{\"@id\":\"https:\/\/www.csj-emballages.com\/pt-pt\/produit\/4-4-de-lata-de-milho-de-grao-doce-embalado-no-vacuo\/#primaryimage\"},\"image\":{\"@id\":\"https:\/\/www.csj-emballages.com\/pt-pt\/produit\/4-4-de-lata-de-milho-de-grao-doce-embalado-no-vacuo\/#primaryimage\"},\"thumbnailUrl\":\"https:\/\/www.csj-emballages.com\/wp-content\/uploads\/2024\/05\/Mais-Doux-1.webp\",\"datePublished\":\"2024-05-24T08:50:17+00:00\",\"dateModified\":\"2026-03-12T15:09:07+00:00\",\"description\":\"Milho doce em gr\u00e3o embalado a v\u00e1cuo em lata 4\/4. Pronto a usar, sabor naturalmente doce, formato ideal para restaura\u00e7\u00e3o e grandes prepara\u00e7\u00f5es.\",\"breadcrumb\":{\"@id\":\"https:\/\/www.csj-emballages.com\/pt-pt\/produit\/4-4-de-lata-de-milho-de-grao-doce-embalado-no-vacuo\/#breadcrumb\"},\"inLanguage\":\"pt-PT\",\"potentialAction\":[{\"@type\":\"ReadAction\",\"target\":[\"https:\/\/www.csj-emballages.com\/pt-pt\/produit\/4-4-de-lata-de-milho-de-grao-doce-embalado-no-vacuo\/\"]}]},{\"@type\":\"ImageObject\",\"inLanguage\":\"pt-PT\",\"@id\":\"https:\/\/www.csj-emballages.com\/pt-pt\/produit\/4-4-de-lata-de-milho-de-grao-doce-embalado-no-vacuo\/#primaryimage\",\"url\":\"https:\/\/www.csj-emballages.com\/wp-content\/uploads\/2024\/05\/Mais-Doux-1.webp\",\"contentUrl\":\"https:\/\/www.csj-emballages.com\/wp-content\/uploads\/2024\/05\/Mais-Doux-1.webp\",\"width\":800,\"height\":800,\"caption\":\"ma\u00efs\"},{\"@type\":\"BreadcrumbList\",\"@id\":\"https:\/\/www.csj-emballages.com\/pt-pt\/produit\/4-4-de-lata-de-milho-de-grao-doce-embalado-no-vacuo\/#breadcrumb\",\"itemListElement\":[{\"@type\":\"ListItem\",\"position\":1,\"name\":\"Acolhimento\",\"item\":\"https:\/\/www.csj-emballages.com\/pt-pt\/universo-das-embalagens-alimentares\/\"},{\"@type\":\"ListItem\",\"position\":2,\"name\":\"Shop\",\"item\":\"https:\/\/www.csj-emballages.com\/shop\/\"},{\"@type\":\"ListItem\",\"position\":3,\"name\":\"Gr\u00e3os de milho doce embalados em v\u00e1cuo, lata de 4\/4\"}]},{\"@type\":\"WebSite\",\"@id\":\"https:\/\/www.csj-emballages.com\/pt-pt\/#website\",\"url\":\"https:\/\/www.csj-emballages.com\/pt-pt\/\",\"name\":\"CSJ Emballages\",\"description\":\"\",\"publisher\":{\"@id\":\"https:\/\/www.csj-emballages.com\/pt-pt\/#organization\"},\"potentialAction\":[{\"@type\":\"SearchAction\",\"target\":{\"@type\":\"EntryPoint\",\"urlTemplate\":\"https:\/\/www.csj-emballages.com\/pt-pt\/?s={search_term_string}\"},\"query-input\":{\"@type\":\"PropertyValueSpecification\",\"valueRequired\":true,\"valueName\":\"search_term_string\"}}],\"inLanguage\":\"pt-PT\"},{\"@type\":\"Organization\",\"@id\":\"https:\/\/www.csj-emballages.com\/pt-pt\/#Organization\/\",\"name\":\"CSJ Emballages\",\"url\":\"https:\/\/www.csj-emballages.com\/pt-pt\/\",\"logo\":{\"@type\":\"ImageObject\",\"inLanguage\":\"pt-PT\",\"@id\":\"https:\/\/www.csj-emballages.com\/pt-pt\/#\/schema\/logo\/image\/\",\"url\":\"https:\/\/www.csj-emballages.com\/wp-content\/uploads\/2023\/10\/logo_csj.webp\",\"contentUrl\":\"https:\/\/www.csj-emballages.com\/wp-content\/uploads\/2023\/10\/logo_csj.webp\",\"width\":250,\"height\":95,\"caption\":\"CSJ Emballages\"},\"image\":{\"@id\":\"https:\/\/www.csj-emballages.com\/pt-pt\/#\/schema\/logo\/image\/\"},\"sameAs\":[\"https:\/\/www.facebook.com\/csjemballages\"],\"address\":{\"@type\":\"PostalAddress\",\"streetAddress\":\"ZI La Lechere\",\"addressLocality\":\"Patornay\",\"postalCode\":\"39130\",\"addressCountry\":\"FR\"},\"contactPoint\":[{\"@type\":\"ContactPoint\",\"contactType\":\"Service client\",\"telephone\":\"0384254272\",\"email\":\"contact@csj-emballages.com\"}]}]}<\/script>\n<!-- \/ Yoast SEO Premium plugin. -->","yoast_head_json":{"title":"Milho doce em gr\u00e3o - Caixa 4\/4","description":"Milho doce em gr\u00e3o embalado a v\u00e1cuo em lata 4\/4. Pronto a usar, sabor naturalmente doce, formato ideal para restaura\u00e7\u00e3o e grandes prepara\u00e7\u00f5es.","robots":{"index":"index","follow":"follow","max-snippet":"max-snippet:-1","max-image-preview":"max-image-preview:large","max-video-preview":"max-video-preview:-1"},"canonical":"https:\/\/www.csj-emballages.com\/pt-pt\/produit\/4-4-de-lata-de-milho-de-grao-doce-embalado-no-vacuo\/","og_locale":"pt_PT","og_type":"article","og_title":"Gr\u00e3os de milho doce embalados em v\u00e1cuo, lata de 4\/4","og_description":"Milho doce em gr\u00e3o embalado a v\u00e1cuo em lata 4\/4. Pronto a usar, sabor naturalmente doce, formato ideal para restaura\u00e7\u00e3o e grandes prepara\u00e7\u00f5es.","og_url":"https:\/\/www.csj-emballages.com\/pt-pt\/produit\/4-4-de-lata-de-milho-de-grao-doce-embalado-no-vacuo\/","og_site_name":"CSJ Emballages","article_publisher":"https:\/\/www.facebook.com\/csjemballages","article_modified_time":"2026-03-12T15:09:07+00:00","og_image":[{"width":800,"height":800,"url":"https:\/\/www.csj-emballages.com\/wp-content\/uploads\/2024\/05\/Mais-Doux-1.webp","type":"image\/webp"}],"twitter_card":"summary_large_image","twitter_misc":{"Tempo estimado de leitura":"2 minutos"},"schema":{"@context":"https:\/\/schema.org","@graph":[{"@type":"WebPage","@id":"https:\/\/www.csj-emballages.com\/pt-pt\/produit\/4-4-de-lata-de-milho-de-grao-doce-embalado-no-vacuo\/","url":"https:\/\/www.csj-emballages.com\/pt-pt\/produit\/4-4-de-lata-de-milho-de-grao-doce-embalado-no-vacuo\/","name":"Milho doce em gr\u00e3o - Caixa 4\/4","isPartOf":{"@id":"https:\/\/www.csj-emballages.com\/pt-pt\/#website"},"primaryImageOfPage":{"@id":"https:\/\/www.csj-emballages.com\/pt-pt\/produit\/4-4-de-lata-de-milho-de-grao-doce-embalado-no-vacuo\/#primaryimage"},"image":{"@id":"https:\/\/www.csj-emballages.com\/pt-pt\/produit\/4-4-de-lata-de-milho-de-grao-doce-embalado-no-vacuo\/#primaryimage"},"thumbnailUrl":"https:\/\/www.csj-emballages.com\/wp-content\/uploads\/2024\/05\/Mais-Doux-1.webp","datePublished":"2024-05-24T08:50:17+00:00","dateModified":"2026-03-12T15:09:07+00:00","description":"Milho doce em gr\u00e3o embalado a v\u00e1cuo em lata 4\/4. Pronto a usar, sabor naturalmente doce, formato ideal para restaura\u00e7\u00e3o e grandes prepara\u00e7\u00f5es.","breadcrumb":{"@id":"https:\/\/www.csj-emballages.com\/pt-pt\/produit\/4-4-de-lata-de-milho-de-grao-doce-embalado-no-vacuo\/#breadcrumb"},"inLanguage":"pt-PT","potentialAction":[{"@type":"ReadAction","target":["https:\/\/www.csj-emballages.com\/pt-pt\/produit\/4-4-de-lata-de-milho-de-grao-doce-embalado-no-vacuo\/"]}]},{"@type":"ImageObject","inLanguage":"pt-PT","@id":"https:\/\/www.csj-emballages.com\/pt-pt\/produit\/4-4-de-lata-de-milho-de-grao-doce-embalado-no-vacuo\/#primaryimage","url":"https:\/\/www.csj-emballages.com\/wp-content\/uploads\/2024\/05\/Mais-Doux-1.webp","contentUrl":"https:\/\/www.csj-emballages.com\/wp-content\/uploads\/2024\/05\/Mais-Doux-1.webp","width":800,"height":800,"caption":"ma\u00efs"},{"@type":"BreadcrumbList","@id":"https:\/\/www.csj-emballages.com\/pt-pt\/produit\/4-4-de-lata-de-milho-de-grao-doce-embalado-no-vacuo\/#breadcrumb","itemListElement":[{"@type":"ListItem","position":1,"name":"Acolhimento","item":"https:\/\/www.csj-emballages.com\/pt-pt\/universo-das-embalagens-alimentares\/"},{"@type":"ListItem","position":2,"name":"Shop","item":"https:\/\/www.csj-emballages.com\/shop\/"},{"@type":"ListItem","position":3,"name":"Gr\u00e3os de milho doce embalados em v\u00e1cuo, lata de 4\/4"}]},{"@type":"WebSite","@id":"https:\/\/www.csj-emballages.com\/pt-pt\/#website","url":"https:\/\/www.csj-emballages.com\/pt-pt\/","name":"CSJ Emballages","description":"","publisher":{"@id":"https:\/\/www.csj-emballages.com\/pt-pt\/#organization"},"potentialAction":[{"@type":"SearchAction","target":{"@type":"EntryPoint","urlTemplate":"https:\/\/www.csj-emballages.com\/pt-pt\/?s={search_term_string}"},"query-input":{"@type":"PropertyValueSpecification","valueRequired":true,"valueName":"search_term_string"}}],"inLanguage":"pt-PT"},{"@type":"Organization","@id":"https:\/\/www.csj-emballages.com\/pt-pt\/#Organization\/","name":"CSJ Emballages","url":"https:\/\/www.csj-emballages.com\/pt-pt\/","logo":{"@type":"ImageObject","inLanguage":"pt-PT","@id":"https:\/\/www.csj-emballages.com\/pt-pt\/#\/schema\/logo\/image\/","url":"https:\/\/www.csj-emballages.com\/wp-content\/uploads\/2023\/10\/logo_csj.webp","contentUrl":"https:\/\/www.csj-emballages.com\/wp-content\/uploads\/2023\/10\/logo_csj.webp","width":250,"height":95,"caption":"CSJ Emballages"},"image":{"@id":"https:\/\/www.csj-emballages.com\/pt-pt\/#\/schema\/logo\/image\/"},"sameAs":["https:\/\/www.facebook.com\/csjemballages"],"address":{"@type":"PostalAddress","streetAddress":"ZI La Lechere","addressLocality":"Patornay","postalCode":"39130","addressCountry":"FR"},"contactPoint":[{"@type":"ContactPoint","contactType":"Service client","telephone":"0384254272","email":"contact@csj-emballages.com"}]}]}},"df_price":3.12,"df_sale_price":"","df_regular_price":3.12,"df_image_link":"https:\/\/www.csj-emballages.com\/wp-content\/uploads\/2024\/05\/Mais-Doux-1-300x300.webp","tiered_pricing_type":"fixed","tiered_pricing_fixed_rules":[],"tiered_pricing_percentage_rules":[],"tiered_pricing_minimum":1,"tiered_pricing_roles_data":[],"_links":{"self":[{"href":"https:\/\/www.csj-emballages.com\/pt-pt\/wp-json\/wp\/v2\/product\/16718","targetHints":{"allow":["GET"]}}],"collection":[{"href":"https:\/\/www.csj-emballages.com\/pt-pt\/wp-json\/wp\/v2\/product"}],"about":[{"href":"https:\/\/www.csj-emballages.com\/pt-pt\/wp-json\/wp\/v2\/types\/product"}],"wp:featuredmedia":[{"embeddable":true,"href":"https:\/\/www.csj-emballages.com\/pt-pt\/wp-json\/wp\/v2\/media\/193788"}],"wp:attachment":[{"href":"https:\/\/www.csj-emballages.com\/pt-pt\/wp-json\/wp\/v2\/media?parent=16718"}],"wp:term":[{"taxonomy":"product_brand","embeddable":true,"href":"https:\/\/www.csj-emballages.com\/pt-pt\/wp-json\/wp\/v2\/product_brand?post=16718"},{"taxonomy":"product_cat","embeddable":true,"href":"https:\/\/www.csj-emballages.com\/pt-pt\/wp-json\/wp\/v2\/product_cat?post=16718"},{"taxonomy":"product_tag","embeddable":true,"href":"https:\/\/www.csj-emballages.com\/pt-pt\/wp-json\/wp\/v2\/product_tag?post=16718"}],"curies":[{"name":"wp","href":"https:\/\/api.w.org\/{rel}","templated":true}]}}