{"id":16714,"date":"2024-05-24T10:48:37","date_gmt":"2024-05-24T08:48:37","guid":{"rendered":"https:\/\/u15jnbdpoq.preview.infomaniak.website\/produit\/5-1-lata-de-azeitonas-pretas-sem-caroco\/"},"modified":"2026-03-12T16:06:58","modified_gmt":"2026-03-12T15:06:58","slug":"5-1-lata-de-azeitonas-pretas-sem-caroco","status":"publish","type":"product","link":"https:\/\/www.csj-emballages.com\/pt-pt\/produit\/5-1-lata-de-azeitonas-pretas-sem-caroco\/","title":{"rendered":"Azeitonas pretas descaro\u00e7adas em lata 5\/1"},"content":{"rendered":"<h2>Azeitonas pretas<\/h2>\n<hr>\n<h3>Descubra as nossas azeitonas pretas descaro\u00e7adas em lata 5\/1<\/h3>\n<p><!--more--><\/p>\n<p data-start=\"222\" data-end=\"555\">Estas <strong data-start=\"226\" data-end=\"268\">azeitonas pretas descaro\u00e7adas em lata 5\/1<\/strong> s\u00e3o o tipo de produto que gostamos sempre de ter \u00e0 m\u00e3o na cozinha. Prontas a usar, permitem poupar tempo sem comprometer o sabor. Logo ap\u00f3s a abertura, oferecem uma cor preta intensa e uma textura suave, ideal para utiliza\u00e7\u00e3o imediata.  <\/p>\n<p data-start=\"557\" data-end=\"952\">Gra\u00e7as ao facto de serem <strong>descaro\u00e7adas<\/strong>, j\u00e1 n\u00e3o \u00e9 preciso separar ou retrabalhar o produto. Pode integr\u00e1-las diretamente nas suas prepara\u00e7\u00f5es, seja para guarnecer uma <strong>pizza, enriquecer uma salada, acompanhar um prato quente ou complementar um molho<\/strong>. O seu sabor \u00e9 equilibrado, ligeiramente salgado, o que lhes permite adaptar-se facilmente a in\u00fameras receitas, sem mascarar os outros ingredientes.  <\/p>\n<p data-start=\"954\" data-end=\"1286\">O formato <strong data-start=\"964\" data-end=\"971\">5\/1<\/strong> \u00e9 particularmente apreciado na restaura\u00e7\u00e3o, em servi\u00e7os de catering ou em cozinhas coletivas. Permite trabalhar em volume, mantendo a regularidade nas prepara\u00e7\u00f5es. Al\u00e9m disso, a conserva\u00e7\u00e3o em salmoura garante uma boa durabilidade e uma utiliza\u00e7\u00e3o progressiva sem perda de qualidade.  <\/p>\n<p data-start=\"1288\" data-end=\"1523\">Al\u00e9m disso, estas <strong>azeitonas pretas<\/strong> conferem um toque mediterr\u00e2nico simples e eficaz aos pratos do dia a dia. S\u00e3o adequadas tanto para receitas frias como para pratos cozinhados, e a sua textura permanece agrad\u00e1vel mesmo ap\u00f3s a cozedura. <\/p>\n<p data-start=\"1525\" data-end=\"1733\">Em resumo, este produto combina praticidade, rendimento e versatilidade. \u00c9 uma solu\u00e7\u00e3o fi\u00e1vel para os profissionais que procuram um ingrediente f\u00e1cil de usar, constante e adaptado a servi\u00e7os intensivos. <\/p>\n<p><!--more--><\/p>\n<div style=\"font-family: Roboto, sans-serif;\">\n<div style=\"font-family: Roboto, sans-serif;\">\n<div style=\"font-family: Roboto, sans-serif;\">\n<div style=\"font-family: Roboto, sans-serif;\">\n<div style=\"font-family: Roboto, sans-serif;\">\n<div style=\"font-family: Roboto, sans-serif;\">\n<p style=\"text-align: left;\"><strong>Vantagens :<\/strong><\/p>\n<ul>\n<li data-start=\"1761\" data-end=\"1800\"><strong>Azeitonas descaro\u00e7adas<\/strong>, prontas a usar<\/li>\n<li data-start=\"1803\" data-end=\"1845\"><strong>Formato 5\/1<\/strong> ideal para profissionais<\/li>\n<li data-start=\"1848\" data-end=\"1882\">Textura suave e sabor equilibrado<\/li>\n<li data-start=\"1885\" data-end=\"1927\">Utiliza\u00e7\u00e3o vers\u00e1til: quente ou frio<\/li>\n<li data-start=\"1930\" data-end=\"1961\">Boa conserva\u00e7\u00e3o em salmoura.<\/li>\n<\/ul>\n<\/div>\n<div style=\"font-family: Roboto, sans-serif;\"><\/div>\n<\/div>\n<\/div>\n<\/div>\n<\/div>\n<\/div>\n<p><!--more--><\/p>\n<div style=\"font-family: Roboto, sans-serif;\">\n<div style=\"font-family: Roboto, sans-serif;\">\n<div style=\"font-family: Roboto, sans-serif;\">\n<h4>Outras informa\u00e7\u00f5es :<\/h4>\n<ul>\n<li><strong>Embalagem<\/strong>: Caixa 5\/1<\/li>\n<li><strong>Dimens\u00f5es<\/strong>: 155 x 240 (\u00d8 x h em mm)<\/li>\n<li><strong>Peso l\u00edquido escorrido<\/strong>: 2000 g<\/li>\n<li><strong>Tipo<\/strong>: Apedrejado<\/li>\n<\/ul>\n<\/div>\n<\/div>\n<\/div>\n<p>&nbsp;<\/p>\n<p><!--more--><\/p>\n<p>Encontre aqui as nossas azeitonas verdes descaro\u00e7adas: <span style=\"color: #d12727;\"><a style=\"color: #d12727;\" href=\"https:\/\/www.csj-emballages.com\/es\/produit\/4-4-latas-de-aceitunas-verdes-sin-hueso\/\">180053<\/a><\/span><\/p>\n<p>&nbsp;<\/p>\n<div style=\"font-family: Roboto, sans-serif;\">\n<div style=\"font-family: Roboto, sans-serif;\">\n<div style=\"font-family: Roboto, sans-serif;\">\n<p><!--more--><\/p>\n<p><a href=\"https:\/\/www.csj-emballages.com\/pt-pt\/categorie-produit\/alimentacao-pt-pt\/alimentacao\/legumes-pt-pt\/\">Ver o resto da nossa gama de legumes em conserva<\/a><\/p>\n<\/div>\n<\/div>\n<\/div>\n","protected":false},"excerpt":{"rendered":"<p>Azeitonas pretas Descubra as nossas azeitonas pretas descaro\u00e7adas em lata 5\/1<\/p>\n","protected":false},"featured_media":260947,"template":"","meta":{"_acf_changed":false},"product_brand":[],"product_cat":[1151,1191],"product_tag":[],"class_list":{"0":"post-16714","1":"product","2":"type-product","3":"status-publish","4":"has-post-thumbnail","6":"product_cat-alimentacao-pt-pt","7":"product_cat-legumes-pt-pt","9":"first","10":"instock","11":"taxable","12":"shipping-taxable","13":"purchasable","14":"product-type-simple"},"acf":[],"yoast_head":"<!-- This site is optimized with the Yoast SEO Premium plugin v26.6 (Yoast SEO v26.6) - https:\/\/yoast.com\/wordpress\/plugins\/seo\/ -->\n<title>Azeitonas Pretas Descaro\u00e7adas em Lata 5\/1<\/title>\n<meta name=\"description\" content=\"Azeitonas pretas descaro\u00e7adas em lata 5\/1, prontas a usar. Formato profissional, sabor equilibrado e ideal para pizzas, saladas e pratos cozinhados.\" \/>\n<meta name=\"robots\" content=\"index, follow, max-snippet:-1, max-image-preview:large, max-video-preview:-1\" \/>\n<link rel=\"canonical\" href=\"https:\/\/www.csj-emballages.com\/pt-pt\/produit\/5-1-lata-de-azeitonas-pretas-sem-caroco\/\" \/>\n<meta property=\"og:locale\" content=\"pt_PT\" \/>\n<meta property=\"og:type\" content=\"article\" \/>\n<meta property=\"og:title\" content=\"Azeitonas pretas descaro\u00e7adas em lata 5\/1\" \/>\n<meta property=\"og:description\" content=\"Azeitonas pretas descaro\u00e7adas em lata 5\/1, prontas a usar. Formato profissional, sabor equilibrado e ideal para pizzas, saladas e pratos cozinhados.\" \/>\n<meta property=\"og:url\" content=\"https:\/\/www.csj-emballages.com\/pt-pt\/produit\/5-1-lata-de-azeitonas-pretas-sem-caroco\/\" \/>\n<meta property=\"og:site_name\" content=\"CSJ Emballages\" \/>\n<meta property=\"article:publisher\" content=\"https:\/\/www.facebook.com\/csjemballages\" \/>\n<meta property=\"article:modified_time\" content=\"2026-03-12T15:06:58+00:00\" \/>\n<meta property=\"og:image\" content=\"https:\/\/www.csj-emballages.com\/wp-content\/uploads\/2024\/05\/180061.webp\" \/>\n\t<meta property=\"og:image:width\" content=\"800\" \/>\n\t<meta property=\"og:image:height\" content=\"800\" \/>\n\t<meta property=\"og:image:type\" content=\"image\/webp\" \/>\n<meta name=\"twitter:card\" content=\"summary_large_image\" \/>\n<meta name=\"twitter:label1\" content=\"Tempo estimado de leitura\" \/>\n\t<meta name=\"twitter:data1\" content=\"2 minutos\" \/>\n<script type=\"application\/ld+json\" class=\"yoast-schema-graph\">{\"@context\":\"https:\/\/schema.org\",\"@graph\":[{\"@type\":\"WebPage\",\"@id\":\"https:\/\/www.csj-emballages.com\/pt-pt\/produit\/5-1-lata-de-azeitonas-pretas-sem-caroco\/\",\"url\":\"https:\/\/www.csj-emballages.com\/pt-pt\/produit\/5-1-lata-de-azeitonas-pretas-sem-caroco\/\",\"name\":\"Azeitonas Pretas Descaro\u00e7adas em Lata 5\/1\",\"isPartOf\":{\"@id\":\"https:\/\/www.csj-emballages.com\/pt-pt\/#website\"},\"primaryImageOfPage\":{\"@id\":\"https:\/\/www.csj-emballages.com\/pt-pt\/produit\/5-1-lata-de-azeitonas-pretas-sem-caroco\/#primaryimage\"},\"image\":{\"@id\":\"https:\/\/www.csj-emballages.com\/pt-pt\/produit\/5-1-lata-de-azeitonas-pretas-sem-caroco\/#primaryimage\"},\"thumbnailUrl\":\"https:\/\/www.csj-emballages.com\/wp-content\/uploads\/2024\/05\/180061.webp\",\"datePublished\":\"2024-05-24T08:48:37+00:00\",\"dateModified\":\"2026-03-12T15:06:58+00:00\",\"description\":\"Azeitonas pretas descaro\u00e7adas em lata 5\/1, prontas a usar. Formato profissional, sabor equilibrado e ideal para pizzas, saladas e pratos cozinhados.\",\"breadcrumb\":{\"@id\":\"https:\/\/www.csj-emballages.com\/pt-pt\/produit\/5-1-lata-de-azeitonas-pretas-sem-caroco\/#breadcrumb\"},\"inLanguage\":\"pt-PT\",\"potentialAction\":[{\"@type\":\"ReadAction\",\"target\":[\"https:\/\/www.csj-emballages.com\/pt-pt\/produit\/5-1-lata-de-azeitonas-pretas-sem-caroco\/\"]}]},{\"@type\":\"ImageObject\",\"inLanguage\":\"pt-PT\",\"@id\":\"https:\/\/www.csj-emballages.com\/pt-pt\/produit\/5-1-lata-de-azeitonas-pretas-sem-caroco\/#primaryimage\",\"url\":\"https:\/\/www.csj-emballages.com\/wp-content\/uploads\/2024\/05\/180061.webp\",\"contentUrl\":\"https:\/\/www.csj-emballages.com\/wp-content\/uploads\/2024\/05\/180061.webp\",\"width\":800,\"height\":800,\"caption\":\"Olives noires\"},{\"@type\":\"BreadcrumbList\",\"@id\":\"https:\/\/www.csj-emballages.com\/pt-pt\/produit\/5-1-lata-de-azeitonas-pretas-sem-caroco\/#breadcrumb\",\"itemListElement\":[{\"@type\":\"ListItem\",\"position\":1,\"name\":\"Acolhimento\",\"item\":\"https:\/\/www.csj-emballages.com\/pt-pt\/universo-das-embalagens-alimentares\/\"},{\"@type\":\"ListItem\",\"position\":2,\"name\":\"Shop\",\"item\":\"https:\/\/www.csj-emballages.com\/shop\/\"},{\"@type\":\"ListItem\",\"position\":3,\"name\":\"Azeitonas pretas descaro\u00e7adas em lata 5\/1\"}]},{\"@type\":\"WebSite\",\"@id\":\"https:\/\/www.csj-emballages.com\/pt-pt\/#website\",\"url\":\"https:\/\/www.csj-emballages.com\/pt-pt\/\",\"name\":\"CSJ Emballages\",\"description\":\"\",\"publisher\":{\"@id\":\"https:\/\/www.csj-emballages.com\/pt-pt\/#organization\"},\"potentialAction\":[{\"@type\":\"SearchAction\",\"target\":{\"@type\":\"EntryPoint\",\"urlTemplate\":\"https:\/\/www.csj-emballages.com\/pt-pt\/?s={search_term_string}\"},\"query-input\":{\"@type\":\"PropertyValueSpecification\",\"valueRequired\":true,\"valueName\":\"search_term_string\"}}],\"inLanguage\":\"pt-PT\"},{\"@type\":\"Organization\",\"@id\":\"https:\/\/www.csj-emballages.com\/pt-pt\/#Organization\/\",\"name\":\"CSJ Emballages\",\"url\":\"https:\/\/www.csj-emballages.com\/pt-pt\/\",\"logo\":{\"@type\":\"ImageObject\",\"inLanguage\":\"pt-PT\",\"@id\":\"https:\/\/www.csj-emballages.com\/pt-pt\/#\/schema\/logo\/image\/\",\"url\":\"https:\/\/www.csj-emballages.com\/wp-content\/uploads\/2023\/10\/logo_csj.webp\",\"contentUrl\":\"https:\/\/www.csj-emballages.com\/wp-content\/uploads\/2023\/10\/logo_csj.webp\",\"width\":250,\"height\":95,\"caption\":\"CSJ Emballages\"},\"image\":{\"@id\":\"https:\/\/www.csj-emballages.com\/pt-pt\/#\/schema\/logo\/image\/\"},\"sameAs\":[\"https:\/\/www.facebook.com\/csjemballages\"],\"address\":{\"@type\":\"PostalAddress\",\"streetAddress\":\"ZI La Lechere\",\"addressLocality\":\"Patornay\",\"postalCode\":\"39130\",\"addressCountry\":\"FR\"},\"contactPoint\":[{\"@type\":\"ContactPoint\",\"contactType\":\"Service client\",\"telephone\":\"0384254272\",\"email\":\"contact@csj-emballages.com\"}]}]}<\/script>\n<!-- \/ Yoast SEO Premium plugin. -->","yoast_head_json":{"title":"Azeitonas Pretas Descaro\u00e7adas em Lata 5\/1","description":"Azeitonas pretas descaro\u00e7adas em lata 5\/1, prontas a usar. Formato profissional, sabor equilibrado e ideal para pizzas, saladas e pratos cozinhados.","robots":{"index":"index","follow":"follow","max-snippet":"max-snippet:-1","max-image-preview":"max-image-preview:large","max-video-preview":"max-video-preview:-1"},"canonical":"https:\/\/www.csj-emballages.com\/pt-pt\/produit\/5-1-lata-de-azeitonas-pretas-sem-caroco\/","og_locale":"pt_PT","og_type":"article","og_title":"Azeitonas pretas descaro\u00e7adas em lata 5\/1","og_description":"Azeitonas pretas descaro\u00e7adas em lata 5\/1, prontas a usar. Formato profissional, sabor equilibrado e ideal para pizzas, saladas e pratos cozinhados.","og_url":"https:\/\/www.csj-emballages.com\/pt-pt\/produit\/5-1-lata-de-azeitonas-pretas-sem-caroco\/","og_site_name":"CSJ Emballages","article_publisher":"https:\/\/www.facebook.com\/csjemballages","article_modified_time":"2026-03-12T15:06:58+00:00","og_image":[{"width":800,"height":800,"url":"https:\/\/www.csj-emballages.com\/wp-content\/uploads\/2024\/05\/180061.webp","type":"image\/webp"}],"twitter_card":"summary_large_image","twitter_misc":{"Tempo estimado de leitura":"2 minutos"},"schema":{"@context":"https:\/\/schema.org","@graph":[{"@type":"WebPage","@id":"https:\/\/www.csj-emballages.com\/pt-pt\/produit\/5-1-lata-de-azeitonas-pretas-sem-caroco\/","url":"https:\/\/www.csj-emballages.com\/pt-pt\/produit\/5-1-lata-de-azeitonas-pretas-sem-caroco\/","name":"Azeitonas Pretas Descaro\u00e7adas em Lata 5\/1","isPartOf":{"@id":"https:\/\/www.csj-emballages.com\/pt-pt\/#website"},"primaryImageOfPage":{"@id":"https:\/\/www.csj-emballages.com\/pt-pt\/produit\/5-1-lata-de-azeitonas-pretas-sem-caroco\/#primaryimage"},"image":{"@id":"https:\/\/www.csj-emballages.com\/pt-pt\/produit\/5-1-lata-de-azeitonas-pretas-sem-caroco\/#primaryimage"},"thumbnailUrl":"https:\/\/www.csj-emballages.com\/wp-content\/uploads\/2024\/05\/180061.webp","datePublished":"2024-05-24T08:48:37+00:00","dateModified":"2026-03-12T15:06:58+00:00","description":"Azeitonas pretas descaro\u00e7adas em lata 5\/1, prontas a usar. Formato profissional, sabor equilibrado e ideal para pizzas, saladas e pratos cozinhados.","breadcrumb":{"@id":"https:\/\/www.csj-emballages.com\/pt-pt\/produit\/5-1-lata-de-azeitonas-pretas-sem-caroco\/#breadcrumb"},"inLanguage":"pt-PT","potentialAction":[{"@type":"ReadAction","target":["https:\/\/www.csj-emballages.com\/pt-pt\/produit\/5-1-lata-de-azeitonas-pretas-sem-caroco\/"]}]},{"@type":"ImageObject","inLanguage":"pt-PT","@id":"https:\/\/www.csj-emballages.com\/pt-pt\/produit\/5-1-lata-de-azeitonas-pretas-sem-caroco\/#primaryimage","url":"https:\/\/www.csj-emballages.com\/wp-content\/uploads\/2024\/05\/180061.webp","contentUrl":"https:\/\/www.csj-emballages.com\/wp-content\/uploads\/2024\/05\/180061.webp","width":800,"height":800,"caption":"Olives noires"},{"@type":"BreadcrumbList","@id":"https:\/\/www.csj-emballages.com\/pt-pt\/produit\/5-1-lata-de-azeitonas-pretas-sem-caroco\/#breadcrumb","itemListElement":[{"@type":"ListItem","position":1,"name":"Acolhimento","item":"https:\/\/www.csj-emballages.com\/pt-pt\/universo-das-embalagens-alimentares\/"},{"@type":"ListItem","position":2,"name":"Shop","item":"https:\/\/www.csj-emballages.com\/shop\/"},{"@type":"ListItem","position":3,"name":"Azeitonas pretas descaro\u00e7adas em lata 5\/1"}]},{"@type":"WebSite","@id":"https:\/\/www.csj-emballages.com\/pt-pt\/#website","url":"https:\/\/www.csj-emballages.com\/pt-pt\/","name":"CSJ Emballages","description":"","publisher":{"@id":"https:\/\/www.csj-emballages.com\/pt-pt\/#organization"},"potentialAction":[{"@type":"SearchAction","target":{"@type":"EntryPoint","urlTemplate":"https:\/\/www.csj-emballages.com\/pt-pt\/?s={search_term_string}"},"query-input":{"@type":"PropertyValueSpecification","valueRequired":true,"valueName":"search_term_string"}}],"inLanguage":"pt-PT"},{"@type":"Organization","@id":"https:\/\/www.csj-emballages.com\/pt-pt\/#Organization\/","name":"CSJ Emballages","url":"https:\/\/www.csj-emballages.com\/pt-pt\/","logo":{"@type":"ImageObject","inLanguage":"pt-PT","@id":"https:\/\/www.csj-emballages.com\/pt-pt\/#\/schema\/logo\/image\/","url":"https:\/\/www.csj-emballages.com\/wp-content\/uploads\/2023\/10\/logo_csj.webp","contentUrl":"https:\/\/www.csj-emballages.com\/wp-content\/uploads\/2023\/10\/logo_csj.webp","width":250,"height":95,"caption":"CSJ Emballages"},"image":{"@id":"https:\/\/www.csj-emballages.com\/pt-pt\/#\/schema\/logo\/image\/"},"sameAs":["https:\/\/www.facebook.com\/csjemballages"],"address":{"@type":"PostalAddress","streetAddress":"ZI La Lechere","addressLocality":"Patornay","postalCode":"39130","addressCountry":"FR"},"contactPoint":[{"@type":"ContactPoint","contactType":"Service client","telephone":"0384254272","email":"contact@csj-emballages.com"}]}]}},"df_price":14.99,"df_sale_price":"","df_regular_price":14.99,"df_image_link":"https:\/\/www.csj-emballages.com\/wp-content\/uploads\/2024\/05\/180061-300x300.webp","tiered_pricing_type":"fixed","tiered_pricing_fixed_rules":[],"tiered_pricing_percentage_rules":[],"tiered_pricing_minimum":1,"tiered_pricing_roles_data":[],"_links":{"self":[{"href":"https:\/\/www.csj-emballages.com\/pt-pt\/wp-json\/wp\/v2\/product\/16714","targetHints":{"allow":["GET"]}}],"collection":[{"href":"https:\/\/www.csj-emballages.com\/pt-pt\/wp-json\/wp\/v2\/product"}],"about":[{"href":"https:\/\/www.csj-emballages.com\/pt-pt\/wp-json\/wp\/v2\/types\/product"}],"wp:featuredmedia":[{"embeddable":true,"href":"https:\/\/www.csj-emballages.com\/pt-pt\/wp-json\/wp\/v2\/media\/260947"}],"wp:attachment":[{"href":"https:\/\/www.csj-emballages.com\/pt-pt\/wp-json\/wp\/v2\/media?parent=16714"}],"wp:term":[{"taxonomy":"product_brand","embeddable":true,"href":"https:\/\/www.csj-emballages.com\/pt-pt\/wp-json\/wp\/v2\/product_brand?post=16714"},{"taxonomy":"product_cat","embeddable":true,"href":"https:\/\/www.csj-emballages.com\/pt-pt\/wp-json\/wp\/v2\/product_cat?post=16714"},{"taxonomy":"product_tag","embeddable":true,"href":"https:\/\/www.csj-emballages.com\/pt-pt\/wp-json\/wp\/v2\/product_tag?post=16714"}],"curies":[{"name":"wp","href":"https:\/\/api.w.org\/{rel}","templated":true}]}}