{"id":16712,"date":"2024-05-29T08:33:21","date_gmt":"2024-05-29T06:33:21","guid":{"rendered":"https:\/\/u15jnbdpoq.preview.infomaniak.website\/?post_type=product&#038;p=16712"},"modified":"2026-03-12T16:08:00","modified_gmt":"2026-03-12T15:08:00","slug":"1-saco-de-compras-reutilizavel-em-pp-tecido-boul-pat-39-28-x-34-cm","status":"publish","type":"product","link":"https:\/\/www.csj-emballages.com\/pt-pt\/produit\/1-saco-de-compras-reutilizavel-em-pp-tecido-boul-pat-39-28-x-34-cm\/","title":{"rendered":"Saco de compras reutiliz\u00e1vel em tecido PP &#8220;Boul Pat&#8221; 39 + 28 x 34 cm"},"content":{"rendered":"<h2 class=\"p1\">Saco de compras<\/h2>\n<hr>\n<h3>Descri\u00e7\u00e3o do nosso saco de compras reutiliz\u00e1vel em tecido PP &#8220;Boul Pat&#8221; 39 + 28 x 34 cm<\/h3>\n<p><!--more--><\/p>\n<p data-start=\"284\" data-end=\"580\">Descubra o <strong data-start=\"297\" data-end=\"362\">saco de compras &#8220;Boul Pat&#8221; em PP tecido reutiliz\u00e1vel 39 + 28 x 34 cm<\/strong>, uma solu\u00e7\u00e3o <strong data-start=\"387\" data-end=\"399\">pr\u00e1tica<\/strong>, <strong data-start=\"401\" data-end=\"412\">robusta<\/strong> e amiga do ambiente. Num mundo em que se tenta reduzir as embalagens descart\u00e1veis, este <strong>saco de compras<\/strong> \u00e9 um aliado essencial para os seus clientes.<\/p>\n<p data-start=\"582\" data-end=\"1002\">Gra\u00e7as ao seu tamanho generoso de <strong data-start=\"613\" data-end=\"632\">39 + 28 x 34 cm<\/strong>, oferece muito espa\u00e7o de arruma\u00e7\u00e3o. Ideal para transportar <strong data-start=\"703\" data-end=\"711\">p\u00e3o<\/strong>, <strong data-start=\"717\" data-end=\"732\">produtos de pastelaria<\/strong> ou mesmo <strong data-start=\"747\" data-end=\"776\">mercearias volumosas<\/strong>, combina praticidade e est\u00e9tica. O seu design <strong data-start=\"831\" data-end=\"854\">em polipropileno tecido<\/strong> torna-o mais resistente do que os sacos tradicionais, pelo que pode ser reutilizado v\u00e1rias vezes sem receio de se rasgar.<\/p>\n<p data-start=\"1004\" data-end=\"1374\">Do mesmo modo, o seu design<strong>&#8220;Boul Pat<\/strong>&#8221; evoca o mundo tradicional da <strong data-start=\"1068\" data-end=\"1083\">padaria<\/strong> e da <strong data-start=\"1093\" data-end=\"1107\">pastelaria<\/strong>. Um trunfo que d\u00e1 um toque de autenticidade e destaca a experi\u00eancia dos nossos profissionais. Ao oferecer este tipo de <strong>saco de compras<\/strong> aos seus clientes, est\u00e1 a transmitir uma imagem positiva e eco-respons\u00e1vel, ao mesmo tempo que lhes fornece uma embalagem simultaneamente resistente e atraente.<\/p>\n<p data-start=\"1376\" data-end=\"1667\">Este <strong>saco de compras<\/strong> \u00e9 tamb\u00e9m uma excelente alternativa aos sacos de pl\u00e1stico de utiliza\u00e7\u00e3o \u00fanica. Leve, f\u00e1cil de dobrar e de guardar, \u00e9 o companheiro di\u00e1rio dos seus clientes, quer estejam a fazer compras, a ir \u00e0 padaria ou a utiliz\u00e1-lo para outros fins. <\/p>\n<p data-start=\"1669\" data-end=\"1841\">Em suma, este <strong>saco<\/strong> <strong>de compras reutiliz\u00e1vel<\/strong> \u00e9 uma verdadeira ferramenta de comunica\u00e7\u00e3o para os profissionais do sector alimentar: alia <strong data-start=\"1794\" data-end=\"1838\">praticidade, durabilidade e imagem de marca<\/strong>.<\/p>\n<p data-start=\"1669\" data-end=\"1841\">\n<p><!--more--><\/p>\n<h4><strong>Vantagens :<\/strong><\/h4>\n<ul>\n<li><strong data-start=\"2069\" data-end=\"2085\">Reutiliz\u00e1veis<\/strong> e, por conseguinte, mais respeitadores do ambiente do que os sacos descart\u00e1veis.<\/li>\n<li><strong data-start=\"2136\" data-end=\"2155\">Formato espa\u00e7oso<\/strong> para transportar p\u00e3o, bolos ou mercearias.<\/li>\n<li><strong data-start=\"2203\" data-end=\"2225\">Material<\/strong> em polipropileno tecido <strong data-start=\"2203\" data-end=\"2225\">resistente<\/strong>.<\/li>\n<li><strong data-start=\"2253\" data-end=\"2273\">Design atrativo<\/strong> ligado ao mundo da padaria-pastelaria.<\/li>\n<li><strong data-start=\"2317\" data-end=\"2340\">Pr\u00e1tico e dobr\u00e1vel<\/strong>, f\u00e1cil de levar para qualquer lado.<\/li>\n<\/ul>\n<p>&nbsp;<\/p>\n<p><!--more--><\/p>\n<h4>Outras informa\u00e7\u00f5es :<\/h4>\n<ul>\n<li><strong>Embalagem<\/strong>: Por unidade<\/li>\n<li><strong>Dimens\u00f5es<\/strong>: 39 + 28 x 34 cm<\/li>\n<li><strong>Material<\/strong>: tecido PP (polipropileno)<\/li>\n<\/ul>\n<p>&nbsp;<\/p>\n<p><!--more--><\/p>\n<p><a href=\"https:\/\/www.csj-emballages.com\/pt-pt\/categorie-produit\/embalagem-de-alimentos\/loja-e-armazem\/sacos-saquetas\/sacos-de-boutique\/\">V\u00ea o resto da nossa gama de malas de boutique!<\/a><\/p>\n","protected":false},"excerpt":{"rendered":"<p>Saco de compras Descri\u00e7\u00e3o do nosso saco de compras reutiliz\u00e1vel em tecido PP &#8220;Boul Pat&#8221; 39 + 28 x 34 cm<\/p>\n","protected":false},"featured_media":24696,"template":"","meta":{"_acf_changed":false},"product_brand":[],"product_cat":[1141,1482,3921,1840],"product_tag":[],"class_list":{"0":"post-16712","1":"product","2":"type-product","3":"status-publish","4":"has-post-thumbnail","6":"product_cat-embalagem-de-alimentos","7":"product_cat-loja-e-armazem","8":"product_cat-sacos-saquetas","9":"product_cat-sacos-de-boutique","11":"first","12":"instock","13":"taxable","14":"shipping-taxable","15":"purchasable","16":"product-type-simple"},"acf":[],"yoast_head":"<!-- This site is optimized with the Yoast SEO Premium plugin v26.6 (Yoast SEO v26.6) - https:\/\/yoast.com\/wordpress\/plugins\/seo\/ -->\n<title>Boul Pat&quot; Saco de compras reutiliz\u00e1vel em PP tecido 39 + 28 x 34 cm<\/title>\n<meta name=\"description\" content=\"Saco de compras &quot;Boul Pat&quot; em PP tecido reutiliz\u00e1vel 39+28x34 cm: resistente e ecol\u00f3gico, ideal para padarias, pastelarias e compras quotidianas.\" \/>\n<meta name=\"robots\" content=\"index, follow, max-snippet:-1, max-image-preview:large, max-video-preview:-1\" \/>\n<link rel=\"canonical\" href=\"https:\/\/www.csj-emballages.com\/pt-pt\/produit\/1-saco-de-compras-reutilizavel-em-pp-tecido-boul-pat-39-28-x-34-cm\/\" \/>\n<meta property=\"og:locale\" content=\"pt_PT\" \/>\n<meta property=\"og:type\" content=\"article\" \/>\n<meta property=\"og:title\" content=\"Saco de compras reutiliz\u00e1vel em tecido PP &quot;Boul Pat&quot; 39 + 28 x 34 cm\" \/>\n<meta property=\"og:description\" content=\"Saco de compras &quot;Boul Pat&quot; em PP tecido reutiliz\u00e1vel 39+28x34 cm: resistente e ecol\u00f3gico, ideal para padarias, pastelarias e compras quotidianas.\" \/>\n<meta property=\"og:url\" content=\"https:\/\/www.csj-emballages.com\/pt-pt\/produit\/1-saco-de-compras-reutilizavel-em-pp-tecido-boul-pat-39-28-x-34-cm\/\" \/>\n<meta property=\"og:site_name\" content=\"CSJ Emballages\" \/>\n<meta property=\"article:publisher\" content=\"https:\/\/www.facebook.com\/csjemballages\" \/>\n<meta property=\"article:modified_time\" content=\"2026-03-12T15:08:00+00:00\" \/>\n<meta property=\"og:image\" content=\"https:\/\/www.csj-emballages.com\/wp-content\/uploads\/2024\/05\/Capture-decran-2024-06-19-a-08.03.41-e1718777075868.png\" \/>\n\t<meta property=\"og:image:width\" content=\"600\" \/>\n\t<meta property=\"og:image:height\" content=\"602\" \/>\n\t<meta property=\"og:image:type\" content=\"image\/png\" \/>\n<meta name=\"twitter:card\" content=\"summary_large_image\" \/>\n<meta name=\"twitter:label1\" content=\"Tempo estimado de leitura\" \/>\n\t<meta name=\"twitter:data1\" content=\"2 minutos\" \/>\n<script type=\"application\/ld+json\" class=\"yoast-schema-graph\">{\"@context\":\"https:\/\/schema.org\",\"@graph\":[{\"@type\":\"WebPage\",\"@id\":\"https:\/\/www.csj-emballages.com\/pt-pt\/produit\/1-saco-de-compras-reutilizavel-em-pp-tecido-boul-pat-39-28-x-34-cm\/\",\"url\":\"https:\/\/www.csj-emballages.com\/pt-pt\/produit\/1-saco-de-compras-reutilizavel-em-pp-tecido-boul-pat-39-28-x-34-cm\/\",\"name\":\"Boul Pat\\\" Saco de compras reutiliz\u00e1vel em PP tecido 39 + 28 x 34 cm\",\"isPartOf\":{\"@id\":\"https:\/\/www.csj-emballages.com\/pt-pt\/#website\"},\"primaryImageOfPage\":{\"@id\":\"https:\/\/www.csj-emballages.com\/pt-pt\/produit\/1-saco-de-compras-reutilizavel-em-pp-tecido-boul-pat-39-28-x-34-cm\/#primaryimage\"},\"image\":{\"@id\":\"https:\/\/www.csj-emballages.com\/pt-pt\/produit\/1-saco-de-compras-reutilizavel-em-pp-tecido-boul-pat-39-28-x-34-cm\/#primaryimage\"},\"thumbnailUrl\":\"https:\/\/www.csj-emballages.com\/wp-content\/uploads\/2024\/05\/Capture-decran-2024-06-19-a-08.03.41-e1718777075868.png\",\"datePublished\":\"2024-05-29T06:33:21+00:00\",\"dateModified\":\"2026-03-12T15:08:00+00:00\",\"description\":\"Saco de compras \\\"Boul Pat\\\" em PP tecido reutiliz\u00e1vel 39+28x34 cm: resistente e ecol\u00f3gico, ideal para padarias, pastelarias e compras quotidianas.\",\"breadcrumb\":{\"@id\":\"https:\/\/www.csj-emballages.com\/pt-pt\/produit\/1-saco-de-compras-reutilizavel-em-pp-tecido-boul-pat-39-28-x-34-cm\/#breadcrumb\"},\"inLanguage\":\"pt-PT\",\"potentialAction\":[{\"@type\":\"ReadAction\",\"target\":[\"https:\/\/www.csj-emballages.com\/pt-pt\/produit\/1-saco-de-compras-reutilizavel-em-pp-tecido-boul-pat-39-28-x-34-cm\/\"]}]},{\"@type\":\"ImageObject\",\"inLanguage\":\"pt-PT\",\"@id\":\"https:\/\/www.csj-emballages.com\/pt-pt\/produit\/1-saco-de-compras-reutilizavel-em-pp-tecido-boul-pat-39-28-x-34-cm\/#primaryimage\",\"url\":\"https:\/\/www.csj-emballages.com\/wp-content\/uploads\/2024\/05\/Capture-decran-2024-06-19-a-08.03.41-e1718777075868.png\",\"contentUrl\":\"https:\/\/www.csj-emballages.com\/wp-content\/uploads\/2024\/05\/Capture-decran-2024-06-19-a-08.03.41-e1718777075868.png\",\"width\":600,\"height\":602,\"caption\":\"Sac cabas\"},{\"@type\":\"BreadcrumbList\",\"@id\":\"https:\/\/www.csj-emballages.com\/pt-pt\/produit\/1-saco-de-compras-reutilizavel-em-pp-tecido-boul-pat-39-28-x-34-cm\/#breadcrumb\",\"itemListElement\":[{\"@type\":\"ListItem\",\"position\":1,\"name\":\"Acolhimento\",\"item\":\"https:\/\/www.csj-emballages.com\/pt-pt\/universo-das-embalagens-alimentares\/\"},{\"@type\":\"ListItem\",\"position\":2,\"name\":\"Shop\",\"item\":\"https:\/\/www.csj-emballages.com\/shop\/\"},{\"@type\":\"ListItem\",\"position\":3,\"name\":\"Saco de compras reutiliz\u00e1vel em tecido PP \u00ab\u00a0Boul Pat\u00a0\u00bb 39 + 28 x 34 cm\"}]},{\"@type\":\"WebSite\",\"@id\":\"https:\/\/www.csj-emballages.com\/pt-pt\/#website\",\"url\":\"https:\/\/www.csj-emballages.com\/pt-pt\/\",\"name\":\"CSJ Emballages\",\"description\":\"\",\"publisher\":{\"@id\":\"https:\/\/www.csj-emballages.com\/pt-pt\/#organization\"},\"potentialAction\":[{\"@type\":\"SearchAction\",\"target\":{\"@type\":\"EntryPoint\",\"urlTemplate\":\"https:\/\/www.csj-emballages.com\/pt-pt\/?s={search_term_string}\"},\"query-input\":{\"@type\":\"PropertyValueSpecification\",\"valueRequired\":true,\"valueName\":\"search_term_string\"}}],\"inLanguage\":\"pt-PT\"},{\"@type\":\"Organization\",\"@id\":\"https:\/\/www.csj-emballages.com\/pt-pt\/#Organization\/\",\"name\":\"CSJ Emballages\",\"url\":\"https:\/\/www.csj-emballages.com\/pt-pt\/\",\"logo\":{\"@type\":\"ImageObject\",\"inLanguage\":\"pt-PT\",\"@id\":\"https:\/\/www.csj-emballages.com\/pt-pt\/#\/schema\/logo\/image\/\",\"url\":\"https:\/\/www.csj-emballages.com\/wp-content\/uploads\/2023\/10\/logo_csj.webp\",\"contentUrl\":\"https:\/\/www.csj-emballages.com\/wp-content\/uploads\/2023\/10\/logo_csj.webp\",\"width\":250,\"height\":95,\"caption\":\"CSJ Emballages\"},\"image\":{\"@id\":\"https:\/\/www.csj-emballages.com\/pt-pt\/#\/schema\/logo\/image\/\"},\"sameAs\":[\"https:\/\/www.facebook.com\/csjemballages\"],\"address\":{\"@type\":\"PostalAddress\",\"streetAddress\":\"ZI La Lechere\",\"addressLocality\":\"Patornay\",\"postalCode\":\"39130\",\"addressCountry\":\"FR\"},\"contactPoint\":[{\"@type\":\"ContactPoint\",\"contactType\":\"Service client\",\"telephone\":\"0384254272\",\"email\":\"contact@csj-emballages.com\"}]}]}<\/script>\n<!-- \/ Yoast SEO Premium plugin. -->","yoast_head_json":{"title":"Boul Pat\" Saco de compras reutiliz\u00e1vel em PP tecido 39 + 28 x 34 cm","description":"Saco de compras \"Boul Pat\" em PP tecido reutiliz\u00e1vel 39+28x34 cm: resistente e ecol\u00f3gico, ideal para padarias, pastelarias e compras quotidianas.","robots":{"index":"index","follow":"follow","max-snippet":"max-snippet:-1","max-image-preview":"max-image-preview:large","max-video-preview":"max-video-preview:-1"},"canonical":"https:\/\/www.csj-emballages.com\/pt-pt\/produit\/1-saco-de-compras-reutilizavel-em-pp-tecido-boul-pat-39-28-x-34-cm\/","og_locale":"pt_PT","og_type":"article","og_title":"Saco de compras reutiliz\u00e1vel em tecido PP \"Boul Pat\" 39 + 28 x 34 cm","og_description":"Saco de compras \"Boul Pat\" em PP tecido reutiliz\u00e1vel 39+28x34 cm: resistente e ecol\u00f3gico, ideal para padarias, pastelarias e compras quotidianas.","og_url":"https:\/\/www.csj-emballages.com\/pt-pt\/produit\/1-saco-de-compras-reutilizavel-em-pp-tecido-boul-pat-39-28-x-34-cm\/","og_site_name":"CSJ Emballages","article_publisher":"https:\/\/www.facebook.com\/csjemballages","article_modified_time":"2026-03-12T15:08:00+00:00","og_image":[{"width":600,"height":602,"url":"https:\/\/www.csj-emballages.com\/wp-content\/uploads\/2024\/05\/Capture-decran-2024-06-19-a-08.03.41-e1718777075868.png","type":"image\/png"}],"twitter_card":"summary_large_image","twitter_misc":{"Tempo estimado de leitura":"2 minutos"},"schema":{"@context":"https:\/\/schema.org","@graph":[{"@type":"WebPage","@id":"https:\/\/www.csj-emballages.com\/pt-pt\/produit\/1-saco-de-compras-reutilizavel-em-pp-tecido-boul-pat-39-28-x-34-cm\/","url":"https:\/\/www.csj-emballages.com\/pt-pt\/produit\/1-saco-de-compras-reutilizavel-em-pp-tecido-boul-pat-39-28-x-34-cm\/","name":"Boul Pat\" Saco de compras reutiliz\u00e1vel em PP tecido 39 + 28 x 34 cm","isPartOf":{"@id":"https:\/\/www.csj-emballages.com\/pt-pt\/#website"},"primaryImageOfPage":{"@id":"https:\/\/www.csj-emballages.com\/pt-pt\/produit\/1-saco-de-compras-reutilizavel-em-pp-tecido-boul-pat-39-28-x-34-cm\/#primaryimage"},"image":{"@id":"https:\/\/www.csj-emballages.com\/pt-pt\/produit\/1-saco-de-compras-reutilizavel-em-pp-tecido-boul-pat-39-28-x-34-cm\/#primaryimage"},"thumbnailUrl":"https:\/\/www.csj-emballages.com\/wp-content\/uploads\/2024\/05\/Capture-decran-2024-06-19-a-08.03.41-e1718777075868.png","datePublished":"2024-05-29T06:33:21+00:00","dateModified":"2026-03-12T15:08:00+00:00","description":"Saco de compras \"Boul Pat\" em PP tecido reutiliz\u00e1vel 39+28x34 cm: resistente e ecol\u00f3gico, ideal para padarias, pastelarias e compras quotidianas.","breadcrumb":{"@id":"https:\/\/www.csj-emballages.com\/pt-pt\/produit\/1-saco-de-compras-reutilizavel-em-pp-tecido-boul-pat-39-28-x-34-cm\/#breadcrumb"},"inLanguage":"pt-PT","potentialAction":[{"@type":"ReadAction","target":["https:\/\/www.csj-emballages.com\/pt-pt\/produit\/1-saco-de-compras-reutilizavel-em-pp-tecido-boul-pat-39-28-x-34-cm\/"]}]},{"@type":"ImageObject","inLanguage":"pt-PT","@id":"https:\/\/www.csj-emballages.com\/pt-pt\/produit\/1-saco-de-compras-reutilizavel-em-pp-tecido-boul-pat-39-28-x-34-cm\/#primaryimage","url":"https:\/\/www.csj-emballages.com\/wp-content\/uploads\/2024\/05\/Capture-decran-2024-06-19-a-08.03.41-e1718777075868.png","contentUrl":"https:\/\/www.csj-emballages.com\/wp-content\/uploads\/2024\/05\/Capture-decran-2024-06-19-a-08.03.41-e1718777075868.png","width":600,"height":602,"caption":"Sac cabas"},{"@type":"BreadcrumbList","@id":"https:\/\/www.csj-emballages.com\/pt-pt\/produit\/1-saco-de-compras-reutilizavel-em-pp-tecido-boul-pat-39-28-x-34-cm\/#breadcrumb","itemListElement":[{"@type":"ListItem","position":1,"name":"Acolhimento","item":"https:\/\/www.csj-emballages.com\/pt-pt\/universo-das-embalagens-alimentares\/"},{"@type":"ListItem","position":2,"name":"Shop","item":"https:\/\/www.csj-emballages.com\/shop\/"},{"@type":"ListItem","position":3,"name":"Saco de compras reutiliz\u00e1vel em tecido PP \u00ab\u00a0Boul Pat\u00a0\u00bb 39 + 28 x 34 cm"}]},{"@type":"WebSite","@id":"https:\/\/www.csj-emballages.com\/pt-pt\/#website","url":"https:\/\/www.csj-emballages.com\/pt-pt\/","name":"CSJ Emballages","description":"","publisher":{"@id":"https:\/\/www.csj-emballages.com\/pt-pt\/#organization"},"potentialAction":[{"@type":"SearchAction","target":{"@type":"EntryPoint","urlTemplate":"https:\/\/www.csj-emballages.com\/pt-pt\/?s={search_term_string}"},"query-input":{"@type":"PropertyValueSpecification","valueRequired":true,"valueName":"search_term_string"}}],"inLanguage":"pt-PT"},{"@type":"Organization","@id":"https:\/\/www.csj-emballages.com\/pt-pt\/#Organization\/","name":"CSJ Emballages","url":"https:\/\/www.csj-emballages.com\/pt-pt\/","logo":{"@type":"ImageObject","inLanguage":"pt-PT","@id":"https:\/\/www.csj-emballages.com\/pt-pt\/#\/schema\/logo\/image\/","url":"https:\/\/www.csj-emballages.com\/wp-content\/uploads\/2023\/10\/logo_csj.webp","contentUrl":"https:\/\/www.csj-emballages.com\/wp-content\/uploads\/2023\/10\/logo_csj.webp","width":250,"height":95,"caption":"CSJ Emballages"},"image":{"@id":"https:\/\/www.csj-emballages.com\/pt-pt\/#\/schema\/logo\/image\/"},"sameAs":["https:\/\/www.facebook.com\/csjemballages"],"address":{"@type":"PostalAddress","streetAddress":"ZI La Lechere","addressLocality":"Patornay","postalCode":"39130","addressCountry":"FR"},"contactPoint":[{"@type":"ContactPoint","contactType":"Service client","telephone":"0384254272","email":"contact@csj-emballages.com"}]}]}},"df_price":1.33,"df_sale_price":"","df_regular_price":1.33,"df_image_link":"https:\/\/www.csj-emballages.com\/wp-content\/uploads\/2024\/05\/Capture-decran-2024-06-19-a-08.03.41-300x300.png","tiered_pricing_type":"fixed","tiered_pricing_fixed_rules":[],"tiered_pricing_percentage_rules":[],"tiered_pricing_minimum":1,"tiered_pricing_roles_data":[],"_links":{"self":[{"href":"https:\/\/www.csj-emballages.com\/pt-pt\/wp-json\/wp\/v2\/product\/16712","targetHints":{"allow":["GET"]}}],"collection":[{"href":"https:\/\/www.csj-emballages.com\/pt-pt\/wp-json\/wp\/v2\/product"}],"about":[{"href":"https:\/\/www.csj-emballages.com\/pt-pt\/wp-json\/wp\/v2\/types\/product"}],"wp:featuredmedia":[{"embeddable":true,"href":"https:\/\/www.csj-emballages.com\/pt-pt\/wp-json\/wp\/v2\/media\/24696"}],"wp:attachment":[{"href":"https:\/\/www.csj-emballages.com\/pt-pt\/wp-json\/wp\/v2\/media?parent=16712"}],"wp:term":[{"taxonomy":"product_brand","embeddable":true,"href":"https:\/\/www.csj-emballages.com\/pt-pt\/wp-json\/wp\/v2\/product_brand?post=16712"},{"taxonomy":"product_cat","embeddable":true,"href":"https:\/\/www.csj-emballages.com\/pt-pt\/wp-json\/wp\/v2\/product_cat?post=16712"},{"taxonomy":"product_tag","embeddable":true,"href":"https:\/\/www.csj-emballages.com\/pt-pt\/wp-json\/wp\/v2\/product_tag?post=16712"}],"curies":[{"name":"wp","href":"https:\/\/api.w.org\/{rel}","templated":true}]}}