{"id":16705,"date":"2024-05-24T10:49:28","date_gmt":"2024-05-24T08:49:28","guid":{"rendered":"https:\/\/u15jnbdpoq.preview.infomaniak.website\/produit\/4-4-de-lata-de-duplo-concentrado-de-tomate-28-brix\/"},"modified":"2026-03-12T16:08:01","modified_gmt":"2026-03-12T15:08:01","slug":"4-4-de-lata-de-duplo-concentrado-de-tomate-28-brix","status":"publish","type":"product","link":"https:\/\/www.csj-emballages.com\/pt-pt\/produit\/4-4-de-lata-de-duplo-concentrado-de-tomate-28-brix\/","title":{"rendered":"Duplo concentrado de tomate 28 brix em lata 4\/4"},"content":{"rendered":"<h2>Duplo concentrado de tomate<\/h2>\n<hr>\n<h3>Descubra o nosso duplo concentrado de tomate 28 brix em lata 4\/4<\/h3>\n<p><!--more--><\/p>\n<div class=\"flex flex-grow flex-col max-w-full\">\n<div class=\"min-h-[20px] text-message flex flex-col items-start whitespace-pre-wrap break-words [.text-message+&amp;]:mt-5 juice:w-full juice:items-end overflow-x-auto gap-2\" dir=\"auto\" data-message-author-role=\"assistant\" data-message-id=\"579bfb50-fb6c-479d-a152-27ab4b509f37\">\n<div class=\"flex w-full flex-col gap-1 juice:empty:hidden juice:first:pt-[3px]\">\n<div class=\"markdown prose w-full break-words dark:prose-invert light\">\n<p data-start=\"301\" data-end=\"673\">Quando se procura uma <strong>base de tomate<\/strong> eficaz, potente e fi\u00e1vel, este <strong data-start=\"368\" data-end=\"407\">duplo concentrado de tomate 28 Brix<\/strong> preenche claramente todos os requisitos. A sua textura densa e a sua cor vermelha intensa anunciam logo o que a\u00ed vem: aqui, o <strong>tomate<\/strong> est\u00e1 bem presente, com sabor e car\u00e1cter. Uma pequena quantidade \u00e9 suficiente para dar profundidade e intensidade \u00e0s suas prepara\u00e7\u00f5es.  <\/p>\n<p data-start=\"675\" data-end=\"1092\">Gra\u00e7as \u00e0 sua <strong>taxa de concentra\u00e7\u00e3o elevada<\/strong>, este concentrado permite refor\u00e7ar facilmente os molhos, fundos, coulis ou pratos estufados. Dilui-se rapidamente, trabalha-se sem esfor\u00e7o e integra-se perfeitamente em in\u00fameras receitas, quer se trate de cozinha tradicional, de pratos em grande quantidade ou de prepara\u00e7\u00f5es profissionais. Ganha tempo, mantendo uma regularidade de sabor em cada servi\u00e7o.  <\/p>\n<p data-start=\"1094\" data-end=\"1387\">Acondicionado em <strong data-start=\"1109\" data-end=\"1122\">lata 4\/4<\/strong>, este formato \u00e9 ideal para restaurantes, empresas de catering, institui\u00e7\u00f5es ou cozinhas centrais. Limita as manipula\u00e7\u00f5es repetidas e permite gerir os volumes sem desperd\u00edcio. Da mesma forma, a sua conserva\u00e7\u00e3o de longa dura\u00e7\u00e3o facilita o armazenamento e a organiza\u00e7\u00e3o na cozinha.  <\/p>\n<p data-start=\"1389\" data-end=\"1707\">Quer seja para real\u00e7ar um <strong>molho de tomate<\/strong>, enriquecer uma <strong>base de pizza, dar corpo a um prato estufado ou ajustar uma receita no \u00faltimo minuto<\/strong>, este <strong>duplo concentrado de tomate<\/strong> torna-se rapidamente indispens\u00e1vel. Oferece uma solu\u00e7\u00e3o simples, eficaz e constante para todas as cozinhas que trabalham ao ritmo do servi\u00e7o. <\/p>\n<p data-start=\"1709\" data-end=\"1861\">Em resumo, \u00e9 um produto pr\u00e1tico, concentrado e polivalente, pensado para quem quer sabor, regularidade e uma verdadeira efic\u00e1cia na cozinha.<\/p>\n<\/div>\n<\/div>\n<p data-start=\"1709\" data-end=\"1861\">\n<div class=\"flex w-full flex-col gap-1 juice:empty:hidden juice:first:pt-[3px]\">\n<div class=\"markdown prose w-full break-words dark:prose-invert light\">\n<p><!--more--><\/p>\n<h4><strong>Vantagens :  <\/strong><\/h4>\n<ul>\n<li data-start=\"121\" data-end=\"175\"><strong>Concentra\u00e7\u00e3o elevada a 28 Brix<\/strong> para um sabor intenso.<\/li>\n<li data-start=\"178\" data-end=\"227\">Textura espessa f\u00e1cil de dosear e de trabalhar.<\/li>\n<li data-start=\"230\" data-end=\"293\">Ideal para <strong>molhos, pizzas, pratos estufados e bases culin\u00e1rias<\/strong>.<\/li>\n<li data-start=\"296\" data-end=\"342\"><strong>Formato 4\/4<\/strong> adequado para utiliza\u00e7\u00f5es profissionais.<\/li>\n<li data-start=\"345\" data-end=\"400\">Conserva\u00e7\u00e3o de longa dura\u00e7\u00e3o, pr\u00e1tica para o armazenamento.<\/li>\n<li data-start=\"403\" data-end=\"478\">Permite ganhar tempo na cozinha, mantendo uma qualidade constante.<\/li>\n<\/ul>\n<\/div>\n<\/div>\n<\/div>\n<p>&nbsp;<\/p>\n<div class=\"min-h-[20px] text-message flex flex-col items-start whitespace-pre-wrap break-words [.text-message+&amp;]:mt-5 juice:w-full juice:items-end overflow-x-auto gap-2\" dir=\"auto\" data-message-author-role=\"assistant\" data-message-id=\"579bfb50-fb6c-479d-a152-27ab4b509f37\">\n<div class=\"flex w-full flex-col gap-1 juice:empty:hidden juice:first:pt-[3px]\">\n<div class=\"markdown prose w-full break-words dark:prose-invert light\">\n<p><!--more--><\/p>\n<h4><strong>Outras informa\u00e7\u00f5es :<\/strong><\/h4>\n<ul>\n<li><strong>Embalagem<\/strong>: Caixa 4\/4<\/li>\n<li><b>Taxa de concentra\u00e7\u00e3o <\/b>: 28 brix<\/li>\n<li><strong>Capacidade<\/strong>: 850 ml<\/li>\n<\/ul>\n<p>&nbsp;<\/p>\n<\/div>\n<\/div>\n<\/div>\n<\/div>\n<p><!--more--><\/p>\n<p>Descobre o nosso <span style=\"color: #d12727;\"><br \/>\n  <a style=\"color: #d12727;\" href=\"https:\/\/www.csj-emballages.com\/produit\/boite-5-1-de-sauce-pizza\/\">molho para pizza<\/a><br \/>\n<\/span><\/p>\n<p>&nbsp;<\/p>\n<p><!--more--><\/p>\n<p><a href=\"https:\/\/u15jnbdpoq.preview.infomaniak.website\/categorie-produit\/alimentation\/aliments\/sauce-tomate\/\">V\u00ea o resto da nossa gama de molhos de tomate<\/a><\/p>\n","protected":false},"excerpt":{"rendered":"<p>Duplo concentrado de tomate Descubra o nosso duplo concentrado de tomate 28 brix em lata 4\/4<\/p>\n","protected":false},"featured_media":260691,"template":"","meta":{"_acf_changed":false},"product_brand":[],"product_cat":[1151,1184,3669],"product_tag":[],"class_list":{"0":"post-16705","1":"product","2":"type-product","3":"status-publish","4":"has-post-thumbnail","6":"product_cat-alimentacao-pt-pt","7":"product_cat-alimentacao","8":"product_cat-molho-de-tomate","10":"first","11":"instock","12":"taxable","13":"shipping-taxable","14":"purchasable","15":"product-type-simple"},"acf":[],"yoast_head":"<!-- This site is optimized with the Yoast SEO Premium plugin v26.6 (Yoast SEO v26.6) - https:\/\/yoast.com\/wordpress\/plugins\/seo\/ -->\n<title>Duplo Concentrado de Tomate 28 Brix em Lata 4\/4<\/title>\n<meta name=\"description\" content=\"Duplo concentrado de tomate 28 Brix em lata 4\/4. Sabor intenso, textura espessa e formato profissional, ideal para molhos, pizzas e pratos estufados.\" \/>\n<meta name=\"robots\" content=\"index, follow, max-snippet:-1, max-image-preview:large, max-video-preview:-1\" \/>\n<link rel=\"canonical\" href=\"https:\/\/www.csj-emballages.com\/pt-pt\/produit\/4-4-de-lata-de-duplo-concentrado-de-tomate-28-brix\/\" \/>\n<meta property=\"og:locale\" content=\"pt_PT\" \/>\n<meta property=\"og:type\" content=\"article\" \/>\n<meta property=\"og:title\" content=\"Duplo concentrado de tomate 28 brix em lata 4\/4\" \/>\n<meta property=\"og:description\" content=\"Duplo concentrado de tomate 28 Brix em lata 4\/4. Sabor intenso, textura espessa e formato profissional, ideal para molhos, pizzas e pratos estufados.\" \/>\n<meta property=\"og:url\" content=\"https:\/\/www.csj-emballages.com\/pt-pt\/produit\/4-4-de-lata-de-duplo-concentrado-de-tomate-28-brix\/\" \/>\n<meta property=\"og:site_name\" content=\"CSJ Emballages\" \/>\n<meta property=\"article:publisher\" content=\"https:\/\/www.facebook.com\/csjemballages\" \/>\n<meta property=\"article:modified_time\" content=\"2026-03-12T15:08:01+00:00\" \/>\n<meta property=\"og:image\" content=\"https:\/\/www.csj-emballages.com\/wp-content\/uploads\/2024\/05\/270008.webp\" \/>\n\t<meta property=\"og:image:width\" content=\"800\" \/>\n\t<meta property=\"og:image:height\" content=\"800\" \/>\n\t<meta property=\"og:image:type\" content=\"image\/webp\" \/>\n<meta name=\"twitter:card\" content=\"summary_large_image\" \/>\n<meta name=\"twitter:label1\" content=\"Tempo estimado de leitura\" \/>\n\t<meta name=\"twitter:data1\" content=\"2 minutos\" \/>\n<script type=\"application\/ld+json\" class=\"yoast-schema-graph\">{\"@context\":\"https:\/\/schema.org\",\"@graph\":[{\"@type\":\"WebPage\",\"@id\":\"https:\/\/www.csj-emballages.com\/pt-pt\/produit\/4-4-de-lata-de-duplo-concentrado-de-tomate-28-brix\/\",\"url\":\"https:\/\/www.csj-emballages.com\/pt-pt\/produit\/4-4-de-lata-de-duplo-concentrado-de-tomate-28-brix\/\",\"name\":\"Duplo Concentrado de Tomate 28 Brix em Lata 4\/4\",\"isPartOf\":{\"@id\":\"https:\/\/www.csj-emballages.com\/pt-pt\/#website\"},\"primaryImageOfPage\":{\"@id\":\"https:\/\/www.csj-emballages.com\/pt-pt\/produit\/4-4-de-lata-de-duplo-concentrado-de-tomate-28-brix\/#primaryimage\"},\"image\":{\"@id\":\"https:\/\/www.csj-emballages.com\/pt-pt\/produit\/4-4-de-lata-de-duplo-concentrado-de-tomate-28-brix\/#primaryimage\"},\"thumbnailUrl\":\"https:\/\/www.csj-emballages.com\/wp-content\/uploads\/2024\/05\/270008.webp\",\"datePublished\":\"2024-05-24T08:49:28+00:00\",\"dateModified\":\"2026-03-12T15:08:01+00:00\",\"description\":\"Duplo concentrado de tomate 28 Brix em lata 4\/4. Sabor intenso, textura espessa e formato profissional, ideal para molhos, pizzas e pratos estufados.\",\"breadcrumb\":{\"@id\":\"https:\/\/www.csj-emballages.com\/pt-pt\/produit\/4-4-de-lata-de-duplo-concentrado-de-tomate-28-brix\/#breadcrumb\"},\"inLanguage\":\"pt-PT\",\"potentialAction\":[{\"@type\":\"ReadAction\",\"target\":[\"https:\/\/www.csj-emballages.com\/pt-pt\/produit\/4-4-de-lata-de-duplo-concentrado-de-tomate-28-brix\/\"]}]},{\"@type\":\"ImageObject\",\"inLanguage\":\"pt-PT\",\"@id\":\"https:\/\/www.csj-emballages.com\/pt-pt\/produit\/4-4-de-lata-de-duplo-concentrado-de-tomate-28-brix\/#primaryimage\",\"url\":\"https:\/\/www.csj-emballages.com\/wp-content\/uploads\/2024\/05\/270008.webp\",\"contentUrl\":\"https:\/\/www.csj-emballages.com\/wp-content\/uploads\/2024\/05\/270008.webp\",\"width\":800,\"height\":800,\"caption\":\"Double concentr\u00e9 de tomates\"},{\"@type\":\"BreadcrumbList\",\"@id\":\"https:\/\/www.csj-emballages.com\/pt-pt\/produit\/4-4-de-lata-de-duplo-concentrado-de-tomate-28-brix\/#breadcrumb\",\"itemListElement\":[{\"@type\":\"ListItem\",\"position\":1,\"name\":\"Acolhimento\",\"item\":\"https:\/\/www.csj-emballages.com\/pt-pt\/universo-das-embalagens-alimentares\/\"},{\"@type\":\"ListItem\",\"position\":2,\"name\":\"Shop\",\"item\":\"https:\/\/www.csj-emballages.com\/shop\/\"},{\"@type\":\"ListItem\",\"position\":3,\"name\":\"Duplo concentrado de tomate 28 brix em lata 4\/4\"}]},{\"@type\":\"WebSite\",\"@id\":\"https:\/\/www.csj-emballages.com\/pt-pt\/#website\",\"url\":\"https:\/\/www.csj-emballages.com\/pt-pt\/\",\"name\":\"CSJ Emballages\",\"description\":\"\",\"publisher\":{\"@id\":\"https:\/\/www.csj-emballages.com\/pt-pt\/#organization\"},\"potentialAction\":[{\"@type\":\"SearchAction\",\"target\":{\"@type\":\"EntryPoint\",\"urlTemplate\":\"https:\/\/www.csj-emballages.com\/pt-pt\/?s={search_term_string}\"},\"query-input\":{\"@type\":\"PropertyValueSpecification\",\"valueRequired\":true,\"valueName\":\"search_term_string\"}}],\"inLanguage\":\"pt-PT\"},{\"@type\":\"Organization\",\"@id\":\"https:\/\/www.csj-emballages.com\/pt-pt\/#Organization\/\",\"name\":\"CSJ Emballages\",\"url\":\"https:\/\/www.csj-emballages.com\/pt-pt\/\",\"logo\":{\"@type\":\"ImageObject\",\"inLanguage\":\"pt-PT\",\"@id\":\"https:\/\/www.csj-emballages.com\/pt-pt\/#\/schema\/logo\/image\/\",\"url\":\"https:\/\/www.csj-emballages.com\/wp-content\/uploads\/2023\/10\/logo_csj.webp\",\"contentUrl\":\"https:\/\/www.csj-emballages.com\/wp-content\/uploads\/2023\/10\/logo_csj.webp\",\"width\":250,\"height\":95,\"caption\":\"CSJ Emballages\"},\"image\":{\"@id\":\"https:\/\/www.csj-emballages.com\/pt-pt\/#\/schema\/logo\/image\/\"},\"sameAs\":[\"https:\/\/www.facebook.com\/csjemballages\"],\"address\":{\"@type\":\"PostalAddress\",\"streetAddress\":\"ZI La Lechere\",\"addressLocality\":\"Patornay\",\"postalCode\":\"39130\",\"addressCountry\":\"FR\"},\"contactPoint\":[{\"@type\":\"ContactPoint\",\"contactType\":\"Service client\",\"telephone\":\"0384254272\",\"email\":\"contact@csj-emballages.com\"}]}]}<\/script>\n<!-- \/ Yoast SEO Premium plugin. -->","yoast_head_json":{"title":"Duplo Concentrado de Tomate 28 Brix em Lata 4\/4","description":"Duplo concentrado de tomate 28 Brix em lata 4\/4. Sabor intenso, textura espessa e formato profissional, ideal para molhos, pizzas e pratos estufados.","robots":{"index":"index","follow":"follow","max-snippet":"max-snippet:-1","max-image-preview":"max-image-preview:large","max-video-preview":"max-video-preview:-1"},"canonical":"https:\/\/www.csj-emballages.com\/pt-pt\/produit\/4-4-de-lata-de-duplo-concentrado-de-tomate-28-brix\/","og_locale":"pt_PT","og_type":"article","og_title":"Duplo concentrado de tomate 28 brix em lata 4\/4","og_description":"Duplo concentrado de tomate 28 Brix em lata 4\/4. Sabor intenso, textura espessa e formato profissional, ideal para molhos, pizzas e pratos estufados.","og_url":"https:\/\/www.csj-emballages.com\/pt-pt\/produit\/4-4-de-lata-de-duplo-concentrado-de-tomate-28-brix\/","og_site_name":"CSJ Emballages","article_publisher":"https:\/\/www.facebook.com\/csjemballages","article_modified_time":"2026-03-12T15:08:01+00:00","og_image":[{"width":800,"height":800,"url":"https:\/\/www.csj-emballages.com\/wp-content\/uploads\/2024\/05\/270008.webp","type":"image\/webp"}],"twitter_card":"summary_large_image","twitter_misc":{"Tempo estimado de leitura":"2 minutos"},"schema":{"@context":"https:\/\/schema.org","@graph":[{"@type":"WebPage","@id":"https:\/\/www.csj-emballages.com\/pt-pt\/produit\/4-4-de-lata-de-duplo-concentrado-de-tomate-28-brix\/","url":"https:\/\/www.csj-emballages.com\/pt-pt\/produit\/4-4-de-lata-de-duplo-concentrado-de-tomate-28-brix\/","name":"Duplo Concentrado de Tomate 28 Brix em Lata 4\/4","isPartOf":{"@id":"https:\/\/www.csj-emballages.com\/pt-pt\/#website"},"primaryImageOfPage":{"@id":"https:\/\/www.csj-emballages.com\/pt-pt\/produit\/4-4-de-lata-de-duplo-concentrado-de-tomate-28-brix\/#primaryimage"},"image":{"@id":"https:\/\/www.csj-emballages.com\/pt-pt\/produit\/4-4-de-lata-de-duplo-concentrado-de-tomate-28-brix\/#primaryimage"},"thumbnailUrl":"https:\/\/www.csj-emballages.com\/wp-content\/uploads\/2024\/05\/270008.webp","datePublished":"2024-05-24T08:49:28+00:00","dateModified":"2026-03-12T15:08:01+00:00","description":"Duplo concentrado de tomate 28 Brix em lata 4\/4. Sabor intenso, textura espessa e formato profissional, ideal para molhos, pizzas e pratos estufados.","breadcrumb":{"@id":"https:\/\/www.csj-emballages.com\/pt-pt\/produit\/4-4-de-lata-de-duplo-concentrado-de-tomate-28-brix\/#breadcrumb"},"inLanguage":"pt-PT","potentialAction":[{"@type":"ReadAction","target":["https:\/\/www.csj-emballages.com\/pt-pt\/produit\/4-4-de-lata-de-duplo-concentrado-de-tomate-28-brix\/"]}]},{"@type":"ImageObject","inLanguage":"pt-PT","@id":"https:\/\/www.csj-emballages.com\/pt-pt\/produit\/4-4-de-lata-de-duplo-concentrado-de-tomate-28-brix\/#primaryimage","url":"https:\/\/www.csj-emballages.com\/wp-content\/uploads\/2024\/05\/270008.webp","contentUrl":"https:\/\/www.csj-emballages.com\/wp-content\/uploads\/2024\/05\/270008.webp","width":800,"height":800,"caption":"Double concentr\u00e9 de tomates"},{"@type":"BreadcrumbList","@id":"https:\/\/www.csj-emballages.com\/pt-pt\/produit\/4-4-de-lata-de-duplo-concentrado-de-tomate-28-brix\/#breadcrumb","itemListElement":[{"@type":"ListItem","position":1,"name":"Acolhimento","item":"https:\/\/www.csj-emballages.com\/pt-pt\/universo-das-embalagens-alimentares\/"},{"@type":"ListItem","position":2,"name":"Shop","item":"https:\/\/www.csj-emballages.com\/shop\/"},{"@type":"ListItem","position":3,"name":"Duplo concentrado de tomate 28 brix em lata 4\/4"}]},{"@type":"WebSite","@id":"https:\/\/www.csj-emballages.com\/pt-pt\/#website","url":"https:\/\/www.csj-emballages.com\/pt-pt\/","name":"CSJ Emballages","description":"","publisher":{"@id":"https:\/\/www.csj-emballages.com\/pt-pt\/#organization"},"potentialAction":[{"@type":"SearchAction","target":{"@type":"EntryPoint","urlTemplate":"https:\/\/www.csj-emballages.com\/pt-pt\/?s={search_term_string}"},"query-input":{"@type":"PropertyValueSpecification","valueRequired":true,"valueName":"search_term_string"}}],"inLanguage":"pt-PT"},{"@type":"Organization","@id":"https:\/\/www.csj-emballages.com\/pt-pt\/#Organization\/","name":"CSJ Emballages","url":"https:\/\/www.csj-emballages.com\/pt-pt\/","logo":{"@type":"ImageObject","inLanguage":"pt-PT","@id":"https:\/\/www.csj-emballages.com\/pt-pt\/#\/schema\/logo\/image\/","url":"https:\/\/www.csj-emballages.com\/wp-content\/uploads\/2023\/10\/logo_csj.webp","contentUrl":"https:\/\/www.csj-emballages.com\/wp-content\/uploads\/2023\/10\/logo_csj.webp","width":250,"height":95,"caption":"CSJ Emballages"},"image":{"@id":"https:\/\/www.csj-emballages.com\/pt-pt\/#\/schema\/logo\/image\/"},"sameAs":["https:\/\/www.facebook.com\/csjemballages"],"address":{"@type":"PostalAddress","streetAddress":"ZI La Lechere","addressLocality":"Patornay","postalCode":"39130","addressCountry":"FR"},"contactPoint":[{"@type":"ContactPoint","contactType":"Service client","telephone":"0384254272","email":"contact@csj-emballages.com"}]}]}},"df_price":3.22,"df_sale_price":"","df_regular_price":3.22,"df_image_link":"https:\/\/www.csj-emballages.com\/wp-content\/uploads\/2024\/05\/270008-300x300.webp","tiered_pricing_type":"fixed","tiered_pricing_fixed_rules":[],"tiered_pricing_percentage_rules":[],"tiered_pricing_minimum":1,"tiered_pricing_roles_data":[],"_links":{"self":[{"href":"https:\/\/www.csj-emballages.com\/pt-pt\/wp-json\/wp\/v2\/product\/16705","targetHints":{"allow":["GET"]}}],"collection":[{"href":"https:\/\/www.csj-emballages.com\/pt-pt\/wp-json\/wp\/v2\/product"}],"about":[{"href":"https:\/\/www.csj-emballages.com\/pt-pt\/wp-json\/wp\/v2\/types\/product"}],"wp:featuredmedia":[{"embeddable":true,"href":"https:\/\/www.csj-emballages.com\/pt-pt\/wp-json\/wp\/v2\/media\/260691"}],"wp:attachment":[{"href":"https:\/\/www.csj-emballages.com\/pt-pt\/wp-json\/wp\/v2\/media?parent=16705"}],"wp:term":[{"taxonomy":"product_brand","embeddable":true,"href":"https:\/\/www.csj-emballages.com\/pt-pt\/wp-json\/wp\/v2\/product_brand?post=16705"},{"taxonomy":"product_cat","embeddable":true,"href":"https:\/\/www.csj-emballages.com\/pt-pt\/wp-json\/wp\/v2\/product_cat?post=16705"},{"taxonomy":"product_tag","embeddable":true,"href":"https:\/\/www.csj-emballages.com\/pt-pt\/wp-json\/wp\/v2\/product_tag?post=16705"}],"curies":[{"name":"wp","href":"https:\/\/api.w.org\/{rel}","templated":true}]}}