{"id":16695,"date":"2024-05-24T10:49:11","date_gmt":"2024-05-24T08:49:11","guid":{"rendered":"https:\/\/u15jnbdpoq.preview.infomaniak.website\/produit\/bolsa-de-600-g-de-atum-em-pedacos-ao-natural-listao\/"},"modified":"2026-04-15T02:10:39","modified_gmt":"2026-04-15T00:10:39","slug":"bolsa-de-600-g-de-atum-em-pedacos-ao-natural-listao","status":"publish","type":"product","link":"https:\/\/www.csj-emballages.com\/pt-pt\/produit\/bolsa-de-600-g-de-atum-em-pedacos-ao-natural-listao\/","title":{"rendered":"Listao atum em peda\u00e7os, natural, saco de 600g"},"content":{"rendered":"<h2>Atum<\/h2>\n<hr>\n<h3>Descri\u00e7\u00e3o do nosso atum gaiado em peda\u00e7os naturais por saco de 600g<\/h3>\n<p><!--more--><\/p>\n<div class=\"flex flex-grow flex-col max-w-full\">\n<div class=\"min-h-[20px] text-message flex flex-col items-start whitespace-pre-wrap break-words [.text-message+&amp;]:mt-5 juice:w-full juice:items-end overflow-x-auto gap-2\" dir=\"auto\" data-message-author-role=\"assistant\" data-message-id=\"579bfb50-fb6c-479d-a152-27ab4b509f37\">\n<div class=\"flex w-full flex-col gap-1 juice:empty:hidden juice:first:pt-[3px]\">\n<div class=\"markdown prose w-full break-words dark:prose-invert light\">\n<div class=\"flex-1 overflow-hidden\">\n<div class=\"react-scroll-to-bottom--css-ygaxm-79elbk h-full\">\n<div class=\"react-scroll-to-bottom--css-ygaxm-1n7m0yu\">\n<div class=\"flex flex-col text-sm\">\n<div class=\"w-full text-token-text-primary\" dir=\"auto\" data-testid=\"conversation-turn-3\" data-scroll-anchor=\"true\">\n<div class=\"py-2 juice:py-[18px] px-3 text-base md:px-4 m-auto md:px-5 lg:px-1 xl:px-5\">\n<div class=\"mx-auto flex flex-1 gap-3 text-base juice:gap-4 juice:md:gap-5 juice:lg:gap-6 md:max-w-3xl lg:max-w-[40rem] xl:max-w-[48rem]\">\n<div class=\"group\/conversation-turn relative flex w-full min-w-0 flex-col agent-turn\">\n<div class=\"flex-col gap-1 md:gap-3\">\n<div class=\"flex flex-grow flex-col max-w-full\">\n<div class=\"min-h-[20px] text-message flex flex-col items-start whitespace-pre-wrap break-words [.text-message+&amp;]:mt-5 juice:w-full juice:items-end overflow-x-auto gap-2\" dir=\"auto\" data-message-author-role=\"assistant\" data-message-id=\"cc8c8b89-e7cc-4334-9633-5926bce5a78c\">\n<div class=\"flex w-full flex-col gap-1 juice:empty:hidden juice:first:pt-[3px]\">\n<div class=\"markdown prose w-full break-words dark:prose-invert light\">\n<div class=\"flex flex-grow flex-col max-w-full\">\n<div class=\"min-h-[20px] text-message flex flex-col items-start whitespace-pre-wrap break-words [.text-message+&amp;]:mt-5 juice:w-full juice:items-end overflow-x-auto gap-2\" dir=\"auto\" data-message-author-role=\"assistant\" data-message-id=\"a5ad94cc-6796-4ad8-b325-83b721399f0a\">\n<div class=\"flex w-full flex-col gap-1 juice:empty:hidden juice:first:pt-[3px]\">\n<div class=\"markdown prose w-full break-words dark:prose-invert light\">\n<div class=\"flex flex-grow flex-col max-w-full\">\n<div class=\"min-h-[20px] text-message flex flex-col items-start whitespace-pre-wrap break-words [.text-message+&amp;]:mt-5 juice:w-full juice:items-end overflow-x-auto gap-2\" dir=\"auto\" data-message-author-role=\"assistant\" data-message-id=\"f22b6444-e23a-4e78-827a-fa8ff3877731\">\n<div class=\"flex w-full flex-col gap-1 juice:empty:hidden juice:first:pt-[3px]\">\n<div class=\"markdown prose w-full break-words dark:prose-invert light\">\n<div class=\"flex flex-grow flex-col max-w-full\">\n<div class=\"min-h-[20px] text-message flex flex-col items-start whitespace-pre-wrap break-words [.text-message+&amp;]:mt-5 juice:w-full juice:items-end overflow-x-auto gap-2\" dir=\"auto\" data-message-author-role=\"assistant\" data-message-id=\"ec402d76-ebcd-4cc4-a0c8-22820d3d0931\">\n<div class=\"flex w-full flex-col gap-1 juice:empty:hidden juice:first:pt-[3px]\">\n<div class=\"markdown prose w-full break-words dark:prose-invert light\">\n<p>Descubra o <strong>atum bonito em peda\u00e7os<\/strong>, um produto ideal para refei\u00e7\u00f5es saborosas e equilibradas. Embalado em <strong>embalagem de 600 g<\/strong>, est\u00e1 pronto a usar para facilitar o seu dia a dia na cozinha. Com os seus peda\u00e7os tenros e o seu sabor aut\u00eantico, este <strong>atum em embalagem<\/strong> \u00e9 uma aposta segura para prepara\u00e7\u00f5es bem-sucedidas. O <strong>atum em peda\u00e7os<\/strong> \u00e9 cuidadosamente selecionado para garantir frescura e qualidade irrepreens\u00edvel. Cada <strong>embalagem de atum<\/strong> cont\u00e9m peda\u00e7os naturais, sem conservantes adicionados, para preservar todo o sabor do mar. Este formato \u00e9 pr\u00e1tico e perfeitamente adequado tanto para profissionais como para particulares.     <\/p>\n<p>&nbsp;<\/p>\n<\/div>\n<p><!--more--><\/p>\n<div class=\"markdown prose w-full break-words dark:prose-invert light\">\n<h3>Vantagens incompar\u00e1veis<\/h3>\n<p>Com este <strong>atum em saqueta<\/strong>, podes preparar uma grande variedade de pratos sem esfor\u00e7o. Gra\u00e7as \u00e0 sua embalagem hermeticamente fechada, conserva todas as suas propriedades nutricionais e de sabor. <strong>O atum Skipjack<\/strong> \u00e9 rico em prote\u00ednas e pobre em gordura, o que faz dele um alimento saud\u00e1vel e equilibrado. O seu tamanho generoso <strong>de 600 g<\/strong> torna-o perfeito para todas as tuas necessidades culin\u00e1rias, seja para uma salada, um gratinado ou uma prepara\u00e7\u00e3o fria. Pode ser facilmente incorporado em todas as tuas receitas. Adiciona-o \u00e0s tuas saladas mistas para uma refei\u00e7\u00e3o leve e saborosa. Adiciona-o \u00e0s quiches ou aos bolos salgados para um resultado suave e delicioso. O seu sabor aut\u00eantico valoriza tanto os pratos quentes como os frios. <strong>O atum Skipjack<\/strong> \u00e9 um aliado indispens\u00e1vel na cozinha.        <\/p>\n<p>&nbsp;<\/p>\n<\/div>\n<\/div>\n<\/div>\n<\/div>\n<\/div>\n<\/div>\n<\/div>\n<\/div>\n<\/div>\n<\/div>\n<\/div>\n<\/div>\n<\/div>\n<\/div>\n<\/div>\n<\/div>\n<\/div>\n<\/div>\n<\/div>\n<\/div>\n<\/div>\n<\/div>\n<\/div>\n<\/div>\n<\/div>\n<\/div>\n<\/div>\n<\/div>\n<\/div>\n<p><!--more--><\/p>\n<h4>Vantagens :<\/h4>\n<ul>\n<li><strong>Embalagem pr\u00e1tica<\/strong>: A <strong>bolsa de<\/strong> 600 g de <strong>atum<\/strong> \u00e9 f\u00e1cil de utilizar e ideal para todas as tuas receitas.<\/li>\n<li><strong>Produto natural<\/strong>: Sem adi\u00e7\u00e3o de conservantes, este <strong>atum em saquetas<\/strong> preserva todas as suas qualidades nutricionais e gustativas.<\/li>\n<li><strong>Versatilidade na cozinha<\/strong>: combina t\u00e3o bem com pratos frios, como saladas, como com pratos quentes.<\/li>\n<li><strong>Riqueza nutricional<\/strong>: Este produto \u00e9 rico em prote\u00ednas e pobre em gordura, perfeito para uma dieta equilibrada.<\/li>\n<\/ul>\n<p>&nbsp;<\/p>\n<p><!--more--><\/p>\n<h4>Outras informa\u00e7\u00f5es :<\/h4>\n<ul>\n<li><strong>Embalagem<\/strong>: Saco de 600 g<\/li>\n<li><b>Peso l\u00edquido: <\/b>650 g<\/li>\n<li><strong>Peso l\u00edquido escorrido<\/strong>: 600 g<\/li>\n<li><strong>Ingredientes<\/strong>: Atum Listao, \u00e1gua, sal<\/li>\n<li>\n<\/li>\n<\/ul>\n<p><!--more--><\/p>\n<p><a href=\"https:\/\/u15jnbdpoq.preview.infomaniak.website\/categorie-produit\/alimentation\/aliments\/thon\/\">V\u00ea o resto da nossa gama de atum<\/a><\/p>\n","protected":false},"excerpt":{"rendered":"<p>Atum Descri\u00e7\u00e3o do nosso atum gaiado em peda\u00e7os naturais por saco de 600g<\/p>\n","protected":false},"featured_media":197683,"template":"","meta":{"_acf_changed":false},"product_brand":[],"product_cat":[1151,1184,1186],"product_tag":[],"class_list":{"0":"post-16695","1":"product","2":"type-product","3":"status-publish","4":"has-post-thumbnail","6":"product_cat-alimentacao-pt-pt","7":"product_cat-alimentacao","8":"product_cat-atum","10":"first","11":"instock","12":"taxable","13":"shipping-taxable","14":"purchasable","15":"product-type-simple"},"acf":[],"yoast_head":"<!-- This site is optimized with the Yoast SEO Premium plugin v26.6 (Yoast SEO v26.6) - https:\/\/yoast.com\/wordpress\/plugins\/seo\/ -->\n<title>Listao Chunk Tuna - Bolsa de 600g<\/title>\n<meta name=\"description\" content=\"Descubra o Atum Bonito em Peda\u00e7os ao Natural 600 g, pronto a usar e rico em sabores. Ideal para receitas saud\u00e1veis e deliciosas!\" \/>\n<meta name=\"robots\" content=\"index, follow, max-snippet:-1, max-image-preview:large, max-video-preview:-1\" \/>\n<link rel=\"canonical\" href=\"https:\/\/www.csj-emballages.com\/pt-pt\/produit\/bolsa-de-600-g-de-atum-em-pedacos-ao-natural-listao\/\" \/>\n<meta property=\"og:locale\" content=\"pt_PT\" \/>\n<meta property=\"og:type\" content=\"article\" \/>\n<meta property=\"og:title\" content=\"Listao atum em peda\u00e7os, natural, saco de 600g\" \/>\n<meta property=\"og:description\" content=\"Descubra o Atum Bonito em Peda\u00e7os ao Natural 600 g, pronto a usar e rico em sabores. Ideal para receitas saud\u00e1veis e deliciosas!\" \/>\n<meta property=\"og:url\" content=\"https:\/\/www.csj-emballages.com\/pt-pt\/produit\/bolsa-de-600-g-de-atum-em-pedacos-ao-natural-listao\/\" \/>\n<meta property=\"og:site_name\" content=\"CSJ Emballages\" \/>\n<meta property=\"article:publisher\" content=\"https:\/\/www.facebook.com\/csjemballages\" \/>\n<meta property=\"article:modified_time\" content=\"2026-04-15T00:10:39+00:00\" \/>\n<meta property=\"og:image\" content=\"https:\/\/www.csj-emballages.com\/wp-content\/uploads\/2024\/05\/Poche-de-thon-1.webp\" \/>\n\t<meta property=\"og:image:width\" content=\"800\" \/>\n\t<meta property=\"og:image:height\" content=\"800\" \/>\n\t<meta property=\"og:image:type\" content=\"image\/webp\" \/>\n<meta name=\"twitter:card\" content=\"summary_large_image\" \/>\n<meta name=\"twitter:label1\" content=\"Tempo estimado de leitura\" \/>\n\t<meta name=\"twitter:data1\" content=\"2 minutos\" \/>\n<script type=\"application\/ld+json\" class=\"yoast-schema-graph\">{\"@context\":\"https:\/\/schema.org\",\"@graph\":[{\"@type\":\"WebPage\",\"@id\":\"https:\/\/www.csj-emballages.com\/pt-pt\/produit\/bolsa-de-600-g-de-atum-em-pedacos-ao-natural-listao\/\",\"url\":\"https:\/\/www.csj-emballages.com\/pt-pt\/produit\/bolsa-de-600-g-de-atum-em-pedacos-ao-natural-listao\/\",\"name\":\"Listao Chunk Tuna - Bolsa de 600g\",\"isPartOf\":{\"@id\":\"https:\/\/www.csj-emballages.com\/pt-pt\/#website\"},\"primaryImageOfPage\":{\"@id\":\"https:\/\/www.csj-emballages.com\/pt-pt\/produit\/bolsa-de-600-g-de-atum-em-pedacos-ao-natural-listao\/#primaryimage\"},\"image\":{\"@id\":\"https:\/\/www.csj-emballages.com\/pt-pt\/produit\/bolsa-de-600-g-de-atum-em-pedacos-ao-natural-listao\/#primaryimage\"},\"thumbnailUrl\":\"https:\/\/www.csj-emballages.com\/wp-content\/uploads\/2024\/05\/Poche-de-thon-1.webp\",\"datePublished\":\"2024-05-24T08:49:11+00:00\",\"dateModified\":\"2026-04-15T00:10:39+00:00\",\"description\":\"Descubra o Atum Bonito em Peda\u00e7os ao Natural 600 g, pronto a usar e rico em sabores. Ideal para receitas saud\u00e1veis e deliciosas!\",\"breadcrumb\":{\"@id\":\"https:\/\/www.csj-emballages.com\/pt-pt\/produit\/bolsa-de-600-g-de-atum-em-pedacos-ao-natural-listao\/#breadcrumb\"},\"inLanguage\":\"pt-PT\",\"potentialAction\":[{\"@type\":\"ReadAction\",\"target\":[\"https:\/\/www.csj-emballages.com\/pt-pt\/produit\/bolsa-de-600-g-de-atum-em-pedacos-ao-natural-listao\/\"]}]},{\"@type\":\"ImageObject\",\"inLanguage\":\"pt-PT\",\"@id\":\"https:\/\/www.csj-emballages.com\/pt-pt\/produit\/bolsa-de-600-g-de-atum-em-pedacos-ao-natural-listao\/#primaryimage\",\"url\":\"https:\/\/www.csj-emballages.com\/wp-content\/uploads\/2024\/05\/Poche-de-thon-1.webp\",\"contentUrl\":\"https:\/\/www.csj-emballages.com\/wp-content\/uploads\/2024\/05\/Poche-de-thon-1.webp\",\"width\":800,\"height\":800,\"caption\":\"thon\"},{\"@type\":\"BreadcrumbList\",\"@id\":\"https:\/\/www.csj-emballages.com\/pt-pt\/produit\/bolsa-de-600-g-de-atum-em-pedacos-ao-natural-listao\/#breadcrumb\",\"itemListElement\":[{\"@type\":\"ListItem\",\"position\":1,\"name\":\"Acolhimento\",\"item\":\"https:\/\/www.csj-emballages.com\/pt-pt\/universo-das-embalagens-alimentares\/\"},{\"@type\":\"ListItem\",\"position\":2,\"name\":\"Shop\",\"item\":\"https:\/\/www.csj-emballages.com\/shop\/\"},{\"@type\":\"ListItem\",\"position\":3,\"name\":\"Listao atum em peda\u00e7os, natural, saco de 600g\"}]},{\"@type\":\"WebSite\",\"@id\":\"https:\/\/www.csj-emballages.com\/pt-pt\/#website\",\"url\":\"https:\/\/www.csj-emballages.com\/pt-pt\/\",\"name\":\"CSJ Emballages\",\"description\":\"\",\"publisher\":{\"@id\":\"https:\/\/www.csj-emballages.com\/pt-pt\/#organization\"},\"potentialAction\":[{\"@type\":\"SearchAction\",\"target\":{\"@type\":\"EntryPoint\",\"urlTemplate\":\"https:\/\/www.csj-emballages.com\/pt-pt\/?s={search_term_string}\"},\"query-input\":{\"@type\":\"PropertyValueSpecification\",\"valueRequired\":true,\"valueName\":\"search_term_string\"}}],\"inLanguage\":\"pt-PT\"},{\"@type\":\"Organization\",\"@id\":\"https:\/\/www.csj-emballages.com\/pt-pt\/#Organization\/\",\"name\":\"CSJ Emballages\",\"url\":\"https:\/\/www.csj-emballages.com\/pt-pt\/\",\"logo\":{\"@type\":\"ImageObject\",\"inLanguage\":\"pt-PT\",\"@id\":\"https:\/\/www.csj-emballages.com\/pt-pt\/#\/schema\/logo\/image\/\",\"url\":\"https:\/\/www.csj-emballages.com\/wp-content\/uploads\/2023\/10\/logo_csj.webp\",\"contentUrl\":\"https:\/\/www.csj-emballages.com\/wp-content\/uploads\/2023\/10\/logo_csj.webp\",\"width\":250,\"height\":95,\"caption\":\"CSJ Emballages\"},\"image\":{\"@id\":\"https:\/\/www.csj-emballages.com\/pt-pt\/#\/schema\/logo\/image\/\"},\"sameAs\":[\"https:\/\/www.facebook.com\/csjemballages\"],\"address\":{\"@type\":\"PostalAddress\",\"streetAddress\":\"ZI La Lechere\",\"addressLocality\":\"Patornay\",\"postalCode\":\"39130\",\"addressCountry\":\"FR\"},\"contactPoint\":[{\"@type\":\"ContactPoint\",\"contactType\":\"Service client\",\"telephone\":\"0384254272\",\"email\":\"contact@csj-emballages.com\"}]}]}<\/script>\n<!-- \/ Yoast SEO Premium plugin. -->","yoast_head_json":{"title":"Listao Chunk Tuna - Bolsa de 600g","description":"Descubra o Atum Bonito em Peda\u00e7os ao Natural 600 g, pronto a usar e rico em sabores. Ideal para receitas saud\u00e1veis e deliciosas!","robots":{"index":"index","follow":"follow","max-snippet":"max-snippet:-1","max-image-preview":"max-image-preview:large","max-video-preview":"max-video-preview:-1"},"canonical":"https:\/\/www.csj-emballages.com\/pt-pt\/produit\/bolsa-de-600-g-de-atum-em-pedacos-ao-natural-listao\/","og_locale":"pt_PT","og_type":"article","og_title":"Listao atum em peda\u00e7os, natural, saco de 600g","og_description":"Descubra o Atum Bonito em Peda\u00e7os ao Natural 600 g, pronto a usar e rico em sabores. Ideal para receitas saud\u00e1veis e deliciosas!","og_url":"https:\/\/www.csj-emballages.com\/pt-pt\/produit\/bolsa-de-600-g-de-atum-em-pedacos-ao-natural-listao\/","og_site_name":"CSJ Emballages","article_publisher":"https:\/\/www.facebook.com\/csjemballages","article_modified_time":"2026-04-15T00:10:39+00:00","og_image":[{"width":800,"height":800,"url":"https:\/\/www.csj-emballages.com\/wp-content\/uploads\/2024\/05\/Poche-de-thon-1.webp","type":"image\/webp"}],"twitter_card":"summary_large_image","twitter_misc":{"Tempo estimado de leitura":"2 minutos"},"schema":{"@context":"https:\/\/schema.org","@graph":[{"@type":"WebPage","@id":"https:\/\/www.csj-emballages.com\/pt-pt\/produit\/bolsa-de-600-g-de-atum-em-pedacos-ao-natural-listao\/","url":"https:\/\/www.csj-emballages.com\/pt-pt\/produit\/bolsa-de-600-g-de-atum-em-pedacos-ao-natural-listao\/","name":"Listao Chunk Tuna - Bolsa de 600g","isPartOf":{"@id":"https:\/\/www.csj-emballages.com\/pt-pt\/#website"},"primaryImageOfPage":{"@id":"https:\/\/www.csj-emballages.com\/pt-pt\/produit\/bolsa-de-600-g-de-atum-em-pedacos-ao-natural-listao\/#primaryimage"},"image":{"@id":"https:\/\/www.csj-emballages.com\/pt-pt\/produit\/bolsa-de-600-g-de-atum-em-pedacos-ao-natural-listao\/#primaryimage"},"thumbnailUrl":"https:\/\/www.csj-emballages.com\/wp-content\/uploads\/2024\/05\/Poche-de-thon-1.webp","datePublished":"2024-05-24T08:49:11+00:00","dateModified":"2026-04-15T00:10:39+00:00","description":"Descubra o Atum Bonito em Peda\u00e7os ao Natural 600 g, pronto a usar e rico em sabores. Ideal para receitas saud\u00e1veis e deliciosas!","breadcrumb":{"@id":"https:\/\/www.csj-emballages.com\/pt-pt\/produit\/bolsa-de-600-g-de-atum-em-pedacos-ao-natural-listao\/#breadcrumb"},"inLanguage":"pt-PT","potentialAction":[{"@type":"ReadAction","target":["https:\/\/www.csj-emballages.com\/pt-pt\/produit\/bolsa-de-600-g-de-atum-em-pedacos-ao-natural-listao\/"]}]},{"@type":"ImageObject","inLanguage":"pt-PT","@id":"https:\/\/www.csj-emballages.com\/pt-pt\/produit\/bolsa-de-600-g-de-atum-em-pedacos-ao-natural-listao\/#primaryimage","url":"https:\/\/www.csj-emballages.com\/wp-content\/uploads\/2024\/05\/Poche-de-thon-1.webp","contentUrl":"https:\/\/www.csj-emballages.com\/wp-content\/uploads\/2024\/05\/Poche-de-thon-1.webp","width":800,"height":800,"caption":"thon"},{"@type":"BreadcrumbList","@id":"https:\/\/www.csj-emballages.com\/pt-pt\/produit\/bolsa-de-600-g-de-atum-em-pedacos-ao-natural-listao\/#breadcrumb","itemListElement":[{"@type":"ListItem","position":1,"name":"Acolhimento","item":"https:\/\/www.csj-emballages.com\/pt-pt\/universo-das-embalagens-alimentares\/"},{"@type":"ListItem","position":2,"name":"Shop","item":"https:\/\/www.csj-emballages.com\/shop\/"},{"@type":"ListItem","position":3,"name":"Listao atum em peda\u00e7os, natural, saco de 600g"}]},{"@type":"WebSite","@id":"https:\/\/www.csj-emballages.com\/pt-pt\/#website","url":"https:\/\/www.csj-emballages.com\/pt-pt\/","name":"CSJ Emballages","description":"","publisher":{"@id":"https:\/\/www.csj-emballages.com\/pt-pt\/#organization"},"potentialAction":[{"@type":"SearchAction","target":{"@type":"EntryPoint","urlTemplate":"https:\/\/www.csj-emballages.com\/pt-pt\/?s={search_term_string}"},"query-input":{"@type":"PropertyValueSpecification","valueRequired":true,"valueName":"search_term_string"}}],"inLanguage":"pt-PT"},{"@type":"Organization","@id":"https:\/\/www.csj-emballages.com\/pt-pt\/#Organization\/","name":"CSJ Emballages","url":"https:\/\/www.csj-emballages.com\/pt-pt\/","logo":{"@type":"ImageObject","inLanguage":"pt-PT","@id":"https:\/\/www.csj-emballages.com\/pt-pt\/#\/schema\/logo\/image\/","url":"https:\/\/www.csj-emballages.com\/wp-content\/uploads\/2023\/10\/logo_csj.webp","contentUrl":"https:\/\/www.csj-emballages.com\/wp-content\/uploads\/2023\/10\/logo_csj.webp","width":250,"height":95,"caption":"CSJ Emballages"},"image":{"@id":"https:\/\/www.csj-emballages.com\/pt-pt\/#\/schema\/logo\/image\/"},"sameAs":["https:\/\/www.facebook.com\/csjemballages"],"address":{"@type":"PostalAddress","streetAddress":"ZI La Lechere","addressLocality":"Patornay","postalCode":"39130","addressCountry":"FR"},"contactPoint":[{"@type":"ContactPoint","contactType":"Service client","telephone":"0384254272","email":"contact@csj-emballages.com"}]}]}},"df_price":5.06,"df_sale_price":"","df_regular_price":5.06,"df_image_link":"https:\/\/www.csj-emballages.com\/wp-content\/uploads\/2024\/05\/Poche-de-thon-1-300x300.webp","tiered_pricing_type":"fixed","tiered_pricing_fixed_rules":[],"tiered_pricing_percentage_rules":[],"tiered_pricing_minimum":1,"tiered_pricing_roles_data":[],"_links":{"self":[{"href":"https:\/\/www.csj-emballages.com\/pt-pt\/wp-json\/wp\/v2\/product\/16695","targetHints":{"allow":["GET"]}}],"collection":[{"href":"https:\/\/www.csj-emballages.com\/pt-pt\/wp-json\/wp\/v2\/product"}],"about":[{"href":"https:\/\/www.csj-emballages.com\/pt-pt\/wp-json\/wp\/v2\/types\/product"}],"wp:featuredmedia":[{"embeddable":true,"href":"https:\/\/www.csj-emballages.com\/pt-pt\/wp-json\/wp\/v2\/media\/197683"}],"wp:attachment":[{"href":"https:\/\/www.csj-emballages.com\/pt-pt\/wp-json\/wp\/v2\/media?parent=16695"}],"wp:term":[{"taxonomy":"product_brand","embeddable":true,"href":"https:\/\/www.csj-emballages.com\/pt-pt\/wp-json\/wp\/v2\/product_brand?post=16695"},{"taxonomy":"product_cat","embeddable":true,"href":"https:\/\/www.csj-emballages.com\/pt-pt\/wp-json\/wp\/v2\/product_cat?post=16695"},{"taxonomy":"product_tag","embeddable":true,"href":"https:\/\/www.csj-emballages.com\/pt-pt\/wp-json\/wp\/v2\/product_tag?post=16695"}],"curies":[{"name":"wp","href":"https:\/\/api.w.org\/{rel}","templated":true}]}}