{"id":16681,"date":"2024-05-24T10:49:11","date_gmt":"2024-05-24T08:49:11","guid":{"rendered":"https:\/\/u15jnbdpoq.preview.infomaniak.website\/produit\/listao-atum-em-pedacos-natural-lata-4-4-600g\/"},"modified":"2026-05-08T02:10:33","modified_gmt":"2026-05-08T00:10:33","slug":"listao-atum-em-pedacos-natural-lata-4-4-600g","status":"publish","type":"product","link":"https:\/\/www.csj-emballages.com\/pt-pt\/produit\/listao-atum-em-pedacos-natural-lata-4-4-600g\/","title":{"rendered":"Atum Bonito em peda\u00e7os ao natural de 600 g em lata 4\/4"},"content":{"rendered":"<h2>Atum Bonito<\/h2>\n<hr>\n<h3>Descubra o nosso atum Bonito em peda\u00e7os ao natural de 600 g em lata 4\/4<\/h3>\n<p><!--more--><\/p>\n<div class=\"flex flex-grow flex-col max-w-full\">\n<div class=\"min-h-[20px] text-message flex flex-col items-start whitespace-pre-wrap break-words [.text-message+&amp;]:mt-5 juice:w-full juice:items-end overflow-x-auto gap-2\" dir=\"auto\" data-message-author-role=\"assistant\" data-message-id=\"579bfb50-fb6c-479d-a152-27ab4b509f37\">\n<div class=\"flex w-full flex-col gap-1 juice:empty:hidden juice:first:pt-[3px]\">\n<div class=\"markdown prose w-full break-words dark:prose-invert light\">\n<div class=\"flex-1 overflow-hidden\">\n<div class=\"react-scroll-to-bottom--css-ygaxm-79elbk h-full\">\n<div class=\"react-scroll-to-bottom--css-ygaxm-1n7m0yu\">\n<div class=\"flex flex-col text-sm\">\n<div class=\"w-full text-token-text-primary\" dir=\"auto\" data-testid=\"conversation-turn-3\" data-scroll-anchor=\"true\">\n<div class=\"py-2 juice:py-[18px] px-3 text-base md:px-4 m-auto md:px-5 lg:px-1 xl:px-5\">\n<div class=\"mx-auto flex flex-1 gap-3 text-base juice:gap-4 juice:md:gap-5 juice:lg:gap-6 md:max-w-3xl lg:max-w-[40rem] xl:max-w-[48rem]\">\n<div class=\"group\/conversation-turn relative flex w-full min-w-0 flex-col agent-turn\">\n<div class=\"flex-col gap-1 md:gap-3\">\n<div class=\"flex flex-grow flex-col max-w-full\">\n<div class=\"min-h-[20px] text-message flex flex-col items-start whitespace-pre-wrap break-words [.text-message+&amp;]:mt-5 juice:w-full juice:items-end overflow-x-auto gap-2\" dir=\"auto\" data-message-author-role=\"assistant\" data-message-id=\"cc8c8b89-e7cc-4334-9633-5926bce5a78c\">\n<div class=\"flex w-full flex-col gap-1 juice:empty:hidden juice:first:pt-[3px]\">\n<div class=\"markdown prose w-full break-words dark:prose-invert light\">\n<div class=\"flex flex-grow flex-col max-w-full\">\n<div class=\"min-h-[20px] text-message flex flex-col items-start whitespace-pre-wrap break-words [.text-message+&amp;]:mt-5 juice:w-full juice:items-end overflow-x-auto gap-2\" dir=\"auto\" data-message-author-role=\"assistant\" data-message-id=\"a5ad94cc-6796-4ad8-b325-83b721399f0a\">\n<div class=\"flex w-full flex-col gap-1 juice:empty:hidden juice:first:pt-[3px]\">\n<div class=\"markdown prose w-full break-words dark:prose-invert light\">\n<div class=\"flex flex-grow flex-col max-w-full\">\n<div class=\"min-h-[20px] text-message flex flex-col items-start whitespace-pre-wrap break-words [.text-message+&amp;]:mt-5 juice:w-full juice:items-end overflow-x-auto gap-2\" dir=\"auto\" data-message-author-role=\"assistant\" data-message-id=\"f22b6444-e23a-4e78-827a-fa8ff3877731\">\n<div class=\"flex w-full flex-col gap-1 juice:empty:hidden juice:first:pt-[3px]\">\n<div class=\"markdown prose w-full break-words dark:prose-invert light\">\n<div class=\"flex flex-grow flex-col max-w-full\">\n<div class=\"min-h-[20px] text-message flex flex-col items-start whitespace-pre-wrap break-words [.text-message+&amp;]:mt-5 juice:w-full juice:items-end overflow-x-auto gap-2\" dir=\"auto\" data-message-author-role=\"assistant\" data-message-id=\"ec402d76-ebcd-4cc4-a0c8-22820d3d0931\">\n<div class=\"flex w-full flex-col gap-1 juice:empty:hidden juice:first:pt-[3px]\">\n<div class=\"markdown prose w-full break-words dark:prose-invert light\">\n<p data-start=\"272\" data-end=\"638\">Este <strong>atum Bonito em peda\u00e7os ao natural<\/strong> \u00e9 uma aposta segura para as cozinhas que procuram simplicidade, sabor e regularidade. Apresentado em <strong data-start=\"418\" data-end=\"440\">lata 4\/4 de 600 g<\/strong>, oferece uma boa quantidade de peda\u00e7os bem formados, f\u00e1ceis de trabalhar e agrad\u00e1veis de servir. Logo ap\u00f3s a abertura, encontramos uma textura firme, mas tenra, ideal para in\u00fameras prepara\u00e7\u00f5es.  <\/p>\n<p data-start=\"640\" data-end=\"1026\">Conservado no seu pr\u00f3prio suco natural, este <strong>atum<\/strong> preserva todo o seu sabor sem ser mascarado por ingredientes sup\u00e9rfluos. Isto permite utiliz\u00e1-lo tanto tal como est\u00e1 como em receitas mais elaboradas. Integra-se perfeitamente em <strong>saladas mistas, sandu\u00edches, wraps, pratos frios<\/strong> ou at\u00e9 mesmo em prepara\u00e7\u00f5es quentes como <strong>quiches, massas ou pratos de catering<\/strong>.  <\/p>\n<p data-start=\"1028\" data-end=\"1377\">Gra\u00e7as ao seu formato generoso, \u00e9 perfeito para <strong data-start=\"1086\" data-end=\"1123\">profissionais de restaura\u00e7\u00e3o<\/strong>, coletividades, empresas de catering ou cozinhas centrais. Poupe tempo na cozinha, mantendo uma qualidade constante de um servi\u00e7o para outro. Al\u00e9m disso, os peda\u00e7os destacam-se facilmente, o que simplifica a apresenta\u00e7\u00e3o e limita as perdas.<\/p>\n<p data-start=\"1379\" data-end=\"1613\">Em resumo, este <strong>atum Bonito<\/strong> ao natural \u00e9 um produto vers\u00e1til, pr\u00e1tico e fi\u00e1vel, pensado para uso di\u00e1rio. Adapta-se a todos os menus e a todas as vontades, deixando a liberdade de o temperar de acordo com o seu estilo. <\/p>\n<\/div>\n<\/div>\n<\/div>\n<\/div>\n<\/div>\n<\/div>\n<\/div>\n<\/div>\n<\/div>\n<\/div>\n<\/div>\n<\/div>\n<\/div>\n<\/div>\n<\/div>\n<\/div>\n<\/div>\n<\/div>\n<\/div>\n<\/div>\n<\/div>\n<\/div>\n<\/div>\n<\/div>\n<\/div>\n<\/div>\n<\/div>\n<\/div>\n<\/div>\n<p>&nbsp;<\/p>\n<p><!--more--><\/p>\n<h4>Vantagens :<\/h4>\n<ul>\n<li data-start=\"1641\" data-end=\"1687\"><strong>Peda\u00e7os<\/strong> bem formados e f\u00e1ceis de trabalhar.<\/li>\n<li data-start=\"1690\" data-end=\"1723\"><strong>Sabor natural<\/strong>, sem excesso de sal.<\/li>\n<li data-start=\"1726\" data-end=\"1766\"><strong>Formato de 600 g<\/strong> adequado para profissionais.<\/li>\n<li data-start=\"1769\" data-end=\"1799\">Utiliza\u00e7\u00e3o quente ou fria.<\/li>\n<li data-start=\"1802\" data-end=\"1850\">Produto vers\u00e1til para in\u00fameras receitas.<\/li>\n<\/ul>\n<p>&nbsp;<\/p>\n<p><!--more--><\/p>\n<h4>Outras informa\u00e7\u00f5es:<\/h4>\n<ul>\n<li><strong>Embalagem<\/strong>: Caixa 4\/4<\/li>\n<li><strong>Peso l\u00edquido escorrido<\/strong>: 600 g<\/li>\n<\/ul>\n<p>&nbsp;<\/p>\n<p><!--more--><\/p>\n<p><a href=\"https:\/\/u15jnbdpoq.preview.infomaniak.website\/categorie-produit\/alimentation\/aliments\/thon\/\">V\u00ea o resto da nossa gama de atum<\/a><\/p>\n","protected":false},"excerpt":{"rendered":"<p>Atum Bonito Descubra o nosso atum Bonito em peda\u00e7os ao natural de 600 g em lata 4\/4<\/p>\n","protected":false},"featured_media":260679,"template":"","meta":{"_acf_changed":false},"product_brand":[],"product_cat":[1151,1184,1186],"product_tag":[],"class_list":{"0":"post-16681","1":"product","2":"type-product","3":"status-publish","4":"has-post-thumbnail","6":"product_cat-alimentacao-pt-pt","7":"product_cat-alimentacao","8":"product_cat-atum","10":"first","11":"instock","12":"taxable","13":"shipping-taxable","14":"purchasable","15":"product-type-simple"},"acf":[],"yoast_head":"<!-- This site is optimized with the Yoast SEO Premium plugin v26.6 (Yoast SEO v26.6) - https:\/\/yoast.com\/wordpress\/plugins\/seo\/ -->\n<title>Atum Listao em peda\u00e7os naturais \/ CSJ Emballages<\/title>\n<meta name=\"description\" content=\"Atum Bonito em peda\u00e7os ao natural 600 g em lata 4\/4. Textura firme, sabor natural e formato ideal para restaura\u00e7\u00e3o e prepara\u00e7\u00f5es de catering.\" \/>\n<meta name=\"robots\" content=\"index, follow, max-snippet:-1, max-image-preview:large, max-video-preview:-1\" \/>\n<link rel=\"canonical\" href=\"https:\/\/www.csj-emballages.com\/pt-pt\/produit\/listao-atum-em-pedacos-natural-lata-4-4-600g\/\" \/>\n<meta property=\"og:locale\" content=\"pt_PT\" \/>\n<meta property=\"og:type\" content=\"article\" \/>\n<meta property=\"og:title\" content=\"Atum Bonito em peda\u00e7os ao natural de 600 g em lata 4\/4\" \/>\n<meta property=\"og:description\" content=\"Atum Bonito em peda\u00e7os ao natural 600 g em lata 4\/4. Textura firme, sabor natural e formato ideal para restaura\u00e7\u00e3o e prepara\u00e7\u00f5es de catering.\" \/>\n<meta property=\"og:url\" content=\"https:\/\/www.csj-emballages.com\/pt-pt\/produit\/listao-atum-em-pedacos-natural-lata-4-4-600g\/\" \/>\n<meta property=\"og:site_name\" content=\"CSJ Emballages\" \/>\n<meta property=\"article:publisher\" content=\"https:\/\/www.facebook.com\/csjemballages\" \/>\n<meta property=\"article:modified_time\" content=\"2026-05-08T00:10:33+00:00\" \/>\n<meta property=\"og:image\" content=\"https:\/\/www.csj-emballages.com\/wp-content\/uploads\/2024\/05\/220057.webp\" \/>\n\t<meta property=\"og:image:width\" content=\"800\" \/>\n\t<meta property=\"og:image:height\" content=\"800\" \/>\n\t<meta property=\"og:image:type\" content=\"image\/webp\" \/>\n<meta name=\"twitter:card\" content=\"summary_large_image\" \/>\n<meta name=\"twitter:label1\" content=\"Tempo estimado de leitura\" \/>\n\t<meta name=\"twitter:data1\" content=\"1 minuto\" \/>\n<script type=\"application\/ld+json\" class=\"yoast-schema-graph\">{\"@context\":\"https:\/\/schema.org\",\"@graph\":[{\"@type\":\"WebPage\",\"@id\":\"https:\/\/www.csj-emballages.com\/pt-pt\/produit\/listao-atum-em-pedacos-natural-lata-4-4-600g\/\",\"url\":\"https:\/\/www.csj-emballages.com\/pt-pt\/produit\/listao-atum-em-pedacos-natural-lata-4-4-600g\/\",\"name\":\"Atum Listao em peda\u00e7os naturais \/ CSJ Emballages\",\"isPartOf\":{\"@id\":\"https:\/\/www.csj-emballages.com\/pt-pt\/#website\"},\"primaryImageOfPage\":{\"@id\":\"https:\/\/www.csj-emballages.com\/pt-pt\/produit\/listao-atum-em-pedacos-natural-lata-4-4-600g\/#primaryimage\"},\"image\":{\"@id\":\"https:\/\/www.csj-emballages.com\/pt-pt\/produit\/listao-atum-em-pedacos-natural-lata-4-4-600g\/#primaryimage\"},\"thumbnailUrl\":\"https:\/\/www.csj-emballages.com\/wp-content\/uploads\/2024\/05\/220057.webp\",\"datePublished\":\"2024-05-24T08:49:11+00:00\",\"dateModified\":\"2026-05-08T00:10:33+00:00\",\"description\":\"Atum Bonito em peda\u00e7os ao natural 600 g em lata 4\/4. Textura firme, sabor natural e formato ideal para restaura\u00e7\u00e3o e prepara\u00e7\u00f5es de catering.\",\"breadcrumb\":{\"@id\":\"https:\/\/www.csj-emballages.com\/pt-pt\/produit\/listao-atum-em-pedacos-natural-lata-4-4-600g\/#breadcrumb\"},\"inLanguage\":\"pt-PT\",\"potentialAction\":[{\"@type\":\"ReadAction\",\"target\":[\"https:\/\/www.csj-emballages.com\/pt-pt\/produit\/listao-atum-em-pedacos-natural-lata-4-4-600g\/\"]}]},{\"@type\":\"ImageObject\",\"inLanguage\":\"pt-PT\",\"@id\":\"https:\/\/www.csj-emballages.com\/pt-pt\/produit\/listao-atum-em-pedacos-natural-lata-4-4-600g\/#primaryimage\",\"url\":\"https:\/\/www.csj-emballages.com\/wp-content\/uploads\/2024\/05\/220057.webp\",\"contentUrl\":\"https:\/\/www.csj-emballages.com\/wp-content\/uploads\/2024\/05\/220057.webp\",\"width\":800,\"height\":800,\"caption\":\"Thon Listao\"},{\"@type\":\"BreadcrumbList\",\"@id\":\"https:\/\/www.csj-emballages.com\/pt-pt\/produit\/listao-atum-em-pedacos-natural-lata-4-4-600g\/#breadcrumb\",\"itemListElement\":[{\"@type\":\"ListItem\",\"position\":1,\"name\":\"Acolhimento\",\"item\":\"https:\/\/www.csj-emballages.com\/pt-pt\/universo-das-embalagens-alimentares\/\"},{\"@type\":\"ListItem\",\"position\":2,\"name\":\"Shop\",\"item\":\"https:\/\/www.csj-emballages.com\/shop\/\"},{\"@type\":\"ListItem\",\"position\":3,\"name\":\"Atum Bonito em peda\u00e7os ao natural de 600 g em lata 4\/4\"}]},{\"@type\":\"WebSite\",\"@id\":\"https:\/\/www.csj-emballages.com\/pt-pt\/#website\",\"url\":\"https:\/\/www.csj-emballages.com\/pt-pt\/\",\"name\":\"CSJ Emballages\",\"description\":\"\",\"publisher\":{\"@id\":\"https:\/\/www.csj-emballages.com\/pt-pt\/#organization\"},\"potentialAction\":[{\"@type\":\"SearchAction\",\"target\":{\"@type\":\"EntryPoint\",\"urlTemplate\":\"https:\/\/www.csj-emballages.com\/pt-pt\/?s={search_term_string}\"},\"query-input\":{\"@type\":\"PropertyValueSpecification\",\"valueRequired\":true,\"valueName\":\"search_term_string\"}}],\"inLanguage\":\"pt-PT\"},{\"@type\":\"Organization\",\"@id\":\"https:\/\/www.csj-emballages.com\/pt-pt\/#Organization\/\",\"name\":\"CSJ Emballages\",\"url\":\"https:\/\/www.csj-emballages.com\/pt-pt\/\",\"logo\":{\"@type\":\"ImageObject\",\"inLanguage\":\"pt-PT\",\"@id\":\"https:\/\/www.csj-emballages.com\/pt-pt\/#\/schema\/logo\/image\/\",\"url\":\"https:\/\/www.csj-emballages.com\/wp-content\/uploads\/2023\/10\/logo_csj.webp\",\"contentUrl\":\"https:\/\/www.csj-emballages.com\/wp-content\/uploads\/2023\/10\/logo_csj.webp\",\"width\":250,\"height\":95,\"caption\":\"CSJ Emballages\"},\"image\":{\"@id\":\"https:\/\/www.csj-emballages.com\/pt-pt\/#\/schema\/logo\/image\/\"},\"sameAs\":[\"https:\/\/www.facebook.com\/csjemballages\"],\"address\":{\"@type\":\"PostalAddress\",\"streetAddress\":\"ZI La Lechere\",\"addressLocality\":\"Patornay\",\"postalCode\":\"39130\",\"addressCountry\":\"FR\"},\"contactPoint\":[{\"@type\":\"ContactPoint\",\"contactType\":\"Service client\",\"telephone\":\"0384254272\",\"email\":\"contact@csj-emballages.com\"}]}]}<\/script>\n<!-- \/ Yoast SEO Premium plugin. -->","yoast_head_json":{"title":"Atum Listao em peda\u00e7os naturais \/ CSJ Emballages","description":"Atum Bonito em peda\u00e7os ao natural 600 g em lata 4\/4. Textura firme, sabor natural e formato ideal para restaura\u00e7\u00e3o e prepara\u00e7\u00f5es de catering.","robots":{"index":"index","follow":"follow","max-snippet":"max-snippet:-1","max-image-preview":"max-image-preview:large","max-video-preview":"max-video-preview:-1"},"canonical":"https:\/\/www.csj-emballages.com\/pt-pt\/produit\/listao-atum-em-pedacos-natural-lata-4-4-600g\/","og_locale":"pt_PT","og_type":"article","og_title":"Atum Bonito em peda\u00e7os ao natural de 600 g em lata 4\/4","og_description":"Atum Bonito em peda\u00e7os ao natural 600 g em lata 4\/4. Textura firme, sabor natural e formato ideal para restaura\u00e7\u00e3o e prepara\u00e7\u00f5es de catering.","og_url":"https:\/\/www.csj-emballages.com\/pt-pt\/produit\/listao-atum-em-pedacos-natural-lata-4-4-600g\/","og_site_name":"CSJ Emballages","article_publisher":"https:\/\/www.facebook.com\/csjemballages","article_modified_time":"2026-05-08T00:10:33+00:00","og_image":[{"width":800,"height":800,"url":"https:\/\/www.csj-emballages.com\/wp-content\/uploads\/2024\/05\/220057.webp","type":"image\/webp"}],"twitter_card":"summary_large_image","twitter_misc":{"Tempo estimado de leitura":"1 minuto"},"schema":{"@context":"https:\/\/schema.org","@graph":[{"@type":"WebPage","@id":"https:\/\/www.csj-emballages.com\/pt-pt\/produit\/listao-atum-em-pedacos-natural-lata-4-4-600g\/","url":"https:\/\/www.csj-emballages.com\/pt-pt\/produit\/listao-atum-em-pedacos-natural-lata-4-4-600g\/","name":"Atum Listao em peda\u00e7os naturais \/ CSJ Emballages","isPartOf":{"@id":"https:\/\/www.csj-emballages.com\/pt-pt\/#website"},"primaryImageOfPage":{"@id":"https:\/\/www.csj-emballages.com\/pt-pt\/produit\/listao-atum-em-pedacos-natural-lata-4-4-600g\/#primaryimage"},"image":{"@id":"https:\/\/www.csj-emballages.com\/pt-pt\/produit\/listao-atum-em-pedacos-natural-lata-4-4-600g\/#primaryimage"},"thumbnailUrl":"https:\/\/www.csj-emballages.com\/wp-content\/uploads\/2024\/05\/220057.webp","datePublished":"2024-05-24T08:49:11+00:00","dateModified":"2026-05-08T00:10:33+00:00","description":"Atum Bonito em peda\u00e7os ao natural 600 g em lata 4\/4. Textura firme, sabor natural e formato ideal para restaura\u00e7\u00e3o e prepara\u00e7\u00f5es de catering.","breadcrumb":{"@id":"https:\/\/www.csj-emballages.com\/pt-pt\/produit\/listao-atum-em-pedacos-natural-lata-4-4-600g\/#breadcrumb"},"inLanguage":"pt-PT","potentialAction":[{"@type":"ReadAction","target":["https:\/\/www.csj-emballages.com\/pt-pt\/produit\/listao-atum-em-pedacos-natural-lata-4-4-600g\/"]}]},{"@type":"ImageObject","inLanguage":"pt-PT","@id":"https:\/\/www.csj-emballages.com\/pt-pt\/produit\/listao-atum-em-pedacos-natural-lata-4-4-600g\/#primaryimage","url":"https:\/\/www.csj-emballages.com\/wp-content\/uploads\/2024\/05\/220057.webp","contentUrl":"https:\/\/www.csj-emballages.com\/wp-content\/uploads\/2024\/05\/220057.webp","width":800,"height":800,"caption":"Thon Listao"},{"@type":"BreadcrumbList","@id":"https:\/\/www.csj-emballages.com\/pt-pt\/produit\/listao-atum-em-pedacos-natural-lata-4-4-600g\/#breadcrumb","itemListElement":[{"@type":"ListItem","position":1,"name":"Acolhimento","item":"https:\/\/www.csj-emballages.com\/pt-pt\/universo-das-embalagens-alimentares\/"},{"@type":"ListItem","position":2,"name":"Shop","item":"https:\/\/www.csj-emballages.com\/shop\/"},{"@type":"ListItem","position":3,"name":"Atum Bonito em peda\u00e7os ao natural de 600 g em lata 4\/4"}]},{"@type":"WebSite","@id":"https:\/\/www.csj-emballages.com\/pt-pt\/#website","url":"https:\/\/www.csj-emballages.com\/pt-pt\/","name":"CSJ Emballages","description":"","publisher":{"@id":"https:\/\/www.csj-emballages.com\/pt-pt\/#organization"},"potentialAction":[{"@type":"SearchAction","target":{"@type":"EntryPoint","urlTemplate":"https:\/\/www.csj-emballages.com\/pt-pt\/?s={search_term_string}"},"query-input":{"@type":"PropertyValueSpecification","valueRequired":true,"valueName":"search_term_string"}}],"inLanguage":"pt-PT"},{"@type":"Organization","@id":"https:\/\/www.csj-emballages.com\/pt-pt\/#Organization\/","name":"CSJ Emballages","url":"https:\/\/www.csj-emballages.com\/pt-pt\/","logo":{"@type":"ImageObject","inLanguage":"pt-PT","@id":"https:\/\/www.csj-emballages.com\/pt-pt\/#\/schema\/logo\/image\/","url":"https:\/\/www.csj-emballages.com\/wp-content\/uploads\/2023\/10\/logo_csj.webp","contentUrl":"https:\/\/www.csj-emballages.com\/wp-content\/uploads\/2023\/10\/logo_csj.webp","width":250,"height":95,"caption":"CSJ Emballages"},"image":{"@id":"https:\/\/www.csj-emballages.com\/pt-pt\/#\/schema\/logo\/image\/"},"sameAs":["https:\/\/www.facebook.com\/csjemballages"],"address":{"@type":"PostalAddress","streetAddress":"ZI La Lechere","addressLocality":"Patornay","postalCode":"39130","addressCountry":"FR"},"contactPoint":[{"@type":"ContactPoint","contactType":"Service client","telephone":"0384254272","email":"contact@csj-emballages.com"}]}]}},"df_price":6.3,"df_sale_price":"","df_regular_price":6.3,"df_image_link":"https:\/\/www.csj-emballages.com\/wp-content\/uploads\/2024\/05\/220057-300x300.webp","tiered_pricing_type":"fixed","tiered_pricing_fixed_rules":[],"tiered_pricing_percentage_rules":[],"tiered_pricing_minimum":1,"tiered_pricing_roles_data":[],"_links":{"self":[{"href":"https:\/\/www.csj-emballages.com\/pt-pt\/wp-json\/wp\/v2\/product\/16681","targetHints":{"allow":["GET"]}}],"collection":[{"href":"https:\/\/www.csj-emballages.com\/pt-pt\/wp-json\/wp\/v2\/product"}],"about":[{"href":"https:\/\/www.csj-emballages.com\/pt-pt\/wp-json\/wp\/v2\/types\/product"}],"wp:featuredmedia":[{"embeddable":true,"href":"https:\/\/www.csj-emballages.com\/pt-pt\/wp-json\/wp\/v2\/media\/260679"}],"wp:attachment":[{"href":"https:\/\/www.csj-emballages.com\/pt-pt\/wp-json\/wp\/v2\/media?parent=16681"}],"wp:term":[{"taxonomy":"product_brand","embeddable":true,"href":"https:\/\/www.csj-emballages.com\/pt-pt\/wp-json\/wp\/v2\/product_brand?post=16681"},{"taxonomy":"product_cat","embeddable":true,"href":"https:\/\/www.csj-emballages.com\/pt-pt\/wp-json\/wp\/v2\/product_cat?post=16681"},{"taxonomy":"product_tag","embeddable":true,"href":"https:\/\/www.csj-emballages.com\/pt-pt\/wp-json\/wp\/v2\/product_tag?post=16681"}],"curies":[{"name":"wp","href":"https:\/\/api.w.org\/{rel}","templated":true}]}}