{"id":16618,"date":"2024-04-18T15:59:35","date_gmt":"2024-04-18T13:59:35","guid":{"rendered":"https:\/\/u15jnbdpoq.preview.infomaniak.website\/produit\/10-caixas-de-catering-estilo-chefe-63-x-42-x-12-cm\/"},"modified":"2026-04-24T02:12:10","modified_gmt":"2026-04-24T00:12:10","slug":"10-caixas-de-catering-estilo-chefe-63-x-42-x-12-cm","status":"publish","type":"product","link":"https:\/\/www.csj-emballages.com\/pt-pt\/produit\/10-caixas-de-catering-estilo-chefe-63-x-42-x-12-cm\/","title":{"rendered":"Caixa de catering modelo Chef 63 x 42 x 12 cm por 10"},"content":{"rendered":"<h2><strong>Caixas de catering &#8220;Chef&#8221; modelo 63 x 42 x 12 cm &#8211; 10 por caixa<\/strong><\/h2>\n<hr>\n<h3>Descri\u00e7\u00e3o do produto<\/h3>\n<p><!--more--><\/p>\n<div class=\"flex flex-grow flex-col max-w-full\">\n<div class=\"min-h-[20px] text-message flex flex-col items-start whitespace-pre-wrap break-words [.text-message+&amp;]:mt-5 juice:w-full juice:items-end overflow-x-auto gap-2\" dir=\"auto\" data-message-author-role=\"assistant\" data-message-id=\"566eb11b-adda-44a9-b6d7-345f4b668d29\">\n<div class=\"flex w-full flex-col gap-1 juice:empty:hidden juice:first:pt-[3px]\">\n<div class=\"markdown prose w-full break-words dark:prose-invert light\">\n<p>As caixas de catering modelo &#8220;Chef&#8221; s\u00e3o ideais para apresentar e transportar as tuas sobremesas e mignardises com requinte e efic\u00e1cia. Estas caixas proporcionam uma apresenta\u00e7\u00e3o elegante e profissional para as tuas cria\u00e7\u00f5es de pastelaria. O seu design sofisticado e ergon\u00f3mico torna-as f\u00e1ceis de manusear, ao mesmo tempo que oferecem uma prote\u00e7\u00e3o \u00f3ptima para os teus doces. Gra\u00e7as ao seu acabamento impec\u00e1vel e \u00e0 sua capacidade de preservar a frescura dos produtos, as caixas de catering modelo &#8220;Chef&#8221; s\u00e3o a escolha perfeita para os fornecedores e pasteleiros que querem oferecer aos seus clientes uma experi\u00eancia culin\u00e1ria de topo.<\/p>\n<p>As latas &#8220;Chef&#8221; est\u00e3o dispon\u00edveis em v\u00e1rios tamanhos para se adaptarem a todas as tuas necessidades culin\u00e1rias.<\/p>\n<\/div>\n<\/div>\n<\/div>\n<\/div>\n<h4>As suas vantagens:<\/h4>\n<ul>\n<li><strong>Pr\u00e1tico<\/strong>: F\u00e1cil de manusear e transportar gra\u00e7as ao seu design ergon\u00f3mico.<\/li>\n<li><strong>Eleg\u00e2ncia<\/strong>: Uma apresenta\u00e7\u00e3o requintada que real\u00e7a os teus pratos e impressiona os teus clientes.<\/li>\n<li><strong>Versatilidade<\/strong>: Dispon\u00edvel em diferentes tamanhos para se adaptar a todos os tipos de refei\u00e7\u00f5es.<\/li>\n<li><strong>Fiabilidade<\/strong>: Mant\u00e9m os pratos frescos durante o transporte, mesmo em longas dist\u00e2ncias.<\/li>\n<li><strong>Visibilidade<\/strong>: Estas caixas foram concebidas com uma janela integrada para mostrar as tuas cria\u00e7\u00f5es.<\/li>\n<\/ul>\n<p>&nbsp;<\/p>\n<p><!--more--><\/p>\n<div class=\"flex flex-grow flex-col max-w-full\">\n<div class=\"min-h-[20px] text-message flex flex-col items-start whitespace-pre-wrap break-words [.text-message+&amp;]:mt-5 juice:w-full juice:items-end overflow-x-auto gap-2\" dir=\"auto\" data-message-author-role=\"assistant\" data-message-id=\"19144bb2-ab30-4ed9-ba69-5b6cdd5089a8\">\n<div class=\"flex w-full flex-col gap-1 juice:empty:hidden juice:first:pt-[3px]\">\n<div class=\"markdown prose w-full break-words dark:prose-invert light\">\n<p>Tamb\u00e9m dispon\u00edvel em tamanho <span style=\"color: #d12727;\"><br \/>\n  <a style=\"color: #d12727;\" href=\"https:\/\/www.csj-emballages.com\/es\/produit\/20-cajas-de-catering-estilo-chef-43-x-30-x-12-cm-2\/\">43 x 30 x 12 cm<\/a><br \/>\n<\/span><\/p>\n<p>&nbsp;<\/p>\n<\/div>\n<\/div>\n<\/div>\n<\/div>\n<p><!--more--><\/p>\n<p><a href=\"https:\/\/www.csj-emballages.com\/pt-pt\/categorie-produit\/embalagem-de-alimentos\/talho-e-charcutaria\/tabuleiros-latas-e-frascos\/caixas-de-catering-almocos\/\">V\u00ea o resto da nossa gama de lancheiras<\/a><\/p>\n","protected":false},"excerpt":{"rendered":"<p>Caixas de catering &#8220;Chef&#8221; modelo 63 x 42 x 12 cm &#8211; 10 por caixa Descri\u00e7\u00e3o do produto<\/p>\n","protected":false},"featured_media":221563,"template":"","meta":{"_acf_changed":false},"product_brand":[],"product_cat":[1141,1176,1174,1177,3916,1178,1258,3107],"product_tag":[],"class_list":{"0":"post-16618","1":"product","2":"type-product","3":"status-publish","4":"has-post-thumbnail","6":"product_cat-embalagem-de-alimentos","7":"product_cat-talho-e-charcutaria","8":"product_cat-caixas-de-catering-almocos","9":"product_cat-padaria-e-pastelaria","10":"product_cat-caixas-e-estojos","11":"product_cat-caixas-de-janela","12":"product_cat-caixas-de-pastelaria","13":"product_cat-latas-de-sobremesa","14":"product_shipping_class-nao-e-permitido-em-reles","16":"first","17":"instock","18":"taxable","19":"shipping-taxable","20":"purchasable","21":"product-type-simple"},"acf":[],"yoast_head":"<!-- This site is optimized with the Yoast SEO Premium plugin v26.6 (Yoast SEO v26.6) - https:\/\/yoast.com\/wordpress\/plugins\/seo\/ -->\n<title>Caixas para catering modelo &quot;Chef&quot; \/ Vendido em embalagens de 10<\/title>\n<meta name=\"description\" content=\"Caixas de catering modelo &quot;Chef&quot;, dimens\u00f5es: 630 x 420 x 120 mm \/ Escolhe agora um pacote de 10 caixas de catering dispon\u00edveis em CSJ Emballages\" \/>\n<meta name=\"robots\" content=\"index, follow, max-snippet:-1, max-image-preview:large, max-video-preview:-1\" \/>\n<link rel=\"canonical\" href=\"https:\/\/www.csj-emballages.com\/pt-pt\/produit\/10-caixas-de-catering-estilo-chefe-63-x-42-x-12-cm\/\" \/>\n<meta property=\"og:locale\" content=\"pt_PT\" \/>\n<meta property=\"og:type\" content=\"article\" \/>\n<meta property=\"og:title\" content=\"Caixa de catering modelo Chef 63 x 42 x 12 cm por 10\" \/>\n<meta property=\"og:description\" content=\"Caixas de catering modelo &quot;Chef&quot;, dimens\u00f5es: 630 x 420 x 120 mm \/ Escolhe agora um pacote de 10 caixas de catering dispon\u00edveis em CSJ Emballages\" \/>\n<meta property=\"og:url\" content=\"https:\/\/www.csj-emballages.com\/pt-pt\/produit\/10-caixas-de-catering-estilo-chefe-63-x-42-x-12-cm\/\" \/>\n<meta property=\"og:site_name\" content=\"CSJ Emballages\" \/>\n<meta property=\"article:publisher\" content=\"https:\/\/www.facebook.com\/csjemballages\" \/>\n<meta property=\"article:modified_time\" content=\"2026-04-24T00:12:10+00:00\" \/>\n<meta property=\"og:image\" content=\"https:\/\/www.csj-emballages.com\/wp-content\/uploads\/2024\/04\/Boite-chef.webp\" \/>\n\t<meta property=\"og:image:width\" content=\"800\" \/>\n\t<meta property=\"og:image:height\" content=\"800\" \/>\n\t<meta property=\"og:image:type\" content=\"image\/webp\" \/>\n<meta name=\"twitter:card\" content=\"summary_large_image\" \/>\n<meta name=\"twitter:label1\" content=\"Tempo estimado de leitura\" \/>\n\t<meta name=\"twitter:data1\" content=\"1 minuto\" \/>\n<script type=\"application\/ld+json\" class=\"yoast-schema-graph\">{\"@context\":\"https:\/\/schema.org\",\"@graph\":[{\"@type\":\"WebPage\",\"@id\":\"https:\/\/www.csj-emballages.com\/pt-pt\/produit\/10-caixas-de-catering-estilo-chefe-63-x-42-x-12-cm\/\",\"url\":\"https:\/\/www.csj-emballages.com\/pt-pt\/produit\/10-caixas-de-catering-estilo-chefe-63-x-42-x-12-cm\/\",\"name\":\"Caixas para catering modelo \\\"Chef\\\" \/ Vendido em embalagens de 10\",\"isPartOf\":{\"@id\":\"https:\/\/www.csj-emballages.com\/pt-pt\/#website\"},\"primaryImageOfPage\":{\"@id\":\"https:\/\/www.csj-emballages.com\/pt-pt\/produit\/10-caixas-de-catering-estilo-chefe-63-x-42-x-12-cm\/#primaryimage\"},\"image\":{\"@id\":\"https:\/\/www.csj-emballages.com\/pt-pt\/produit\/10-caixas-de-catering-estilo-chefe-63-x-42-x-12-cm\/#primaryimage\"},\"thumbnailUrl\":\"https:\/\/www.csj-emballages.com\/wp-content\/uploads\/2024\/04\/Boite-chef.webp\",\"datePublished\":\"2024-04-18T13:59:35+00:00\",\"dateModified\":\"2026-04-24T00:12:10+00:00\",\"description\":\"Caixas de catering modelo \\\"Chef\\\", dimens\u00f5es: 630 x 420 x 120 mm \/ Escolhe agora um pacote de 10 caixas de catering dispon\u00edveis em CSJ Emballages\",\"breadcrumb\":{\"@id\":\"https:\/\/www.csj-emballages.com\/pt-pt\/produit\/10-caixas-de-catering-estilo-chefe-63-x-42-x-12-cm\/#breadcrumb\"},\"inLanguage\":\"pt-PT\",\"potentialAction\":[{\"@type\":\"ReadAction\",\"target\":[\"https:\/\/www.csj-emballages.com\/pt-pt\/produit\/10-caixas-de-catering-estilo-chefe-63-x-42-x-12-cm\/\"]}]},{\"@type\":\"ImageObject\",\"inLanguage\":\"pt-PT\",\"@id\":\"https:\/\/www.csj-emballages.com\/pt-pt\/produit\/10-caixas-de-catering-estilo-chefe-63-x-42-x-12-cm\/#primaryimage\",\"url\":\"https:\/\/www.csj-emballages.com\/wp-content\/uploads\/2024\/04\/Boite-chef.webp\",\"contentUrl\":\"https:\/\/www.csj-emballages.com\/wp-content\/uploads\/2024\/04\/Boite-chef.webp\",\"width\":800,\"height\":800,\"caption\":\"Boite traiteur\"},{\"@type\":\"BreadcrumbList\",\"@id\":\"https:\/\/www.csj-emballages.com\/pt-pt\/produit\/10-caixas-de-catering-estilo-chefe-63-x-42-x-12-cm\/#breadcrumb\",\"itemListElement\":[{\"@type\":\"ListItem\",\"position\":1,\"name\":\"Acolhimento\",\"item\":\"https:\/\/www.csj-emballages.com\/pt-pt\/universo-das-embalagens-alimentares\/\"},{\"@type\":\"ListItem\",\"position\":2,\"name\":\"Shop\",\"item\":\"https:\/\/www.csj-emballages.com\/shop\/\"},{\"@type\":\"ListItem\",\"position\":3,\"name\":\"Caixa de catering modelo Chef 63 x 42 x 12 cm por 10\"}]},{\"@type\":\"WebSite\",\"@id\":\"https:\/\/www.csj-emballages.com\/pt-pt\/#website\",\"url\":\"https:\/\/www.csj-emballages.com\/pt-pt\/\",\"name\":\"CSJ Emballages\",\"description\":\"\",\"publisher\":{\"@id\":\"https:\/\/www.csj-emballages.com\/pt-pt\/#organization\"},\"potentialAction\":[{\"@type\":\"SearchAction\",\"target\":{\"@type\":\"EntryPoint\",\"urlTemplate\":\"https:\/\/www.csj-emballages.com\/pt-pt\/?s={search_term_string}\"},\"query-input\":{\"@type\":\"PropertyValueSpecification\",\"valueRequired\":true,\"valueName\":\"search_term_string\"}}],\"inLanguage\":\"pt-PT\"},{\"@type\":\"Organization\",\"@id\":\"https:\/\/www.csj-emballages.com\/pt-pt\/#Organization\/\",\"name\":\"CSJ Emballages\",\"url\":\"https:\/\/www.csj-emballages.com\/pt-pt\/\",\"logo\":{\"@type\":\"ImageObject\",\"inLanguage\":\"pt-PT\",\"@id\":\"https:\/\/www.csj-emballages.com\/pt-pt\/#\/schema\/logo\/image\/\",\"url\":\"https:\/\/www.csj-emballages.com\/wp-content\/uploads\/2023\/10\/logo_csj.webp\",\"contentUrl\":\"https:\/\/www.csj-emballages.com\/wp-content\/uploads\/2023\/10\/logo_csj.webp\",\"width\":250,\"height\":95,\"caption\":\"CSJ Emballages\"},\"image\":{\"@id\":\"https:\/\/www.csj-emballages.com\/pt-pt\/#\/schema\/logo\/image\/\"},\"sameAs\":[\"https:\/\/www.facebook.com\/csjemballages\"],\"address\":{\"@type\":\"PostalAddress\",\"streetAddress\":\"ZI La Lechere\",\"addressLocality\":\"Patornay\",\"postalCode\":\"39130\",\"addressCountry\":\"FR\"},\"contactPoint\":[{\"@type\":\"ContactPoint\",\"contactType\":\"Service client\",\"telephone\":\"0384254272\",\"email\":\"contact@csj-emballages.com\"}]}]}<\/script>\n<!-- \/ Yoast SEO Premium plugin. -->","yoast_head_json":{"title":"Caixas para catering modelo \"Chef\" \/ Vendido em embalagens de 10","description":"Caixas de catering modelo \"Chef\", dimens\u00f5es: 630 x 420 x 120 mm \/ Escolhe agora um pacote de 10 caixas de catering dispon\u00edveis em CSJ Emballages","robots":{"index":"index","follow":"follow","max-snippet":"max-snippet:-1","max-image-preview":"max-image-preview:large","max-video-preview":"max-video-preview:-1"},"canonical":"https:\/\/www.csj-emballages.com\/pt-pt\/produit\/10-caixas-de-catering-estilo-chefe-63-x-42-x-12-cm\/","og_locale":"pt_PT","og_type":"article","og_title":"Caixa de catering modelo Chef 63 x 42 x 12 cm por 10","og_description":"Caixas de catering modelo \"Chef\", dimens\u00f5es: 630 x 420 x 120 mm \/ Escolhe agora um pacote de 10 caixas de catering dispon\u00edveis em CSJ Emballages","og_url":"https:\/\/www.csj-emballages.com\/pt-pt\/produit\/10-caixas-de-catering-estilo-chefe-63-x-42-x-12-cm\/","og_site_name":"CSJ Emballages","article_publisher":"https:\/\/www.facebook.com\/csjemballages","article_modified_time":"2026-04-24T00:12:10+00:00","og_image":[{"width":800,"height":800,"url":"https:\/\/www.csj-emballages.com\/wp-content\/uploads\/2024\/04\/Boite-chef.webp","type":"image\/webp"}],"twitter_card":"summary_large_image","twitter_misc":{"Tempo estimado de leitura":"1 minuto"},"schema":{"@context":"https:\/\/schema.org","@graph":[{"@type":"WebPage","@id":"https:\/\/www.csj-emballages.com\/pt-pt\/produit\/10-caixas-de-catering-estilo-chefe-63-x-42-x-12-cm\/","url":"https:\/\/www.csj-emballages.com\/pt-pt\/produit\/10-caixas-de-catering-estilo-chefe-63-x-42-x-12-cm\/","name":"Caixas para catering modelo \"Chef\" \/ Vendido em embalagens de 10","isPartOf":{"@id":"https:\/\/www.csj-emballages.com\/pt-pt\/#website"},"primaryImageOfPage":{"@id":"https:\/\/www.csj-emballages.com\/pt-pt\/produit\/10-caixas-de-catering-estilo-chefe-63-x-42-x-12-cm\/#primaryimage"},"image":{"@id":"https:\/\/www.csj-emballages.com\/pt-pt\/produit\/10-caixas-de-catering-estilo-chefe-63-x-42-x-12-cm\/#primaryimage"},"thumbnailUrl":"https:\/\/www.csj-emballages.com\/wp-content\/uploads\/2024\/04\/Boite-chef.webp","datePublished":"2024-04-18T13:59:35+00:00","dateModified":"2026-04-24T00:12:10+00:00","description":"Caixas de catering modelo \"Chef\", dimens\u00f5es: 630 x 420 x 120 mm \/ Escolhe agora um pacote de 10 caixas de catering dispon\u00edveis em CSJ Emballages","breadcrumb":{"@id":"https:\/\/www.csj-emballages.com\/pt-pt\/produit\/10-caixas-de-catering-estilo-chefe-63-x-42-x-12-cm\/#breadcrumb"},"inLanguage":"pt-PT","potentialAction":[{"@type":"ReadAction","target":["https:\/\/www.csj-emballages.com\/pt-pt\/produit\/10-caixas-de-catering-estilo-chefe-63-x-42-x-12-cm\/"]}]},{"@type":"ImageObject","inLanguage":"pt-PT","@id":"https:\/\/www.csj-emballages.com\/pt-pt\/produit\/10-caixas-de-catering-estilo-chefe-63-x-42-x-12-cm\/#primaryimage","url":"https:\/\/www.csj-emballages.com\/wp-content\/uploads\/2024\/04\/Boite-chef.webp","contentUrl":"https:\/\/www.csj-emballages.com\/wp-content\/uploads\/2024\/04\/Boite-chef.webp","width":800,"height":800,"caption":"Boite traiteur"},{"@type":"BreadcrumbList","@id":"https:\/\/www.csj-emballages.com\/pt-pt\/produit\/10-caixas-de-catering-estilo-chefe-63-x-42-x-12-cm\/#breadcrumb","itemListElement":[{"@type":"ListItem","position":1,"name":"Acolhimento","item":"https:\/\/www.csj-emballages.com\/pt-pt\/universo-das-embalagens-alimentares\/"},{"@type":"ListItem","position":2,"name":"Shop","item":"https:\/\/www.csj-emballages.com\/shop\/"},{"@type":"ListItem","position":3,"name":"Caixa de catering modelo Chef 63 x 42 x 12 cm por 10"}]},{"@type":"WebSite","@id":"https:\/\/www.csj-emballages.com\/pt-pt\/#website","url":"https:\/\/www.csj-emballages.com\/pt-pt\/","name":"CSJ Emballages","description":"","publisher":{"@id":"https:\/\/www.csj-emballages.com\/pt-pt\/#organization"},"potentialAction":[{"@type":"SearchAction","target":{"@type":"EntryPoint","urlTemplate":"https:\/\/www.csj-emballages.com\/pt-pt\/?s={search_term_string}"},"query-input":{"@type":"PropertyValueSpecification","valueRequired":true,"valueName":"search_term_string"}}],"inLanguage":"pt-PT"},{"@type":"Organization","@id":"https:\/\/www.csj-emballages.com\/pt-pt\/#Organization\/","name":"CSJ Emballages","url":"https:\/\/www.csj-emballages.com\/pt-pt\/","logo":{"@type":"ImageObject","inLanguage":"pt-PT","@id":"https:\/\/www.csj-emballages.com\/pt-pt\/#\/schema\/logo\/image\/","url":"https:\/\/www.csj-emballages.com\/wp-content\/uploads\/2023\/10\/logo_csj.webp","contentUrl":"https:\/\/www.csj-emballages.com\/wp-content\/uploads\/2023\/10\/logo_csj.webp","width":250,"height":95,"caption":"CSJ Emballages"},"image":{"@id":"https:\/\/www.csj-emballages.com\/pt-pt\/#\/schema\/logo\/image\/"},"sameAs":["https:\/\/www.facebook.com\/csjemballages"],"address":{"@type":"PostalAddress","streetAddress":"ZI La Lechere","addressLocality":"Patornay","postalCode":"39130","addressCountry":"FR"},"contactPoint":[{"@type":"ContactPoint","contactType":"Service client","telephone":"0384254272","email":"contact@csj-emballages.com"}]}]}},"df_price":37.87,"df_sale_price":"","df_regular_price":37.87,"df_image_link":"https:\/\/www.csj-emballages.com\/wp-content\/uploads\/2024\/04\/Boite-chef-300x300.webp","tiered_pricing_type":"fixed","tiered_pricing_fixed_rules":[],"tiered_pricing_percentage_rules":[],"tiered_pricing_minimum":1,"tiered_pricing_roles_data":[],"_links":{"self":[{"href":"https:\/\/www.csj-emballages.com\/pt-pt\/wp-json\/wp\/v2\/product\/16618","targetHints":{"allow":["GET"]}}],"collection":[{"href":"https:\/\/www.csj-emballages.com\/pt-pt\/wp-json\/wp\/v2\/product"}],"about":[{"href":"https:\/\/www.csj-emballages.com\/pt-pt\/wp-json\/wp\/v2\/types\/product"}],"wp:featuredmedia":[{"embeddable":true,"href":"https:\/\/www.csj-emballages.com\/pt-pt\/wp-json\/wp\/v2\/media\/221563"}],"wp:attachment":[{"href":"https:\/\/www.csj-emballages.com\/pt-pt\/wp-json\/wp\/v2\/media?parent=16618"}],"wp:term":[{"taxonomy":"product_brand","embeddable":true,"href":"https:\/\/www.csj-emballages.com\/pt-pt\/wp-json\/wp\/v2\/product_brand?post=16618"},{"taxonomy":"product_cat","embeddable":true,"href":"https:\/\/www.csj-emballages.com\/pt-pt\/wp-json\/wp\/v2\/product_cat?post=16618"},{"taxonomy":"product_tag","embeddable":true,"href":"https:\/\/www.csj-emballages.com\/pt-pt\/wp-json\/wp\/v2\/product_tag?post=16618"}],"curies":[{"name":"wp","href":"https:\/\/api.w.org\/{rel}","templated":true}]}}