{"id":16575,"date":"2024-04-12T15:57:59","date_gmt":"2024-04-12T13:57:59","guid":{"rendered":"https:\/\/u15jnbdpoq.preview.infomaniak.website\/produit\/2-baldes-de-24-26-tripas-de-carneiro-60-metros-de-tubos-rigidos-aa-balde-de-30-massas\/"},"modified":"2026-04-30T08:15:14","modified_gmt":"2026-04-30T06:15:14","slug":"2-baldes-de-24-26-tripas-de-carneiro-60-metros-de-tubos-rigidos-aa-balde-de-30-massas","status":"publish","type":"product","link":"https:\/\/www.csj-emballages.com\/pt-pt\/produit\/2-baldes-de-24-26-tripas-de-carneiro-60-metros-de-tubos-rigidos-aa-balde-de-30-massas\/","title":{"rendered":"Tripas de carneiro 24\/26 por 2 baldes de 30 massas"},"content":{"rendered":"<h2>Tripas de ovinos<\/h2>\n<hr>\n<h3>Descubra as nossas tripas de carneiro 24\/26 por 2 baldes de 30 massas do produto<\/h3>\n<p><!--more--><\/p>\n<div class=\"flex-shrink-0 flex flex-col relative items-end\">\n<div class=\"pt-0.5 juice:pt-0\">\n<div class=\"gizmo-bot-avatar flex h-6 w-6 items-center justify-center overflow-hidden rounded-full juice:h-8 juice:w-8\">\n<div class=\"relative p-1 rounded-sm flex items-center justify-center bg-token-main-surface-primary text-token-text-primary h-8 w-8\">\n<p data-start=\"263\" data-end=\"568\">As <strong>tripas de carneiro 24\/26 AA<\/strong> s\u00e3o especialmente selecionadas para responder \u00e0s exig\u00eancias dos profissionais da charcutaria artesanal e industrial. Com efeito, reconhecidas pela sua finura e elasticidade, s\u00e3o particularmente adequadas ao fabrico de salsichas finas e produtos de qualidade superior. <\/p>\n<p data-start=\"570\" data-end=\"935\">Primeiro, <strong>calibradas em 24\/26<\/strong>, estas <strong>tripas<\/strong> oferecem um di\u00e2metro regular garantindo uma excelente homogeneidade durante o enchimento. A sua <strong>qualidade AA<\/strong> testemunha uma sele\u00e7\u00e3o rigorosa, assegurando uma qualidade constante, uma boa resist\u00eancia e um aspeto cuidado do produto final. Permitem uma excelente resist\u00eancia \u00e0 cozedura mantendo uma textura agrad\u00e1vel na boca.  <\/p>\n<p data-start=\"937\" data-end=\"1247\">Da mesma forma, vendidas em <strong>2 baldes de 30 massas<\/strong>, de <strong>60 metros cada<\/strong>, estas <strong>tripas<\/strong> s\u00e3o apresentadas em <strong>tubos r\u00edgidos<\/strong> para uma manipula\u00e7\u00e3o facilitada e uma poupan\u00e7a de tempo durante a implementa\u00e7\u00e3o. Este acondicionamento profissional otimiza o armazenamento, limita as perdas e assegura uma prepara\u00e7\u00e3o fluida em oficina. <\/p>\n<p data-start=\"1249\" data-end=\"1531\">As <strong>tripas de carneiro 24\/26 AA<\/strong> conv\u00eam perfeitamente ao fabrico de merguez finas, salsichas cocktail e outras especialidades que necessitam de um calibre preciso. Em resumo, a sua qualidade natural garante uma bela apresenta\u00e7\u00e3o do produto final. <\/p>\n<p data-start=\"1249\" data-end=\"1531\">\n<\/div>\n<\/div>\n<\/div>\n<\/div>\n<p><!--more--><\/p>\n<p><strong>Vantagens :<\/strong><\/p>\n<ul>\n<li data-start=\"1569\" data-end=\"1605\"><strong>Calibre 24\/26<\/strong> para salsichas finas.<\/li>\n<li data-start=\"1658\" data-end=\"1704\">Boa elasticidade e resist\u00eancia ao enchimento.<\/li>\n<li data-start=\"1741\" data-end=\"1804\">Apresenta\u00e7\u00e3o em tubos r\u00edgidos para uma utiliza\u00e7\u00e3o facilitada.<\/li>\n<li data-start=\"1807\" data-end=\"1861\">Acondicionamento profissional de <strong>2 baldes de 30 massas<\/strong>.<\/li>\n<li data-start=\"1896\" data-end=\"1947\">Ideal para charcuteiros e talhantes profissionais.<\/li>\n<\/ul>\n<p>&nbsp;<\/p>\n<p><!--more--><\/p>\n<h4>Outras informa\u00e7\u00f5es :<\/h4>\n<ul>\n<li><strong>Acondicionamento<\/strong>: 2 baldes de 30 meadas<\/li>\n<li><strong>Di\u00e2metro<\/strong>: 24\/26 mm<\/li>\n<li><strong>Qualidade<\/strong>: AA<\/li>\n<li><strong>Comprimento de uma meada<\/strong>: 60 metros<\/li>\n<\/ul>\n<p>&nbsp;<\/p>\n<p><!--more--><\/p>\n<p>Tamb\u00e9m dispon\u00edvel em <span style=\"color: #d12727;\"><br \/>\n  <a style=\"color: #d12727;\" href=\"https:\/\/www.csj-emballages.com\/es\/produit\/2-cubos-de-tripas-de-oveja-22-24-tubos-rigidos-de-60-metros-aa-cubo-de-30-masas\/\">Mangueiras de di\u00e2metro 22\/24<\/a><br \/>\n<\/span><\/p>\n<p><!--more--><\/p>\n<p>&nbsp;<\/p>\n<p><a href=\"https:\/\/www.csj-emballages.com\/pt-pt\/categorie-produit\/alimentacao-pt-pt\/mangueiras\/\">Consulte o resto da nossa gama de tripas<\/a><\/p>\n","protected":false},"excerpt":{"rendered":"<p>Tripas de ovinos Descubra as nossas tripas de carneiro 24\/26 por 2 baldes de 30 massas do produto<\/p>\n","protected":false},"featured_media":264206,"template":"","meta":{"_acf_changed":false},"product_brand":[],"product_cat":[1151,1155,5826],"product_tag":[],"class_list":{"0":"post-16575","1":"product","2":"type-product","3":"status-publish","4":"has-post-thumbnail","6":"product_cat-alimentacao-pt-pt","7":"product_cat-mangueiras","8":"product_cat-o24-26-mm-pt-pt","10":"first","11":"onbackorder","12":"taxable","13":"shipping-taxable","14":"purchasable","15":"product-type-simple"},"acf":[],"yoast_head":"<!-- This site is optimized with the Yoast SEO Premium plugin v26.6 (Yoast SEO v26.6) - https:\/\/yoast.com\/wordpress\/plugins\/seo\/ -->\n<title>Tripas de carneiro 24\/26 por 2 baldes de 30 massas<\/title>\n<meta name=\"description\" content=\"Tripas de carneiro 24\/26 AA por 2 baldes de 30 ma\u00e7adas (60 m). Qualidade profissional, ideal para salsichas finas e charcutaria.\" \/>\n<meta name=\"robots\" content=\"index, follow, max-snippet:-1, max-image-preview:large, max-video-preview:-1\" \/>\n<link rel=\"canonical\" href=\"https:\/\/www.csj-emballages.com\/pt-pt\/produit\/2-baldes-de-24-26-tripas-de-carneiro-60-metros-de-tubos-rigidos-aa-balde-de-30-massas\/\" \/>\n<meta property=\"og:locale\" content=\"pt_PT\" \/>\n<meta property=\"og:type\" content=\"article\" \/>\n<meta property=\"og:title\" content=\"Tripas de carneiro 24\/26 por 2 baldes de 30 massas\" \/>\n<meta property=\"og:description\" content=\"Tripas de carneiro 24\/26 AA por 2 baldes de 30 ma\u00e7adas (60 m). Qualidade profissional, ideal para salsichas finas e charcutaria.\" \/>\n<meta property=\"og:url\" content=\"https:\/\/www.csj-emballages.com\/pt-pt\/produit\/2-baldes-de-24-26-tripas-de-carneiro-60-metros-de-tubos-rigidos-aa-balde-de-30-massas\/\" \/>\n<meta property=\"og:site_name\" content=\"CSJ Emballages\" \/>\n<meta property=\"article:publisher\" content=\"https:\/\/www.facebook.com\/csjemballages\" \/>\n<meta property=\"article:modified_time\" content=\"2026-04-30T06:15:14+00:00\" \/>\n<meta property=\"og:image\" content=\"https:\/\/www.csj-emballages.com\/wp-content\/uploads\/2024\/04\/BM242630AA.webp\" \/>\n\t<meta property=\"og:image:width\" content=\"800\" \/>\n\t<meta property=\"og:image:height\" content=\"800\" \/>\n\t<meta property=\"og:image:type\" content=\"image\/png\" \/>\n<meta name=\"twitter:card\" content=\"summary_large_image\" \/>\n<meta name=\"twitter:label1\" content=\"Tempo estimado de leitura\" \/>\n\t<meta name=\"twitter:data1\" content=\"1 minuto\" \/>\n<script type=\"application\/ld+json\" class=\"yoast-schema-graph\">{\"@context\":\"https:\/\/schema.org\",\"@graph\":[{\"@type\":\"WebPage\",\"@id\":\"https:\/\/www.csj-emballages.com\/pt-pt\/produit\/2-baldes-de-24-26-tripas-de-carneiro-60-metros-de-tubos-rigidos-aa-balde-de-30-massas\/\",\"url\":\"https:\/\/www.csj-emballages.com\/pt-pt\/produit\/2-baldes-de-24-26-tripas-de-carneiro-60-metros-de-tubos-rigidos-aa-balde-de-30-massas\/\",\"name\":\"Tripas de carneiro 24\/26 por 2 baldes de 30 massas\",\"isPartOf\":{\"@id\":\"https:\/\/www.csj-emballages.com\/pt-pt\/#website\"},\"primaryImageOfPage\":{\"@id\":\"https:\/\/www.csj-emballages.com\/pt-pt\/produit\/2-baldes-de-24-26-tripas-de-carneiro-60-metros-de-tubos-rigidos-aa-balde-de-30-massas\/#primaryimage\"},\"image\":{\"@id\":\"https:\/\/www.csj-emballages.com\/pt-pt\/produit\/2-baldes-de-24-26-tripas-de-carneiro-60-metros-de-tubos-rigidos-aa-balde-de-30-massas\/#primaryimage\"},\"thumbnailUrl\":\"https:\/\/www.csj-emballages.com\/wp-content\/uploads\/2024\/04\/BM242630AA.webp\",\"datePublished\":\"2024-04-12T13:57:59+00:00\",\"dateModified\":\"2026-04-30T06:15:14+00:00\",\"description\":\"Tripas de carneiro 24\/26 AA por 2 baldes de 30 ma\u00e7adas (60 m). Qualidade profissional, ideal para salsichas finas e charcutaria.\",\"breadcrumb\":{\"@id\":\"https:\/\/www.csj-emballages.com\/pt-pt\/produit\/2-baldes-de-24-26-tripas-de-carneiro-60-metros-de-tubos-rigidos-aa-balde-de-30-massas\/#breadcrumb\"},\"inLanguage\":\"pt-PT\",\"potentialAction\":[{\"@type\":\"ReadAction\",\"target\":[\"https:\/\/www.csj-emballages.com\/pt-pt\/produit\/2-baldes-de-24-26-tripas-de-carneiro-60-metros-de-tubos-rigidos-aa-balde-de-30-massas\/\"]}]},{\"@type\":\"ImageObject\",\"inLanguage\":\"pt-PT\",\"@id\":\"https:\/\/www.csj-emballages.com\/pt-pt\/produit\/2-baldes-de-24-26-tripas-de-carneiro-60-metros-de-tubos-rigidos-aa-balde-de-30-massas\/#primaryimage\",\"url\":\"https:\/\/www.csj-emballages.com\/wp-content\/uploads\/2024\/04\/BM242630AA.webp\",\"contentUrl\":\"https:\/\/www.csj-emballages.com\/wp-content\/uploads\/2024\/04\/BM242630AA.webp\",\"width\":800,\"height\":800,\"caption\":\"Boyaux de mouton\"},{\"@type\":\"BreadcrumbList\",\"@id\":\"https:\/\/www.csj-emballages.com\/pt-pt\/produit\/2-baldes-de-24-26-tripas-de-carneiro-60-metros-de-tubos-rigidos-aa-balde-de-30-massas\/#breadcrumb\",\"itemListElement\":[{\"@type\":\"ListItem\",\"position\":1,\"name\":\"Acolhimento\",\"item\":\"https:\/\/www.csj-emballages.com\/pt-pt\/universo-das-embalagens-alimentares\/\"},{\"@type\":\"ListItem\",\"position\":2,\"name\":\"Shop\",\"item\":\"https:\/\/www.csj-emballages.com\/shop\/\"},{\"@type\":\"ListItem\",\"position\":3,\"name\":\"Tripas de carneiro 24\/26 por 2 baldes de 30 massas\"}]},{\"@type\":\"WebSite\",\"@id\":\"https:\/\/www.csj-emballages.com\/pt-pt\/#website\",\"url\":\"https:\/\/www.csj-emballages.com\/pt-pt\/\",\"name\":\"CSJ Emballages\",\"description\":\"\",\"publisher\":{\"@id\":\"https:\/\/www.csj-emballages.com\/pt-pt\/#organization\"},\"potentialAction\":[{\"@type\":\"SearchAction\",\"target\":{\"@type\":\"EntryPoint\",\"urlTemplate\":\"https:\/\/www.csj-emballages.com\/pt-pt\/?s={search_term_string}\"},\"query-input\":{\"@type\":\"PropertyValueSpecification\",\"valueRequired\":true,\"valueName\":\"search_term_string\"}}],\"inLanguage\":\"pt-PT\"},{\"@type\":\"Organization\",\"@id\":\"https:\/\/www.csj-emballages.com\/pt-pt\/#Organization\/\",\"name\":\"CSJ Emballages\",\"url\":\"https:\/\/www.csj-emballages.com\/pt-pt\/\",\"logo\":{\"@type\":\"ImageObject\",\"inLanguage\":\"pt-PT\",\"@id\":\"https:\/\/www.csj-emballages.com\/pt-pt\/#\/schema\/logo\/image\/\",\"url\":\"https:\/\/www.csj-emballages.com\/wp-content\/uploads\/2023\/10\/logo_csj.webp\",\"contentUrl\":\"https:\/\/www.csj-emballages.com\/wp-content\/uploads\/2023\/10\/logo_csj.webp\",\"width\":250,\"height\":95,\"caption\":\"CSJ Emballages\"},\"image\":{\"@id\":\"https:\/\/www.csj-emballages.com\/pt-pt\/#\/schema\/logo\/image\/\"},\"sameAs\":[\"https:\/\/www.facebook.com\/csjemballages\"],\"address\":{\"@type\":\"PostalAddress\",\"streetAddress\":\"ZI La Lechere\",\"addressLocality\":\"Patornay\",\"postalCode\":\"39130\",\"addressCountry\":\"FR\"},\"contactPoint\":[{\"@type\":\"ContactPoint\",\"contactType\":\"Service client\",\"telephone\":\"0384254272\",\"email\":\"contact@csj-emballages.com\"}]}]}<\/script>\n<!-- \/ Yoast SEO Premium plugin. -->","yoast_head_json":{"title":"Tripas de carneiro 24\/26 por 2 baldes de 30 massas","description":"Tripas de carneiro 24\/26 AA por 2 baldes de 30 ma\u00e7adas (60 m). Qualidade profissional, ideal para salsichas finas e charcutaria.","robots":{"index":"index","follow":"follow","max-snippet":"max-snippet:-1","max-image-preview":"max-image-preview:large","max-video-preview":"max-video-preview:-1"},"canonical":"https:\/\/www.csj-emballages.com\/pt-pt\/produit\/2-baldes-de-24-26-tripas-de-carneiro-60-metros-de-tubos-rigidos-aa-balde-de-30-massas\/","og_locale":"pt_PT","og_type":"article","og_title":"Tripas de carneiro 24\/26 por 2 baldes de 30 massas","og_description":"Tripas de carneiro 24\/26 AA por 2 baldes de 30 ma\u00e7adas (60 m). Qualidade profissional, ideal para salsichas finas e charcutaria.","og_url":"https:\/\/www.csj-emballages.com\/pt-pt\/produit\/2-baldes-de-24-26-tripas-de-carneiro-60-metros-de-tubos-rigidos-aa-balde-de-30-massas\/","og_site_name":"CSJ Emballages","article_publisher":"https:\/\/www.facebook.com\/csjemballages","article_modified_time":"2026-04-30T06:15:14+00:00","og_image":[{"width":800,"height":800,"url":"https:\/\/www.csj-emballages.com\/wp-content\/uploads\/2024\/04\/BM242630AA.webp","type":"image\/png"}],"twitter_card":"summary_large_image","twitter_misc":{"Tempo estimado de leitura":"1 minuto"},"schema":{"@context":"https:\/\/schema.org","@graph":[{"@type":"WebPage","@id":"https:\/\/www.csj-emballages.com\/pt-pt\/produit\/2-baldes-de-24-26-tripas-de-carneiro-60-metros-de-tubos-rigidos-aa-balde-de-30-massas\/","url":"https:\/\/www.csj-emballages.com\/pt-pt\/produit\/2-baldes-de-24-26-tripas-de-carneiro-60-metros-de-tubos-rigidos-aa-balde-de-30-massas\/","name":"Tripas de carneiro 24\/26 por 2 baldes de 30 massas","isPartOf":{"@id":"https:\/\/www.csj-emballages.com\/pt-pt\/#website"},"primaryImageOfPage":{"@id":"https:\/\/www.csj-emballages.com\/pt-pt\/produit\/2-baldes-de-24-26-tripas-de-carneiro-60-metros-de-tubos-rigidos-aa-balde-de-30-massas\/#primaryimage"},"image":{"@id":"https:\/\/www.csj-emballages.com\/pt-pt\/produit\/2-baldes-de-24-26-tripas-de-carneiro-60-metros-de-tubos-rigidos-aa-balde-de-30-massas\/#primaryimage"},"thumbnailUrl":"https:\/\/www.csj-emballages.com\/wp-content\/uploads\/2024\/04\/BM242630AA.webp","datePublished":"2024-04-12T13:57:59+00:00","dateModified":"2026-04-30T06:15:14+00:00","description":"Tripas de carneiro 24\/26 AA por 2 baldes de 30 ma\u00e7adas (60 m). Qualidade profissional, ideal para salsichas finas e charcutaria.","breadcrumb":{"@id":"https:\/\/www.csj-emballages.com\/pt-pt\/produit\/2-baldes-de-24-26-tripas-de-carneiro-60-metros-de-tubos-rigidos-aa-balde-de-30-massas\/#breadcrumb"},"inLanguage":"pt-PT","potentialAction":[{"@type":"ReadAction","target":["https:\/\/www.csj-emballages.com\/pt-pt\/produit\/2-baldes-de-24-26-tripas-de-carneiro-60-metros-de-tubos-rigidos-aa-balde-de-30-massas\/"]}]},{"@type":"ImageObject","inLanguage":"pt-PT","@id":"https:\/\/www.csj-emballages.com\/pt-pt\/produit\/2-baldes-de-24-26-tripas-de-carneiro-60-metros-de-tubos-rigidos-aa-balde-de-30-massas\/#primaryimage","url":"https:\/\/www.csj-emballages.com\/wp-content\/uploads\/2024\/04\/BM242630AA.webp","contentUrl":"https:\/\/www.csj-emballages.com\/wp-content\/uploads\/2024\/04\/BM242630AA.webp","width":800,"height":800,"caption":"Boyaux de mouton"},{"@type":"BreadcrumbList","@id":"https:\/\/www.csj-emballages.com\/pt-pt\/produit\/2-baldes-de-24-26-tripas-de-carneiro-60-metros-de-tubos-rigidos-aa-balde-de-30-massas\/#breadcrumb","itemListElement":[{"@type":"ListItem","position":1,"name":"Acolhimento","item":"https:\/\/www.csj-emballages.com\/pt-pt\/universo-das-embalagens-alimentares\/"},{"@type":"ListItem","position":2,"name":"Shop","item":"https:\/\/www.csj-emballages.com\/shop\/"},{"@type":"ListItem","position":3,"name":"Tripas de carneiro 24\/26 por 2 baldes de 30 massas"}]},{"@type":"WebSite","@id":"https:\/\/www.csj-emballages.com\/pt-pt\/#website","url":"https:\/\/www.csj-emballages.com\/pt-pt\/","name":"CSJ Emballages","description":"","publisher":{"@id":"https:\/\/www.csj-emballages.com\/pt-pt\/#organization"},"potentialAction":[{"@type":"SearchAction","target":{"@type":"EntryPoint","urlTemplate":"https:\/\/www.csj-emballages.com\/pt-pt\/?s={search_term_string}"},"query-input":{"@type":"PropertyValueSpecification","valueRequired":true,"valueName":"search_term_string"}}],"inLanguage":"pt-PT"},{"@type":"Organization","@id":"https:\/\/www.csj-emballages.com\/pt-pt\/#Organization\/","name":"CSJ Emballages","url":"https:\/\/www.csj-emballages.com\/pt-pt\/","logo":{"@type":"ImageObject","inLanguage":"pt-PT","@id":"https:\/\/www.csj-emballages.com\/pt-pt\/#\/schema\/logo\/image\/","url":"https:\/\/www.csj-emballages.com\/wp-content\/uploads\/2023\/10\/logo_csj.webp","contentUrl":"https:\/\/www.csj-emballages.com\/wp-content\/uploads\/2023\/10\/logo_csj.webp","width":250,"height":95,"caption":"CSJ Emballages"},"image":{"@id":"https:\/\/www.csj-emballages.com\/pt-pt\/#\/schema\/logo\/image\/"},"sameAs":["https:\/\/www.facebook.com\/csjemballages"],"address":{"@type":"PostalAddress","streetAddress":"ZI La Lechere","addressLocality":"Patornay","postalCode":"39130","addressCountry":"FR"},"contactPoint":[{"@type":"ContactPoint","contactType":"Service client","telephone":"0384254272","email":"contact@csj-emballages.com"}]}]}},"df_price":1405.26,"df_sale_price":"","df_regular_price":1405.26,"df_image_link":"https:\/\/www.csj-emballages.com\/wp-content\/uploads\/2024\/04\/BM242630AA-300x300.webp","tiered_pricing_type":"fixed","tiered_pricing_fixed_rules":[],"tiered_pricing_percentage_rules":[],"tiered_pricing_minimum":1,"tiered_pricing_roles_data":[],"_links":{"self":[{"href":"https:\/\/www.csj-emballages.com\/pt-pt\/wp-json\/wp\/v2\/product\/16575","targetHints":{"allow":["GET"]}}],"collection":[{"href":"https:\/\/www.csj-emballages.com\/pt-pt\/wp-json\/wp\/v2\/product"}],"about":[{"href":"https:\/\/www.csj-emballages.com\/pt-pt\/wp-json\/wp\/v2\/types\/product"}],"wp:featuredmedia":[{"embeddable":true,"href":"https:\/\/www.csj-emballages.com\/pt-pt\/wp-json\/wp\/v2\/media\/264206"}],"wp:attachment":[{"href":"https:\/\/www.csj-emballages.com\/pt-pt\/wp-json\/wp\/v2\/media?parent=16575"}],"wp:term":[{"taxonomy":"product_brand","embeddable":true,"href":"https:\/\/www.csj-emballages.com\/pt-pt\/wp-json\/wp\/v2\/product_brand?post=16575"},{"taxonomy":"product_cat","embeddable":true,"href":"https:\/\/www.csj-emballages.com\/pt-pt\/wp-json\/wp\/v2\/product_cat?post=16575"},{"taxonomy":"product_tag","embeddable":true,"href":"https:\/\/www.csj-emballages.com\/pt-pt\/wp-json\/wp\/v2\/product_tag?post=16575"}],"curies":[{"name":"wp","href":"https:\/\/api.w.org\/{rel}","templated":true}]}}