{"id":16546,"date":"2024-05-29T08:42:10","date_gmt":"2024-05-29T06:42:10","guid":{"rendered":"https:\/\/u15jnbdpoq.preview.infomaniak.website\/produit\/1-passadeira-de-mesa-030-x-10-m-branca\/"},"modified":"2026-04-03T02:14:42","modified_gmt":"2026-04-03T00:14:42","slug":"1-passadeira-de-mesa-030-x-10-m-branca","status":"publish","type":"product","link":"https:\/\/www.csj-emballages.com\/pt-pt\/produit\/1-passadeira-de-mesa-030-x-10-m-branca\/","title":{"rendered":"Tapete de mesa branco 0,30 x 10 m"},"content":{"rendered":"<h2>Pano de mesa<\/h2>\n<hr>\n<h3>Descri\u00e7\u00e3o do nosso corretor de mesa branco 0,30 x 10 m<\/h3>\n<p><!--more--><\/p>\n<p>Para embelezar as suas mesas com estilo, opte por um <strong>marcador de mesa branco<\/strong>. Este acess\u00f3rio s\u00f3brio e requintado confere um toque de eleg\u00e2ncia a todas as ocasi\u00f5es. Quer se trate de um jantar em fam\u00edlia ou de um evento especial, adapta-se facilmente a diferentes estilos de decora\u00e7\u00e3o.  <\/p>\n<p>Com uma largura de <strong>30 cm<\/strong> e um <strong>comprimento <\/strong>de<strong> 10 m<\/strong>, este <strong>corredor<\/strong> \u00e9 ideal para cobrir uma mesa comprida ou para cortar \u00e0 medida das tuas necessidades. O seu formato pr\u00e1tico permite-te criar decora\u00e7\u00f5es harmoniosas, optimizando o teu or\u00e7amento.  Al\u00e9m disso, a sua cor <strong>branca<\/strong>, discreta mas luminosa, combina perfeitamente com tons neutros ou mais claros.<\/p>\n<p>O <strong>marcador de mesa prateado<\/strong> foi concebido para proporcionar um acabamento elegante e sem esfor\u00e7o. Oferece uma solu\u00e7\u00e3o simples para melhorar a apresenta\u00e7\u00e3o das suas refei\u00e7\u00f5es, quer sejam formais ou informais. Al\u00e9m disso, a sua qualidade permite-lhe ser utilizado uma ou v\u00e1rias vezes, consoante as suas necessidades.  <\/p>\n<h3><\/h3>\n<p><!--more--><\/p>\n<h3>Decora\u00e7\u00e3o pr\u00e1tica e acess\u00edvel<\/h3>\n<p>Uma das principais vantagens deste <strong>marcador de mesa branco<\/strong> \u00e9 a sua versatilidade. F\u00e1cil de colocar, combina com todos os tipos de loi\u00e7a e toalhas de mesa. Pode combin\u00e1-lo com elementos decorativos, como velas ou flores, para um aspeto ainda mais quente. O seu comprimento generoso torna-o perfeito mesmo para mesas grandes. Se necess\u00e1rio, tamb\u00e9m pode cortar o rolo para se adaptar a mesas mais pequenas ou a centros de mesa. Esta flexibilidade torna o <strong>corredor de mesa<\/strong> um aliado indispens\u00e1vel para os seus preparativos.     <\/p>\n<p>Apreciar\u00e1s a sua leveza e facilidade de utiliza\u00e7\u00e3o no dia a dia. \u00c9 uma op\u00e7\u00e3o econ\u00f3mica para quem procura uma decora\u00e7\u00e3o elegante com um or\u00e7amento limitado. <\/p>\n<p>&nbsp;<\/p>\n<p><!--more--><\/p>\n<p>Em conclus\u00e3o, escolher este <strong>marcador de mesa branco<\/strong> significa combinar est\u00e9tica e simplicidade. Este acess\u00f3rio discreto valorizar\u00e1 as suas mesas em todas as circunst\u00e2ncias, mantendo-se pr\u00e1tico e acess\u00edvel. Para as suas refei\u00e7\u00f5es ou celebra\u00e7\u00f5es, \u00e9 uma escolha segura e eficaz.  <\/p>\n<p>&nbsp;<\/p>\n<p><!--more--><\/p>\n<p><strong>Vantagens:<\/strong><\/p>\n<ul>\n<li><strong>Dimens\u00f5es pr\u00e1ticas<\/strong>: 30 cm de largura e 10 m de comprimento, ideal para todos os tamanhos de mesa.<\/li>\n<li><strong>Versatilidade<\/strong>: Adapta-se a uma variedade de ocasi\u00f5es, desde refei\u00e7\u00f5es di\u00e1rias a celebra\u00e7\u00f5es especiais.<\/li>\n<li><strong>Facilidade de utiliza\u00e7\u00e3o<\/strong>: leve, f\u00e1cil de colocar, cortar e guardar.<\/li>\n<li><strong>Eleg\u00e2ncia discreta<\/strong>: a sua cor branca integra-se facilmente em todos os estilos de decora\u00e7\u00e3o.<\/li>\n<\/ul>\n<p>&nbsp;<\/p>\n<p><!--more--><\/p>\n<p>Este marcador de mesa est\u00e1 dispon\u00edvel em v\u00e1rias cores: <span style=\"color: #d12727;\"><a style=\"color: #d12727;\" href=\"https:\/\/www.csj-emballages.com\/pt-pt\/produit\/1-passadeira-de-mesa-030-x-10-m-prateada\/\">prateado<\/a><\/span> \/ <span style=\"color: #d12727;\"><a style=\"color: #d12727;\" href=\"https:\/\/www.csj-emballages.com\/pt-pt\/produit\/1-passadeira-de-mesa-030-x-10-m-lila\/\">Lila<\/a><\/span> \/ <span style=\"color: #d12727;\"><a style=\"color: #d12727;\" href=\"https:\/\/www.csj-emballages.com\/pt-pt\/produit\/1-passadeira-de-mesa-030-x-10-m-dourada\/\">dourado<\/a><\/span> \/ <span style=\"color: #d12727;\"><a style=\"color: #d12727;\" href=\"https:\/\/www.csj-emballages.com\/pt-pt\/produit\/1-passadeira-de-mesa-030-x-10-m-tangerina\/\">Laranja<\/a><\/span><\/p>\n<p>&nbsp;<\/p>\n<p><!--more--><\/p>\n<p><a href=\"\/?product_cat=chemin-de-table\">V\u00ea o resto da nossa gama de caminhos de mesa<\/a><\/p>\n","protected":false},"excerpt":{"rendered":"<p>Pano de mesa Descri\u00e7\u00e3o do nosso corretor de mesa branco 0,30 x 10 m<\/p>\n","protected":false},"featured_media":200356,"template":"","meta":{"_acf_changed":false},"product_brand":[],"product_cat":[1141,1138,1139,1140],"product_tag":[],"class_list":{"0":"post-16546","1":"product","2":"type-product","3":"status-publish","4":"has-post-thumbnail","6":"product_cat-embalagem-de-alimentos","7":"product_cat-restauracao","8":"product_cat-guardanapos-jogos-americanos-toalhas-de-mesa","9":"product_cat-pano-de-mesa","11":"first","12":"instock","13":"taxable","14":"shipping-taxable","15":"purchasable","16":"product-type-simple"},"acf":[],"yoast_head":"<!-- This site is optimized with the Yoast SEO Premium plugin v26.6 (Yoast SEO v26.6) - https:\/\/yoast.com\/wordpress\/plugins\/seo\/ -->\n<title>Corredor de mesa branco - 0,30 x 10 m<\/title>\n<meta name=\"description\" content=\"Tapete de mesa branco 0.30 x 10 m ! Temos um elegante marcador de mesa que \u00e9 perfeito para eventos com a fam\u00edlia e amigos!\" \/>\n<meta name=\"robots\" content=\"index, follow, max-snippet:-1, max-image-preview:large, max-video-preview:-1\" \/>\n<link rel=\"canonical\" href=\"https:\/\/www.csj-emballages.com\/pt-pt\/produit\/1-passadeira-de-mesa-030-x-10-m-branca\/\" \/>\n<meta property=\"og:locale\" content=\"pt_PT\" \/>\n<meta property=\"og:type\" content=\"article\" \/>\n<meta property=\"og:title\" content=\"Tapete de mesa branco 0,30 x 10 m\" \/>\n<meta property=\"og:description\" content=\"Tapete de mesa branco 0.30 x 10 m ! Temos um elegante marcador de mesa que \u00e9 perfeito para eventos com a fam\u00edlia e amigos!\" \/>\n<meta property=\"og:url\" content=\"https:\/\/www.csj-emballages.com\/pt-pt\/produit\/1-passadeira-de-mesa-030-x-10-m-branca\/\" \/>\n<meta property=\"og:site_name\" content=\"CSJ Emballages\" \/>\n<meta property=\"article:publisher\" content=\"https:\/\/www.facebook.com\/csjemballages\" \/>\n<meta property=\"article:modified_time\" content=\"2026-04-03T00:14:42+00:00\" \/>\n<meta property=\"og:image\" content=\"https:\/\/www.csj-emballages.com\/wp-content\/uploads\/2024\/05\/CHEPBLANC.webp\" \/>\n\t<meta property=\"og:image:width\" content=\"800\" \/>\n\t<meta property=\"og:image:height\" content=\"800\" \/>\n\t<meta property=\"og:image:type\" content=\"image\/webp\" \/>\n<meta name=\"twitter:card\" content=\"summary_large_image\" \/>\n<meta name=\"twitter:label1\" content=\"Tempo estimado de leitura\" \/>\n\t<meta name=\"twitter:data1\" content=\"2 minutos\" \/>\n<script type=\"application\/ld+json\" class=\"yoast-schema-graph\">{\"@context\":\"https:\/\/schema.org\",\"@graph\":[{\"@type\":\"WebPage\",\"@id\":\"https:\/\/www.csj-emballages.com\/pt-pt\/produit\/1-passadeira-de-mesa-030-x-10-m-branca\/\",\"url\":\"https:\/\/www.csj-emballages.com\/pt-pt\/produit\/1-passadeira-de-mesa-030-x-10-m-branca\/\",\"name\":\"Corredor de mesa branco - 0,30 x 10 m\",\"isPartOf\":{\"@id\":\"https:\/\/www.csj-emballages.com\/pt-pt\/#website\"},\"primaryImageOfPage\":{\"@id\":\"https:\/\/www.csj-emballages.com\/pt-pt\/produit\/1-passadeira-de-mesa-030-x-10-m-branca\/#primaryimage\"},\"image\":{\"@id\":\"https:\/\/www.csj-emballages.com\/pt-pt\/produit\/1-passadeira-de-mesa-030-x-10-m-branca\/#primaryimage\"},\"thumbnailUrl\":\"https:\/\/www.csj-emballages.com\/wp-content\/uploads\/2024\/05\/CHEPBLANC.webp\",\"datePublished\":\"2024-05-29T06:42:10+00:00\",\"dateModified\":\"2026-04-03T00:14:42+00:00\",\"description\":\"Tapete de mesa branco 0.30 x 10 m ! Temos um elegante marcador de mesa que \u00e9 perfeito para eventos com a fam\u00edlia e amigos!\",\"breadcrumb\":{\"@id\":\"https:\/\/www.csj-emballages.com\/pt-pt\/produit\/1-passadeira-de-mesa-030-x-10-m-branca\/#breadcrumb\"},\"inLanguage\":\"pt-PT\",\"potentialAction\":[{\"@type\":\"ReadAction\",\"target\":[\"https:\/\/www.csj-emballages.com\/pt-pt\/produit\/1-passadeira-de-mesa-030-x-10-m-branca\/\"]}]},{\"@type\":\"ImageObject\",\"inLanguage\":\"pt-PT\",\"@id\":\"https:\/\/www.csj-emballages.com\/pt-pt\/produit\/1-passadeira-de-mesa-030-x-10-m-branca\/#primaryimage\",\"url\":\"https:\/\/www.csj-emballages.com\/wp-content\/uploads\/2024\/05\/CHEPBLANC.webp\",\"contentUrl\":\"https:\/\/www.csj-emballages.com\/wp-content\/uploads\/2024\/05\/CHEPBLANC.webp\",\"width\":800,\"height\":800,\"caption\":\"chemin de table\"},{\"@type\":\"BreadcrumbList\",\"@id\":\"https:\/\/www.csj-emballages.com\/pt-pt\/produit\/1-passadeira-de-mesa-030-x-10-m-branca\/#breadcrumb\",\"itemListElement\":[{\"@type\":\"ListItem\",\"position\":1,\"name\":\"Acolhimento\",\"item\":\"https:\/\/www.csj-emballages.com\/pt-pt\/universo-das-embalagens-alimentares\/\"},{\"@type\":\"ListItem\",\"position\":2,\"name\":\"Shop\",\"item\":\"https:\/\/www.csj-emballages.com\/shop\/\"},{\"@type\":\"ListItem\",\"position\":3,\"name\":\"Tapete de mesa branco 0,30 x 10 m\"}]},{\"@type\":\"WebSite\",\"@id\":\"https:\/\/www.csj-emballages.com\/pt-pt\/#website\",\"url\":\"https:\/\/www.csj-emballages.com\/pt-pt\/\",\"name\":\"CSJ Emballages\",\"description\":\"\",\"publisher\":{\"@id\":\"https:\/\/www.csj-emballages.com\/pt-pt\/#organization\"},\"potentialAction\":[{\"@type\":\"SearchAction\",\"target\":{\"@type\":\"EntryPoint\",\"urlTemplate\":\"https:\/\/www.csj-emballages.com\/pt-pt\/?s={search_term_string}\"},\"query-input\":{\"@type\":\"PropertyValueSpecification\",\"valueRequired\":true,\"valueName\":\"search_term_string\"}}],\"inLanguage\":\"pt-PT\"},{\"@type\":\"Organization\",\"@id\":\"https:\/\/www.csj-emballages.com\/pt-pt\/#Organization\/\",\"name\":\"CSJ Emballages\",\"url\":\"https:\/\/www.csj-emballages.com\/pt-pt\/\",\"logo\":{\"@type\":\"ImageObject\",\"inLanguage\":\"pt-PT\",\"@id\":\"https:\/\/www.csj-emballages.com\/pt-pt\/#\/schema\/logo\/image\/\",\"url\":\"https:\/\/www.csj-emballages.com\/wp-content\/uploads\/2023\/10\/logo_csj.webp\",\"contentUrl\":\"https:\/\/www.csj-emballages.com\/wp-content\/uploads\/2023\/10\/logo_csj.webp\",\"width\":250,\"height\":95,\"caption\":\"CSJ Emballages\"},\"image\":{\"@id\":\"https:\/\/www.csj-emballages.com\/pt-pt\/#\/schema\/logo\/image\/\"},\"sameAs\":[\"https:\/\/www.facebook.com\/csjemballages\"],\"address\":{\"@type\":\"PostalAddress\",\"streetAddress\":\"ZI La Lechere\",\"addressLocality\":\"Patornay\",\"postalCode\":\"39130\",\"addressCountry\":\"FR\"},\"contactPoint\":[{\"@type\":\"ContactPoint\",\"contactType\":\"Service client\",\"telephone\":\"0384254272\",\"email\":\"contact@csj-emballages.com\"}]}]}<\/script>\n<!-- \/ Yoast SEO Premium plugin. -->","yoast_head_json":{"title":"Corredor de mesa branco - 0,30 x 10 m","description":"Tapete de mesa branco 0.30 x 10 m ! Temos um elegante marcador de mesa que \u00e9 perfeito para eventos com a fam\u00edlia e amigos!","robots":{"index":"index","follow":"follow","max-snippet":"max-snippet:-1","max-image-preview":"max-image-preview:large","max-video-preview":"max-video-preview:-1"},"canonical":"https:\/\/www.csj-emballages.com\/pt-pt\/produit\/1-passadeira-de-mesa-030-x-10-m-branca\/","og_locale":"pt_PT","og_type":"article","og_title":"Tapete de mesa branco 0,30 x 10 m","og_description":"Tapete de mesa branco 0.30 x 10 m ! Temos um elegante marcador de mesa que \u00e9 perfeito para eventos com a fam\u00edlia e amigos!","og_url":"https:\/\/www.csj-emballages.com\/pt-pt\/produit\/1-passadeira-de-mesa-030-x-10-m-branca\/","og_site_name":"CSJ Emballages","article_publisher":"https:\/\/www.facebook.com\/csjemballages","article_modified_time":"2026-04-03T00:14:42+00:00","og_image":[{"width":800,"height":800,"url":"https:\/\/www.csj-emballages.com\/wp-content\/uploads\/2024\/05\/CHEPBLANC.webp","type":"image\/webp"}],"twitter_card":"summary_large_image","twitter_misc":{"Tempo estimado de leitura":"2 minutos"},"schema":{"@context":"https:\/\/schema.org","@graph":[{"@type":"WebPage","@id":"https:\/\/www.csj-emballages.com\/pt-pt\/produit\/1-passadeira-de-mesa-030-x-10-m-branca\/","url":"https:\/\/www.csj-emballages.com\/pt-pt\/produit\/1-passadeira-de-mesa-030-x-10-m-branca\/","name":"Corredor de mesa branco - 0,30 x 10 m","isPartOf":{"@id":"https:\/\/www.csj-emballages.com\/pt-pt\/#website"},"primaryImageOfPage":{"@id":"https:\/\/www.csj-emballages.com\/pt-pt\/produit\/1-passadeira-de-mesa-030-x-10-m-branca\/#primaryimage"},"image":{"@id":"https:\/\/www.csj-emballages.com\/pt-pt\/produit\/1-passadeira-de-mesa-030-x-10-m-branca\/#primaryimage"},"thumbnailUrl":"https:\/\/www.csj-emballages.com\/wp-content\/uploads\/2024\/05\/CHEPBLANC.webp","datePublished":"2024-05-29T06:42:10+00:00","dateModified":"2026-04-03T00:14:42+00:00","description":"Tapete de mesa branco 0.30 x 10 m ! Temos um elegante marcador de mesa que \u00e9 perfeito para eventos com a fam\u00edlia e amigos!","breadcrumb":{"@id":"https:\/\/www.csj-emballages.com\/pt-pt\/produit\/1-passadeira-de-mesa-030-x-10-m-branca\/#breadcrumb"},"inLanguage":"pt-PT","potentialAction":[{"@type":"ReadAction","target":["https:\/\/www.csj-emballages.com\/pt-pt\/produit\/1-passadeira-de-mesa-030-x-10-m-branca\/"]}]},{"@type":"ImageObject","inLanguage":"pt-PT","@id":"https:\/\/www.csj-emballages.com\/pt-pt\/produit\/1-passadeira-de-mesa-030-x-10-m-branca\/#primaryimage","url":"https:\/\/www.csj-emballages.com\/wp-content\/uploads\/2024\/05\/CHEPBLANC.webp","contentUrl":"https:\/\/www.csj-emballages.com\/wp-content\/uploads\/2024\/05\/CHEPBLANC.webp","width":800,"height":800,"caption":"chemin de table"},{"@type":"BreadcrumbList","@id":"https:\/\/www.csj-emballages.com\/pt-pt\/produit\/1-passadeira-de-mesa-030-x-10-m-branca\/#breadcrumb","itemListElement":[{"@type":"ListItem","position":1,"name":"Acolhimento","item":"https:\/\/www.csj-emballages.com\/pt-pt\/universo-das-embalagens-alimentares\/"},{"@type":"ListItem","position":2,"name":"Shop","item":"https:\/\/www.csj-emballages.com\/shop\/"},{"@type":"ListItem","position":3,"name":"Tapete de mesa branco 0,30 x 10 m"}]},{"@type":"WebSite","@id":"https:\/\/www.csj-emballages.com\/pt-pt\/#website","url":"https:\/\/www.csj-emballages.com\/pt-pt\/","name":"CSJ Emballages","description":"","publisher":{"@id":"https:\/\/www.csj-emballages.com\/pt-pt\/#organization"},"potentialAction":[{"@type":"SearchAction","target":{"@type":"EntryPoint","urlTemplate":"https:\/\/www.csj-emballages.com\/pt-pt\/?s={search_term_string}"},"query-input":{"@type":"PropertyValueSpecification","valueRequired":true,"valueName":"search_term_string"}}],"inLanguage":"pt-PT"},{"@type":"Organization","@id":"https:\/\/www.csj-emballages.com\/pt-pt\/#Organization\/","name":"CSJ Emballages","url":"https:\/\/www.csj-emballages.com\/pt-pt\/","logo":{"@type":"ImageObject","inLanguage":"pt-PT","@id":"https:\/\/www.csj-emballages.com\/pt-pt\/#\/schema\/logo\/image\/","url":"https:\/\/www.csj-emballages.com\/wp-content\/uploads\/2023\/10\/logo_csj.webp","contentUrl":"https:\/\/www.csj-emballages.com\/wp-content\/uploads\/2023\/10\/logo_csj.webp","width":250,"height":95,"caption":"CSJ Emballages"},"image":{"@id":"https:\/\/www.csj-emballages.com\/pt-pt\/#\/schema\/logo\/image\/"},"sameAs":["https:\/\/www.facebook.com\/csjemballages"],"address":{"@type":"PostalAddress","streetAddress":"ZI La Lechere","addressLocality":"Patornay","postalCode":"39130","addressCountry":"FR"},"contactPoint":[{"@type":"ContactPoint","contactType":"Service client","telephone":"0384254272","email":"contact@csj-emballages.com"}]}]}},"df_price":4.7,"df_sale_price":"","df_regular_price":4.7,"df_image_link":"https:\/\/www.csj-emballages.com\/wp-content\/uploads\/2024\/05\/CHEPBLANC-300x300.webp","tiered_pricing_type":"fixed","tiered_pricing_fixed_rules":[],"tiered_pricing_percentage_rules":[],"tiered_pricing_minimum":1,"tiered_pricing_roles_data":[],"_links":{"self":[{"href":"https:\/\/www.csj-emballages.com\/pt-pt\/wp-json\/wp\/v2\/product\/16546","targetHints":{"allow":["GET"]}}],"collection":[{"href":"https:\/\/www.csj-emballages.com\/pt-pt\/wp-json\/wp\/v2\/product"}],"about":[{"href":"https:\/\/www.csj-emballages.com\/pt-pt\/wp-json\/wp\/v2\/types\/product"}],"wp:featuredmedia":[{"embeddable":true,"href":"https:\/\/www.csj-emballages.com\/pt-pt\/wp-json\/wp\/v2\/media\/200356"}],"wp:attachment":[{"href":"https:\/\/www.csj-emballages.com\/pt-pt\/wp-json\/wp\/v2\/media?parent=16546"}],"wp:term":[{"taxonomy":"product_brand","embeddable":true,"href":"https:\/\/www.csj-emballages.com\/pt-pt\/wp-json\/wp\/v2\/product_brand?post=16546"},{"taxonomy":"product_cat","embeddable":true,"href":"https:\/\/www.csj-emballages.com\/pt-pt\/wp-json\/wp\/v2\/product_cat?post=16546"},{"taxonomy":"product_tag","embeddable":true,"href":"https:\/\/www.csj-emballages.com\/pt-pt\/wp-json\/wp\/v2\/product_tag?post=16546"}],"curies":[{"name":"wp","href":"https:\/\/api.w.org\/{rel}","templated":true}]}}