{"id":16545,"date":"2024-05-29T09:00:39","date_gmt":"2024-05-29T07:00:39","guid":{"rendered":"https:\/\/u15jnbdpoq.preview.infomaniak.website\/?post_type=product&#038;p=16545"},"modified":"2026-05-05T02:19:34","modified_gmt":"2026-05-05T00:19:34","slug":"500-folhas-de-soja-kraft-compostaveis-a-prova-de-gordura-206-x-27-cm","status":"publish","type":"product","link":"https:\/\/www.csj-emballages.com\/pt-pt\/produit\/500-folhas-de-soja-kraft-compostaveis-a-prova-de-gordura-206-x-27-cm\/","title":{"rendered":"Folha de soja \u00e0 prova de gordura kraft compost\u00e1vel 20,6 x 27 cm por"},"content":{"rendered":"<h2 class=\"p1\">Papel vegetal<span class=\"Apple-converted-space\"> <\/span><\/h2>\n<hr>\n<h3>Descri\u00e7\u00e3o da nossa folha de soja \u00e0 prova de gordura kraft compost\u00e1vel 20,6 x 27 cm por 500<\/h3>\n<p><!--more--><\/p>\n<p>Descubra o nosso <strong>papel vegetal de soja compost\u00e1vel krafts 20,6&#215;27 cm<\/strong>, ideal para embalar os seus produtos de talho e charcutaria. Fabricadas a partir de materiais sustent\u00e1veis, estas folhas s\u00e3o amigas do ambiente. Oferecem uma barreira \u00f3ptima contra a gordura, mantendo os seus produtos frescos. A soja utilizada garante uma qualidade superior e uma resist\u00eancia acrescida. Estas <strong>folhas de soja<\/strong> s\u00e3o tamb\u00e9m compost\u00e1veis, reduzindo a sua pegada ecol\u00f3gica. Perfeitas para os profissionais, aliam o car\u00e1cter pr\u00e1tico ao respeito pelo ambiente.     <\/p>\n<p><strong>O papel<\/strong> <strong>vegetal Kraft compost\u00e1vel<\/strong> \u00e9 f\u00e1cil de utilizar e muito eficaz. A sua textura torna-o f\u00e1cil de manusear. Est\u00e3o dispon\u00edveis em diferentes tamanhos para se adaptarem a todas as suas necessidades. O seu acabamento kraft confere um toque natural e aut\u00eantico \u00e0s suas embalagens.   <\/p>\n<p>Com estas folhas, pode oferecer aos seus clientes um produto que respeita o planeta. A sua resist\u00eancia \u00e0 gordura evita as fugas, garantindo uma apresenta\u00e7\u00e3o limpa e higi\u00e9nica. Escolha estas folhas para uma embalagem que alia qualidade, praticidade e ecologia.  <\/p>\n<p>&nbsp;<\/p>\n<p><!--more--><\/p>\n<p>Escolher as nossas <strong>folhas de soja compost\u00e1veis de 20,6&#215;27 cm da krafts<\/strong> significa que est\u00e1 a optar por uma embalagem sustent\u00e1vel e de alto desempenho, ao mesmo tempo que protege o ambiente.<\/p>\n<p>&nbsp;<\/p>\n<p><!--more--><\/p>\n<p><strong>As suas vantagens:<\/strong><\/p>\n<ul>\n<li><strong>Amigo do ambiente e compost\u00e1vel: <\/strong>Fabricado com materiais biodegrad\u00e1veis, decomp\u00f5e-se naturalmente ap\u00f3s a utiliza\u00e7\u00e3o, reduzindo os res\u00edduos.<\/li>\n<li><strong>Resistente \u00e0 gordura<\/strong>: A composi\u00e7\u00e3o da soja proporciona uma barreira eficaz contra a gordura, evitando fugas e manchas.<\/li>\n<li><strong>Dispon\u00edvel numa gama de tamanhos<\/strong>: Adequado para uma variedade de produtos, desde pequenas carnes frias a grandes cortes de carne.<\/li>\n<\/ul>\n<p>&nbsp;<\/p>\n<p><!--more--><\/p>\n<p>Clique aqui para ver os diferentes tamanhos dispon\u00edveis para este artigo: <span style=\"color: #d12727\"><a style=\"color: #d12727\" href=\"https:\/\/www.csj-emballages.com\/produit\/500-feuilles-de-soja-ingraissables-kraft-compostables-30-8-x-27-cm\/\">30,8 x 27 cm<\/a><\/span> \/ <span style=\"color: #d12727\"><a style=\"color: #d12727\" href=\"https:\/\/www.csj-emballages.com\/produit\/500-feuilles-de-soja-ingraissables-kraft-compostables-26-x-27-cm\/\">26 x 27 cm<\/a><\/span> \/ <span style=\"color: #d12727\"><a style=\"color: #d12727\" href=\"https:\/\/www.csj-emballages.com\/produit\/500-feuilles-de-soja-ingraissables-kraft-compostables-37-5-x-27-cm\/\">37,5 x 27 cm<\/a><\/span><\/p>\n<p>&nbsp;<\/p>\n<p><!--more--><\/p>\n<p><a href=\"https:\/\/www.csj-emballages.com\/pt-pt\/categorie-produit\/embalagem-de-alimentos\/talho-e-charcutaria\/papel-para-alimentos\/papel-vegetal-krafts\/\">Ver o resto da nossa gama de pap\u00e9is krafts \u00e0 prova de gordura<\/a><\/p>\n","protected":false},"excerpt":{"rendered":"<p>Papel vegetal Descri\u00e7\u00e3o da nossa folha de soja \u00e0 prova de gordura kraft compost\u00e1vel 20,6 x 27 cm por 500<\/p>\n","protected":false},"featured_media":224959,"template":"","meta":{"_acf_changed":false},"product_brand":[],"product_cat":[1141,1176,2576,7103],"product_tag":[],"class_list":{"0":"post-16545","1":"product","2":"type-product","3":"status-publish","4":"has-post-thumbnail","6":"product_cat-embalagem-de-alimentos","7":"product_cat-talho-e-charcutaria","8":"product_cat-papel-para-alimentos","9":"product_cat-papel-vegetal-krafts","11":"first","12":"instock","13":"taxable","14":"shipping-taxable","15":"purchasable","16":"product-type-simple"},"acf":[],"yoast_head":"<!-- This site is optimized with the Yoast SEO Premium plugin v26.6 (Yoast SEO v26.6) - https:\/\/yoast.com\/wordpress\/plugins\/seo\/ -->\n<title>Papel vegetal de folha de soja sulfurada 20,6 x 27 cm por 500<\/title>\n<meta name=\"description\" content=\"Papel vegetal de soja \u00e0 prova de gordura 20,6x27 cm. Embalagem ecol\u00f3gica, resistente \u00e0 gordura, perfeita para as suas carnes e charcutaria.\" \/>\n<meta name=\"robots\" content=\"index, follow, max-snippet:-1, max-image-preview:large, max-video-preview:-1\" \/>\n<link rel=\"canonical\" href=\"https:\/\/www.csj-emballages.com\/pt-pt\/produit\/500-folhas-de-soja-kraft-compostaveis-a-prova-de-gordura-206-x-27-cm\/\" \/>\n<meta property=\"og:locale\" content=\"pt_PT\" \/>\n<meta property=\"og:type\" content=\"article\" \/>\n<meta property=\"og:title\" content=\"Folha de soja \u00e0 prova de gordura kraft compost\u00e1vel 20,6 x 27 cm por\" \/>\n<meta property=\"og:description\" content=\"Papel vegetal de soja \u00e0 prova de gordura 20,6x27 cm. Embalagem ecol\u00f3gica, resistente \u00e0 gordura, perfeita para as suas carnes e charcutaria.\" \/>\n<meta property=\"og:url\" content=\"https:\/\/www.csj-emballages.com\/pt-pt\/produit\/500-folhas-de-soja-kraft-compostaveis-a-prova-de-gordura-206-x-27-cm\/\" \/>\n<meta property=\"og:site_name\" content=\"CSJ Emballages\" \/>\n<meta property=\"article:publisher\" content=\"https:\/\/www.facebook.com\/csjemballages\" \/>\n<meta property=\"article:modified_time\" content=\"2026-05-05T00:19:34+00:00\" \/>\n<meta property=\"og:image\" content=\"https:\/\/www.csj-emballages.com\/wp-content\/uploads\/2024\/05\/Papier-sulfurise-206-x-270.webp\" \/>\n\t<meta property=\"og:image:width\" content=\"800\" \/>\n\t<meta property=\"og:image:height\" content=\"800\" \/>\n\t<meta property=\"og:image:type\" content=\"image\/webp\" \/>\n<meta name=\"twitter:card\" content=\"summary_large_image\" \/>\n<meta name=\"twitter:label1\" content=\"Tempo estimado de leitura\" \/>\n\t<meta name=\"twitter:data1\" content=\"2 minutos\" \/>\n<script type=\"application\/ld+json\" class=\"yoast-schema-graph\">{\"@context\":\"https:\/\/schema.org\",\"@graph\":[{\"@type\":\"WebPage\",\"@id\":\"https:\/\/www.csj-emballages.com\/pt-pt\/produit\/500-folhas-de-soja-kraft-compostaveis-a-prova-de-gordura-206-x-27-cm\/\",\"url\":\"https:\/\/www.csj-emballages.com\/pt-pt\/produit\/500-folhas-de-soja-kraft-compostaveis-a-prova-de-gordura-206-x-27-cm\/\",\"name\":\"Papel vegetal de folha de soja sulfurada 20,6 x 27 cm por 500\",\"isPartOf\":{\"@id\":\"https:\/\/www.csj-emballages.com\/pt-pt\/#website\"},\"primaryImageOfPage\":{\"@id\":\"https:\/\/www.csj-emballages.com\/pt-pt\/produit\/500-folhas-de-soja-kraft-compostaveis-a-prova-de-gordura-206-x-27-cm\/#primaryimage\"},\"image\":{\"@id\":\"https:\/\/www.csj-emballages.com\/pt-pt\/produit\/500-folhas-de-soja-kraft-compostaveis-a-prova-de-gordura-206-x-27-cm\/#primaryimage\"},\"thumbnailUrl\":\"https:\/\/www.csj-emballages.com\/wp-content\/uploads\/2024\/05\/Papier-sulfurise-206-x-270.webp\",\"datePublished\":\"2024-05-29T07:00:39+00:00\",\"dateModified\":\"2026-05-05T00:19:34+00:00\",\"description\":\"Papel vegetal de soja \u00e0 prova de gordura 20,6x27 cm. Embalagem ecol\u00f3gica, resistente \u00e0 gordura, perfeita para as suas carnes e charcutaria.\",\"breadcrumb\":{\"@id\":\"https:\/\/www.csj-emballages.com\/pt-pt\/produit\/500-folhas-de-soja-kraft-compostaveis-a-prova-de-gordura-206-x-27-cm\/#breadcrumb\"},\"inLanguage\":\"pt-PT\",\"potentialAction\":[{\"@type\":\"ReadAction\",\"target\":[\"https:\/\/www.csj-emballages.com\/pt-pt\/produit\/500-folhas-de-soja-kraft-compostaveis-a-prova-de-gordura-206-x-27-cm\/\"]}]},{\"@type\":\"ImageObject\",\"inLanguage\":\"pt-PT\",\"@id\":\"https:\/\/www.csj-emballages.com\/pt-pt\/produit\/500-folhas-de-soja-kraft-compostaveis-a-prova-de-gordura-206-x-27-cm\/#primaryimage\",\"url\":\"https:\/\/www.csj-emballages.com\/wp-content\/uploads\/2024\/05\/Papier-sulfurise-206-x-270.webp\",\"contentUrl\":\"https:\/\/www.csj-emballages.com\/wp-content\/uploads\/2024\/05\/Papier-sulfurise-206-x-270.webp\",\"width\":800,\"height\":800,\"caption\":\"Papier sulfuris\u00e9\"},{\"@type\":\"BreadcrumbList\",\"@id\":\"https:\/\/www.csj-emballages.com\/pt-pt\/produit\/500-folhas-de-soja-kraft-compostaveis-a-prova-de-gordura-206-x-27-cm\/#breadcrumb\",\"itemListElement\":[{\"@type\":\"ListItem\",\"position\":1,\"name\":\"Acolhimento\",\"item\":\"https:\/\/www.csj-emballages.com\/pt-pt\/universo-das-embalagens-alimentares\/\"},{\"@type\":\"ListItem\",\"position\":2,\"name\":\"Shop\",\"item\":\"https:\/\/www.csj-emballages.com\/shop\/\"},{\"@type\":\"ListItem\",\"position\":3,\"name\":\"Folha de soja \u00e0 prova de gordura kraft compost\u00e1vel 20,6 x 27 cm por\"}]},{\"@type\":\"WebSite\",\"@id\":\"https:\/\/www.csj-emballages.com\/pt-pt\/#website\",\"url\":\"https:\/\/www.csj-emballages.com\/pt-pt\/\",\"name\":\"CSJ Emballages\",\"description\":\"\",\"publisher\":{\"@id\":\"https:\/\/www.csj-emballages.com\/pt-pt\/#organization\"},\"potentialAction\":[{\"@type\":\"SearchAction\",\"target\":{\"@type\":\"EntryPoint\",\"urlTemplate\":\"https:\/\/www.csj-emballages.com\/pt-pt\/?s={search_term_string}\"},\"query-input\":{\"@type\":\"PropertyValueSpecification\",\"valueRequired\":true,\"valueName\":\"search_term_string\"}}],\"inLanguage\":\"pt-PT\"},{\"@type\":\"Organization\",\"@id\":\"https:\/\/www.csj-emballages.com\/pt-pt\/#Organization\/\",\"name\":\"CSJ Emballages\",\"url\":\"https:\/\/www.csj-emballages.com\/pt-pt\/\",\"logo\":{\"@type\":\"ImageObject\",\"inLanguage\":\"pt-PT\",\"@id\":\"https:\/\/www.csj-emballages.com\/pt-pt\/#\/schema\/logo\/image\/\",\"url\":\"https:\/\/www.csj-emballages.com\/wp-content\/uploads\/2023\/10\/logo_csj.webp\",\"contentUrl\":\"https:\/\/www.csj-emballages.com\/wp-content\/uploads\/2023\/10\/logo_csj.webp\",\"width\":250,\"height\":95,\"caption\":\"CSJ Emballages\"},\"image\":{\"@id\":\"https:\/\/www.csj-emballages.com\/pt-pt\/#\/schema\/logo\/image\/\"},\"sameAs\":[\"https:\/\/www.facebook.com\/csjemballages\"],\"address\":{\"@type\":\"PostalAddress\",\"streetAddress\":\"ZI La Lechere\",\"addressLocality\":\"Patornay\",\"postalCode\":\"39130\",\"addressCountry\":\"FR\"},\"contactPoint\":[{\"@type\":\"ContactPoint\",\"contactType\":\"Service client\",\"telephone\":\"0384254272\",\"email\":\"contact@csj-emballages.com\"}]}]}<\/script>\n<!-- \/ Yoast SEO Premium plugin. -->","yoast_head_json":{"title":"Papel vegetal de folha de soja sulfurada 20,6 x 27 cm por 500","description":"Papel vegetal de soja \u00e0 prova de gordura 20,6x27 cm. Embalagem ecol\u00f3gica, resistente \u00e0 gordura, perfeita para as suas carnes e charcutaria.","robots":{"index":"index","follow":"follow","max-snippet":"max-snippet:-1","max-image-preview":"max-image-preview:large","max-video-preview":"max-video-preview:-1"},"canonical":"https:\/\/www.csj-emballages.com\/pt-pt\/produit\/500-folhas-de-soja-kraft-compostaveis-a-prova-de-gordura-206-x-27-cm\/","og_locale":"pt_PT","og_type":"article","og_title":"Folha de soja \u00e0 prova de gordura kraft compost\u00e1vel 20,6 x 27 cm por","og_description":"Papel vegetal de soja \u00e0 prova de gordura 20,6x27 cm. Embalagem ecol\u00f3gica, resistente \u00e0 gordura, perfeita para as suas carnes e charcutaria.","og_url":"https:\/\/www.csj-emballages.com\/pt-pt\/produit\/500-folhas-de-soja-kraft-compostaveis-a-prova-de-gordura-206-x-27-cm\/","og_site_name":"CSJ Emballages","article_publisher":"https:\/\/www.facebook.com\/csjemballages","article_modified_time":"2026-05-05T00:19:34+00:00","og_image":[{"width":800,"height":800,"url":"https:\/\/www.csj-emballages.com\/wp-content\/uploads\/2024\/05\/Papier-sulfurise-206-x-270.webp","type":"image\/webp"}],"twitter_card":"summary_large_image","twitter_misc":{"Tempo estimado de leitura":"2 minutos"},"schema":{"@context":"https:\/\/schema.org","@graph":[{"@type":"WebPage","@id":"https:\/\/www.csj-emballages.com\/pt-pt\/produit\/500-folhas-de-soja-kraft-compostaveis-a-prova-de-gordura-206-x-27-cm\/","url":"https:\/\/www.csj-emballages.com\/pt-pt\/produit\/500-folhas-de-soja-kraft-compostaveis-a-prova-de-gordura-206-x-27-cm\/","name":"Papel vegetal de folha de soja sulfurada 20,6 x 27 cm por 500","isPartOf":{"@id":"https:\/\/www.csj-emballages.com\/pt-pt\/#website"},"primaryImageOfPage":{"@id":"https:\/\/www.csj-emballages.com\/pt-pt\/produit\/500-folhas-de-soja-kraft-compostaveis-a-prova-de-gordura-206-x-27-cm\/#primaryimage"},"image":{"@id":"https:\/\/www.csj-emballages.com\/pt-pt\/produit\/500-folhas-de-soja-kraft-compostaveis-a-prova-de-gordura-206-x-27-cm\/#primaryimage"},"thumbnailUrl":"https:\/\/www.csj-emballages.com\/wp-content\/uploads\/2024\/05\/Papier-sulfurise-206-x-270.webp","datePublished":"2024-05-29T07:00:39+00:00","dateModified":"2026-05-05T00:19:34+00:00","description":"Papel vegetal de soja \u00e0 prova de gordura 20,6x27 cm. Embalagem ecol\u00f3gica, resistente \u00e0 gordura, perfeita para as suas carnes e charcutaria.","breadcrumb":{"@id":"https:\/\/www.csj-emballages.com\/pt-pt\/produit\/500-folhas-de-soja-kraft-compostaveis-a-prova-de-gordura-206-x-27-cm\/#breadcrumb"},"inLanguage":"pt-PT","potentialAction":[{"@type":"ReadAction","target":["https:\/\/www.csj-emballages.com\/pt-pt\/produit\/500-folhas-de-soja-kraft-compostaveis-a-prova-de-gordura-206-x-27-cm\/"]}]},{"@type":"ImageObject","inLanguage":"pt-PT","@id":"https:\/\/www.csj-emballages.com\/pt-pt\/produit\/500-folhas-de-soja-kraft-compostaveis-a-prova-de-gordura-206-x-27-cm\/#primaryimage","url":"https:\/\/www.csj-emballages.com\/wp-content\/uploads\/2024\/05\/Papier-sulfurise-206-x-270.webp","contentUrl":"https:\/\/www.csj-emballages.com\/wp-content\/uploads\/2024\/05\/Papier-sulfurise-206-x-270.webp","width":800,"height":800,"caption":"Papier sulfuris\u00e9"},{"@type":"BreadcrumbList","@id":"https:\/\/www.csj-emballages.com\/pt-pt\/produit\/500-folhas-de-soja-kraft-compostaveis-a-prova-de-gordura-206-x-27-cm\/#breadcrumb","itemListElement":[{"@type":"ListItem","position":1,"name":"Acolhimento","item":"https:\/\/www.csj-emballages.com\/pt-pt\/universo-das-embalagens-alimentares\/"},{"@type":"ListItem","position":2,"name":"Shop","item":"https:\/\/www.csj-emballages.com\/shop\/"},{"@type":"ListItem","position":3,"name":"Folha de soja \u00e0 prova de gordura kraft compost\u00e1vel 20,6 x 27 cm por"}]},{"@type":"WebSite","@id":"https:\/\/www.csj-emballages.com\/pt-pt\/#website","url":"https:\/\/www.csj-emballages.com\/pt-pt\/","name":"CSJ Emballages","description":"","publisher":{"@id":"https:\/\/www.csj-emballages.com\/pt-pt\/#organization"},"potentialAction":[{"@type":"SearchAction","target":{"@type":"EntryPoint","urlTemplate":"https:\/\/www.csj-emballages.com\/pt-pt\/?s={search_term_string}"},"query-input":{"@type":"PropertyValueSpecification","valueRequired":true,"valueName":"search_term_string"}}],"inLanguage":"pt-PT"},{"@type":"Organization","@id":"https:\/\/www.csj-emballages.com\/pt-pt\/#Organization\/","name":"CSJ Emballages","url":"https:\/\/www.csj-emballages.com\/pt-pt\/","logo":{"@type":"ImageObject","inLanguage":"pt-PT","@id":"https:\/\/www.csj-emballages.com\/pt-pt\/#\/schema\/logo\/image\/","url":"https:\/\/www.csj-emballages.com\/wp-content\/uploads\/2023\/10\/logo_csj.webp","contentUrl":"https:\/\/www.csj-emballages.com\/wp-content\/uploads\/2023\/10\/logo_csj.webp","width":250,"height":95,"caption":"CSJ Emballages"},"image":{"@id":"https:\/\/www.csj-emballages.com\/pt-pt\/#\/schema\/logo\/image\/"},"sameAs":["https:\/\/www.facebook.com\/csjemballages"],"address":{"@type":"PostalAddress","streetAddress":"ZI La Lechere","addressLocality":"Patornay","postalCode":"39130","addressCountry":"FR"},"contactPoint":[{"@type":"ContactPoint","contactType":"Service client","telephone":"0384254272","email":"contact@csj-emballages.com"}]}]}},"df_price":12.07,"df_sale_price":"","df_regular_price":12.07,"df_image_link":"https:\/\/www.csj-emballages.com\/wp-content\/uploads\/2024\/05\/Papier-sulfurise-206-x-270-300x300.webp","tiered_pricing_type":"fixed","tiered_pricing_fixed_rules":[],"tiered_pricing_percentage_rules":[],"tiered_pricing_minimum":1,"tiered_pricing_roles_data":[],"_links":{"self":[{"href":"https:\/\/www.csj-emballages.com\/pt-pt\/wp-json\/wp\/v2\/product\/16545","targetHints":{"allow":["GET"]}}],"collection":[{"href":"https:\/\/www.csj-emballages.com\/pt-pt\/wp-json\/wp\/v2\/product"}],"about":[{"href":"https:\/\/www.csj-emballages.com\/pt-pt\/wp-json\/wp\/v2\/types\/product"}],"wp:featuredmedia":[{"embeddable":true,"href":"https:\/\/www.csj-emballages.com\/pt-pt\/wp-json\/wp\/v2\/media\/224959"}],"wp:attachment":[{"href":"https:\/\/www.csj-emballages.com\/pt-pt\/wp-json\/wp\/v2\/media?parent=16545"}],"wp:term":[{"taxonomy":"product_brand","embeddable":true,"href":"https:\/\/www.csj-emballages.com\/pt-pt\/wp-json\/wp\/v2\/product_brand?post=16545"},{"taxonomy":"product_cat","embeddable":true,"href":"https:\/\/www.csj-emballages.com\/pt-pt\/wp-json\/wp\/v2\/product_cat?post=16545"},{"taxonomy":"product_tag","embeddable":true,"href":"https:\/\/www.csj-emballages.com\/pt-pt\/wp-json\/wp\/v2\/product_tag?post=16545"}],"curies":[{"name":"wp","href":"https:\/\/api.w.org\/{rel}","templated":true}]}}