{"id":159606,"date":"2024-11-06T02:18:31","date_gmt":"2024-11-06T01:18:31","guid":{"rendered":"https:\/\/www.csj-emballages.com\/?post_type=product&#038;p=159606"},"modified":"2026-04-03T02:12:32","modified_gmt":"2026-04-03T00:12:32","slug":"1-kg-de-pistacios-normais-sem-casca","status":"publish","type":"product","link":"https:\/\/www.csj-emballages.com\/pt-pt\/produit\/1-kg-de-pistacios-normais-sem-casca\/","title":{"rendered":"Pist\u00e1cios standard sem casca 1kg"},"content":{"rendered":"<h2>Pist\u00e1chio<\/h2>\n<hr>\n<h3><span style=\"font-weight: bold\">Descubra o nosso pist\u00e1cio podado por 1kg<\/span><\/h3>\n<p>Descubra a nossa <strong>poda de pist\u00e1cios standard<\/strong> de qualidade superior, ideal para valorizar os seus pratos. Este formato pr\u00e1tico<strong>de 1 kg<\/strong> \u00e9 ideal tanto para uso privado como profissional. Cultivados com cuidado, estes <strong>pist\u00e1cios standard sem casca<\/strong> conferem sabor e textura aos seus pratos. Cada <strong>pist\u00e1cio<\/strong> \u00e9 cuidadosamente selecionado para garantir uma frescura incompar\u00e1vel. O processo de corte retira a pele fina, revelando toda a riqueza da semente. Esta etapa melhora a textura e facilita a sua incorpora\u00e7\u00e3o nas suas receitas.     <\/p>\n<p><strong>Os pist\u00e1cios standard<\/strong> s\u00e3o naturalmente ricos em fibras, prote\u00ednas e vitaminas essenciais. Integrados na sua alimenta\u00e7\u00e3o di\u00e1ria, fornecem energia e contribuem para uma dieta equilibrada. Al\u00e9m disso, o seu sabor subtil e estaladi\u00e7o torna-os um ingrediente essencial nas suas cria\u00e7\u00f5es doces e salgadas.  <\/p>\n<p>&nbsp;<\/p>\n<p><!--more--><\/p>\n<h3>Perfeito para todas as suas ideias gourmet<\/h3>\n<p><strong>Os gr\u00e3os de pist\u00e1cio standard<\/strong> prestam-se a uma grande variedade de prepara\u00e7\u00f5es. Quer se trate de pastelaria, de pratos salgados ou de aperitivos, eles integram-se harmoniosamente. O seu sabor suave combina maravilhosamente com sobremesas como os macarons ou os gelados. Nos pratos salgados, d\u00e3o um toque de originalidade \u00e0s saladas, risotos e molhos.   <\/p>\n<p>Para conservar os pist\u00e1cios <strong>standard<\/strong> frescos, guarde-os num local fresco e seco. Depois de abertos, feche bem o saco ou transfira-os para um recipiente herm\u00e9tico. Estas precau\u00e7\u00f5es preservar\u00e3o o seu sabor e a sua textura estaladi\u00e7a.  <\/p>\n<p>&nbsp;<\/p>\n<p><!--more--><\/p>\n<p>Aproveite este generoso formato de um quilo para explorar todos os seus desejos gourmet.<\/p>\n<p>&nbsp;<\/p>\n<p><!--more--><\/p>\n<h4>As vantagens:<\/h4>\n<ul>\n<li><strong>Pronto a utilizar<\/strong>: sem a pele, <strong>os pist\u00e1cios normais sem casca<\/strong> podem ser utilizados diretamente em todas as suas receitas.<\/li>\n<li><strong>Versatilidade culin\u00e1ria<\/strong>: Estes <strong>pist\u00e1cios sem casca<\/strong> s\u00e3o perfeitos em pratos doces e salgados, ou como um simples snack.<\/li>\n<li><strong>Benef\u00edcios nutricionais<\/strong>: Fontes naturais de fibras, vitaminas e prote\u00ednas, contribuem para uma dieta saud\u00e1vel.<\/li>\n<li><strong>Formato econ\u00f3mico<\/strong>: A embalagem de 1 kg responde \u00e0s necessidades dos profissionais.<\/li>\n<\/ul>\n<p>&nbsp;<\/p>\n<p><!--more--><\/p>\n<h4>Outras informa\u00e7\u00f5es :<\/h4>\n<ul>\n<li><strong>Embalagem<\/strong>: 1kg<\/li>\n<\/ul>\n<p>&nbsp;<\/p>\n<p><!--more--><\/p>\n<h4>Composi\u00e7\u00e3o:<\/h4>\n<ul>\n<li><strong>Gordura<\/strong>: 45,4 g \/ <strong>Energia<\/strong>: 592 kcal por 100 g \/ <strong>\u00c1cidos gordos saturados<\/strong>: 5,6 g \/ <strong>Hidratos de carbono<\/strong>: 27,5 g \/ <strong>A\u00e7\u00facares<\/strong>: 5,7 g \/ <strong>Prote\u00ednas<\/strong>: 20,3 g \/<\/li>\n<\/ul>\n<p>&nbsp;<\/p>\n<p><!--more--><\/p>\n<p><a href=\"https:\/\/www.csj-emballages.com\/pt-pt\/categorie-produit\/alimentacao-pt-pt\/frutas-secas\/\">V\u00ea o resto da nossa gama de frutos secos aqui<\/a><\/p>\n","protected":false},"excerpt":{"rendered":"<p>Pist\u00e1chio Descubra o nosso pist\u00e1cio podado por 1kg Descubra a nossa poda de pist\u00e1cios standard de qualidade superior, ideal para valorizar os seus pratos. Este formato pr\u00e1ticode 1 kg \u00e9 ideal tanto para uso privado como profissional. Cultivados com cuidado, estes pist\u00e1cios standard sem casca conferem sabor e textura aos seus pratos. Cada pist\u00e1cio \u00e9 [&hellip;]<\/p>\n","protected":false},"featured_media":191119,"template":"","meta":{"_acf_changed":false},"product_brand":[],"product_cat":[1151,7622],"product_tag":[],"class_list":{"0":"post-159606","1":"product","2":"type-product","3":"status-publish","4":"has-post-thumbnail","6":"product_cat-alimentacao-pt-pt","7":"product_cat-frutas-secas","9":"first","10":"instock","11":"taxable","12":"shipping-taxable","13":"purchasable","14":"product-type-simple"},"acf":[],"yoast_head":"<!-- This site is optimized with the Yoast SEO Premium plugin v26.6 (Yoast SEO v26.6) - https:\/\/yoast.com\/wordpress\/plugins\/seo\/ -->\n<title>Pist\u00e1cio Standard - 1kg<\/title>\n<meta name=\"description\" content=\"Descubra o nosso pist\u00e1cio standard de 1 kg: sabor aut\u00eantico, pr\u00e1tico e rico em benef\u00edcios para todas as suas receitas.\" \/>\n<meta name=\"robots\" content=\"index, follow, max-snippet:-1, max-image-preview:large, max-video-preview:-1\" \/>\n<link rel=\"canonical\" href=\"https:\/\/www.csj-emballages.com\/pt-pt\/produit\/1-kg-de-pistacios-normais-sem-casca\/\" \/>\n<meta property=\"og:locale\" content=\"pt_PT\" \/>\n<meta property=\"og:type\" content=\"article\" \/>\n<meta property=\"og:title\" content=\"Pist\u00e1cios standard sem casca 1kg\" \/>\n<meta property=\"og:description\" content=\"Descubra o nosso pist\u00e1cio standard de 1 kg: sabor aut\u00eantico, pr\u00e1tico e rico em benef\u00edcios para todas as suas receitas.\" \/>\n<meta property=\"og:url\" content=\"https:\/\/www.csj-emballages.com\/pt-pt\/produit\/1-kg-de-pistacios-normais-sem-casca\/\" \/>\n<meta property=\"og:site_name\" content=\"CSJ Emballages\" \/>\n<meta property=\"article:publisher\" content=\"https:\/\/www.facebook.com\/csjemballages\" \/>\n<meta property=\"article:modified_time\" content=\"2026-04-03T00:12:32+00:00\" \/>\n<meta property=\"og:image\" content=\"https:\/\/www.csj-emballages.com\/wp-content\/uploads\/2024\/11\/pistachemondeS.webp\" \/>\n\t<meta property=\"og:image:width\" content=\"799\" \/>\n\t<meta property=\"og:image:height\" content=\"799\" \/>\n\t<meta property=\"og:image:type\" content=\"image\/webp\" \/>\n<meta name=\"twitter:card\" content=\"summary_large_image\" \/>\n<meta name=\"twitter:label1\" content=\"Tempo estimado de leitura\" \/>\n\t<meta name=\"twitter:data1\" content=\"2 minutos\" \/>\n<script type=\"application\/ld+json\" class=\"yoast-schema-graph\">{\"@context\":\"https:\/\/schema.org\",\"@graph\":[{\"@type\":\"WebPage\",\"@id\":\"https:\/\/www.csj-emballages.com\/pt-pt\/produit\/1-kg-de-pistacios-normais-sem-casca\/\",\"url\":\"https:\/\/www.csj-emballages.com\/pt-pt\/produit\/1-kg-de-pistacios-normais-sem-casca\/\",\"name\":\"Pist\u00e1cio Standard - 1kg\",\"isPartOf\":{\"@id\":\"https:\/\/www.csj-emballages.com\/pt-pt\/#website\"},\"primaryImageOfPage\":{\"@id\":\"https:\/\/www.csj-emballages.com\/pt-pt\/produit\/1-kg-de-pistacios-normais-sem-casca\/#primaryimage\"},\"image\":{\"@id\":\"https:\/\/www.csj-emballages.com\/pt-pt\/produit\/1-kg-de-pistacios-normais-sem-casca\/#primaryimage\"},\"thumbnailUrl\":\"https:\/\/www.csj-emballages.com\/wp-content\/uploads\/2024\/11\/pistachemondeS.webp\",\"datePublished\":\"2024-11-06T01:18:31+00:00\",\"dateModified\":\"2026-04-03T00:12:32+00:00\",\"description\":\"Descubra o nosso pist\u00e1cio standard de 1 kg: sabor aut\u00eantico, pr\u00e1tico e rico em benef\u00edcios para todas as suas receitas.\",\"breadcrumb\":{\"@id\":\"https:\/\/www.csj-emballages.com\/pt-pt\/produit\/1-kg-de-pistacios-normais-sem-casca\/#breadcrumb\"},\"inLanguage\":\"pt-PT\",\"potentialAction\":[{\"@type\":\"ReadAction\",\"target\":[\"https:\/\/www.csj-emballages.com\/pt-pt\/produit\/1-kg-de-pistacios-normais-sem-casca\/\"]}]},{\"@type\":\"ImageObject\",\"inLanguage\":\"pt-PT\",\"@id\":\"https:\/\/www.csj-emballages.com\/pt-pt\/produit\/1-kg-de-pistacios-normais-sem-casca\/#primaryimage\",\"url\":\"https:\/\/www.csj-emballages.com\/wp-content\/uploads\/2024\/11\/pistachemondeS.webp\",\"contentUrl\":\"https:\/\/www.csj-emballages.com\/wp-content\/uploads\/2024\/11\/pistachemondeS.webp\",\"width\":799,\"height\":799,\"caption\":\"pistache\"},{\"@type\":\"BreadcrumbList\",\"@id\":\"https:\/\/www.csj-emballages.com\/pt-pt\/produit\/1-kg-de-pistacios-normais-sem-casca\/#breadcrumb\",\"itemListElement\":[{\"@type\":\"ListItem\",\"position\":1,\"name\":\"Acolhimento\",\"item\":\"https:\/\/www.csj-emballages.com\/pt-pt\/universo-das-embalagens-alimentares\/\"},{\"@type\":\"ListItem\",\"position\":2,\"name\":\"Shop\",\"item\":\"https:\/\/www.csj-emballages.com\/shop\/\"},{\"@type\":\"ListItem\",\"position\":3,\"name\":\"Pist\u00e1cios standard sem casca 1kg\"}]},{\"@type\":\"WebSite\",\"@id\":\"https:\/\/www.csj-emballages.com\/pt-pt\/#website\",\"url\":\"https:\/\/www.csj-emballages.com\/pt-pt\/\",\"name\":\"CSJ Emballages\",\"description\":\"\",\"publisher\":{\"@id\":\"https:\/\/www.csj-emballages.com\/pt-pt\/#organization\"},\"potentialAction\":[{\"@type\":\"SearchAction\",\"target\":{\"@type\":\"EntryPoint\",\"urlTemplate\":\"https:\/\/www.csj-emballages.com\/pt-pt\/?s={search_term_string}\"},\"query-input\":{\"@type\":\"PropertyValueSpecification\",\"valueRequired\":true,\"valueName\":\"search_term_string\"}}],\"inLanguage\":\"pt-PT\"},{\"@type\":\"Organization\",\"@id\":\"https:\/\/www.csj-emballages.com\/pt-pt\/#Organization\/\",\"name\":\"CSJ Emballages\",\"url\":\"https:\/\/www.csj-emballages.com\/pt-pt\/\",\"logo\":{\"@type\":\"ImageObject\",\"inLanguage\":\"pt-PT\",\"@id\":\"https:\/\/www.csj-emballages.com\/pt-pt\/#\/schema\/logo\/image\/\",\"url\":\"https:\/\/www.csj-emballages.com\/wp-content\/uploads\/2023\/10\/logo_csj.webp\",\"contentUrl\":\"https:\/\/www.csj-emballages.com\/wp-content\/uploads\/2023\/10\/logo_csj.webp\",\"width\":250,\"height\":95,\"caption\":\"CSJ Emballages\"},\"image\":{\"@id\":\"https:\/\/www.csj-emballages.com\/pt-pt\/#\/schema\/logo\/image\/\"},\"sameAs\":[\"https:\/\/www.facebook.com\/csjemballages\"],\"address\":{\"@type\":\"PostalAddress\",\"streetAddress\":\"ZI La Lechere\",\"addressLocality\":\"Patornay\",\"postalCode\":\"39130\",\"addressCountry\":\"FR\"},\"contactPoint\":[{\"@type\":\"ContactPoint\",\"contactType\":\"Service client\",\"telephone\":\"0384254272\",\"email\":\"contact@csj-emballages.com\"}]}]}<\/script>\n<!-- \/ Yoast SEO Premium plugin. -->","yoast_head_json":{"title":"Pist\u00e1cio Standard - 1kg","description":"Descubra o nosso pist\u00e1cio standard de 1 kg: sabor aut\u00eantico, pr\u00e1tico e rico em benef\u00edcios para todas as suas receitas.","robots":{"index":"index","follow":"follow","max-snippet":"max-snippet:-1","max-image-preview":"max-image-preview:large","max-video-preview":"max-video-preview:-1"},"canonical":"https:\/\/www.csj-emballages.com\/pt-pt\/produit\/1-kg-de-pistacios-normais-sem-casca\/","og_locale":"pt_PT","og_type":"article","og_title":"Pist\u00e1cios standard sem casca 1kg","og_description":"Descubra o nosso pist\u00e1cio standard de 1 kg: sabor aut\u00eantico, pr\u00e1tico e rico em benef\u00edcios para todas as suas receitas.","og_url":"https:\/\/www.csj-emballages.com\/pt-pt\/produit\/1-kg-de-pistacios-normais-sem-casca\/","og_site_name":"CSJ Emballages","article_publisher":"https:\/\/www.facebook.com\/csjemballages","article_modified_time":"2026-04-03T00:12:32+00:00","og_image":[{"width":799,"height":799,"url":"https:\/\/www.csj-emballages.com\/wp-content\/uploads\/2024\/11\/pistachemondeS.webp","type":"image\/webp"}],"twitter_card":"summary_large_image","twitter_misc":{"Tempo estimado de leitura":"2 minutos"},"schema":{"@context":"https:\/\/schema.org","@graph":[{"@type":"WebPage","@id":"https:\/\/www.csj-emballages.com\/pt-pt\/produit\/1-kg-de-pistacios-normais-sem-casca\/","url":"https:\/\/www.csj-emballages.com\/pt-pt\/produit\/1-kg-de-pistacios-normais-sem-casca\/","name":"Pist\u00e1cio Standard - 1kg","isPartOf":{"@id":"https:\/\/www.csj-emballages.com\/pt-pt\/#website"},"primaryImageOfPage":{"@id":"https:\/\/www.csj-emballages.com\/pt-pt\/produit\/1-kg-de-pistacios-normais-sem-casca\/#primaryimage"},"image":{"@id":"https:\/\/www.csj-emballages.com\/pt-pt\/produit\/1-kg-de-pistacios-normais-sem-casca\/#primaryimage"},"thumbnailUrl":"https:\/\/www.csj-emballages.com\/wp-content\/uploads\/2024\/11\/pistachemondeS.webp","datePublished":"2024-11-06T01:18:31+00:00","dateModified":"2026-04-03T00:12:32+00:00","description":"Descubra o nosso pist\u00e1cio standard de 1 kg: sabor aut\u00eantico, pr\u00e1tico e rico em benef\u00edcios para todas as suas receitas.","breadcrumb":{"@id":"https:\/\/www.csj-emballages.com\/pt-pt\/produit\/1-kg-de-pistacios-normais-sem-casca\/#breadcrumb"},"inLanguage":"pt-PT","potentialAction":[{"@type":"ReadAction","target":["https:\/\/www.csj-emballages.com\/pt-pt\/produit\/1-kg-de-pistacios-normais-sem-casca\/"]}]},{"@type":"ImageObject","inLanguage":"pt-PT","@id":"https:\/\/www.csj-emballages.com\/pt-pt\/produit\/1-kg-de-pistacios-normais-sem-casca\/#primaryimage","url":"https:\/\/www.csj-emballages.com\/wp-content\/uploads\/2024\/11\/pistachemondeS.webp","contentUrl":"https:\/\/www.csj-emballages.com\/wp-content\/uploads\/2024\/11\/pistachemondeS.webp","width":799,"height":799,"caption":"pistache"},{"@type":"BreadcrumbList","@id":"https:\/\/www.csj-emballages.com\/pt-pt\/produit\/1-kg-de-pistacios-normais-sem-casca\/#breadcrumb","itemListElement":[{"@type":"ListItem","position":1,"name":"Acolhimento","item":"https:\/\/www.csj-emballages.com\/pt-pt\/universo-das-embalagens-alimentares\/"},{"@type":"ListItem","position":2,"name":"Shop","item":"https:\/\/www.csj-emballages.com\/shop\/"},{"@type":"ListItem","position":3,"name":"Pist\u00e1cios standard sem casca 1kg"}]},{"@type":"WebSite","@id":"https:\/\/www.csj-emballages.com\/pt-pt\/#website","url":"https:\/\/www.csj-emballages.com\/pt-pt\/","name":"CSJ Emballages","description":"","publisher":{"@id":"https:\/\/www.csj-emballages.com\/pt-pt\/#organization"},"potentialAction":[{"@type":"SearchAction","target":{"@type":"EntryPoint","urlTemplate":"https:\/\/www.csj-emballages.com\/pt-pt\/?s={search_term_string}"},"query-input":{"@type":"PropertyValueSpecification","valueRequired":true,"valueName":"search_term_string"}}],"inLanguage":"pt-PT"},{"@type":"Organization","@id":"https:\/\/www.csj-emballages.com\/pt-pt\/#Organization\/","name":"CSJ Emballages","url":"https:\/\/www.csj-emballages.com\/pt-pt\/","logo":{"@type":"ImageObject","inLanguage":"pt-PT","@id":"https:\/\/www.csj-emballages.com\/pt-pt\/#\/schema\/logo\/image\/","url":"https:\/\/www.csj-emballages.com\/wp-content\/uploads\/2023\/10\/logo_csj.webp","contentUrl":"https:\/\/www.csj-emballages.com\/wp-content\/uploads\/2023\/10\/logo_csj.webp","width":250,"height":95,"caption":"CSJ Emballages"},"image":{"@id":"https:\/\/www.csj-emballages.com\/pt-pt\/#\/schema\/logo\/image\/"},"sameAs":["https:\/\/www.facebook.com\/csjemballages"],"address":{"@type":"PostalAddress","streetAddress":"ZI La Lechere","addressLocality":"Patornay","postalCode":"39130","addressCountry":"FR"},"contactPoint":[{"@type":"ContactPoint","contactType":"Service client","telephone":"0384254272","email":"contact@csj-emballages.com"}]}]}},"df_price":50.61,"df_sale_price":"","df_regular_price":50.61,"df_image_link":"https:\/\/www.csj-emballages.com\/wp-content\/uploads\/2024\/11\/pistachemondeS-300x300.webp","tiered_pricing_type":"fixed","tiered_pricing_fixed_rules":[],"tiered_pricing_percentage_rules":[],"tiered_pricing_minimum":1,"tiered_pricing_roles_data":[],"_links":{"self":[{"href":"https:\/\/www.csj-emballages.com\/pt-pt\/wp-json\/wp\/v2\/product\/159606","targetHints":{"allow":["GET"]}}],"collection":[{"href":"https:\/\/www.csj-emballages.com\/pt-pt\/wp-json\/wp\/v2\/product"}],"about":[{"href":"https:\/\/www.csj-emballages.com\/pt-pt\/wp-json\/wp\/v2\/types\/product"}],"wp:featuredmedia":[{"embeddable":true,"href":"https:\/\/www.csj-emballages.com\/pt-pt\/wp-json\/wp\/v2\/media\/191119"}],"wp:attachment":[{"href":"https:\/\/www.csj-emballages.com\/pt-pt\/wp-json\/wp\/v2\/media?parent=159606"}],"wp:term":[{"taxonomy":"product_brand","embeddable":true,"href":"https:\/\/www.csj-emballages.com\/pt-pt\/wp-json\/wp\/v2\/product_brand?post=159606"},{"taxonomy":"product_cat","embeddable":true,"href":"https:\/\/www.csj-emballages.com\/pt-pt\/wp-json\/wp\/v2\/product_cat?post=159606"},{"taxonomy":"product_tag","embeddable":true,"href":"https:\/\/www.csj-emballages.com\/pt-pt\/wp-json\/wp\/v2\/product_tag?post=159606"}],"curies":[{"name":"wp","href":"https:\/\/api.w.org\/{rel}","templated":true}]}}