{"id":159601,"date":"2024-11-06T02:18:25","date_gmt":"2024-11-06T01:18:25","guid":{"rendered":"https:\/\/www.csj-emballages.com\/?post_type=product&#038;p=159601"},"modified":"2026-03-12T16:07:05","modified_gmt":"2026-03-12T15:07:05","slug":"5-1-lata-de-pepinos-pasteurizados-com-vinagre-tamanho-120-149","status":"publish","type":"product","link":"https:\/\/www.csj-emballages.com\/pt-pt\/produit\/5-1-lata-de-pepinos-pasteurizados-com-vinagre-tamanho-120-149\/","title":{"rendered":"Picles pasteurizados em vinagre calibre 120\/149 em lata 5\/1"},"content":{"rendered":"<h2>Cornichons pasteurizados<\/h2>\n<hr>\n<h3><span style=\"font-weight: bold\">Descubra os nossos cornichons pasteurizados em vinagre calibre 120\/149 em caixa 5\/1<\/span><\/h3>\n<p><!--more--><\/p>\n<p data-start=\"257\" data-end=\"611\">Estes <strong>cornichons em vinagre pasteurizados<\/strong> s\u00e3o um verdadeiro cl\u00e1ssico\u2026 mas um cl\u00e1ssico bem feito. Selecionados em <strong data-start=\"365\" data-end=\"383\">calibre 120\/149<\/strong>, oferecem um <strong>tamanho regular<\/strong>, ideal para uma utiliza\u00e7\u00e3o profissional no dia a dia. Nem demasiado grandes, nem demasiado finos, mant\u00eam-se perfeitamente no corte como no servi\u00e7o, o que os torna f\u00e1ceis de trabalhar na cozinha.  <\/p>\n<p data-start=\"613\" data-end=\"1029\">Logo ao abrir a <strong>lata 5\/1<\/strong>, encontramos <strong>cornichons<\/strong> crocantes, bem verdes e mergulhados num <strong>vinagre equilibrado<\/strong>. O sabor \u00e9 franco, ligeiramente acidulado, sem ser agressivo. Resultado: despertam as receitas sem mascarar os outros sabores. Quer seja para acompanhar uma <strong>charcutaria, real\u00e7ar uma sandu\u00edche, guarnecer um hamb\u00farguer ou completar um prato de catering<\/strong>, cumprem o objetivo, de forma simples e eficaz.   <\/p>\n<p data-start=\"1031\" data-end=\"1387\">Gra\u00e7as \u00e0 <strong>pasteuriza\u00e7\u00e3o<\/strong>, a conserva\u00e7\u00e3o \u00e9 controlada e a qualidade mant\u00e9m-se constante ao longo do tempo. Isto permite trabalhar serenamente, mesmo com grandes volumes. O formato <strong data-start=\"1209\" data-end=\"1216\">5\/1<\/strong> \u00e9, ali\u00e1s, perfeitamente adaptado a restaurantes, snacks, cervejarias ou caterings que necessitam de um produto fi\u00e1vel, pronto a usar e sempre dispon\u00edvel em reserva.  <\/p>\n<p data-start=\"1389\" data-end=\"1570\">Outro ponto apreci\u00e1vel: a sua textura mant\u00e9m-se firme, mesmo ap\u00f3s a abertura, o que evita os cornichons moles ou demasiado embebidos. Desta forma, ganha em regularidade e em conforto de servi\u00e7o. <\/p>\n<p data-start=\"1572\" data-end=\"1741\">Em resumo, estes <strong>cornichons em vinagre pasteurizados<\/strong> s\u00e3o um valor seguro para os profissionais que procuram um produto simples, eficaz e f\u00e1cil de integrar em todos os tipos de prepara\u00e7\u00f5es.<\/p>\n<p>&nbsp;<\/p>\n<p><!--more--><\/p>\n<div class=\"flex flex-grow flex-col max-w-full\">\n<div class=\"min-h-[20px] text-message flex flex-col items-start whitespace-pre-wrap break-words [.text-message+&amp;]:mt-5 juice:w-full juice:items-end overflow-x-auto gap-2\" dir=\"auto\" data-message-author-role=\"assistant\" data-message-id=\"579bfb50-fb6c-479d-a152-27ab4b509f37\">\n<div class=\"flex w-full flex-col gap-1 juice:empty:hidden juice:first:pt-[3px]\">\n<div class=\"markdown prose w-full break-words dark:prose-invert light\">\n<div class=\"flex-1 overflow-hidden\">\n<div class=\"react-scroll-to-bottom--css-ygaxm-79elbk h-full\">\n<div class=\"react-scroll-to-bottom--css-ygaxm-1n7m0yu\">\n<div class=\"flex flex-col text-sm\">\n<div class=\"w-full text-token-text-primary\" dir=\"auto\" data-testid=\"conversation-turn-3\" data-scroll-anchor=\"true\">\n<div class=\"py-2 juice:py-[18px] px-3 text-base md:px-4 m-auto md:px-5 lg:px-1 xl:px-5\">\n<div class=\"mx-auto flex flex-1 gap-3 text-base juice:gap-4 juice:md:gap-5 juice:lg:gap-6 md:max-w-3xl lg:max-w-[40rem] xl:max-w-[48rem]\">\n<div class=\"group\/conversation-turn relative flex w-full min-w-0 flex-col agent-turn\">\n<div class=\"flex-col gap-1 md:gap-3\">\n<div class=\"flex flex-grow flex-col max-w-full\">\n<div class=\"min-h-[20px] text-message flex flex-col items-start whitespace-pre-wrap break-words [.text-message+&amp;]:mt-5 juice:w-full juice:items-end overflow-x-auto gap-2\" dir=\"auto\" data-message-author-role=\"assistant\" data-message-id=\"cc8c8b89-e7cc-4334-9633-5926bce5a78c\">\n<div class=\"flex w-full flex-col gap-1 juice:empty:hidden juice:first:pt-[3px]\">\n<div class=\"markdown prose w-full break-words dark:prose-invert light\">\n<div class=\"flex flex-grow flex-col max-w-full\">\n<div class=\"min-h-[20px] text-message flex flex-col items-start whitespace-pre-wrap break-words [.text-message+&amp;]:mt-5 juice:w-full juice:items-end overflow-x-auto gap-2\" dir=\"auto\" data-message-author-role=\"assistant\" data-message-id=\"a5ad94cc-6796-4ad8-b325-83b721399f0a\">\n<div class=\"flex w-full flex-col gap-1 juice:empty:hidden juice:first:pt-[3px]\">\n<div class=\"markdown prose w-full break-words dark:prose-invert light\">\n<div class=\"flex flex-grow flex-col max-w-full\">\n<div class=\"min-h-[20px] text-message flex flex-col items-start whitespace-pre-wrap break-words [.text-message+&amp;]:mt-5 juice:w-full juice:items-end overflow-x-auto gap-2\" dir=\"auto\" data-message-author-role=\"assistant\" data-message-id=\"f22b6444-e23a-4e78-827a-fa8ff3877731\">\n<div class=\"flex w-full flex-col gap-1 juice:empty:hidden juice:first:pt-[3px]\">\n<div class=\"markdown prose w-full break-words dark:prose-invert light\">\n<div class=\"flex flex-grow flex-col max-w-full\">\n<h4 data-start=\"1515\" data-end=\"1796\">Vantagens :<\/h4>\n<ul>\n<li data-start=\"1769\" data-end=\"1806\"><strong>Calibre 120\/149<\/strong> regular e pr\u00e1tico.<\/li>\n<li data-start=\"1809\" data-end=\"1846\">Textura crocante e sabor equilibrado.<\/li>\n<li data-start=\"1849\" data-end=\"1888\">Caixa grande <strong>formato 5\/1<\/strong> para uso profissional.<\/li>\n<li data-start=\"1891\" data-end=\"1920\">Boa conserva\u00e7\u00e3o ap\u00f3s abertura.<\/li>\n<li data-start=\"1923\" data-end=\"1961\">Polivalentes na cozinha e no servi\u00e7o.<\/li>\n<\/ul>\n<div class=\"min-h-[20px] text-message flex flex-col items-start whitespace-pre-wrap break-words [.text-message+&amp;]:mt-5 juice:w-full juice:items-end overflow-x-auto gap-2\" dir=\"auto\" data-message-author-role=\"assistant\" data-message-id=\"ec402d76-ebcd-4cc4-a0c8-22820d3d0931\">\n<div class=\"flex w-full flex-col gap-1 juice:empty:hidden juice:first:pt-[3px]\">\n<div class=\"markdown prose w-full break-words dark:prose-invert light\">\n<p data-start=\"1515\" data-end=\"1796\">\n<\/div>\n<\/div>\n<\/div>\n<\/div>\n<\/div>\n<\/div>\n<\/div>\n<\/div>\n<\/div>\n<\/div>\n<\/div>\n<\/div>\n<\/div>\n<\/div>\n<\/div>\n<\/div>\n<\/div>\n<\/div>\n<\/div>\n<\/div>\n<\/div>\n<\/div>\n<\/div>\n<\/div>\n<\/div>\n<\/div>\n<\/div>\n<\/div>\n<\/div>\n<p><!--more--><\/p>\n<h4>Outras informa\u00e7\u00f5es :<\/h4>\n<ul>\n<li><strong>Embalagem<\/strong>: Caixa 5\/1<\/li>\n<li><strong>Calibre<\/strong>: 120\/149<\/li>\n<\/ul>\n<p>&nbsp;<\/p>\n<p><!--more--><\/p>\n<p>Encontre tamb\u00e9m os nossos cornichons de calibre 80\/119: <span style=\"color: #d12727\"><a style=\"color: #d12727\" href=\"https:\/\/www.csj-emballages.com\/pt-pt\/produit\/5-1-caixa-de-pepinos-em-conserva-80-119\/\">190017<\/a><\/span><\/p>\n<p>&nbsp;<\/p>\n<p><!--more--><\/p>\n<p><a href=\"https:\/\/www.csj-emballages.com\/pt-pt\/categorie-produit\/alimentacao-pt-pt\/alimentacao\/legumes-pt-pt\/\">V\u00ea o resto da nossa gama de legumes em conserva<\/a><\/p>\n","protected":false},"excerpt":{"rendered":"<p>Cornichons pasteurizados Descubra os nossos cornichons pasteurizados em vinagre calibre 120\/149 em caixa 5\/1<\/p>\n","protected":false},"featured_media":260933,"template":"","meta":{"_acf_changed":false},"product_brand":[],"product_cat":[1151,1184,1191],"product_tag":[],"class_list":{"0":"post-159601","1":"product","2":"type-product","3":"status-publish","4":"has-post-thumbnail","6":"product_cat-alimentacao-pt-pt","7":"product_cat-alimentacao","8":"product_cat-legumes-pt-pt","10":"first","11":"instock","12":"taxable","13":"shipping-taxable","14":"purchasable","15":"product-type-simple"},"acf":[],"yoast_head":"<!-- This site is optimized with the Yoast SEO Premium plugin v26.6 (Yoast SEO v26.6) - https:\/\/yoast.com\/wordpress\/plugins\/seo\/ -->\n<title>Cornich\u00e3o Pasteurizado em Vinagre Calibre 120\/149 Caixa 5\/1<\/title>\n<meta name=\"description\" content=\"Cornichons em vinagre pasteurizados calibre 120\/149 em caixa 5\/1. Crocantes, regulares e ideais para restaurantes, snacks e traiteurs.\" \/>\n<meta name=\"robots\" content=\"index, follow, max-snippet:-1, max-image-preview:large, max-video-preview:-1\" \/>\n<link rel=\"canonical\" href=\"https:\/\/www.csj-emballages.com\/pt-pt\/produit\/5-1-lata-de-pepinos-pasteurizados-com-vinagre-tamanho-120-149\/\" \/>\n<meta property=\"og:locale\" content=\"pt_PT\" \/>\n<meta property=\"og:type\" content=\"article\" \/>\n<meta property=\"og:title\" content=\"Pepino pasteurizado com vinagre - lata 5\/1\" \/>\n<meta property=\"og:description\" content=\"Descubra a nossa lata 5\/1 de pepinos pasteurizados em vinagre. Estes pepinos t\u00eam um tamanho de 120\/149 mm. J\u00e1 dispon\u00edveis no nosso s\u00edtio Web!\" \/>\n<meta property=\"og:url\" content=\"https:\/\/www.csj-emballages.com\/pt-pt\/produit\/5-1-lata-de-pepinos-pasteurizados-com-vinagre-tamanho-120-149\/\" \/>\n<meta property=\"og:site_name\" content=\"CSJ Emballages\" \/>\n<meta property=\"article:publisher\" content=\"https:\/\/www.facebook.com\/csjemballages\" \/>\n<meta property=\"article:modified_time\" content=\"2026-03-12T15:07:05+00:00\" \/>\n<meta property=\"og:image\" content=\"https:\/\/www.csj-emballages.com\/wp-content\/uploads\/2024\/11\/190018.webp\" \/>\n\t<meta property=\"og:image:width\" content=\"800\" \/>\n\t<meta property=\"og:image:height\" content=\"800\" \/>\n\t<meta property=\"og:image:type\" content=\"image\/webp\" \/>\n<meta name=\"twitter:card\" content=\"summary_large_image\" \/>\n<meta name=\"twitter:title\" content=\"Pepino pasteurizado com vinagre - lata 5\/1\" \/>\n<meta name=\"twitter:description\" content=\"Descubra a nossa lata 5\/1 de pepinos pasteurizados em vinagre. Estes pepinos t\u00eam um tamanho de 120\/149 mm. J\u00e1 dispon\u00edveis no nosso s\u00edtio Web!\" \/>\n<meta name=\"twitter:label1\" content=\"Tempo estimado de leitura\" \/>\n\t<meta name=\"twitter:data1\" content=\"2 minutos\" \/>\n<script type=\"application\/ld+json\" class=\"yoast-schema-graph\">{\"@context\":\"https:\/\/schema.org\",\"@graph\":[{\"@type\":\"WebPage\",\"@id\":\"https:\/\/www.csj-emballages.com\/pt-pt\/produit\/5-1-lata-de-pepinos-pasteurizados-com-vinagre-tamanho-120-149\/\",\"url\":\"https:\/\/www.csj-emballages.com\/pt-pt\/produit\/5-1-lata-de-pepinos-pasteurizados-com-vinagre-tamanho-120-149\/\",\"name\":\"Cornich\u00e3o Pasteurizado em Vinagre Calibre 120\/149 Caixa 5\/1\",\"isPartOf\":{\"@id\":\"https:\/\/www.csj-emballages.com\/pt-pt\/#website\"},\"primaryImageOfPage\":{\"@id\":\"https:\/\/www.csj-emballages.com\/pt-pt\/produit\/5-1-lata-de-pepinos-pasteurizados-com-vinagre-tamanho-120-149\/#primaryimage\"},\"image\":{\"@id\":\"https:\/\/www.csj-emballages.com\/pt-pt\/produit\/5-1-lata-de-pepinos-pasteurizados-com-vinagre-tamanho-120-149\/#primaryimage\"},\"thumbnailUrl\":\"https:\/\/www.csj-emballages.com\/wp-content\/uploads\/2024\/11\/190018.webp\",\"datePublished\":\"2024-11-06T01:18:25+00:00\",\"dateModified\":\"2026-03-12T15:07:05+00:00\",\"description\":\"Cornichons em vinagre pasteurizados calibre 120\/149 em caixa 5\/1. Crocantes, regulares e ideais para restaurantes, snacks e traiteurs.\",\"breadcrumb\":{\"@id\":\"https:\/\/www.csj-emballages.com\/pt-pt\/produit\/5-1-lata-de-pepinos-pasteurizados-com-vinagre-tamanho-120-149\/#breadcrumb\"},\"inLanguage\":\"pt-PT\",\"potentialAction\":[{\"@type\":\"ReadAction\",\"target\":[\"https:\/\/www.csj-emballages.com\/pt-pt\/produit\/5-1-lata-de-pepinos-pasteurizados-com-vinagre-tamanho-120-149\/\"]}]},{\"@type\":\"ImageObject\",\"inLanguage\":\"pt-PT\",\"@id\":\"https:\/\/www.csj-emballages.com\/pt-pt\/produit\/5-1-lata-de-pepinos-pasteurizados-com-vinagre-tamanho-120-149\/#primaryimage\",\"url\":\"https:\/\/www.csj-emballages.com\/wp-content\/uploads\/2024\/11\/190018.webp\",\"contentUrl\":\"https:\/\/www.csj-emballages.com\/wp-content\/uploads\/2024\/11\/190018.webp\",\"width\":800,\"height\":800,\"caption\":\"Cornichons pasteuris\u00e9s\"},{\"@type\":\"BreadcrumbList\",\"@id\":\"https:\/\/www.csj-emballages.com\/pt-pt\/produit\/5-1-lata-de-pepinos-pasteurizados-com-vinagre-tamanho-120-149\/#breadcrumb\",\"itemListElement\":[{\"@type\":\"ListItem\",\"position\":1,\"name\":\"Acolhimento\",\"item\":\"https:\/\/www.csj-emballages.com\/pt-pt\/universo-das-embalagens-alimentares\/\"},{\"@type\":\"ListItem\",\"position\":2,\"name\":\"Shop\",\"item\":\"https:\/\/www.csj-emballages.com\/shop\/\"},{\"@type\":\"ListItem\",\"position\":3,\"name\":\"Picles pasteurizados em vinagre calibre 120\/149 em lata 5\/1\"}]},{\"@type\":\"WebSite\",\"@id\":\"https:\/\/www.csj-emballages.com\/pt-pt\/#website\",\"url\":\"https:\/\/www.csj-emballages.com\/pt-pt\/\",\"name\":\"CSJ Emballages\",\"description\":\"\",\"publisher\":{\"@id\":\"https:\/\/www.csj-emballages.com\/pt-pt\/#organization\"},\"potentialAction\":[{\"@type\":\"SearchAction\",\"target\":{\"@type\":\"EntryPoint\",\"urlTemplate\":\"https:\/\/www.csj-emballages.com\/pt-pt\/?s={search_term_string}\"},\"query-input\":{\"@type\":\"PropertyValueSpecification\",\"valueRequired\":true,\"valueName\":\"search_term_string\"}}],\"inLanguage\":\"pt-PT\"},{\"@type\":\"Organization\",\"@id\":\"https:\/\/www.csj-emballages.com\/pt-pt\/#Organization\/\",\"name\":\"CSJ Emballages\",\"url\":\"https:\/\/www.csj-emballages.com\/pt-pt\/\",\"logo\":{\"@type\":\"ImageObject\",\"inLanguage\":\"pt-PT\",\"@id\":\"https:\/\/www.csj-emballages.com\/pt-pt\/#\/schema\/logo\/image\/\",\"url\":\"https:\/\/www.csj-emballages.com\/wp-content\/uploads\/2023\/10\/logo_csj.webp\",\"contentUrl\":\"https:\/\/www.csj-emballages.com\/wp-content\/uploads\/2023\/10\/logo_csj.webp\",\"width\":250,\"height\":95,\"caption\":\"CSJ Emballages\"},\"image\":{\"@id\":\"https:\/\/www.csj-emballages.com\/pt-pt\/#\/schema\/logo\/image\/\"},\"sameAs\":[\"https:\/\/www.facebook.com\/csjemballages\"],\"address\":{\"@type\":\"PostalAddress\",\"streetAddress\":\"ZI La Lechere\",\"addressLocality\":\"Patornay\",\"postalCode\":\"39130\",\"addressCountry\":\"FR\"},\"contactPoint\":[{\"@type\":\"ContactPoint\",\"contactType\":\"Service client\",\"telephone\":\"0384254272\",\"email\":\"contact@csj-emballages.com\"}]}]}<\/script>\n<!-- \/ Yoast SEO Premium plugin. -->","yoast_head_json":{"title":"Cornich\u00e3o Pasteurizado em Vinagre Calibre 120\/149 Caixa 5\/1","description":"Cornichons em vinagre pasteurizados calibre 120\/149 em caixa 5\/1. Crocantes, regulares e ideais para restaurantes, snacks e traiteurs.","robots":{"index":"index","follow":"follow","max-snippet":"max-snippet:-1","max-image-preview":"max-image-preview:large","max-video-preview":"max-video-preview:-1"},"canonical":"https:\/\/www.csj-emballages.com\/pt-pt\/produit\/5-1-lata-de-pepinos-pasteurizados-com-vinagre-tamanho-120-149\/","og_locale":"pt_PT","og_type":"article","og_title":"Pepino pasteurizado com vinagre - lata 5\/1","og_description":"Descubra a nossa lata 5\/1 de pepinos pasteurizados em vinagre. Estes pepinos t\u00eam um tamanho de 120\/149 mm. J\u00e1 dispon\u00edveis no nosso s\u00edtio Web!","og_url":"https:\/\/www.csj-emballages.com\/pt-pt\/produit\/5-1-lata-de-pepinos-pasteurizados-com-vinagre-tamanho-120-149\/","og_site_name":"CSJ Emballages","article_publisher":"https:\/\/www.facebook.com\/csjemballages","article_modified_time":"2026-03-12T15:07:05+00:00","og_image":[{"width":800,"height":800,"url":"https:\/\/www.csj-emballages.com\/wp-content\/uploads\/2024\/11\/190018.webp","type":"image\/webp"}],"twitter_card":"summary_large_image","twitter_title":"Pepino pasteurizado com vinagre - lata 5\/1","twitter_description":"Descubra a nossa lata 5\/1 de pepinos pasteurizados em vinagre. Estes pepinos t\u00eam um tamanho de 120\/149 mm. J\u00e1 dispon\u00edveis no nosso s\u00edtio Web!","twitter_misc":{"Tempo estimado de leitura":"2 minutos"},"schema":{"@context":"https:\/\/schema.org","@graph":[{"@type":"WebPage","@id":"https:\/\/www.csj-emballages.com\/pt-pt\/produit\/5-1-lata-de-pepinos-pasteurizados-com-vinagre-tamanho-120-149\/","url":"https:\/\/www.csj-emballages.com\/pt-pt\/produit\/5-1-lata-de-pepinos-pasteurizados-com-vinagre-tamanho-120-149\/","name":"Cornich\u00e3o Pasteurizado em Vinagre Calibre 120\/149 Caixa 5\/1","isPartOf":{"@id":"https:\/\/www.csj-emballages.com\/pt-pt\/#website"},"primaryImageOfPage":{"@id":"https:\/\/www.csj-emballages.com\/pt-pt\/produit\/5-1-lata-de-pepinos-pasteurizados-com-vinagre-tamanho-120-149\/#primaryimage"},"image":{"@id":"https:\/\/www.csj-emballages.com\/pt-pt\/produit\/5-1-lata-de-pepinos-pasteurizados-com-vinagre-tamanho-120-149\/#primaryimage"},"thumbnailUrl":"https:\/\/www.csj-emballages.com\/wp-content\/uploads\/2024\/11\/190018.webp","datePublished":"2024-11-06T01:18:25+00:00","dateModified":"2026-03-12T15:07:05+00:00","description":"Cornichons em vinagre pasteurizados calibre 120\/149 em caixa 5\/1. Crocantes, regulares e ideais para restaurantes, snacks e traiteurs.","breadcrumb":{"@id":"https:\/\/www.csj-emballages.com\/pt-pt\/produit\/5-1-lata-de-pepinos-pasteurizados-com-vinagre-tamanho-120-149\/#breadcrumb"},"inLanguage":"pt-PT","potentialAction":[{"@type":"ReadAction","target":["https:\/\/www.csj-emballages.com\/pt-pt\/produit\/5-1-lata-de-pepinos-pasteurizados-com-vinagre-tamanho-120-149\/"]}]},{"@type":"ImageObject","inLanguage":"pt-PT","@id":"https:\/\/www.csj-emballages.com\/pt-pt\/produit\/5-1-lata-de-pepinos-pasteurizados-com-vinagre-tamanho-120-149\/#primaryimage","url":"https:\/\/www.csj-emballages.com\/wp-content\/uploads\/2024\/11\/190018.webp","contentUrl":"https:\/\/www.csj-emballages.com\/wp-content\/uploads\/2024\/11\/190018.webp","width":800,"height":800,"caption":"Cornichons pasteuris\u00e9s"},{"@type":"BreadcrumbList","@id":"https:\/\/www.csj-emballages.com\/pt-pt\/produit\/5-1-lata-de-pepinos-pasteurizados-com-vinagre-tamanho-120-149\/#breadcrumb","itemListElement":[{"@type":"ListItem","position":1,"name":"Acolhimento","item":"https:\/\/www.csj-emballages.com\/pt-pt\/universo-das-embalagens-alimentares\/"},{"@type":"ListItem","position":2,"name":"Shop","item":"https:\/\/www.csj-emballages.com\/shop\/"},{"@type":"ListItem","position":3,"name":"Picles pasteurizados em vinagre calibre 120\/149 em lata 5\/1"}]},{"@type":"WebSite","@id":"https:\/\/www.csj-emballages.com\/pt-pt\/#website","url":"https:\/\/www.csj-emballages.com\/pt-pt\/","name":"CSJ Emballages","description":"","publisher":{"@id":"https:\/\/www.csj-emballages.com\/pt-pt\/#organization"},"potentialAction":[{"@type":"SearchAction","target":{"@type":"EntryPoint","urlTemplate":"https:\/\/www.csj-emballages.com\/pt-pt\/?s={search_term_string}"},"query-input":{"@type":"PropertyValueSpecification","valueRequired":true,"valueName":"search_term_string"}}],"inLanguage":"pt-PT"},{"@type":"Organization","@id":"https:\/\/www.csj-emballages.com\/pt-pt\/#Organization\/","name":"CSJ Emballages","url":"https:\/\/www.csj-emballages.com\/pt-pt\/","logo":{"@type":"ImageObject","inLanguage":"pt-PT","@id":"https:\/\/www.csj-emballages.com\/pt-pt\/#\/schema\/logo\/image\/","url":"https:\/\/www.csj-emballages.com\/wp-content\/uploads\/2023\/10\/logo_csj.webp","contentUrl":"https:\/\/www.csj-emballages.com\/wp-content\/uploads\/2023\/10\/logo_csj.webp","width":250,"height":95,"caption":"CSJ Emballages"},"image":{"@id":"https:\/\/www.csj-emballages.com\/pt-pt\/#\/schema\/logo\/image\/"},"sameAs":["https:\/\/www.facebook.com\/csjemballages"],"address":{"@type":"PostalAddress","streetAddress":"ZI La Lechere","addressLocality":"Patornay","postalCode":"39130","addressCountry":"FR"},"contactPoint":[{"@type":"ContactPoint","contactType":"Service client","telephone":"0384254272","email":"contact@csj-emballages.com"}]}]}},"df_price":11.78,"df_sale_price":"","df_regular_price":11.78,"df_image_link":"https:\/\/www.csj-emballages.com\/wp-content\/uploads\/2024\/11\/190018-300x300.webp","tiered_pricing_type":"fixed","tiered_pricing_fixed_rules":[],"tiered_pricing_percentage_rules":[],"tiered_pricing_minimum":1,"tiered_pricing_roles_data":[],"_links":{"self":[{"href":"https:\/\/www.csj-emballages.com\/pt-pt\/wp-json\/wp\/v2\/product\/159601","targetHints":{"allow":["GET"]}}],"collection":[{"href":"https:\/\/www.csj-emballages.com\/pt-pt\/wp-json\/wp\/v2\/product"}],"about":[{"href":"https:\/\/www.csj-emballages.com\/pt-pt\/wp-json\/wp\/v2\/types\/product"}],"wp:featuredmedia":[{"embeddable":true,"href":"https:\/\/www.csj-emballages.com\/pt-pt\/wp-json\/wp\/v2\/media\/260933"}],"wp:attachment":[{"href":"https:\/\/www.csj-emballages.com\/pt-pt\/wp-json\/wp\/v2\/media?parent=159601"}],"wp:term":[{"taxonomy":"product_brand","embeddable":true,"href":"https:\/\/www.csj-emballages.com\/pt-pt\/wp-json\/wp\/v2\/product_brand?post=159601"},{"taxonomy":"product_cat","embeddable":true,"href":"https:\/\/www.csj-emballages.com\/pt-pt\/wp-json\/wp\/v2\/product_cat?post=159601"},{"taxonomy":"product_tag","embeddable":true,"href":"https:\/\/www.csj-emballages.com\/pt-pt\/wp-json\/wp\/v2\/product_tag?post=159601"}],"curies":[{"name":"wp","href":"https:\/\/api.w.org\/{rel}","templated":true}]}}