{"id":159594,"date":"2024-11-06T02:18:20","date_gmt":"2024-11-06T01:18:20","guid":{"rendered":"https:\/\/www.csj-emballages.com\/?post_type=product&#038;p=159594"},"modified":"2026-04-03T02:11:58","modified_gmt":"2026-04-03T00:11:58","slug":"4-4-de-lata-de-azeitonas-verdes-sem-caroco","status":"publish","type":"product","link":"https:\/\/www.csj-emballages.com\/pt-pt\/produit\/4-4-de-lata-de-azeitonas-verdes-sem-caroco\/","title":{"rendered":"Azeitonas verdes descaro\u00e7adas em lata 4\/4"},"content":{"rendered":"<h2 class=\"p1\">Azeitonas verdes<\/h2>\n<hr>\n<h3><strong>Descubra as nossas a<\/strong>zeitonas verdes descaro\u00e7adas em lata 4\/4<\/h3>\n<p><!--more--><\/p>\n<p data-start=\"202\" data-end=\"604\">Simples, pr\u00e1ticas e sempre apreciadas, estas <strong data-start=\"249\" data-end=\"291\">azeitonas verdes descaro\u00e7adas em lata 4\/4<\/strong> encontram facilmente o seu lugar em todas as cozinhas, quer sejam profissionais ou familiares. Logo ap\u00f3s a abertura, descobrimos <strong>azeitonas<\/strong> com uma polpa firme, uma cor natural e um sabor equilibrado. Nem demasiado salgadas, nem demasiado amargas, trazem a dose certa de car\u00e1cter aos pratos do dia a dia.  <\/p>\n<p data-start=\"606\" data-end=\"998\">O facto de j\u00e1 estarem descaro\u00e7adas muda claramente tudo. Ganha tempo, evita manipula\u00e7\u00f5es desnecess\u00e1rias e pode utiliz\u00e1-las imediatamente. Assim, integram-se tanto numa salada mista como numa <strong>pizza, numa focaccia, numa tapenade ou mesmo como acompanhamento para o aperitivo<\/strong>. A sua polival\u00eancia permite variar as utiliza\u00e7\u00f5es sem nunca cansar.   <\/p>\n<p data-start=\"1000\" data-end=\"1311\">Gra\u00e7as ao seu <strong data-start=\"1012\" data-end=\"1026\">formato 4\/4<\/strong>, esta <strong>lata de azeitonas verdes<\/strong> \u00e9 particularmente adequada para restaurantes, empresas de catering, snack-bares ou cozinhas coletivas. Oferece uma quantidade generosa, garantindo ao mesmo tempo uma conserva\u00e7\u00e3o ideal. Al\u00e9m disso, a embalagem em lata garante uma qualidade constante, da primeira \u00e0 \u00faltima azeitona.  <\/p>\n<p data-start=\"1313\" data-end=\"1571\">Al\u00e9m disso, a sua textura agrad\u00e1vel resiste bem \u00e0 cozedura. N\u00e3o ficam moles nem ins\u00edpidas, o que as torna ideais para pratos quentes e frios. Em suma, \u00e9 um produto fi\u00e1vel, f\u00e1cil de trabalhar e sempre \u00fatil.  <\/p>\n<p data-start=\"1573\" data-end=\"1778\">Estas <strong>azeitonas verdes descaro\u00e7adas<\/strong> s\u00e3o, portanto, um valor seguro: pr\u00e1ticas, saborosas e prontas a usar, simplificam o trabalho na cozinha, trazendo um toque mediterr\u00e2nico a cada receita.<\/p>\n<p>&nbsp;<\/p>\n<p><!--more--><\/p>\n<h4>Vantagens :<\/h4>\n<ul>\n<li data-start=\"1806\" data-end=\"1845\">Azeitonas prontas a usar, sem caro\u00e7o.<\/li>\n<li data-start=\"1848\" data-end=\"1882\">Sabor equilibrado e textura firme.<\/li>\n<li data-start=\"1885\" data-end=\"1932\"><strong>Formato 4\/4<\/strong> ideal para uso profissional.<\/li>\n<li data-start=\"1935\" data-end=\"1976\">Adequado para pratos quentes e frios.<\/li>\n<li data-start=\"1979\" data-end=\"2010\">Conserva\u00e7\u00e3o ideal em lata.<\/li>\n<\/ul>\n<p>&nbsp;<\/p>\n<p><!--more--><\/p>\n<h4>Outras informa\u00e7\u00f5es :<\/h4>\n<ul>\n<li><strong>Embalagem<\/strong>: Caixa 4\/4<\/li>\n<li><b>Origem : <\/b>Gr\u00e9cia<\/li>\n<li><strong>Peso l\u00edquido escorrido<\/strong>: 380 g<\/li>\n<li><strong>Peso l\u00edquido<\/strong>: 820 g<\/li>\n<\/ul>\n<p>&nbsp;<\/p>\n<p><!--more--><\/p>\n<p>Encontre aqui as nossas azeitonas pretas descaro\u00e7adas: <span style=\"color: #d12727;\"><a style=\"color: #d12727;\" href=\"https:\/\/www.csj-emballages.com\/es\/produit\/5-1-lata-de-aceitunas-negras-sin-hueso\/\">180061<\/a><\/span><\/p>\n<p>&nbsp;<\/p>\n<p><!--more--><\/p>\n<p><a href=\"https:\/\/www.csj-emballages.com\/pt-pt\/categorie-produit\/alimentacao-pt-pt\/alimentacao\/legumes-pt-pt\/\">V\u00ea o resto da nossa gama de legumes aqui<\/a><\/p>\n","protected":false},"excerpt":{"rendered":"<p>Azeitonas verdes Descubra as nossas azeitonas verdes descaro\u00e7adas em lata 4\/4<\/p>\n","protected":false},"featured_media":197323,"template":"","meta":{"_acf_changed":false},"product_brand":[],"product_cat":[1151,1184,1191],"product_tag":[],"class_list":{"0":"post-159594","1":"product","2":"type-product","3":"status-publish","4":"has-post-thumbnail","6":"product_cat-alimentacao-pt-pt","7":"product_cat-alimentacao","8":"product_cat-legumes-pt-pt","10":"first","11":"instock","12":"taxable","13":"shipping-taxable","14":"purchasable","15":"product-type-simple"},"acf":[],"yoast_head":"<!-- This site is optimized with the Yoast SEO Premium plugin v26.6 (Yoast SEO v26.6) - https:\/\/yoast.com\/wordpress\/plugins\/seo\/ -->\n<title>Azeitonas Verdes Descaro\u00e7adas em Lata 4\/4<\/title>\n<meta name=\"description\" content=\"Azeitonas verdes descaro\u00e7adas em lata 4\/4, pr\u00e1ticas e saborosas. Ideais para pizzas, saladas, aperitivos e cozinhas profissionais.\" \/>\n<meta name=\"robots\" content=\"index, follow, max-snippet:-1, max-image-preview:large, max-video-preview:-1\" \/>\n<link rel=\"canonical\" href=\"https:\/\/www.csj-emballages.com\/pt-pt\/produit\/4-4-de-lata-de-azeitonas-verdes-sem-caroco\/\" \/>\n<meta property=\"og:locale\" content=\"pt_PT\" \/>\n<meta property=\"og:type\" content=\"article\" \/>\n<meta property=\"og:title\" content=\"Azeitonas verdes descaro\u00e7adas em lata 4\/4\" \/>\n<meta property=\"og:description\" content=\"Azeitonas verdes descaro\u00e7adas em lata 4\/4, pr\u00e1ticas e saborosas. Ideais para pizzas, saladas, aperitivos e cozinhas profissionais.\" \/>\n<meta property=\"og:url\" content=\"https:\/\/www.csj-emballages.com\/pt-pt\/produit\/4-4-de-lata-de-azeitonas-verdes-sem-caroco\/\" \/>\n<meta property=\"og:site_name\" content=\"CSJ Emballages\" \/>\n<meta property=\"article:publisher\" content=\"https:\/\/www.facebook.com\/csjemballages\" \/>\n<meta property=\"article:modified_time\" content=\"2026-04-03T00:11:58+00:00\" \/>\n<meta property=\"og:image\" content=\"https:\/\/www.csj-emballages.com\/wp-content\/uploads\/2024\/11\/Olive-denoyautee-verte.webp\" \/>\n\t<meta property=\"og:image:width\" content=\"800\" \/>\n\t<meta property=\"og:image:height\" content=\"800\" \/>\n\t<meta property=\"og:image:type\" content=\"image\/webp\" \/>\n<meta name=\"twitter:card\" content=\"summary_large_image\" \/>\n<meta name=\"twitter:label1\" content=\"Tempo estimado de leitura\" \/>\n\t<meta name=\"twitter:data1\" content=\"2 minutos\" \/>\n<script type=\"application\/ld+json\" class=\"yoast-schema-graph\">{\"@context\":\"https:\/\/schema.org\",\"@graph\":[{\"@type\":\"WebPage\",\"@id\":\"https:\/\/www.csj-emballages.com\/pt-pt\/produit\/4-4-de-lata-de-azeitonas-verdes-sem-caroco\/\",\"url\":\"https:\/\/www.csj-emballages.com\/pt-pt\/produit\/4-4-de-lata-de-azeitonas-verdes-sem-caroco\/\",\"name\":\"Azeitonas Verdes Descaro\u00e7adas em Lata 4\/4\",\"isPartOf\":{\"@id\":\"https:\/\/www.csj-emballages.com\/pt-pt\/#website\"},\"primaryImageOfPage\":{\"@id\":\"https:\/\/www.csj-emballages.com\/pt-pt\/produit\/4-4-de-lata-de-azeitonas-verdes-sem-caroco\/#primaryimage\"},\"image\":{\"@id\":\"https:\/\/www.csj-emballages.com\/pt-pt\/produit\/4-4-de-lata-de-azeitonas-verdes-sem-caroco\/#primaryimage\"},\"thumbnailUrl\":\"https:\/\/www.csj-emballages.com\/wp-content\/uploads\/2024\/11\/Olive-denoyautee-verte.webp\",\"datePublished\":\"2024-11-06T01:18:20+00:00\",\"dateModified\":\"2026-04-03T00:11:58+00:00\",\"description\":\"Azeitonas verdes descaro\u00e7adas em lata 4\/4, pr\u00e1ticas e saborosas. Ideais para pizzas, saladas, aperitivos e cozinhas profissionais.\",\"breadcrumb\":{\"@id\":\"https:\/\/www.csj-emballages.com\/pt-pt\/produit\/4-4-de-lata-de-azeitonas-verdes-sem-caroco\/#breadcrumb\"},\"inLanguage\":\"pt-PT\",\"potentialAction\":[{\"@type\":\"ReadAction\",\"target\":[\"https:\/\/www.csj-emballages.com\/pt-pt\/produit\/4-4-de-lata-de-azeitonas-verdes-sem-caroco\/\"]}]},{\"@type\":\"ImageObject\",\"inLanguage\":\"pt-PT\",\"@id\":\"https:\/\/www.csj-emballages.com\/pt-pt\/produit\/4-4-de-lata-de-azeitonas-verdes-sem-caroco\/#primaryimage\",\"url\":\"https:\/\/www.csj-emballages.com\/wp-content\/uploads\/2024\/11\/Olive-denoyautee-verte.webp\",\"contentUrl\":\"https:\/\/www.csj-emballages.com\/wp-content\/uploads\/2024\/11\/Olive-denoyautee-verte.webp\",\"width\":800,\"height\":800,\"caption\":\"Olive verte\"},{\"@type\":\"BreadcrumbList\",\"@id\":\"https:\/\/www.csj-emballages.com\/pt-pt\/produit\/4-4-de-lata-de-azeitonas-verdes-sem-caroco\/#breadcrumb\",\"itemListElement\":[{\"@type\":\"ListItem\",\"position\":1,\"name\":\"Acolhimento\",\"item\":\"https:\/\/www.csj-emballages.com\/pt-pt\/universo-das-embalagens-alimentares\/\"},{\"@type\":\"ListItem\",\"position\":2,\"name\":\"Shop\",\"item\":\"https:\/\/www.csj-emballages.com\/shop\/\"},{\"@type\":\"ListItem\",\"position\":3,\"name\":\"Azeitonas verdes descaro\u00e7adas em lata 4\/4\"}]},{\"@type\":\"WebSite\",\"@id\":\"https:\/\/www.csj-emballages.com\/pt-pt\/#website\",\"url\":\"https:\/\/www.csj-emballages.com\/pt-pt\/\",\"name\":\"CSJ Emballages\",\"description\":\"\",\"publisher\":{\"@id\":\"https:\/\/www.csj-emballages.com\/pt-pt\/#organization\"},\"potentialAction\":[{\"@type\":\"SearchAction\",\"target\":{\"@type\":\"EntryPoint\",\"urlTemplate\":\"https:\/\/www.csj-emballages.com\/pt-pt\/?s={search_term_string}\"},\"query-input\":{\"@type\":\"PropertyValueSpecification\",\"valueRequired\":true,\"valueName\":\"search_term_string\"}}],\"inLanguage\":\"pt-PT\"},{\"@type\":\"Organization\",\"@id\":\"https:\/\/www.csj-emballages.com\/pt-pt\/#Organization\/\",\"name\":\"CSJ Emballages\",\"url\":\"https:\/\/www.csj-emballages.com\/pt-pt\/\",\"logo\":{\"@type\":\"ImageObject\",\"inLanguage\":\"pt-PT\",\"@id\":\"https:\/\/www.csj-emballages.com\/pt-pt\/#\/schema\/logo\/image\/\",\"url\":\"https:\/\/www.csj-emballages.com\/wp-content\/uploads\/2023\/10\/logo_csj.webp\",\"contentUrl\":\"https:\/\/www.csj-emballages.com\/wp-content\/uploads\/2023\/10\/logo_csj.webp\",\"width\":250,\"height\":95,\"caption\":\"CSJ Emballages\"},\"image\":{\"@id\":\"https:\/\/www.csj-emballages.com\/pt-pt\/#\/schema\/logo\/image\/\"},\"sameAs\":[\"https:\/\/www.facebook.com\/csjemballages\"],\"address\":{\"@type\":\"PostalAddress\",\"streetAddress\":\"ZI La Lechere\",\"addressLocality\":\"Patornay\",\"postalCode\":\"39130\",\"addressCountry\":\"FR\"},\"contactPoint\":[{\"@type\":\"ContactPoint\",\"contactType\":\"Service client\",\"telephone\":\"0384254272\",\"email\":\"contact@csj-emballages.com\"}]}]}<\/script>\n<!-- \/ Yoast SEO Premium plugin. -->","yoast_head_json":{"title":"Azeitonas Verdes Descaro\u00e7adas em Lata 4\/4","description":"Azeitonas verdes descaro\u00e7adas em lata 4\/4, pr\u00e1ticas e saborosas. Ideais para pizzas, saladas, aperitivos e cozinhas profissionais.","robots":{"index":"index","follow":"follow","max-snippet":"max-snippet:-1","max-image-preview":"max-image-preview:large","max-video-preview":"max-video-preview:-1"},"canonical":"https:\/\/www.csj-emballages.com\/pt-pt\/produit\/4-4-de-lata-de-azeitonas-verdes-sem-caroco\/","og_locale":"pt_PT","og_type":"article","og_title":"Azeitonas verdes descaro\u00e7adas em lata 4\/4","og_description":"Azeitonas verdes descaro\u00e7adas em lata 4\/4, pr\u00e1ticas e saborosas. Ideais para pizzas, saladas, aperitivos e cozinhas profissionais.","og_url":"https:\/\/www.csj-emballages.com\/pt-pt\/produit\/4-4-de-lata-de-azeitonas-verdes-sem-caroco\/","og_site_name":"CSJ Emballages","article_publisher":"https:\/\/www.facebook.com\/csjemballages","article_modified_time":"2026-04-03T00:11:58+00:00","og_image":[{"width":800,"height":800,"url":"https:\/\/www.csj-emballages.com\/wp-content\/uploads\/2024\/11\/Olive-denoyautee-verte.webp","type":"image\/webp"}],"twitter_card":"summary_large_image","twitter_misc":{"Tempo estimado de leitura":"2 minutos"},"schema":{"@context":"https:\/\/schema.org","@graph":[{"@type":"WebPage","@id":"https:\/\/www.csj-emballages.com\/pt-pt\/produit\/4-4-de-lata-de-azeitonas-verdes-sem-caroco\/","url":"https:\/\/www.csj-emballages.com\/pt-pt\/produit\/4-4-de-lata-de-azeitonas-verdes-sem-caroco\/","name":"Azeitonas Verdes Descaro\u00e7adas em Lata 4\/4","isPartOf":{"@id":"https:\/\/www.csj-emballages.com\/pt-pt\/#website"},"primaryImageOfPage":{"@id":"https:\/\/www.csj-emballages.com\/pt-pt\/produit\/4-4-de-lata-de-azeitonas-verdes-sem-caroco\/#primaryimage"},"image":{"@id":"https:\/\/www.csj-emballages.com\/pt-pt\/produit\/4-4-de-lata-de-azeitonas-verdes-sem-caroco\/#primaryimage"},"thumbnailUrl":"https:\/\/www.csj-emballages.com\/wp-content\/uploads\/2024\/11\/Olive-denoyautee-verte.webp","datePublished":"2024-11-06T01:18:20+00:00","dateModified":"2026-04-03T00:11:58+00:00","description":"Azeitonas verdes descaro\u00e7adas em lata 4\/4, pr\u00e1ticas e saborosas. Ideais para pizzas, saladas, aperitivos e cozinhas profissionais.","breadcrumb":{"@id":"https:\/\/www.csj-emballages.com\/pt-pt\/produit\/4-4-de-lata-de-azeitonas-verdes-sem-caroco\/#breadcrumb"},"inLanguage":"pt-PT","potentialAction":[{"@type":"ReadAction","target":["https:\/\/www.csj-emballages.com\/pt-pt\/produit\/4-4-de-lata-de-azeitonas-verdes-sem-caroco\/"]}]},{"@type":"ImageObject","inLanguage":"pt-PT","@id":"https:\/\/www.csj-emballages.com\/pt-pt\/produit\/4-4-de-lata-de-azeitonas-verdes-sem-caroco\/#primaryimage","url":"https:\/\/www.csj-emballages.com\/wp-content\/uploads\/2024\/11\/Olive-denoyautee-verte.webp","contentUrl":"https:\/\/www.csj-emballages.com\/wp-content\/uploads\/2024\/11\/Olive-denoyautee-verte.webp","width":800,"height":800,"caption":"Olive verte"},{"@type":"BreadcrumbList","@id":"https:\/\/www.csj-emballages.com\/pt-pt\/produit\/4-4-de-lata-de-azeitonas-verdes-sem-caroco\/#breadcrumb","itemListElement":[{"@type":"ListItem","position":1,"name":"Acolhimento","item":"https:\/\/www.csj-emballages.com\/pt-pt\/universo-das-embalagens-alimentares\/"},{"@type":"ListItem","position":2,"name":"Shop","item":"https:\/\/www.csj-emballages.com\/shop\/"},{"@type":"ListItem","position":3,"name":"Azeitonas verdes descaro\u00e7adas em lata 4\/4"}]},{"@type":"WebSite","@id":"https:\/\/www.csj-emballages.com\/pt-pt\/#website","url":"https:\/\/www.csj-emballages.com\/pt-pt\/","name":"CSJ Emballages","description":"","publisher":{"@id":"https:\/\/www.csj-emballages.com\/pt-pt\/#organization"},"potentialAction":[{"@type":"SearchAction","target":{"@type":"EntryPoint","urlTemplate":"https:\/\/www.csj-emballages.com\/pt-pt\/?s={search_term_string}"},"query-input":{"@type":"PropertyValueSpecification","valueRequired":true,"valueName":"search_term_string"}}],"inLanguage":"pt-PT"},{"@type":"Organization","@id":"https:\/\/www.csj-emballages.com\/pt-pt\/#Organization\/","name":"CSJ Emballages","url":"https:\/\/www.csj-emballages.com\/pt-pt\/","logo":{"@type":"ImageObject","inLanguage":"pt-PT","@id":"https:\/\/www.csj-emballages.com\/pt-pt\/#\/schema\/logo\/image\/","url":"https:\/\/www.csj-emballages.com\/wp-content\/uploads\/2023\/10\/logo_csj.webp","contentUrl":"https:\/\/www.csj-emballages.com\/wp-content\/uploads\/2023\/10\/logo_csj.webp","width":250,"height":95,"caption":"CSJ Emballages"},"image":{"@id":"https:\/\/www.csj-emballages.com\/pt-pt\/#\/schema\/logo\/image\/"},"sameAs":["https:\/\/www.facebook.com\/csjemballages"],"address":{"@type":"PostalAddress","streetAddress":"ZI La Lechere","addressLocality":"Patornay","postalCode":"39130","addressCountry":"FR"},"contactPoint":[{"@type":"ContactPoint","contactType":"Service client","telephone":"0384254272","email":"contact@csj-emballages.com"}]}]}},"df_price":3.6,"df_sale_price":"","df_regular_price":3.6,"df_image_link":"https:\/\/www.csj-emballages.com\/wp-content\/uploads\/2024\/11\/Olive-denoyautee-verte-300x300.webp","tiered_pricing_type":"fixed","tiered_pricing_fixed_rules":[],"tiered_pricing_percentage_rules":[],"tiered_pricing_minimum":1,"tiered_pricing_roles_data":[],"_links":{"self":[{"href":"https:\/\/www.csj-emballages.com\/pt-pt\/wp-json\/wp\/v2\/product\/159594","targetHints":{"allow":["GET"]}}],"collection":[{"href":"https:\/\/www.csj-emballages.com\/pt-pt\/wp-json\/wp\/v2\/product"}],"about":[{"href":"https:\/\/www.csj-emballages.com\/pt-pt\/wp-json\/wp\/v2\/types\/product"}],"wp:featuredmedia":[{"embeddable":true,"href":"https:\/\/www.csj-emballages.com\/pt-pt\/wp-json\/wp\/v2\/media\/197323"}],"wp:attachment":[{"href":"https:\/\/www.csj-emballages.com\/pt-pt\/wp-json\/wp\/v2\/media?parent=159594"}],"wp:term":[{"taxonomy":"product_brand","embeddable":true,"href":"https:\/\/www.csj-emballages.com\/pt-pt\/wp-json\/wp\/v2\/product_brand?post=159594"},{"taxonomy":"product_cat","embeddable":true,"href":"https:\/\/www.csj-emballages.com\/pt-pt\/wp-json\/wp\/v2\/product_cat?post=159594"},{"taxonomy":"product_tag","embeddable":true,"href":"https:\/\/www.csj-emballages.com\/pt-pt\/wp-json\/wp\/v2\/product_tag?post=159594"}],"curies":[{"name":"wp","href":"https:\/\/api.w.org\/{rel}","templated":true}]}}