{"id":159593,"date":"2024-11-06T02:18:23","date_gmt":"2024-11-06T01:18:23","guid":{"rendered":"https:\/\/www.csj-emballages.com\/?post_type=product&#038;p=159593"},"modified":"2026-03-12T16:07:03","modified_gmt":"2026-03-12T15:07:03","slug":"5-1-caixa-de-aneis-de-pepino","status":"publish","type":"product","link":"https:\/\/www.csj-emballages.com\/pt-pt\/produit\/5-1-caixa-de-aneis-de-pepino\/","title":{"rendered":"Rodelas de picles em lata 5\/1"},"content":{"rendered":"<h2 class=\"p1\">Rodelas de picles<\/h2>\n<hr>\n<h3><span style=\"font-weight: bold;\">Descubra as nossas rodelas de picles em lata 5\/1<\/span><\/h3>\n<p><!--more--><\/p>\n<p data-start=\"299\" data-end=\"785\">As <strong data-start=\"303\" data-end=\"343\">rodelas de picles em lata 5\/1<\/strong> s\u00e3o um verdadeiro indispens\u00e1vel para as cozinhas que gostam de ser r\u00e1pidas sem comprometer o sabor. J\u00e1 cortadas em <strong>fatias finas e regulares<\/strong>, est\u00e3o prontas a usar e integram-se facilmente em todos os tipos de prepara\u00e7\u00f5es. Seja para <strong>guarnecer hamb\u00fargueres, sandu\u00edches, cachorros-quentes ou enriquecer saladas compostas<\/strong>, conferem instantaneamente aquele toque crocante e ligeiramente \u00e1cido que faz toda a diferen\u00e7a.  <\/p>\n<p data-start=\"787\" data-end=\"1160\">Gra\u00e7as ao seu <strong>corte uniforme<\/strong>, poupa um tempo precioso na cozinha. J\u00e1 n\u00e3o precisa de fatiar, est\u00e1 tudo pronto, o que permite encadear os servi\u00e7os com mais serenidade. Da mesma forma, a sua textura permanece firme e agrad\u00e1vel na boca, mesmo ap\u00f3s manipula\u00e7\u00e3o ou armazenamento em cuba. Cada <strong>rodela de picles<\/strong> mant\u00e9m a sua croc\u00e2ncia, o que garante uma experi\u00eancia constante para os seus clientes.   <\/p>\n<p data-start=\"1162\" data-end=\"1509\">O <strong>formato<\/strong> <strong data-start=\"1172\" data-end=\"1179\">5\/1<\/strong> \u00e9 particularmente adequado para profissionais da restaura\u00e7\u00e3o, snacks, fast-foods ou coletividades. Permite gerir os volumes facilmente, limitando, ao mesmo tempo, as reposi\u00e7\u00f5es demasiado frequentes. Al\u00e9m disso, a conserva\u00e7\u00e3o em <strong data-start=\"303\" data-end=\"343\">lata 5\/1<\/strong> garante uma longa dura\u00e7\u00e3o de utiliza\u00e7\u00e3o, preservando, ao mesmo tempo, o frescor e os sabores.  <\/p>\n<p data-start=\"1511\" data-end=\"1719\">Estas <strong>rodelas de picles<\/strong> adaptam-se a todos os estilos de cozinha, do mais simples ao mais requintado. Equilibram as receitas ricas, real\u00e7am os molhos e acrescentam uma verdadeira assinatura aos pratos mais cl\u00e1ssicos. <\/p>\n<p data-start=\"1721\" data-end=\"1865\">Em resumo, este produto ajuda-o a trabalhar mais depressa, de forma mais limpa, garantindo, ao mesmo tempo, um resultado constante e apreciado em cada servi\u00e7o.<\/p>\n<p data-start=\"1721\" data-end=\"1865\">\n<p><!--more--><\/p>\n<h4>Vantagens :<\/h4>\n<ul>\n<li data-start=\"1893\" data-end=\"1922\"><strong>Rodelas de picles<\/strong> prontas a usar.<\/li>\n<li data-start=\"1925\" data-end=\"1957\">Textura crocante e regular.<\/li>\n<li data-start=\"1960\" data-end=\"1986\">Poupan\u00e7a de tempo na cozinha.<\/li>\n<li data-start=\"1989\" data-end=\"2012\">Formato econ\u00f3mico <strong>5\/1<\/strong>.<\/li>\n<li data-start=\"2015\" data-end=\"2058\">Ideal para hamb\u00fargueres, sandu\u00edches e saladas.<\/li>\n<\/ul>\n<p>&nbsp;<\/p>\n<p><!--more--><\/p>\n<h4>Outras informa\u00e7\u00f5es :<\/h4>\n<ul>\n<li><strong>Embalagem<\/strong>: Caixa 5\/1<\/li>\n<li><strong>Capacidade<\/strong>: 4250 ml<\/li>\n<li><strong>Peso l\u00edquido<\/strong>: 4250 g<\/li>\n<li><strong>Peso l\u00edquido escorrido<\/strong>: 2120 g<\/li>\n<li><strong>Tipo<\/strong>: Pepino redondo<\/li>\n<\/ul>\n<p>&nbsp;<\/p>\n<p><!--more--><\/p>\n<p><span style=\"color: #d12727;\"><a style=\"color: #d12727;\" href=\"https:\/\/www.csj-emballages.com\/es\/produit\/5-1-caja-de-pepinillos-en-vinagre-80-119\/\">Encontra aqui os nossos pepinos de calibre 80\/119<\/a><\/span><\/p>\n<p><span style=\"color: #d12727;\"><a style=\"color: #d12727;\" href=\"https:\/\/www.csj-emballages.com\/es\/produit\/5-1-lata-de-pepinillos-pasteurizados-en-vinagre-tamano-120-149\/\">Encontre aqui os nossos pepinos de calibre 120\/149<\/a><\/span><\/p>\n<p>&nbsp;<\/p>\n<p><!--more--><\/p>\n<p><a href=\"https:\/\/www.csj-emballages.com\/pt-pt\/categorie-produit\/alimentacao-pt-pt\/alimentacao\/legumes-pt-pt\/\">Veja o resto da nossa gama de legumes em conserva aqui<\/a><\/p>\n","protected":false},"excerpt":{"rendered":"<p>Rodelas de picles Descubra as nossas rodelas de picles em lata 5\/1<\/p>\n","protected":false},"featured_media":260922,"template":"","meta":{"_acf_changed":false},"product_brand":[],"product_cat":[1151,1184,1191],"product_tag":[],"class_list":{"0":"post-159593","1":"product","2":"type-product","3":"status-publish","4":"has-post-thumbnail","6":"product_cat-alimentacao-pt-pt","7":"product_cat-alimentacao","8":"product_cat-legumes-pt-pt","10":"first","11":"instock","12":"taxable","13":"shipping-taxable","14":"purchasable","15":"product-type-simple"},"acf":[],"yoast_head":"<!-- This site is optimized with the Yoast SEO Premium plugin v26.6 (Yoast SEO v26.6) - https:\/\/yoast.com\/wordpress\/plugins\/seo\/ -->\n<title>Rodelas de Picles em Lata 5\/1<\/title>\n<meta name=\"description\" content=\"Rodelas de picles em lata 5\/1, prontas a usar. Crocantes, pr\u00e1ticas e ideais para hamb\u00fargueres, sandu\u00edches e restaura\u00e7\u00e3o profissional.\" \/>\n<meta name=\"robots\" content=\"index, follow, max-snippet:-1, max-image-preview:large, max-video-preview:-1\" \/>\n<link rel=\"canonical\" href=\"https:\/\/www.csj-emballages.com\/pt-pt\/produit\/5-1-caixa-de-aneis-de-pepino\/\" \/>\n<meta property=\"og:locale\" content=\"pt_PT\" \/>\n<meta property=\"og:type\" content=\"article\" \/>\n<meta property=\"og:title\" content=\"Rodelas de picles em lata 5\/1\" \/>\n<meta property=\"og:description\" content=\"Rodelas de picles em lata 5\/1, prontas a usar. Crocantes, pr\u00e1ticas e ideais para hamb\u00fargueres, sandu\u00edches e restaura\u00e7\u00e3o profissional.\" \/>\n<meta property=\"og:url\" content=\"https:\/\/www.csj-emballages.com\/pt-pt\/produit\/5-1-caixa-de-aneis-de-pepino\/\" \/>\n<meta property=\"og:site_name\" content=\"CSJ Emballages\" \/>\n<meta property=\"article:publisher\" content=\"https:\/\/www.facebook.com\/csjemballages\" \/>\n<meta property=\"article:modified_time\" content=\"2026-03-12T15:07:03+00:00\" \/>\n<meta property=\"og:image\" content=\"https:\/\/www.csj-emballages.com\/wp-content\/uploads\/2024\/11\/190010.webp\" \/>\n\t<meta property=\"og:image:width\" content=\"800\" \/>\n\t<meta property=\"og:image:height\" content=\"800\" \/>\n\t<meta property=\"og:image:type\" content=\"image\/webp\" \/>\n<meta name=\"twitter:card\" content=\"summary_large_image\" \/>\n<meta name=\"twitter:label1\" content=\"Tempo estimado de leitura\" \/>\n\t<meta name=\"twitter:data1\" content=\"2 minutos\" \/>\n<script type=\"application\/ld+json\" class=\"yoast-schema-graph\">{\"@context\":\"https:\/\/schema.org\",\"@graph\":[{\"@type\":\"WebPage\",\"@id\":\"https:\/\/www.csj-emballages.com\/pt-pt\/produit\/5-1-caixa-de-aneis-de-pepino\/\",\"url\":\"https:\/\/www.csj-emballages.com\/pt-pt\/produit\/5-1-caixa-de-aneis-de-pepino\/\",\"name\":\"Rodelas de Picles em Lata 5\/1\",\"isPartOf\":{\"@id\":\"https:\/\/www.csj-emballages.com\/pt-pt\/#website\"},\"primaryImageOfPage\":{\"@id\":\"https:\/\/www.csj-emballages.com\/pt-pt\/produit\/5-1-caixa-de-aneis-de-pepino\/#primaryimage\"},\"image\":{\"@id\":\"https:\/\/www.csj-emballages.com\/pt-pt\/produit\/5-1-caixa-de-aneis-de-pepino\/#primaryimage\"},\"thumbnailUrl\":\"https:\/\/www.csj-emballages.com\/wp-content\/uploads\/2024\/11\/190010.webp\",\"datePublished\":\"2024-11-06T01:18:23+00:00\",\"dateModified\":\"2026-03-12T15:07:03+00:00\",\"description\":\"Rodelas de picles em lata 5\/1, prontas a usar. Crocantes, pr\u00e1ticas e ideais para hamb\u00fargueres, sandu\u00edches e restaura\u00e7\u00e3o profissional.\",\"breadcrumb\":{\"@id\":\"https:\/\/www.csj-emballages.com\/pt-pt\/produit\/5-1-caixa-de-aneis-de-pepino\/#breadcrumb\"},\"inLanguage\":\"pt-PT\",\"potentialAction\":[{\"@type\":\"ReadAction\",\"target\":[\"https:\/\/www.csj-emballages.com\/pt-pt\/produit\/5-1-caixa-de-aneis-de-pepino\/\"]}]},{\"@type\":\"ImageObject\",\"inLanguage\":\"pt-PT\",\"@id\":\"https:\/\/www.csj-emballages.com\/pt-pt\/produit\/5-1-caixa-de-aneis-de-pepino\/#primaryimage\",\"url\":\"https:\/\/www.csj-emballages.com\/wp-content\/uploads\/2024\/11\/190010.webp\",\"contentUrl\":\"https:\/\/www.csj-emballages.com\/wp-content\/uploads\/2024\/11\/190010.webp\",\"width\":800,\"height\":800,\"caption\":\"Cornichons en rondelles\"},{\"@type\":\"BreadcrumbList\",\"@id\":\"https:\/\/www.csj-emballages.com\/pt-pt\/produit\/5-1-caixa-de-aneis-de-pepino\/#breadcrumb\",\"itemListElement\":[{\"@type\":\"ListItem\",\"position\":1,\"name\":\"Acolhimento\",\"item\":\"https:\/\/www.csj-emballages.com\/pt-pt\/universo-das-embalagens-alimentares\/\"},{\"@type\":\"ListItem\",\"position\":2,\"name\":\"Shop\",\"item\":\"https:\/\/www.csj-emballages.com\/shop\/\"},{\"@type\":\"ListItem\",\"position\":3,\"name\":\"Rodelas de picles em lata 5\/1\"}]},{\"@type\":\"WebSite\",\"@id\":\"https:\/\/www.csj-emballages.com\/pt-pt\/#website\",\"url\":\"https:\/\/www.csj-emballages.com\/pt-pt\/\",\"name\":\"CSJ Emballages\",\"description\":\"\",\"publisher\":{\"@id\":\"https:\/\/www.csj-emballages.com\/pt-pt\/#organization\"},\"potentialAction\":[{\"@type\":\"SearchAction\",\"target\":{\"@type\":\"EntryPoint\",\"urlTemplate\":\"https:\/\/www.csj-emballages.com\/pt-pt\/?s={search_term_string}\"},\"query-input\":{\"@type\":\"PropertyValueSpecification\",\"valueRequired\":true,\"valueName\":\"search_term_string\"}}],\"inLanguage\":\"pt-PT\"},{\"@type\":\"Organization\",\"@id\":\"https:\/\/www.csj-emballages.com\/pt-pt\/#Organization\/\",\"name\":\"CSJ Emballages\",\"url\":\"https:\/\/www.csj-emballages.com\/pt-pt\/\",\"logo\":{\"@type\":\"ImageObject\",\"inLanguage\":\"pt-PT\",\"@id\":\"https:\/\/www.csj-emballages.com\/pt-pt\/#\/schema\/logo\/image\/\",\"url\":\"https:\/\/www.csj-emballages.com\/wp-content\/uploads\/2023\/10\/logo_csj.webp\",\"contentUrl\":\"https:\/\/www.csj-emballages.com\/wp-content\/uploads\/2023\/10\/logo_csj.webp\",\"width\":250,\"height\":95,\"caption\":\"CSJ Emballages\"},\"image\":{\"@id\":\"https:\/\/www.csj-emballages.com\/pt-pt\/#\/schema\/logo\/image\/\"},\"sameAs\":[\"https:\/\/www.facebook.com\/csjemballages\"],\"address\":{\"@type\":\"PostalAddress\",\"streetAddress\":\"ZI La Lechere\",\"addressLocality\":\"Patornay\",\"postalCode\":\"39130\",\"addressCountry\":\"FR\"},\"contactPoint\":[{\"@type\":\"ContactPoint\",\"contactType\":\"Service client\",\"telephone\":\"0384254272\",\"email\":\"contact@csj-emballages.com\"}]}]}<\/script>\n<!-- \/ Yoast SEO Premium plugin. -->","yoast_head_json":{"title":"Rodelas de Picles em Lata 5\/1","description":"Rodelas de picles em lata 5\/1, prontas a usar. Crocantes, pr\u00e1ticas e ideais para hamb\u00fargueres, sandu\u00edches e restaura\u00e7\u00e3o profissional.","robots":{"index":"index","follow":"follow","max-snippet":"max-snippet:-1","max-image-preview":"max-image-preview:large","max-video-preview":"max-video-preview:-1"},"canonical":"https:\/\/www.csj-emballages.com\/pt-pt\/produit\/5-1-caixa-de-aneis-de-pepino\/","og_locale":"pt_PT","og_type":"article","og_title":"Rodelas de picles em lata 5\/1","og_description":"Rodelas de picles em lata 5\/1, prontas a usar. Crocantes, pr\u00e1ticas e ideais para hamb\u00fargueres, sandu\u00edches e restaura\u00e7\u00e3o profissional.","og_url":"https:\/\/www.csj-emballages.com\/pt-pt\/produit\/5-1-caixa-de-aneis-de-pepino\/","og_site_name":"CSJ Emballages","article_publisher":"https:\/\/www.facebook.com\/csjemballages","article_modified_time":"2026-03-12T15:07:03+00:00","og_image":[{"width":800,"height":800,"url":"https:\/\/www.csj-emballages.com\/wp-content\/uploads\/2024\/11\/190010.webp","type":"image\/webp"}],"twitter_card":"summary_large_image","twitter_misc":{"Tempo estimado de leitura":"2 minutos"},"schema":{"@context":"https:\/\/schema.org","@graph":[{"@type":"WebPage","@id":"https:\/\/www.csj-emballages.com\/pt-pt\/produit\/5-1-caixa-de-aneis-de-pepino\/","url":"https:\/\/www.csj-emballages.com\/pt-pt\/produit\/5-1-caixa-de-aneis-de-pepino\/","name":"Rodelas de Picles em Lata 5\/1","isPartOf":{"@id":"https:\/\/www.csj-emballages.com\/pt-pt\/#website"},"primaryImageOfPage":{"@id":"https:\/\/www.csj-emballages.com\/pt-pt\/produit\/5-1-caixa-de-aneis-de-pepino\/#primaryimage"},"image":{"@id":"https:\/\/www.csj-emballages.com\/pt-pt\/produit\/5-1-caixa-de-aneis-de-pepino\/#primaryimage"},"thumbnailUrl":"https:\/\/www.csj-emballages.com\/wp-content\/uploads\/2024\/11\/190010.webp","datePublished":"2024-11-06T01:18:23+00:00","dateModified":"2026-03-12T15:07:03+00:00","description":"Rodelas de picles em lata 5\/1, prontas a usar. Crocantes, pr\u00e1ticas e ideais para hamb\u00fargueres, sandu\u00edches e restaura\u00e7\u00e3o profissional.","breadcrumb":{"@id":"https:\/\/www.csj-emballages.com\/pt-pt\/produit\/5-1-caixa-de-aneis-de-pepino\/#breadcrumb"},"inLanguage":"pt-PT","potentialAction":[{"@type":"ReadAction","target":["https:\/\/www.csj-emballages.com\/pt-pt\/produit\/5-1-caixa-de-aneis-de-pepino\/"]}]},{"@type":"ImageObject","inLanguage":"pt-PT","@id":"https:\/\/www.csj-emballages.com\/pt-pt\/produit\/5-1-caixa-de-aneis-de-pepino\/#primaryimage","url":"https:\/\/www.csj-emballages.com\/wp-content\/uploads\/2024\/11\/190010.webp","contentUrl":"https:\/\/www.csj-emballages.com\/wp-content\/uploads\/2024\/11\/190010.webp","width":800,"height":800,"caption":"Cornichons en rondelles"},{"@type":"BreadcrumbList","@id":"https:\/\/www.csj-emballages.com\/pt-pt\/produit\/5-1-caixa-de-aneis-de-pepino\/#breadcrumb","itemListElement":[{"@type":"ListItem","position":1,"name":"Acolhimento","item":"https:\/\/www.csj-emballages.com\/pt-pt\/universo-das-embalagens-alimentares\/"},{"@type":"ListItem","position":2,"name":"Shop","item":"https:\/\/www.csj-emballages.com\/shop\/"},{"@type":"ListItem","position":3,"name":"Rodelas de picles em lata 5\/1"}]},{"@type":"WebSite","@id":"https:\/\/www.csj-emballages.com\/pt-pt\/#website","url":"https:\/\/www.csj-emballages.com\/pt-pt\/","name":"CSJ Emballages","description":"","publisher":{"@id":"https:\/\/www.csj-emballages.com\/pt-pt\/#organization"},"potentialAction":[{"@type":"SearchAction","target":{"@type":"EntryPoint","urlTemplate":"https:\/\/www.csj-emballages.com\/pt-pt\/?s={search_term_string}"},"query-input":{"@type":"PropertyValueSpecification","valueRequired":true,"valueName":"search_term_string"}}],"inLanguage":"pt-PT"},{"@type":"Organization","@id":"https:\/\/www.csj-emballages.com\/pt-pt\/#Organization\/","name":"CSJ Emballages","url":"https:\/\/www.csj-emballages.com\/pt-pt\/","logo":{"@type":"ImageObject","inLanguage":"pt-PT","@id":"https:\/\/www.csj-emballages.com\/pt-pt\/#\/schema\/logo\/image\/","url":"https:\/\/www.csj-emballages.com\/wp-content\/uploads\/2023\/10\/logo_csj.webp","contentUrl":"https:\/\/www.csj-emballages.com\/wp-content\/uploads\/2023\/10\/logo_csj.webp","width":250,"height":95,"caption":"CSJ Emballages"},"image":{"@id":"https:\/\/www.csj-emballages.com\/pt-pt\/#\/schema\/logo\/image\/"},"sameAs":["https:\/\/www.facebook.com\/csjemballages"],"address":{"@type":"PostalAddress","streetAddress":"ZI La Lechere","addressLocality":"Patornay","postalCode":"39130","addressCountry":"FR"},"contactPoint":[{"@type":"ContactPoint","contactType":"Service client","telephone":"0384254272","email":"contact@csj-emballages.com"}]}]}},"df_price":9.54,"df_sale_price":"","df_regular_price":9.54,"df_image_link":"https:\/\/www.csj-emballages.com\/wp-content\/uploads\/2024\/11\/190010-300x300.webp","tiered_pricing_type":"fixed","tiered_pricing_fixed_rules":[],"tiered_pricing_percentage_rules":[],"tiered_pricing_minimum":1,"tiered_pricing_roles_data":[],"_links":{"self":[{"href":"https:\/\/www.csj-emballages.com\/pt-pt\/wp-json\/wp\/v2\/product\/159593","targetHints":{"allow":["GET"]}}],"collection":[{"href":"https:\/\/www.csj-emballages.com\/pt-pt\/wp-json\/wp\/v2\/product"}],"about":[{"href":"https:\/\/www.csj-emballages.com\/pt-pt\/wp-json\/wp\/v2\/types\/product"}],"wp:featuredmedia":[{"embeddable":true,"href":"https:\/\/www.csj-emballages.com\/pt-pt\/wp-json\/wp\/v2\/media\/260922"}],"wp:attachment":[{"href":"https:\/\/www.csj-emballages.com\/pt-pt\/wp-json\/wp\/v2\/media?parent=159593"}],"wp:term":[{"taxonomy":"product_brand","embeddable":true,"href":"https:\/\/www.csj-emballages.com\/pt-pt\/wp-json\/wp\/v2\/product_brand?post=159593"},{"taxonomy":"product_cat","embeddable":true,"href":"https:\/\/www.csj-emballages.com\/pt-pt\/wp-json\/wp\/v2\/product_cat?post=159593"},{"taxonomy":"product_tag","embeddable":true,"href":"https:\/\/www.csj-emballages.com\/pt-pt\/wp-json\/wp\/v2\/product_tag?post=159593"}],"curies":[{"name":"wp","href":"https:\/\/api.w.org\/{rel}","templated":true}]}}