{"id":159588,"date":"2024-11-06T02:18:15","date_gmt":"2024-11-06T01:18:15","guid":{"rendered":"https:\/\/www.csj-emballages.com\/?post_type=product&#038;p=159588"},"modified":"2026-03-31T02:10:16","modified_gmt":"2026-03-31T00:10:16","slug":"4-4-latas-de-damascos-descascados-em-conserva","status":"publish","type":"product","link":"https:\/\/www.csj-emballages.com\/pt-pt\/produit\/4-4-latas-de-damascos-descascados-em-conserva\/","title":{"rendered":"Metades de alperce em conserva em lata 4\/4"},"content":{"rendered":"<h2>Metades de alperces<\/h2>\n<hr>\n<h3><span style=\"font-weight: bold;\">Descubra os nossos me\u0301dios de alperce conservados em lata 4\/4<\/span><!--more--><\/h3>\n<p data-start=\"241\" data-end=\"613\">Estas <strong>metades de alperce em lata<\/strong> <strong data-start=\"275\" data-end=\"282\">4\/4<\/strong> s\u00e3o a solu\u00e7\u00e3o ideal quando se quer fruta, a s\u00e9rio, pronta a usar e sem surpresas. Ao abrir, descobrem-se <strong>belas metades<\/strong> bem formadas, com uma cor quente e uma textura fundente. Conservam um sabor equilibrado, nem demasiado doce nem demasiado ins\u00edpido, o que as torna f\u00e1ceis de usar em in\u00fameras prepara\u00e7\u00f5es.  <\/p>\n<p data-start=\"615\" data-end=\"1044\">Gra\u00e7as ao seu formato generoso, estes <strong>alperces em conserva<\/strong> respondem perfeitamente \u00e0s necessidades dos profissionais e das coletividades, mas tamb\u00e9m \u00e0queles que cozinham em grande quantidade. Integram-se tanto numa <strong>sobremesa simples<\/strong> como numa <strong>receita mais elaborada<\/strong>. Seja para uma <strong>tarte, uma salada de frutas, um bolo fofo, um clafoutis<\/strong> ou at\u00e9 um toque doce numa prepara\u00e7\u00e3o salgada, fazem o trabalho sem esfor\u00e7o.  <\/p>\n<p data-start=\"1046\" data-end=\"1352\">Da mesma forma, o acondicionamento em <strong>lata<\/strong> permite uma conserva\u00e7\u00e3o de longa dura\u00e7\u00e3o, mantendo uma qualidade regular. Ganha tempo na cozinha, pois os frutos j\u00e1 est\u00e3o prontos: <strong>sem descasque, sem corte, sem desperd\u00edcio<\/strong>. Basta abrir, escorrer se necess\u00e1rio e deixar a sua criatividade falar.  <\/p>\n<p data-start=\"1354\" data-end=\"1632\">Al\u00e9m disso, a sua resist\u00eancia ao cozimento \u00e9 uma mais-valia. As metades mant\u00eam a sua forma e a sua textura fundente, o que garante um resultado cuidado no prato. \u00c9 um produto fi\u00e1vel, pr\u00e1tico e constante, pensado para simplificar o dia a dia, garantindo um resultado delicioso.  <\/p>\n<p data-start=\"1634\" data-end=\"1776\">Em resumo, estas <strong>metades de alperces em conserva<\/strong> s\u00e3o um indispens\u00e1vel para ter em reserva para cozinhar r\u00e1pido, bem e sem comprometer o sabor.<\/p>\n<p>&nbsp;<\/p>\n<p><!--more--><\/p>\n<h4>Vantagens :<\/h4>\n<ul>\n<li data-start=\"1804\" data-end=\"1836\"><strong>Belas metades<\/strong> bem calibradas.<\/li>\n<li data-start=\"1839\" data-end=\"1867\">Sabor equilibrado e natural.<\/li>\n<li data-start=\"1870\" data-end=\"1911\"><strong>Formato 4\/4<\/strong> adequado para usos intensivos.<\/li>\n<li data-start=\"1914\" data-end=\"1955\">Prontos a usar, ganho de tempo garantido.<\/li>\n<li data-start=\"1958\" data-end=\"1998\">Boa resist\u00eancia ao cozimento e em pastelaria.<\/li>\n<\/ul>\n<p>&nbsp;<\/p>\n<p><!--more--><\/p>\n<h4>Outras informa\u00e7\u00f5es :<\/h4>\n<ul>\n<li><strong>Embalagem<\/strong>: Caixa 4\/4<\/li>\n<li><strong>Capacidade<\/strong>: 850 ml<\/li>\n<li><strong>Forma<\/strong>: Metades<\/li>\n<li><strong>Peso l\u00edquido<\/strong>: 820 g<\/li>\n<li><strong>Peso l\u00edquido escorrido<\/strong>: 480 g<\/li>\n<\/ul>\n<p>&nbsp;<\/p>\n<p><!--more--><\/p>\n<p>Estas metades de alperce tamb\u00e9m est\u00e3o dispon\u00edveis em diferentes formatos: <span style=\"color: #d12727;\"><a style=\"color: #d12727;\" href=\"https:\/\/www.csj-emballages.com\/es\/produit\/5-1-lata-de-albaricoques-sin-pelar-para-reposteria\/\">Lata 5\/1<\/a> <\/span>\/ <span style=\"color: #d12727;\"><a style=\"color: #d12727;\" href=\"https:\/\/www.csj-emballages.com\/es\/produit\/3-1-lata-de-albaricoques-sin-pelar-para-reposteria\/\">Lata 3\/1<\/a><\/span><\/p>\n<p>&nbsp;<\/p>\n<p><!--more--><\/p>\n<p><a href=\"https:\/\/www.csj-emballages.com\/pt-pt\/categorie-produit\/alimentacao-pt-pt\/alimentacao\/frutos-secos-e-frutos-em-calda\/damasco\/\">Consulte o resto da nossa gama de alperces em calda<\/a><\/p>\n<p>&nbsp;<\/p>\n","protected":false},"excerpt":{"rendered":"<p>Metades de alperces Descubra os nossos me\u0301dios de alperce conservados em lata 4\/4<\/p>\n","protected":false},"featured_media":260804,"template":"","meta":{"_acf_changed":false},"product_brand":[],"product_cat":[1151,1184,1197,5927],"product_tag":[],"class_list":{"0":"post-159588","1":"product","2":"type-product","3":"status-publish","4":"has-post-thumbnail","6":"product_cat-alimentacao-pt-pt","7":"product_cat-alimentacao","8":"product_cat-frutos-secos-e-frutos-em-calda","9":"product_cat-damasco","11":"first","12":"instock","13":"taxable","14":"shipping-taxable","15":"purchasable","16":"product-type-simple"},"acf":[],"yoast_head":"<!-- This site is optimized with the Yoast SEO Premium plugin v26.6 (Yoast SEO v26.6) - https:\/\/yoast.com\/wordpress\/plugins\/seo\/ -->\n<title>Metades de Alperce em Conserva em Lata 4\/4<\/title>\n<meta name=\"description\" content=\"Metades de alperce em conserva em lata 4\/4: frutos prontos a usar, fundentes e saborosos, ideais para sobremesas, pastelaria e cozinha profissional.\" \/>\n<meta name=\"robots\" content=\"index, follow, max-snippet:-1, max-image-preview:large, max-video-preview:-1\" \/>\n<link rel=\"canonical\" href=\"https:\/\/www.csj-emballages.com\/pt-pt\/produit\/4-4-latas-de-damascos-descascados-em-conserva\/\" \/>\n<meta property=\"og:locale\" content=\"pt_PT\" \/>\n<meta property=\"og:type\" content=\"article\" \/>\n<meta property=\"og:title\" content=\"Metades de alperce em conserva em lata 4\/4\" \/>\n<meta property=\"og:description\" content=\"Metades de alperce em conserva em lata 4\/4: frutos prontos a usar, fundentes e saborosos, ideais para sobremesas, pastelaria e cozinha profissional.\" \/>\n<meta property=\"og:url\" content=\"https:\/\/www.csj-emballages.com\/pt-pt\/produit\/4-4-latas-de-damascos-descascados-em-conserva\/\" \/>\n<meta property=\"og:site_name\" content=\"CSJ Emballages\" \/>\n<meta property=\"article:publisher\" content=\"https:\/\/www.facebook.com\/csjemballages\" \/>\n<meta property=\"article:modified_time\" content=\"2026-03-31T00:10:16+00:00\" \/>\n<meta property=\"og:image\" content=\"https:\/\/www.csj-emballages.com\/wp-content\/uploads\/2024\/11\/010196.webp\" \/>\n\t<meta property=\"og:image:width\" content=\"800\" \/>\n\t<meta property=\"og:image:height\" content=\"800\" \/>\n\t<meta property=\"og:image:type\" content=\"image\/webp\" \/>\n<meta name=\"twitter:card\" content=\"summary_large_image\" \/>\n<meta name=\"twitter:label1\" content=\"Tempo estimado de leitura\" \/>\n\t<meta name=\"twitter:data1\" content=\"2 minutos\" \/>\n<script type=\"application\/ld+json\" class=\"yoast-schema-graph\">{\"@context\":\"https:\/\/schema.org\",\"@graph\":[{\"@type\":\"WebPage\",\"@id\":\"https:\/\/www.csj-emballages.com\/pt-pt\/produit\/4-4-latas-de-damascos-descascados-em-conserva\/\",\"url\":\"https:\/\/www.csj-emballages.com\/pt-pt\/produit\/4-4-latas-de-damascos-descascados-em-conserva\/\",\"name\":\"Metades de Alperce em Conserva em Lata 4\/4\",\"isPartOf\":{\"@id\":\"https:\/\/www.csj-emballages.com\/pt-pt\/#website\"},\"primaryImageOfPage\":{\"@id\":\"https:\/\/www.csj-emballages.com\/pt-pt\/produit\/4-4-latas-de-damascos-descascados-em-conserva\/#primaryimage\"},\"image\":{\"@id\":\"https:\/\/www.csj-emballages.com\/pt-pt\/produit\/4-4-latas-de-damascos-descascados-em-conserva\/#primaryimage\"},\"thumbnailUrl\":\"https:\/\/www.csj-emballages.com\/wp-content\/uploads\/2024\/11\/010196.webp\",\"datePublished\":\"2024-11-06T01:18:15+00:00\",\"dateModified\":\"2026-03-31T00:10:16+00:00\",\"description\":\"Metades de alperce em conserva em lata 4\/4: frutos prontos a usar, fundentes e saborosos, ideais para sobremesas, pastelaria e cozinha profissional.\",\"breadcrumb\":{\"@id\":\"https:\/\/www.csj-emballages.com\/pt-pt\/produit\/4-4-latas-de-damascos-descascados-em-conserva\/#breadcrumb\"},\"inLanguage\":\"pt-PT\",\"potentialAction\":[{\"@type\":\"ReadAction\",\"target\":[\"https:\/\/www.csj-emballages.com\/pt-pt\/produit\/4-4-latas-de-damascos-descascados-em-conserva\/\"]}]},{\"@type\":\"ImageObject\",\"inLanguage\":\"pt-PT\",\"@id\":\"https:\/\/www.csj-emballages.com\/pt-pt\/produit\/4-4-latas-de-damascos-descascados-em-conserva\/#primaryimage\",\"url\":\"https:\/\/www.csj-emballages.com\/wp-content\/uploads\/2024\/11\/010196.webp\",\"contentUrl\":\"https:\/\/www.csj-emballages.com\/wp-content\/uploads\/2024\/11\/010196.webp\",\"width\":800,\"height\":800,\"caption\":\"Oreillons d'abricots\"},{\"@type\":\"BreadcrumbList\",\"@id\":\"https:\/\/www.csj-emballages.com\/pt-pt\/produit\/4-4-latas-de-damascos-descascados-em-conserva\/#breadcrumb\",\"itemListElement\":[{\"@type\":\"ListItem\",\"position\":1,\"name\":\"Acolhimento\",\"item\":\"https:\/\/www.csj-emballages.com\/pt-pt\/universo-das-embalagens-alimentares\/\"},{\"@type\":\"ListItem\",\"position\":2,\"name\":\"Shop\",\"item\":\"https:\/\/www.csj-emballages.com\/shop\/\"},{\"@type\":\"ListItem\",\"position\":3,\"name\":\"Metades de alperce em conserva em lata 4\/4\"}]},{\"@type\":\"WebSite\",\"@id\":\"https:\/\/www.csj-emballages.com\/pt-pt\/#website\",\"url\":\"https:\/\/www.csj-emballages.com\/pt-pt\/\",\"name\":\"CSJ Emballages\",\"description\":\"\",\"publisher\":{\"@id\":\"https:\/\/www.csj-emballages.com\/pt-pt\/#organization\"},\"potentialAction\":[{\"@type\":\"SearchAction\",\"target\":{\"@type\":\"EntryPoint\",\"urlTemplate\":\"https:\/\/www.csj-emballages.com\/pt-pt\/?s={search_term_string}\"},\"query-input\":{\"@type\":\"PropertyValueSpecification\",\"valueRequired\":true,\"valueName\":\"search_term_string\"}}],\"inLanguage\":\"pt-PT\"},{\"@type\":\"Organization\",\"@id\":\"https:\/\/www.csj-emballages.com\/pt-pt\/#Organization\/\",\"name\":\"CSJ Emballages\",\"url\":\"https:\/\/www.csj-emballages.com\/pt-pt\/\",\"logo\":{\"@type\":\"ImageObject\",\"inLanguage\":\"pt-PT\",\"@id\":\"https:\/\/www.csj-emballages.com\/pt-pt\/#\/schema\/logo\/image\/\",\"url\":\"https:\/\/www.csj-emballages.com\/wp-content\/uploads\/2023\/10\/logo_csj.webp\",\"contentUrl\":\"https:\/\/www.csj-emballages.com\/wp-content\/uploads\/2023\/10\/logo_csj.webp\",\"width\":250,\"height\":95,\"caption\":\"CSJ Emballages\"},\"image\":{\"@id\":\"https:\/\/www.csj-emballages.com\/pt-pt\/#\/schema\/logo\/image\/\"},\"sameAs\":[\"https:\/\/www.facebook.com\/csjemballages\"],\"address\":{\"@type\":\"PostalAddress\",\"streetAddress\":\"ZI La Lechere\",\"addressLocality\":\"Patornay\",\"postalCode\":\"39130\",\"addressCountry\":\"FR\"},\"contactPoint\":[{\"@type\":\"ContactPoint\",\"contactType\":\"Service client\",\"telephone\":\"0384254272\",\"email\":\"contact@csj-emballages.com\"}]}]}<\/script>\n<!-- \/ Yoast SEO Premium plugin. -->","yoast_head_json":{"title":"Metades de Alperce em Conserva em Lata 4\/4","description":"Metades de alperce em conserva em lata 4\/4: frutos prontos a usar, fundentes e saborosos, ideais para sobremesas, pastelaria e cozinha profissional.","robots":{"index":"index","follow":"follow","max-snippet":"max-snippet:-1","max-image-preview":"max-image-preview:large","max-video-preview":"max-video-preview:-1"},"canonical":"https:\/\/www.csj-emballages.com\/pt-pt\/produit\/4-4-latas-de-damascos-descascados-em-conserva\/","og_locale":"pt_PT","og_type":"article","og_title":"Metades de alperce em conserva em lata 4\/4","og_description":"Metades de alperce em conserva em lata 4\/4: frutos prontos a usar, fundentes e saborosos, ideais para sobremesas, pastelaria e cozinha profissional.","og_url":"https:\/\/www.csj-emballages.com\/pt-pt\/produit\/4-4-latas-de-damascos-descascados-em-conserva\/","og_site_name":"CSJ Emballages","article_publisher":"https:\/\/www.facebook.com\/csjemballages","article_modified_time":"2026-03-31T00:10:16+00:00","og_image":[{"width":800,"height":800,"url":"https:\/\/www.csj-emballages.com\/wp-content\/uploads\/2024\/11\/010196.webp","type":"image\/webp"}],"twitter_card":"summary_large_image","twitter_misc":{"Tempo estimado de leitura":"2 minutos"},"schema":{"@context":"https:\/\/schema.org","@graph":[{"@type":"WebPage","@id":"https:\/\/www.csj-emballages.com\/pt-pt\/produit\/4-4-latas-de-damascos-descascados-em-conserva\/","url":"https:\/\/www.csj-emballages.com\/pt-pt\/produit\/4-4-latas-de-damascos-descascados-em-conserva\/","name":"Metades de Alperce em Conserva em Lata 4\/4","isPartOf":{"@id":"https:\/\/www.csj-emballages.com\/pt-pt\/#website"},"primaryImageOfPage":{"@id":"https:\/\/www.csj-emballages.com\/pt-pt\/produit\/4-4-latas-de-damascos-descascados-em-conserva\/#primaryimage"},"image":{"@id":"https:\/\/www.csj-emballages.com\/pt-pt\/produit\/4-4-latas-de-damascos-descascados-em-conserva\/#primaryimage"},"thumbnailUrl":"https:\/\/www.csj-emballages.com\/wp-content\/uploads\/2024\/11\/010196.webp","datePublished":"2024-11-06T01:18:15+00:00","dateModified":"2026-03-31T00:10:16+00:00","description":"Metades de alperce em conserva em lata 4\/4: frutos prontos a usar, fundentes e saborosos, ideais para sobremesas, pastelaria e cozinha profissional.","breadcrumb":{"@id":"https:\/\/www.csj-emballages.com\/pt-pt\/produit\/4-4-latas-de-damascos-descascados-em-conserva\/#breadcrumb"},"inLanguage":"pt-PT","potentialAction":[{"@type":"ReadAction","target":["https:\/\/www.csj-emballages.com\/pt-pt\/produit\/4-4-latas-de-damascos-descascados-em-conserva\/"]}]},{"@type":"ImageObject","inLanguage":"pt-PT","@id":"https:\/\/www.csj-emballages.com\/pt-pt\/produit\/4-4-latas-de-damascos-descascados-em-conserva\/#primaryimage","url":"https:\/\/www.csj-emballages.com\/wp-content\/uploads\/2024\/11\/010196.webp","contentUrl":"https:\/\/www.csj-emballages.com\/wp-content\/uploads\/2024\/11\/010196.webp","width":800,"height":800,"caption":"Oreillons d'abricots"},{"@type":"BreadcrumbList","@id":"https:\/\/www.csj-emballages.com\/pt-pt\/produit\/4-4-latas-de-damascos-descascados-em-conserva\/#breadcrumb","itemListElement":[{"@type":"ListItem","position":1,"name":"Acolhimento","item":"https:\/\/www.csj-emballages.com\/pt-pt\/universo-das-embalagens-alimentares\/"},{"@type":"ListItem","position":2,"name":"Shop","item":"https:\/\/www.csj-emballages.com\/shop\/"},{"@type":"ListItem","position":3,"name":"Metades de alperce em conserva em lata 4\/4"}]},{"@type":"WebSite","@id":"https:\/\/www.csj-emballages.com\/pt-pt\/#website","url":"https:\/\/www.csj-emballages.com\/pt-pt\/","name":"CSJ Emballages","description":"","publisher":{"@id":"https:\/\/www.csj-emballages.com\/pt-pt\/#organization"},"potentialAction":[{"@type":"SearchAction","target":{"@type":"EntryPoint","urlTemplate":"https:\/\/www.csj-emballages.com\/pt-pt\/?s={search_term_string}"},"query-input":{"@type":"PropertyValueSpecification","valueRequired":true,"valueName":"search_term_string"}}],"inLanguage":"pt-PT"},{"@type":"Organization","@id":"https:\/\/www.csj-emballages.com\/pt-pt\/#Organization\/","name":"CSJ Emballages","url":"https:\/\/www.csj-emballages.com\/pt-pt\/","logo":{"@type":"ImageObject","inLanguage":"pt-PT","@id":"https:\/\/www.csj-emballages.com\/pt-pt\/#\/schema\/logo\/image\/","url":"https:\/\/www.csj-emballages.com\/wp-content\/uploads\/2023\/10\/logo_csj.webp","contentUrl":"https:\/\/www.csj-emballages.com\/wp-content\/uploads\/2023\/10\/logo_csj.webp","width":250,"height":95,"caption":"CSJ Emballages"},"image":{"@id":"https:\/\/www.csj-emballages.com\/pt-pt\/#\/schema\/logo\/image\/"},"sameAs":["https:\/\/www.facebook.com\/csjemballages"],"address":{"@type":"PostalAddress","streetAddress":"ZI La Lechere","addressLocality":"Patornay","postalCode":"39130","addressCountry":"FR"},"contactPoint":[{"@type":"ContactPoint","contactType":"Service client","telephone":"0384254272","email":"contact@csj-emballages.com"}]}]}},"df_price":2.91,"df_sale_price":"","df_regular_price":2.91,"df_image_link":"https:\/\/www.csj-emballages.com\/wp-content\/uploads\/2024\/11\/010196-300x300.webp","tiered_pricing_type":"fixed","tiered_pricing_fixed_rules":[],"tiered_pricing_percentage_rules":[],"tiered_pricing_minimum":1,"tiered_pricing_roles_data":[],"_links":{"self":[{"href":"https:\/\/www.csj-emballages.com\/pt-pt\/wp-json\/wp\/v2\/product\/159588","targetHints":{"allow":["GET"]}}],"collection":[{"href":"https:\/\/www.csj-emballages.com\/pt-pt\/wp-json\/wp\/v2\/product"}],"about":[{"href":"https:\/\/www.csj-emballages.com\/pt-pt\/wp-json\/wp\/v2\/types\/product"}],"wp:featuredmedia":[{"embeddable":true,"href":"https:\/\/www.csj-emballages.com\/pt-pt\/wp-json\/wp\/v2\/media\/260804"}],"wp:attachment":[{"href":"https:\/\/www.csj-emballages.com\/pt-pt\/wp-json\/wp\/v2\/media?parent=159588"}],"wp:term":[{"taxonomy":"product_brand","embeddable":true,"href":"https:\/\/www.csj-emballages.com\/pt-pt\/wp-json\/wp\/v2\/product_brand?post=159588"},{"taxonomy":"product_cat","embeddable":true,"href":"https:\/\/www.csj-emballages.com\/pt-pt\/wp-json\/wp\/v2\/product_cat?post=159588"},{"taxonomy":"product_tag","embeddable":true,"href":"https:\/\/www.csj-emballages.com\/pt-pt\/wp-json\/wp\/v2\/product_tag?post=159588"}],"curies":[{"name":"wp","href":"https:\/\/api.w.org\/{rel}","templated":true}]}}