{"id":159587,"date":"2024-11-06T02:18:18","date_gmt":"2024-11-06T01:18:18","guid":{"rendered":"https:\/\/www.csj-emballages.com\/?post_type=product&#038;p=159587"},"modified":"2026-04-03T02:11:57","modified_gmt":"2026-04-03T00:11:57","slug":"1-kg-de-sultana-sultana","status":"publish","type":"product","link":"https:\/\/www.csj-emballages.com\/pt-pt\/produit\/1-kg-de-sultana-sultana\/","title":{"rendered":"Sultana sultanas 1kg"},"content":{"rendered":"<h2>Sultanas<\/h2>\n<hr>\n<h3><span style=\"font-weight: bold\">Descubra as nossas sultanas por 1kg<\/span><\/h3>\n<p><strong>As sultanas Sultana<\/strong> por <strong>1kg<\/strong> s\u00e3o uma excelente op\u00e7\u00e3o para quem procura uma fruta deliciosa e nutritiva. <strong>Estas sultanas<\/strong> prov\u00eam dos melhores cachos de uvas, cuidadosamente selecionados e secos para oferecer uma qualidade impec\u00e1vel. O seu sabor doce e a sua textura tenra fazem delas a escolha perfeita para as tuas necessidades culin\u00e1rias e para o teu lanche. Podes com\u00ea-las tal como est\u00e3o ou adicion\u00e1-las \u00e0s tuas receitas favoritas. <strong>As sultanas<\/strong> s\u00e3o particularmente apreciadas pela sua do\u00e7ura natural. De facto, esta <strong>sultana<\/strong> destaca-se pelo seu sabor doce, sem adi\u00e7\u00e3o de a\u00e7\u00facares artificiais. Este produto \u00e9 ideal para quem quer ter uma alimenta\u00e7\u00e3o saud\u00e1vel e, ao mesmo tempo, divertir-se.      <\/p>\n<p>Tamb\u00e9m se prestam a uma grande variedade de utiliza\u00e7\u00f5es na cozinha. Pode adicion\u00e1-los aos seus cereais matinais, ou adicion\u00e1-los \u00e0s suas saladas ou sobremesas. O seu sabor doce combina na perfei\u00e7\u00e3o com frutos secos, chocolate ou mesmo com especiarias como a canela. Se gosta de cozinhar, <strong>as sultanas<\/strong> s\u00e3o um ingrediente essencial para os seus bolos, muffins e p\u00e3es.   <\/p>\n<p>&nbsp;<\/p>\n<p><!--more--><\/p>\n<h4>Benef\u00edcios nutricionais<\/h4>\n<p><strong>As sultanas<\/strong> s\u00e3o tamb\u00e9m uma excelente fonte de energia r\u00e1pida. Quer procures um est\u00edmulo depois de uma sess\u00e3o de desporto ou para te manteres vivo at\u00e9 \u00e0 pr\u00f3xima refei\u00e7\u00e3o, elas s\u00e3o o snack ideal. Podes lev\u00e1-las para qualquer lado, na tua mala ou na lancheira. O seu formato <strong>de 1 kg<\/strong> permite-te utiliz\u00e1-las em grandes quantidades nas receitas, oferecendo uma excelente rela\u00e7\u00e3o qualidade\/pre\u00e7o.   <\/p>\n<p>Para al\u00e9m do seu sabor excecional, <strong>as uvas<\/strong> s\u00e3o muito nutritivas. Cont\u00eam fibras, vitaminas e minerais essenciais que contribuem para uma dieta equilibrada. O seu elevado teor de antioxidantes ajuda a proteger o teu corpo contra os radicais livres. Al\u00e9m disso, o seu baixo teor de gordura torna-as uma alternativa saud\u00e1vel aos tradicionais snacks doces.   <\/p>\n<p>&nbsp;<\/p>\n<p><!--more--><\/p>\n<h4>As vantagens:<\/h4>\n<ul>\n<li><strong>Do\u00e7ura natural<\/strong>: Ao contr\u00e1rio de outros snacks doces <strong>, as sultanas<\/strong> n\u00e3o cont\u00eam a\u00e7\u00facar adicionado. A sua do\u00e7ura vem diretamente da natureza. <\/li>\n<li><strong>Pr\u00e1ticas e vers\u00e1teis<\/strong>: Estas <strong>uvas<\/strong> s\u00e3o ideais para um consumo r\u00e1pido, seja como snack, adicionadas aos teus cereais ou incorporadas nas tuas receitas.<\/li>\n<li><strong>Energia r\u00e1pida<\/strong>: <strong>As sultanas<\/strong> s\u00e3o ricas em a\u00e7\u00facares naturais, o que as torna uma excelente fonte de energia r\u00e1pida.<\/li>\n<li><strong>Econ\u00f3mico<\/strong>: O seu formato de 1 kg \u00e9 tamb\u00e9m econ\u00f3mico e pr\u00e1tico para uma variedade de utiliza\u00e7\u00f5es.<\/li>\n<\/ul>\n<p>&nbsp;<\/p>\n<p><!--more--><\/p>\n<h4>Outras informa\u00e7\u00f5es :<\/h4>\n<ul>\n<li><strong>Embalagem<\/strong>: 1kg<\/li>\n<li><b>Origem: <\/b>China<\/li>\n<li><strong>Tipo<\/strong>: Raisin<\/li>\n<\/ul>\n<p>&nbsp;<\/p>\n<p><!--more--><\/p>\n<p>Encontre aqui as nossas ameixas secas e alperces secos: <span style=\"color: #d12727\"><a style=\"color: #d12727\" href=\"https:\/\/www.csj-emballages.com\/es\/produit\/1-kg-de-ciruelas-pasas-deshuesadas\/\">160011<\/a> <\/span>\/ <span style=\"color: #d12727\"><a style=\"color: #d12727\" href=\"https:\/\/www.csj-emballages.com\/es\/produit\/1-kg-de-albaricoques-secos-enteros\/\">160012<\/a><\/span><\/p>\n<div style=\"font-family: Roboto, sans-serif\"><\/div>\n<p><!--more--><\/p>\n<p><a href=\"https:\/\/www.csj-emballages.com\/pt-pt\/categorie-produit\/alimentacao-pt-pt\/frutas-secas\/\">V\u00ea o resto da nossa gama de frutos secos aqui<\/a><\/p>\n","protected":false},"excerpt":{"rendered":"<p>Sultanas Descubra as nossas sultanas por 1kg As sultanas Sultana por 1kg s\u00e3o uma excelente op\u00e7\u00e3o para quem procura uma fruta deliciosa e nutritiva. Estas sultanas prov\u00eam dos melhores cachos de uvas, cuidadosamente selecionados e secos para oferecer uma qualidade impec\u00e1vel. O seu sabor doce e a sua textura tenra fazem delas a escolha perfeita [&hellip;]<\/p>\n","protected":false},"featured_media":191057,"template":"","meta":{"_acf_changed":false},"product_brand":[],"product_cat":[1151,7622],"product_tag":[],"class_list":{"0":"post-159587","1":"product","2":"type-product","3":"status-publish","4":"has-post-thumbnail","6":"product_cat-alimentacao-pt-pt","7":"product_cat-frutas-secas","9":"first","10":"instock","11":"taxable","12":"shipping-taxable","13":"purchasable","14":"product-type-simple"},"acf":[],"yoast_head":"<!-- This site is optimized with the Yoast SEO Premium plugin v26.6 (Yoast SEO v26.6) - https:\/\/yoast.com\/wordpress\/plugins\/seo\/ -->\n<title>Sultana Raisins por 1kg<\/title>\n<meta name=\"description\" content=\"Descubra as nossas sultanas em embalagens de 1 kg. Ideal para pastelaria, sobremesas e outras prepara\u00e7\u00f5es doces e salgadas.\" \/>\n<meta name=\"robots\" content=\"index, follow, max-snippet:-1, max-image-preview:large, max-video-preview:-1\" \/>\n<link rel=\"canonical\" href=\"https:\/\/www.csj-emballages.com\/pt-pt\/produit\/1-kg-de-sultana-sultana\/\" \/>\n<meta property=\"og:locale\" content=\"pt_PT\" \/>\n<meta property=\"og:type\" content=\"article\" \/>\n<meta property=\"og:title\" content=\"Sultana sultanas 1kg\" \/>\n<meta property=\"og:description\" content=\"Descubra as nossas sultanas em embalagens de 1 kg. Ideal para pastelaria, sobremesas e outras prepara\u00e7\u00f5es doces e salgadas.\" \/>\n<meta property=\"og:url\" content=\"https:\/\/www.csj-emballages.com\/pt-pt\/produit\/1-kg-de-sultana-sultana\/\" \/>\n<meta property=\"og:site_name\" content=\"CSJ Emballages\" \/>\n<meta property=\"article:publisher\" content=\"https:\/\/www.facebook.com\/csjemballages\" \/>\n<meta property=\"article:modified_time\" content=\"2026-04-03T00:11:57+00:00\" \/>\n<meta property=\"og:image\" content=\"https:\/\/www.csj-emballages.com\/wp-content\/uploads\/2024\/11\/Photo-2-png-e1732875965745.webp\" \/>\n\t<meta property=\"og:image:width\" content=\"1563\" \/>\n\t<meta property=\"og:image:height\" content=\"1563\" \/>\n\t<meta property=\"og:image:type\" content=\"image\/png\" \/>\n<meta name=\"twitter:card\" content=\"summary_large_image\" \/>\n<meta name=\"twitter:label1\" content=\"Tempo estimado de leitura\" \/>\n\t<meta name=\"twitter:data1\" content=\"2 minutos\" \/>\n<script type=\"application\/ld+json\" class=\"yoast-schema-graph\">{\"@context\":\"https:\/\/schema.org\",\"@graph\":[{\"@type\":\"WebPage\",\"@id\":\"https:\/\/www.csj-emballages.com\/pt-pt\/produit\/1-kg-de-sultana-sultana\/\",\"url\":\"https:\/\/www.csj-emballages.com\/pt-pt\/produit\/1-kg-de-sultana-sultana\/\",\"name\":\"Sultana Raisins por 1kg\",\"isPartOf\":{\"@id\":\"https:\/\/www.csj-emballages.com\/pt-pt\/#website\"},\"primaryImageOfPage\":{\"@id\":\"https:\/\/www.csj-emballages.com\/pt-pt\/produit\/1-kg-de-sultana-sultana\/#primaryimage\"},\"image\":{\"@id\":\"https:\/\/www.csj-emballages.com\/pt-pt\/produit\/1-kg-de-sultana-sultana\/#primaryimage\"},\"thumbnailUrl\":\"https:\/\/www.csj-emballages.com\/wp-content\/uploads\/2024\/11\/Photo-2-png-e1732875965745.webp\",\"datePublished\":\"2024-11-06T01:18:18+00:00\",\"dateModified\":\"2026-04-03T00:11:57+00:00\",\"description\":\"Descubra as nossas sultanas em embalagens de 1 kg. Ideal para pastelaria, sobremesas e outras prepara\u00e7\u00f5es doces e salgadas.\",\"breadcrumb\":{\"@id\":\"https:\/\/www.csj-emballages.com\/pt-pt\/produit\/1-kg-de-sultana-sultana\/#breadcrumb\"},\"inLanguage\":\"pt-PT\",\"potentialAction\":[{\"@type\":\"ReadAction\",\"target\":[\"https:\/\/www.csj-emballages.com\/pt-pt\/produit\/1-kg-de-sultana-sultana\/\"]}]},{\"@type\":\"ImageObject\",\"inLanguage\":\"pt-PT\",\"@id\":\"https:\/\/www.csj-emballages.com\/pt-pt\/produit\/1-kg-de-sultana-sultana\/#primaryimage\",\"url\":\"https:\/\/www.csj-emballages.com\/wp-content\/uploads\/2024\/11\/Photo-2-png-e1732875965745.webp\",\"contentUrl\":\"https:\/\/www.csj-emballages.com\/wp-content\/uploads\/2024\/11\/Photo-2-png-e1732875965745.webp\",\"width\":1563,\"height\":1563,\"caption\":\"Raisin sec\"},{\"@type\":\"BreadcrumbList\",\"@id\":\"https:\/\/www.csj-emballages.com\/pt-pt\/produit\/1-kg-de-sultana-sultana\/#breadcrumb\",\"itemListElement\":[{\"@type\":\"ListItem\",\"position\":1,\"name\":\"Acolhimento\",\"item\":\"https:\/\/www.csj-emballages.com\/pt-pt\/universo-das-embalagens-alimentares\/\"},{\"@type\":\"ListItem\",\"position\":2,\"name\":\"Shop\",\"item\":\"https:\/\/www.csj-emballages.com\/shop\/\"},{\"@type\":\"ListItem\",\"position\":3,\"name\":\"Sultana sultanas 1kg\"}]},{\"@type\":\"WebSite\",\"@id\":\"https:\/\/www.csj-emballages.com\/pt-pt\/#website\",\"url\":\"https:\/\/www.csj-emballages.com\/pt-pt\/\",\"name\":\"CSJ Emballages\",\"description\":\"\",\"publisher\":{\"@id\":\"https:\/\/www.csj-emballages.com\/pt-pt\/#organization\"},\"potentialAction\":[{\"@type\":\"SearchAction\",\"target\":{\"@type\":\"EntryPoint\",\"urlTemplate\":\"https:\/\/www.csj-emballages.com\/pt-pt\/?s={search_term_string}\"},\"query-input\":{\"@type\":\"PropertyValueSpecification\",\"valueRequired\":true,\"valueName\":\"search_term_string\"}}],\"inLanguage\":\"pt-PT\"},{\"@type\":\"Organization\",\"@id\":\"https:\/\/www.csj-emballages.com\/pt-pt\/#Organization\/\",\"name\":\"CSJ Emballages\",\"url\":\"https:\/\/www.csj-emballages.com\/pt-pt\/\",\"logo\":{\"@type\":\"ImageObject\",\"inLanguage\":\"pt-PT\",\"@id\":\"https:\/\/www.csj-emballages.com\/pt-pt\/#\/schema\/logo\/image\/\",\"url\":\"https:\/\/www.csj-emballages.com\/wp-content\/uploads\/2023\/10\/logo_csj.webp\",\"contentUrl\":\"https:\/\/www.csj-emballages.com\/wp-content\/uploads\/2023\/10\/logo_csj.webp\",\"width\":250,\"height\":95,\"caption\":\"CSJ Emballages\"},\"image\":{\"@id\":\"https:\/\/www.csj-emballages.com\/pt-pt\/#\/schema\/logo\/image\/\"},\"sameAs\":[\"https:\/\/www.facebook.com\/csjemballages\"],\"address\":{\"@type\":\"PostalAddress\",\"streetAddress\":\"ZI La Lechere\",\"addressLocality\":\"Patornay\",\"postalCode\":\"39130\",\"addressCountry\":\"FR\"},\"contactPoint\":[{\"@type\":\"ContactPoint\",\"contactType\":\"Service client\",\"telephone\":\"0384254272\",\"email\":\"contact@csj-emballages.com\"}]}]}<\/script>\n<!-- \/ Yoast SEO Premium plugin. -->","yoast_head_json":{"title":"Sultana Raisins por 1kg","description":"Descubra as nossas sultanas em embalagens de 1 kg. Ideal para pastelaria, sobremesas e outras prepara\u00e7\u00f5es doces e salgadas.","robots":{"index":"index","follow":"follow","max-snippet":"max-snippet:-1","max-image-preview":"max-image-preview:large","max-video-preview":"max-video-preview:-1"},"canonical":"https:\/\/www.csj-emballages.com\/pt-pt\/produit\/1-kg-de-sultana-sultana\/","og_locale":"pt_PT","og_type":"article","og_title":"Sultana sultanas 1kg","og_description":"Descubra as nossas sultanas em embalagens de 1 kg. Ideal para pastelaria, sobremesas e outras prepara\u00e7\u00f5es doces e salgadas.","og_url":"https:\/\/www.csj-emballages.com\/pt-pt\/produit\/1-kg-de-sultana-sultana\/","og_site_name":"CSJ Emballages","article_publisher":"https:\/\/www.facebook.com\/csjemballages","article_modified_time":"2026-04-03T00:11:57+00:00","og_image":[{"width":1563,"height":1563,"url":"https:\/\/www.csj-emballages.com\/wp-content\/uploads\/2024\/11\/Photo-2-png-e1732875965745.webp","type":"image\/png"}],"twitter_card":"summary_large_image","twitter_misc":{"Tempo estimado de leitura":"2 minutos"},"schema":{"@context":"https:\/\/schema.org","@graph":[{"@type":"WebPage","@id":"https:\/\/www.csj-emballages.com\/pt-pt\/produit\/1-kg-de-sultana-sultana\/","url":"https:\/\/www.csj-emballages.com\/pt-pt\/produit\/1-kg-de-sultana-sultana\/","name":"Sultana Raisins por 1kg","isPartOf":{"@id":"https:\/\/www.csj-emballages.com\/pt-pt\/#website"},"primaryImageOfPage":{"@id":"https:\/\/www.csj-emballages.com\/pt-pt\/produit\/1-kg-de-sultana-sultana\/#primaryimage"},"image":{"@id":"https:\/\/www.csj-emballages.com\/pt-pt\/produit\/1-kg-de-sultana-sultana\/#primaryimage"},"thumbnailUrl":"https:\/\/www.csj-emballages.com\/wp-content\/uploads\/2024\/11\/Photo-2-png-e1732875965745.webp","datePublished":"2024-11-06T01:18:18+00:00","dateModified":"2026-04-03T00:11:57+00:00","description":"Descubra as nossas sultanas em embalagens de 1 kg. Ideal para pastelaria, sobremesas e outras prepara\u00e7\u00f5es doces e salgadas.","breadcrumb":{"@id":"https:\/\/www.csj-emballages.com\/pt-pt\/produit\/1-kg-de-sultana-sultana\/#breadcrumb"},"inLanguage":"pt-PT","potentialAction":[{"@type":"ReadAction","target":["https:\/\/www.csj-emballages.com\/pt-pt\/produit\/1-kg-de-sultana-sultana\/"]}]},{"@type":"ImageObject","inLanguage":"pt-PT","@id":"https:\/\/www.csj-emballages.com\/pt-pt\/produit\/1-kg-de-sultana-sultana\/#primaryimage","url":"https:\/\/www.csj-emballages.com\/wp-content\/uploads\/2024\/11\/Photo-2-png-e1732875965745.webp","contentUrl":"https:\/\/www.csj-emballages.com\/wp-content\/uploads\/2024\/11\/Photo-2-png-e1732875965745.webp","width":1563,"height":1563,"caption":"Raisin sec"},{"@type":"BreadcrumbList","@id":"https:\/\/www.csj-emballages.com\/pt-pt\/produit\/1-kg-de-sultana-sultana\/#breadcrumb","itemListElement":[{"@type":"ListItem","position":1,"name":"Acolhimento","item":"https:\/\/www.csj-emballages.com\/pt-pt\/universo-das-embalagens-alimentares\/"},{"@type":"ListItem","position":2,"name":"Shop","item":"https:\/\/www.csj-emballages.com\/shop\/"},{"@type":"ListItem","position":3,"name":"Sultana sultanas 1kg"}]},{"@type":"WebSite","@id":"https:\/\/www.csj-emballages.com\/pt-pt\/#website","url":"https:\/\/www.csj-emballages.com\/pt-pt\/","name":"CSJ Emballages","description":"","publisher":{"@id":"https:\/\/www.csj-emballages.com\/pt-pt\/#organization"},"potentialAction":[{"@type":"SearchAction","target":{"@type":"EntryPoint","urlTemplate":"https:\/\/www.csj-emballages.com\/pt-pt\/?s={search_term_string}"},"query-input":{"@type":"PropertyValueSpecification","valueRequired":true,"valueName":"search_term_string"}}],"inLanguage":"pt-PT"},{"@type":"Organization","@id":"https:\/\/www.csj-emballages.com\/pt-pt\/#Organization\/","name":"CSJ Emballages","url":"https:\/\/www.csj-emballages.com\/pt-pt\/","logo":{"@type":"ImageObject","inLanguage":"pt-PT","@id":"https:\/\/www.csj-emballages.com\/pt-pt\/#\/schema\/logo\/image\/","url":"https:\/\/www.csj-emballages.com\/wp-content\/uploads\/2023\/10\/logo_csj.webp","contentUrl":"https:\/\/www.csj-emballages.com\/wp-content\/uploads\/2023\/10\/logo_csj.webp","width":250,"height":95,"caption":"CSJ Emballages"},"image":{"@id":"https:\/\/www.csj-emballages.com\/pt-pt\/#\/schema\/logo\/image\/"},"sameAs":["https:\/\/www.facebook.com\/csjemballages"],"address":{"@type":"PostalAddress","streetAddress":"ZI La Lechere","addressLocality":"Patornay","postalCode":"39130","addressCountry":"FR"},"contactPoint":[{"@type":"ContactPoint","contactType":"Service client","telephone":"0384254272","email":"contact@csj-emballages.com"}]}]}},"df_price":5.26,"df_sale_price":"","df_regular_price":5.26,"df_image_link":"https:\/\/www.csj-emballages.com\/wp-content\/uploads\/2024\/11\/Photo-2-300x300.webp","tiered_pricing_type":"fixed","tiered_pricing_fixed_rules":[],"tiered_pricing_percentage_rules":[],"tiered_pricing_minimum":1,"tiered_pricing_roles_data":[],"_links":{"self":[{"href":"https:\/\/www.csj-emballages.com\/pt-pt\/wp-json\/wp\/v2\/product\/159587","targetHints":{"allow":["GET"]}}],"collection":[{"href":"https:\/\/www.csj-emballages.com\/pt-pt\/wp-json\/wp\/v2\/product"}],"about":[{"href":"https:\/\/www.csj-emballages.com\/pt-pt\/wp-json\/wp\/v2\/types\/product"}],"wp:featuredmedia":[{"embeddable":true,"href":"https:\/\/www.csj-emballages.com\/pt-pt\/wp-json\/wp\/v2\/media\/191057"}],"wp:attachment":[{"href":"https:\/\/www.csj-emballages.com\/pt-pt\/wp-json\/wp\/v2\/media?parent=159587"}],"wp:term":[{"taxonomy":"product_brand","embeddable":true,"href":"https:\/\/www.csj-emballages.com\/pt-pt\/wp-json\/wp\/v2\/product_brand?post=159587"},{"taxonomy":"product_cat","embeddable":true,"href":"https:\/\/www.csj-emballages.com\/pt-pt\/wp-json\/wp\/v2\/product_cat?post=159587"},{"taxonomy":"product_tag","embeddable":true,"href":"https:\/\/www.csj-emballages.com\/pt-pt\/wp-json\/wp\/v2\/product_tag?post=159587"}],"curies":[{"name":"wp","href":"https:\/\/api.w.org\/{rel}","templated":true}]}}