{"id":159560,"date":"2024-10-15T02:18:16","date_gmt":"2024-10-15T00:18:16","guid":{"rendered":"https:\/\/www.csj-emballages.com\/?post_type=product&#038;p=159560"},"modified":"2026-04-16T02:11:20","modified_gmt":"2026-04-16T00:11:20","slug":"bobina-termo-selavel-para-queijo-e-produtos-lacteos-com-35-cm-de-largura-10-kg","status":"publish","type":"product","link":"https:\/\/www.csj-emballages.com\/pt-pt\/produit\/bobina-termo-selavel-para-queijo-e-produtos-lacteos-com-35-cm-de-largura-10-kg\/","title":{"rendered":"Rolo de papel termo-sel\u00e1vel Queijo e produtos l\u00e1cteos 35 cm de largura 10 kg"},"content":{"rendered":"<div style=\"box-sizing: inherit; font-family: Roboto, sans-serif;\">\n<div style=\"box-sizing: inherit; font-family: Roboto, sans-serif;\">\n<div style=\"box-sizing: inherit; font-family: Roboto, sans-serif;\">\n<div style=\"box-sizing: inherit; font-family: Roboto, sans-serif;\">\n<div style=\"box-sizing: inherit; font-family: Roboto, sans-serif;\">\n<div style=\"box-sizing: inherit; font-family: Roboto, sans-serif;\">\n<div style=\"box-sizing: inherit; font-family: Roboto, sans-serif;\">\n<div style=\"box-sizing: inherit; font-family: Roboto, sans-serif;\">\n<div style=\"box-sizing: inherit; font-family: Roboto, sans-serif;\">\n<div style=\"box-sizing: inherit; font-family: Roboto, sans-serif;\">\n<div style=\"box-sizing: inherit; font-family: Roboto, sans-serif;\">\n<div style=\"box-sizing: inherit; font-family: Roboto, sans-serif;\">\n<div style=\"box-sizing: inherit; font-family: Roboto, sans-serif;\">\n<div class=\"flex flex-grow flex-col max-w-full\">\n<div class=\"min-h-[20px] text-message flex flex-col items-start whitespace-pre-wrap break-words [.text-message+&amp;]:mt-5 juice:w-full juice:items-end overflow-x-auto gap-2\" dir=\"auto\" data-message-author-role=\"assistant\" data-message-id=\"2034782e-88f9-44ef-b4dc-07dd7bf0115f\">\n<div class=\"flex w-full flex-col gap-1 juice:empty:hidden juice:first:pt-[3px]\">\n<div class=\"markdown prose w-full break-words dark:prose-invert light\">\n<div style=\"box-sizing: inherit; font-family: Roboto, sans-serif;\">\n<div style=\"box-sizing: inherit; font-family: Roboto, sans-serif;\">\n<div style=\"box-sizing: inherit; font-family: Roboto, sans-serif;\">\n<div style=\"box-sizing: inherit; font-family: Roboto, sans-serif;\">\n<div style=\"box-sizing: inherit; font-family: Roboto, sans-serif;\">\n<div style=\"box-sizing: inherit; font-family: Roboto, sans-serif;\">\n<h2>Rolo de papel<\/h2>\n<div style=\"box-sizing: inherit; font-family: Roboto, sans-serif;\">\n<div style=\"box-sizing: inherit; font-family: Roboto, sans-serif;\">\n<div style=\"box-sizing: inherit; font-family: Roboto, sans-serif;\">\n<div style=\"text-align: center;\">\n<div style=\"box-sizing: inherit; font-family: Roboto, sans-serif;\">\n<div style=\"box-sizing: inherit; font-family: Roboto, sans-serif;\">\n<div style=\"box-sizing: inherit; font-family: Roboto, sans-serif;\">\n<div style=\"box-sizing: inherit; font-family: Roboto, sans-serif;\">\n<div style=\"box-sizing: inherit; font-family: Roboto, sans-serif;\">\n<div style=\"box-sizing: inherit; font-family: Roboto, sans-serif; text-align: left;\">\n<hr>\n<h3 style=\"text-align: left;\">Descri\u00e7\u00e3o do nosso rolo de papel termossel\u00e1vel Queijo e produtos l\u00e1cteos 35 cm<!--more--><\/h3>\n<\/div>\n<\/div>\n<\/div>\n<\/div>\n<\/div>\n<\/div>\n<\/div>\n<\/div>\n<\/div>\n<\/div>\n<\/div>\n<\/div>\n<\/div>\n<\/div>\n<\/div>\n<\/div>\n<\/div>\n<\/div>\n<\/div>\n<\/div>\n<\/div>\n<\/div>\n<\/div>\n<\/div>\n<\/div>\n<\/div>\n<\/div>\n<\/div>\n<\/div>\n<\/div>\n<\/div>\n<\/div>\n<\/div>\n<p>O <strong>rolo de papel<\/strong> <strong>termossel\u00e1vel de 35 cm de largura<\/strong>, com um peso total de <strong>10 kg<\/strong>, \u00e9 indispens\u00e1vel para os profissionais do sector <strong>do queijo e das natas<\/strong>. Este <strong>rolo de papel<\/strong> foi concebido para proteger de forma \u00f3ptima os produtos e garantir uma apresenta\u00e7\u00e3o atraente. Gra\u00e7as ao seu formato e \u00e0s suas carater\u00edsticas termo-sel\u00e1veis, garante uma embalagem fi\u00e1vel e pr\u00e1tica todos os dias. Este <strong>rolo de papel kraft<\/strong> foi concebido para proteger eficazmente os seus produtos e outros alimentos fr\u00e1geis. A sua textura garante uma barreira s\u00f3lida que preserva a frescura dos produtos e evita os derrames. Para os profissionais exigentes, este <strong>rolo de papel<\/strong> \u00e9 uma garantia de qualidade.     <\/p>\n<p>&nbsp;<\/p>\n<p><!--more--><\/p>\n<h4>Porqu\u00ea utilizar o nosso <strong>rolo de papel<\/strong>?<\/h4>\n<p>Este <strong>rolo de papel<\/strong> \u00e9 f\u00e1cil de utilizar gra\u00e7as \u00e0 sua largura <strong>de 35 cm<\/strong>, ideal para embalagens de diferentes tamanhos. Al\u00e9m disso, o seu formato <strong>termossel\u00e1vel<\/strong> simplifica as opera\u00e7\u00f5es de embalagem, garantindo um fecho herm\u00e9tico. Quer se trate de uma utiliza\u00e7\u00e3o intensiva na oficina ou de uma embalagem para levar, esta <strong>bobina de papel<\/strong> responder\u00e1 a todas as suas necessidades.  <\/p>\n<p>O <strong>rolo termo-sel\u00e1vel<\/strong> foi especificamente concebido para respeitar as normas de seguran\u00e7a alimentar. Cada <strong>rolo de papel<\/strong> garante uma prote\u00e7\u00e3o \u00f3ptima, limitando o risco de contamina\u00e7\u00e3o e assegurando uma higiene impec\u00e1vel. Da mesma forma, ao optar por este <strong>rolo kraft<\/strong>, os profissionais escolhem um material que respeita os g\u00e9neros aliment\u00edcios, prolongando o seu prazo de validade.  <\/p>\n<p>&nbsp;<\/p>\n<p><!--more--><\/p>\n<p>Al\u00e9m disso, o seu formato de <strong>10 kg<\/strong> oferece uma maior rentabilidade, reduzindo a necessidade de reabastecimento frequente e optimizando os custos.<\/p>\n<p>Em suma, a <strong>bobina<\/strong> de <strong>papel<\/strong> <strong>termossel\u00e1vel<\/strong> de <strong>35 cm de largura<\/strong> \u00e9 uma solu\u00e7\u00e3o de embalagem fi\u00e1vel e econ\u00f3mica para os artes\u00e3os. Garante a conserva\u00e7\u00e3o, a seguran\u00e7a e a apresenta\u00e7\u00e3o dos produtos. F\u00e1cil de utilizar, esta <strong>bobina de papel<\/strong> \u00e9 indispens\u00e1vel para responder \u00e0s exig\u00eancias do sector. Ao escolher esta <strong>bobina de papel<\/strong>, os profissionais podem ter a certeza de oferecer produtos frescos, embalados com cuidado e em conformidade com as normas de higiene.   <\/p>\n<p>&nbsp;<\/p>\n<p><!--more--><\/p>\n<div style=\"box-sizing: inherit; font-family: Roboto, sans-serif;\">\n<div style=\"box-sizing: inherit; font-family: Roboto, sans-serif;\">\n<div class=\"flex flex-grow flex-col max-w-full\">\n<div class=\"min-h-[20px] text-message flex flex-col items-start whitespace-pre-wrap break-words [.text-message+&amp;]:mt-5 juice:w-full juice:items-end overflow-x-auto gap-2\" dir=\"auto\" data-message-author-role=\"assistant\" data-message-id=\"2034782e-88f9-44ef-b4dc-07dd7bf0115f\">\n<div class=\"flex w-full flex-col gap-1 juice:empty:hidden juice:first:pt-[3px]\">\n<div class=\"markdown prose w-full break-words dark:prose-invert light\">\n<div style=\"box-sizing: inherit; font-family: Roboto, sans-serif;\">\n<div style=\"box-sizing: inherit; font-family: Roboto, sans-serif;\">\n<div style=\"box-sizing: inherit; font-family: Roboto, sans-serif;\">\n<div style=\"box-sizing: inherit; font-family: Roboto, sans-serif;\">\n<div style=\"box-sizing: inherit; font-family: Roboto, sans-serif;\">\n<div style=\"box-sizing: inherit; font-family: Roboto, sans-serif;\">\n<h4 style=\"text-align: left;\"><strong>As vantagens do nosso rolo de papel <\/strong>kraft termossel\u00e1vel de 35 cm <strong>:<\/strong><\/h4>\n<\/div>\n<\/div>\n<\/div>\n<\/div>\n<\/div>\n<\/div>\n<\/div>\n<\/div>\n<\/div>\n<\/div>\n<\/div>\n<\/div>\n<ul>\n<li><strong>Prote\u00e7\u00e3o e conserva\u00e7\u00e3o \u00f3ptimas<\/strong>: o <strong>rolo termossel\u00e1vel<\/strong> proporciona uma barreira eficaz contra a humidade e os contaminantes, garantindo que os produtos frescos se mant\u00eam frescos durante mais tempo.<\/li>\n<li><strong>Facilidade de utiliza\u00e7\u00e3o<\/strong>: Com uma largura de 35 cm e um peso de 10 kg, o <strong>rolo de papel<\/strong> \u00e9 compat\u00edvel com as m\u00e1quinas de selagem a quente comuns, tornando a embalagem r\u00e1pida e pr\u00e1tica.<\/li>\n<li><strong>Versatilidade<\/strong>: Este <strong>rolo kraft<\/strong> \u00e9 adequado para uma grande variedade de produtos, como o queijo.<\/li>\n<li><strong>Poupan\u00e7a de tempo e de custos<\/strong>: O seu formato generoso significa que pode ser utilizado durante mais tempo, reduzindo a necessidade de reabastecimento frequente.<\/li>\n<\/ul>\n<p>&nbsp;<\/p>\n<p><!--more--><\/p>\n<h4>Outras informa\u00e7\u00f5es sobre este produto:<\/h4>\n<ul style=\"box-sizing: inherit; font-family: Roboto, sans-serif;\">\n<li><strong>Embalagem<\/strong>: 1 rolo<\/li>\n<li><span style=\"font-weight: bold;\">Dimens\u00f5es<\/span>: 35 x 20,5 (L x A em cm)<\/li>\n<li><strong>Material<\/strong>: Papel<\/li>\n<li><strong>Op\u00e7\u00e3o<\/strong>: Selagem a quente<\/li>\n<\/ul>\n<p>&nbsp;<\/p>\n<p><!--more--><\/p>\n<p>Este produto tamb\u00e9m est\u00e1 dispon\u00edvel em branco: <span style=\"color: #d12727;\"><a style=\"color: #d12727;\" href=\"https:\/\/www.csj-emballages.com\/pt-pt\/produit\/bobina-termosselavel-sem-impressao-com-35-cm-de-largura-10-kg\/\">BOBTHERMO35<\/a><\/span><\/p>\n<p>&nbsp;<\/p>\n<p><!--more--><\/p>\n<p>Este rolo termossel\u00e1vel est\u00e1 dispon\u00edvel em v\u00e1rias cores para diferentes sectores comerciais: <span style=\"color: #d12727;\"><a style=\"color: #d12727;\" href=\"https:\/\/www.csj-emballages.com\/pt-pt\/produit\/rolo-de-papel-termo-selavel-talho-charcutaria-restauracao-35-cm-de-largura-10-kg\/\">Talho<\/a><\/span> \/ <span style=\"color: #d12727;\"><a style=\"color: #d12727;\" href=\"https:\/\/www.csj-emballages.com\/pt-pt\/produit\/bobina-de-produtos-frescos-em-kraft-termo-selavel-com-35-cm-de-largura-10-kg\/\">Produtos frescos<\/a><\/span><\/p>\n<p>&nbsp;<\/p>\n<p>&nbsp;<\/p>\n<p><!--more--><\/p>\n<p><a href=\"https:\/\/www.csj-emballages.com\/pt-pt\/categorie-produit\/embalagem-de-alimentos\/talho-e-charcutaria\/papel-para-alimentos\/\">Ver o resto da nossa gama de rolos de papel termossel\u00e1vel<\/a><\/p>\n","protected":false},"excerpt":{"rendered":"<p>Rolo de papel Descri\u00e7\u00e3o do nosso rolo de papel termossel\u00e1vel Queijo e produtos l\u00e1cteos 35 cm<\/p>\n","protected":false},"featured_media":224939,"template":"","meta":{"_acf_changed":false},"product_brand":[],"product_cat":[1141,1176,2576,8144],"product_tag":[],"class_list":{"0":"post-159560","1":"product","2":"type-product","3":"status-publish","4":"has-post-thumbnail","6":"product_cat-embalagem-de-alimentos","7":"product_cat-talho-e-charcutaria","8":"product_cat-papel-para-alimentos","9":"product_cat-papel-termo-selavel","11":"first","12":"instock","13":"taxable","14":"shipping-taxable","15":"purchasable","16":"product-type-simple"},"acf":[],"yoast_head":"<!-- This site is optimized with the Yoast SEO Premium plugin v26.6 (Yoast SEO v26.6) - https:\/\/yoast.com\/wordpress\/plugins\/seo\/ -->\n<title>Rolo de papel termo-sel\u00e1vel - 35 cm<\/title>\n<meta name=\"description\" content=\"Descubra o nosso rolo de papel termossel\u00e1vel! Dimens\u00f5es: 35 cm! Opte por um rolo de papel resistente e de qualidade!\" \/>\n<meta name=\"robots\" content=\"index, follow, max-snippet:-1, max-image-preview:large, max-video-preview:-1\" \/>\n<link rel=\"canonical\" href=\"https:\/\/www.csj-emballages.com\/pt-pt\/produit\/bobina-termo-selavel-para-queijo-e-produtos-lacteos-com-35-cm-de-largura-10-kg\/\" \/>\n<meta property=\"og:locale\" content=\"pt_PT\" \/>\n<meta property=\"og:type\" content=\"article\" \/>\n<meta property=\"og:title\" content=\"Rolo de papel termo-sel\u00e1vel Queijo e produtos l\u00e1cteos 35 cm de largura 10 kg\" \/>\n<meta property=\"og:description\" content=\"Descubra o nosso rolo de papel termossel\u00e1vel! Dimens\u00f5es: 35 cm! Opte por um rolo de papel resistente e de qualidade!\" \/>\n<meta property=\"og:url\" content=\"https:\/\/www.csj-emballages.com\/pt-pt\/produit\/bobina-termo-selavel-para-queijo-e-produtos-lacteos-com-35-cm-de-largura-10-kg\/\" \/>\n<meta property=\"og:site_name\" content=\"CSJ Emballages\" \/>\n<meta property=\"article:publisher\" content=\"https:\/\/www.facebook.com\/csjemballages\" \/>\n<meta property=\"article:modified_time\" content=\"2026-04-16T00:11:20+00:00\" \/>\n<meta property=\"og:image\" content=\"https:\/\/www.csj-emballages.com\/wp-content\/uploads\/2024\/10\/BOBTHERMO2.webp\" \/>\n\t<meta property=\"og:image:width\" content=\"800\" \/>\n\t<meta property=\"og:image:height\" content=\"800\" \/>\n\t<meta property=\"og:image:type\" content=\"image\/webp\" \/>\n<meta name=\"twitter:card\" content=\"summary_large_image\" \/>\n<meta name=\"twitter:label1\" content=\"Tempo estimado de leitura\" \/>\n\t<meta name=\"twitter:data1\" content=\"3 minutos\" \/>\n<script type=\"application\/ld+json\" class=\"yoast-schema-graph\">{\"@context\":\"https:\/\/schema.org\",\"@graph\":[{\"@type\":\"WebPage\",\"@id\":\"https:\/\/www.csj-emballages.com\/pt-pt\/produit\/bobina-termo-selavel-para-queijo-e-produtos-lacteos-com-35-cm-de-largura-10-kg\/\",\"url\":\"https:\/\/www.csj-emballages.com\/pt-pt\/produit\/bobina-termo-selavel-para-queijo-e-produtos-lacteos-com-35-cm-de-largura-10-kg\/\",\"name\":\"Rolo de papel termo-sel\u00e1vel - 35 cm\",\"isPartOf\":{\"@id\":\"https:\/\/www.csj-emballages.com\/pt-pt\/#website\"},\"primaryImageOfPage\":{\"@id\":\"https:\/\/www.csj-emballages.com\/pt-pt\/produit\/bobina-termo-selavel-para-queijo-e-produtos-lacteos-com-35-cm-de-largura-10-kg\/#primaryimage\"},\"image\":{\"@id\":\"https:\/\/www.csj-emballages.com\/pt-pt\/produit\/bobina-termo-selavel-para-queijo-e-produtos-lacteos-com-35-cm-de-largura-10-kg\/#primaryimage\"},\"thumbnailUrl\":\"https:\/\/www.csj-emballages.com\/wp-content\/uploads\/2024\/10\/BOBTHERMO2.webp\",\"datePublished\":\"2024-10-15T00:18:16+00:00\",\"dateModified\":\"2026-04-16T00:11:20+00:00\",\"description\":\"Descubra o nosso rolo de papel termossel\u00e1vel! Dimens\u00f5es: 35 cm! Opte por um rolo de papel resistente e de qualidade!\",\"breadcrumb\":{\"@id\":\"https:\/\/www.csj-emballages.com\/pt-pt\/produit\/bobina-termo-selavel-para-queijo-e-produtos-lacteos-com-35-cm-de-largura-10-kg\/#breadcrumb\"},\"inLanguage\":\"pt-PT\",\"potentialAction\":[{\"@type\":\"ReadAction\",\"target\":[\"https:\/\/www.csj-emballages.com\/pt-pt\/produit\/bobina-termo-selavel-para-queijo-e-produtos-lacteos-com-35-cm-de-largura-10-kg\/\"]}]},{\"@type\":\"ImageObject\",\"inLanguage\":\"pt-PT\",\"@id\":\"https:\/\/www.csj-emballages.com\/pt-pt\/produit\/bobina-termo-selavel-para-queijo-e-produtos-lacteos-com-35-cm-de-largura-10-kg\/#primaryimage\",\"url\":\"https:\/\/www.csj-emballages.com\/wp-content\/uploads\/2024\/10\/BOBTHERMO2.webp\",\"contentUrl\":\"https:\/\/www.csj-emballages.com\/wp-content\/uploads\/2024\/10\/BOBTHERMO2.webp\",\"width\":800,\"height\":800,\"caption\":\"Rouleau papier thermoscellable\"},{\"@type\":\"BreadcrumbList\",\"@id\":\"https:\/\/www.csj-emballages.com\/pt-pt\/produit\/bobina-termo-selavel-para-queijo-e-produtos-lacteos-com-35-cm-de-largura-10-kg\/#breadcrumb\",\"itemListElement\":[{\"@type\":\"ListItem\",\"position\":1,\"name\":\"Acolhimento\",\"item\":\"https:\/\/www.csj-emballages.com\/pt-pt\/universo-das-embalagens-alimentares\/\"},{\"@type\":\"ListItem\",\"position\":2,\"name\":\"Shop\",\"item\":\"https:\/\/www.csj-emballages.com\/shop\/\"},{\"@type\":\"ListItem\",\"position\":3,\"name\":\"Rolo de papel termo-sel\u00e1vel Queijo e produtos l\u00e1cteos 35 cm de largura 10 kg\"}]},{\"@type\":\"WebSite\",\"@id\":\"https:\/\/www.csj-emballages.com\/pt-pt\/#website\",\"url\":\"https:\/\/www.csj-emballages.com\/pt-pt\/\",\"name\":\"CSJ Emballages\",\"description\":\"\",\"publisher\":{\"@id\":\"https:\/\/www.csj-emballages.com\/pt-pt\/#organization\"},\"potentialAction\":[{\"@type\":\"SearchAction\",\"target\":{\"@type\":\"EntryPoint\",\"urlTemplate\":\"https:\/\/www.csj-emballages.com\/pt-pt\/?s={search_term_string}\"},\"query-input\":{\"@type\":\"PropertyValueSpecification\",\"valueRequired\":true,\"valueName\":\"search_term_string\"}}],\"inLanguage\":\"pt-PT\"},{\"@type\":\"Organization\",\"@id\":\"https:\/\/www.csj-emballages.com\/pt-pt\/#Organization\/\",\"name\":\"CSJ Emballages\",\"url\":\"https:\/\/www.csj-emballages.com\/pt-pt\/\",\"logo\":{\"@type\":\"ImageObject\",\"inLanguage\":\"pt-PT\",\"@id\":\"https:\/\/www.csj-emballages.com\/pt-pt\/#\/schema\/logo\/image\/\",\"url\":\"https:\/\/www.csj-emballages.com\/wp-content\/uploads\/2023\/10\/logo_csj.webp\",\"contentUrl\":\"https:\/\/www.csj-emballages.com\/wp-content\/uploads\/2023\/10\/logo_csj.webp\",\"width\":250,\"height\":95,\"caption\":\"CSJ Emballages\"},\"image\":{\"@id\":\"https:\/\/www.csj-emballages.com\/pt-pt\/#\/schema\/logo\/image\/\"},\"sameAs\":[\"https:\/\/www.facebook.com\/csjemballages\"],\"address\":{\"@type\":\"PostalAddress\",\"streetAddress\":\"ZI La Lechere\",\"addressLocality\":\"Patornay\",\"postalCode\":\"39130\",\"addressCountry\":\"FR\"},\"contactPoint\":[{\"@type\":\"ContactPoint\",\"contactType\":\"Service client\",\"telephone\":\"0384254272\",\"email\":\"contact@csj-emballages.com\"}]}]}<\/script>\n<!-- \/ Yoast SEO Premium plugin. -->","yoast_head_json":{"title":"Rolo de papel termo-sel\u00e1vel - 35 cm","description":"Descubra o nosso rolo de papel termossel\u00e1vel! Dimens\u00f5es: 35 cm! Opte por um rolo de papel resistente e de qualidade!","robots":{"index":"index","follow":"follow","max-snippet":"max-snippet:-1","max-image-preview":"max-image-preview:large","max-video-preview":"max-video-preview:-1"},"canonical":"https:\/\/www.csj-emballages.com\/pt-pt\/produit\/bobina-termo-selavel-para-queijo-e-produtos-lacteos-com-35-cm-de-largura-10-kg\/","og_locale":"pt_PT","og_type":"article","og_title":"Rolo de papel termo-sel\u00e1vel Queijo e produtos l\u00e1cteos 35 cm de largura 10 kg","og_description":"Descubra o nosso rolo de papel termossel\u00e1vel! Dimens\u00f5es: 35 cm! Opte por um rolo de papel resistente e de qualidade!","og_url":"https:\/\/www.csj-emballages.com\/pt-pt\/produit\/bobina-termo-selavel-para-queijo-e-produtos-lacteos-com-35-cm-de-largura-10-kg\/","og_site_name":"CSJ Emballages","article_publisher":"https:\/\/www.facebook.com\/csjemballages","article_modified_time":"2026-04-16T00:11:20+00:00","og_image":[{"width":800,"height":800,"url":"https:\/\/www.csj-emballages.com\/wp-content\/uploads\/2024\/10\/BOBTHERMO2.webp","type":"image\/webp"}],"twitter_card":"summary_large_image","twitter_misc":{"Tempo estimado de leitura":"3 minutos"},"schema":{"@context":"https:\/\/schema.org","@graph":[{"@type":"WebPage","@id":"https:\/\/www.csj-emballages.com\/pt-pt\/produit\/bobina-termo-selavel-para-queijo-e-produtos-lacteos-com-35-cm-de-largura-10-kg\/","url":"https:\/\/www.csj-emballages.com\/pt-pt\/produit\/bobina-termo-selavel-para-queijo-e-produtos-lacteos-com-35-cm-de-largura-10-kg\/","name":"Rolo de papel termo-sel\u00e1vel - 35 cm","isPartOf":{"@id":"https:\/\/www.csj-emballages.com\/pt-pt\/#website"},"primaryImageOfPage":{"@id":"https:\/\/www.csj-emballages.com\/pt-pt\/produit\/bobina-termo-selavel-para-queijo-e-produtos-lacteos-com-35-cm-de-largura-10-kg\/#primaryimage"},"image":{"@id":"https:\/\/www.csj-emballages.com\/pt-pt\/produit\/bobina-termo-selavel-para-queijo-e-produtos-lacteos-com-35-cm-de-largura-10-kg\/#primaryimage"},"thumbnailUrl":"https:\/\/www.csj-emballages.com\/wp-content\/uploads\/2024\/10\/BOBTHERMO2.webp","datePublished":"2024-10-15T00:18:16+00:00","dateModified":"2026-04-16T00:11:20+00:00","description":"Descubra o nosso rolo de papel termossel\u00e1vel! Dimens\u00f5es: 35 cm! Opte por um rolo de papel resistente e de qualidade!","breadcrumb":{"@id":"https:\/\/www.csj-emballages.com\/pt-pt\/produit\/bobina-termo-selavel-para-queijo-e-produtos-lacteos-com-35-cm-de-largura-10-kg\/#breadcrumb"},"inLanguage":"pt-PT","potentialAction":[{"@type":"ReadAction","target":["https:\/\/www.csj-emballages.com\/pt-pt\/produit\/bobina-termo-selavel-para-queijo-e-produtos-lacteos-com-35-cm-de-largura-10-kg\/"]}]},{"@type":"ImageObject","inLanguage":"pt-PT","@id":"https:\/\/www.csj-emballages.com\/pt-pt\/produit\/bobina-termo-selavel-para-queijo-e-produtos-lacteos-com-35-cm-de-largura-10-kg\/#primaryimage","url":"https:\/\/www.csj-emballages.com\/wp-content\/uploads\/2024\/10\/BOBTHERMO2.webp","contentUrl":"https:\/\/www.csj-emballages.com\/wp-content\/uploads\/2024\/10\/BOBTHERMO2.webp","width":800,"height":800,"caption":"Rouleau papier thermoscellable"},{"@type":"BreadcrumbList","@id":"https:\/\/www.csj-emballages.com\/pt-pt\/produit\/bobina-termo-selavel-para-queijo-e-produtos-lacteos-com-35-cm-de-largura-10-kg\/#breadcrumb","itemListElement":[{"@type":"ListItem","position":1,"name":"Acolhimento","item":"https:\/\/www.csj-emballages.com\/pt-pt\/universo-das-embalagens-alimentares\/"},{"@type":"ListItem","position":2,"name":"Shop","item":"https:\/\/www.csj-emballages.com\/shop\/"},{"@type":"ListItem","position":3,"name":"Rolo de papel termo-sel\u00e1vel Queijo e produtos l\u00e1cteos 35 cm de largura 10 kg"}]},{"@type":"WebSite","@id":"https:\/\/www.csj-emballages.com\/pt-pt\/#website","url":"https:\/\/www.csj-emballages.com\/pt-pt\/","name":"CSJ Emballages","description":"","publisher":{"@id":"https:\/\/www.csj-emballages.com\/pt-pt\/#organization"},"potentialAction":[{"@type":"SearchAction","target":{"@type":"EntryPoint","urlTemplate":"https:\/\/www.csj-emballages.com\/pt-pt\/?s={search_term_string}"},"query-input":{"@type":"PropertyValueSpecification","valueRequired":true,"valueName":"search_term_string"}}],"inLanguage":"pt-PT"},{"@type":"Organization","@id":"https:\/\/www.csj-emballages.com\/pt-pt\/#Organization\/","name":"CSJ Emballages","url":"https:\/\/www.csj-emballages.com\/pt-pt\/","logo":{"@type":"ImageObject","inLanguage":"pt-PT","@id":"https:\/\/www.csj-emballages.com\/pt-pt\/#\/schema\/logo\/image\/","url":"https:\/\/www.csj-emballages.com\/wp-content\/uploads\/2023\/10\/logo_csj.webp","contentUrl":"https:\/\/www.csj-emballages.com\/wp-content\/uploads\/2023\/10\/logo_csj.webp","width":250,"height":95,"caption":"CSJ Emballages"},"image":{"@id":"https:\/\/www.csj-emballages.com\/pt-pt\/#\/schema\/logo\/image\/"},"sameAs":["https:\/\/www.facebook.com\/csjemballages"],"address":{"@type":"PostalAddress","streetAddress":"ZI La Lechere","addressLocality":"Patornay","postalCode":"39130","addressCountry":"FR"},"contactPoint":[{"@type":"ContactPoint","contactType":"Service client","telephone":"0384254272","email":"contact@csj-emballages.com"}]}]}},"df_price":53.99,"df_sale_price":"","df_regular_price":53.99,"df_image_link":"https:\/\/www.csj-emballages.com\/wp-content\/uploads\/2024\/10\/BOBTHERMO2-300x300.webp","tiered_pricing_type":"fixed","tiered_pricing_fixed_rules":[],"tiered_pricing_percentage_rules":[],"tiered_pricing_minimum":1,"tiered_pricing_roles_data":[],"_links":{"self":[{"href":"https:\/\/www.csj-emballages.com\/pt-pt\/wp-json\/wp\/v2\/product\/159560","targetHints":{"allow":["GET"]}}],"collection":[{"href":"https:\/\/www.csj-emballages.com\/pt-pt\/wp-json\/wp\/v2\/product"}],"about":[{"href":"https:\/\/www.csj-emballages.com\/pt-pt\/wp-json\/wp\/v2\/types\/product"}],"wp:featuredmedia":[{"embeddable":true,"href":"https:\/\/www.csj-emballages.com\/pt-pt\/wp-json\/wp\/v2\/media\/224939"}],"wp:attachment":[{"href":"https:\/\/www.csj-emballages.com\/pt-pt\/wp-json\/wp\/v2\/media?parent=159560"}],"wp:term":[{"taxonomy":"product_brand","embeddable":true,"href":"https:\/\/www.csj-emballages.com\/pt-pt\/wp-json\/wp\/v2\/product_brand?post=159560"},{"taxonomy":"product_cat","embeddable":true,"href":"https:\/\/www.csj-emballages.com\/pt-pt\/wp-json\/wp\/v2\/product_cat?post=159560"},{"taxonomy":"product_tag","embeddable":true,"href":"https:\/\/www.csj-emballages.com\/pt-pt\/wp-json\/wp\/v2\/product_tag?post=159560"}],"curies":[{"name":"wp","href":"https:\/\/api.w.org\/{rel}","templated":true}]}}