{"id":159534,"date":"2024-10-10T17:19:07","date_gmt":"2024-10-10T15:19:07","guid":{"rendered":"https:\/\/www.csj-emballages.com\/produit\/33g-de-pastilhas-de-urina-com-sabor-a-citrinos\/"},"modified":"2026-03-12T16:06:51","modified_gmt":"2026-03-12T15:06:51","slug":"33g-de-pastilhas-de-urina-com-sabor-a-citrinos","status":"publish","type":"product","link":"https:\/\/www.csj-emballages.com\/pt-pt\/produit\/33g-de-pastilhas-de-urina-com-sabor-a-citrinos\/","title":{"rendered":"33g de pastilhas para urinol com sabor a citrinos por 33"},"content":{"rendered":"<div class=\"flex flex-grow flex-col max-w-full\">\n<div class=\"min-h-[20px] text-message flex flex-col items-start whitespace-pre-wrap break-words [.text-message+&amp;]:mt-5 juice:w-full juice:items-end overflow-x-auto gap-2\" dir=\"auto\" data-message-author-role=\"assistant\" data-message-id=\"2034782e-88f9-44ef-b4dc-07dd7bf0115f\">\n<div class=\"flex w-full flex-col gap-1 juice:empty:hidden juice:first:pt-[3px]\">\n<div class=\"markdown prose w-full break-words dark:prose-invert light\">\n<div style=\"font-family: Roboto, sans-serif;\">\n<div style=\"font-family: Roboto, sans-serif;\">\n<div style=\"font-family: Roboto, sans-serif;\">\n<div style=\"font-family: Roboto, sans-serif;\">\n<div style=\"font-family: Roboto, sans-serif;\">\n<div style=\"font-family: Roboto, sans-serif;\">\n<h2>Pastilha para urinol<\/h2>\n<div style=\"font-family: Roboto, sans-serif;\">\n<div style=\"font-family: Roboto, sans-serif;\">\n<div style=\"font-family: Roboto, sans-serif;\">\n<div style=\"text-align: center;\">\n<div style=\"font-family: Roboto, sans-serif;\">\n<div style=\"font-family: Roboto, sans-serif;\">\n<div style=\"font-family: Roboto, sans-serif;\">\n<div style=\"font-family: Roboto, sans-serif;\">\n<div style=\"font-family: Roboto, sans-serif;\">\n<div style=\"font-family: Roboto, sans-serif; text-align: left;\">\n<hr>\n<h3 style=\"text-align: left;\">Descri\u00e7\u00e3o da pastilha de urinol com sabor a citrinos 33g da 33<\/h3>\n<h3 style=\"text-align: left;\"><!--more--><\/h3>\n<p>Descubra as nossas <strong>pastilhas para urinol de 40 pedras<\/strong>, uma solu\u00e7\u00e3o higi\u00e9nica e pr\u00e1tica para manter as suas casas de banho frescas e limpas. Cada <strong>pastilha para urinol<\/strong> foi concebida para <strong>neutralizar os odores<\/strong> e deixar um aroma agrad\u00e1vel. Eliminam a mat\u00e9ria org\u00e2nica e a ureia, garantindo uma limpeza perfeita. Para al\u00e9m do seu efeito desodorizante, estas pastilhas t\u00eam propriedades desincrustantes, combatendo eficazmente o calc\u00e1rio.   <\/p>\n<p>F\u00e1cil de utilizar, basta colocar uma <strong>pastilha<\/strong> no urinol para uma frescura imediata. Adequados para todos os tipos de urinol, reduzem a necessidade de limpeza frequente, optimizando a higiene das zonas sanit\u00e1rias. <\/p>\n<p>Gra\u00e7as ao seu formato econ\u00f3mico de <strong>40 pedras<\/strong>, oferecem uma solu\u00e7\u00e3o pr\u00e1tica e acess\u00edvel para manter os urin\u00f3is limpos. Al\u00e9m disso, ajudam a reduzir os odores desagrad\u00e1veis e evitam o entupimento dos canos. <\/p>\n<p>Escolha uma solu\u00e7\u00e3o simples, eficaz e duradoura para melhorar a higiene das suas casas de banho.<\/p>\n<p>&nbsp;<\/p>\n<\/div>\n<\/div>\n<\/div>\n<\/div>\n<\/div>\n<\/div>\n<\/div>\n<\/div>\n<\/div>\n<\/div>\n<\/div>\n<\/div>\n<\/div>\n<\/div>\n<\/div>\n<\/div>\n<\/div>\n<\/div>\n<\/div>\n<\/div>\n<p><!--more--><\/p>\n<h4>Instru\u00e7\u00f5es de utiliza\u00e7\u00e3o :<\/h4>\n<ul>\n<li>Coloca 1 a 3 cubos no fundo do urinol.<\/li>\n<li>Deixa atuar e espera que o cubo se dissolva completamente antes de colocar um novo (n\u00e3o bloqueia os urin\u00f3is). <\/li>\n<\/ul>\n<p>&nbsp;<\/p>\n<div class=\"flex flex-grow flex-col max-w-full\">\n<div class=\"min-h-[20px] text-message flex flex-col items-start whitespace-pre-wrap break-words [.text-message+&amp;]:mt-5 juice:w-full juice:items-end overflow-x-auto gap-2\" dir=\"auto\" data-message-author-role=\"assistant\" data-message-id=\"2034782e-88f9-44ef-b4dc-07dd7bf0115f\">\n<div class=\"flex w-full flex-col gap-1 juice:empty:hidden juice:first:pt-[3px]\">\n<div class=\"markdown prose w-full break-words dark:prose-invert light\">\n<div style=\"font-family: Roboto, sans-serif;\">\n<div style=\"font-family: Roboto, sans-serif;\">\n<div style=\"font-family: Roboto, sans-serif;\">\n<div style=\"font-family: Roboto, sans-serif;\">\n<div style=\"font-family: Roboto, sans-serif;\">\n<div style=\"font-family: Roboto, sans-serif;\">\n<p><!--more--><\/p>\n<h4 style=\"text-align: left;\"><strong>As vantagens das nossas pastilhas para urinol de 40 pedras:<\/strong><\/h4>\n<ul style=\"text-align: left;\">\n<li><strong>Neutraliza\u00e7\u00e3o dos odores<\/strong>: elimina os odores desagrad\u00e1veis, deixando um aroma agrad\u00e1vel.<\/li>\n<li><strong>Propriedades desincrustantes<\/strong>: Combate a acumula\u00e7\u00e3o de calc\u00e1rio, ajudando a manter os urin\u00f3is limpos.<\/li>\n<li><strong>Adequado para todos os tipos de urinol<\/strong>: Compat\u00edvel com urin\u00f3is de diferentes tamanhos e materiais.<\/li>\n<li><strong>Formato econ\u00f3mico<\/strong>: A caixa de 40 seixos proporciona um fornecimento sustent\u00e1vel e acess\u00edvel.<\/li>\n<\/ul>\n<\/div>\n<\/div>\n<p>&nbsp;<\/p>\n<\/div>\n<\/div>\n<\/div>\n<\/div>\n<\/div>\n<\/div>\n<\/div>\n<\/div>\n<p><!--more--><\/p>\n<p>Clique aqui para ver a nossa grelha de urinol com fragr\u00e2ncia marinha: <span style=\"color: #d12727;\"><a style=\"color: #d12727;\" href=\"https:\/\/www.csj-emballages.com\/es\/produit\/rejillas-de-urinario-con-aroma-marino\/\">02212<\/a><\/span><\/p>\n<p>&nbsp;<\/p>\n<p style=\"text-align: left;\"><!--more--><\/p>\n<p><a href=\"https:\/\/www.csj-emballages.com\/pt-pt\/categorie-produit\/higiene-e-manutencao\/produtos-de-limpeza\/sanitario\/\">V\u00ea o resto da nossa gama de produtos de limpeza sanit\u00e1ria<\/a><\/p>\n","protected":false},"excerpt":{"rendered":"<p>Pastilha para urinol Descri\u00e7\u00e3o da pastilha de urinol com sabor a citrinos 33g da 33<\/p>\n","protected":false},"featured_media":239399,"template":"","meta":{"_acf_changed":false},"product_brand":[],"product_cat":[1222,1223,1286],"product_tag":[],"class_list":{"0":"post-159534","1":"product","2":"type-product","3":"status-publish","4":"has-post-thumbnail","6":"product_cat-higiene-e-manutencao","7":"product_cat-produtos-de-limpeza","8":"product_cat-sanitario","10":"first","11":"instock","12":"taxable","13":"shipping-taxable","14":"purchasable","15":"product-type-simple"},"acf":[],"yoast_head":"<!-- This site is optimized with the Yoast SEO Premium plugin v26.6 (Yoast SEO v26.6) - https:\/\/yoast.com\/wordpress\/plugins\/seo\/ -->\n<title>Pastilha para urinol<\/title>\n<meta name=\"description\" content=\"Pastilha para urinol: neutraliza os odores, elimina o calc\u00e1rio e garante uma higiene duradoura e uma manuten\u00e7\u00e3o m\u00ednima das tuas casas de banho.\" \/>\n<meta name=\"robots\" content=\"index, follow, max-snippet:-1, max-image-preview:large, max-video-preview:-1\" \/>\n<link rel=\"canonical\" href=\"https:\/\/www.csj-emballages.com\/pt-pt\/produit\/33g-de-pastilhas-de-urina-com-sabor-a-citrinos\/\" \/>\n<meta property=\"og:locale\" content=\"pt_PT\" \/>\n<meta property=\"og:type\" content=\"article\" \/>\n<meta property=\"og:title\" content=\"33g de pastilhas para urinol com sabor a citrinos por 33\" \/>\n<meta property=\"og:description\" content=\"Pastilha para urinol: neutraliza os odores, elimina o calc\u00e1rio e garante uma higiene duradoura e uma manuten\u00e7\u00e3o m\u00ednima das tuas casas de banho.\" \/>\n<meta property=\"og:url\" content=\"https:\/\/www.csj-emballages.com\/pt-pt\/produit\/33g-de-pastilhas-de-urina-com-sabor-a-citrinos\/\" \/>\n<meta property=\"og:site_name\" content=\"CSJ Emballages\" \/>\n<meta property=\"article:publisher\" content=\"https:\/\/www.facebook.com\/csjemballages\" \/>\n<meta property=\"article:modified_time\" content=\"2026-03-12T15:06:51+00:00\" \/>\n<meta property=\"og:image\" content=\"https:\/\/www.csj-emballages.com\/wp-content\/uploads\/2024\/10\/1637.webp\" \/>\n\t<meta property=\"og:image:width\" content=\"800\" \/>\n\t<meta property=\"og:image:height\" content=\"800\" \/>\n\t<meta property=\"og:image:type\" content=\"image\/webp\" \/>\n<meta name=\"twitter:card\" content=\"summary_large_image\" \/>\n<meta name=\"twitter:label1\" content=\"Tempo estimado de leitura\" \/>\n\t<meta name=\"twitter:data1\" content=\"2 minutos\" \/>\n<script type=\"application\/ld+json\" class=\"yoast-schema-graph\">{\"@context\":\"https:\/\/schema.org\",\"@graph\":[{\"@type\":\"WebPage\",\"@id\":\"https:\/\/www.csj-emballages.com\/pt-pt\/produit\/33g-de-pastilhas-de-urina-com-sabor-a-citrinos\/\",\"url\":\"https:\/\/www.csj-emballages.com\/pt-pt\/produit\/33g-de-pastilhas-de-urina-com-sabor-a-citrinos\/\",\"name\":\"Pastilha para urinol\",\"isPartOf\":{\"@id\":\"https:\/\/www.csj-emballages.com\/pt-pt\/#website\"},\"primaryImageOfPage\":{\"@id\":\"https:\/\/www.csj-emballages.com\/pt-pt\/produit\/33g-de-pastilhas-de-urina-com-sabor-a-citrinos\/#primaryimage\"},\"image\":{\"@id\":\"https:\/\/www.csj-emballages.com\/pt-pt\/produit\/33g-de-pastilhas-de-urina-com-sabor-a-citrinos\/#primaryimage\"},\"thumbnailUrl\":\"https:\/\/www.csj-emballages.com\/wp-content\/uploads\/2024\/10\/1637.webp\",\"datePublished\":\"2024-10-10T15:19:07+00:00\",\"dateModified\":\"2026-03-12T15:06:51+00:00\",\"description\":\"Pastilha para urinol: neutraliza os odores, elimina o calc\u00e1rio e garante uma higiene duradoura e uma manuten\u00e7\u00e3o m\u00ednima das tuas casas de banho.\",\"breadcrumb\":{\"@id\":\"https:\/\/www.csj-emballages.com\/pt-pt\/produit\/33g-de-pastilhas-de-urina-com-sabor-a-citrinos\/#breadcrumb\"},\"inLanguage\":\"pt-PT\",\"potentialAction\":[{\"@type\":\"ReadAction\",\"target\":[\"https:\/\/www.csj-emballages.com\/pt-pt\/produit\/33g-de-pastilhas-de-urina-com-sabor-a-citrinos\/\"]}]},{\"@type\":\"ImageObject\",\"inLanguage\":\"pt-PT\",\"@id\":\"https:\/\/www.csj-emballages.com\/pt-pt\/produit\/33g-de-pastilhas-de-urina-com-sabor-a-citrinos\/#primaryimage\",\"url\":\"https:\/\/www.csj-emballages.com\/wp-content\/uploads\/2024\/10\/1637.webp\",\"contentUrl\":\"https:\/\/www.csj-emballages.com\/wp-content\/uploads\/2024\/10\/1637.webp\",\"width\":800,\"height\":800,\"caption\":\"Pastille urinoir\"},{\"@type\":\"BreadcrumbList\",\"@id\":\"https:\/\/www.csj-emballages.com\/pt-pt\/produit\/33g-de-pastilhas-de-urina-com-sabor-a-citrinos\/#breadcrumb\",\"itemListElement\":[{\"@type\":\"ListItem\",\"position\":1,\"name\":\"Acolhimento\",\"item\":\"https:\/\/www.csj-emballages.com\/pt-pt\/universo-das-embalagens-alimentares\/\"},{\"@type\":\"ListItem\",\"position\":2,\"name\":\"Shop\",\"item\":\"https:\/\/www.csj-emballages.com\/shop\/\"},{\"@type\":\"ListItem\",\"position\":3,\"name\":\"33g de pastilhas para urinol com sabor a citrinos por 33\"}]},{\"@type\":\"WebSite\",\"@id\":\"https:\/\/www.csj-emballages.com\/pt-pt\/#website\",\"url\":\"https:\/\/www.csj-emballages.com\/pt-pt\/\",\"name\":\"CSJ Emballages\",\"description\":\"\",\"publisher\":{\"@id\":\"https:\/\/www.csj-emballages.com\/pt-pt\/#organization\"},\"potentialAction\":[{\"@type\":\"SearchAction\",\"target\":{\"@type\":\"EntryPoint\",\"urlTemplate\":\"https:\/\/www.csj-emballages.com\/pt-pt\/?s={search_term_string}\"},\"query-input\":{\"@type\":\"PropertyValueSpecification\",\"valueRequired\":true,\"valueName\":\"search_term_string\"}}],\"inLanguage\":\"pt-PT\"},{\"@type\":\"Organization\",\"@id\":\"https:\/\/www.csj-emballages.com\/pt-pt\/#Organization\/\",\"name\":\"CSJ Emballages\",\"url\":\"https:\/\/www.csj-emballages.com\/pt-pt\/\",\"logo\":{\"@type\":\"ImageObject\",\"inLanguage\":\"pt-PT\",\"@id\":\"https:\/\/www.csj-emballages.com\/pt-pt\/#\/schema\/logo\/image\/\",\"url\":\"https:\/\/www.csj-emballages.com\/wp-content\/uploads\/2023\/10\/logo_csj.webp\",\"contentUrl\":\"https:\/\/www.csj-emballages.com\/wp-content\/uploads\/2023\/10\/logo_csj.webp\",\"width\":250,\"height\":95,\"caption\":\"CSJ Emballages\"},\"image\":{\"@id\":\"https:\/\/www.csj-emballages.com\/pt-pt\/#\/schema\/logo\/image\/\"},\"sameAs\":[\"https:\/\/www.facebook.com\/csjemballages\"],\"address\":{\"@type\":\"PostalAddress\",\"streetAddress\":\"ZI La Lechere\",\"addressLocality\":\"Patornay\",\"postalCode\":\"39130\",\"addressCountry\":\"FR\"},\"contactPoint\":[{\"@type\":\"ContactPoint\",\"contactType\":\"Service client\",\"telephone\":\"0384254272\",\"email\":\"contact@csj-emballages.com\"}]}]}<\/script>\n<!-- \/ Yoast SEO Premium plugin. -->","yoast_head_json":{"title":"Pastilha para urinol","description":"Pastilha para urinol: neutraliza os odores, elimina o calc\u00e1rio e garante uma higiene duradoura e uma manuten\u00e7\u00e3o m\u00ednima das tuas casas de banho.","robots":{"index":"index","follow":"follow","max-snippet":"max-snippet:-1","max-image-preview":"max-image-preview:large","max-video-preview":"max-video-preview:-1"},"canonical":"https:\/\/www.csj-emballages.com\/pt-pt\/produit\/33g-de-pastilhas-de-urina-com-sabor-a-citrinos\/","og_locale":"pt_PT","og_type":"article","og_title":"33g de pastilhas para urinol com sabor a citrinos por 33","og_description":"Pastilha para urinol: neutraliza os odores, elimina o calc\u00e1rio e garante uma higiene duradoura e uma manuten\u00e7\u00e3o m\u00ednima das tuas casas de banho.","og_url":"https:\/\/www.csj-emballages.com\/pt-pt\/produit\/33g-de-pastilhas-de-urina-com-sabor-a-citrinos\/","og_site_name":"CSJ Emballages","article_publisher":"https:\/\/www.facebook.com\/csjemballages","article_modified_time":"2026-03-12T15:06:51+00:00","og_image":[{"width":800,"height":800,"url":"https:\/\/www.csj-emballages.com\/wp-content\/uploads\/2024\/10\/1637.webp","type":"image\/webp"}],"twitter_card":"summary_large_image","twitter_misc":{"Tempo estimado de leitura":"2 minutos"},"schema":{"@context":"https:\/\/schema.org","@graph":[{"@type":"WebPage","@id":"https:\/\/www.csj-emballages.com\/pt-pt\/produit\/33g-de-pastilhas-de-urina-com-sabor-a-citrinos\/","url":"https:\/\/www.csj-emballages.com\/pt-pt\/produit\/33g-de-pastilhas-de-urina-com-sabor-a-citrinos\/","name":"Pastilha para urinol","isPartOf":{"@id":"https:\/\/www.csj-emballages.com\/pt-pt\/#website"},"primaryImageOfPage":{"@id":"https:\/\/www.csj-emballages.com\/pt-pt\/produit\/33g-de-pastilhas-de-urina-com-sabor-a-citrinos\/#primaryimage"},"image":{"@id":"https:\/\/www.csj-emballages.com\/pt-pt\/produit\/33g-de-pastilhas-de-urina-com-sabor-a-citrinos\/#primaryimage"},"thumbnailUrl":"https:\/\/www.csj-emballages.com\/wp-content\/uploads\/2024\/10\/1637.webp","datePublished":"2024-10-10T15:19:07+00:00","dateModified":"2026-03-12T15:06:51+00:00","description":"Pastilha para urinol: neutraliza os odores, elimina o calc\u00e1rio e garante uma higiene duradoura e uma manuten\u00e7\u00e3o m\u00ednima das tuas casas de banho.","breadcrumb":{"@id":"https:\/\/www.csj-emballages.com\/pt-pt\/produit\/33g-de-pastilhas-de-urina-com-sabor-a-citrinos\/#breadcrumb"},"inLanguage":"pt-PT","potentialAction":[{"@type":"ReadAction","target":["https:\/\/www.csj-emballages.com\/pt-pt\/produit\/33g-de-pastilhas-de-urina-com-sabor-a-citrinos\/"]}]},{"@type":"ImageObject","inLanguage":"pt-PT","@id":"https:\/\/www.csj-emballages.com\/pt-pt\/produit\/33g-de-pastilhas-de-urina-com-sabor-a-citrinos\/#primaryimage","url":"https:\/\/www.csj-emballages.com\/wp-content\/uploads\/2024\/10\/1637.webp","contentUrl":"https:\/\/www.csj-emballages.com\/wp-content\/uploads\/2024\/10\/1637.webp","width":800,"height":800,"caption":"Pastille urinoir"},{"@type":"BreadcrumbList","@id":"https:\/\/www.csj-emballages.com\/pt-pt\/produit\/33g-de-pastilhas-de-urina-com-sabor-a-citrinos\/#breadcrumb","itemListElement":[{"@type":"ListItem","position":1,"name":"Acolhimento","item":"https:\/\/www.csj-emballages.com\/pt-pt\/universo-das-embalagens-alimentares\/"},{"@type":"ListItem","position":2,"name":"Shop","item":"https:\/\/www.csj-emballages.com\/shop\/"},{"@type":"ListItem","position":3,"name":"33g de pastilhas para urinol com sabor a citrinos por 33"}]},{"@type":"WebSite","@id":"https:\/\/www.csj-emballages.com\/pt-pt\/#website","url":"https:\/\/www.csj-emballages.com\/pt-pt\/","name":"CSJ Emballages","description":"","publisher":{"@id":"https:\/\/www.csj-emballages.com\/pt-pt\/#organization"},"potentialAction":[{"@type":"SearchAction","target":{"@type":"EntryPoint","urlTemplate":"https:\/\/www.csj-emballages.com\/pt-pt\/?s={search_term_string}"},"query-input":{"@type":"PropertyValueSpecification","valueRequired":true,"valueName":"search_term_string"}}],"inLanguage":"pt-PT"},{"@type":"Organization","@id":"https:\/\/www.csj-emballages.com\/pt-pt\/#Organization\/","name":"CSJ Emballages","url":"https:\/\/www.csj-emballages.com\/pt-pt\/","logo":{"@type":"ImageObject","inLanguage":"pt-PT","@id":"https:\/\/www.csj-emballages.com\/pt-pt\/#\/schema\/logo\/image\/","url":"https:\/\/www.csj-emballages.com\/wp-content\/uploads\/2023\/10\/logo_csj.webp","contentUrl":"https:\/\/www.csj-emballages.com\/wp-content\/uploads\/2023\/10\/logo_csj.webp","width":250,"height":95,"caption":"CSJ Emballages"},"image":{"@id":"https:\/\/www.csj-emballages.com\/pt-pt\/#\/schema\/logo\/image\/"},"sameAs":["https:\/\/www.facebook.com\/csjemballages"],"address":{"@type":"PostalAddress","streetAddress":"ZI La Lechere","addressLocality":"Patornay","postalCode":"39130","addressCountry":"FR"},"contactPoint":[{"@type":"ContactPoint","contactType":"Service client","telephone":"0384254272","email":"contact@csj-emballages.com"}]}]}},"df_price":16.07,"df_sale_price":"","df_regular_price":16.07,"df_image_link":"https:\/\/www.csj-emballages.com\/wp-content\/uploads\/2024\/10\/1637-300x300.webp","tiered_pricing_type":"fixed","tiered_pricing_fixed_rules":[],"tiered_pricing_percentage_rules":[],"tiered_pricing_minimum":1,"tiered_pricing_roles_data":[],"_links":{"self":[{"href":"https:\/\/www.csj-emballages.com\/pt-pt\/wp-json\/wp\/v2\/product\/159534","targetHints":{"allow":["GET"]}}],"collection":[{"href":"https:\/\/www.csj-emballages.com\/pt-pt\/wp-json\/wp\/v2\/product"}],"about":[{"href":"https:\/\/www.csj-emballages.com\/pt-pt\/wp-json\/wp\/v2\/types\/product"}],"wp:featuredmedia":[{"embeddable":true,"href":"https:\/\/www.csj-emballages.com\/pt-pt\/wp-json\/wp\/v2\/media\/239399"}],"wp:attachment":[{"href":"https:\/\/www.csj-emballages.com\/pt-pt\/wp-json\/wp\/v2\/media?parent=159534"}],"wp:term":[{"taxonomy":"product_brand","embeddable":true,"href":"https:\/\/www.csj-emballages.com\/pt-pt\/wp-json\/wp\/v2\/product_brand?post=159534"},{"taxonomy":"product_cat","embeddable":true,"href":"https:\/\/www.csj-emballages.com\/pt-pt\/wp-json\/wp\/v2\/product_cat?post=159534"},{"taxonomy":"product_tag","embeddable":true,"href":"https:\/\/www.csj-emballages.com\/pt-pt\/wp-json\/wp\/v2\/product_tag?post=159534"}],"curies":[{"name":"wp","href":"https:\/\/api.w.org\/{rel}","templated":true}]}}