{"id":159529,"date":"2024-10-09T02:18:17","date_gmt":"2024-10-09T00:18:17","guid":{"rendered":"https:\/\/www.csj-emballages.com\/produit\/25-cestos-micro-kraft-castanhos-32-x-22-x-6-cm\/"},"modified":"2026-03-12T16:21:03","modified_gmt":"2026-03-12T15:21:03","slug":"25-cestos-micro-kraft-castanhos-32-x-22-x-6-cm","status":"publish","type":"product","link":"https:\/\/www.csj-emballages.com\/pt-pt\/produit\/25-cestos-micro-kraft-castanhos-32-x-22-x-6-cm\/","title":{"rendered":"Cesto de cart\u00e3o kraft 32 x 22 x 6 cm, embalagem de 25"},"content":{"rendered":"<div style=\"font-family: Roboto, sans-serif;\">\n<div style=\"font-family: Roboto, sans-serif;\">\n<div style=\"font-family: Roboto, sans-serif;\">\n<div style=\"font-family: Roboto, sans-serif;\">\n<div style=\"font-family: Roboto, sans-serif;\">\n<div style=\"font-family: Roboto, sans-serif;\">\n<div style=\"font-family: Roboto, sans-serif;\">\n<div style=\"font-family: Roboto, sans-serif;\">\n<div style=\"font-family: Roboto, sans-serif;\">\n<div style=\"font-family: Roboto, sans-serif;\">\n<div style=\"font-family: Roboto, sans-serif;\">\n<div style=\"font-family: Roboto, sans-serif;\">\n<div style=\"font-family: Roboto, sans-serif;\">\n<div class=\"flex flex-grow flex-col max-w-full\">\n<div class=\"min-h-[20px] text-message flex flex-col items-start whitespace-pre-wrap break-words [.text-message+&amp;]:mt-5 juice:w-full juice:items-end overflow-x-auto gap-2\" dir=\"auto\" data-message-author-role=\"assistant\" data-message-id=\"2034782e-88f9-44ef-b4dc-07dd7bf0115f\">\n<div class=\"flex w-full flex-col gap-1 juice:empty:hidden juice:first:pt-[3px]\">\n<div class=\"markdown prose w-full break-words dark:prose-invert light\">\n<div style=\"font-family: Roboto, sans-serif;\">\n<div style=\"font-family: Roboto, sans-serif;\">\n<div style=\"font-family: Roboto, sans-serif;\">\n<div style=\"font-family: Roboto, sans-serif;\">\n<div style=\"font-family: Roboto, sans-serif;\">\n<div style=\"font-family: Roboto, sans-serif;\">\n<h2>Cesto de cart\u00e3o<\/h2>\n<div style=\"font-family: Roboto, sans-serif;\">\n<div style=\"font-family: Roboto, sans-serif;\">\n<div style=\"font-family: Roboto, sans-serif;\">\n<div style=\"text-align: center;\">\n<div style=\"font-family: Roboto, sans-serif;\">\n<div style=\"font-family: Roboto, sans-serif;\">\n<div style=\"font-family: Roboto, sans-serif;\">\n<div style=\"font-family: Roboto, sans-serif;\">\n<div style=\"font-family: Roboto, sans-serif;\">\n<div style=\"font-family: Roboto, sans-serif; text-align: left;\">\n<hr>\n<h3 style=\"text-align: left;\">Descri\u00e7\u00e3o do nosso cesto de cart\u00e3o kraft 32 x 22 x 6 cm, embalagem de 25<!--more--><\/h3>\n<\/div>\n<\/div>\n<\/div>\n<\/div>\n<\/div>\n<\/div>\n<\/div>\n<\/div>\n<\/div>\n<\/div>\n<\/div>\n<\/div>\n<\/div>\n<\/div>\n<\/div>\n<\/div>\n<\/div>\n<\/div>\n<\/div>\n<\/div>\n<\/div>\n<\/div>\n<\/div>\n<\/div>\n<\/div>\n<\/div>\n<\/div>\n<\/div>\n<\/div>\n<\/div>\n<\/div>\n<\/div>\n<\/div>\n<p><strong>Cesto retangular em cart\u00e3o 32 x 22 x 6 cm x 25<\/strong>: uma solu\u00e7\u00e3o elegante para as suas apresenta\u00e7\u00f5es. Este <strong>cesto de cart\u00e3o<\/strong> combina um design pr\u00e1tico com um atrativo est\u00e9tico. As suas dimens\u00f5es generosas tornam-no adequado para uma variedade de ocasi\u00f5es. Quer esteja a organizar um evento de neg\u00f3cios ou uma festa de fam\u00edlia, este <strong>cesto de apresenta\u00e7\u00e3o<\/strong> ser\u00e1 certamente \u00fatil.   <\/p>\n<p>Fabricado em cart\u00e3o, este <strong>cesto retangular<\/strong> \u00e9 simultaneamente resistente e leve. O seu design retangular garante uma \u00f3ptima arruma\u00e7\u00e3o dos produtos. Al\u00e9m disso, tem uma grande capacidade de arruma\u00e7\u00e3o. Pode guardar snacks, fruta ou at\u00e9 produtos de beleza. A sua forma facilita a exposi\u00e7\u00e3o dos seus produtos.    <\/p>\n<p>Tamb\u00e9m pode personalizar este <strong>cesto de apresenta\u00e7\u00e3o<\/strong>. Pode acrescentar decora\u00e7\u00f5es como fitas ou etiquetas. Isto cria uma atmosfera \u00fanica e pessoal. Por exemplo, para um evento de Natal, adicione motivos festivos. Para um anivers\u00e1rio, as cores vivas s\u00e3o suficientes. As possibilidades s\u00e3o infinitas com este <strong>cesto de lixo retangular<\/strong>.     <\/p>\n<p>&nbsp;<\/p>\n<p><!--more--><\/p>\n<h4>Porqu\u00ea utilizar o nosso cesto?<\/h4>\n<p>Ao optar por este caixote <strong>do lixo de cart\u00e3o<\/strong>, est\u00e1 a fazer uma escolha ambientalmente respons\u00e1vel. O cart\u00e3o \u00e9 um material recicl\u00e1vel. Isto significa que, ap\u00f3s a utiliza\u00e7\u00e3o, pode reciclar facilmente este <strong>caixote de apresenta\u00e7\u00e3o<\/strong>. Assim, est\u00e1 a ajudar a proteger o ambiente enquanto utiliza um produto pr\u00e1tico. Al\u00e9m disso, o seu design meticuloso confere um toque de eleg\u00e2ncia \u00e0 sua decora\u00e7\u00e3o.    <\/p>\n<p>Pode ser utilizado numa grande variedade de ocasi\u00f5es. Quer se trate de um casamento, de um anivers\u00e1rio ou de uma reuni\u00e3o de neg\u00f3cios, o <strong>caixote do lixo retangular<\/strong> enquadra-se perfeitamente na sua decora\u00e7\u00e3o. Al\u00e9m disso, o seu design simples e elegante permite-lhe adaptar-se a qualquer estilo. Para uma apresenta\u00e7\u00e3o cuidada, \u00e9 essencial escolher os recipientes certos. O <strong>cesto de cart\u00e3o<\/strong> \u00e9 a resposta perfeita.    <\/p>\n<p>&nbsp;<\/p>\n<p><!--more--><\/p>\n<div style=\"font-family: Roboto, sans-serif;\">\n<div style=\"font-family: Roboto, sans-serif;\">\n<div style=\"font-family: Roboto, sans-serif;\">\n<div style=\"font-family: Roboto, sans-serif;\">\n<div style=\"font-family: Roboto, sans-serif;\">\n<div style=\"font-family: Roboto, sans-serif;\">\n<div style=\"font-family: Roboto, sans-serif;\">\n<div style=\"font-family: Roboto, sans-serif;\">\n<div style=\"font-family: Roboto, sans-serif;\">\n<div style=\"font-family: Roboto, sans-serif;\">\n<div style=\"font-family: Roboto, sans-serif;\">\n<div style=\"font-family: Roboto, sans-serif;\">\n<div style=\"font-family: Roboto, sans-serif;\">\n<div class=\"flex flex-grow flex-col max-w-full\">\n<div class=\"min-h-[20px] text-message flex flex-col items-start whitespace-pre-wrap break-words [.text-message+&amp;]:mt-5 juice:w-full juice:items-end overflow-x-auto gap-2\" dir=\"auto\" data-message-author-role=\"assistant\" data-message-id=\"2034782e-88f9-44ef-b4dc-07dd7bf0115f\">\n<div class=\"flex w-full flex-col gap-1 juice:empty:hidden juice:first:pt-[3px]\">\n<div class=\"markdown prose w-full break-words dark:prose-invert light\">\n<div style=\"font-family: Roboto, sans-serif;\">\n<div style=\"font-family: Roboto, sans-serif;\">\n<div style=\"font-family: Roboto, sans-serif;\">\n<div style=\"font-family: Roboto, sans-serif;\">\n<div style=\"font-family: Roboto, sans-serif;\">\n<div style=\"font-family: Roboto, sans-serif;\">\n<p>Em suma, o <strong>caixote do lixo retangular em cart\u00e3o de 32 x 22 x 6 cm por 25<\/strong> \u00e9 uma escolha acertada. Combina praticidade, est\u00e9tica e responsabilidade ambiental. A sua utiliza\u00e7\u00e3o \u00e9 simples e variada. Quer se trate da organiza\u00e7\u00e3o de um evento ou simplesmente da arruma\u00e7\u00e3o dos seus objectos, este <strong>cesto de apresenta\u00e7\u00e3o<\/strong> \u00e9 ideal.   <\/p>\n<p>Com a sua capacidade e robustez, nunca desilude. Para otimizar a sua arruma\u00e7\u00e3o ou embelezar as suas apresenta\u00e7\u00f5es, opte por este <strong>cesto de cart\u00e3o<\/strong>. N\u00e3o ficar\u00e1 desiludido com a sua qualidade e design. E n\u00e3o se esque\u00e7a que todos os pormenores contam para uma apresenta\u00e7\u00e3o de sucesso. Ao escolher este caixote <strong>do lixo retangular<\/strong>, est\u00e1 a investir num produto fi\u00e1vel e elegante.    <\/p>\n<p>&nbsp;<\/p>\n<p><!--more--><\/p>\n<h4 style=\"text-align: left;\"><strong>As vantagens dos cestos de cart\u00e3o<\/strong><strong> :<\/strong><\/h4>\n<ul style=\"text-align: left;\">\n<li><strong>Amigo do ambiente<\/strong>: Fabricado em cart\u00e3o recicl\u00e1vel, ajuda a proteger o ambiente.<\/li>\n<li><strong>Pr\u00e1tico<\/strong>: O seu tamanho permite-lhe armazenar eficazmente tudo, desde alimentos a objectos decorativos.<\/li>\n<li><strong>Vers\u00e1til<\/strong>: Adequado para uma grande variedade de ocasi\u00f5es, \u00e9 ideal para eventos como casamentos, anivers\u00e1rios ou reuni\u00f5es de neg\u00f3cios.<\/li>\n<li><strong>F\u00e1cil de utilizar<\/strong>: <strong>caixote do lixo<\/strong> concebido com pegas para facilitar o manuseamento.<\/li>\n<\/ul>\n<\/div>\n<\/div>\n<\/div>\n<\/div>\n<\/div>\n<\/div>\n<\/div>\n<\/div>\n<\/div>\n<\/div>\n<\/div>\n<\/div>\n<p>&nbsp;<\/p>\n<\/div>\n<\/div>\n<\/div>\n<\/div>\n<\/div>\n<\/div>\n<\/div>\n<\/div>\n<\/div>\n<\/div>\n<\/div>\n<p><!--more--><\/p>\n<h4>Outras informa\u00e7\u00f5es :<\/h4>\n<ul style=\"font-family: Roboto, sans-serif;\">\n<li><strong>Embalagem<\/strong>: Pacote de 25<\/li>\n<li><span style=\"font-weight: bold;\">Dimens\u00f5es<\/span>: 32 x 22 x 6 cm<\/li>\n<li><strong>Material<\/strong>: cart\u00e3o<\/li>\n<\/ul>\n<p>&nbsp;<\/p>\n<p><!--more--><\/p>\n<p>Tamb\u00e9m dispon\u00edvel em <span style=\"color: #d12727;\"><br \/>\n  <a style=\"color: #d12727;\" href=\"https:\/\/www.csj-emballages.com\/es\/produit\/25-cestas-micro-kraft-marron-30-x-40-x-6-cm\/\">30 x 40 x 6 cm<\/a><br \/>\n<\/span><\/p>\n<p>&nbsp;<\/p>\n<p style=\"text-align: left;\"><!--more--><\/p>\n<p><a href=\"\/?product_cat=panier-corbeille\">Ver o resto da nossa gama de cestos<\/a><\/p>\n","protected":false},"excerpt":{"rendered":"<p>Cesto de cart\u00e3o Descri\u00e7\u00e3o do nosso cesto de cart\u00e3o kraft 32 x 22 x 6 cm, embalagem de 25<\/p>\n","protected":false},"featured_media":143913,"template":"","meta":{"_acf_changed":false},"product_brand":[],"product_cat":[1141,1482,3922,3065],"product_tag":[],"class_list":{"0":"post-159529","1":"product","2":"type-product","3":"status-publish","4":"has-post-thumbnail","6":"product_cat-embalagem-de-alimentos","7":"product_cat-loja-e-armazem","8":"product_cat-acessorios-e-equipamentos-pt-pt","9":"product_cat-cesto-de-vime","11":"first","12":"instock","13":"taxable","14":"shipping-taxable","15":"purchasable","16":"product-type-simple"},"acf":[],"yoast_head":"<!-- This site is optimized with the Yoast SEO Premium plugin v26.6 (Yoast SEO v26.6) - https:\/\/yoast.com\/wordpress\/plugins\/seo\/ -->\n<title>Cesto retangular de cart\u00e3o 32 x 22 x 6 cm<\/title>\n<meta name=\"description\" content=\"Descubra o caixote do lixo retangular em cart\u00e3o de 32 x 22 x 6 cm por 25: pr\u00e1tico, ecol\u00f3gico e vers\u00e1til. Ideal para apresenta\u00e7\u00f5es.\" \/>\n<meta name=\"robots\" content=\"index, follow, max-snippet:-1, max-image-preview:large, max-video-preview:-1\" \/>\n<link rel=\"canonical\" href=\"https:\/\/www.csj-emballages.com\/pt-pt\/produit\/25-cestos-micro-kraft-castanhos-32-x-22-x-6-cm\/\" \/>\n<meta property=\"og:locale\" content=\"pt_PT\" \/>\n<meta property=\"og:type\" content=\"article\" \/>\n<meta property=\"og:title\" content=\"Cesto retangular de cart\u00e3o 32 x 22 x 6 cm\" \/>\n<meta property=\"og:description\" content=\"Descubra o caixote do lixo retangular em cart\u00e3o de 32 x 22 x 6 cm por 25: pr\u00e1tico, ecol\u00f3gico e vers\u00e1til. Ideal para apresenta\u00e7\u00f5es.\" \/>\n<meta property=\"og:url\" content=\"https:\/\/www.csj-emballages.com\/pt-pt\/produit\/25-cestos-micro-kraft-castanhos-32-x-22-x-6-cm\/\" \/>\n<meta property=\"og:site_name\" content=\"CSJ Emballages\" \/>\n<meta property=\"article:publisher\" content=\"https:\/\/www.facebook.com\/csjemballages\" \/>\n<meta property=\"article:modified_time\" content=\"2026-03-12T15:21:03+00:00\" \/>\n<meta property=\"og:image\" content=\"https:\/\/www.csj-emballages.com\/wp-content\/uploads\/2024\/10\/e-amande-49.png\" \/>\n\t<meta property=\"og:image:width\" content=\"300\" \/>\n\t<meta property=\"og:image:height\" content=\"300\" \/>\n\t<meta property=\"og:image:type\" content=\"image\/png\" \/>\n<meta name=\"twitter:card\" content=\"summary_large_image\" \/>\n<meta name=\"twitter:title\" content=\"Cesto retangular de cart\u00e3o 32 x 22 x 6 cm\" \/>\n<meta name=\"twitter:description\" content=\"Descubra o caixote do lixo retangular em cart\u00e3o de 32 x 22 x 6 cm por 25: pr\u00e1tico, ecol\u00f3gico e vers\u00e1til. Ideal para apresenta\u00e7\u00f5es.\" \/>\n<meta name=\"twitter:label1\" content=\"Tempo estimado de leitura\" \/>\n\t<meta name=\"twitter:data1\" content=\"3 minutos\" \/>\n<script type=\"application\/ld+json\" class=\"yoast-schema-graph\">{\"@context\":\"https:\/\/schema.org\",\"@graph\":[{\"@type\":\"WebPage\",\"@id\":\"https:\/\/www.csj-emballages.com\/pt-pt\/produit\/25-cestos-micro-kraft-castanhos-32-x-22-x-6-cm\/\",\"url\":\"https:\/\/www.csj-emballages.com\/pt-pt\/produit\/25-cestos-micro-kraft-castanhos-32-x-22-x-6-cm\/\",\"name\":\"Cesto retangular de cart\u00e3o 32 x 22 x 6 cm\",\"isPartOf\":{\"@id\":\"https:\/\/www.csj-emballages.com\/pt-pt\/#website\"},\"primaryImageOfPage\":{\"@id\":\"https:\/\/www.csj-emballages.com\/pt-pt\/produit\/25-cestos-micro-kraft-castanhos-32-x-22-x-6-cm\/#primaryimage\"},\"image\":{\"@id\":\"https:\/\/www.csj-emballages.com\/pt-pt\/produit\/25-cestos-micro-kraft-castanhos-32-x-22-x-6-cm\/#primaryimage\"},\"thumbnailUrl\":\"https:\/\/www.csj-emballages.com\/wp-content\/uploads\/2024\/10\/e-amande-49.png\",\"datePublished\":\"2024-10-09T00:18:17+00:00\",\"dateModified\":\"2026-03-12T15:21:03+00:00\",\"description\":\"Descubra o caixote do lixo retangular em cart\u00e3o de 32 x 22 x 6 cm por 25: pr\u00e1tico, ecol\u00f3gico e vers\u00e1til. Ideal para apresenta\u00e7\u00f5es.\",\"breadcrumb\":{\"@id\":\"https:\/\/www.csj-emballages.com\/pt-pt\/produit\/25-cestos-micro-kraft-castanhos-32-x-22-x-6-cm\/#breadcrumb\"},\"inLanguage\":\"pt-PT\",\"potentialAction\":[{\"@type\":\"ReadAction\",\"target\":[\"https:\/\/www.csj-emballages.com\/pt-pt\/produit\/25-cestos-micro-kraft-castanhos-32-x-22-x-6-cm\/\"]}]},{\"@type\":\"ImageObject\",\"inLanguage\":\"pt-PT\",\"@id\":\"https:\/\/www.csj-emballages.com\/pt-pt\/produit\/25-cestos-micro-kraft-castanhos-32-x-22-x-6-cm\/#primaryimage\",\"url\":\"https:\/\/www.csj-emballages.com\/wp-content\/uploads\/2024\/10\/e-amande-49.png\",\"contentUrl\":\"https:\/\/www.csj-emballages.com\/wp-content\/uploads\/2024\/10\/e-amande-49.png\",\"width\":300,\"height\":300,\"caption\":\"corbeille carton\"},{\"@type\":\"BreadcrumbList\",\"@id\":\"https:\/\/www.csj-emballages.com\/pt-pt\/produit\/25-cestos-micro-kraft-castanhos-32-x-22-x-6-cm\/#breadcrumb\",\"itemListElement\":[{\"@type\":\"ListItem\",\"position\":1,\"name\":\"Acolhimento\",\"item\":\"https:\/\/www.csj-emballages.com\/pt-pt\/universo-das-embalagens-alimentares\/\"},{\"@type\":\"ListItem\",\"position\":2,\"name\":\"Shop\",\"item\":\"https:\/\/www.csj-emballages.com\/shop\/\"},{\"@type\":\"ListItem\",\"position\":3,\"name\":\"Cesto de cart\u00e3o kraft 32 x 22 x 6 cm, embalagem de 25\"}]},{\"@type\":\"WebSite\",\"@id\":\"https:\/\/www.csj-emballages.com\/pt-pt\/#website\",\"url\":\"https:\/\/www.csj-emballages.com\/pt-pt\/\",\"name\":\"CSJ Emballages\",\"description\":\"\",\"publisher\":{\"@id\":\"https:\/\/www.csj-emballages.com\/pt-pt\/#organization\"},\"potentialAction\":[{\"@type\":\"SearchAction\",\"target\":{\"@type\":\"EntryPoint\",\"urlTemplate\":\"https:\/\/www.csj-emballages.com\/pt-pt\/?s={search_term_string}\"},\"query-input\":{\"@type\":\"PropertyValueSpecification\",\"valueRequired\":true,\"valueName\":\"search_term_string\"}}],\"inLanguage\":\"pt-PT\"},{\"@type\":\"Organization\",\"@id\":\"https:\/\/www.csj-emballages.com\/pt-pt\/#Organization\/\",\"name\":\"CSJ Emballages\",\"url\":\"https:\/\/www.csj-emballages.com\/pt-pt\/\",\"logo\":{\"@type\":\"ImageObject\",\"inLanguage\":\"pt-PT\",\"@id\":\"https:\/\/www.csj-emballages.com\/pt-pt\/#\/schema\/logo\/image\/\",\"url\":\"https:\/\/www.csj-emballages.com\/wp-content\/uploads\/2023\/10\/logo_csj.webp\",\"contentUrl\":\"https:\/\/www.csj-emballages.com\/wp-content\/uploads\/2023\/10\/logo_csj.webp\",\"width\":250,\"height\":95,\"caption\":\"CSJ Emballages\"},\"image\":{\"@id\":\"https:\/\/www.csj-emballages.com\/pt-pt\/#\/schema\/logo\/image\/\"},\"sameAs\":[\"https:\/\/www.facebook.com\/csjemballages\"],\"address\":{\"@type\":\"PostalAddress\",\"streetAddress\":\"ZI La Lechere\",\"addressLocality\":\"Patornay\",\"postalCode\":\"39130\",\"addressCountry\":\"FR\"},\"contactPoint\":[{\"@type\":\"ContactPoint\",\"contactType\":\"Service client\",\"telephone\":\"0384254272\",\"email\":\"contact@csj-emballages.com\"}]}]}<\/script>\n<!-- \/ Yoast SEO Premium plugin. -->","yoast_head_json":{"title":"Cesto retangular de cart\u00e3o 32 x 22 x 6 cm","description":"Descubra o caixote do lixo retangular em cart\u00e3o de 32 x 22 x 6 cm por 25: pr\u00e1tico, ecol\u00f3gico e vers\u00e1til. Ideal para apresenta\u00e7\u00f5es.","robots":{"index":"index","follow":"follow","max-snippet":"max-snippet:-1","max-image-preview":"max-image-preview:large","max-video-preview":"max-video-preview:-1"},"canonical":"https:\/\/www.csj-emballages.com\/pt-pt\/produit\/25-cestos-micro-kraft-castanhos-32-x-22-x-6-cm\/","og_locale":"pt_PT","og_type":"article","og_title":"Cesto retangular de cart\u00e3o 32 x 22 x 6 cm","og_description":"Descubra o caixote do lixo retangular em cart\u00e3o de 32 x 22 x 6 cm por 25: pr\u00e1tico, ecol\u00f3gico e vers\u00e1til. Ideal para apresenta\u00e7\u00f5es.","og_url":"https:\/\/www.csj-emballages.com\/pt-pt\/produit\/25-cestos-micro-kraft-castanhos-32-x-22-x-6-cm\/","og_site_name":"CSJ Emballages","article_publisher":"https:\/\/www.facebook.com\/csjemballages","article_modified_time":"2026-03-12T15:21:03+00:00","og_image":[{"width":300,"height":300,"url":"https:\/\/www.csj-emballages.com\/wp-content\/uploads\/2024\/10\/e-amande-49.png","type":"image\/png"}],"twitter_card":"summary_large_image","twitter_title":"Cesto retangular de cart\u00e3o 32 x 22 x 6 cm","twitter_description":"Descubra o caixote do lixo retangular em cart\u00e3o de 32 x 22 x 6 cm por 25: pr\u00e1tico, ecol\u00f3gico e vers\u00e1til. Ideal para apresenta\u00e7\u00f5es.","twitter_misc":{"Tempo estimado de leitura":"3 minutos"},"schema":{"@context":"https:\/\/schema.org","@graph":[{"@type":"WebPage","@id":"https:\/\/www.csj-emballages.com\/pt-pt\/produit\/25-cestos-micro-kraft-castanhos-32-x-22-x-6-cm\/","url":"https:\/\/www.csj-emballages.com\/pt-pt\/produit\/25-cestos-micro-kraft-castanhos-32-x-22-x-6-cm\/","name":"Cesto retangular de cart\u00e3o 32 x 22 x 6 cm","isPartOf":{"@id":"https:\/\/www.csj-emballages.com\/pt-pt\/#website"},"primaryImageOfPage":{"@id":"https:\/\/www.csj-emballages.com\/pt-pt\/produit\/25-cestos-micro-kraft-castanhos-32-x-22-x-6-cm\/#primaryimage"},"image":{"@id":"https:\/\/www.csj-emballages.com\/pt-pt\/produit\/25-cestos-micro-kraft-castanhos-32-x-22-x-6-cm\/#primaryimage"},"thumbnailUrl":"https:\/\/www.csj-emballages.com\/wp-content\/uploads\/2024\/10\/e-amande-49.png","datePublished":"2024-10-09T00:18:17+00:00","dateModified":"2026-03-12T15:21:03+00:00","description":"Descubra o caixote do lixo retangular em cart\u00e3o de 32 x 22 x 6 cm por 25: pr\u00e1tico, ecol\u00f3gico e vers\u00e1til. Ideal para apresenta\u00e7\u00f5es.","breadcrumb":{"@id":"https:\/\/www.csj-emballages.com\/pt-pt\/produit\/25-cestos-micro-kraft-castanhos-32-x-22-x-6-cm\/#breadcrumb"},"inLanguage":"pt-PT","potentialAction":[{"@type":"ReadAction","target":["https:\/\/www.csj-emballages.com\/pt-pt\/produit\/25-cestos-micro-kraft-castanhos-32-x-22-x-6-cm\/"]}]},{"@type":"ImageObject","inLanguage":"pt-PT","@id":"https:\/\/www.csj-emballages.com\/pt-pt\/produit\/25-cestos-micro-kraft-castanhos-32-x-22-x-6-cm\/#primaryimage","url":"https:\/\/www.csj-emballages.com\/wp-content\/uploads\/2024\/10\/e-amande-49.png","contentUrl":"https:\/\/www.csj-emballages.com\/wp-content\/uploads\/2024\/10\/e-amande-49.png","width":300,"height":300,"caption":"corbeille carton"},{"@type":"BreadcrumbList","@id":"https:\/\/www.csj-emballages.com\/pt-pt\/produit\/25-cestos-micro-kraft-castanhos-32-x-22-x-6-cm\/#breadcrumb","itemListElement":[{"@type":"ListItem","position":1,"name":"Acolhimento","item":"https:\/\/www.csj-emballages.com\/pt-pt\/universo-das-embalagens-alimentares\/"},{"@type":"ListItem","position":2,"name":"Shop","item":"https:\/\/www.csj-emballages.com\/shop\/"},{"@type":"ListItem","position":3,"name":"Cesto de cart\u00e3o kraft 32 x 22 x 6 cm, embalagem de 25"}]},{"@type":"WebSite","@id":"https:\/\/www.csj-emballages.com\/pt-pt\/#website","url":"https:\/\/www.csj-emballages.com\/pt-pt\/","name":"CSJ Emballages","description":"","publisher":{"@id":"https:\/\/www.csj-emballages.com\/pt-pt\/#organization"},"potentialAction":[{"@type":"SearchAction","target":{"@type":"EntryPoint","urlTemplate":"https:\/\/www.csj-emballages.com\/pt-pt\/?s={search_term_string}"},"query-input":{"@type":"PropertyValueSpecification","valueRequired":true,"valueName":"search_term_string"}}],"inLanguage":"pt-PT"},{"@type":"Organization","@id":"https:\/\/www.csj-emballages.com\/pt-pt\/#Organization\/","name":"CSJ Emballages","url":"https:\/\/www.csj-emballages.com\/pt-pt\/","logo":{"@type":"ImageObject","inLanguage":"pt-PT","@id":"https:\/\/www.csj-emballages.com\/pt-pt\/#\/schema\/logo\/image\/","url":"https:\/\/www.csj-emballages.com\/wp-content\/uploads\/2023\/10\/logo_csj.webp","contentUrl":"https:\/\/www.csj-emballages.com\/wp-content\/uploads\/2023\/10\/logo_csj.webp","width":250,"height":95,"caption":"CSJ Emballages"},"image":{"@id":"https:\/\/www.csj-emballages.com\/pt-pt\/#\/schema\/logo\/image\/"},"sameAs":["https:\/\/www.facebook.com\/csjemballages"],"address":{"@type":"PostalAddress","streetAddress":"ZI La Lechere","addressLocality":"Patornay","postalCode":"39130","addressCountry":"FR"},"contactPoint":[{"@type":"ContactPoint","contactType":"Service client","telephone":"0384254272","email":"contact@csj-emballages.com"}]}]}},"df_price":16.22,"df_sale_price":"","df_regular_price":16.22,"df_image_link":"https:\/\/www.csj-emballages.com\/wp-content\/uploads\/2024\/10\/e-amande-49.png","tiered_pricing_type":"fixed","tiered_pricing_fixed_rules":[],"tiered_pricing_percentage_rules":[],"tiered_pricing_minimum":1,"tiered_pricing_roles_data":[],"_links":{"self":[{"href":"https:\/\/www.csj-emballages.com\/pt-pt\/wp-json\/wp\/v2\/product\/159529","targetHints":{"allow":["GET"]}}],"collection":[{"href":"https:\/\/www.csj-emballages.com\/pt-pt\/wp-json\/wp\/v2\/product"}],"about":[{"href":"https:\/\/www.csj-emballages.com\/pt-pt\/wp-json\/wp\/v2\/types\/product"}],"wp:featuredmedia":[{"embeddable":true,"href":"https:\/\/www.csj-emballages.com\/pt-pt\/wp-json\/wp\/v2\/media\/143913"}],"wp:attachment":[{"href":"https:\/\/www.csj-emballages.com\/pt-pt\/wp-json\/wp\/v2\/media?parent=159529"}],"wp:term":[{"taxonomy":"product_brand","embeddable":true,"href":"https:\/\/www.csj-emballages.com\/pt-pt\/wp-json\/wp\/v2\/product_brand?post=159529"},{"taxonomy":"product_cat","embeddable":true,"href":"https:\/\/www.csj-emballages.com\/pt-pt\/wp-json\/wp\/v2\/product_cat?post=159529"},{"taxonomy":"product_tag","embeddable":true,"href":"https:\/\/www.csj-emballages.com\/pt-pt\/wp-json\/wp\/v2\/product_tag?post=159529"}],"curies":[{"name":"wp","href":"https:\/\/api.w.org\/{rel}","templated":true}]}}