{"id":159514,"date":"2024-10-05T02:18:16","date_gmt":"2024-10-05T00:18:16","guid":{"rendered":"https:\/\/www.csj-emballages.com\/produit\/tampa-de-plastico-para-tabuleiro-pp-retangular-50-unidades\/"},"modified":"2026-05-11T16:00:32","modified_gmt":"2026-05-11T14:00:32","slug":"tampa-de-plastico-para-tabuleiro-pp-retangular-50-unidades","status":"publish","type":"product","link":"https:\/\/www.csj-emballages.com\/pt-pt\/produit\/tampa-de-plastico-para-tabuleiro-pp-retangular-50-unidades\/","title":{"rendered":"Tampa de pl\u00e1stico para tabuleiro PP retangular, 50 unidades"},"content":{"rendered":"<div style=\"box-sizing: inherit; font-family: Roboto, sans-serif;\">\n<div style=\"box-sizing: inherit; font-family: Roboto, sans-serif;\">\n<div style=\"box-sizing: inherit; font-family: Roboto, sans-serif;\">\n<div style=\"box-sizing: inherit; font-family: Roboto, sans-serif;\">\n<div style=\"box-sizing: inherit; font-family: Roboto, sans-serif;\">\n<div style=\"box-sizing: inherit; font-family: Roboto, sans-serif;\">\n<div style=\"box-sizing: inherit; font-family: Roboto, sans-serif;\">\n<div style=\"box-sizing: inherit; font-family: Roboto, sans-serif;\">\n<div style=\"box-sizing: inherit; font-family: Roboto, sans-serif;\">\n<div style=\"box-sizing: inherit; font-family: Roboto, sans-serif;\">\n<div style=\"box-sizing: inherit; font-family: Roboto, sans-serif;\">\n<div style=\"box-sizing: inherit; font-family: Roboto, sans-serif;\">\n<div style=\"box-sizing: inherit; font-family: Roboto, sans-serif;\">\n<div class=\"flex flex-grow flex-col max-w-full\">\n<div class=\"min-h-[20px] text-message flex flex-col items-start whitespace-pre-wrap break-words [.text-message+&amp;]:mt-5 juice:w-full juice:items-end overflow-x-auto gap-2\" dir=\"auto\" data-message-author-role=\"assistant\" data-message-id=\"2034782e-88f9-44ef-b4dc-07dd7bf0115f\">\n<div class=\"flex w-full flex-col gap-1 juice:empty:hidden juice:first:pt-[3px]\">\n<div class=\"markdown prose w-full break-words dark:prose-invert light\">\n<div style=\"box-sizing: inherit; font-family: Roboto, sans-serif;\">\n<div style=\"box-sizing: inherit; font-family: Roboto, sans-serif;\">\n<div style=\"box-sizing: inherit; font-family: Roboto, sans-serif;\">\n<div style=\"box-sizing: inherit; font-family: Roboto, sans-serif;\">\n<div style=\"box-sizing: inherit; font-family: Roboto, sans-serif;\">\n<div style=\"box-sizing: inherit; font-family: Roboto, sans-serif;\">\n<h2>Tampa de pl\u00e1stico<\/h2>\n<div style=\"box-sizing: inherit; font-family: Roboto, sans-serif;\">\n<div style=\"box-sizing: inherit; font-family: Roboto, sans-serif;\">\n<div style=\"box-sizing: inherit; font-family: Roboto, sans-serif;\">\n<div style=\"text-align: center;\">\n<div style=\"box-sizing: inherit; font-family: Roboto, sans-serif;\">\n<div style=\"box-sizing: inherit; font-family: Roboto, sans-serif;\">\n<div style=\"box-sizing: inherit; font-family: Roboto, sans-serif;\">\n<div style=\"box-sizing: inherit; font-family: Roboto, sans-serif;\">\n<div style=\"box-sizing: inherit; font-family: Roboto, sans-serif;\">\n<div style=\"box-sizing: inherit; font-family: Roboto, sans-serif; text-align: left;\">\n<hr>\n<h3 style=\"text-align: left;\">Descri\u00e7\u00e3o da nossa tampa de pl\u00e1stico para recipientes para alimentos  <!--more--><\/h3>\n<\/div>\n<\/div>\n<\/div>\n<\/div>\n<\/div>\n<\/div>\n<\/div>\n<\/div>\n<\/div>\n<\/div>\n<\/div>\n<\/div>\n<\/div>\n<\/div>\n<\/div>\n<\/div>\n<\/div>\n<\/div>\n<\/div>\n<\/div>\n<\/div>\n<\/div>\n<\/div>\n<\/div>\n<\/div>\n<\/div>\n<\/div>\n<\/div>\n<\/div>\n<\/div>\n<\/div>\n<\/div>\n<\/div>\n<div class=\"flex max-w-full flex-col flex-grow\">\n<div class=\"min-h-8 text-message flex w-full flex-col items-end gap-2 whitespace-normal break-words [.text-message+&amp;]:mt-5\" dir=\"auto\" data-message-author-role=\"assistant\" data-message-id=\"290aa723-0852-4224-b964-694d71f8ed99\" data-message-model-slug=\"gpt-4o\">\n<div class=\"flex w-full flex-col gap-1 empty:hidden first:pt-[3px]\">\n<div class=\"markdown prose w-full break-words dark:prose-invert light\">\n<p>A <strong>tampa de pl\u00e1stico<\/strong> para <strong>tabuleiros de alimentos<\/strong> \u00e9 um acess\u00f3rio essencial para o acondicionamento seguro dos alimentos. Concebida para se adaptar perfeitamente a <strong>tabuleiros<\/strong> rectangulares <span style=\"color: #d12727;\"><a style=\"color: #d12727;\" href=\"https:\/\/www.csj-emballages.com\/produit\/50-barquette-alimentaire-carton-rectangulaire-kraft-500-ml\/\">BA500KGE<\/a><\/span>, <span style=\"color: #d12727;\"><a style=\"color: #d12727;\" href=\"https:\/\/www.csj-emballages.com\/produit\/50-barquette-alimentaire-carton-rectangulaire-kraft-750-ml\/\">BA750KGE<\/a><\/span> e <span style=\"color: #d12727;\"><a style=\"color: #d12727;\" href=\"https:\/\/www.csj-emballages.com\/es\/produit\/bandejas-rectangulares-de-carton-para-alimentos-1000-ml-paquete-de-50\/\">BA1000KGE<\/a><\/span>Estas <strong>tampas de pl\u00e1stico<\/strong> est\u00e3o dispon\u00edveis em embalagens de <strong>50<\/strong> unidades. \u00c9 tamb\u00e9m ideal para profissionais de restaura\u00e7\u00e3o, fornecedores e fabricantes que procuram embalagens pr\u00e1ticas e fi\u00e1veis para os seus produtos alimentares. Ao oferecer uma prote\u00e7\u00e3o herm\u00e9tica, esta <strong>tampa de pl\u00e1stico<\/strong> mant\u00e9m os alimentos frescos durante mais tempo.   <\/p>\n<p>Leves e resistentes, adaptam-se facilmente aos <strong>tabuleiros para alimentos<\/strong>, garantindo um encaixe perfeito. Gra\u00e7as \u00e0 solidez do material, os alimentos ficam bem protegidos contra choques e poss\u00edveis derrames. Ideal para transportar alimentos sem se preocupar com derrames. Al\u00e9m disso, a sua transpar\u00eancia permite que o conte\u00fado seja completamente vis\u00edvel, facilitando a identifica\u00e7\u00e3o dos alimentos.   <\/p>\n<p>&nbsp;<\/p>\n<\/div>\n<\/div>\n<\/div>\n<\/div>\n<p><!--more--><\/p>\n<h4>Porqu\u00ea utilizar a nossa tampa de pl\u00e1stico?<\/h4>\n<p>No que diz respeito \u00e0 seguran\u00e7a alimentar, <strong>o polipropileno<\/strong> (PP) \u00e9 um material aprovado para o contacto seguro com os alimentos. Por conseguinte, \u00e9 perfeitamente seguro para embalar diferentes tipos de alimentos, quer sejam quentes ou frios. Al\u00e9m disso, \u00e9 resistente a altas temperaturas, o que o torna uma excelente escolha para pratos que requerem reaquecimento.  <\/p>\n<p>Esta <strong>tampa de pl\u00e1stico<\/strong> \u00e9 r\u00e1pida e f\u00e1cil de utilizar. Gra\u00e7as ao seu formato adaptado, basta pression\u00e1-la sobre o <strong>tabuleiro de alimentos<\/strong> para o selar. O selo \u00e9 herm\u00e9tico, mas f\u00e1cil de abrir gra\u00e7as \u00e0 pequena patilha. Assim, esta <strong>tampa de pl\u00e1stico<\/strong> \u00e9 perfeita para refei\u00e7\u00f5es prontas e para levar para casa.   <\/p>\n<p>Estes <strong>tabuleiros para alimentos<\/strong> com <strong>tampas de pl\u00e1stico<\/strong> s\u00e3o ideais para profissionais que procuram solu\u00e7\u00f5es de transporte pr\u00e1ticas e higi\u00e9nicas. S\u00e3o adequados tanto para pratos quentes como para pratos frios, gra\u00e7as ao seu design em PP que resiste a v\u00e1rias temperaturas. Embalados em lotes de <strong>50<\/strong>, s\u00e3o econ\u00f3micos para os profissionais.  <\/p>\n<div style=\"box-sizing: inherit; font-family: Roboto, sans-serif;\">\n<div style=\"box-sizing: inherit; font-family: Roboto, sans-serif;\">\n<div style=\"box-sizing: inherit; font-family: Roboto, sans-serif;\">\n<div style=\"box-sizing: inherit; font-family: Roboto, sans-serif;\">\n<div style=\"box-sizing: inherit; font-family: Roboto, sans-serif;\">\n<div style=\"box-sizing: inherit; font-family: Roboto, sans-serif;\">\n<div style=\"box-sizing: inherit; font-family: Roboto, sans-serif;\">\n<div style=\"box-sizing: inherit; font-family: Roboto, sans-serif;\">\n<div style=\"box-sizing: inherit; font-family: Roboto, sans-serif;\">\n<div style=\"box-sizing: inherit; font-family: Roboto, sans-serif;\">\n<div style=\"box-sizing: inherit; font-family: Roboto, sans-serif;\">\n<div style=\"box-sizing: inherit; font-family: Roboto, sans-serif;\">\n<div style=\"box-sizing: inherit; font-family: Roboto, sans-serif;\">\n<div class=\"flex flex-grow flex-col max-w-full\">\n<div class=\"min-h-[20px] text-message flex flex-col items-start whitespace-pre-wrap break-words [.text-message+&amp;]:mt-5 juice:w-full juice:items-end overflow-x-auto gap-2\" dir=\"auto\" data-message-author-role=\"assistant\" data-message-id=\"2034782e-88f9-44ef-b4dc-07dd7bf0115f\">\n<div class=\"flex w-full flex-col gap-1 juice:empty:hidden juice:first:pt-[3px]\">\n<div class=\"markdown prose w-full break-words dark:prose-invert light\">\n<div style=\"box-sizing: inherit; font-family: Roboto, sans-serif;\">\n<div style=\"box-sizing: inherit; font-family: Roboto, sans-serif;\">\n<div style=\"box-sizing: inherit; font-family: Roboto, sans-serif;\">\n<div style=\"box-sizing: inherit; font-family: Roboto, sans-serif;\">\n<div style=\"box-sizing: inherit; font-family: Roboto, sans-serif;\">\n<div style=\"box-sizing: inherit; font-family: Roboto, sans-serif;\">\n<div class=\"flex max-w-full flex-col flex-grow\">\n<div class=\"min-h-8 text-message flex w-full flex-col items-end gap-2 whitespace-normal break-words [.text-message+&amp;]:mt-5\" dir=\"auto\" data-message-author-role=\"assistant\" data-message-id=\"290aa723-0852-4224-b964-694d71f8ed99\" data-message-model-slug=\"gpt-4o\">\n<div class=\"flex w-full flex-col gap-1 empty:hidden first:pt-[3px]\">\n<div class=\"markdown prose w-full break-words dark:prose-invert light\">\n<p>&nbsp;<\/p>\n<\/div>\n<\/div>\n<\/div>\n<\/div>\n<p><!--more--><\/p>\n<h4 style=\"text-align: left;\"><strong>As vantagens da nossa tampa de pl\u00e1stico para tabuleiros rectangulares de cart\u00e3o para alimentos:<\/strong><\/h4>\n<\/div>\n<\/div>\n<\/div>\n<\/div>\n<\/div>\n<\/div>\n<\/div>\n<\/div>\n<\/div>\n<\/div>\n<\/div>\n<\/div>\n<\/div>\n<\/div>\n<\/div>\n<\/div>\n<\/div>\n<\/div>\n<\/div>\n<\/div>\n<\/div>\n<\/div>\n<\/div>\n<ul>\n<li><strong>Prote\u00e7\u00e3o e seguran\u00e7a<\/strong>: Ao selar hermeticamente <strong>os tabuleiros para alimentos<\/strong>, estas <strong>tampas de pl\u00e1stico<\/strong> oferecem uma prote\u00e7\u00e3o eficaz contra fugas.<\/li>\n<li><strong>Facilidade de utiliza\u00e7\u00e3o<\/strong>: Concebidos para se adaptarem perfeitamente aos <strong>tabuleiros<\/strong>, fixam-se com um simples movimento, proporcionando um fecho r\u00e1pido e seguro.<\/li>\n<li><strong>Visibilidade do conte\u00fado<\/strong>: Gra\u00e7as \u00e0 sua transpar\u00eancia, o conte\u00fado do <strong>tabuleiro de alimentos<\/strong> pode ser visto diretamente.<\/li>\n<li><strong>Resist\u00eancia \u00e0 temperatura<\/strong>: Fabricadas em polipropileno (PP), estas <strong>tampas<\/strong> suportam varia\u00e7\u00f5es de temperatura, permitindo que os alimentos sejam aquecidos ou arrefecidos sem risco.<\/li>\n<\/ul>\n<p>&nbsp;<\/p>\n<p><!--more--><\/p>\n<h4>Outras informa\u00e7\u00f5es :<\/h4>\n<ul style=\"box-sizing: inherit; font-family: Roboto, sans-serif;\">\n<li><strong>Embalagem<\/strong>: Pacote de 50<\/li>\n<li><span style=\"font-weight: bold;\">Dimens\u00f5es<\/span>: 17 x 12 x 1 (C x L x A em cm)<\/li>\n<li><strong>Material<\/strong>: Pl\u00e1stico PP<\/li>\n<li><b>Temperatura de funcionamento:<\/b>&#8211; 40\u00baC \/ + 130\u00baC<\/li>\n<li><strong>Contacto com os alimentos<\/strong>: Apte<\/li>\n<\/ul>\n<p><strong><span style=\"color: #ff0000;\">Tabuleiro vendido separadamente*.<\/span><\/strong><\/p>\n<p>&nbsp;<\/p>\n<p style=\"text-align: left;\"><!--more--><\/p>\n<p>Liga\u00e7\u00e3o aos tabuleiros : <span style=\"color: #d12727;\"><a style=\"color: #d12727;\" href=\"https:\/\/www.csj-emballages.com\/produit\/50-barquette-alimentaire-carton-rectangulaire-kraft-500-ml\/\">BA500KGE<\/a><\/span> \/ <span style=\"color: #d12727;\"><a style=\"color: #d12727;\" href=\"https:\/\/www.csj-emballages.com\/produit\/50-barquette-alimentaire-carton-rectangulaire-kraft-750-ml\/\">BA750KGE<\/a><\/span> \/ <span style=\"color: #d12727;\"><a style=\"color: #d12727;\" href=\"https:\/\/www.csj-emballages.com\/es\/produit\/bandejas-rectangulares-de-carton-para-alimentos-1000-ml-paquete-de-50\/\">BA1000KGE<\/a><\/span><\/p>\n<p>&nbsp;<\/p>\n<p style=\"text-align: left;\"><!--more--><\/p>\n<p><a href=\"https:\/\/www.csj-emballages.com\/pt-pt\/categorie-produit\/embalagem-de-alimentos\/restauracao\/tachos-tigelas-suportes-para-copos\/tabuleiros-de-cartao\/\">V\u00ea o resto da nossa gama de tabuleiros de cart\u00e3o<\/a><\/p>\n","protected":false},"excerpt":{"rendered":"<p>Tampa de pl\u00e1stico Descri\u00e7\u00e3o da nossa tampa de pl\u00e1stico para recipientes para alimentos<\/p>\n","protected":false},"featured_media":213876,"template":"","meta":{"_acf_changed":false},"product_brand":[],"product_cat":[11671,1141,1176,2289,1525,8098],"product_tag":[],"class_list":{"0":"post-159514","1":"product","2":"type-product","3":"status-publish","4":"has-post-thumbnail","6":"product_cat-tabuleiros-de-cartao","7":"product_cat-embalagem-de-alimentos","8":"product_cat-talho-e-charcutaria","9":"product_cat-tabuleiros-latas-e-frascos","10":"product_cat-tabuleiros-latas-frascos-para-alimentos","13":"first","14":"instock","15":"taxable","16":"shipping-taxable","17":"purchasable","18":"product-type-simple"},"acf":[],"yoast_head":"<!-- This site is optimized with the Yoast SEO Premium plugin v26.6 (Yoast SEO v26.6) - https:\/\/yoast.com\/wordpress\/plugins\/seo\/ -->\n<title>Tampa de pl\u00e1stico para tabuleiro retangular<\/title>\n<meta name=\"description\" content=\"Tampas de pl\u00e1stico para tabuleiros alimentares: perfeitas para uma embalagem herm\u00e9tica, segura e transparente. Ideal para pratos quentes e frios.\" \/>\n<meta name=\"robots\" content=\"index, follow, max-snippet:-1, max-image-preview:large, max-video-preview:-1\" \/>\n<link rel=\"canonical\" href=\"https:\/\/www.csj-emballages.com\/pt-pt\/produit\/tampa-de-plastico-para-tabuleiro-pp-retangular-50-unidades\/\" \/>\n<meta property=\"og:locale\" content=\"pt_PT\" \/>\n<meta property=\"og:type\" content=\"article\" \/>\n<meta property=\"og:title\" content=\"Tampa de pl\u00e1stico para tabuleiro retangular\" \/>\n<meta property=\"og:description\" content=\"Tampas de pl\u00e1stico para tabuleiros alimentares: perfeitas para uma embalagem herm\u00e9tica, segura e transparente. Ideal para pratos quentes e frios.\" \/>\n<meta property=\"og:url\" content=\"https:\/\/www.csj-emballages.com\/pt-pt\/produit\/tampa-de-plastico-para-tabuleiro-pp-retangular-50-unidades\/\" \/>\n<meta property=\"og:site_name\" content=\"CSJ Emballages\" \/>\n<meta property=\"article:publisher\" content=\"https:\/\/www.facebook.com\/csjemballages\" \/>\n<meta property=\"article:modified_time\" content=\"2026-05-11T14:00:32+00:00\" \/>\n<meta property=\"og:image\" content=\"https:\/\/www.csj-emballages.com\/wp-content\/uploads\/2024\/10\/COUVBAKGE.webp\" \/>\n\t<meta property=\"og:image:width\" content=\"800\" \/>\n\t<meta property=\"og:image:height\" content=\"800\" \/>\n\t<meta property=\"og:image:type\" content=\"image\/webp\" \/>\n<meta name=\"twitter:card\" content=\"summary_large_image\" \/>\n<meta name=\"twitter:title\" content=\"Tampa de pl\u00e1stico para tabuleiro PP retangular, 50 unidades\" \/>\n<meta name=\"twitter:label1\" content=\"Tempo estimado de leitura\" \/>\n\t<meta name=\"twitter:data1\" content=\"3 minutos\" \/>\n<script type=\"application\/ld+json\" class=\"yoast-schema-graph\">{\"@context\":\"https:\/\/schema.org\",\"@graph\":[{\"@type\":\"WebPage\",\"@id\":\"https:\/\/www.csj-emballages.com\/pt-pt\/produit\/tampa-de-plastico-para-tabuleiro-pp-retangular-50-unidades\/\",\"url\":\"https:\/\/www.csj-emballages.com\/pt-pt\/produit\/tampa-de-plastico-para-tabuleiro-pp-retangular-50-unidades\/\",\"name\":\"Tampa de pl\u00e1stico para tabuleiro retangular\",\"isPartOf\":{\"@id\":\"https:\/\/www.csj-emballages.com\/pt-pt\/#website\"},\"primaryImageOfPage\":{\"@id\":\"https:\/\/www.csj-emballages.com\/pt-pt\/produit\/tampa-de-plastico-para-tabuleiro-pp-retangular-50-unidades\/#primaryimage\"},\"image\":{\"@id\":\"https:\/\/www.csj-emballages.com\/pt-pt\/produit\/tampa-de-plastico-para-tabuleiro-pp-retangular-50-unidades\/#primaryimage\"},\"thumbnailUrl\":\"https:\/\/www.csj-emballages.com\/wp-content\/uploads\/2024\/10\/COUVBAKGE.webp\",\"datePublished\":\"2024-10-05T00:18:16+00:00\",\"dateModified\":\"2026-05-11T14:00:32+00:00\",\"description\":\"Tampas de pl\u00e1stico para tabuleiros alimentares: perfeitas para uma embalagem herm\u00e9tica, segura e transparente. Ideal para pratos quentes e frios.\",\"breadcrumb\":{\"@id\":\"https:\/\/www.csj-emballages.com\/pt-pt\/produit\/tampa-de-plastico-para-tabuleiro-pp-retangular-50-unidades\/#breadcrumb\"},\"inLanguage\":\"pt-PT\",\"potentialAction\":[{\"@type\":\"ReadAction\",\"target\":[\"https:\/\/www.csj-emballages.com\/pt-pt\/produit\/tampa-de-plastico-para-tabuleiro-pp-retangular-50-unidades\/\"]}]},{\"@type\":\"ImageObject\",\"inLanguage\":\"pt-PT\",\"@id\":\"https:\/\/www.csj-emballages.com\/pt-pt\/produit\/tampa-de-plastico-para-tabuleiro-pp-retangular-50-unidades\/#primaryimage\",\"url\":\"https:\/\/www.csj-emballages.com\/wp-content\/uploads\/2024\/10\/COUVBAKGE.webp\",\"contentUrl\":\"https:\/\/www.csj-emballages.com\/wp-content\/uploads\/2024\/10\/COUVBAKGE.webp\",\"width\":800,\"height\":800,\"caption\":\"couvercle plastique\"},{\"@type\":\"BreadcrumbList\",\"@id\":\"https:\/\/www.csj-emballages.com\/pt-pt\/produit\/tampa-de-plastico-para-tabuleiro-pp-retangular-50-unidades\/#breadcrumb\",\"itemListElement\":[{\"@type\":\"ListItem\",\"position\":1,\"name\":\"Acolhimento\",\"item\":\"https:\/\/www.csj-emballages.com\/pt-pt\/universo-das-embalagens-alimentares\/\"},{\"@type\":\"ListItem\",\"position\":2,\"name\":\"Shop\",\"item\":\"https:\/\/www.csj-emballages.com\/shop\/\"},{\"@type\":\"ListItem\",\"position\":3,\"name\":\"Tampa de pl\u00e1stico para tabuleiro PP retangular, 50 unidades\"}]},{\"@type\":\"WebSite\",\"@id\":\"https:\/\/www.csj-emballages.com\/pt-pt\/#website\",\"url\":\"https:\/\/www.csj-emballages.com\/pt-pt\/\",\"name\":\"CSJ Emballages\",\"description\":\"\",\"publisher\":{\"@id\":\"https:\/\/www.csj-emballages.com\/pt-pt\/#organization\"},\"potentialAction\":[{\"@type\":\"SearchAction\",\"target\":{\"@type\":\"EntryPoint\",\"urlTemplate\":\"https:\/\/www.csj-emballages.com\/pt-pt\/?s={search_term_string}\"},\"query-input\":{\"@type\":\"PropertyValueSpecification\",\"valueRequired\":true,\"valueName\":\"search_term_string\"}}],\"inLanguage\":\"pt-PT\"},{\"@type\":\"Organization\",\"@id\":\"https:\/\/www.csj-emballages.com\/pt-pt\/#Organization\/\",\"name\":\"CSJ Emballages\",\"url\":\"https:\/\/www.csj-emballages.com\/pt-pt\/\",\"logo\":{\"@type\":\"ImageObject\",\"inLanguage\":\"pt-PT\",\"@id\":\"https:\/\/www.csj-emballages.com\/pt-pt\/#\/schema\/logo\/image\/\",\"url\":\"https:\/\/www.csj-emballages.com\/wp-content\/uploads\/2023\/10\/logo_csj.webp\",\"contentUrl\":\"https:\/\/www.csj-emballages.com\/wp-content\/uploads\/2023\/10\/logo_csj.webp\",\"width\":250,\"height\":95,\"caption\":\"CSJ Emballages\"},\"image\":{\"@id\":\"https:\/\/www.csj-emballages.com\/pt-pt\/#\/schema\/logo\/image\/\"},\"sameAs\":[\"https:\/\/www.facebook.com\/csjemballages\"],\"address\":{\"@type\":\"PostalAddress\",\"streetAddress\":\"ZI La Lechere\",\"addressLocality\":\"Patornay\",\"postalCode\":\"39130\",\"addressCountry\":\"FR\"},\"contactPoint\":[{\"@type\":\"ContactPoint\",\"contactType\":\"Service client\",\"telephone\":\"0384254272\",\"email\":\"contact@csj-emballages.com\"}]}]}<\/script>\n<!-- \/ Yoast SEO Premium plugin. -->","yoast_head_json":{"title":"Tampa de pl\u00e1stico para tabuleiro retangular","description":"Tampas de pl\u00e1stico para tabuleiros alimentares: perfeitas para uma embalagem herm\u00e9tica, segura e transparente. Ideal para pratos quentes e frios.","robots":{"index":"index","follow":"follow","max-snippet":"max-snippet:-1","max-image-preview":"max-image-preview:large","max-video-preview":"max-video-preview:-1"},"canonical":"https:\/\/www.csj-emballages.com\/pt-pt\/produit\/tampa-de-plastico-para-tabuleiro-pp-retangular-50-unidades\/","og_locale":"pt_PT","og_type":"article","og_title":"Tampa de pl\u00e1stico para tabuleiro retangular","og_description":"Tampas de pl\u00e1stico para tabuleiros alimentares: perfeitas para uma embalagem herm\u00e9tica, segura e transparente. Ideal para pratos quentes e frios.","og_url":"https:\/\/www.csj-emballages.com\/pt-pt\/produit\/tampa-de-plastico-para-tabuleiro-pp-retangular-50-unidades\/","og_site_name":"CSJ Emballages","article_publisher":"https:\/\/www.facebook.com\/csjemballages","article_modified_time":"2026-05-11T14:00:32+00:00","og_image":[{"width":800,"height":800,"url":"https:\/\/www.csj-emballages.com\/wp-content\/uploads\/2024\/10\/COUVBAKGE.webp","type":"image\/webp"}],"twitter_card":"summary_large_image","twitter_title":"Tampa de pl\u00e1stico para tabuleiro PP retangular, 50 unidades","twitter_misc":{"Tempo estimado de leitura":"3 minutos"},"schema":{"@context":"https:\/\/schema.org","@graph":[{"@type":"WebPage","@id":"https:\/\/www.csj-emballages.com\/pt-pt\/produit\/tampa-de-plastico-para-tabuleiro-pp-retangular-50-unidades\/","url":"https:\/\/www.csj-emballages.com\/pt-pt\/produit\/tampa-de-plastico-para-tabuleiro-pp-retangular-50-unidades\/","name":"Tampa de pl\u00e1stico para tabuleiro retangular","isPartOf":{"@id":"https:\/\/www.csj-emballages.com\/pt-pt\/#website"},"primaryImageOfPage":{"@id":"https:\/\/www.csj-emballages.com\/pt-pt\/produit\/tampa-de-plastico-para-tabuleiro-pp-retangular-50-unidades\/#primaryimage"},"image":{"@id":"https:\/\/www.csj-emballages.com\/pt-pt\/produit\/tampa-de-plastico-para-tabuleiro-pp-retangular-50-unidades\/#primaryimage"},"thumbnailUrl":"https:\/\/www.csj-emballages.com\/wp-content\/uploads\/2024\/10\/COUVBAKGE.webp","datePublished":"2024-10-05T00:18:16+00:00","dateModified":"2026-05-11T14:00:32+00:00","description":"Tampas de pl\u00e1stico para tabuleiros alimentares: perfeitas para uma embalagem herm\u00e9tica, segura e transparente. Ideal para pratos quentes e frios.","breadcrumb":{"@id":"https:\/\/www.csj-emballages.com\/pt-pt\/produit\/tampa-de-plastico-para-tabuleiro-pp-retangular-50-unidades\/#breadcrumb"},"inLanguage":"pt-PT","potentialAction":[{"@type":"ReadAction","target":["https:\/\/www.csj-emballages.com\/pt-pt\/produit\/tampa-de-plastico-para-tabuleiro-pp-retangular-50-unidades\/"]}]},{"@type":"ImageObject","inLanguage":"pt-PT","@id":"https:\/\/www.csj-emballages.com\/pt-pt\/produit\/tampa-de-plastico-para-tabuleiro-pp-retangular-50-unidades\/#primaryimage","url":"https:\/\/www.csj-emballages.com\/wp-content\/uploads\/2024\/10\/COUVBAKGE.webp","contentUrl":"https:\/\/www.csj-emballages.com\/wp-content\/uploads\/2024\/10\/COUVBAKGE.webp","width":800,"height":800,"caption":"couvercle plastique"},{"@type":"BreadcrumbList","@id":"https:\/\/www.csj-emballages.com\/pt-pt\/produit\/tampa-de-plastico-para-tabuleiro-pp-retangular-50-unidades\/#breadcrumb","itemListElement":[{"@type":"ListItem","position":1,"name":"Acolhimento","item":"https:\/\/www.csj-emballages.com\/pt-pt\/universo-das-embalagens-alimentares\/"},{"@type":"ListItem","position":2,"name":"Shop","item":"https:\/\/www.csj-emballages.com\/shop\/"},{"@type":"ListItem","position":3,"name":"Tampa de pl\u00e1stico para tabuleiro PP retangular, 50 unidades"}]},{"@type":"WebSite","@id":"https:\/\/www.csj-emballages.com\/pt-pt\/#website","url":"https:\/\/www.csj-emballages.com\/pt-pt\/","name":"CSJ Emballages","description":"","publisher":{"@id":"https:\/\/www.csj-emballages.com\/pt-pt\/#organization"},"potentialAction":[{"@type":"SearchAction","target":{"@type":"EntryPoint","urlTemplate":"https:\/\/www.csj-emballages.com\/pt-pt\/?s={search_term_string}"},"query-input":{"@type":"PropertyValueSpecification","valueRequired":true,"valueName":"search_term_string"}}],"inLanguage":"pt-PT"},{"@type":"Organization","@id":"https:\/\/www.csj-emballages.com\/pt-pt\/#Organization\/","name":"CSJ Emballages","url":"https:\/\/www.csj-emballages.com\/pt-pt\/","logo":{"@type":"ImageObject","inLanguage":"pt-PT","@id":"https:\/\/www.csj-emballages.com\/pt-pt\/#\/schema\/logo\/image\/","url":"https:\/\/www.csj-emballages.com\/wp-content\/uploads\/2023\/10\/logo_csj.webp","contentUrl":"https:\/\/www.csj-emballages.com\/wp-content\/uploads\/2023\/10\/logo_csj.webp","width":250,"height":95,"caption":"CSJ Emballages"},"image":{"@id":"https:\/\/www.csj-emballages.com\/pt-pt\/#\/schema\/logo\/image\/"},"sameAs":["https:\/\/www.facebook.com\/csjemballages"],"address":{"@type":"PostalAddress","streetAddress":"ZI La Lechere","addressLocality":"Patornay","postalCode":"39130","addressCountry":"FR"},"contactPoint":[{"@type":"ContactPoint","contactType":"Service client","telephone":"0384254272","email":"contact@csj-emballages.com"}]}]}},"df_price":5.93,"df_sale_price":"","df_regular_price":5.93,"df_image_link":"https:\/\/www.csj-emballages.com\/wp-content\/uploads\/2024\/10\/COUVBAKGE-300x300.webp","tiered_pricing_type":"fixed","tiered_pricing_fixed_rules":[],"tiered_pricing_percentage_rules":[],"tiered_pricing_minimum":1,"tiered_pricing_roles_data":[],"_links":{"self":[{"href":"https:\/\/www.csj-emballages.com\/pt-pt\/wp-json\/wp\/v2\/product\/159514","targetHints":{"allow":["GET"]}}],"collection":[{"href":"https:\/\/www.csj-emballages.com\/pt-pt\/wp-json\/wp\/v2\/product"}],"about":[{"href":"https:\/\/www.csj-emballages.com\/pt-pt\/wp-json\/wp\/v2\/types\/product"}],"wp:featuredmedia":[{"embeddable":true,"href":"https:\/\/www.csj-emballages.com\/pt-pt\/wp-json\/wp\/v2\/media\/213876"}],"wp:attachment":[{"href":"https:\/\/www.csj-emballages.com\/pt-pt\/wp-json\/wp\/v2\/media?parent=159514"}],"wp:term":[{"taxonomy":"product_brand","embeddable":true,"href":"https:\/\/www.csj-emballages.com\/pt-pt\/wp-json\/wp\/v2\/product_brand?post=159514"},{"taxonomy":"product_cat","embeddable":true,"href":"https:\/\/www.csj-emballages.com\/pt-pt\/wp-json\/wp\/v2\/product_cat?post=159514"},{"taxonomy":"product_tag","embeddable":true,"href":"https:\/\/www.csj-emballages.com\/pt-pt\/wp-json\/wp\/v2\/product_tag?post=159514"}],"curies":[{"name":"wp","href":"https:\/\/api.w.org\/{rel}","templated":true}]}}