{"id":159512,"date":"2024-10-08T02:18:12","date_gmt":"2024-10-08T00:18:12","guid":{"rendered":"https:\/\/www.csj-emballages.com\/produit\/passadeira-de-mesa-040-x-48-m-em-spunbond-pre-cortada-em-40-folhas-creme\/"},"modified":"2025-12-31T02:11:24","modified_gmt":"2025-12-31T01:11:24","slug":"passadeira-de-mesa-040-x-48-m-em-spunbond-pre-cortada-em-40-folhas-creme","status":"publish","type":"product","link":"https:\/\/www.csj-emballages.com\/pt-pt\/produit\/passadeira-de-mesa-040-x-48-m-em-spunbond-pre-cortada-em-40-folhas-creme\/","title":{"rendered":"Passadeira de mesa 0,40 x 48 m em SPUNBOND pr\u00e9-cortada em 40 folhas creme"},"content":{"rendered":"<div style=\"box-sizing: inherit; font-family: Roboto, sans-serif;\">\n<div style=\"box-sizing: inherit; font-family: Roboto, sans-serif;\">\n<div style=\"box-sizing: inherit; font-family: Roboto, sans-serif;\">\n<div style=\"box-sizing: inherit; font-family: Roboto, sans-serif;\">\n<div style=\"box-sizing: inherit; font-family: Roboto, sans-serif;\">\n<div style=\"box-sizing: inherit; font-family: Roboto, sans-serif;\">\n<div style=\"box-sizing: inherit; font-family: Roboto, sans-serif;\">\n<div style=\"box-sizing: inherit; font-family: Roboto, sans-serif;\">\n<div style=\"box-sizing: inherit; font-family: Roboto, sans-serif;\">\n<div style=\"box-sizing: inherit; font-family: Roboto, sans-serif;\">\n<div style=\"box-sizing: inherit; font-family: Roboto, sans-serif;\">\n<div style=\"box-sizing: inherit; font-family: Roboto, sans-serif;\">\n<div style=\"box-sizing: inherit; font-family: Roboto, sans-serif;\">\n<div class=\"flex flex-grow flex-col max-w-full\">\n<div class=\"min-h-[20px] text-message flex flex-col items-start whitespace-pre-wrap break-words [.text-message+&amp;]:mt-5 juice:w-full juice:items-end overflow-x-auto gap-2\" dir=\"auto\" data-message-author-role=\"assistant\" data-message-id=\"2034782e-88f9-44ef-b4dc-07dd7bf0115f\">\n<div class=\"flex w-full flex-col gap-1 juice:empty:hidden juice:first:pt-[3px]\">\n<div class=\"markdown prose w-full break-words dark:prose-invert light\">\n<div style=\"box-sizing: inherit; font-family: Roboto, sans-serif;\">\n<div style=\"box-sizing: inherit; font-family: Roboto, sans-serif;\">\n<div style=\"box-sizing: inherit; font-family: Roboto, sans-serif;\">\n<div style=\"box-sizing: inherit; font-family: Roboto, sans-serif;\">\n<div style=\"box-sizing: inherit; font-family: Roboto, sans-serif;\">\n<div style=\"box-sizing: inherit; font-family: Roboto, sans-serif;\">\n<h2>Pano de mesa<\/h2>\n<div style=\"box-sizing: inherit; font-family: Roboto, sans-serif;\">\n<div style=\"box-sizing: inherit; font-family: Roboto, sans-serif;\">\n<div style=\"box-sizing: inherit; font-family: Roboto, sans-serif;\">\n<div style=\"text-align: center;\">\n<div style=\"box-sizing: inherit; font-family: Roboto, sans-serif;\">\n<div style=\"box-sizing: inherit; font-family: Roboto, sans-serif;\">\n<div style=\"box-sizing: inherit; font-family: Roboto, sans-serif;\">\n<div style=\"box-sizing: inherit; font-family: Roboto, sans-serif;\">\n<div style=\"box-sizing: inherit; font-family: Roboto, sans-serif;\">\n<div style=\"box-sizing: inherit; font-family: Roboto, sans-serif; text-align: left;\">\n<hr>\n<h3 style=\"text-align: left;\">Descri\u00e7\u00e3o do nosso corredor de mesa em Spunbond pr\u00e9-cortado<!--more--><\/h3>\n<\/div>\n<\/div>\n<\/div>\n<\/div>\n<\/div>\n<\/div>\n<\/div>\n<\/div>\n<\/div>\n<\/div>\n<\/div>\n<\/div>\n<\/div>\n<\/div>\n<\/div>\n<\/div>\n<\/div>\n<\/div>\n<\/div>\n<\/div>\n<\/div>\n<\/div>\n<\/div>\n<\/div>\n<\/div>\n<\/div>\n<\/div>\n<\/div>\n<\/div>\n<\/div>\n<\/div>\n<\/div>\n<\/div>\n<p>Descobre o <strong>corredor de mesa bege em Spunbond<\/strong>, um produto elegante e pr\u00e1tico para real\u00e7ar as suas mesas em eventos ou jantares. Este <strong>corredor de mesa pr\u00e9-cortado<\/strong> foi concebido para simplificar a montagem e garantir uma apresenta\u00e7\u00e3o cuidada. Com <strong>0,40 x 48 metros<\/strong>, oferece um comprimento generoso, pr\u00e9-cortado em 40 folhas, para que possas adaptar facilmente cada por\u00e7\u00e3o \u00e0s tuas necessidades. \u00c9 fabricado em material n\u00e3o tecido de alta qualidade. O Spunbond \u00e9 conhecido pela sua resist\u00eancia e leveza, o que o torna ideal para uma utiliza\u00e7\u00e3o \u00fanica ou prolongada. Este tecido n\u00e3o tecido oferece uma alternativa dur\u00e1vel e mais robusta aos tradicionais caminhos de papel, mantendo um aspeto refinado e moderno. A escolha do <strong>Spunbond<\/strong> tamb\u00e9m garante que se mant\u00e9m no lugar sem escorregar, tornando-o f\u00e1cil de limpar ap\u00f3s cada utiliza\u00e7\u00e3o.  <\/p>\n<p>&nbsp;<\/p>\n<p><!--more--><\/p>\n<h4>Porqu\u00ea utilizar os nossos caminhos de mesa pr\u00e9-cortados?<\/h4>\n<p>Este <strong>marcador de mesa pr\u00e9-cortado<\/strong> foi especialmente concebido para ser o mais pr\u00e1tico poss\u00edvel. Cada folha \u00e9 pr\u00e9-cortada com precis\u00e3o, pelo que n\u00e3o precisas de te preocupar em cortar \u00e0 m\u00e3o ou perder tempo a medir. Basta descolar uma folha e coloc\u00e1-la diretamente sobre a mesa. Assim, poupa tempo, especialmente em grandes eventos, e garante uma apresenta\u00e7\u00e3o uniforme e impec\u00e1vel. A sua cor <strong>bege<\/strong> \u00e9 ideal para todos os tipos de decora\u00e7\u00f5es de mesa. O <strong>tapete de mesa bege<\/strong> d\u00e1 um toque de suavidade e eleg\u00e2ncia \u00e0 tua decora\u00e7\u00e3o. \u00c9 perfeito para uma variedade de temas, desde casamentos e anivers\u00e1rios a jantares de fam\u00edlia. Como o bege \u00e9 uma cor neutra, combina facilmente com outros tons, sejam eles claros ou s\u00f3brios, criando um ambiente harmonioso e acolhedor para os teus convidados.   <\/p>\n<p>&nbsp;<\/p>\n<p><!--more--><\/p>\n<div style=\"box-sizing: inherit; font-family: Roboto, sans-serif;\">\n<div style=\"box-sizing: inherit; font-family: Roboto, sans-serif;\">\n<div style=\"box-sizing: inherit; font-family: Roboto, sans-serif;\">\n<div style=\"box-sizing: inherit; font-family: Roboto, sans-serif;\">\n<div style=\"box-sizing: inherit; font-family: Roboto, sans-serif;\">\n<div style=\"box-sizing: inherit; font-family: Roboto, sans-serif;\">\n<div style=\"box-sizing: inherit; font-family: Roboto, sans-serif;\">\n<div style=\"box-sizing: inherit; font-family: Roboto, sans-serif;\">\n<div style=\"box-sizing: inherit; font-family: Roboto, sans-serif;\">\n<div style=\"box-sizing: inherit; font-family: Roboto, sans-serif;\">\n<div style=\"box-sizing: inherit; font-family: Roboto, sans-serif;\">\n<div style=\"box-sizing: inherit; font-family: Roboto, sans-serif;\">\n<div style=\"box-sizing: inherit; font-family: Roboto, sans-serif;\">\n<div class=\"flex flex-grow flex-col max-w-full\">\n<div class=\"min-h-[20px] text-message flex flex-col items-start whitespace-pre-wrap break-words [.text-message+&amp;]:mt-5 juice:w-full juice:items-end overflow-x-auto gap-2\" dir=\"auto\" data-message-author-role=\"assistant\" data-message-id=\"2034782e-88f9-44ef-b4dc-07dd7bf0115f\">\n<div class=\"flex w-full flex-col gap-1 juice:empty:hidden juice:first:pt-[3px]\">\n<div class=\"markdown prose w-full break-words dark:prose-invert light\">\n<div style=\"box-sizing: inherit; font-family: Roboto, sans-serif;\">\n<div style=\"box-sizing: inherit; font-family: Roboto, sans-serif;\">\n<div style=\"box-sizing: inherit; font-family: Roboto, sans-serif;\">\n<div style=\"box-sizing: inherit; font-family: Roboto, sans-serif;\">\n<div style=\"box-sizing: inherit; font-family: Roboto, sans-serif;\">\n<div style=\"box-sizing: inherit; font-family: Roboto, sans-serif;\">\n<p>Para al\u00e9m de ter um bom aspeto, o <strong>corredor de mesa Spunbond<\/strong> tamb\u00e9m \u00e9 pr\u00e1tico de guardar. Gra\u00e7as ao seu formato pr\u00e9-cortado, podes guardar facilmente as folhas restantes sem as danificar. \u00c9 ideal para profissionais de eventos ou particulares que queiram ter \u00e0 m\u00e3o um produto fi\u00e1vel e f\u00e1cil de utilizar. Uma das principais vantagens deste <strong>tapete de mesa pr\u00e9-cortado<\/strong> \u00e9 a sua economia. Com 40 folhas por rolo, cobre uma grande \u00e1rea de mesas, minimizando o desperd\u00edcio. Utiliza apenas o necess\u00e1rio, sem desperd\u00edcios.  <\/p>\n<p>&nbsp;<\/p>\n<p><!--more--><\/p>\n<h4 style=\"text-align: left;\"><strong>As vantagens do nosso corredor de mesa Spunbond :<\/strong><\/h4>\n<\/div>\n<\/div>\n<\/div>\n<\/div>\n<\/div>\n<\/div>\n<\/div>\n<\/div>\n<\/div>\n<\/div>\n<\/div>\n<\/div>\n<\/div>\n<\/div>\n<\/div>\n<\/div>\n<\/div>\n<\/div>\n<\/div>\n<\/div>\n<\/div>\n<\/div>\n<\/div>\n<ul>\n<li><strong>Praticidade gra\u00e7as ao formato pr\u00e9-cortado<\/strong>: o <strong>marcador de mesa pr\u00e9-cortado<\/strong> de 40 folhas est\u00e1 pronto a usar, poupando-te tempo na montagem.<\/li>\n<li><strong>Material forte e duradouro<\/strong>: Fabricado em Spunbond, este <strong>corretor de mesa Spunbond<\/strong> \u00e9 forte e resistente a rasg\u00f5es.<\/li>\n<li><strong>Elegante e vers\u00e1til<\/strong>: integra-se perfeitamente em qualquer decora\u00e7\u00e3o.<\/li>\n<li><strong>Poupan\u00e7a de material<\/strong>: cada folha est\u00e1 pronta a utilizar, pelo que utiliza exatamente o que precisa, reduzindo o desperd\u00edcio.<\/li>\n<\/ul>\n<p>&nbsp;<\/p>\n<p><!--more--><\/p>\n<h4>Outras informa\u00e7\u00f5es :<\/h4>\n<ul style=\"box-sizing: inherit; font-family: Roboto, sans-serif;\">\n<li><strong>Embalagem<\/strong>: 1 rolo<\/li>\n<li><span style=\"font-weight: bold;\">Tamanho<\/span>: 0,40 x 48 m<\/li>\n<li><strong>Material<\/strong>: Spunbond<\/li>\n<li><strong>Op\u00e7\u00e3o<\/strong>: pr\u00e9-cortado em 40 folhas<\/li>\n<\/ul>\n<p>&nbsp;<\/p>\n<p style=\"text-align: left;\"><!--more--><\/p>\n<p><a href=\"https:\/\/www.csj-emballages.com\/categorie-produit\/emballages\/restauration-sur-place-ou-emporter-fastfood-snacks\/serviettes-sets-de-tables-nappes\/chemin-de-table\/\">V\u00ea o resto da nossa gama de caminhos de mesa<\/a><\/p>\n<p>&nbsp;<\/p>\n<p>&nbsp;<\/p>\n","protected":false},"excerpt":{"rendered":"<p>Pano de mesa Descri\u00e7\u00e3o do nosso corredor de mesa em Spunbond pr\u00e9-cortado<\/p>\n","protected":false},"featured_media":198148,"template":"","meta":{"_acf_changed":false},"product_brand":[],"product_cat":[1141,1138,1139,1140],"product_tag":[],"class_list":{"0":"post-159512","1":"product","2":"type-product","3":"status-publish","4":"has-post-thumbnail","6":"product_cat-embalagem-de-alimentos","7":"product_cat-restauracao","8":"product_cat-guardanapos-jogos-americanos-toalhas-de-mesa","9":"product_cat-pano-de-mesa","11":"first","12":"outofstock","13":"taxable","14":"shipping-taxable","15":"purchasable","16":"product-type-simple"},"acf":[],"yoast_head":"<!-- This site is optimized with the Yoast SEO Premium plugin v26.6 (Yoast SEO v26.6) - https:\/\/yoast.com\/wordpress\/plugins\/seo\/ -->\n<title>Passadeira de mesa 0,40 x 48 m Spunbond Bege<\/title>\n<meta name=\"description\" content=\"Passadeira de mesa em Spunbond bege 0,40 x 48 m, pr\u00e9-cortada em 40 folhas. Resistente, pr\u00e1tico e ideal para todos os tipos de eventos!\" \/>\n<meta name=\"robots\" content=\"index, follow, max-snippet:-1, max-image-preview:large, max-video-preview:-1\" \/>\n<link rel=\"canonical\" href=\"https:\/\/www.csj-emballages.com\/pt-pt\/produit\/passadeira-de-mesa-040-x-48-m-em-spunbond-pre-cortada-em-40-folhas-creme\/\" \/>\n<meta property=\"og:locale\" content=\"pt_PT\" \/>\n<meta property=\"og:type\" content=\"article\" \/>\n<meta property=\"og:title\" content=\"Passadeira de mesa 0,40 x 24 m Spunbond Beige\" \/>\n<meta property=\"og:description\" content=\"Passadeira de mesa em Spunbond bege 0,40 x 24 m, pr\u00e9-cortada em 40 folhas. Resistente, pr\u00e1tico e ideal para todos os tipos de eventos!\" \/>\n<meta property=\"og:url\" content=\"https:\/\/www.csj-emballages.com\/pt-pt\/produit\/passadeira-de-mesa-040-x-48-m-em-spunbond-pre-cortada-em-40-folhas-creme\/\" \/>\n<meta property=\"og:site_name\" content=\"CSJ Emballages\" \/>\n<meta property=\"article:publisher\" content=\"https:\/\/www.facebook.com\/csjemballages\" \/>\n<meta property=\"article:modified_time\" content=\"2025-12-31T01:11:24+00:00\" \/>\n<meta property=\"og:image\" content=\"https:\/\/www.csj-emballages.com\/wp-content\/uploads\/2024\/10\/e-amande-50.png\" \/>\n\t<meta property=\"og:image:width\" content=\"300\" \/>\n\t<meta property=\"og:image:height\" content=\"300\" \/>\n\t<meta property=\"og:image:type\" content=\"image\/png\" \/>\n<meta name=\"twitter:card\" content=\"summary_large_image\" \/>\n<meta name=\"twitter:title\" content=\"Passadeira de mesa 0,40 x 24 m Spunbond Beige\" \/>\n<meta name=\"twitter:description\" content=\"Passadeira de mesa em Spunbond bege 0,40 x 24 m, pr\u00e9-cortada em 40 folhas. Resistente, pr\u00e1tico e ideal para todos os tipos de eventos!\" \/>\n<meta name=\"twitter:label1\" content=\"Tempo estimado de leitura\" \/>\n\t<meta name=\"twitter:data1\" content=\"3 minutos\" \/>\n<script type=\"application\/ld+json\" class=\"yoast-schema-graph\">{\"@context\":\"https:\/\/schema.org\",\"@graph\":[{\"@type\":\"WebPage\",\"@id\":\"https:\/\/www.csj-emballages.com\/pt-pt\/produit\/passadeira-de-mesa-040-x-48-m-em-spunbond-pre-cortada-em-40-folhas-creme\/\",\"url\":\"https:\/\/www.csj-emballages.com\/pt-pt\/produit\/passadeira-de-mesa-040-x-48-m-em-spunbond-pre-cortada-em-40-folhas-creme\/\",\"name\":\"Passadeira de mesa 0,40 x 48 m Spunbond Bege\",\"isPartOf\":{\"@id\":\"https:\/\/www.csj-emballages.com\/pt-pt\/#website\"},\"primaryImageOfPage\":{\"@id\":\"https:\/\/www.csj-emballages.com\/pt-pt\/produit\/passadeira-de-mesa-040-x-48-m-em-spunbond-pre-cortada-em-40-folhas-creme\/#primaryimage\"},\"image\":{\"@id\":\"https:\/\/www.csj-emballages.com\/pt-pt\/produit\/passadeira-de-mesa-040-x-48-m-em-spunbond-pre-cortada-em-40-folhas-creme\/#primaryimage\"},\"thumbnailUrl\":\"https:\/\/www.csj-emballages.com\/wp-content\/uploads\/2024\/10\/CHE4048CR-png.webp\",\"datePublished\":\"2024-10-08T00:18:12+00:00\",\"dateModified\":\"2025-12-31T01:11:24+00:00\",\"description\":\"Passadeira de mesa em Spunbond bege 0,40 x 48 m, pr\u00e9-cortada em 40 folhas. Resistente, pr\u00e1tico e ideal para todos os tipos de eventos!\",\"breadcrumb\":{\"@id\":\"https:\/\/www.csj-emballages.com\/pt-pt\/produit\/passadeira-de-mesa-040-x-48-m-em-spunbond-pre-cortada-em-40-folhas-creme\/#breadcrumb\"},\"inLanguage\":\"pt-PT\",\"potentialAction\":[{\"@type\":\"ReadAction\",\"target\":[\"https:\/\/www.csj-emballages.com\/pt-pt\/produit\/passadeira-de-mesa-040-x-48-m-em-spunbond-pre-cortada-em-40-folhas-creme\/\"]}]},{\"@type\":\"ImageObject\",\"inLanguage\":\"pt-PT\",\"@id\":\"https:\/\/www.csj-emballages.com\/pt-pt\/produit\/passadeira-de-mesa-040-x-48-m-em-spunbond-pre-cortada-em-40-folhas-creme\/#primaryimage\",\"url\":\"https:\/\/www.csj-emballages.com\/wp-content\/uploads\/2024\/10\/CHE4048CR-png.webp\",\"contentUrl\":\"https:\/\/www.csj-emballages.com\/wp-content\/uploads\/2024\/10\/CHE4048CR-png.webp\",\"width\":800,\"height\":800,\"caption\":\"chemin de table\"},{\"@type\":\"BreadcrumbList\",\"@id\":\"https:\/\/www.csj-emballages.com\/pt-pt\/produit\/passadeira-de-mesa-040-x-48-m-em-spunbond-pre-cortada-em-40-folhas-creme\/#breadcrumb\",\"itemListElement\":[{\"@type\":\"ListItem\",\"position\":1,\"name\":\"Acolhimento\",\"item\":\"https:\/\/www.csj-emballages.com\/pt-pt\/universo-das-embalagens-alimentares\/\"},{\"@type\":\"ListItem\",\"position\":2,\"name\":\"Shop\",\"item\":\"https:\/\/www.csj-emballages.com\/shop\/\"},{\"@type\":\"ListItem\",\"position\":3,\"name\":\"Passadeira de mesa 0,40 x 48 m em SPUNBOND pr\u00e9-cortada em 40 folhas creme\"}]},{\"@type\":\"WebSite\",\"@id\":\"https:\/\/www.csj-emballages.com\/pt-pt\/#website\",\"url\":\"https:\/\/www.csj-emballages.com\/pt-pt\/\",\"name\":\"CSJ Emballages\",\"description\":\"\",\"publisher\":{\"@id\":\"https:\/\/www.csj-emballages.com\/pt-pt\/#organization\"},\"potentialAction\":[{\"@type\":\"SearchAction\",\"target\":{\"@type\":\"EntryPoint\",\"urlTemplate\":\"https:\/\/www.csj-emballages.com\/pt-pt\/?s={search_term_string}\"},\"query-input\":{\"@type\":\"PropertyValueSpecification\",\"valueRequired\":true,\"valueName\":\"search_term_string\"}}],\"inLanguage\":\"pt-PT\"},{\"@type\":\"Organization\",\"@id\":\"https:\/\/www.csj-emballages.com\/pt-pt\/#Organization\/\",\"name\":\"CSJ Emballages\",\"url\":\"https:\/\/www.csj-emballages.com\/pt-pt\/\",\"logo\":{\"@type\":\"ImageObject\",\"inLanguage\":\"pt-PT\",\"@id\":\"https:\/\/www.csj-emballages.com\/pt-pt\/#\/schema\/logo\/image\/\",\"url\":\"https:\/\/www.csj-emballages.com\/wp-content\/uploads\/2023\/10\/logo_csj.webp\",\"contentUrl\":\"https:\/\/www.csj-emballages.com\/wp-content\/uploads\/2023\/10\/logo_csj.webp\",\"width\":250,\"height\":95,\"caption\":\"CSJ Emballages\"},\"image\":{\"@id\":\"https:\/\/www.csj-emballages.com\/pt-pt\/#\/schema\/logo\/image\/\"},\"sameAs\":[\"https:\/\/www.facebook.com\/csjemballages\"],\"address\":{\"@type\":\"PostalAddress\",\"streetAddress\":\"ZI La Lechere\",\"addressLocality\":\"Patornay\",\"postalCode\":\"39130\",\"addressCountry\":\"FR\"},\"contactPoint\":[{\"@type\":\"ContactPoint\",\"contactType\":\"Service client\",\"telephone\":\"0384254272\",\"email\":\"contact@csj-emballages.com\"}]}]}<\/script>\n<!-- \/ Yoast SEO Premium plugin. -->","yoast_head_json":{"title":"Passadeira de mesa 0,40 x 48 m Spunbond Bege","description":"Passadeira de mesa em Spunbond bege 0,40 x 48 m, pr\u00e9-cortada em 40 folhas. Resistente, pr\u00e1tico e ideal para todos os tipos de eventos!","robots":{"index":"index","follow":"follow","max-snippet":"max-snippet:-1","max-image-preview":"max-image-preview:large","max-video-preview":"max-video-preview:-1"},"canonical":"https:\/\/www.csj-emballages.com\/pt-pt\/produit\/passadeira-de-mesa-040-x-48-m-em-spunbond-pre-cortada-em-40-folhas-creme\/","og_locale":"pt_PT","og_type":"article","og_title":"Passadeira de mesa 0,40 x 24 m Spunbond Beige","og_description":"Passadeira de mesa em Spunbond bege 0,40 x 24 m, pr\u00e9-cortada em 40 folhas. Resistente, pr\u00e1tico e ideal para todos os tipos de eventos!","og_url":"https:\/\/www.csj-emballages.com\/pt-pt\/produit\/passadeira-de-mesa-040-x-48-m-em-spunbond-pre-cortada-em-40-folhas-creme\/","og_site_name":"CSJ Emballages","article_publisher":"https:\/\/www.facebook.com\/csjemballages","article_modified_time":"2025-12-31T01:11:24+00:00","og_image":[{"width":300,"height":300,"url":"https:\/\/www.csj-emballages.com\/wp-content\/uploads\/2024\/10\/e-amande-50.png","type":"image\/png"}],"twitter_card":"summary_large_image","twitter_title":"Passadeira de mesa 0,40 x 24 m Spunbond Beige","twitter_description":"Passadeira de mesa em Spunbond bege 0,40 x 24 m, pr\u00e9-cortada em 40 folhas. Resistente, pr\u00e1tico e ideal para todos os tipos de eventos!","twitter_misc":{"Tempo estimado de leitura":"3 minutos"},"schema":{"@context":"https:\/\/schema.org","@graph":[{"@type":"WebPage","@id":"https:\/\/www.csj-emballages.com\/pt-pt\/produit\/passadeira-de-mesa-040-x-48-m-em-spunbond-pre-cortada-em-40-folhas-creme\/","url":"https:\/\/www.csj-emballages.com\/pt-pt\/produit\/passadeira-de-mesa-040-x-48-m-em-spunbond-pre-cortada-em-40-folhas-creme\/","name":"Passadeira de mesa 0,40 x 48 m Spunbond Bege","isPartOf":{"@id":"https:\/\/www.csj-emballages.com\/pt-pt\/#website"},"primaryImageOfPage":{"@id":"https:\/\/www.csj-emballages.com\/pt-pt\/produit\/passadeira-de-mesa-040-x-48-m-em-spunbond-pre-cortada-em-40-folhas-creme\/#primaryimage"},"image":{"@id":"https:\/\/www.csj-emballages.com\/pt-pt\/produit\/passadeira-de-mesa-040-x-48-m-em-spunbond-pre-cortada-em-40-folhas-creme\/#primaryimage"},"thumbnailUrl":"https:\/\/www.csj-emballages.com\/wp-content\/uploads\/2024\/10\/CHE4048CR-png.webp","datePublished":"2024-10-08T00:18:12+00:00","dateModified":"2025-12-31T01:11:24+00:00","description":"Passadeira de mesa em Spunbond bege 0,40 x 48 m, pr\u00e9-cortada em 40 folhas. Resistente, pr\u00e1tico e ideal para todos os tipos de eventos!","breadcrumb":{"@id":"https:\/\/www.csj-emballages.com\/pt-pt\/produit\/passadeira-de-mesa-040-x-48-m-em-spunbond-pre-cortada-em-40-folhas-creme\/#breadcrumb"},"inLanguage":"pt-PT","potentialAction":[{"@type":"ReadAction","target":["https:\/\/www.csj-emballages.com\/pt-pt\/produit\/passadeira-de-mesa-040-x-48-m-em-spunbond-pre-cortada-em-40-folhas-creme\/"]}]},{"@type":"ImageObject","inLanguage":"pt-PT","@id":"https:\/\/www.csj-emballages.com\/pt-pt\/produit\/passadeira-de-mesa-040-x-48-m-em-spunbond-pre-cortada-em-40-folhas-creme\/#primaryimage","url":"https:\/\/www.csj-emballages.com\/wp-content\/uploads\/2024\/10\/CHE4048CR-png.webp","contentUrl":"https:\/\/www.csj-emballages.com\/wp-content\/uploads\/2024\/10\/CHE4048CR-png.webp","width":800,"height":800,"caption":"chemin de table"},{"@type":"BreadcrumbList","@id":"https:\/\/www.csj-emballages.com\/pt-pt\/produit\/passadeira-de-mesa-040-x-48-m-em-spunbond-pre-cortada-em-40-folhas-creme\/#breadcrumb","itemListElement":[{"@type":"ListItem","position":1,"name":"Acolhimento","item":"https:\/\/www.csj-emballages.com\/pt-pt\/universo-das-embalagens-alimentares\/"},{"@type":"ListItem","position":2,"name":"Shop","item":"https:\/\/www.csj-emballages.com\/shop\/"},{"@type":"ListItem","position":3,"name":"Passadeira de mesa 0,40 x 48 m em SPUNBOND pr\u00e9-cortada em 40 folhas creme"}]},{"@type":"WebSite","@id":"https:\/\/www.csj-emballages.com\/pt-pt\/#website","url":"https:\/\/www.csj-emballages.com\/pt-pt\/","name":"CSJ Emballages","description":"","publisher":{"@id":"https:\/\/www.csj-emballages.com\/pt-pt\/#organization"},"potentialAction":[{"@type":"SearchAction","target":{"@type":"EntryPoint","urlTemplate":"https:\/\/www.csj-emballages.com\/pt-pt\/?s={search_term_string}"},"query-input":{"@type":"PropertyValueSpecification","valueRequired":true,"valueName":"search_term_string"}}],"inLanguage":"pt-PT"},{"@type":"Organization","@id":"https:\/\/www.csj-emballages.com\/pt-pt\/#Organization\/","name":"CSJ Emballages","url":"https:\/\/www.csj-emballages.com\/pt-pt\/","logo":{"@type":"ImageObject","inLanguage":"pt-PT","@id":"https:\/\/www.csj-emballages.com\/pt-pt\/#\/schema\/logo\/image\/","url":"https:\/\/www.csj-emballages.com\/wp-content\/uploads\/2023\/10\/logo_csj.webp","contentUrl":"https:\/\/www.csj-emballages.com\/wp-content\/uploads\/2023\/10\/logo_csj.webp","width":250,"height":95,"caption":"CSJ Emballages"},"image":{"@id":"https:\/\/www.csj-emballages.com\/pt-pt\/#\/schema\/logo\/image\/"},"sameAs":["https:\/\/www.facebook.com\/csjemballages"],"address":{"@type":"PostalAddress","streetAddress":"ZI La Lechere","addressLocality":"Patornay","postalCode":"39130","addressCountry":"FR"},"contactPoint":[{"@type":"ContactPoint","contactType":"Service client","telephone":"0384254272","email":"contact@csj-emballages.com"}]}]}},"df_price":9.29,"df_sale_price":"","df_regular_price":9.29,"df_image_link":"https:\/\/www.csj-emballages.com\/wp-content\/uploads\/2024\/10\/CHE4048CR-300x300.webp","tiered_pricing_type":"fixed","tiered_pricing_fixed_rules":[],"tiered_pricing_percentage_rules":[],"tiered_pricing_minimum":1,"tiered_pricing_roles_data":[],"_links":{"self":[{"href":"https:\/\/www.csj-emballages.com\/pt-pt\/wp-json\/wp\/v2\/product\/159512","targetHints":{"allow":["GET"]}}],"collection":[{"href":"https:\/\/www.csj-emballages.com\/pt-pt\/wp-json\/wp\/v2\/product"}],"about":[{"href":"https:\/\/www.csj-emballages.com\/pt-pt\/wp-json\/wp\/v2\/types\/product"}],"wp:featuredmedia":[{"embeddable":true,"href":"https:\/\/www.csj-emballages.com\/pt-pt\/wp-json\/wp\/v2\/media\/198148"}],"wp:attachment":[{"href":"https:\/\/www.csj-emballages.com\/pt-pt\/wp-json\/wp\/v2\/media?parent=159512"}],"wp:term":[{"taxonomy":"product_brand","embeddable":true,"href":"https:\/\/www.csj-emballages.com\/pt-pt\/wp-json\/wp\/v2\/product_brand?post=159512"},{"taxonomy":"product_cat","embeddable":true,"href":"https:\/\/www.csj-emballages.com\/pt-pt\/wp-json\/wp\/v2\/product_cat?post=159512"},{"taxonomy":"product_tag","embeddable":true,"href":"https:\/\/www.csj-emballages.com\/pt-pt\/wp-json\/wp\/v2\/product_tag?post=159512"}],"curies":[{"name":"wp","href":"https:\/\/api.w.org\/{rel}","templated":true}]}}