{"id":159506,"date":"2024-10-05T02:18:15","date_gmt":"2024-10-05T00:18:15","guid":{"rendered":"https:\/\/www.csj-emballages.com\/produit\/tabuleiro-retangular-de-cartao-para-alimentos-750-ml-50-unidades\/"},"modified":"2026-05-08T02:11:01","modified_gmt":"2026-05-08T00:11:01","slug":"tabuleiro-retangular-de-cartao-para-alimentos-750-ml-50-unidades","status":"publish","type":"product","link":"https:\/\/www.csj-emballages.com\/pt-pt\/produit\/tabuleiro-retangular-de-cartao-para-alimentos-750-ml-50-unidades\/","title":{"rendered":"Tabuleiro retangular de cart\u00e3o para alimentos, 750 ml, 50 unidades"},"content":{"rendered":"<div style=\"box-sizing: inherit; font-family: Roboto, sans-serif;\">\n<div style=\"box-sizing: inherit; font-family: Roboto, sans-serif;\">\n<div style=\"box-sizing: inherit; font-family: Roboto, sans-serif;\">\n<div style=\"box-sizing: inherit; font-family: Roboto, sans-serif;\">\n<div style=\"box-sizing: inherit; font-family: Roboto, sans-serif;\">\n<div style=\"box-sizing: inherit; font-family: Roboto, sans-serif;\">\n<div style=\"box-sizing: inherit; font-family: Roboto, sans-serif;\">\n<div style=\"box-sizing: inherit; font-family: Roboto, sans-serif;\">\n<div style=\"box-sizing: inherit; font-family: Roboto, sans-serif;\">\n<div style=\"box-sizing: inherit; font-family: Roboto, sans-serif;\">\n<div style=\"box-sizing: inherit; font-family: Roboto, sans-serif;\">\n<div style=\"box-sizing: inherit; font-family: Roboto, sans-serif;\">\n<div style=\"box-sizing: inherit; font-family: Roboto, sans-serif;\">\n<div class=\"flex flex-grow flex-col max-w-full\">\n<div class=\"min-h-[20px] text-message flex flex-col items-start whitespace-pre-wrap break-words [.text-message+&amp;]:mt-5 juice:w-full juice:items-end overflow-x-auto gap-2\" dir=\"auto\" data-message-author-role=\"assistant\" data-message-id=\"2034782e-88f9-44ef-b4dc-07dd7bf0115f\">\n<div class=\"flex w-full flex-col gap-1 juice:empty:hidden juice:first:pt-[3px]\">\n<div class=\"markdown prose w-full break-words dark:prose-invert light\">\n<div style=\"box-sizing: inherit; font-family: Roboto, sans-serif;\">\n<div style=\"box-sizing: inherit; font-family: Roboto, sans-serif;\">\n<div style=\"box-sizing: inherit; font-family: Roboto, sans-serif;\">\n<div style=\"box-sizing: inherit; font-family: Roboto, sans-serif;\">\n<div style=\"box-sizing: inherit; font-family: Roboto, sans-serif;\">\n<div style=\"box-sizing: inherit; font-family: Roboto, sans-serif;\">\n<h2>Tabuleiro para alimentos<\/h2>\n<div style=\"box-sizing: inherit; font-family: Roboto, sans-serif;\">\n<div style=\"box-sizing: inherit; font-family: Roboto, sans-serif;\">\n<div style=\"box-sizing: inherit; font-family: Roboto, sans-serif;\">\n<div style=\"text-align: center;\">\n<div style=\"box-sizing: inherit; font-family: Roboto, sans-serif;\">\n<div style=\"box-sizing: inherit; font-family: Roboto, sans-serif;\">\n<div style=\"box-sizing: inherit; font-family: Roboto, sans-serif;\">\n<div style=\"box-sizing: inherit; font-family: Roboto, sans-serif;\">\n<div style=\"box-sizing: inherit; font-family: Roboto, sans-serif;\">\n<div style=\"box-sizing: inherit; font-family: Roboto, sans-serif; text-align: left;\">\n<hr>\n<h3 style=\"text-align: left;\">Descri\u00e7\u00e3o do nosso tabuleiro retangular kraft para alimentos de 750 ml<!--more--><\/h3>\n<\/div>\n<\/div>\n<\/div>\n<\/div>\n<\/div>\n<\/div>\n<\/div>\n<\/div>\n<\/div>\n<\/div>\n<\/div>\n<\/div>\n<\/div>\n<\/div>\n<\/div>\n<\/div>\n<\/div>\n<\/div>\n<\/div>\n<\/div>\n<\/div>\n<\/div>\n<\/div>\n<\/div>\n<\/div>\n<\/div>\n<\/div>\n<\/div>\n<\/div>\n<\/div>\n<\/div>\n<\/div>\n<\/div>\n<div class=\"flex max-w-full flex-col flex-grow\">\n<div class=\"min-h-8 text-message flex w-full flex-col items-end gap-2 whitespace-normal break-words [.text-message+&amp;]:mt-5\" dir=\"auto\" data-message-author-role=\"assistant\" data-message-id=\"290aa723-0852-4224-b964-694d71f8ed99\" data-message-model-slug=\"gpt-4o\">\n<div class=\"flex w-full flex-col gap-1 empty:hidden first:pt-[3px]\">\n<div class=\"markdown prose w-full break-words dark:prose-invert light\">\n<p>Descubra o <strong>tabuleiro<\/strong> <strong>retangular de cart\u00e3o<\/strong> <strong>para alimentos<\/strong> <strong>de 750 ml<\/strong>, ideal para as suas necessidades de embalagem ecol\u00f3gica. Concebido para facilitar o servi\u00e7o dos seus pratos, este <strong>tabuleiro<\/strong> \u00e9 perfeito para todos os tipos de takeaway. Gra\u00e7as ao seu material <strong>em cart\u00e3o<\/strong> natural, \u00e9 resistente e amigo do ambiente.  <\/p>\n<p>Fabricado em <strong>cart\u00e3o kraft<\/strong>, este <strong>tabuleiro<\/strong> garante uma \u00f3ptima conserva\u00e7\u00e3o dos seus pratos. N\u00e3o se deforma facilmente e mant\u00e9m os alimentos frescos. Pode utiliz\u00e1-lo para pratos quentes ou frios sem comprometer a qualidade. Com o seu design elegante e moderno, este <strong>tabuleiro<\/strong> \u00e9 perfeito para todas as ocasi\u00f5es, quer se trate de almo\u00e7os para levar, piqueniques ou refei\u00e7\u00f5es entregues.   <\/p>\n<p>&nbsp;<\/p>\n<p><!--more--><\/p>\n<\/div>\n<p><strong><span style=\"color: #ff0000;\">Tampa vendida separadamente*.<\/span><\/strong><\/p>\n<div class=\"markdown prose w-full break-words dark:prose-invert light\">\n<p>&nbsp;<\/p>\n<\/div>\n<\/div>\n<\/div>\n<\/div>\n<p><!--more--><\/p>\n<h4>Porqu\u00ea utilizar o nosso tabuleiro?<\/h4>\n<p>O <strong>tabuleiro<\/strong> <strong>retangular de cart\u00e3o<\/strong> <strong>para alimentos<\/strong> \u00e9 f\u00e1cil de agarrar, melhorando a experi\u00eancia dos seus clientes. As suas dimens\u00f5es pr\u00e1ticas tornam-no um recipiente ideal para restaurantes, catering e outras empresas de servi\u00e7os alimentares. Al\u00e9m disso, ajuda a reduzir os res\u00edduos de pl\u00e1stico. A sua composi\u00e7\u00e3o <strong>em cart\u00e3o<\/strong> torna-o totalmente recicl\u00e1vel, o que faz dele uma escolha respons\u00e1vel para a sua empresa.   <\/p>\n<p>Este <strong>tabuleiro<\/strong> <strong>retangular<\/strong> <strong>para alimentos<\/strong> foi concebido para suportar uma grande variedade de alimentos, desde saladas a refei\u00e7\u00f5es prontas. A sua robustez permite-lhe suportar alimentos com molhos, garantindo um transporte sem fugas. Gra\u00e7as ao seu material de cart\u00e3o espesso, este <strong>tabuleiro<\/strong> mant\u00e9m os alimentos \u00e0 temperatura correta durante mais tempo, tornando-o ideal para refei\u00e7\u00f5es prontas.  <\/p>\n<p>Fornecidos em embalagens de <strong>50<\/strong> unidades, facilitam a gest\u00e3o dos seus stocks e encomendas. Pr\u00e1ticos e economizadores de espa\u00e7o, <strong>os tabuleiros para alimentos<\/strong> s\u00e3o f\u00e1ceis de arrumar nas suas cozinhas ou \u00e1reas de trabalho. Ao optar por estes <strong>tabuleiros<\/strong> <strong>de 750<\/strong><strong> ml<\/strong>, est\u00e1 a fazer uma escolha pr\u00e1tica e econ\u00f3mica para a sua empresa.  <\/p>\n<p>&nbsp;<\/p>\n<p><!--more--><\/p>\n<div style=\"box-sizing: inherit; font-family: Roboto, sans-serif;\">\n<div style=\"box-sizing: inherit; font-family: Roboto, sans-serif;\">\n<div style=\"box-sizing: inherit; font-family: Roboto, sans-serif;\">\n<div style=\"box-sizing: inherit; font-family: Roboto, sans-serif;\">\n<div style=\"box-sizing: inherit; font-family: Roboto, sans-serif;\">\n<div style=\"box-sizing: inherit; font-family: Roboto, sans-serif;\">\n<div style=\"box-sizing: inherit; font-family: Roboto, sans-serif;\">\n<div style=\"box-sizing: inherit; font-family: Roboto, sans-serif;\">\n<div style=\"box-sizing: inherit; font-family: Roboto, sans-serif;\">\n<div style=\"box-sizing: inherit; font-family: Roboto, sans-serif;\">\n<div style=\"box-sizing: inherit; font-family: Roboto, sans-serif;\">\n<div style=\"box-sizing: inherit; font-family: Roboto, sans-serif;\">\n<div style=\"box-sizing: inherit; font-family: Roboto, sans-serif;\">\n<div class=\"flex flex-grow flex-col max-w-full\">\n<div class=\"min-h-[20px] text-message flex flex-col items-start whitespace-pre-wrap break-words [.text-message+&amp;]:mt-5 juice:w-full juice:items-end overflow-x-auto gap-2\" dir=\"auto\" data-message-author-role=\"assistant\" data-message-id=\"2034782e-88f9-44ef-b4dc-07dd7bf0115f\">\n<div class=\"flex w-full flex-col gap-1 juice:empty:hidden juice:first:pt-[3px]\">\n<div class=\"markdown prose w-full break-words dark:prose-invert light\">\n<div style=\"box-sizing: inherit; font-family: Roboto, sans-serif;\">\n<div style=\"box-sizing: inherit; font-family: Roboto, sans-serif;\">\n<div style=\"box-sizing: inherit; font-family: Roboto, sans-serif;\">\n<div style=\"box-sizing: inherit; font-family: Roboto, sans-serif;\">\n<div style=\"box-sizing: inherit; font-family: Roboto, sans-serif;\">\n<div style=\"box-sizing: inherit; font-family: Roboto, sans-serif;\">\n<div class=\"flex max-w-full flex-col flex-grow\">\n<div class=\"min-h-8 text-message flex w-full flex-col items-end gap-2 whitespace-normal break-words [.text-message+&amp;]:mt-5\" dir=\"auto\" data-message-author-role=\"assistant\" data-message-id=\"290aa723-0852-4224-b964-694d71f8ed99\" data-message-model-slug=\"gpt-4o\">\n<div class=\"flex w-full flex-col gap-1 empty:hidden first:pt-[3px]\">\n<div class=\"markdown prose w-full break-words dark:prose-invert light\">\n<p>Com o seu design simples e natural, valoriza a apresenta\u00e7\u00e3o dos seus pratos. Real\u00e7a a qualidade das suas prepara\u00e7\u00f5es, refor\u00e7ando simultaneamente a imagem eco-respons\u00e1vel da sua empresa. Este modelo responde \u00e0s expectativas actuais em termos de sustentabilidade e de reciclabilidade.  <\/p>\n<p>Optar por este <strong>tabuleiro<\/strong> de cart\u00e3o <strong>para alimentos<\/strong> significa comprometer-se com um futuro mais verde. O seu car\u00e1cter pr\u00e1tico, a sua simplicidade e o seu respeito pelo ambiente fazem dele a solu\u00e7\u00e3o de embalagem perfeita. <\/p>\n<p>Adopte-o hoje mesmo para valorizar os seus pratos, respeitando o ambiente.<\/p>\n<\/div>\n<\/div>\n<\/div>\n<\/div>\n<div class=\"mb-2 flex gap-3 empty:hidden -ml-2\">\n<div class=\"items-center justify-start rounded-xl p-1 flex\">\n<div class=\"flex items-center\"><\/div>\n<\/div>\n<\/div>\n<p><!--more--><\/p>\n<h4 style=\"text-align: left;\"><strong>As vantagens do nosso tabuleiro retangular para alimentos de 750 ml:<\/strong><\/h4>\n<\/div>\n<\/div>\n<\/div>\n<\/div>\n<\/div>\n<\/div>\n<\/div>\n<\/div>\n<\/div>\n<\/div>\n<\/div>\n<\/div>\n<\/div>\n<\/div>\n<\/div>\n<\/div>\n<\/div>\n<\/div>\n<\/div>\n<\/div>\n<\/div>\n<\/div>\n<\/div>\n<ul>\n<li><strong>Ecol\u00f3gico e sustent\u00e1vel<\/strong>: O <strong>tabuleiro kraft<\/strong> \u00e9 feito de cart\u00e3o recicl\u00e1vel, o que reduz a pegada ambiental.<\/li>\n<li><strong>Vers\u00e1til<\/strong>: Adequado tanto para pratos quentes como frios, suporta uma vasta gama de temperaturas.<\/li>\n<li><strong>Pr\u00e1tico para o transporte<\/strong>: A sua forma retangular e os seus materiais robustos permitem transportar os alimentos com toda a seguran\u00e7a. O <strong>tabuleiro para alimentos<\/strong> mant\u00e9m os alimentos no lugar, evitando o risco de derrames. <\/li>\n<li><strong>Capacidade de 750 ml<\/strong>: O seu formato \u00e9 ideal para refei\u00e7\u00f5es completas e oferece uma apresenta\u00e7\u00e3o cuidada.<\/li>\n<\/ul>\n<p>&nbsp;<\/p>\n<p><!--more--><\/p>\n<h4>Outras informa\u00e7\u00f5es :<\/h4>\n<ul style=\"box-sizing: inherit; font-family: Roboto, sans-serif;\">\n<li><strong>Embalagem<\/strong>: Pacote de 50<\/li>\n<li><span style=\"font-weight: bold;\">Dimens\u00f5es<\/span>: 17 x 12 x 5,6 (C x L x A em cm)<\/li>\n<li><strong>Material<\/strong>: Cart\u00e3o + PP<\/li>\n<li><b>Temperatura de funcionamento: <\/b>&#8211; 18\u00baC \/ + 80\u00baC<\/li>\n<li><strong>Contacto com os alimentos<\/strong>: Apte<\/li>\n<\/ul>\n<p>&nbsp;<\/p>\n<p><!--more--><\/p>\n<p>Liga para as capas : <span style=\"color: #d12727;\"><a style=\"color: #d12727;\" href=\"https:\/\/www.csj-emballages.com\/produit\/50-couvercle-plastique-pour-barquette-rectangulaire-en-pp\/\">COUVBAKGE<\/a><\/span><\/p>\n<p>&nbsp;<\/p>\n<p style=\"text-align: left;\"><!--more--><\/p>\n<p><a href=\"https:\/\/www.csj-emballages.com\/pt-pt\/categorie-produit\/embalagem-de-alimentos\/restauracao\/tachos-tigelas-suportes-para-copos\/tabuleiros-de-cartao\/\">V\u00ea o resto da nossa gama de tabuleiros de cart\u00e3o<\/a><\/p>\n","protected":false},"excerpt":{"rendered":"<p>Tabuleiro para alimentos Descri\u00e7\u00e3o do nosso tabuleiro retangular kraft para alimentos de 750 ml<\/p>\n","protected":false},"featured_media":279014,"template":"","meta":{"_acf_changed":false},"product_brand":[],"product_cat":[11671,1141,1176,2289,1525,8098],"product_tag":[],"class_list":{"0":"post-159506","1":"product","2":"type-product","3":"status-publish","4":"has-post-thumbnail","6":"product_cat-tabuleiros-de-cartao","7":"product_cat-embalagem-de-alimentos","8":"product_cat-talho-e-charcutaria","9":"product_cat-tabuleiros-latas-e-frascos","10":"product_cat-tabuleiros-latas-frascos-para-alimentos","13":"first","14":"instock","15":"taxable","16":"shipping-taxable","17":"purchasable","18":"product-type-simple"},"acf":[],"yoast_head":"<!-- This site is optimized with the Yoast SEO Premium plugin v26.6 (Yoast SEO v26.6) - https:\/\/yoast.com\/wordpress\/plugins\/seo\/ -->\n<title>Tabuleiro para alimentos em cart\u00e3o retangular - 750 ml<\/title>\n<meta name=\"description\" content=\"Embalagem alimentar em cart\u00e3o retangular 750 ml em pack de 50, ideal para pratos quentes e frios. Ecol\u00f3gica, recicl\u00e1vel, resistente e pr\u00e1tica.\" \/>\n<meta name=\"robots\" content=\"index, follow, max-snippet:-1, max-image-preview:large, max-video-preview:-1\" \/>\n<link rel=\"canonical\" href=\"https:\/\/www.csj-emballages.com\/pt-pt\/produit\/tabuleiro-retangular-de-cartao-para-alimentos-750-ml-50-unidades\/\" \/>\n<meta property=\"og:locale\" content=\"pt_PT\" \/>\n<meta property=\"og:type\" content=\"article\" \/>\n<meta property=\"og:title\" content=\"Tabuleiro retangular de cart\u00e3o para alimentos 750 ml\" \/>\n<meta property=\"og:description\" content=\"Embalagem alimentar em cart\u00e3o retangular 750 ml em pack de 50, ideal para pratos quentes e frios. Ecol\u00f3gica, recicl\u00e1vel, resistente e pr\u00e1tica.\" \/>\n<meta property=\"og:url\" content=\"https:\/\/www.csj-emballages.com\/pt-pt\/produit\/tabuleiro-retangular-de-cartao-para-alimentos-750-ml-50-unidades\/\" \/>\n<meta property=\"og:site_name\" content=\"CSJ Emballages\" \/>\n<meta property=\"article:publisher\" content=\"https:\/\/www.facebook.com\/csjemballages\" \/>\n<meta property=\"article:modified_time\" content=\"2026-05-08T00:11:01+00:00\" \/>\n<meta property=\"og:image\" content=\"https:\/\/www.csj-emballages.com\/wp-content\/uploads\/2024\/10\/BA750KGE-1.webp\" \/>\n\t<meta property=\"og:image:width\" content=\"800\" \/>\n\t<meta property=\"og:image:height\" content=\"800\" \/>\n\t<meta property=\"og:image:type\" content=\"image\/webp\" \/>\n<meta name=\"twitter:card\" content=\"summary_large_image\" \/>\n<meta name=\"twitter:title\" content=\"Tabuleiro retangular de cart\u00e3o para alimentos 750 ml\" \/>\n<meta name=\"twitter:description\" content=\"Embalagem alimentar em cart\u00e3o retangular 750 ml em pack de 50, ideal para pratos quentes e frios. Ecol\u00f3gica, recicl\u00e1vel, resistente e pr\u00e1tica.\" \/>\n<meta name=\"twitter:label1\" content=\"Tempo estimado de leitura\" \/>\n\t<meta name=\"twitter:data1\" content=\"3 minutos\" \/>\n<script type=\"application\/ld+json\" class=\"yoast-schema-graph\">{\"@context\":\"https:\/\/schema.org\",\"@graph\":[{\"@type\":\"WebPage\",\"@id\":\"https:\/\/www.csj-emballages.com\/pt-pt\/produit\/tabuleiro-retangular-de-cartao-para-alimentos-750-ml-50-unidades\/\",\"url\":\"https:\/\/www.csj-emballages.com\/pt-pt\/produit\/tabuleiro-retangular-de-cartao-para-alimentos-750-ml-50-unidades\/\",\"name\":\"Tabuleiro para alimentos em cart\u00e3o retangular - 750 ml\",\"isPartOf\":{\"@id\":\"https:\/\/www.csj-emballages.com\/pt-pt\/#website\"},\"primaryImageOfPage\":{\"@id\":\"https:\/\/www.csj-emballages.com\/pt-pt\/produit\/tabuleiro-retangular-de-cartao-para-alimentos-750-ml-50-unidades\/#primaryimage\"},\"image\":{\"@id\":\"https:\/\/www.csj-emballages.com\/pt-pt\/produit\/tabuleiro-retangular-de-cartao-para-alimentos-750-ml-50-unidades\/#primaryimage\"},\"thumbnailUrl\":\"https:\/\/www.csj-emballages.com\/wp-content\/uploads\/2024\/10\/BA750KGE-1.webp\",\"datePublished\":\"2024-10-05T00:18:15+00:00\",\"dateModified\":\"2026-05-08T00:11:01+00:00\",\"description\":\"Embalagem alimentar em cart\u00e3o retangular 750 ml em pack de 50, ideal para pratos quentes e frios. Ecol\u00f3gica, recicl\u00e1vel, resistente e pr\u00e1tica.\",\"breadcrumb\":{\"@id\":\"https:\/\/www.csj-emballages.com\/pt-pt\/produit\/tabuleiro-retangular-de-cartao-para-alimentos-750-ml-50-unidades\/#breadcrumb\"},\"inLanguage\":\"pt-PT\",\"potentialAction\":[{\"@type\":\"ReadAction\",\"target\":[\"https:\/\/www.csj-emballages.com\/pt-pt\/produit\/tabuleiro-retangular-de-cartao-para-alimentos-750-ml-50-unidades\/\"]}]},{\"@type\":\"ImageObject\",\"inLanguage\":\"pt-PT\",\"@id\":\"https:\/\/www.csj-emballages.com\/pt-pt\/produit\/tabuleiro-retangular-de-cartao-para-alimentos-750-ml-50-unidades\/#primaryimage\",\"url\":\"https:\/\/www.csj-emballages.com\/wp-content\/uploads\/2024\/10\/BA750KGE-1.webp\",\"contentUrl\":\"https:\/\/www.csj-emballages.com\/wp-content\/uploads\/2024\/10\/BA750KGE-1.webp\",\"width\":800,\"height\":800,\"caption\":\"Barquette alimentaire\"},{\"@type\":\"BreadcrumbList\",\"@id\":\"https:\/\/www.csj-emballages.com\/pt-pt\/produit\/tabuleiro-retangular-de-cartao-para-alimentos-750-ml-50-unidades\/#breadcrumb\",\"itemListElement\":[{\"@type\":\"ListItem\",\"position\":1,\"name\":\"Acolhimento\",\"item\":\"https:\/\/www.csj-emballages.com\/pt-pt\/universo-das-embalagens-alimentares\/\"},{\"@type\":\"ListItem\",\"position\":2,\"name\":\"Shop\",\"item\":\"https:\/\/www.csj-emballages.com\/shop\/\"},{\"@type\":\"ListItem\",\"position\":3,\"name\":\"Tabuleiro retangular de cart\u00e3o para alimentos, 750 ml, 50 unidades\"}]},{\"@type\":\"WebSite\",\"@id\":\"https:\/\/www.csj-emballages.com\/pt-pt\/#website\",\"url\":\"https:\/\/www.csj-emballages.com\/pt-pt\/\",\"name\":\"CSJ Emballages\",\"description\":\"\",\"publisher\":{\"@id\":\"https:\/\/www.csj-emballages.com\/pt-pt\/#organization\"},\"potentialAction\":[{\"@type\":\"SearchAction\",\"target\":{\"@type\":\"EntryPoint\",\"urlTemplate\":\"https:\/\/www.csj-emballages.com\/pt-pt\/?s={search_term_string}\"},\"query-input\":{\"@type\":\"PropertyValueSpecification\",\"valueRequired\":true,\"valueName\":\"search_term_string\"}}],\"inLanguage\":\"pt-PT\"},{\"@type\":\"Organization\",\"@id\":\"https:\/\/www.csj-emballages.com\/pt-pt\/#Organization\/\",\"name\":\"CSJ Emballages\",\"url\":\"https:\/\/www.csj-emballages.com\/pt-pt\/\",\"logo\":{\"@type\":\"ImageObject\",\"inLanguage\":\"pt-PT\",\"@id\":\"https:\/\/www.csj-emballages.com\/pt-pt\/#\/schema\/logo\/image\/\",\"url\":\"https:\/\/www.csj-emballages.com\/wp-content\/uploads\/2023\/10\/logo_csj.webp\",\"contentUrl\":\"https:\/\/www.csj-emballages.com\/wp-content\/uploads\/2023\/10\/logo_csj.webp\",\"width\":250,\"height\":95,\"caption\":\"CSJ Emballages\"},\"image\":{\"@id\":\"https:\/\/www.csj-emballages.com\/pt-pt\/#\/schema\/logo\/image\/\"},\"sameAs\":[\"https:\/\/www.facebook.com\/csjemballages\"],\"address\":{\"@type\":\"PostalAddress\",\"streetAddress\":\"ZI La Lechere\",\"addressLocality\":\"Patornay\",\"postalCode\":\"39130\",\"addressCountry\":\"FR\"},\"contactPoint\":[{\"@type\":\"ContactPoint\",\"contactType\":\"Service client\",\"telephone\":\"0384254272\",\"email\":\"contact@csj-emballages.com\"}]}]}<\/script>\n<!-- \/ Yoast SEO Premium plugin. -->","yoast_head_json":{"title":"Tabuleiro para alimentos em cart\u00e3o retangular - 750 ml","description":"Embalagem alimentar em cart\u00e3o retangular 750 ml em pack de 50, ideal para pratos quentes e frios. Ecol\u00f3gica, recicl\u00e1vel, resistente e pr\u00e1tica.","robots":{"index":"index","follow":"follow","max-snippet":"max-snippet:-1","max-image-preview":"max-image-preview:large","max-video-preview":"max-video-preview:-1"},"canonical":"https:\/\/www.csj-emballages.com\/pt-pt\/produit\/tabuleiro-retangular-de-cartao-para-alimentos-750-ml-50-unidades\/","og_locale":"pt_PT","og_type":"article","og_title":"Tabuleiro retangular de cart\u00e3o para alimentos 750 ml","og_description":"Embalagem alimentar em cart\u00e3o retangular 750 ml em pack de 50, ideal para pratos quentes e frios. Ecol\u00f3gica, recicl\u00e1vel, resistente e pr\u00e1tica.","og_url":"https:\/\/www.csj-emballages.com\/pt-pt\/produit\/tabuleiro-retangular-de-cartao-para-alimentos-750-ml-50-unidades\/","og_site_name":"CSJ Emballages","article_publisher":"https:\/\/www.facebook.com\/csjemballages","article_modified_time":"2026-05-08T00:11:01+00:00","og_image":[{"width":800,"height":800,"url":"https:\/\/www.csj-emballages.com\/wp-content\/uploads\/2024\/10\/BA750KGE-1.webp","type":"image\/webp"}],"twitter_card":"summary_large_image","twitter_title":"Tabuleiro retangular de cart\u00e3o para alimentos 750 ml","twitter_description":"Embalagem alimentar em cart\u00e3o retangular 750 ml em pack de 50, ideal para pratos quentes e frios. Ecol\u00f3gica, recicl\u00e1vel, resistente e pr\u00e1tica.","twitter_misc":{"Tempo estimado de leitura":"3 minutos"},"schema":{"@context":"https:\/\/schema.org","@graph":[{"@type":"WebPage","@id":"https:\/\/www.csj-emballages.com\/pt-pt\/produit\/tabuleiro-retangular-de-cartao-para-alimentos-750-ml-50-unidades\/","url":"https:\/\/www.csj-emballages.com\/pt-pt\/produit\/tabuleiro-retangular-de-cartao-para-alimentos-750-ml-50-unidades\/","name":"Tabuleiro para alimentos em cart\u00e3o retangular - 750 ml","isPartOf":{"@id":"https:\/\/www.csj-emballages.com\/pt-pt\/#website"},"primaryImageOfPage":{"@id":"https:\/\/www.csj-emballages.com\/pt-pt\/produit\/tabuleiro-retangular-de-cartao-para-alimentos-750-ml-50-unidades\/#primaryimage"},"image":{"@id":"https:\/\/www.csj-emballages.com\/pt-pt\/produit\/tabuleiro-retangular-de-cartao-para-alimentos-750-ml-50-unidades\/#primaryimage"},"thumbnailUrl":"https:\/\/www.csj-emballages.com\/wp-content\/uploads\/2024\/10\/BA750KGE-1.webp","datePublished":"2024-10-05T00:18:15+00:00","dateModified":"2026-05-08T00:11:01+00:00","description":"Embalagem alimentar em cart\u00e3o retangular 750 ml em pack de 50, ideal para pratos quentes e frios. Ecol\u00f3gica, recicl\u00e1vel, resistente e pr\u00e1tica.","breadcrumb":{"@id":"https:\/\/www.csj-emballages.com\/pt-pt\/produit\/tabuleiro-retangular-de-cartao-para-alimentos-750-ml-50-unidades\/#breadcrumb"},"inLanguage":"pt-PT","potentialAction":[{"@type":"ReadAction","target":["https:\/\/www.csj-emballages.com\/pt-pt\/produit\/tabuleiro-retangular-de-cartao-para-alimentos-750-ml-50-unidades\/"]}]},{"@type":"ImageObject","inLanguage":"pt-PT","@id":"https:\/\/www.csj-emballages.com\/pt-pt\/produit\/tabuleiro-retangular-de-cartao-para-alimentos-750-ml-50-unidades\/#primaryimage","url":"https:\/\/www.csj-emballages.com\/wp-content\/uploads\/2024\/10\/BA750KGE-1.webp","contentUrl":"https:\/\/www.csj-emballages.com\/wp-content\/uploads\/2024\/10\/BA750KGE-1.webp","width":800,"height":800,"caption":"Barquette alimentaire"},{"@type":"BreadcrumbList","@id":"https:\/\/www.csj-emballages.com\/pt-pt\/produit\/tabuleiro-retangular-de-cartao-para-alimentos-750-ml-50-unidades\/#breadcrumb","itemListElement":[{"@type":"ListItem","position":1,"name":"Acolhimento","item":"https:\/\/www.csj-emballages.com\/pt-pt\/universo-das-embalagens-alimentares\/"},{"@type":"ListItem","position":2,"name":"Shop","item":"https:\/\/www.csj-emballages.com\/shop\/"},{"@type":"ListItem","position":3,"name":"Tabuleiro retangular de cart\u00e3o para alimentos, 750 ml, 50 unidades"}]},{"@type":"WebSite","@id":"https:\/\/www.csj-emballages.com\/pt-pt\/#website","url":"https:\/\/www.csj-emballages.com\/pt-pt\/","name":"CSJ Emballages","description":"","publisher":{"@id":"https:\/\/www.csj-emballages.com\/pt-pt\/#organization"},"potentialAction":[{"@type":"SearchAction","target":{"@type":"EntryPoint","urlTemplate":"https:\/\/www.csj-emballages.com\/pt-pt\/?s={search_term_string}"},"query-input":{"@type":"PropertyValueSpecification","valueRequired":true,"valueName":"search_term_string"}}],"inLanguage":"pt-PT"},{"@type":"Organization","@id":"https:\/\/www.csj-emballages.com\/pt-pt\/#Organization\/","name":"CSJ Emballages","url":"https:\/\/www.csj-emballages.com\/pt-pt\/","logo":{"@type":"ImageObject","inLanguage":"pt-PT","@id":"https:\/\/www.csj-emballages.com\/pt-pt\/#\/schema\/logo\/image\/","url":"https:\/\/www.csj-emballages.com\/wp-content\/uploads\/2023\/10\/logo_csj.webp","contentUrl":"https:\/\/www.csj-emballages.com\/wp-content\/uploads\/2023\/10\/logo_csj.webp","width":250,"height":95,"caption":"CSJ Emballages"},"image":{"@id":"https:\/\/www.csj-emballages.com\/pt-pt\/#\/schema\/logo\/image\/"},"sameAs":["https:\/\/www.facebook.com\/csjemballages"],"address":{"@type":"PostalAddress","streetAddress":"ZI La Lechere","addressLocality":"Patornay","postalCode":"39130","addressCountry":"FR"},"contactPoint":[{"@type":"ContactPoint","contactType":"Service client","telephone":"0384254272","email":"contact@csj-emballages.com"}]}]}},"df_price":9.06,"df_sale_price":"","df_regular_price":9.06,"df_image_link":"https:\/\/www.csj-emballages.com\/wp-content\/uploads\/2024\/10\/BA750KGE-1-300x300.webp","tiered_pricing_type":"fixed","tiered_pricing_fixed_rules":[],"tiered_pricing_percentage_rules":[],"tiered_pricing_minimum":1,"tiered_pricing_roles_data":[],"_links":{"self":[{"href":"https:\/\/www.csj-emballages.com\/pt-pt\/wp-json\/wp\/v2\/product\/159506","targetHints":{"allow":["GET"]}}],"collection":[{"href":"https:\/\/www.csj-emballages.com\/pt-pt\/wp-json\/wp\/v2\/product"}],"about":[{"href":"https:\/\/www.csj-emballages.com\/pt-pt\/wp-json\/wp\/v2\/types\/product"}],"wp:featuredmedia":[{"embeddable":true,"href":"https:\/\/www.csj-emballages.com\/pt-pt\/wp-json\/wp\/v2\/media\/279014"}],"wp:attachment":[{"href":"https:\/\/www.csj-emballages.com\/pt-pt\/wp-json\/wp\/v2\/media?parent=159506"}],"wp:term":[{"taxonomy":"product_brand","embeddable":true,"href":"https:\/\/www.csj-emballages.com\/pt-pt\/wp-json\/wp\/v2\/product_brand?post=159506"},{"taxonomy":"product_cat","embeddable":true,"href":"https:\/\/www.csj-emballages.com\/pt-pt\/wp-json\/wp\/v2\/product_cat?post=159506"},{"taxonomy":"product_tag","embeddable":true,"href":"https:\/\/www.csj-emballages.com\/pt-pt\/wp-json\/wp\/v2\/product_tag?post=159506"}],"curies":[{"name":"wp","href":"https:\/\/api.w.org\/{rel}","templated":true}]}}