{"id":126782,"date":"2024-03-01T16:55:52","date_gmt":"2024-03-01T15:55:52","guid":{"rendered":"https:\/\/www.csj-emballages.com\/produit\/25-caixas-de-pastelaria-sensation-em-cartao-colorido-33-x-5-cm\/"},"modified":"2026-05-06T09:00:58","modified_gmt":"2026-05-06T07:00:58","slug":"25-caixas-de-pastelaria-sensation-em-cartao-colorido-33-x-5-cm","status":"publish","type":"product","link":"https:\/\/www.csj-emballages.com\/pt-pt\/produit\/25-caixas-de-pastelaria-sensation-em-cartao-colorido-33-x-5-cm\/","title":{"rendered":"Caixa de cart\u00e3o colorida para pastelaria Li\u00e7\u00e3o 33 x 5 cm por 25"},"content":{"rendered":"<h2>Caixa de pastelaria<\/h2>\n<hr>\n<h3>Descri\u00e7\u00e3o da nossa caixa de cart\u00e3o colorida para pastelaria Li\u00e7\u00e3o 33 x 5 cm por 25<\/h3>\n<p><!--more--><\/p>\n<p data-start=\"28\" data-end=\"427\">D\u00ea um toque de eleg\u00e2ncia e praticidade \u00e0s suas apresenta\u00e7\u00f5es com esta <strong data-start=\"106\" data-end=\"161\">caixa de pastelaria em cart\u00e3o colorido &#8220;Lesson&#8221; de 33 x 5 cm<\/strong>. Concebida para <strong data-start=\"179\" data-end=\"218\">pasteleiros, fornecedores de refei\u00e7\u00f5es e padeiros<\/strong>, \u00e9 ideal para embalar e transportar em seguran\u00e7a os seus bolos, tartes e entremets. O seu design requintado e colorido real\u00e7a as suas cria\u00e7\u00f5es gourmet, oferecendo uma prote\u00e7\u00e3o \u00f3ptima. Fabricado em <strong data-start=\"442\" data-end=\"459\">cart\u00e3o r\u00edgido<\/strong>, oferece uma excelente resist\u00eancia aos choques e preserva a integridade dos seus produtos de pastelaria. Gra\u00e7as ao seu design pr\u00e1tico, \u00e9 <strong data-start=\"593\" data-end=\"613\">f\u00e1cil de montar<\/strong> e fecha-se de forma segura para um transporte sem riscos. O seu formato longo \u00e9 particularmente adequado para toros, mil-folhas e outras sobremesas rectangulares.     <\/p>\n<p data-start=\"780\" data-end=\"971\">Quer seja um profissional ou um apaixonado por pastelaria, esta caixa \u00e9 uma solu\u00e7\u00e3o simultaneamente atraente e funcional para valorizar e proteger os seus doces.<\/p>\n<p>&nbsp;<\/p>\n<p><!--more--><\/p>\n<p>Ofere\u00e7a aos seus clientes uma experi\u00eancia \u00fanica com estas <strong>caixas de pastelaria Le\u00e7on 33&#215;5 cm<\/strong>, que combinam estilo, praticidade e respeito pelo planeta.<\/p>\n<p>&nbsp;<\/p>\n<p><!--more--><\/p>\n<p><strong>As suas vantagens:<\/strong><\/p>\n<ul>\n<li data-start=\"1142\" data-end=\"1224\"><strong data-start=\"1144\" data-end=\"1172\">Design colorido e elegante<\/strong> para mostrar os seus bolos da melhor forma.<\/li>\n<li data-start=\"1225\" data-end=\"1289\"><strong data-start=\"1227\" data-end=\"1257\">Cart\u00e3o forte e r\u00edgido<\/strong> para uma prote\u00e7\u00e3o m\u00e1xima.<\/li>\n<li data-start=\"1290\" data-end=\"1359\"><strong data-start=\"1292\" data-end=\"1323\">F\u00e1cil de montar e fechar<\/strong> para uma utiliza\u00e7\u00e3o r\u00e1pida e pr\u00e1tica.<\/li>\n<li data-start=\"1360\" data-end=\"1429\"><strong data-start=\"1362\" data-end=\"1380\">Pequena altura<\/strong>, ideal para tartes.<\/li>\n<li data-start=\"1430\" data-end=\"1517\" data-is-last-node=\"\"><strong data-start=\"1432\" data-end=\"1479\">Adequado para profissionais e particulares<\/strong> para todas as suas cria\u00e7\u00f5es gourmet.<\/li>\n<\/ul>\n<p>&nbsp;<\/p>\n<p><!--more--><\/p>\n<p>Este produto tamb\u00e9m est\u00e1 dispon\u00edvel em formato de caixa com pega: <span style=\"color: #d12727;\"><a style=\"color: #d12727;\" href=\"https:\/\/www.csj-emballages.com\/pt-pt\/categorie-produit\/embalagem-de-alimentos\/padaria-e-pastelaria\/caixas-pt-pt-3\/caixas-para-pastelaria-com-pegas\/caixas-de-pastelaria-coloridas\/\">Caixas para pastelaria Le\u00e7on<\/a><\/span><\/p>\n<p>&nbsp;<\/p>\n<p><!--more--><\/p>\n<p><a href=\"https:\/\/www.csj-emballages.com\/pt-pt\/categorie-produit\/embalagem-de-alimentos\/padaria-e-pastelaria\/caixas-e-estojos\/caixas-de-pastelaria\/caixas-de-pastelaria-coloridas-pt-pt\/\">Ver o resto da nossa gama de latas coloridas<\/a><\/p>\n","protected":false},"excerpt":{"rendered":"<p>Caixa de pastelaria Descri\u00e7\u00e3o da nossa caixa de cart\u00e3o colorida para pastelaria Li\u00e7\u00e3o 33 x 5 cm por 25<\/p>\n","protected":false},"featured_media":227842,"template":"","meta":{"_acf_changed":false},"product_brand":[],"product_cat":[1141,1177,3916,1258,1264,9270,1267],"product_tag":[],"class_list":{"0":"post-126782","1":"product","2":"type-product","3":"status-publish","4":"has-post-thumbnail","6":"product_cat-embalagem-de-alimentos","7":"product_cat-padaria-e-pastelaria","8":"product_cat-caixas-e-estojos","9":"product_cat-caixas-de-pastelaria","10":"product_cat-caixas-de-pastelaria-coloridas-pt-pt","11":"product_cat-caixas-de-pastelaria-coloridas-licao","12":"product_cat-descontos-promocoes","14":"first","15":"instock","16":"sale","17":"taxable","18":"shipping-taxable","19":"purchasable","20":"product-type-simple"},"acf":[],"yoast_head":"<!-- This site is optimized with the Yoast SEO Premium plugin v26.6 (Yoast SEO v26.6) - https:\/\/yoast.com\/wordpress\/plugins\/seo\/ -->\n<title>Caixa de pastelaria colorida 33 x 5 cm por 25<\/title>\n<meta name=\"description\" content=\"Caixa de pastelaria &quot;Le\u00e7on&quot; em cart\u00e3o colorido 33 x 5 cm. Ideal para transportar e proteger os seus bolos. Vendido em embalagens de 25 unidades.\" \/>\n<meta name=\"robots\" content=\"index, follow, max-snippet:-1, max-image-preview:large, max-video-preview:-1\" \/>\n<link rel=\"canonical\" href=\"https:\/\/www.csj-emballages.com\/pt-pt\/produit\/25-caixas-de-pastelaria-sensation-em-cartao-colorido-33-x-5-cm\/\" \/>\n<meta property=\"og:locale\" content=\"pt_PT\" \/>\n<meta property=\"og:type\" content=\"article\" \/>\n<meta property=\"og:title\" content=\"Caixa de cart\u00e3o colorida para pastelaria Li\u00e7\u00e3o 33 x 5 cm por 25\" \/>\n<meta property=\"og:description\" content=\"Caixa de pastelaria &quot;Le\u00e7on&quot; em cart\u00e3o colorido 33 x 5 cm. Ideal para transportar e proteger os seus bolos. Vendido em embalagens de 25 unidades.\" \/>\n<meta property=\"og:url\" content=\"https:\/\/www.csj-emballages.com\/pt-pt\/produit\/25-caixas-de-pastelaria-sensation-em-cartao-colorido-33-x-5-cm\/\" \/>\n<meta property=\"og:site_name\" content=\"CSJ Emballages\" \/>\n<meta property=\"article:publisher\" content=\"https:\/\/www.facebook.com\/csjemballages\" \/>\n<meta property=\"article:modified_time\" content=\"2026-05-06T07:00:58+00:00\" \/>\n<meta property=\"og:image\" content=\"https:\/\/www.csj-emballages.com\/wp-content\/uploads\/2024\/03\/BTPLecon.webp\" \/>\n\t<meta property=\"og:image:width\" content=\"800\" \/>\n\t<meta property=\"og:image:height\" content=\"800\" \/>\n\t<meta property=\"og:image:type\" content=\"image\/webp\" \/>\n<meta name=\"twitter:card\" content=\"summary_large_image\" \/>\n<meta name=\"twitter:label1\" content=\"Tempo estimado de leitura\" \/>\n\t<meta name=\"twitter:data1\" content=\"1 minuto\" \/>\n<script type=\"application\/ld+json\" class=\"yoast-schema-graph\">{\"@context\":\"https:\/\/schema.org\",\"@graph\":[{\"@type\":\"WebPage\",\"@id\":\"https:\/\/www.csj-emballages.com\/pt-pt\/produit\/25-caixas-de-pastelaria-sensation-em-cartao-colorido-33-x-5-cm\/\",\"url\":\"https:\/\/www.csj-emballages.com\/pt-pt\/produit\/25-caixas-de-pastelaria-sensation-em-cartao-colorido-33-x-5-cm\/\",\"name\":\"Caixa de pastelaria colorida 33 x 5 cm por 25\",\"isPartOf\":{\"@id\":\"https:\/\/www.csj-emballages.com\/pt-pt\/#website\"},\"primaryImageOfPage\":{\"@id\":\"https:\/\/www.csj-emballages.com\/pt-pt\/produit\/25-caixas-de-pastelaria-sensation-em-cartao-colorido-33-x-5-cm\/#primaryimage\"},\"image\":{\"@id\":\"https:\/\/www.csj-emballages.com\/pt-pt\/produit\/25-caixas-de-pastelaria-sensation-em-cartao-colorido-33-x-5-cm\/#primaryimage\"},\"thumbnailUrl\":\"https:\/\/www.csj-emballages.com\/wp-content\/uploads\/2024\/03\/BTPLecon.webp\",\"datePublished\":\"2024-03-01T15:55:52+00:00\",\"dateModified\":\"2026-05-06T07:00:58+00:00\",\"description\":\"Caixa de pastelaria \\\"Le\u00e7on\\\" em cart\u00e3o colorido 33 x 5 cm. Ideal para transportar e proteger os seus bolos. Vendido em embalagens de 25 unidades.\",\"breadcrumb\":{\"@id\":\"https:\/\/www.csj-emballages.com\/pt-pt\/produit\/25-caixas-de-pastelaria-sensation-em-cartao-colorido-33-x-5-cm\/#breadcrumb\"},\"inLanguage\":\"pt-PT\",\"potentialAction\":[{\"@type\":\"ReadAction\",\"target\":[\"https:\/\/www.csj-emballages.com\/pt-pt\/produit\/25-caixas-de-pastelaria-sensation-em-cartao-colorido-33-x-5-cm\/\"]}]},{\"@type\":\"ImageObject\",\"inLanguage\":\"pt-PT\",\"@id\":\"https:\/\/www.csj-emballages.com\/pt-pt\/produit\/25-caixas-de-pastelaria-sensation-em-cartao-colorido-33-x-5-cm\/#primaryimage\",\"url\":\"https:\/\/www.csj-emballages.com\/wp-content\/uploads\/2024\/03\/BTPLecon.webp\",\"contentUrl\":\"https:\/\/www.csj-emballages.com\/wp-content\/uploads\/2024\/03\/BTPLecon.webp\",\"width\":800,\"height\":800,\"caption\":\"Boite p\u00e2tissi\u00e8re\u00a0\"},{\"@type\":\"BreadcrumbList\",\"@id\":\"https:\/\/www.csj-emballages.com\/pt-pt\/produit\/25-caixas-de-pastelaria-sensation-em-cartao-colorido-33-x-5-cm\/#breadcrumb\",\"itemListElement\":[{\"@type\":\"ListItem\",\"position\":1,\"name\":\"Acolhimento\",\"item\":\"https:\/\/www.csj-emballages.com\/pt-pt\/universo-das-embalagens-alimentares\/\"},{\"@type\":\"ListItem\",\"position\":2,\"name\":\"Shop\",\"item\":\"https:\/\/www.csj-emballages.com\/shop\/\"},{\"@type\":\"ListItem\",\"position\":3,\"name\":\"Caixa de cart\u00e3o colorida para pastelaria Li\u00e7\u00e3o 33 x 5 cm por 25\"}]},{\"@type\":\"WebSite\",\"@id\":\"https:\/\/www.csj-emballages.com\/pt-pt\/#website\",\"url\":\"https:\/\/www.csj-emballages.com\/pt-pt\/\",\"name\":\"CSJ Emballages\",\"description\":\"\",\"publisher\":{\"@id\":\"https:\/\/www.csj-emballages.com\/pt-pt\/#organization\"},\"potentialAction\":[{\"@type\":\"SearchAction\",\"target\":{\"@type\":\"EntryPoint\",\"urlTemplate\":\"https:\/\/www.csj-emballages.com\/pt-pt\/?s={search_term_string}\"},\"query-input\":{\"@type\":\"PropertyValueSpecification\",\"valueRequired\":true,\"valueName\":\"search_term_string\"}}],\"inLanguage\":\"pt-PT\"},{\"@type\":\"Organization\",\"@id\":\"https:\/\/www.csj-emballages.com\/pt-pt\/#Organization\/\",\"name\":\"CSJ Emballages\",\"url\":\"https:\/\/www.csj-emballages.com\/pt-pt\/\",\"logo\":{\"@type\":\"ImageObject\",\"inLanguage\":\"pt-PT\",\"@id\":\"https:\/\/www.csj-emballages.com\/pt-pt\/#\/schema\/logo\/image\/\",\"url\":\"https:\/\/www.csj-emballages.com\/wp-content\/uploads\/2023\/10\/logo_csj.webp\",\"contentUrl\":\"https:\/\/www.csj-emballages.com\/wp-content\/uploads\/2023\/10\/logo_csj.webp\",\"width\":250,\"height\":95,\"caption\":\"CSJ Emballages\"},\"image\":{\"@id\":\"https:\/\/www.csj-emballages.com\/pt-pt\/#\/schema\/logo\/image\/\"},\"sameAs\":[\"https:\/\/www.facebook.com\/csjemballages\"],\"address\":{\"@type\":\"PostalAddress\",\"streetAddress\":\"ZI La Lechere\",\"addressLocality\":\"Patornay\",\"postalCode\":\"39130\",\"addressCountry\":\"FR\"},\"contactPoint\":[{\"@type\":\"ContactPoint\",\"contactType\":\"Service client\",\"telephone\":\"0384254272\",\"email\":\"contact@csj-emballages.com\"}]}]}<\/script>\n<!-- \/ Yoast SEO Premium plugin. -->","yoast_head_json":{"title":"Caixa de pastelaria colorida 33 x 5 cm por 25","description":"Caixa de pastelaria \"Le\u00e7on\" em cart\u00e3o colorido 33 x 5 cm. Ideal para transportar e proteger os seus bolos. Vendido em embalagens de 25 unidades.","robots":{"index":"index","follow":"follow","max-snippet":"max-snippet:-1","max-image-preview":"max-image-preview:large","max-video-preview":"max-video-preview:-1"},"canonical":"https:\/\/www.csj-emballages.com\/pt-pt\/produit\/25-caixas-de-pastelaria-sensation-em-cartao-colorido-33-x-5-cm\/","og_locale":"pt_PT","og_type":"article","og_title":"Caixa de cart\u00e3o colorida para pastelaria Li\u00e7\u00e3o 33 x 5 cm por 25","og_description":"Caixa de pastelaria \"Le\u00e7on\" em cart\u00e3o colorido 33 x 5 cm. Ideal para transportar e proteger os seus bolos. Vendido em embalagens de 25 unidades.","og_url":"https:\/\/www.csj-emballages.com\/pt-pt\/produit\/25-caixas-de-pastelaria-sensation-em-cartao-colorido-33-x-5-cm\/","og_site_name":"CSJ Emballages","article_publisher":"https:\/\/www.facebook.com\/csjemballages","article_modified_time":"2026-05-06T07:00:58+00:00","og_image":[{"width":800,"height":800,"url":"https:\/\/www.csj-emballages.com\/wp-content\/uploads\/2024\/03\/BTPLecon.webp","type":"image\/webp"}],"twitter_card":"summary_large_image","twitter_misc":{"Tempo estimado de leitura":"1 minuto"},"schema":{"@context":"https:\/\/schema.org","@graph":[{"@type":"WebPage","@id":"https:\/\/www.csj-emballages.com\/pt-pt\/produit\/25-caixas-de-pastelaria-sensation-em-cartao-colorido-33-x-5-cm\/","url":"https:\/\/www.csj-emballages.com\/pt-pt\/produit\/25-caixas-de-pastelaria-sensation-em-cartao-colorido-33-x-5-cm\/","name":"Caixa de pastelaria colorida 33 x 5 cm por 25","isPartOf":{"@id":"https:\/\/www.csj-emballages.com\/pt-pt\/#website"},"primaryImageOfPage":{"@id":"https:\/\/www.csj-emballages.com\/pt-pt\/produit\/25-caixas-de-pastelaria-sensation-em-cartao-colorido-33-x-5-cm\/#primaryimage"},"image":{"@id":"https:\/\/www.csj-emballages.com\/pt-pt\/produit\/25-caixas-de-pastelaria-sensation-em-cartao-colorido-33-x-5-cm\/#primaryimage"},"thumbnailUrl":"https:\/\/www.csj-emballages.com\/wp-content\/uploads\/2024\/03\/BTPLecon.webp","datePublished":"2024-03-01T15:55:52+00:00","dateModified":"2026-05-06T07:00:58+00:00","description":"Caixa de pastelaria \"Le\u00e7on\" em cart\u00e3o colorido 33 x 5 cm. Ideal para transportar e proteger os seus bolos. Vendido em embalagens de 25 unidades.","breadcrumb":{"@id":"https:\/\/www.csj-emballages.com\/pt-pt\/produit\/25-caixas-de-pastelaria-sensation-em-cartao-colorido-33-x-5-cm\/#breadcrumb"},"inLanguage":"pt-PT","potentialAction":[{"@type":"ReadAction","target":["https:\/\/www.csj-emballages.com\/pt-pt\/produit\/25-caixas-de-pastelaria-sensation-em-cartao-colorido-33-x-5-cm\/"]}]},{"@type":"ImageObject","inLanguage":"pt-PT","@id":"https:\/\/www.csj-emballages.com\/pt-pt\/produit\/25-caixas-de-pastelaria-sensation-em-cartao-colorido-33-x-5-cm\/#primaryimage","url":"https:\/\/www.csj-emballages.com\/wp-content\/uploads\/2024\/03\/BTPLecon.webp","contentUrl":"https:\/\/www.csj-emballages.com\/wp-content\/uploads\/2024\/03\/BTPLecon.webp","width":800,"height":800,"caption":"Boite p\u00e2tissi\u00e8re\u00a0"},{"@type":"BreadcrumbList","@id":"https:\/\/www.csj-emballages.com\/pt-pt\/produit\/25-caixas-de-pastelaria-sensation-em-cartao-colorido-33-x-5-cm\/#breadcrumb","itemListElement":[{"@type":"ListItem","position":1,"name":"Acolhimento","item":"https:\/\/www.csj-emballages.com\/pt-pt\/universo-das-embalagens-alimentares\/"},{"@type":"ListItem","position":2,"name":"Shop","item":"https:\/\/www.csj-emballages.com\/shop\/"},{"@type":"ListItem","position":3,"name":"Caixa de cart\u00e3o colorida para pastelaria Li\u00e7\u00e3o 33 x 5 cm por 25"}]},{"@type":"WebSite","@id":"https:\/\/www.csj-emballages.com\/pt-pt\/#website","url":"https:\/\/www.csj-emballages.com\/pt-pt\/","name":"CSJ Emballages","description":"","publisher":{"@id":"https:\/\/www.csj-emballages.com\/pt-pt\/#organization"},"potentialAction":[{"@type":"SearchAction","target":{"@type":"EntryPoint","urlTemplate":"https:\/\/www.csj-emballages.com\/pt-pt\/?s={search_term_string}"},"query-input":{"@type":"PropertyValueSpecification","valueRequired":true,"valueName":"search_term_string"}}],"inLanguage":"pt-PT"},{"@type":"Organization","@id":"https:\/\/www.csj-emballages.com\/pt-pt\/#Organization\/","name":"CSJ Emballages","url":"https:\/\/www.csj-emballages.com\/pt-pt\/","logo":{"@type":"ImageObject","inLanguage":"pt-PT","@id":"https:\/\/www.csj-emballages.com\/pt-pt\/#\/schema\/logo\/image\/","url":"https:\/\/www.csj-emballages.com\/wp-content\/uploads\/2023\/10\/logo_csj.webp","contentUrl":"https:\/\/www.csj-emballages.com\/wp-content\/uploads\/2023\/10\/logo_csj.webp","width":250,"height":95,"caption":"CSJ Emballages"},"image":{"@id":"https:\/\/www.csj-emballages.com\/pt-pt\/#\/schema\/logo\/image\/"},"sameAs":["https:\/\/www.facebook.com\/csjemballages"],"address":{"@type":"PostalAddress","streetAddress":"ZI La Lechere","addressLocality":"Patornay","postalCode":"39130","addressCountry":"FR"},"contactPoint":[{"@type":"ContactPoint","contactType":"Service client","telephone":"0384254272","email":"contact@csj-emballages.com"}]}]}},"df_price":14.76,"df_sale_price":14.76,"df_regular_price":16.4,"df_image_link":"https:\/\/www.csj-emballages.com\/wp-content\/uploads\/2024\/03\/BTPLecon-300x300.webp","tiered_pricing_type":"fixed","tiered_pricing_fixed_rules":[],"tiered_pricing_percentage_rules":[],"tiered_pricing_minimum":1,"tiered_pricing_roles_data":[],"_links":{"self":[{"href":"https:\/\/www.csj-emballages.com\/pt-pt\/wp-json\/wp\/v2\/product\/126782","targetHints":{"allow":["GET"]}}],"collection":[{"href":"https:\/\/www.csj-emballages.com\/pt-pt\/wp-json\/wp\/v2\/product"}],"about":[{"href":"https:\/\/www.csj-emballages.com\/pt-pt\/wp-json\/wp\/v2\/types\/product"}],"wp:featuredmedia":[{"embeddable":true,"href":"https:\/\/www.csj-emballages.com\/pt-pt\/wp-json\/wp\/v2\/media\/227842"}],"wp:attachment":[{"href":"https:\/\/www.csj-emballages.com\/pt-pt\/wp-json\/wp\/v2\/media?parent=126782"}],"wp:term":[{"taxonomy":"product_brand","embeddable":true,"href":"https:\/\/www.csj-emballages.com\/pt-pt\/wp-json\/wp\/v2\/product_brand?post=126782"},{"taxonomy":"product_cat","embeddable":true,"href":"https:\/\/www.csj-emballages.com\/pt-pt\/wp-json\/wp\/v2\/product_cat?post=126782"},{"taxonomy":"product_tag","embeddable":true,"href":"https:\/\/www.csj-emballages.com\/pt-pt\/wp-json\/wp\/v2\/product_tag?post=126782"}],"curies":[{"name":"wp","href":"https:\/\/api.w.org\/{rel}","templated":true}]}}