{"id":126781,"date":"2024-03-01T16:55:47","date_gmt":"2024-03-01T15:55:47","guid":{"rendered":"https:\/\/www.csj-emballages.com\/produit\/50-caixas-de-cartao-kraft-637-x-420-x-90-mm\/"},"modified":"2026-05-07T02:12:58","modified_gmt":"2026-05-07T00:12:58","slug":"50-caixas-de-cartao-kraft-637-x-420-x-90-mm","status":"publish","type":"product","link":"https:\/\/www.csj-emballages.com\/pt-pt\/produit\/50-caixas-de-cartao-kraft-637-x-420-x-90-mm\/","title":{"rendered":"Caixa de cart\u00e3o kraft 658 x 425 x 95 mm exterior por 50"},"content":{"rendered":"<h2 class=\"p1 ai-optimize-38 ai-optimize-introduction\">Caixa de cart\u00e3o<\/h2>\n<hr>\n<h3 class=\"ai-optimize-27\">Descri\u00e7\u00e3o da nossa caixa de cart\u00e3o kraft 658 x 425 x 95 mm exterior por 50<\/h3>\n<p><!--more--><\/p>\n<p class=\"ai-optimize-28 ai-optimize-introduction\">Descubra as nossas <strong>caixas de cart\u00e3o kraft<\/strong> <strong>de 637 x 420 x 90 mm<\/strong>, a escolha ideal para as suas necessidades de armazenamento e apresenta\u00e7\u00e3o. Concebidas com aten\u00e7\u00e3o aos detalhes, s\u00e3o robustas e garantem uma prote\u00e7\u00e3o \u00f3ptima dos seus produtos. Estas caixas s\u00e3o perfeitas para o transporte de frutas, legumes e muito mais. O seu design em kraft natural \u00e9 amigo do ambiente e esteticamente agrad\u00e1vel. Apreciar\u00e1 a sua capacidade de resistir a choques, preservando a frescura dos seus produtos.    <\/p>\n<p class=\"ai-optimize-29\">Com dimens\u00f5es generosas de <strong>637 x 420 x 90 mm<\/strong>, h\u00e1 muito espa\u00e7o para organizar os seus objectos de forma eficiente. A sua constru\u00e7\u00e3o leve facilita o transporte e garante uma durabilidade excecional. Al\u00e9m disso, podem ser empilhados para maximizar o espa\u00e7o de armazenamento. Quer se trate de mercados, de charcutarias ou de distribui\u00e7\u00e3o, estas caixas responder\u00e3o perfeitamente \u00e0s suas necessidades.   <\/p>\n<p class=\"ai-optimize-30\">F\u00e1ceis de montar, est\u00e3o prontos a utilizar num piscar de olhos, simplificando a tua log\u00edstica.<\/p>\n<p>&nbsp;<\/p>\n<p><!--more--><\/p>\n<p class=\"ai-optimize-31\">A sua superf\u00edcie lisa permite uma rotulagem clara, ideal para a rastreabilidade. Em suma, ao escolher estas <strong>caixas de cart\u00e3o kraft<\/strong>, est\u00e1 a optar por uma solu\u00e7\u00e3o que respeita o ambiente, ao mesmo tempo que valoriza os seus produtos. <\/p>\n<p>&nbsp;<\/p>\n<p><!--more--><\/p>\n<p class=\"ai-optimize-32\"><strong>As suas vantagens:<\/strong><\/p>\n<ul>\n<li class=\"ai-optimize-33\"><strong>Robustez<\/strong>: Fabricados em cart\u00e3o kraft de alta qualidade, s\u00e3o resistentes aos choques e protegem eficazmente os teus produtos.<\/li>\n<li class=\"ai-optimize-34\"><strong>Dimens\u00f5es optimizadas<\/strong>: Com dimens\u00f5es de 658 x 425 x 95 mm, oferecem um espa\u00e7o amplo para uma grande variedade de produtos.<\/li>\n<li class=\"ai-optimize-35\"><strong>Est\u00e9tica natural<\/strong>: O acabamento kraft valoriza os produtos expostos.<\/li>\n<li class=\"ai-optimize-36\"><strong>Amigo do ambiente<\/strong>: Fabricado a partir de materiais recicl\u00e1veis, responde \u00e0s expectativas em termos de desenvolvimento sustent\u00e1vel.<\/li>\n<\/ul>\n<p>&nbsp;<\/p>\n<p><!--more--><\/p>\n<h4 class=\"ai-optimize-41\">Outras informa\u00e7\u00f5es :<\/h4>\n<ul>\n<li class=\"ai-optimize-42\"><strong>Embalagem<\/strong>: Pacote de 50<\/li>\n<li class=\"ai-optimize-43\"><strong>Dimens\u00f5es<\/strong>: 658 x 425 x 95 mm<\/li>\n<li class=\"ai-optimize-44\"><strong>Cor<\/strong>: Kraft<\/li>\n<li class=\"ai-optimize-45\"><strong>Material<\/strong>: Cart\u00e3o<\/li>\n<\/ul>\n<p>&nbsp;<\/p>\n<p><!--more--><\/p>\n<p class=\"ai-optimize-37\"><a href=\"https:\/\/www.csj-emballages.com\/pt-pt\/categorie-produit\/embalagem-de-alimentos\/talho-e-charcutaria\/tabuleiros-latas-e-frascos\/\">V\u00ea o resto da nossa gama de tabuleiros, latas e frascos<\/a><\/p>\n","protected":false},"excerpt":{"rendered":"<p>Caixa de cart\u00e3o Descri\u00e7\u00e3o da nossa caixa de cart\u00e3o kraft 658 x 425 x 95 mm exterior por 50<\/p>\n","protected":false},"featured_media":237541,"template":"","meta":{"_acf_changed":false},"product_brand":[],"product_cat":[1176,3882],"product_tag":[],"class_list":{"0":"post-126781","1":"product","2":"type-product","3":"status-publish","4":"has-post-thumbnail","6":"product_cat-talho-e-charcutaria","7":"product_cat-caixas-pt-pt-2","8":"product_shipping_class-nao-e-permitido-em-reles","10":"first","11":"instock","12":"taxable","13":"shipping-taxable","14":"purchasable","15":"product-type-simple"},"acf":[],"yoast_head":"<!-- This site is optimized with the Yoast SEO Premium plugin v26.6 (Yoast SEO v26.6) - https:\/\/yoast.com\/wordpress\/plugins\/seo\/ -->\n<title>Caixas de cart\u00e3o Kraft \/ CSJ Emballages<\/title>\n<meta name=\"description\" content=\"Compra caixas de cart\u00e3o kraft! Dimens\u00f5es: 637 x 420 x 90 mm. Embalado em pacotes de 50 caixas. Compra j\u00e1 no nosso site!\" \/>\n<meta name=\"robots\" content=\"index, follow, max-snippet:-1, max-image-preview:large, max-video-preview:-1\" \/>\n<link rel=\"canonical\" href=\"https:\/\/www.csj-emballages.com\/pt-pt\/produit\/50-caixas-de-cartao-kraft-637-x-420-x-90-mm\/\" \/>\n<meta property=\"og:locale\" content=\"pt_PT\" \/>\n<meta property=\"og:type\" content=\"article\" \/>\n<meta property=\"og:title\" content=\"Caixa de cart\u00e3o kraft 658 x 425 x 95 mm exterior por 50\" \/>\n<meta property=\"og:description\" content=\"Compra caixas de cart\u00e3o kraft! Dimens\u00f5es: 637 x 420 x 90 mm. Embalado em pacotes de 50 caixas. Compra j\u00e1 no nosso site!\" \/>\n<meta property=\"og:url\" content=\"https:\/\/www.csj-emballages.com\/pt-pt\/produit\/50-caixas-de-cartao-kraft-637-x-420-x-90-mm\/\" \/>\n<meta property=\"og:site_name\" content=\"CSJ Emballages\" \/>\n<meta property=\"article:publisher\" content=\"https:\/\/www.facebook.com\/csjemballages\" \/>\n<meta property=\"article:modified_time\" content=\"2026-05-07T00:12:58+00:00\" \/>\n<meta property=\"og:image\" content=\"https:\/\/www.csj-emballages.com\/wp-content\/uploads\/2024\/03\/CAGN2.webp\" \/>\n\t<meta property=\"og:image:width\" content=\"800\" \/>\n\t<meta property=\"og:image:height\" content=\"800\" \/>\n\t<meta property=\"og:image:type\" content=\"image\/webp\" \/>\n<meta name=\"twitter:card\" content=\"summary_large_image\" \/>\n<meta name=\"twitter:label1\" content=\"Tempo estimado de leitura\" \/>\n\t<meta name=\"twitter:data1\" content=\"2 minutos\" \/>\n<script type=\"application\/ld+json\" class=\"yoast-schema-graph\">{\"@context\":\"https:\/\/schema.org\",\"@graph\":[{\"@type\":\"WebPage\",\"@id\":\"https:\/\/www.csj-emballages.com\/pt-pt\/produit\/50-caixas-de-cartao-kraft-637-x-420-x-90-mm\/\",\"url\":\"https:\/\/www.csj-emballages.com\/pt-pt\/produit\/50-caixas-de-cartao-kraft-637-x-420-x-90-mm\/\",\"name\":\"Caixas de cart\u00e3o Kraft \/ CSJ Emballages\",\"isPartOf\":{\"@id\":\"https:\/\/www.csj-emballages.com\/pt-pt\/#website\"},\"primaryImageOfPage\":{\"@id\":\"https:\/\/www.csj-emballages.com\/pt-pt\/produit\/50-caixas-de-cartao-kraft-637-x-420-x-90-mm\/#primaryimage\"},\"image\":{\"@id\":\"https:\/\/www.csj-emballages.com\/pt-pt\/produit\/50-caixas-de-cartao-kraft-637-x-420-x-90-mm\/#primaryimage\"},\"thumbnailUrl\":\"https:\/\/www.csj-emballages.com\/wp-content\/uploads\/2024\/03\/CAGN2.webp\",\"datePublished\":\"2024-03-01T15:55:47+00:00\",\"dateModified\":\"2026-05-07T00:12:58+00:00\",\"description\":\"Compra caixas de cart\u00e3o kraft! Dimens\u00f5es: 637 x 420 x 90 mm. Embalado em pacotes de 50 caixas. Compra j\u00e1 no nosso site!\",\"breadcrumb\":{\"@id\":\"https:\/\/www.csj-emballages.com\/pt-pt\/produit\/50-caixas-de-cartao-kraft-637-x-420-x-90-mm\/#breadcrumb\"},\"inLanguage\":\"pt-PT\",\"potentialAction\":[{\"@type\":\"ReadAction\",\"target\":[\"https:\/\/www.csj-emballages.com\/pt-pt\/produit\/50-caixas-de-cartao-kraft-637-x-420-x-90-mm\/\"]}]},{\"@type\":\"ImageObject\",\"inLanguage\":\"pt-PT\",\"@id\":\"https:\/\/www.csj-emballages.com\/pt-pt\/produit\/50-caixas-de-cartao-kraft-637-x-420-x-90-mm\/#primaryimage\",\"url\":\"https:\/\/www.csj-emballages.com\/wp-content\/uploads\/2024\/03\/CAGN2.webp\",\"contentUrl\":\"https:\/\/www.csj-emballages.com\/wp-content\/uploads\/2024\/03\/CAGN2.webp\",\"width\":800,\"height\":800,\"caption\":\"Cagette carton\u00a0\"},{\"@type\":\"BreadcrumbList\",\"@id\":\"https:\/\/www.csj-emballages.com\/pt-pt\/produit\/50-caixas-de-cartao-kraft-637-x-420-x-90-mm\/#breadcrumb\",\"itemListElement\":[{\"@type\":\"ListItem\",\"position\":1,\"name\":\"Acolhimento\",\"item\":\"https:\/\/www.csj-emballages.com\/pt-pt\/universo-das-embalagens-alimentares\/\"},{\"@type\":\"ListItem\",\"position\":2,\"name\":\"Shop\",\"item\":\"https:\/\/www.csj-emballages.com\/shop\/\"},{\"@type\":\"ListItem\",\"position\":3,\"name\":\"Caixa de cart\u00e3o kraft 658 x 425 x 95 mm exterior por 50\"}]},{\"@type\":\"WebSite\",\"@id\":\"https:\/\/www.csj-emballages.com\/pt-pt\/#website\",\"url\":\"https:\/\/www.csj-emballages.com\/pt-pt\/\",\"name\":\"CSJ Emballages\",\"description\":\"\",\"publisher\":{\"@id\":\"https:\/\/www.csj-emballages.com\/pt-pt\/#organization\"},\"potentialAction\":[{\"@type\":\"SearchAction\",\"target\":{\"@type\":\"EntryPoint\",\"urlTemplate\":\"https:\/\/www.csj-emballages.com\/pt-pt\/?s={search_term_string}\"},\"query-input\":{\"@type\":\"PropertyValueSpecification\",\"valueRequired\":true,\"valueName\":\"search_term_string\"}}],\"inLanguage\":\"pt-PT\"},{\"@type\":\"Organization\",\"@id\":\"https:\/\/www.csj-emballages.com\/pt-pt\/#Organization\/\",\"name\":\"CSJ Emballages\",\"url\":\"https:\/\/www.csj-emballages.com\/pt-pt\/\",\"logo\":{\"@type\":\"ImageObject\",\"inLanguage\":\"pt-PT\",\"@id\":\"https:\/\/www.csj-emballages.com\/pt-pt\/#\/schema\/logo\/image\/\",\"url\":\"https:\/\/www.csj-emballages.com\/wp-content\/uploads\/2023\/10\/logo_csj.webp\",\"contentUrl\":\"https:\/\/www.csj-emballages.com\/wp-content\/uploads\/2023\/10\/logo_csj.webp\",\"width\":250,\"height\":95,\"caption\":\"CSJ Emballages\"},\"image\":{\"@id\":\"https:\/\/www.csj-emballages.com\/pt-pt\/#\/schema\/logo\/image\/\"},\"sameAs\":[\"https:\/\/www.facebook.com\/csjemballages\"],\"address\":{\"@type\":\"PostalAddress\",\"streetAddress\":\"ZI La Lechere\",\"addressLocality\":\"Patornay\",\"postalCode\":\"39130\",\"addressCountry\":\"FR\"},\"contactPoint\":[{\"@type\":\"ContactPoint\",\"contactType\":\"Service client\",\"telephone\":\"0384254272\",\"email\":\"contact@csj-emballages.com\"}]}]}<\/script>\n<!-- \/ Yoast SEO Premium plugin. -->","yoast_head_json":{"title":"Caixas de cart\u00e3o Kraft \/ CSJ Emballages","description":"Compra caixas de cart\u00e3o kraft! Dimens\u00f5es: 637 x 420 x 90 mm. Embalado em pacotes de 50 caixas. Compra j\u00e1 no nosso site!","robots":{"index":"index","follow":"follow","max-snippet":"max-snippet:-1","max-image-preview":"max-image-preview:large","max-video-preview":"max-video-preview:-1"},"canonical":"https:\/\/www.csj-emballages.com\/pt-pt\/produit\/50-caixas-de-cartao-kraft-637-x-420-x-90-mm\/","og_locale":"pt_PT","og_type":"article","og_title":"Caixa de cart\u00e3o kraft 658 x 425 x 95 mm exterior por 50","og_description":"Compra caixas de cart\u00e3o kraft! Dimens\u00f5es: 637 x 420 x 90 mm. Embalado em pacotes de 50 caixas. Compra j\u00e1 no nosso site!","og_url":"https:\/\/www.csj-emballages.com\/pt-pt\/produit\/50-caixas-de-cartao-kraft-637-x-420-x-90-mm\/","og_site_name":"CSJ Emballages","article_publisher":"https:\/\/www.facebook.com\/csjemballages","article_modified_time":"2026-05-07T00:12:58+00:00","og_image":[{"width":800,"height":800,"url":"https:\/\/www.csj-emballages.com\/wp-content\/uploads\/2024\/03\/CAGN2.webp","type":"image\/webp"}],"twitter_card":"summary_large_image","twitter_misc":{"Tempo estimado de leitura":"2 minutos"},"schema":{"@context":"https:\/\/schema.org","@graph":[{"@type":"WebPage","@id":"https:\/\/www.csj-emballages.com\/pt-pt\/produit\/50-caixas-de-cartao-kraft-637-x-420-x-90-mm\/","url":"https:\/\/www.csj-emballages.com\/pt-pt\/produit\/50-caixas-de-cartao-kraft-637-x-420-x-90-mm\/","name":"Caixas de cart\u00e3o Kraft \/ CSJ Emballages","isPartOf":{"@id":"https:\/\/www.csj-emballages.com\/pt-pt\/#website"},"primaryImageOfPage":{"@id":"https:\/\/www.csj-emballages.com\/pt-pt\/produit\/50-caixas-de-cartao-kraft-637-x-420-x-90-mm\/#primaryimage"},"image":{"@id":"https:\/\/www.csj-emballages.com\/pt-pt\/produit\/50-caixas-de-cartao-kraft-637-x-420-x-90-mm\/#primaryimage"},"thumbnailUrl":"https:\/\/www.csj-emballages.com\/wp-content\/uploads\/2024\/03\/CAGN2.webp","datePublished":"2024-03-01T15:55:47+00:00","dateModified":"2026-05-07T00:12:58+00:00","description":"Compra caixas de cart\u00e3o kraft! Dimens\u00f5es: 637 x 420 x 90 mm. Embalado em pacotes de 50 caixas. Compra j\u00e1 no nosso site!","breadcrumb":{"@id":"https:\/\/www.csj-emballages.com\/pt-pt\/produit\/50-caixas-de-cartao-kraft-637-x-420-x-90-mm\/#breadcrumb"},"inLanguage":"pt-PT","potentialAction":[{"@type":"ReadAction","target":["https:\/\/www.csj-emballages.com\/pt-pt\/produit\/50-caixas-de-cartao-kraft-637-x-420-x-90-mm\/"]}]},{"@type":"ImageObject","inLanguage":"pt-PT","@id":"https:\/\/www.csj-emballages.com\/pt-pt\/produit\/50-caixas-de-cartao-kraft-637-x-420-x-90-mm\/#primaryimage","url":"https:\/\/www.csj-emballages.com\/wp-content\/uploads\/2024\/03\/CAGN2.webp","contentUrl":"https:\/\/www.csj-emballages.com\/wp-content\/uploads\/2024\/03\/CAGN2.webp","width":800,"height":800,"caption":"Cagette carton\u00a0"},{"@type":"BreadcrumbList","@id":"https:\/\/www.csj-emballages.com\/pt-pt\/produit\/50-caixas-de-cartao-kraft-637-x-420-x-90-mm\/#breadcrumb","itemListElement":[{"@type":"ListItem","position":1,"name":"Acolhimento","item":"https:\/\/www.csj-emballages.com\/pt-pt\/universo-das-embalagens-alimentares\/"},{"@type":"ListItem","position":2,"name":"Shop","item":"https:\/\/www.csj-emballages.com\/shop\/"},{"@type":"ListItem","position":3,"name":"Caixa de cart\u00e3o kraft 658 x 425 x 95 mm exterior por 50"}]},{"@type":"WebSite","@id":"https:\/\/www.csj-emballages.com\/pt-pt\/#website","url":"https:\/\/www.csj-emballages.com\/pt-pt\/","name":"CSJ Emballages","description":"","publisher":{"@id":"https:\/\/www.csj-emballages.com\/pt-pt\/#organization"},"potentialAction":[{"@type":"SearchAction","target":{"@type":"EntryPoint","urlTemplate":"https:\/\/www.csj-emballages.com\/pt-pt\/?s={search_term_string}"},"query-input":{"@type":"PropertyValueSpecification","valueRequired":true,"valueName":"search_term_string"}}],"inLanguage":"pt-PT"},{"@type":"Organization","@id":"https:\/\/www.csj-emballages.com\/pt-pt\/#Organization\/","name":"CSJ Emballages","url":"https:\/\/www.csj-emballages.com\/pt-pt\/","logo":{"@type":"ImageObject","inLanguage":"pt-PT","@id":"https:\/\/www.csj-emballages.com\/pt-pt\/#\/schema\/logo\/image\/","url":"https:\/\/www.csj-emballages.com\/wp-content\/uploads\/2023\/10\/logo_csj.webp","contentUrl":"https:\/\/www.csj-emballages.com\/wp-content\/uploads\/2023\/10\/logo_csj.webp","width":250,"height":95,"caption":"CSJ Emballages"},"image":{"@id":"https:\/\/www.csj-emballages.com\/pt-pt\/#\/schema\/logo\/image\/"},"sameAs":["https:\/\/www.facebook.com\/csjemballages"],"address":{"@type":"PostalAddress","streetAddress":"ZI La Lechere","addressLocality":"Patornay","postalCode":"39130","addressCountry":"FR"},"contactPoint":[{"@type":"ContactPoint","contactType":"Service client","telephone":"0384254272","email":"contact@csj-emballages.com"}]}]}},"df_price":44.92,"df_sale_price":"","df_regular_price":44.92,"df_image_link":"https:\/\/www.csj-emballages.com\/wp-content\/uploads\/2024\/03\/CAGN2-300x300.webp","tiered_pricing_type":"fixed","tiered_pricing_fixed_rules":[],"tiered_pricing_percentage_rules":[],"tiered_pricing_minimum":1,"tiered_pricing_roles_data":[],"_links":{"self":[{"href":"https:\/\/www.csj-emballages.com\/pt-pt\/wp-json\/wp\/v2\/product\/126781","targetHints":{"allow":["GET"]}}],"collection":[{"href":"https:\/\/www.csj-emballages.com\/pt-pt\/wp-json\/wp\/v2\/product"}],"about":[{"href":"https:\/\/www.csj-emballages.com\/pt-pt\/wp-json\/wp\/v2\/types\/product"}],"wp:featuredmedia":[{"embeddable":true,"href":"https:\/\/www.csj-emballages.com\/pt-pt\/wp-json\/wp\/v2\/media\/237541"}],"wp:attachment":[{"href":"https:\/\/www.csj-emballages.com\/pt-pt\/wp-json\/wp\/v2\/media?parent=126781"}],"wp:term":[{"taxonomy":"product_brand","embeddable":true,"href":"https:\/\/www.csj-emballages.com\/pt-pt\/wp-json\/wp\/v2\/product_brand?post=126781"},{"taxonomy":"product_cat","embeddable":true,"href":"https:\/\/www.csj-emballages.com\/pt-pt\/wp-json\/wp\/v2\/product_cat?post=126781"},{"taxonomy":"product_tag","embeddable":true,"href":"https:\/\/www.csj-emballages.com\/pt-pt\/wp-json\/wp\/v2\/product_tag?post=126781"}],"curies":[{"name":"wp","href":"https:\/\/api.w.org\/{rel}","templated":true}]}}