{"id":126760,"date":"2024-03-01T16:55:50","date_gmt":"2024-03-01T15:55:50","guid":{"rendered":"https:\/\/www.csj-emballages.com\/produit\/50-baldes-de-cartao-descartaveis-baldes-asas-de-galinha-250-litros\/"},"modified":"2026-03-12T16:18:22","modified_gmt":"2026-03-12T15:18:22","slug":"50-baldes-de-cartao-descartaveis-baldes-asas-de-galinha-250-litros","status":"publish","type":"product","link":"https:\/\/www.csj-emballages.com\/pt-pt\/produit\/50-baldes-de-cartao-descartaveis-baldes-asas-de-galinha-250-litros\/","title":{"rendered":"Balde de pipocas \/ frango em caixa de cart\u00e3o 2,50 litros por 50"},"content":{"rendered":"<h2>Frango de balde<\/h2>\n<hr>\n<h3>Descri\u00e7\u00e3o do nosso balde de pipocas \/ frango em caixa de cart\u00e3o 2,50 litros por 50<\/h3>\n<p><!--more--><\/p>\n<p data-start=\"165\" data-end=\"477\">O <strong>balde de cart\u00e3o para pipocas\/galinha de 2,5 litros<\/strong> \u00e9 a embalagem perfeita para os profissionais da restaura\u00e7\u00e3o r\u00e1pida, food trucks, cinemas ou bancas de snacks. Pr\u00e1tico, resistente e atraente, foi concebido para oferecer uma solu\u00e7\u00e3o de embalagem vers\u00e1til. <\/p>\n<p data-start=\"479\" data-end=\"818\">Com <strong>uma capacidade de 2,5 litros<\/strong>, este <strong>balde de cart\u00e3o<\/strong> facilita o servi\u00e7o de por\u00e7\u00f5es generosas de <strong>frango<\/strong> <strong>frito<\/strong>, <strong>pipocas<\/strong>, <strong>nuggets<\/strong> ou <strong>batatas fritas<\/strong>. A sua constru\u00e7\u00e3o em <strong>cart\u00e3o<\/strong> espesso e r\u00edgido garante uma excelente resist\u00eancia ao calor e \u00e0 gordura, mantendo os alimentos estaladi\u00e7os durante mais tempo. <\/p>\n<p data-start=\"820\" data-end=\"1168\">Da mesma forma, o seu design simples e profissional adapta-se a qualquer ambiente: quer esteja a servir no local ou a levar para fora, mostrar\u00e1 as suas prepara\u00e7\u00f5es da melhor forma, garantindo aos seus clientes a facilidade de utiliza\u00e7\u00e3o. O seu formato empilh\u00e1vel facilita a poupan\u00e7a de espa\u00e7o de armazenamento, um trunfo inestim\u00e1vel para cozinhas muito ocupadas. <\/p>\n<p data-start=\"1170\" data-end=\"1488\">Outra vantagem significativa \u00e9 o facto de o <strong>balde<\/strong> ser <strong>amigo do ambiente e recicl\u00e1vel<\/strong>, o que o torna parte de uma abordagem respons\u00e1vel sem comprometer a qualidade do servi\u00e7o. Gra\u00e7as \u00e0 sua composi\u00e7\u00e3o sem pl\u00e1stico, pode demonstrar o seu compromisso para com o ambiente, satisfazendo simultaneamente as expectativas dos consumidores modernos. <\/p>\n<p data-start=\"1490\" data-end=\"1710\">Em suma, este <strong>balde de cart\u00e3o de 2,5 litros <\/strong>\u00e9 a combina\u00e7\u00e3o perfeita de praticidade, robustez e respeito pelo ambiente. \u00c9 um must-have para qualquer marca que pretenda combinar desempenho com uma imagem cuidada. <\/p>\n<p data-start=\"1490\" data-end=\"1710\"><!--more--><\/p>\n<h4 data-start=\"1490\" data-end=\"1710\">Vantagens :<\/h4>\n<ul>\n<li data-start=\"1755\" data-end=\"1840\">Grande capacidade de <strong data-start=\"1776\" data-end=\"1790\">2,5 litros<\/strong>, ideal para partilhar ou para menus gourmet.<\/li>\n<li data-start=\"1843\" data-end=\"1907\"><strong data-start=\"1845\" data-end=\"1875\">Cart\u00e3o r\u00edgido, resistente ao<\/strong> calor e <strong data-start=\"1845\" data-end=\"1875\">\u00e0<\/strong> gordura.<\/li>\n<li data-start=\"1910\" data-end=\"1964\"><strong data-start=\"1912\" data-end=\"1925\">Empilh\u00e1vel<\/strong> para uma arruma\u00e7\u00e3o r\u00e1pida e f\u00e1cil.<\/li>\n<li data-start=\"1967\" data-end=\"2022\"><strong data-start=\"1969\" data-end=\"1983\">Amigo do ambiente<\/strong>, 100% recicl\u00e1vel e sem pl\u00e1stico.<\/li>\n<li data-start=\"2025\" data-end=\"2109\"><strong>Vers\u00e1til<\/strong>: adequado para <strong data-start=\"2050\" data-end=\"2086\">frango, pipocas, batatas fritas, nuggets<\/strong> e muito mais.<\/li>\n<\/ul>\n<p data-start=\"1490\" data-end=\"1710\"><!--more--><\/p>\n<h4>Outras informa\u00e7\u00f5es :<\/h4>\n<ul>\n<li><strong>Embalagem<\/strong>: Embalagem de 50 + tampas<\/li>\n<li><span style=\"text-indent: 0pt; font-weight: bold;\">Volume<\/span><span style=\"text-indent: 0pt;\"> 2500 ml<\/span><\/li>\n<li><span style=\"text-indent: 0pt; font-weight: bold;\">Dimens\u00f5es<\/span><span style=\"text-indent: 0pt;\"> 180 mm x 140 mm x 150 mm (\u00d8 teto x \u00d8 fundo x H em mm)<\/span><\/li>\n<li><span style=\"text-indent: 0pt;\"> <\/span><span style=\"text-indent: 0pt;\"><span style=\"font-weight: bold;\">Material<\/span>: Cart\u00e3o<\/span><\/li>\n<\/ul>\n<p>&nbsp;<\/p>\n<p><!--more--><\/p>\n<p>Este balde de 2,5 litros tamb\u00e9m est\u00e1 dispon\u00edvel numa vers\u00e3o de 4,5 litros: <span style=\"color: #d12727;\"><a style=\"color: #d12727;\" href=\"https:\/\/www.csj-emballages.com\/es\/produit\/50-cubos-de-carton-desechables-seaux-alas-de-pollo-450-litros\/\">BUCK150<\/a><\/span><\/p>\n<p>&nbsp;<\/p>\n<p><!--more--><\/p>\n<p><a href=\"https:\/\/www.csj-emballages.com\/pt-pt\/categorie-produit\/embalagem-de-alimentos\/restauracao\/caixas-tabuleiros-bolsas-cones\/cones-e-tachos-de-massa-envoltorio-milho\/baldes-pt-pt-2\/\">V\u00ea o resto da nossa gama de baldes<\/a><\/p>\n","protected":false},"excerpt":{"rendered":"<p>Frango de balde Descri\u00e7\u00e3o do nosso balde de pipocas \/ frango em caixa de cart\u00e3o 2,50 litros por 50<\/p>\n","protected":false},"featured_media":220627,"template":"","meta":{"_acf_changed":false},"product_brand":[],"product_cat":[1141,1138,3926,2409,7536,2410],"product_tag":[],"class_list":{"0":"post-126760","1":"product","2":"type-product","3":"status-publish","4":"has-post-thumbnail","6":"product_cat-embalagem-de-alimentos","7":"product_cat-restauracao","8":"product_cat-caixas-tabuleiros-bolsas-cones","9":"product_cat-cones-e-tachos-de-massa-envoltorio-milho","10":"product_cat-baldes-pt-pt-2","11":"product_cat-potes-de-pipocas","13":"first","14":"instock","15":"taxable","16":"shipping-taxable","17":"purchasable","18":"product-type-simple"},"acf":[],"yoast_head":"<!-- This site is optimized with the Yoast SEO Premium plugin v26.6 (Yoast SEO v26.6) - https:\/\/yoast.com\/wordpress\/plugins\/seo\/ -->\n<title>Balde de pipocas \/ Caixa de cart\u00e3o de frango 2,50 litros por 50<\/title>\n<meta name=\"description\" content=\"Descubra o nosso balde de pipocas \/ frango numa embalagem de 2500 ml! Ideal para servir por\u00e7\u00f5es generosas de frango frito ou pipocas.\" \/>\n<meta name=\"robots\" content=\"index, follow, max-snippet:-1, max-image-preview:large, max-video-preview:-1\" \/>\n<link rel=\"canonical\" href=\"https:\/\/www.csj-emballages.com\/pt-pt\/produit\/50-baldes-de-cartao-descartaveis-baldes-asas-de-galinha-250-litros\/\" \/>\n<meta property=\"og:locale\" content=\"pt_PT\" \/>\n<meta property=\"og:type\" content=\"article\" \/>\n<meta property=\"og:title\" content=\"Balde de pipocas \/ frango em caixa de cart\u00e3o 2,50 litros por 50\" \/>\n<meta property=\"og:description\" content=\"Descubra o nosso balde de pipocas \/ frango numa embalagem de 2500 ml! Ideal para servir por\u00e7\u00f5es generosas de frango frito ou pipocas.\" \/>\n<meta property=\"og:url\" content=\"https:\/\/www.csj-emballages.com\/pt-pt\/produit\/50-baldes-de-cartao-descartaveis-baldes-asas-de-galinha-250-litros\/\" \/>\n<meta property=\"og:site_name\" content=\"CSJ Emballages\" \/>\n<meta property=\"article:publisher\" content=\"https:\/\/www.facebook.com\/csjemballages\" \/>\n<meta property=\"article:modified_time\" content=\"2026-03-12T15:18:22+00:00\" \/>\n<meta property=\"og:image\" content=\"https:\/\/www.csj-emballages.com\/wp-content\/uploads\/2024\/03\/BUCK85-1.webp\" \/>\n\t<meta property=\"og:image:width\" content=\"800\" \/>\n\t<meta property=\"og:image:height\" content=\"800\" \/>\n\t<meta property=\"og:image:type\" content=\"image\/webp\" \/>\n<meta name=\"twitter:card\" content=\"summary_large_image\" \/>\n<meta name=\"twitter:label1\" content=\"Tempo estimado de leitura\" \/>\n\t<meta name=\"twitter:data1\" content=\"2 minutos\" \/>\n<script type=\"application\/ld+json\" class=\"yoast-schema-graph\">{\"@context\":\"https:\/\/schema.org\",\"@graph\":[{\"@type\":\"WebPage\",\"@id\":\"https:\/\/www.csj-emballages.com\/pt-pt\/produit\/50-baldes-de-cartao-descartaveis-baldes-asas-de-galinha-250-litros\/\",\"url\":\"https:\/\/www.csj-emballages.com\/pt-pt\/produit\/50-baldes-de-cartao-descartaveis-baldes-asas-de-galinha-250-litros\/\",\"name\":\"Balde de pipocas \/ Caixa de cart\u00e3o de frango 2,50 litros por 50\",\"isPartOf\":{\"@id\":\"https:\/\/www.csj-emballages.com\/pt-pt\/#website\"},\"primaryImageOfPage\":{\"@id\":\"https:\/\/www.csj-emballages.com\/pt-pt\/produit\/50-baldes-de-cartao-descartaveis-baldes-asas-de-galinha-250-litros\/#primaryimage\"},\"image\":{\"@id\":\"https:\/\/www.csj-emballages.com\/pt-pt\/produit\/50-baldes-de-cartao-descartaveis-baldes-asas-de-galinha-250-litros\/#primaryimage\"},\"thumbnailUrl\":\"https:\/\/www.csj-emballages.com\/wp-content\/uploads\/2024\/03\/BUCK85-1.webp\",\"datePublished\":\"2024-03-01T15:55:50+00:00\",\"dateModified\":\"2026-03-12T15:18:22+00:00\",\"description\":\"Descubra o nosso balde de pipocas \/ frango numa embalagem de 2500 ml! Ideal para servir por\u00e7\u00f5es generosas de frango frito ou pipocas.\",\"breadcrumb\":{\"@id\":\"https:\/\/www.csj-emballages.com\/pt-pt\/produit\/50-baldes-de-cartao-descartaveis-baldes-asas-de-galinha-250-litros\/#breadcrumb\"},\"inLanguage\":\"pt-PT\",\"potentialAction\":[{\"@type\":\"ReadAction\",\"target\":[\"https:\/\/www.csj-emballages.com\/pt-pt\/produit\/50-baldes-de-cartao-descartaveis-baldes-asas-de-galinha-250-litros\/\"]}]},{\"@type\":\"ImageObject\",\"inLanguage\":\"pt-PT\",\"@id\":\"https:\/\/www.csj-emballages.com\/pt-pt\/produit\/50-baldes-de-cartao-descartaveis-baldes-asas-de-galinha-250-litros\/#primaryimage\",\"url\":\"https:\/\/www.csj-emballages.com\/wp-content\/uploads\/2024\/03\/BUCK85-1.webp\",\"contentUrl\":\"https:\/\/www.csj-emballages.com\/wp-content\/uploads\/2024\/03\/BUCK85-1.webp\",\"width\":800,\"height\":800,\"caption\":\"Bucket poulet\"},{\"@type\":\"BreadcrumbList\",\"@id\":\"https:\/\/www.csj-emballages.com\/pt-pt\/produit\/50-baldes-de-cartao-descartaveis-baldes-asas-de-galinha-250-litros\/#breadcrumb\",\"itemListElement\":[{\"@type\":\"ListItem\",\"position\":1,\"name\":\"Acolhimento\",\"item\":\"https:\/\/www.csj-emballages.com\/pt-pt\/universo-das-embalagens-alimentares\/\"},{\"@type\":\"ListItem\",\"position\":2,\"name\":\"Shop\",\"item\":\"https:\/\/www.csj-emballages.com\/shop\/\"},{\"@type\":\"ListItem\",\"position\":3,\"name\":\"Balde de pipocas \/ frango em caixa de cart\u00e3o 2,50 litros por 50\"}]},{\"@type\":\"WebSite\",\"@id\":\"https:\/\/www.csj-emballages.com\/pt-pt\/#website\",\"url\":\"https:\/\/www.csj-emballages.com\/pt-pt\/\",\"name\":\"CSJ Emballages\",\"description\":\"\",\"publisher\":{\"@id\":\"https:\/\/www.csj-emballages.com\/pt-pt\/#organization\"},\"potentialAction\":[{\"@type\":\"SearchAction\",\"target\":{\"@type\":\"EntryPoint\",\"urlTemplate\":\"https:\/\/www.csj-emballages.com\/pt-pt\/?s={search_term_string}\"},\"query-input\":{\"@type\":\"PropertyValueSpecification\",\"valueRequired\":true,\"valueName\":\"search_term_string\"}}],\"inLanguage\":\"pt-PT\"},{\"@type\":\"Organization\",\"@id\":\"https:\/\/www.csj-emballages.com\/pt-pt\/#Organization\/\",\"name\":\"CSJ Emballages\",\"url\":\"https:\/\/www.csj-emballages.com\/pt-pt\/\",\"logo\":{\"@type\":\"ImageObject\",\"inLanguage\":\"pt-PT\",\"@id\":\"https:\/\/www.csj-emballages.com\/pt-pt\/#\/schema\/logo\/image\/\",\"url\":\"https:\/\/www.csj-emballages.com\/wp-content\/uploads\/2023\/10\/logo_csj.webp\",\"contentUrl\":\"https:\/\/www.csj-emballages.com\/wp-content\/uploads\/2023\/10\/logo_csj.webp\",\"width\":250,\"height\":95,\"caption\":\"CSJ Emballages\"},\"image\":{\"@id\":\"https:\/\/www.csj-emballages.com\/pt-pt\/#\/schema\/logo\/image\/\"},\"sameAs\":[\"https:\/\/www.facebook.com\/csjemballages\"],\"address\":{\"@type\":\"PostalAddress\",\"streetAddress\":\"ZI La Lechere\",\"addressLocality\":\"Patornay\",\"postalCode\":\"39130\",\"addressCountry\":\"FR\"},\"contactPoint\":[{\"@type\":\"ContactPoint\",\"contactType\":\"Service client\",\"telephone\":\"0384254272\",\"email\":\"contact@csj-emballages.com\"}]}]}<\/script>\n<!-- \/ Yoast SEO Premium plugin. -->","yoast_head_json":{"title":"Balde de pipocas \/ Caixa de cart\u00e3o de frango 2,50 litros por 50","description":"Descubra o nosso balde de pipocas \/ frango numa embalagem de 2500 ml! Ideal para servir por\u00e7\u00f5es generosas de frango frito ou pipocas.","robots":{"index":"index","follow":"follow","max-snippet":"max-snippet:-1","max-image-preview":"max-image-preview:large","max-video-preview":"max-video-preview:-1"},"canonical":"https:\/\/www.csj-emballages.com\/pt-pt\/produit\/50-baldes-de-cartao-descartaveis-baldes-asas-de-galinha-250-litros\/","og_locale":"pt_PT","og_type":"article","og_title":"Balde de pipocas \/ frango em caixa de cart\u00e3o 2,50 litros por 50","og_description":"Descubra o nosso balde de pipocas \/ frango numa embalagem de 2500 ml! Ideal para servir por\u00e7\u00f5es generosas de frango frito ou pipocas.","og_url":"https:\/\/www.csj-emballages.com\/pt-pt\/produit\/50-baldes-de-cartao-descartaveis-baldes-asas-de-galinha-250-litros\/","og_site_name":"CSJ Emballages","article_publisher":"https:\/\/www.facebook.com\/csjemballages","article_modified_time":"2026-03-12T15:18:22+00:00","og_image":[{"width":800,"height":800,"url":"https:\/\/www.csj-emballages.com\/wp-content\/uploads\/2024\/03\/BUCK85-1.webp","type":"image\/webp"}],"twitter_card":"summary_large_image","twitter_misc":{"Tempo estimado de leitura":"2 minutos"},"schema":{"@context":"https:\/\/schema.org","@graph":[{"@type":"WebPage","@id":"https:\/\/www.csj-emballages.com\/pt-pt\/produit\/50-baldes-de-cartao-descartaveis-baldes-asas-de-galinha-250-litros\/","url":"https:\/\/www.csj-emballages.com\/pt-pt\/produit\/50-baldes-de-cartao-descartaveis-baldes-asas-de-galinha-250-litros\/","name":"Balde de pipocas \/ Caixa de cart\u00e3o de frango 2,50 litros por 50","isPartOf":{"@id":"https:\/\/www.csj-emballages.com\/pt-pt\/#website"},"primaryImageOfPage":{"@id":"https:\/\/www.csj-emballages.com\/pt-pt\/produit\/50-baldes-de-cartao-descartaveis-baldes-asas-de-galinha-250-litros\/#primaryimage"},"image":{"@id":"https:\/\/www.csj-emballages.com\/pt-pt\/produit\/50-baldes-de-cartao-descartaveis-baldes-asas-de-galinha-250-litros\/#primaryimage"},"thumbnailUrl":"https:\/\/www.csj-emballages.com\/wp-content\/uploads\/2024\/03\/BUCK85-1.webp","datePublished":"2024-03-01T15:55:50+00:00","dateModified":"2026-03-12T15:18:22+00:00","description":"Descubra o nosso balde de pipocas \/ frango numa embalagem de 2500 ml! Ideal para servir por\u00e7\u00f5es generosas de frango frito ou pipocas.","breadcrumb":{"@id":"https:\/\/www.csj-emballages.com\/pt-pt\/produit\/50-baldes-de-cartao-descartaveis-baldes-asas-de-galinha-250-litros\/#breadcrumb"},"inLanguage":"pt-PT","potentialAction":[{"@type":"ReadAction","target":["https:\/\/www.csj-emballages.com\/pt-pt\/produit\/50-baldes-de-cartao-descartaveis-baldes-asas-de-galinha-250-litros\/"]}]},{"@type":"ImageObject","inLanguage":"pt-PT","@id":"https:\/\/www.csj-emballages.com\/pt-pt\/produit\/50-baldes-de-cartao-descartaveis-baldes-asas-de-galinha-250-litros\/#primaryimage","url":"https:\/\/www.csj-emballages.com\/wp-content\/uploads\/2024\/03\/BUCK85-1.webp","contentUrl":"https:\/\/www.csj-emballages.com\/wp-content\/uploads\/2024\/03\/BUCK85-1.webp","width":800,"height":800,"caption":"Bucket poulet"},{"@type":"BreadcrumbList","@id":"https:\/\/www.csj-emballages.com\/pt-pt\/produit\/50-baldes-de-cartao-descartaveis-baldes-asas-de-galinha-250-litros\/#breadcrumb","itemListElement":[{"@type":"ListItem","position":1,"name":"Acolhimento","item":"https:\/\/www.csj-emballages.com\/pt-pt\/universo-das-embalagens-alimentares\/"},{"@type":"ListItem","position":2,"name":"Shop","item":"https:\/\/www.csj-emballages.com\/shop\/"},{"@type":"ListItem","position":3,"name":"Balde de pipocas \/ frango em caixa de cart\u00e3o 2,50 litros por 50"}]},{"@type":"WebSite","@id":"https:\/\/www.csj-emballages.com\/pt-pt\/#website","url":"https:\/\/www.csj-emballages.com\/pt-pt\/","name":"CSJ Emballages","description":"","publisher":{"@id":"https:\/\/www.csj-emballages.com\/pt-pt\/#organization"},"potentialAction":[{"@type":"SearchAction","target":{"@type":"EntryPoint","urlTemplate":"https:\/\/www.csj-emballages.com\/pt-pt\/?s={search_term_string}"},"query-input":{"@type":"PropertyValueSpecification","valueRequired":true,"valueName":"search_term_string"}}],"inLanguage":"pt-PT"},{"@type":"Organization","@id":"https:\/\/www.csj-emballages.com\/pt-pt\/#Organization\/","name":"CSJ Emballages","url":"https:\/\/www.csj-emballages.com\/pt-pt\/","logo":{"@type":"ImageObject","inLanguage":"pt-PT","@id":"https:\/\/www.csj-emballages.com\/pt-pt\/#\/schema\/logo\/image\/","url":"https:\/\/www.csj-emballages.com\/wp-content\/uploads\/2023\/10\/logo_csj.webp","contentUrl":"https:\/\/www.csj-emballages.com\/wp-content\/uploads\/2023\/10\/logo_csj.webp","width":250,"height":95,"caption":"CSJ Emballages"},"image":{"@id":"https:\/\/www.csj-emballages.com\/pt-pt\/#\/schema\/logo\/image\/"},"sameAs":["https:\/\/www.facebook.com\/csjemballages"],"address":{"@type":"PostalAddress","streetAddress":"ZI La Lechere","addressLocality":"Patornay","postalCode":"39130","addressCountry":"FR"},"contactPoint":[{"@type":"ContactPoint","contactType":"Service client","telephone":"0384254272","email":"contact@csj-emballages.com"}]}]}},"df_price":27.05,"df_sale_price":"","df_regular_price":27.05,"df_image_link":"https:\/\/www.csj-emballages.com\/wp-content\/uploads\/2024\/03\/BUCK85-1-300x300.webp","tiered_pricing_type":"fixed","tiered_pricing_fixed_rules":[],"tiered_pricing_percentage_rules":[],"tiered_pricing_minimum":1,"tiered_pricing_roles_data":[],"_links":{"self":[{"href":"https:\/\/www.csj-emballages.com\/pt-pt\/wp-json\/wp\/v2\/product\/126760","targetHints":{"allow":["GET"]}}],"collection":[{"href":"https:\/\/www.csj-emballages.com\/pt-pt\/wp-json\/wp\/v2\/product"}],"about":[{"href":"https:\/\/www.csj-emballages.com\/pt-pt\/wp-json\/wp\/v2\/types\/product"}],"wp:featuredmedia":[{"embeddable":true,"href":"https:\/\/www.csj-emballages.com\/pt-pt\/wp-json\/wp\/v2\/media\/220627"}],"wp:attachment":[{"href":"https:\/\/www.csj-emballages.com\/pt-pt\/wp-json\/wp\/v2\/media?parent=126760"}],"wp:term":[{"taxonomy":"product_brand","embeddable":true,"href":"https:\/\/www.csj-emballages.com\/pt-pt\/wp-json\/wp\/v2\/product_brand?post=126760"},{"taxonomy":"product_cat","embeddable":true,"href":"https:\/\/www.csj-emballages.com\/pt-pt\/wp-json\/wp\/v2\/product_cat?post=126760"},{"taxonomy":"product_tag","embeddable":true,"href":"https:\/\/www.csj-emballages.com\/pt-pt\/wp-json\/wp\/v2\/product_tag?post=126760"}],"curies":[{"name":"wp","href":"https:\/\/api.w.org\/{rel}","templated":true}]}}