{"id":126751,"date":"2024-03-01T16:55:41","date_gmt":"2024-03-01T15:55:41","guid":{"rendered":"https:\/\/www.csj-emballages.com\/produit\/100-colheres-de-gelo-de-madeira-95-mm\/"},"modified":"2026-05-12T02:12:16","modified_gmt":"2026-05-12T00:12:16","slug":"100-colheres-de-gelo-de-madeira-95-mm","status":"publish","type":"product","link":"https:\/\/www.csj-emballages.com\/pt-pt\/produit\/100-colheres-de-gelo-de-madeira-95-mm\/","title":{"rendered":"Colher de madeira para gelados 95 mm por 100"},"content":{"rendered":"<h2>Colher de gelado<\/h2>\n<hr>\n<h3>Descri\u00e7\u00e3o da nossa colher de madeira para gelados 95 mm por 100<\/h3>\n<p><!--more--><\/p>\n<div class=\"flex-1 overflow-hidden\">\n<div class=\"h-full\">\n<div class=\"react-scroll-to-bottom--css-xchic-79elbk h-full\">\n<div class=\"react-scroll-to-bottom--css-xchic-1n7m0yu\">\n<div class=\"flex flex-col text-sm md:pb-9\">\n<article class=\"w-full text-token-text-primary focus-visible:outline-2 focus-visible:outline-offset-[-4px]\" dir=\"auto\" data-testid=\"conversation-turn-3\" data-scroll-anchor=\"true\">\n<div class=\"text-base py-[18px] px-3 md:px-4 m-auto md:px-5 lg:px-1 xl:px-5 w-full px-3 lg:px-0\">\n<div class=\"mx-auto flex flex-1 gap-4 text-base md:gap-5 lg:gap-6 md:max-w-3xl lg:max-w-[40rem] xl:max-w-[48rem]\">\n<div class=\"group\/conversation-turn relative flex w-full min-w-0 flex-col agent-turn\">\n<div class=\"flex-col gap-1 md:gap-3\">\n<div class=\"flex max-w-full flex-col flex-grow\">\n<div class=\"min-h-[20px] text-message flex w-full flex-col items-end gap-2 break-words [.text-message+&amp;]:mt-5 overflow-x-auto whitespace-normal\" dir=\"auto\" data-message-author-role=\"assistant\" data-message-id=\"a54aa03a-5e94-47c0-989e-2a8a7443830c\">\n<div class=\"flex w-full flex-col gap-1 empty:hidden first:pt-[3px]\">\n<div class=\"result-streaming markdown prose w-full break-words dark:prose-invert light\">\n<p data-start=\"228\" data-end=\"638\">Se gosta de servir os seus gelados ou sobremesas com um toque de autenticidade, estas <strong>colheres de madeira de<\/strong> <strong data-start=\"332\" data-end=\"341\">95 mm<\/strong> v\u00e3o certamente agradar-lhe. O seu tamanho compacto adapta-se perfeitamente \u00e0 m\u00e3o e \u00e9 agradavelmente diferente do pl\u00e1stico tradicional. A <strong>madeira lisa<\/strong> confere um toque quente, quase caseiro, que combina t\u00e3o bem com uma bola de gelado caseiro como com uma sobremesa para levar.  <\/p>\n<p data-start=\"640\" data-end=\"1031\">A sua forma <strong>plana<\/strong> facilita a remo\u00e7\u00e3o de gelado, sorvete, mousse ou creme sem quebrar a textura. S\u00e3o leves, pr\u00e1ticas e suficientemente fortes para resistir ao frio e a uma utiliza\u00e7\u00e3o r\u00e1pida. \u00c9 o acess\u00f3rio simples mas essencial perfeito para gelatarias, cami\u00f5es de transporte de alimentos, padarias, sal\u00f5es de ch\u00e1 ou eventos onde s\u00e3o servidas por\u00e7\u00f5es individuais.  <\/p>\n<p data-start=\"1033\" data-end=\"1345\">Ao escolher um <strong data-start=\"1051\" data-end=\"1065\">pacote de 100<\/strong>, tem a certeza de n\u00e3o ficar sem stock, mantendo um formato compacto que \u00e9 f\u00e1cil de armazenar. Quer esteja a servir no local ou a levar, estas colheres acompanhar\u00e3o os seus pratos sem desviar a aten\u00e7\u00e3o: destacam o produto respeitando o ambiente. <\/p>\n<p data-start=\"1347\" data-end=\"1569\">E porque s\u00e3o feitos de <strong>madeira natural<\/strong>, enquadram-se perfeitamente numa abordagem mais respons\u00e1vel. Sem odores, sem sabores estranhos, apenas o essencial: um utens\u00edlio simples, limpo e agrad\u00e1vel de utilizar. <\/p>\n<p data-start=\"1571\" data-end=\"1692\">Em suma, estas <strong>pequenas colheres de gelado de madeira<\/strong> oferecem uma alternativa verdadeiramente ecol\u00f3gica e elegante, sem sacrificar a praticidade.<\/p>\n<p data-start=\"1571\" data-end=\"1692\">\n<\/div>\n<\/div>\n<\/div>\n<\/div>\n<\/div>\n<\/div>\n<\/div>\n<\/div>\n<\/article>\n<\/div>\n<\/div>\n<\/div>\n<\/div>\n<\/div>\n<p><!--more--><\/p>\n<p><strong>Vantagens :<\/strong><\/p>\n<ul>\n<li data-start=\"1720\" data-end=\"1762\">Toque natural e agrad\u00e1vel na m\u00e3o.<\/li>\n<li data-start=\"1765\" data-end=\"1823\"><strong>Forma plana<\/strong> ideal para gelados e sobremesas cremosas.<\/li>\n<li data-start=\"1826\" data-end=\"1859\">Madeira suave, ins\u00edpida e inodora.<\/li>\n<li data-start=\"1862\" data-end=\"1883\">Forte e leve.<\/li>\n<li data-start=\"1886\" data-end=\"1926\">Pr\u00e1tica <strong>embalagem de 100 unidades<\/strong> para uso profissional.<\/li>\n<li data-start=\"1929\" data-end=\"1965\">Alternativa ecol\u00f3gica ao pl\u00e1stico.<\/li>\n<\/ul>\n<p>&nbsp;<\/p>\n<p><!--more--><\/p>\n<h4>Outras informa\u00e7\u00f5es:<\/h4>\n<ul>\n<li><strong>Embalagem<\/strong>: Pacote de 100<\/li>\n<li><strong>Tamanho<\/strong>: 95 mm (comprimento)<\/li>\n<li><strong>Material<\/strong>: Madeira<\/li>\n<\/ul>\n<p>&nbsp;<\/p>\n<p><!--more--><\/p>\n<p><a href=\"https:\/\/www.csj-emballages.com\/pt-pt\/categorie-produit\/embalagem-de-alimentos\/restauracao\/pratos-talheres-descartaveis-palhinhas\/garfos-facas-colheres\/talheres-biodegradaveis\/\">Ver o resto da nossa gama de talheres biodegrad\u00e1veis<\/a><\/p>\n","protected":false},"excerpt":{"rendered":"<p>Colher de gelado Descri\u00e7\u00e3o da nossa colher de madeira para gelados 95 mm por 100<\/p>\n","protected":false},"featured_media":169265,"template":"","meta":{"_acf_changed":false},"product_brand":[],"product_cat":[1141,1138,3913,2615,2635,1152,2634],"product_tag":[],"class_list":{"0":"post-126751","1":"product","2":"type-product","3":"status-publish","4":"has-post-thumbnail","6":"product_cat-embalagem-de-alimentos","7":"product_cat-restauracao","8":"product_cat-pratos-talheres-descartaveis-palhinhas","9":"product_cat-garfos-facas-colheres","10":"product_cat-talheres-biodegradaveis","11":"product_cat-gama-biologica","12":"product_cat-talheres-organicos","14":"first","15":"instock","16":"taxable","17":"shipping-taxable","18":"purchasable","19":"product-type-simple"},"acf":[],"yoast_head":"<!-- This site is optimized with the Yoast SEO Premium plugin v26.6 (Yoast SEO v26.6) - https:\/\/yoast.com\/wordpress\/plugins\/seo\/ -->\n<title>Colher de madeira para gelados - 95 mm<\/title>\n<meta name=\"description\" content=\"Descubra a nossa colher de madeira para gelados de 95 mm! Estamos a oferecer um pacote de 100 colheres resistentes e compost\u00e1veis!\" \/>\n<meta name=\"robots\" content=\"index, follow, max-snippet:-1, max-image-preview:large, max-video-preview:-1\" \/>\n<link rel=\"canonical\" href=\"https:\/\/www.csj-emballages.com\/pt-pt\/produit\/100-colheres-de-gelo-de-madeira-95-mm\/\" \/>\n<meta property=\"og:locale\" content=\"pt_PT\" \/>\n<meta property=\"og:type\" content=\"article\" \/>\n<meta property=\"og:title\" content=\"Colher de madeira para gelados 95 mm por 100\" \/>\n<meta property=\"og:description\" content=\"Descubra a nossa colher de madeira para gelados de 95 mm! Estamos a oferecer um pacote de 100 colheres resistentes e compost\u00e1veis!\" \/>\n<meta property=\"og:url\" content=\"https:\/\/www.csj-emballages.com\/pt-pt\/produit\/100-colheres-de-gelo-de-madeira-95-mm\/\" \/>\n<meta property=\"og:site_name\" content=\"CSJ Emballages\" \/>\n<meta property=\"article:publisher\" content=\"https:\/\/www.facebook.com\/csjemballages\" \/>\n<meta property=\"article:modified_time\" content=\"2026-05-12T00:12:16+00:00\" \/>\n<meta property=\"og:image\" content=\"https:\/\/www.csj-emballages.com\/wp-content\/uploads\/2024\/03\/cuillere_glace_bois-jpg.webp\" \/>\n\t<meta property=\"og:image:width\" content=\"800\" \/>\n\t<meta property=\"og:image:height\" content=\"800\" \/>\n\t<meta property=\"og:image:type\" content=\"image\/jpeg\" \/>\n<meta name=\"twitter:card\" content=\"summary_large_image\" \/>\n<meta name=\"twitter:label1\" content=\"Tempo estimado de leitura\" \/>\n\t<meta name=\"twitter:data1\" content=\"2 minutos\" \/>\n<script type=\"application\/ld+json\" class=\"yoast-schema-graph\">{\"@context\":\"https:\/\/schema.org\",\"@graph\":[{\"@type\":\"WebPage\",\"@id\":\"https:\/\/www.csj-emballages.com\/pt-pt\/produit\/100-colheres-de-gelo-de-madeira-95-mm\/\",\"url\":\"https:\/\/www.csj-emballages.com\/pt-pt\/produit\/100-colheres-de-gelo-de-madeira-95-mm\/\",\"name\":\"Colher de madeira para gelados - 95 mm\",\"isPartOf\":{\"@id\":\"https:\/\/www.csj-emballages.com\/pt-pt\/#website\"},\"primaryImageOfPage\":{\"@id\":\"https:\/\/www.csj-emballages.com\/pt-pt\/produit\/100-colheres-de-gelo-de-madeira-95-mm\/#primaryimage\"},\"image\":{\"@id\":\"https:\/\/www.csj-emballages.com\/pt-pt\/produit\/100-colheres-de-gelo-de-madeira-95-mm\/#primaryimage\"},\"thumbnailUrl\":\"https:\/\/www.csj-emballages.com\/wp-content\/uploads\/2024\/03\/cuillere_glace_bois-jpg.webp\",\"datePublished\":\"2024-03-01T15:55:41+00:00\",\"dateModified\":\"2026-05-12T00:12:16+00:00\",\"description\":\"Descubra a nossa colher de madeira para gelados de 95 mm! Estamos a oferecer um pacote de 100 colheres resistentes e compost\u00e1veis!\",\"breadcrumb\":{\"@id\":\"https:\/\/www.csj-emballages.com\/pt-pt\/produit\/100-colheres-de-gelo-de-madeira-95-mm\/#breadcrumb\"},\"inLanguage\":\"pt-PT\",\"potentialAction\":[{\"@type\":\"ReadAction\",\"target\":[\"https:\/\/www.csj-emballages.com\/pt-pt\/produit\/100-colheres-de-gelo-de-madeira-95-mm\/\"]}]},{\"@type\":\"ImageObject\",\"inLanguage\":\"pt-PT\",\"@id\":\"https:\/\/www.csj-emballages.com\/pt-pt\/produit\/100-colheres-de-gelo-de-madeira-95-mm\/#primaryimage\",\"url\":\"https:\/\/www.csj-emballages.com\/wp-content\/uploads\/2024\/03\/cuillere_glace_bois-jpg.webp\",\"contentUrl\":\"https:\/\/www.csj-emballages.com\/wp-content\/uploads\/2024\/03\/cuillere_glace_bois-jpg.webp\",\"width\":800,\"height\":800},{\"@type\":\"BreadcrumbList\",\"@id\":\"https:\/\/www.csj-emballages.com\/pt-pt\/produit\/100-colheres-de-gelo-de-madeira-95-mm\/#breadcrumb\",\"itemListElement\":[{\"@type\":\"ListItem\",\"position\":1,\"name\":\"Acolhimento\",\"item\":\"https:\/\/www.csj-emballages.com\/pt-pt\/universo-das-embalagens-alimentares\/\"},{\"@type\":\"ListItem\",\"position\":2,\"name\":\"Shop\",\"item\":\"https:\/\/www.csj-emballages.com\/shop\/\"},{\"@type\":\"ListItem\",\"position\":3,\"name\":\"Colher de madeira para gelados 95 mm por 100\"}]},{\"@type\":\"WebSite\",\"@id\":\"https:\/\/www.csj-emballages.com\/pt-pt\/#website\",\"url\":\"https:\/\/www.csj-emballages.com\/pt-pt\/\",\"name\":\"CSJ Emballages\",\"description\":\"\",\"publisher\":{\"@id\":\"https:\/\/www.csj-emballages.com\/pt-pt\/#organization\"},\"potentialAction\":[{\"@type\":\"SearchAction\",\"target\":{\"@type\":\"EntryPoint\",\"urlTemplate\":\"https:\/\/www.csj-emballages.com\/pt-pt\/?s={search_term_string}\"},\"query-input\":{\"@type\":\"PropertyValueSpecification\",\"valueRequired\":true,\"valueName\":\"search_term_string\"}}],\"inLanguage\":\"pt-PT\"},{\"@type\":\"Organization\",\"@id\":\"https:\/\/www.csj-emballages.com\/pt-pt\/#Organization\/\",\"name\":\"CSJ Emballages\",\"url\":\"https:\/\/www.csj-emballages.com\/pt-pt\/\",\"logo\":{\"@type\":\"ImageObject\",\"inLanguage\":\"pt-PT\",\"@id\":\"https:\/\/www.csj-emballages.com\/pt-pt\/#\/schema\/logo\/image\/\",\"url\":\"https:\/\/www.csj-emballages.com\/wp-content\/uploads\/2023\/10\/logo_csj.webp\",\"contentUrl\":\"https:\/\/www.csj-emballages.com\/wp-content\/uploads\/2023\/10\/logo_csj.webp\",\"width\":250,\"height\":95,\"caption\":\"CSJ Emballages\"},\"image\":{\"@id\":\"https:\/\/www.csj-emballages.com\/pt-pt\/#\/schema\/logo\/image\/\"},\"sameAs\":[\"https:\/\/www.facebook.com\/csjemballages\"],\"address\":{\"@type\":\"PostalAddress\",\"streetAddress\":\"ZI La Lechere\",\"addressLocality\":\"Patornay\",\"postalCode\":\"39130\",\"addressCountry\":\"FR\"},\"contactPoint\":[{\"@type\":\"ContactPoint\",\"contactType\":\"Service client\",\"telephone\":\"0384254272\",\"email\":\"contact@csj-emballages.com\"}]}]}<\/script>\n<!-- \/ Yoast SEO Premium plugin. -->","yoast_head_json":{"title":"Colher de madeira para gelados - 95 mm","description":"Descubra a nossa colher de madeira para gelados de 95 mm! Estamos a oferecer um pacote de 100 colheres resistentes e compost\u00e1veis!","robots":{"index":"index","follow":"follow","max-snippet":"max-snippet:-1","max-image-preview":"max-image-preview:large","max-video-preview":"max-video-preview:-1"},"canonical":"https:\/\/www.csj-emballages.com\/pt-pt\/produit\/100-colheres-de-gelo-de-madeira-95-mm\/","og_locale":"pt_PT","og_type":"article","og_title":"Colher de madeira para gelados 95 mm por 100","og_description":"Descubra a nossa colher de madeira para gelados de 95 mm! Estamos a oferecer um pacote de 100 colheres resistentes e compost\u00e1veis!","og_url":"https:\/\/www.csj-emballages.com\/pt-pt\/produit\/100-colheres-de-gelo-de-madeira-95-mm\/","og_site_name":"CSJ Emballages","article_publisher":"https:\/\/www.facebook.com\/csjemballages","article_modified_time":"2026-05-12T00:12:16+00:00","og_image":[{"width":800,"height":800,"url":"https:\/\/www.csj-emballages.com\/wp-content\/uploads\/2024\/03\/cuillere_glace_bois-jpg.webp","type":"image\/jpeg"}],"twitter_card":"summary_large_image","twitter_misc":{"Tempo estimado de leitura":"2 minutos"},"schema":{"@context":"https:\/\/schema.org","@graph":[{"@type":"WebPage","@id":"https:\/\/www.csj-emballages.com\/pt-pt\/produit\/100-colheres-de-gelo-de-madeira-95-mm\/","url":"https:\/\/www.csj-emballages.com\/pt-pt\/produit\/100-colheres-de-gelo-de-madeira-95-mm\/","name":"Colher de madeira para gelados - 95 mm","isPartOf":{"@id":"https:\/\/www.csj-emballages.com\/pt-pt\/#website"},"primaryImageOfPage":{"@id":"https:\/\/www.csj-emballages.com\/pt-pt\/produit\/100-colheres-de-gelo-de-madeira-95-mm\/#primaryimage"},"image":{"@id":"https:\/\/www.csj-emballages.com\/pt-pt\/produit\/100-colheres-de-gelo-de-madeira-95-mm\/#primaryimage"},"thumbnailUrl":"https:\/\/www.csj-emballages.com\/wp-content\/uploads\/2024\/03\/cuillere_glace_bois-jpg.webp","datePublished":"2024-03-01T15:55:41+00:00","dateModified":"2026-05-12T00:12:16+00:00","description":"Descubra a nossa colher de madeira para gelados de 95 mm! Estamos a oferecer um pacote de 100 colheres resistentes e compost\u00e1veis!","breadcrumb":{"@id":"https:\/\/www.csj-emballages.com\/pt-pt\/produit\/100-colheres-de-gelo-de-madeira-95-mm\/#breadcrumb"},"inLanguage":"pt-PT","potentialAction":[{"@type":"ReadAction","target":["https:\/\/www.csj-emballages.com\/pt-pt\/produit\/100-colheres-de-gelo-de-madeira-95-mm\/"]}]},{"@type":"ImageObject","inLanguage":"pt-PT","@id":"https:\/\/www.csj-emballages.com\/pt-pt\/produit\/100-colheres-de-gelo-de-madeira-95-mm\/#primaryimage","url":"https:\/\/www.csj-emballages.com\/wp-content\/uploads\/2024\/03\/cuillere_glace_bois-jpg.webp","contentUrl":"https:\/\/www.csj-emballages.com\/wp-content\/uploads\/2024\/03\/cuillere_glace_bois-jpg.webp","width":800,"height":800},{"@type":"BreadcrumbList","@id":"https:\/\/www.csj-emballages.com\/pt-pt\/produit\/100-colheres-de-gelo-de-madeira-95-mm\/#breadcrumb","itemListElement":[{"@type":"ListItem","position":1,"name":"Acolhimento","item":"https:\/\/www.csj-emballages.com\/pt-pt\/universo-das-embalagens-alimentares\/"},{"@type":"ListItem","position":2,"name":"Shop","item":"https:\/\/www.csj-emballages.com\/shop\/"},{"@type":"ListItem","position":3,"name":"Colher de madeira para gelados 95 mm por 100"}]},{"@type":"WebSite","@id":"https:\/\/www.csj-emballages.com\/pt-pt\/#website","url":"https:\/\/www.csj-emballages.com\/pt-pt\/","name":"CSJ Emballages","description":"","publisher":{"@id":"https:\/\/www.csj-emballages.com\/pt-pt\/#organization"},"potentialAction":[{"@type":"SearchAction","target":{"@type":"EntryPoint","urlTemplate":"https:\/\/www.csj-emballages.com\/pt-pt\/?s={search_term_string}"},"query-input":{"@type":"PropertyValueSpecification","valueRequired":true,"valueName":"search_term_string"}}],"inLanguage":"pt-PT"},{"@type":"Organization","@id":"https:\/\/www.csj-emballages.com\/pt-pt\/#Organization\/","name":"CSJ Emballages","url":"https:\/\/www.csj-emballages.com\/pt-pt\/","logo":{"@type":"ImageObject","inLanguage":"pt-PT","@id":"https:\/\/www.csj-emballages.com\/pt-pt\/#\/schema\/logo\/image\/","url":"https:\/\/www.csj-emballages.com\/wp-content\/uploads\/2023\/10\/logo_csj.webp","contentUrl":"https:\/\/www.csj-emballages.com\/wp-content\/uploads\/2023\/10\/logo_csj.webp","width":250,"height":95,"caption":"CSJ Emballages"},"image":{"@id":"https:\/\/www.csj-emballages.com\/pt-pt\/#\/schema\/logo\/image\/"},"sameAs":["https:\/\/www.facebook.com\/csjemballages"],"address":{"@type":"PostalAddress","streetAddress":"ZI La Lechere","addressLocality":"Patornay","postalCode":"39130","addressCountry":"FR"},"contactPoint":[{"@type":"ContactPoint","contactType":"Service client","telephone":"0384254272","email":"contact@csj-emballages.com"}]}]}},"df_price":1.64,"df_sale_price":1.64,"df_regular_price":1.64,"df_image_link":"https:\/\/www.csj-emballages.com\/wp-content\/uploads\/2024\/03\/cuillere_glace_bois-300x300.webp","tiered_pricing_type":"fixed","tiered_pricing_fixed_rules":[],"tiered_pricing_percentage_rules":[],"tiered_pricing_minimum":1,"tiered_pricing_roles_data":[],"_links":{"self":[{"href":"https:\/\/www.csj-emballages.com\/pt-pt\/wp-json\/wp\/v2\/product\/126751","targetHints":{"allow":["GET"]}}],"collection":[{"href":"https:\/\/www.csj-emballages.com\/pt-pt\/wp-json\/wp\/v2\/product"}],"about":[{"href":"https:\/\/www.csj-emballages.com\/pt-pt\/wp-json\/wp\/v2\/types\/product"}],"wp:featuredmedia":[{"embeddable":true,"href":"https:\/\/www.csj-emballages.com\/pt-pt\/wp-json\/wp\/v2\/media\/169265"}],"wp:attachment":[{"href":"https:\/\/www.csj-emballages.com\/pt-pt\/wp-json\/wp\/v2\/media?parent=126751"}],"wp:term":[{"taxonomy":"product_brand","embeddable":true,"href":"https:\/\/www.csj-emballages.com\/pt-pt\/wp-json\/wp\/v2\/product_brand?post=126751"},{"taxonomy":"product_cat","embeddable":true,"href":"https:\/\/www.csj-emballages.com\/pt-pt\/wp-json\/wp\/v2\/product_cat?post=126751"},{"taxonomy":"product_tag","embeddable":true,"href":"https:\/\/www.csj-emballages.com\/pt-pt\/wp-json\/wp\/v2\/product_tag?post=126751"}],"curies":[{"name":"wp","href":"https:\/\/api.w.org\/{rel}","templated":true}]}}