{"id":126652,"date":"2024-10-04T02:18:11","date_gmt":"2024-10-04T00:18:11","guid":{"rendered":"https:\/\/www.csj-emballages.com\/?post_type=product&#038;p=126652"},"modified":"2026-03-12T16:15:53","modified_gmt":"2026-03-12T15:15:53","slug":"25-caixas-para-saladas-em-cartao-kraft-com-janela-95-x-95-x-40-mm","status":"publish","type":"product","link":"https:\/\/www.csj-emballages.com\/pt-pt\/produit\/25-caixas-para-saladas-em-cartao-kraft-com-janela-95-x-95-x-40-mm\/","title":{"rendered":"Caixa para salada, cart\u00e3o com janela 100 x 100 x 40 mm, embalagem de 25"},"content":{"rendered":"<div style=\"font-family: Roboto, sans-serif;\">\n<div style=\"font-family: Roboto, sans-serif;\">\n<div style=\"font-family: Roboto, sans-serif;\">\n<div style=\"font-family: Roboto, sans-serif;\">\n<div style=\"font-family: Roboto, sans-serif;\">\n<div style=\"font-family: Roboto, sans-serif;\">\n<div style=\"font-family: Roboto, sans-serif;\">\n<div style=\"font-family: Roboto, sans-serif;\">\n<div style=\"font-family: Roboto, sans-serif;\">\n<div style=\"font-family: Roboto, sans-serif;\">\n<div style=\"font-family: Roboto, sans-serif;\">\n<div style=\"font-family: Roboto, sans-serif;\">\n<div style=\"font-family: Roboto, sans-serif;\">\n<div class=\"flex flex-grow flex-col max-w-full\">\n<div class=\"min-h-[20px] text-message flex flex-col items-start whitespace-pre-wrap break-words [.text-message+&amp;]:mt-5 juice:w-full juice:items-end overflow-x-auto gap-2\" dir=\"auto\" data-message-author-role=\"assistant\" data-message-id=\"2034782e-88f9-44ef-b4dc-07dd7bf0115f\">\n<div class=\"flex w-full flex-col gap-1 juice:empty:hidden juice:first:pt-[3px]\">\n<div class=\"markdown prose w-full break-words dark:prose-invert light\">\n<div style=\"font-family: Roboto, sans-serif;\">\n<div style=\"font-family: Roboto, sans-serif;\">\n<div style=\"font-family: Roboto, sans-serif;\">\n<div style=\"font-family: Roboto, sans-serif;\">\n<div style=\"font-family: Roboto, sans-serif;\">\n<div style=\"font-family: Roboto, sans-serif;\">\n<h2>Caixa de cart\u00e3o<\/h2>\n<div style=\"text-align: left;\">\n<hr>\n<h3 style=\"text-align: left;\">Descubra a nossa caixa de salada de janela 100 x 100 x 40 mm, embalagem de 25<\/h3>\n<p><!--more--><\/p>\n<div style=\"text-align: left;\">\n<p data-start=\"267\" data-end=\"734\">Deseja apresentar as suas saladas com estilo, assegurando a sua prote\u00e7\u00e3o? Esta <g id=\"gid_0\">caixa de cart\u00e3o para saladas com janela de 100 x 100 x 40 mm<\/g>, vendida em embalagens de <g id=\"gid_1\">25<\/g> unidades, foi concebida para mostrar as suas prepara\u00e7\u00f5es e facilitar a organiza\u00e7\u00e3o do seu dia a dia. Assim que a abrir, ir\u00e1 reparar no seu formato perfeitamente equilibrado: suficientemente grande para conter uma boa por\u00e7\u00e3o de salada, mas suficientemente compacta para ser facilmente transportada.  <\/p>\n<p data-start=\"736\" data-end=\"1099\">A sua carater\u00edstica especial \u00e9, evidentemente, a <strong data-start=\"779\" data-end=\"803\">janela transparente<\/strong>. Gra\u00e7as a ele, os seus clientes podem ver imediatamente a frescura e a qualidade dos seus ingredientes. D\u00e1 imediatamente vontade de comprar, especialmente no caso dos takeaways, em que o aspeto visual desempenha um papel fundamental. \u00c9 um verdadeiro trunfo para as suas prateleiras, montras ou servi\u00e7o de entregas.<\/p>\n<p data-start=\"1101\" data-end=\"1435\">Esta <strong data-start=\"368\" data-end=\"425\">caixa para saladas<\/strong> tamb\u00e9m \u00e9 feita de <strong data-start=\"1139\" data-end=\"1159\">cart\u00e3o<\/strong>, o que significa que conserva a estrutura das suas saladas sem as esmagar ou amolecer. Tamb\u00e9m suporta muito bem molhos leves e produtos ligeiramente h\u00famidos gra\u00e7as ao seu interior tratado. Assim, os seus pratos mant\u00eam-se apetitosos at\u00e9 ao momento em que os come.<\/p>\n<p data-start=\"1437\" data-end=\"1834\">Mas isso n\u00e3o \u00e9 tudo. Gra\u00e7as ao seu fecho r\u00e1pido e f\u00e1cil, poupar\u00e1 tempo ao encher os tabuleiros, especialmente durante os per\u00edodos de maior movimento. O seu design <g id=\"gid_0\">natural<\/g> e <g id=\"gid_1\">simples<\/g> d\u00e1 um toque moderno e respons\u00e1vel, mostrando que est\u00e1 a optar por uma embalagem de cart\u00e3o em vez do pl\u00e1stico tradicional. Os seus clientes ir\u00e3o apreciar este gesto, assim como a qualidade geral da sua apresenta\u00e7\u00e3o.   <\/p>\n<p data-start=\"1836\" data-end=\"2037\">Em suma, este <strong data-start=\"368\" data-end=\"425\">recipiente para saladas<\/strong> \u00e9 <strong data-start=\"1872\" data-end=\"1885\">pr\u00e1tico<\/strong>, <strong data-start=\"1887\" data-end=\"1901\">atrativo<\/strong> e <strong data-start=\"1905\" data-end=\"1916\">de alta qualidade<\/strong>, o que o torna uma solu\u00e7\u00e3o profissional ideal para restaurantes, cantinas, catering, snack-bares ou bares de saladas.<\/p>\n<\/div>\n<div style=\"text-align: left;\">\n<p data-start=\"1836\" data-end=\"2037\"><!--more--><\/p>\n<\/div>\n<h4>Vantagens :<\/h4>\n<ul>\n<li data-start=\"2065\" data-end=\"2110\"><strong>Janela transparente<\/strong> para real\u00e7ar a salada<\/li>\n<li data-start=\"2113\" data-end=\"2172\">Cart\u00e3o resistente, ideal para ingredientes frescos e h\u00famidos<\/li>\n<li data-start=\"2175\" data-end=\"2221\">Fecho r\u00e1pido e pr\u00e1tico para servir<\/li>\n<li data-start=\"2224\" data-end=\"2265\">Tamanho perfeito para por\u00e7\u00f5es generosas<\/li>\n<li data-start=\"2268\" data-end=\"2313\">Natural, moderno e mais respons\u00e1vel<\/li>\n<li data-start=\"2316\" data-end=\"2369\">Ideal para montras de lojas, entregas e takeaways<\/li>\n<li data-start=\"2372\" data-end=\"2401\">Embalagem econ\u00f3mica de <strong>25 unidades<\/strong>.<\/li>\n<\/ul>\n<p>&nbsp;<\/p>\n<p><!--more--><\/p>\n<h4>Outras informa\u00e7\u00f5es :<\/h4>\n<ul>\n<li><strong>Embalagem<\/strong>: Pacote de 25<\/li>\n<li><strong>Dimens\u00f5es<\/strong>: 100 x 100 x 40 mm<\/li>\n<li><strong>Material<\/strong>: Cart\u00e3o \/ PS<\/li>\n<li><strong>Cor<\/strong>: castanho<\/li>\n<\/ul>\n<p>&nbsp;<\/p>\n<\/div>\n<p><!--more--><\/p>\n<div style=\"text-align: left;\">\n<p>Esta lata de salada est\u00e1 dispon\u00edvel em diferentes tamanhos: <span style=\"color: #d12727;\"><a style=\"color: #d12727;\" href=\"https:\/\/www.csj-emballages.com\/pt-pt\/produit\/50-caixas-para-saladas-em-cartao-kraft-com-janela-140-x-140-x-50-mm\/\">125 x 125 x 50 mm<\/a> <\/span>\/ <span style=\"color: #d12727;\"><a style=\"color: #d12727;\" href=\"https:\/\/www.csj-emballages.com\/pt-pt\/produit\/60-caixas-para-saladas-em-cartao-kraft-com-janela-160-x-160-x-50-mm\/\">160 x 160 x 50 mm<\/a><\/span> \/ <span style=\"color: #d12727;\"><a style=\"color: #d12727;\" href=\"https:\/\/www.csj-emballages.com\/pt-pt\/produit\/40-caixas-para-saladas-em-cartao-kraft-com-janela-190-x-190-x-50-mm\/\">190 x 190 x 50 mm<\/a><\/span><\/p>\n<\/div>\n<p>&nbsp;<\/p>\n<p><!--more--><\/p>\n<div style=\"text-align: left;\">\n<div style=\"text-align: left;\">\n<div style=\"text-align: left;\">\n<div style=\"text-align: left;\">\n<p><a href=\"https:\/\/www.csj-emballages.com\/pt-pt\/categorie-produit\/embalagem-de-alimentos\/restauracao\/caixas-tabuleiros-bolsas-cones\/tabuleiros-caixas-de-cartao\/lancheiras\/\"><span style=\"text-decoration: underline;\">Ver o resto da nossa gama de lancheiras<\/span><\/a><\/p>\n<\/div>\n<\/div>\n<\/div>\n<\/div>\n<\/div>\n<\/div>\n<\/div>\n<\/div>\n<\/div>\n<\/div>\n<\/div>\n<\/div>\n<\/div>\n<\/div>\n<\/div>\n<\/div>\n<\/div>\n<\/div>\n<\/div>\n<\/div>\n<\/div>\n<\/div>\n<\/div>\n<\/div>\n<\/div>\n<\/div>\n<\/div>\n","protected":false},"excerpt":{"rendered":"<p>Caixa de cart\u00e3o Descubra a nossa caixa de salada de janela 100 x 100 x 40 mm, embalagem de 25<\/p>\n","protected":false},"featured_media":143802,"template":"","meta":{"_acf_changed":false},"product_brand":[],"product_cat":[1141,1177,3916,1178,1138,3926,1476,2793,2257],"product_tag":[],"class_list":{"0":"post-126652","1":"product","2":"type-product","3":"status-publish","4":"has-post-thumbnail","6":"product_cat-embalagem-de-alimentos","7":"product_cat-padaria-e-pastelaria","8":"product_cat-caixas-e-estojos","9":"product_cat-caixas-de-janela","10":"product_cat-restauracao","11":"product_cat-caixas-tabuleiros-bolsas-cones","12":"product_cat-tabuleiros-caixas-de-cartao","13":"product_cat-lancheiras","14":"product_cat-caixas-de-janela-pt-pt","16":"first","17":"instock","18":"taxable","19":"shipping-taxable","20":"purchasable","21":"product-type-simple"},"acf":[],"yoast_head":"<!-- This site is optimized with the Yoast SEO Premium plugin v26.6 (Yoast SEO v26.6) - https:\/\/yoast.com\/wordpress\/plugins\/seo\/ -->\n<title>Caixa para salada com janela 10 x 10 x 4 cm<\/title>\n<meta name=\"description\" content=\"Descubra a nossa caixa de cart\u00e3o kraft com janela 100 x 100 x 40 mm. Ideal para pastelaria, encomende em embalagens de 25 unidades para uma embalagem atractiva e duradoura.\" \/>\n<meta name=\"robots\" content=\"index, follow, max-snippet:-1, max-image-preview:large, max-video-preview:-1\" \/>\n<link rel=\"canonical\" href=\"https:\/\/www.csj-emballages.com\/pt-pt\/produit\/25-caixas-para-saladas-em-cartao-kraft-com-janela-95-x-95-x-40-mm\/\" \/>\n<meta property=\"og:locale\" content=\"pt_PT\" \/>\n<meta property=\"og:type\" content=\"article\" \/>\n<meta property=\"og:title\" content=\"Caixa de cart\u00e3o para janelas 10 x 10 x 4 cm\" \/>\n<meta property=\"og:description\" content=\"Descubra a nossa caixa de cart\u00e3o kraft com janela 100 x 100 x 40 mm. Ideal para pastelaria, encomende em embalagens de 25 unidades para uma embalagem atractiva e duradoura.\" \/>\n<meta property=\"og:url\" content=\"https:\/\/www.csj-emballages.com\/pt-pt\/produit\/25-caixas-para-saladas-em-cartao-kraft-com-janela-95-x-95-x-40-mm\/\" \/>\n<meta property=\"og:site_name\" content=\"CSJ Emballages\" \/>\n<meta property=\"article:publisher\" content=\"https:\/\/www.facebook.com\/csjemballages\" \/>\n<meta property=\"article:modified_time\" content=\"2026-03-12T15:15:53+00:00\" \/>\n<meta property=\"og:image\" content=\"https:\/\/www.csj-emballages.com\/wp-content\/uploads\/2024\/10\/e-amande-44.png\" \/>\n\t<meta property=\"og:image:width\" content=\"300\" \/>\n\t<meta property=\"og:image:height\" content=\"300\" \/>\n\t<meta property=\"og:image:type\" content=\"image\/png\" \/>\n<meta name=\"twitter:card\" content=\"summary_large_image\" \/>\n<meta name=\"twitter:title\" content=\"Caixa de cart\u00e3o para janelas 10 x 10 x 4 cm\" \/>\n<meta name=\"twitter:description\" content=\"Descubra a nossa caixa de cart\u00e3o kraft com janela 100 x 100 x 40 mm. Ideal para pastelaria, encomende em embalagens de 25 unidades para uma embalagem atractiva e duradoura.\" \/>\n<meta name=\"twitter:label1\" content=\"Tempo estimado de leitura\" \/>\n\t<meta name=\"twitter:data1\" content=\"2 minutos\" \/>\n<script type=\"application\/ld+json\" class=\"yoast-schema-graph\">{\"@context\":\"https:\/\/schema.org\",\"@graph\":[{\"@type\":\"WebPage\",\"@id\":\"https:\/\/www.csj-emballages.com\/pt-pt\/produit\/25-caixas-para-saladas-em-cartao-kraft-com-janela-95-x-95-x-40-mm\/\",\"url\":\"https:\/\/www.csj-emballages.com\/pt-pt\/produit\/25-caixas-para-saladas-em-cartao-kraft-com-janela-95-x-95-x-40-mm\/\",\"name\":\"Caixa para salada com janela 10 x 10 x 4 cm\",\"isPartOf\":{\"@id\":\"https:\/\/www.csj-emballages.com\/pt-pt\/#website\"},\"primaryImageOfPage\":{\"@id\":\"https:\/\/www.csj-emballages.com\/pt-pt\/produit\/25-caixas-para-saladas-em-cartao-kraft-com-janela-95-x-95-x-40-mm\/#primaryimage\"},\"image\":{\"@id\":\"https:\/\/www.csj-emballages.com\/pt-pt\/produit\/25-caixas-para-saladas-em-cartao-kraft-com-janela-95-x-95-x-40-mm\/#primaryimage\"},\"thumbnailUrl\":\"https:\/\/www.csj-emballages.com\/wp-content\/uploads\/2024\/10\/e-amande-44.png\",\"datePublished\":\"2024-10-04T00:18:11+00:00\",\"dateModified\":\"2026-03-12T15:15:53+00:00\",\"description\":\"Descubra a nossa caixa de cart\u00e3o kraft com janela 100 x 100 x 40 mm. Ideal para pastelaria, encomende em embalagens de 25 unidades para uma embalagem atractiva e duradoura.\",\"breadcrumb\":{\"@id\":\"https:\/\/www.csj-emballages.com\/pt-pt\/produit\/25-caixas-para-saladas-em-cartao-kraft-com-janela-95-x-95-x-40-mm\/#breadcrumb\"},\"inLanguage\":\"pt-PT\",\"potentialAction\":[{\"@type\":\"ReadAction\",\"target\":[\"https:\/\/www.csj-emballages.com\/pt-pt\/produit\/25-caixas-para-saladas-em-cartao-kraft-com-janela-95-x-95-x-40-mm\/\"]}]},{\"@type\":\"ImageObject\",\"inLanguage\":\"pt-PT\",\"@id\":\"https:\/\/www.csj-emballages.com\/pt-pt\/produit\/25-caixas-para-saladas-em-cartao-kraft-com-janela-95-x-95-x-40-mm\/#primaryimage\",\"url\":\"https:\/\/www.csj-emballages.com\/wp-content\/uploads\/2024\/10\/e-amande-44.png\",\"contentUrl\":\"https:\/\/www.csj-emballages.com\/wp-content\/uploads\/2024\/10\/e-amande-44.png\",\"width\":300,\"height\":300,\"caption\":\"boite carton\"},{\"@type\":\"BreadcrumbList\",\"@id\":\"https:\/\/www.csj-emballages.com\/pt-pt\/produit\/25-caixas-para-saladas-em-cartao-kraft-com-janela-95-x-95-x-40-mm\/#breadcrumb\",\"itemListElement\":[{\"@type\":\"ListItem\",\"position\":1,\"name\":\"Acolhimento\",\"item\":\"https:\/\/www.csj-emballages.com\/pt-pt\/universo-das-embalagens-alimentares\/\"},{\"@type\":\"ListItem\",\"position\":2,\"name\":\"Shop\",\"item\":\"https:\/\/www.csj-emballages.com\/shop\/\"},{\"@type\":\"ListItem\",\"position\":3,\"name\":\"Caixa para salada, cart\u00e3o com janela 100 x 100 x 40 mm, embalagem de 25\"}]},{\"@type\":\"WebSite\",\"@id\":\"https:\/\/www.csj-emballages.com\/pt-pt\/#website\",\"url\":\"https:\/\/www.csj-emballages.com\/pt-pt\/\",\"name\":\"CSJ Emballages\",\"description\":\"\",\"publisher\":{\"@id\":\"https:\/\/www.csj-emballages.com\/pt-pt\/#organization\"},\"potentialAction\":[{\"@type\":\"SearchAction\",\"target\":{\"@type\":\"EntryPoint\",\"urlTemplate\":\"https:\/\/www.csj-emballages.com\/pt-pt\/?s={search_term_string}\"},\"query-input\":{\"@type\":\"PropertyValueSpecification\",\"valueRequired\":true,\"valueName\":\"search_term_string\"}}],\"inLanguage\":\"pt-PT\"},{\"@type\":\"Organization\",\"@id\":\"https:\/\/www.csj-emballages.com\/pt-pt\/#Organization\/\",\"name\":\"CSJ Emballages\",\"url\":\"https:\/\/www.csj-emballages.com\/pt-pt\/\",\"logo\":{\"@type\":\"ImageObject\",\"inLanguage\":\"pt-PT\",\"@id\":\"https:\/\/www.csj-emballages.com\/pt-pt\/#\/schema\/logo\/image\/\",\"url\":\"https:\/\/www.csj-emballages.com\/wp-content\/uploads\/2023\/10\/logo_csj.webp\",\"contentUrl\":\"https:\/\/www.csj-emballages.com\/wp-content\/uploads\/2023\/10\/logo_csj.webp\",\"width\":250,\"height\":95,\"caption\":\"CSJ Emballages\"},\"image\":{\"@id\":\"https:\/\/www.csj-emballages.com\/pt-pt\/#\/schema\/logo\/image\/\"},\"sameAs\":[\"https:\/\/www.facebook.com\/csjemballages\"],\"address\":{\"@type\":\"PostalAddress\",\"streetAddress\":\"ZI La Lechere\",\"addressLocality\":\"Patornay\",\"postalCode\":\"39130\",\"addressCountry\":\"FR\"},\"contactPoint\":[{\"@type\":\"ContactPoint\",\"contactType\":\"Service client\",\"telephone\":\"0384254272\",\"email\":\"contact@csj-emballages.com\"}]}]}<\/script>\n<!-- \/ Yoast SEO Premium plugin. -->","yoast_head_json":{"title":"Caixa para salada com janela 10 x 10 x 4 cm","description":"Descubra a nossa caixa de cart\u00e3o kraft com janela 100 x 100 x 40 mm. Ideal para pastelaria, encomende em embalagens de 25 unidades para uma embalagem atractiva e duradoura.","robots":{"index":"index","follow":"follow","max-snippet":"max-snippet:-1","max-image-preview":"max-image-preview:large","max-video-preview":"max-video-preview:-1"},"canonical":"https:\/\/www.csj-emballages.com\/pt-pt\/produit\/25-caixas-para-saladas-em-cartao-kraft-com-janela-95-x-95-x-40-mm\/","og_locale":"pt_PT","og_type":"article","og_title":"Caixa de cart\u00e3o para janelas 10 x 10 x 4 cm","og_description":"Descubra a nossa caixa de cart\u00e3o kraft com janela 100 x 100 x 40 mm. Ideal para pastelaria, encomende em embalagens de 25 unidades para uma embalagem atractiva e duradoura.","og_url":"https:\/\/www.csj-emballages.com\/pt-pt\/produit\/25-caixas-para-saladas-em-cartao-kraft-com-janela-95-x-95-x-40-mm\/","og_site_name":"CSJ Emballages","article_publisher":"https:\/\/www.facebook.com\/csjemballages","article_modified_time":"2026-03-12T15:15:53+00:00","og_image":[{"width":300,"height":300,"url":"https:\/\/www.csj-emballages.com\/wp-content\/uploads\/2024\/10\/e-amande-44.png","type":"image\/png"}],"twitter_card":"summary_large_image","twitter_title":"Caixa de cart\u00e3o para janelas 10 x 10 x 4 cm","twitter_description":"Descubra a nossa caixa de cart\u00e3o kraft com janela 100 x 100 x 40 mm. Ideal para pastelaria, encomende em embalagens de 25 unidades para uma embalagem atractiva e duradoura.","twitter_misc":{"Tempo estimado de leitura":"2 minutos"},"schema":{"@context":"https:\/\/schema.org","@graph":[{"@type":"WebPage","@id":"https:\/\/www.csj-emballages.com\/pt-pt\/produit\/25-caixas-para-saladas-em-cartao-kraft-com-janela-95-x-95-x-40-mm\/","url":"https:\/\/www.csj-emballages.com\/pt-pt\/produit\/25-caixas-para-saladas-em-cartao-kraft-com-janela-95-x-95-x-40-mm\/","name":"Caixa para salada com janela 10 x 10 x 4 cm","isPartOf":{"@id":"https:\/\/www.csj-emballages.com\/pt-pt\/#website"},"primaryImageOfPage":{"@id":"https:\/\/www.csj-emballages.com\/pt-pt\/produit\/25-caixas-para-saladas-em-cartao-kraft-com-janela-95-x-95-x-40-mm\/#primaryimage"},"image":{"@id":"https:\/\/www.csj-emballages.com\/pt-pt\/produit\/25-caixas-para-saladas-em-cartao-kraft-com-janela-95-x-95-x-40-mm\/#primaryimage"},"thumbnailUrl":"https:\/\/www.csj-emballages.com\/wp-content\/uploads\/2024\/10\/e-amande-44.png","datePublished":"2024-10-04T00:18:11+00:00","dateModified":"2026-03-12T15:15:53+00:00","description":"Descubra a nossa caixa de cart\u00e3o kraft com janela 100 x 100 x 40 mm. Ideal para pastelaria, encomende em embalagens de 25 unidades para uma embalagem atractiva e duradoura.","breadcrumb":{"@id":"https:\/\/www.csj-emballages.com\/pt-pt\/produit\/25-caixas-para-saladas-em-cartao-kraft-com-janela-95-x-95-x-40-mm\/#breadcrumb"},"inLanguage":"pt-PT","potentialAction":[{"@type":"ReadAction","target":["https:\/\/www.csj-emballages.com\/pt-pt\/produit\/25-caixas-para-saladas-em-cartao-kraft-com-janela-95-x-95-x-40-mm\/"]}]},{"@type":"ImageObject","inLanguage":"pt-PT","@id":"https:\/\/www.csj-emballages.com\/pt-pt\/produit\/25-caixas-para-saladas-em-cartao-kraft-com-janela-95-x-95-x-40-mm\/#primaryimage","url":"https:\/\/www.csj-emballages.com\/wp-content\/uploads\/2024\/10\/e-amande-44.png","contentUrl":"https:\/\/www.csj-emballages.com\/wp-content\/uploads\/2024\/10\/e-amande-44.png","width":300,"height":300,"caption":"boite carton"},{"@type":"BreadcrumbList","@id":"https:\/\/www.csj-emballages.com\/pt-pt\/produit\/25-caixas-para-saladas-em-cartao-kraft-com-janela-95-x-95-x-40-mm\/#breadcrumb","itemListElement":[{"@type":"ListItem","position":1,"name":"Acolhimento","item":"https:\/\/www.csj-emballages.com\/pt-pt\/universo-das-embalagens-alimentares\/"},{"@type":"ListItem","position":2,"name":"Shop","item":"https:\/\/www.csj-emballages.com\/shop\/"},{"@type":"ListItem","position":3,"name":"Caixa para salada, cart\u00e3o com janela 100 x 100 x 40 mm, embalagem de 25"}]},{"@type":"WebSite","@id":"https:\/\/www.csj-emballages.com\/pt-pt\/#website","url":"https:\/\/www.csj-emballages.com\/pt-pt\/","name":"CSJ Emballages","description":"","publisher":{"@id":"https:\/\/www.csj-emballages.com\/pt-pt\/#organization"},"potentialAction":[{"@type":"SearchAction","target":{"@type":"EntryPoint","urlTemplate":"https:\/\/www.csj-emballages.com\/pt-pt\/?s={search_term_string}"},"query-input":{"@type":"PropertyValueSpecification","valueRequired":true,"valueName":"search_term_string"}}],"inLanguage":"pt-PT"},{"@type":"Organization","@id":"https:\/\/www.csj-emballages.com\/pt-pt\/#Organization\/","name":"CSJ Emballages","url":"https:\/\/www.csj-emballages.com\/pt-pt\/","logo":{"@type":"ImageObject","inLanguage":"pt-PT","@id":"https:\/\/www.csj-emballages.com\/pt-pt\/#\/schema\/logo\/image\/","url":"https:\/\/www.csj-emballages.com\/wp-content\/uploads\/2023\/10\/logo_csj.webp","contentUrl":"https:\/\/www.csj-emballages.com\/wp-content\/uploads\/2023\/10\/logo_csj.webp","width":250,"height":95,"caption":"CSJ Emballages"},"image":{"@id":"https:\/\/www.csj-emballages.com\/pt-pt\/#\/schema\/logo\/image\/"},"sameAs":["https:\/\/www.facebook.com\/csjemballages"],"address":{"@type":"PostalAddress","streetAddress":"ZI La Lechere","addressLocality":"Patornay","postalCode":"39130","addressCountry":"FR"},"contactPoint":[{"@type":"ContactPoint","contactType":"Service client","telephone":"0384254272","email":"contact@csj-emballages.com"}]}]}},"df_price":6.71,"df_sale_price":"","df_regular_price":6.71,"df_image_link":"https:\/\/www.csj-emballages.com\/wp-content\/uploads\/2024\/10\/e-amande-44.png","tiered_pricing_type":"fixed","tiered_pricing_fixed_rules":[],"tiered_pricing_percentage_rules":[],"tiered_pricing_minimum":1,"tiered_pricing_roles_data":[],"_links":{"self":[{"href":"https:\/\/www.csj-emballages.com\/pt-pt\/wp-json\/wp\/v2\/product\/126652","targetHints":{"allow":["GET"]}}],"collection":[{"href":"https:\/\/www.csj-emballages.com\/pt-pt\/wp-json\/wp\/v2\/product"}],"about":[{"href":"https:\/\/www.csj-emballages.com\/pt-pt\/wp-json\/wp\/v2\/types\/product"}],"wp:featuredmedia":[{"embeddable":true,"href":"https:\/\/www.csj-emballages.com\/pt-pt\/wp-json\/wp\/v2\/media\/143802"}],"wp:attachment":[{"href":"https:\/\/www.csj-emballages.com\/pt-pt\/wp-json\/wp\/v2\/media?parent=126652"}],"wp:term":[{"taxonomy":"product_brand","embeddable":true,"href":"https:\/\/www.csj-emballages.com\/pt-pt\/wp-json\/wp\/v2\/product_brand?post=126652"},{"taxonomy":"product_cat","embeddable":true,"href":"https:\/\/www.csj-emballages.com\/pt-pt\/wp-json\/wp\/v2\/product_cat?post=126652"},{"taxonomy":"product_tag","embeddable":true,"href":"https:\/\/www.csj-emballages.com\/pt-pt\/wp-json\/wp\/v2\/product_tag?post=126652"}],"curies":[{"name":"wp","href":"https:\/\/api.w.org\/{rel}","templated":true}]}}