{"id":126203,"date":"2024-10-01T02:18:17","date_gmt":"2024-10-01T00:18:17","guid":{"rendered":"https:\/\/www.csj-emballages.com\/?post_type=product&#038;p=126203"},"modified":"2026-03-19T02:10:21","modified_gmt":"2026-03-19T01:10:21","slug":"produto-de-limpeza-de-pavimentos-2d-neutro-e-de-baixa-porosidade-com-espuma-controlada","status":"publish","type":"product","link":"https:\/\/www.csj-emballages.com\/pt-pt\/produit\/produto-de-limpeza-de-pavimentos-2d-neutro-e-de-baixa-porosidade-com-espuma-controlada\/","title":{"rendered":"Produto de limpeza neutro de baixa porosidade para pavimentos com espuma controlada 2D 5L"},"content":{"rendered":"<div class=\"flex flex-grow flex-col max-w-full\">\n<div class=\"min-h-[20px] text-message flex flex-col items-start whitespace-pre-wrap break-words [.text-message+&amp;]:mt-5 juice:w-full juice:items-end overflow-x-auto gap-2\" dir=\"auto\" data-message-author-role=\"assistant\" data-message-id=\"2034782e-88f9-44ef-b4dc-07dd7bf0115f\">\n<div class=\"flex w-full flex-col gap-1 juice:empty:hidden juice:first:pt-[3px]\">\n<div class=\"markdown prose w-full break-words dark:prose-invert light\">\n<div style=\"box-sizing: inherit; font-family: Roboto, sans-serif;\">\n<div style=\"box-sizing: inherit; font-family: Roboto, sans-serif;\">\n<div style=\"box-sizing: inherit; font-family: Roboto, sans-serif;\">\n<div style=\"box-sizing: inherit; font-family: Roboto, sans-serif;\">\n<div style=\"box-sizing: inherit; font-family: Roboto, sans-serif;\">\n<div style=\"box-sizing: inherit; font-family: Roboto, sans-serif;\">\n<h2 class=\"p1\">Limpador auto-limpante<\/h2>\n<div style=\"box-sizing: inherit; font-family: Roboto, sans-serif;\">\n<div style=\"box-sizing: inherit; font-family: Roboto, sans-serif;\">\n<div style=\"box-sizing: inherit; font-family: Roboto, sans-serif;\">\n<div style=\"text-align: center;\">\n<div style=\"box-sizing: inherit; font-family: Roboto, sans-serif;\">\n<div style=\"box-sizing: inherit; font-family: Roboto, sans-serif;\">\n<div style=\"box-sizing: inherit; font-family: Roboto, sans-serif;\">\n<div style=\"box-sizing: inherit; font-family: Roboto, sans-serif;\">\n<div style=\"box-sizing: inherit; font-family: Roboto, sans-serif;\">\n<div style=\"box-sizing: inherit; font-family: Roboto, sans-serif; text-align: left;\">\n<hr>\n<h3 style=\"text-align: left;\">Descri\u00e7\u00e3o do nosso produto de limpeza neutro de baixa porosidade para pavimentos com espuma controlada 2D 5L<\/h3>\n<h3 style=\"text-align: left;\"><!--more--><\/h3>\n<p data-start=\"256\" data-end=\"657\">Concebido para os profissionais de manuten\u00e7\u00e3o mais exigentes, este produto de limpeza <strong data-start=\"315\" data-end=\"354\">auto-lavante de espuma controlada<\/strong> \u00e9 perfeitamente adequado para <strong data-start=\"383\" data-end=\"409\">pavimentos de baixa porosidade<\/strong>, tais como gr\u00e9s porcel\u00e2nico, pavimentos vitrificados e revestimentos pl\u00e1sticos brilhantes. Gra\u00e7as \u00e0 sua f\u00f3rmula especial, limpa eficazmente sem alterar o brilho natural do pavimento nem deixar marcas, res\u00edduos ou um acabamento escorregadio. <\/p>\n<p data-start=\"659\" data-end=\"1138\">Este produto pode ser utilizado tanto em <strong>lavadoras<\/strong> como em m\u00e1quinas de lavar manuais e garante uma limpeza r\u00e1pida e homog\u00e9nea sem sobredosagem. A sua <strong data-start=\"781\" data-end=\"801\">espuma controlada<\/strong> evita qualquer transbordo para os dep\u00f3sitos das m\u00e1quinas, optimizando a efici\u00eancia e protegendo o equipamento. A secagem do pavimento \u00e9 r\u00e1pida, o que permite a reativa\u00e7\u00e3o quase imediata do local, o que \u00e9 essencial em ambientes de grande tr\u00e1fego, como lojas, restaurantes, salas de rece\u00e7\u00e3o ou zonas industriais.  <\/p>\n<p data-start=\"1140\" data-end=\"1366\">Dotado de <strong data-start=\"1148\" data-end=\"1176\">propriedades anti-est\u00e1ticas<\/strong>, este produto de <strong>limpeza auto-lavante<\/strong> reduz significativamente a acumula\u00e7\u00e3o de p\u00f3 ap\u00f3s a aplica\u00e7\u00e3o. Deixa uma fragr\u00e2ncia discreta e agrad\u00e1vel, refor\u00e7ando a sensa\u00e7\u00e3o de limpeza sem sobrecarregar o cheiro. <\/p>\n<p data-start=\"1368\" data-end=\"1519\">Em suma, trata-se de um produto vers\u00e1til, ideal para uma <strong data-start=\"1412\" data-end=\"1437\">utiliza\u00e7\u00e3o frequente<\/strong>, que respeita os materiais e proporciona sempre resultados profissionais.<\/p>\n<\/div>\n<\/div>\n<\/div>\n<\/div>\n<\/div>\n<\/div>\n<\/div>\n<\/div>\n<\/div>\n<\/div>\n<\/div>\n<\/div>\n<\/div>\n<\/div>\n<\/div>\n<\/div>\n<\/div>\n<\/div>\n<\/div>\n<\/div>\n<div class=\"flex flex-grow flex-col max-w-full\">\n<div class=\"min-h-[20px] text-message flex flex-col items-start whitespace-pre-wrap break-words [.text-message+&amp;]:mt-5 juice:w-full juice:items-end overflow-x-auto gap-2\" dir=\"auto\" data-message-author-role=\"assistant\" data-message-id=\"2034782e-88f9-44ef-b4dc-07dd7bf0115f\">\n<div class=\"flex w-full flex-col gap-1 juice:empty:hidden juice:first:pt-[3px]\">\n<div class=\"markdown prose w-full break-words dark:prose-invert light\">\n<div style=\"box-sizing: inherit; font-family: Roboto, sans-serif;\">\n<div style=\"box-sizing: inherit; font-family: Roboto, sans-serif;\">\n<div style=\"box-sizing: inherit; font-family: Roboto, sans-serif;\">\n<div style=\"box-sizing: inherit; font-family: Roboto, sans-serif;\">\n<div style=\"box-sizing: inherit; font-family: Roboto, sans-serif;\">\n<div style=\"box-sizing: inherit; font-family: Roboto, sans-serif;\"><\/div>\n<\/div>\n<\/div>\n<\/div>\n<\/div>\n<\/div>\n<\/div>\n<\/div>\n<\/div>\n<\/div>\n<div class=\"flex flex-grow flex-col max-w-full\">\n<div class=\"min-h-[20px] text-message flex flex-col items-start whitespace-pre-wrap break-words [.text-message+&amp;]:mt-5 juice:w-full juice:items-end overflow-x-auto gap-2\" dir=\"auto\" data-message-author-role=\"assistant\" data-message-id=\"2034782e-88f9-44ef-b4dc-07dd7bf0115f\">\n<div class=\"flex w-full flex-col gap-1 juice:empty:hidden juice:first:pt-[3px]\">\n<div class=\"markdown prose w-full break-words dark:prose-invert light\">\n<div style=\"box-sizing: inherit; font-family: Roboto, sans-serif;\">\n<div style=\"box-sizing: inherit; font-family: Roboto, sans-serif;\">\n<div style=\"box-sizing: inherit; font-family: Roboto, sans-serif;\">\n<div style=\"box-sizing: inherit; font-family: Roboto, sans-serif;\">\n<div style=\"box-sizing: inherit; font-family: Roboto, sans-serif;\">\n<div style=\"box-sizing: inherit; font-family: Roboto, sans-serif;\">\n<p><!--more--><\/p>\n<h4 style=\"text-align: left;\"><strong>Vantagens :<\/strong><\/h4>\n<ul style=\"text-align: left;\">\n<li>Para pavimentos de baixa porosidade e alto brilho.<\/li>\n<li>Seca rapidamente sem deixar marcas ou res\u00edduos.<\/li>\n<li>Adequado para m\u00e1quinas de lavar roupa autom\u00e1ticas e para utiliza\u00e7\u00e3o manual.<\/li>\n<li><strong>Espuma controlada<\/strong>: sem transbordo da m\u00e1quina.<\/li>\n<li><strong>Efeito anti-est\u00e1tico<\/strong>: limita os dep\u00f3sitos de p\u00f3.<\/li>\n<li>Ideal para a manuten\u00e7\u00e3o di\u00e1ria em \u00e1reas com muito movimento.<\/li>\n<\/ul>\n<\/div>\n<\/div>\n<p>&nbsp;<\/p>\n<\/div>\n<\/div>\n<\/div>\n<\/div>\n<\/div>\n<\/div>\n<\/div>\n<\/div>\n<p><!--more--><\/p>\n<h4>Outras informa\u00e7\u00f5es :<\/h4>\n<ul>\n<li><strong>Embalagem<\/strong>: Por unidade<\/li>\n<li><strong>Utiliza\u00e7\u00e3o<\/strong>: Limpador de borracha para autom\u00f3veis<\/li>\n<li><strong>Volume<\/strong>: 5 litros<\/li>\n<\/ul>\n<p>&nbsp;<\/p>\n<p><!--more--><\/p>\n<p class=\"woocommerce-loop-product__title\">Tamb\u00e9m pode encontrar o nosso produto de limpeza desinfetante com fragr\u00e2ncia fresca 3D 5 L: <span style=\"color: #d12727;\"><a style=\"color: #d12727;\" href=\"https:\/\/www.csj-emballages.com\/es\/produit\/limpiador-desinfectante-sobreolor-3d-frescor-fragancia-5-l\/\">30035<\/a><\/span><\/p>\n<p>&nbsp;<\/p>\n<p style=\"text-align: left;\"><!--more--><\/p>\n<p><a href=\"https:\/\/www.csj-emballages.com\/pt-pt\/categorie-produit\/higiene-e-manutencao\/produtos-de-limpeza\/solo\/\">V\u00ea o resto da nossa gama de produtos de tratamento de pavimentos<\/a><\/p>\n","protected":false},"excerpt":{"rendered":"<p>Limpador auto-limpante Descri\u00e7\u00e3o do nosso produto de limpeza neutro de baixa porosidade para pavimentos com espuma controlada 2D 5L<\/p>\n","protected":false},"featured_media":239580,"template":"","meta":{"_acf_changed":false},"product_brand":[],"product_cat":[1222,1223,1394],"product_tag":[],"class_list":{"0":"post-126203","1":"product","2":"type-product","3":"status-publish","4":"has-post-thumbnail","6":"product_cat-higiene-e-manutencao","7":"product_cat-produtos-de-limpeza","8":"product_cat-solo","9":"product_shipping_class-nao-e-permitido-em-reles","11":"first","12":"instock","13":"taxable","14":"shipping-taxable","15":"purchasable","16":"product-type-simple"},"acf":[],"yoast_head":"<!-- This site is optimized with the Yoast SEO Premium plugin v26.6 (Yoast SEO v26.6) - https:\/\/yoast.com\/wordpress\/plugins\/seo\/ -->\n<title>Limpador de pavimentos autolimpante de espuma controlada de baixa porosidade<\/title>\n<meta name=\"description\" content=\"Produto de limpeza neutro com m\u00e1quina de esfregar e secar para pavimentos de baixa porosidade. Secagem r\u00e1pida, sem riscos, com efeito anti-est\u00e1tico e espuma controlada.\" \/>\n<meta name=\"robots\" content=\"index, follow, max-snippet:-1, max-image-preview:large, max-video-preview:-1\" \/>\n<link rel=\"canonical\" href=\"https:\/\/www.csj-emballages.com\/pt-pt\/produit\/produto-de-limpeza-de-pavimentos-2d-neutro-e-de-baixa-porosidade-com-espuma-controlada\/\" \/>\n<meta property=\"og:locale\" content=\"pt_PT\" \/>\n<meta property=\"og:type\" content=\"article\" \/>\n<meta property=\"og:title\" content=\"Produto de limpeza neutro de baixa porosidade para pavimentos com espuma controlada 2D 5L\" \/>\n<meta property=\"og:description\" content=\"Produto de limpeza neutro com m\u00e1quina de esfregar e secar para pavimentos de baixa porosidade. Secagem r\u00e1pida, sem riscos, com efeito anti-est\u00e1tico e espuma controlada.\" \/>\n<meta property=\"og:url\" content=\"https:\/\/www.csj-emballages.com\/pt-pt\/produit\/produto-de-limpeza-de-pavimentos-2d-neutro-e-de-baixa-porosidade-com-espuma-controlada\/\" \/>\n<meta property=\"og:site_name\" content=\"CSJ Emballages\" \/>\n<meta property=\"article:publisher\" content=\"https:\/\/www.facebook.com\/csjemballages\" \/>\n<meta property=\"article:modified_time\" content=\"2026-03-19T01:10:21+00:00\" \/>\n<meta property=\"og:image\" content=\"https:\/\/www.csj-emballages.com\/wp-content\/uploads\/2024\/10\/30125.webp\" \/>\n\t<meta property=\"og:image:width\" content=\"800\" \/>\n\t<meta property=\"og:image:height\" content=\"800\" \/>\n\t<meta property=\"og:image:type\" content=\"image\/webp\" \/>\n<meta name=\"twitter:card\" content=\"summary_large_image\" \/>\n<meta name=\"twitter:label1\" content=\"Tempo estimado de leitura\" \/>\n\t<meta name=\"twitter:data1\" content=\"2 minutos\" \/>\n<script type=\"application\/ld+json\" class=\"yoast-schema-graph\">{\"@context\":\"https:\/\/schema.org\",\"@graph\":[{\"@type\":\"WebPage\",\"@id\":\"https:\/\/www.csj-emballages.com\/pt-pt\/produit\/produto-de-limpeza-de-pavimentos-2d-neutro-e-de-baixa-porosidade-com-espuma-controlada\/\",\"url\":\"https:\/\/www.csj-emballages.com\/pt-pt\/produit\/produto-de-limpeza-de-pavimentos-2d-neutro-e-de-baixa-porosidade-com-espuma-controlada\/\",\"name\":\"Limpador de pavimentos autolimpante de espuma controlada de baixa porosidade\",\"isPartOf\":{\"@id\":\"https:\/\/www.csj-emballages.com\/pt-pt\/#website\"},\"primaryImageOfPage\":{\"@id\":\"https:\/\/www.csj-emballages.com\/pt-pt\/produit\/produto-de-limpeza-de-pavimentos-2d-neutro-e-de-baixa-porosidade-com-espuma-controlada\/#primaryimage\"},\"image\":{\"@id\":\"https:\/\/www.csj-emballages.com\/pt-pt\/produit\/produto-de-limpeza-de-pavimentos-2d-neutro-e-de-baixa-porosidade-com-espuma-controlada\/#primaryimage\"},\"thumbnailUrl\":\"https:\/\/www.csj-emballages.com\/wp-content\/uploads\/2024\/10\/30125.webp\",\"datePublished\":\"2024-10-01T00:18:17+00:00\",\"dateModified\":\"2026-03-19T01:10:21+00:00\",\"description\":\"Produto de limpeza neutro com m\u00e1quina de esfregar e secar para pavimentos de baixa porosidade. Secagem r\u00e1pida, sem riscos, com efeito anti-est\u00e1tico e espuma controlada.\",\"breadcrumb\":{\"@id\":\"https:\/\/www.csj-emballages.com\/pt-pt\/produit\/produto-de-limpeza-de-pavimentos-2d-neutro-e-de-baixa-porosidade-com-espuma-controlada\/#breadcrumb\"},\"inLanguage\":\"pt-PT\",\"potentialAction\":[{\"@type\":\"ReadAction\",\"target\":[\"https:\/\/www.csj-emballages.com\/pt-pt\/produit\/produto-de-limpeza-de-pavimentos-2d-neutro-e-de-baixa-porosidade-com-espuma-controlada\/\"]}]},{\"@type\":\"ImageObject\",\"inLanguage\":\"pt-PT\",\"@id\":\"https:\/\/www.csj-emballages.com\/pt-pt\/produit\/produto-de-limpeza-de-pavimentos-2d-neutro-e-de-baixa-porosidade-com-espuma-controlada\/#primaryimage\",\"url\":\"https:\/\/www.csj-emballages.com\/wp-content\/uploads\/2024\/10\/30125.webp\",\"contentUrl\":\"https:\/\/www.csj-emballages.com\/wp-content\/uploads\/2024\/10\/30125.webp\",\"width\":800,\"height\":800,\"caption\":\"Nettoyant auto-laveuse\"},{\"@type\":\"BreadcrumbList\",\"@id\":\"https:\/\/www.csj-emballages.com\/pt-pt\/produit\/produto-de-limpeza-de-pavimentos-2d-neutro-e-de-baixa-porosidade-com-espuma-controlada\/#breadcrumb\",\"itemListElement\":[{\"@type\":\"ListItem\",\"position\":1,\"name\":\"Acolhimento\",\"item\":\"https:\/\/www.csj-emballages.com\/pt-pt\/universo-das-embalagens-alimentares\/\"},{\"@type\":\"ListItem\",\"position\":2,\"name\":\"Shop\",\"item\":\"https:\/\/www.csj-emballages.com\/shop\/\"},{\"@type\":\"ListItem\",\"position\":3,\"name\":\"Produto de limpeza neutro de baixa porosidade para pavimentos com espuma controlada 2D 5L\"}]},{\"@type\":\"WebSite\",\"@id\":\"https:\/\/www.csj-emballages.com\/pt-pt\/#website\",\"url\":\"https:\/\/www.csj-emballages.com\/pt-pt\/\",\"name\":\"CSJ Emballages\",\"description\":\"\",\"publisher\":{\"@id\":\"https:\/\/www.csj-emballages.com\/pt-pt\/#organization\"},\"potentialAction\":[{\"@type\":\"SearchAction\",\"target\":{\"@type\":\"EntryPoint\",\"urlTemplate\":\"https:\/\/www.csj-emballages.com\/pt-pt\/?s={search_term_string}\"},\"query-input\":{\"@type\":\"PropertyValueSpecification\",\"valueRequired\":true,\"valueName\":\"search_term_string\"}}],\"inLanguage\":\"pt-PT\"},{\"@type\":\"Organization\",\"@id\":\"https:\/\/www.csj-emballages.com\/pt-pt\/#Organization\/\",\"name\":\"CSJ Emballages\",\"url\":\"https:\/\/www.csj-emballages.com\/pt-pt\/\",\"logo\":{\"@type\":\"ImageObject\",\"inLanguage\":\"pt-PT\",\"@id\":\"https:\/\/www.csj-emballages.com\/pt-pt\/#\/schema\/logo\/image\/\",\"url\":\"https:\/\/www.csj-emballages.com\/wp-content\/uploads\/2023\/10\/logo_csj.webp\",\"contentUrl\":\"https:\/\/www.csj-emballages.com\/wp-content\/uploads\/2023\/10\/logo_csj.webp\",\"width\":250,\"height\":95,\"caption\":\"CSJ Emballages\"},\"image\":{\"@id\":\"https:\/\/www.csj-emballages.com\/pt-pt\/#\/schema\/logo\/image\/\"},\"sameAs\":[\"https:\/\/www.facebook.com\/csjemballages\"],\"address\":{\"@type\":\"PostalAddress\",\"streetAddress\":\"ZI La Lechere\",\"addressLocality\":\"Patornay\",\"postalCode\":\"39130\",\"addressCountry\":\"FR\"},\"contactPoint\":[{\"@type\":\"ContactPoint\",\"contactType\":\"Service client\",\"telephone\":\"0384254272\",\"email\":\"contact@csj-emballages.com\"}]}]}<\/script>\n<!-- \/ Yoast SEO Premium plugin. -->","yoast_head_json":{"title":"Limpador de pavimentos autolimpante de espuma controlada de baixa porosidade","description":"Produto de limpeza neutro com m\u00e1quina de esfregar e secar para pavimentos de baixa porosidade. Secagem r\u00e1pida, sem riscos, com efeito anti-est\u00e1tico e espuma controlada.","robots":{"index":"index","follow":"follow","max-snippet":"max-snippet:-1","max-image-preview":"max-image-preview:large","max-video-preview":"max-video-preview:-1"},"canonical":"https:\/\/www.csj-emballages.com\/pt-pt\/produit\/produto-de-limpeza-de-pavimentos-2d-neutro-e-de-baixa-porosidade-com-espuma-controlada\/","og_locale":"pt_PT","og_type":"article","og_title":"Produto de limpeza neutro de baixa porosidade para pavimentos com espuma controlada 2D 5L","og_description":"Produto de limpeza neutro com m\u00e1quina de esfregar e secar para pavimentos de baixa porosidade. Secagem r\u00e1pida, sem riscos, com efeito anti-est\u00e1tico e espuma controlada.","og_url":"https:\/\/www.csj-emballages.com\/pt-pt\/produit\/produto-de-limpeza-de-pavimentos-2d-neutro-e-de-baixa-porosidade-com-espuma-controlada\/","og_site_name":"CSJ Emballages","article_publisher":"https:\/\/www.facebook.com\/csjemballages","article_modified_time":"2026-03-19T01:10:21+00:00","og_image":[{"width":800,"height":800,"url":"https:\/\/www.csj-emballages.com\/wp-content\/uploads\/2024\/10\/30125.webp","type":"image\/webp"}],"twitter_card":"summary_large_image","twitter_misc":{"Tempo estimado de leitura":"2 minutos"},"schema":{"@context":"https:\/\/schema.org","@graph":[{"@type":"WebPage","@id":"https:\/\/www.csj-emballages.com\/pt-pt\/produit\/produto-de-limpeza-de-pavimentos-2d-neutro-e-de-baixa-porosidade-com-espuma-controlada\/","url":"https:\/\/www.csj-emballages.com\/pt-pt\/produit\/produto-de-limpeza-de-pavimentos-2d-neutro-e-de-baixa-porosidade-com-espuma-controlada\/","name":"Limpador de pavimentos autolimpante de espuma controlada de baixa porosidade","isPartOf":{"@id":"https:\/\/www.csj-emballages.com\/pt-pt\/#website"},"primaryImageOfPage":{"@id":"https:\/\/www.csj-emballages.com\/pt-pt\/produit\/produto-de-limpeza-de-pavimentos-2d-neutro-e-de-baixa-porosidade-com-espuma-controlada\/#primaryimage"},"image":{"@id":"https:\/\/www.csj-emballages.com\/pt-pt\/produit\/produto-de-limpeza-de-pavimentos-2d-neutro-e-de-baixa-porosidade-com-espuma-controlada\/#primaryimage"},"thumbnailUrl":"https:\/\/www.csj-emballages.com\/wp-content\/uploads\/2024\/10\/30125.webp","datePublished":"2024-10-01T00:18:17+00:00","dateModified":"2026-03-19T01:10:21+00:00","description":"Produto de limpeza neutro com m\u00e1quina de esfregar e secar para pavimentos de baixa porosidade. Secagem r\u00e1pida, sem riscos, com efeito anti-est\u00e1tico e espuma controlada.","breadcrumb":{"@id":"https:\/\/www.csj-emballages.com\/pt-pt\/produit\/produto-de-limpeza-de-pavimentos-2d-neutro-e-de-baixa-porosidade-com-espuma-controlada\/#breadcrumb"},"inLanguage":"pt-PT","potentialAction":[{"@type":"ReadAction","target":["https:\/\/www.csj-emballages.com\/pt-pt\/produit\/produto-de-limpeza-de-pavimentos-2d-neutro-e-de-baixa-porosidade-com-espuma-controlada\/"]}]},{"@type":"ImageObject","inLanguage":"pt-PT","@id":"https:\/\/www.csj-emballages.com\/pt-pt\/produit\/produto-de-limpeza-de-pavimentos-2d-neutro-e-de-baixa-porosidade-com-espuma-controlada\/#primaryimage","url":"https:\/\/www.csj-emballages.com\/wp-content\/uploads\/2024\/10\/30125.webp","contentUrl":"https:\/\/www.csj-emballages.com\/wp-content\/uploads\/2024\/10\/30125.webp","width":800,"height":800,"caption":"Nettoyant auto-laveuse"},{"@type":"BreadcrumbList","@id":"https:\/\/www.csj-emballages.com\/pt-pt\/produit\/produto-de-limpeza-de-pavimentos-2d-neutro-e-de-baixa-porosidade-com-espuma-controlada\/#breadcrumb","itemListElement":[{"@type":"ListItem","position":1,"name":"Acolhimento","item":"https:\/\/www.csj-emballages.com\/pt-pt\/universo-das-embalagens-alimentares\/"},{"@type":"ListItem","position":2,"name":"Shop","item":"https:\/\/www.csj-emballages.com\/shop\/"},{"@type":"ListItem","position":3,"name":"Produto de limpeza neutro de baixa porosidade para pavimentos com espuma controlada 2D 5L"}]},{"@type":"WebSite","@id":"https:\/\/www.csj-emballages.com\/pt-pt\/#website","url":"https:\/\/www.csj-emballages.com\/pt-pt\/","name":"CSJ Emballages","description":"","publisher":{"@id":"https:\/\/www.csj-emballages.com\/pt-pt\/#organization"},"potentialAction":[{"@type":"SearchAction","target":{"@type":"EntryPoint","urlTemplate":"https:\/\/www.csj-emballages.com\/pt-pt\/?s={search_term_string}"},"query-input":{"@type":"PropertyValueSpecification","valueRequired":true,"valueName":"search_term_string"}}],"inLanguage":"pt-PT"},{"@type":"Organization","@id":"https:\/\/www.csj-emballages.com\/pt-pt\/#Organization\/","name":"CSJ Emballages","url":"https:\/\/www.csj-emballages.com\/pt-pt\/","logo":{"@type":"ImageObject","inLanguage":"pt-PT","@id":"https:\/\/www.csj-emballages.com\/pt-pt\/#\/schema\/logo\/image\/","url":"https:\/\/www.csj-emballages.com\/wp-content\/uploads\/2023\/10\/logo_csj.webp","contentUrl":"https:\/\/www.csj-emballages.com\/wp-content\/uploads\/2023\/10\/logo_csj.webp","width":250,"height":95,"caption":"CSJ Emballages"},"image":{"@id":"https:\/\/www.csj-emballages.com\/pt-pt\/#\/schema\/logo\/image\/"},"sameAs":["https:\/\/www.facebook.com\/csjemballages"],"address":{"@type":"PostalAddress","streetAddress":"ZI La Lechere","addressLocality":"Patornay","postalCode":"39130","addressCountry":"FR"},"contactPoint":[{"@type":"ContactPoint","contactType":"Service client","telephone":"0384254272","email":"contact@csj-emballages.com"}]}]}},"df_price":12.9,"df_sale_price":"","df_regular_price":12.9,"df_image_link":"https:\/\/www.csj-emballages.com\/wp-content\/uploads\/2024\/10\/30125-300x300.webp","tiered_pricing_type":"fixed","tiered_pricing_fixed_rules":[],"tiered_pricing_percentage_rules":[],"tiered_pricing_minimum":1,"tiered_pricing_roles_data":[],"_links":{"self":[{"href":"https:\/\/www.csj-emballages.com\/pt-pt\/wp-json\/wp\/v2\/product\/126203","targetHints":{"allow":["GET"]}}],"collection":[{"href":"https:\/\/www.csj-emballages.com\/pt-pt\/wp-json\/wp\/v2\/product"}],"about":[{"href":"https:\/\/www.csj-emballages.com\/pt-pt\/wp-json\/wp\/v2\/types\/product"}],"wp:featuredmedia":[{"embeddable":true,"href":"https:\/\/www.csj-emballages.com\/pt-pt\/wp-json\/wp\/v2\/media\/239580"}],"wp:attachment":[{"href":"https:\/\/www.csj-emballages.com\/pt-pt\/wp-json\/wp\/v2\/media?parent=126203"}],"wp:term":[{"taxonomy":"product_brand","embeddable":true,"href":"https:\/\/www.csj-emballages.com\/pt-pt\/wp-json\/wp\/v2\/product_brand?post=126203"},{"taxonomy":"product_cat","embeddable":true,"href":"https:\/\/www.csj-emballages.com\/pt-pt\/wp-json\/wp\/v2\/product_cat?post=126203"},{"taxonomy":"product_tag","embeddable":true,"href":"https:\/\/www.csj-emballages.com\/pt-pt\/wp-json\/wp\/v2\/product_tag?post=126203"}],"curies":[{"name":"wp","href":"https:\/\/api.w.org\/{rel}","templated":true}]}}