{"id":126194,"date":"2024-09-19T02:18:19","date_gmt":"2024-09-19T00:18:19","guid":{"rendered":"https:\/\/www.csj-emballages.com\/?post_type=product&#038;p=126194"},"modified":"2026-04-14T02:20:56","modified_gmt":"2026-04-14T00:20:56","slug":"250-sacos-de-oferta-planos-em-kraft-dourado-19-8-x-35-cm","status":"publish","type":"product","link":"https:\/\/www.csj-emballages.com\/pt-pt\/produit\/250-sacos-de-oferta-planos-em-kraft-dourado-19-8-x-35-cm\/","title":{"rendered":"19 + 8 x 35 cm envelope de oferta plano em kraft dourado, 250 unidades"},"content":{"rendered":"<div style=\"font-family: Roboto, sans-serif;\">\n<div style=\"font-family: Roboto, sans-serif;\">\n<div style=\"font-family: Roboto, sans-serif;\">\n<div style=\"font-family: Roboto, sans-serif;\">\n<div style=\"font-family: Roboto, sans-serif;\">\n<div style=\"font-family: Roboto, sans-serif;\">\n<div style=\"font-family: Roboto, sans-serif;\">\n<div style=\"font-family: Roboto, sans-serif;\">\n<div style=\"font-family: Roboto, sans-serif;\">\n<div style=\"font-family: Roboto, sans-serif;\">\n<div style=\"font-family: Roboto, sans-serif;\">\n<div style=\"font-family: Roboto, sans-serif;\">\n<div style=\"font-family: Roboto, sans-serif;\">\n<div class=\"flex flex-grow flex-col max-w-full\">\n<div class=\"min-h-[20px] text-message flex flex-col items-start whitespace-pre-wrap break-words [.text-message+&amp;]:mt-5 juice:w-full juice:items-end overflow-x-auto gap-2\" dir=\"auto\" data-message-author-role=\"assistant\" data-message-id=\"2034782e-88f9-44ef-b4dc-07dd7bf0115f\">\n<div class=\"flex w-full flex-col gap-1 juice:empty:hidden juice:first:pt-[3px]\">\n<div class=\"markdown prose w-full break-words dark:prose-invert light\">\n<div style=\"font-family: Roboto, sans-serif;\">\n<div style=\"font-family: Roboto, sans-serif;\">\n<div style=\"font-family: Roboto, sans-serif;\">\n<div style=\"font-family: Roboto, sans-serif;\">\n<div style=\"font-family: Roboto, sans-serif;\">\n<div style=\"font-family: Roboto, sans-serif;\">\n<h2>Envelope de oferta<\/h2>\n<hr>\n<h3>Descri\u00e7\u00e3o do nosso envelope de oferta de 19 + 8 x 35 cm em kraft dourado, 250 unidades<\/h3>\n<p><!--more--><\/p>\n<p data-start=\"267\" data-end=\"661\">Procura uma forma elegante, pr\u00e1tica e econ\u00f3mica de embrulhar os seus pequenos produtos, cart\u00f5es de oferta, vales ou objectos planos? N\u00e3o precisa de procurar mais do que este papel <strong>de embrulho plano, dourado, em kraft<\/strong>. Com o seu <strong data-start=\"513\" data-end=\"538\">formato de 19 + 8 x 35 cm<\/strong>, oferece um bom equil\u00edbrio entre compacidade e capacidade, gra\u00e7as ao seu refor\u00e7o lateral de 8<strong> cm<\/strong> que permite um volume reduzido.  <\/p>\n<p data-start=\"663\" data-end=\"1114\">Com efeito, concebida em <strong data-start=\"673\" data-end=\"695\">papel kraft verg\u00e9<\/strong>, destaca-se pela sua textura refinada e pela sua resist\u00eancia \u00e0 prova de tudo. A sua tonalidade <strong>dourada<\/strong> confere uma <strong data-start=\"798\" data-end=\"827\">nota premium e festiva<\/strong>, perfeita para as festas de fim de ano, eventos especiais ou, simplesmente, para valorizar as suas vendas ao longo de todo o ano. O seu aspeto natural e, ao mesmo tempo, chic adapta-se tanto a lojas artesanais como a marcas mais modernas que procuram uma embalagem diferenciadora.<\/p>\n<p data-start=\"1116\" data-end=\"1396\">Vendida em conjunto de <strong data-start=\"1133\" data-end=\"1147\">250 unidades<\/strong>, esta <strong>bolsa para presente<\/strong> \u00e9 ideal para profissionais: comerciantes, criadores, chocolateiros, joalheiros, livreiros ou empresas de catering. O seu formato \u00e9 tamb\u00e9m perfeito para cart\u00f5es de agradecimento, vales de desconto, convites ou pequenos presentes planos.<\/p>\n<p data-start=\"1398\" data-end=\"1602\">F\u00e1cil de fechar com um simples autocolante, uma <span style=\"color: #d12727;\"><a style=\"color: #d12727;\" href=\"https:\/\/www.csj-emballages.com\/pt-pt\/categorie-produit\/embalagem-de-alimentos\/loja-e-armazem\/acessorios-e-equipamentos-pt-pt\/etiquetas-pt-pt\/\">etiqueta<\/a><\/span> ou uma fita, permite-lhe embalar rapidamente com um acabamento cuidado. Em resumo, \u00e9 a embalagem inteligente que alia <strong data-start=\"1564\" data-end=\"1601\">eleg\u00e2ncia, praticidade e durabilidade.<\/strong><\/p>\n<p data-start=\"1302\" data-end=\"1517\"><!--more--><\/p>\n<p><strong>Vantagens :<\/strong><\/p>\n<ul>\n<li>Papel kraft dur\u00e1vel com um toque de alta qualidade.<\/li>\n<li>Uma cor dourada chique que valoriza os seus produtos.<\/li>\n<li>Formato pr\u00e1tico com refor\u00e7o para maior volume.<\/li>\n<li>Este envelope de oferta \u00e9 ideal para cart\u00f5es de oferta, j\u00f3ias, vales ou pequenos objectos.<\/li>\n<li>Ideal para profissionais: utiliza\u00e7\u00e3o r\u00e1pida, efeito premium imediato.<\/li>\n<\/ul>\n<p>&nbsp;<\/p>\n<p><!--more--><\/p>\n<p><strong>Outras informa\u00e7\u00f5es :  <\/strong><\/p>\n<ul>\n<li><strong>Embalagem<\/strong>: 250 unidades<\/li>\n<li><strong>Dimens\u00f5es<\/strong>: 19 + 8 x 35 cm<\/li>\n<li><strong>Material<\/strong>: Papel Kraft<\/li>\n<li><strong>Cor<\/strong>: Kraft dourado com revestimento<\/li>\n<\/ul>\n<p>&nbsp;<\/p>\n<p><!--more--><\/p>\n<p><span style=\"color: #d12727;\"><span style=\"color: #000000;\">Este produto tamb\u00e9m est\u00e1 dispon\u00edvel em f\u00facsia: <a style=\"color: #d12727;\" href=\"https:\/\/www.csj-emballages.com\/pt-pt\/produit\/250-envelopes-de-oferta-fuschia-19-8-x-35-cm\/\">ECF195<\/a><\/span><\/span><\/p>\n<p>&nbsp;<\/p>\n<p><!--more--><\/p>\n<p>Clique aqui para encontrar o tamanho mais pequeno dispon\u00edvel para este produto: <span style=\"color: #d12727;\"><a style=\"color: #d12727;\" href=\"https:\/\/www.csj-emballages.com\/pt-pt\/produit\/250-sacos-de-oferta-planos-em-kraft-dourado-12-5-x-18-cm\/\">SC12518<\/a><\/span><\/p>\n<p>&nbsp;<\/p>\n<p><!--more--><\/p>\n<p><a href=\"\/?product_cat=sachets-cadeaux\">Ver o resto da nossa gama de sacos de oferta<\/a><\/p>\n<\/div>\n<\/div>\n<\/div>\n<\/div>\n<\/div>\n<\/div>\n<\/div>\n<\/div>\n<\/div>\n<\/div>\n<\/div>\n<\/div>\n<\/div>\n<\/div>\n<\/div>\n<\/div>\n<\/div>\n<\/div>\n<\/div>\n<\/div>\n<\/div>\n<\/div>\n<\/div>\n","protected":false},"excerpt":{"rendered":"<p>Envelope de oferta Descri\u00e7\u00e3o do nosso envelope de oferta de 19 + 8 x 35 cm em kraft dourado, 250 unidades<\/p>\n","protected":false},"featured_media":260534,"template":"","meta":{"_acf_changed":false},"product_brand":[],"product_cat":[1141,1482,3921,3505,1267],"product_tag":[],"class_list":{"0":"post-126194","1":"product","2":"type-product","3":"status-publish","4":"has-post-thumbnail","6":"product_cat-embalagem-de-alimentos","7":"product_cat-loja-e-armazem","8":"product_cat-sacos-saquetas","9":"product_cat-sacos-de-oferta","10":"product_cat-descontos-promocoes","12":"first","13":"instock","14":"sale","15":"taxable","16":"shipping-taxable","17":"purchasable","18":"product-type-simple"},"acf":[],"yoast_head":"<!-- This site is optimized with the Yoast SEO Premium plugin v26.6 (Yoast SEO v26.6) - https:\/\/yoast.com\/wordpress\/plugins\/seo\/ -->\n<title>Envelope de oferta plano Gold Kraft Verg\u00e9 19 + 8 x 35 cm, 250 unidades<\/title>\n<meta name=\"description\" content=\"Papel de embrulho kraft de 19 + 8 x 35 cm. Ideal para embrulhar presentes, uma alternativa pr\u00e1tica e amiga do ambiente!\" \/>\n<meta name=\"robots\" content=\"index, follow, max-snippet:-1, max-image-preview:large, max-video-preview:-1\" \/>\n<link rel=\"canonical\" href=\"https:\/\/www.csj-emballages.com\/pt-pt\/produit\/250-sacos-de-oferta-planos-em-kraft-dourado-19-8-x-35-cm\/\" \/>\n<meta property=\"og:locale\" content=\"pt_PT\" \/>\n<meta property=\"og:type\" content=\"article\" \/>\n<meta property=\"og:title\" content=\"19 + 8 x 35 cm kraft envelope de oferta plano\" \/>\n<meta property=\"og:description\" content=\"Papel de embrulho kraft de 19 + 8 x 35 cm. Ideal para embrulhar presentes, uma alternativa pr\u00e1tica e amiga do ambiente!\" \/>\n<meta property=\"og:url\" content=\"https:\/\/www.csj-emballages.com\/pt-pt\/produit\/250-sacos-de-oferta-planos-em-kraft-dourado-19-8-x-35-cm\/\" \/>\n<meta property=\"og:site_name\" content=\"CSJ Emballages\" \/>\n<meta property=\"article:publisher\" content=\"https:\/\/www.facebook.com\/csjemballages\" \/>\n<meta property=\"article:modified_time\" content=\"2026-04-14T00:20:56+00:00\" \/>\n<meta property=\"og:image\" content=\"https:\/\/www.csj-emballages.com\/wp-content\/uploads\/2024\/09\/SC19835.webp\" \/>\n\t<meta property=\"og:image:width\" content=\"800\" \/>\n\t<meta property=\"og:image:height\" content=\"800\" \/>\n\t<meta property=\"og:image:type\" content=\"image\/webp\" \/>\n<meta name=\"twitter:card\" content=\"summary_large_image\" \/>\n<meta name=\"twitter:title\" content=\"19 + 8 x 35 cm kraft envelope de oferta plano\" \/>\n<meta name=\"twitter:description\" content=\"Papel de embrulho kraft de 19 + 8 x 35 cm. Ideal para embrulhar presentes, uma alternativa pr\u00e1tica e amiga do ambiente!\" \/>\n<meta name=\"twitter:label1\" content=\"Tempo estimado de leitura\" \/>\n\t<meta name=\"twitter:data1\" content=\"2 minutos\" \/>\n<script type=\"application\/ld+json\" class=\"yoast-schema-graph\">{\"@context\":\"https:\/\/schema.org\",\"@graph\":[{\"@type\":\"WebPage\",\"@id\":\"https:\/\/www.csj-emballages.com\/pt-pt\/produit\/250-sacos-de-oferta-planos-em-kraft-dourado-19-8-x-35-cm\/\",\"url\":\"https:\/\/www.csj-emballages.com\/pt-pt\/produit\/250-sacos-de-oferta-planos-em-kraft-dourado-19-8-x-35-cm\/\",\"name\":\"Envelope de oferta plano Gold Kraft Verg\u00e9 19 + 8 x 35 cm, 250 unidades\",\"isPartOf\":{\"@id\":\"https:\/\/www.csj-emballages.com\/pt-pt\/#website\"},\"primaryImageOfPage\":{\"@id\":\"https:\/\/www.csj-emballages.com\/pt-pt\/produit\/250-sacos-de-oferta-planos-em-kraft-dourado-19-8-x-35-cm\/#primaryimage\"},\"image\":{\"@id\":\"https:\/\/www.csj-emballages.com\/pt-pt\/produit\/250-sacos-de-oferta-planos-em-kraft-dourado-19-8-x-35-cm\/#primaryimage\"},\"thumbnailUrl\":\"https:\/\/www.csj-emballages.com\/wp-content\/uploads\/2024\/09\/SC19835.webp\",\"datePublished\":\"2024-09-19T00:18:19+00:00\",\"dateModified\":\"2026-04-14T00:20:56+00:00\",\"description\":\"Papel de embrulho kraft de 19 + 8 x 35 cm. Ideal para embrulhar presentes, uma alternativa pr\u00e1tica e amiga do ambiente!\",\"breadcrumb\":{\"@id\":\"https:\/\/www.csj-emballages.com\/pt-pt\/produit\/250-sacos-de-oferta-planos-em-kraft-dourado-19-8-x-35-cm\/#breadcrumb\"},\"inLanguage\":\"pt-PT\",\"potentialAction\":[{\"@type\":\"ReadAction\",\"target\":[\"https:\/\/www.csj-emballages.com\/pt-pt\/produit\/250-sacos-de-oferta-planos-em-kraft-dourado-19-8-x-35-cm\/\"]}]},{\"@type\":\"ImageObject\",\"inLanguage\":\"pt-PT\",\"@id\":\"https:\/\/www.csj-emballages.com\/pt-pt\/produit\/250-sacos-de-oferta-planos-em-kraft-dourado-19-8-x-35-cm\/#primaryimage\",\"url\":\"https:\/\/www.csj-emballages.com\/wp-content\/uploads\/2024\/09\/SC19835.webp\",\"contentUrl\":\"https:\/\/www.csj-emballages.com\/wp-content\/uploads\/2024\/09\/SC19835.webp\",\"width\":800,\"height\":800,\"caption\":\"Enveloppe cadeau\"},{\"@type\":\"BreadcrumbList\",\"@id\":\"https:\/\/www.csj-emballages.com\/pt-pt\/produit\/250-sacos-de-oferta-planos-em-kraft-dourado-19-8-x-35-cm\/#breadcrumb\",\"itemListElement\":[{\"@type\":\"ListItem\",\"position\":1,\"name\":\"Acolhimento\",\"item\":\"https:\/\/www.csj-emballages.com\/pt-pt\/universo-das-embalagens-alimentares\/\"},{\"@type\":\"ListItem\",\"position\":2,\"name\":\"Shop\",\"item\":\"https:\/\/www.csj-emballages.com\/shop\/\"},{\"@type\":\"ListItem\",\"position\":3,\"name\":\"19 + 8 x 35 cm envelope de oferta plano em kraft dourado, 250 unidades\"}]},{\"@type\":\"WebSite\",\"@id\":\"https:\/\/www.csj-emballages.com\/pt-pt\/#website\",\"url\":\"https:\/\/www.csj-emballages.com\/pt-pt\/\",\"name\":\"CSJ Emballages\",\"description\":\"\",\"publisher\":{\"@id\":\"https:\/\/www.csj-emballages.com\/pt-pt\/#organization\"},\"potentialAction\":[{\"@type\":\"SearchAction\",\"target\":{\"@type\":\"EntryPoint\",\"urlTemplate\":\"https:\/\/www.csj-emballages.com\/pt-pt\/?s={search_term_string}\"},\"query-input\":{\"@type\":\"PropertyValueSpecification\",\"valueRequired\":true,\"valueName\":\"search_term_string\"}}],\"inLanguage\":\"pt-PT\"},{\"@type\":\"Organization\",\"@id\":\"https:\/\/www.csj-emballages.com\/pt-pt\/#Organization\/\",\"name\":\"CSJ Emballages\",\"url\":\"https:\/\/www.csj-emballages.com\/pt-pt\/\",\"logo\":{\"@type\":\"ImageObject\",\"inLanguage\":\"pt-PT\",\"@id\":\"https:\/\/www.csj-emballages.com\/pt-pt\/#\/schema\/logo\/image\/\",\"url\":\"https:\/\/www.csj-emballages.com\/wp-content\/uploads\/2023\/10\/logo_csj.webp\",\"contentUrl\":\"https:\/\/www.csj-emballages.com\/wp-content\/uploads\/2023\/10\/logo_csj.webp\",\"width\":250,\"height\":95,\"caption\":\"CSJ Emballages\"},\"image\":{\"@id\":\"https:\/\/www.csj-emballages.com\/pt-pt\/#\/schema\/logo\/image\/\"},\"sameAs\":[\"https:\/\/www.facebook.com\/csjemballages\"],\"address\":{\"@type\":\"PostalAddress\",\"streetAddress\":\"ZI La Lechere\",\"addressLocality\":\"Patornay\",\"postalCode\":\"39130\",\"addressCountry\":\"FR\"},\"contactPoint\":[{\"@type\":\"ContactPoint\",\"contactType\":\"Service client\",\"telephone\":\"0384254272\",\"email\":\"contact@csj-emballages.com\"}]}]}<\/script>\n<!-- \/ Yoast SEO Premium plugin. -->","yoast_head_json":{"title":"Envelope de oferta plano Gold Kraft Verg\u00e9 19 + 8 x 35 cm, 250 unidades","description":"Papel de embrulho kraft de 19 + 8 x 35 cm. Ideal para embrulhar presentes, uma alternativa pr\u00e1tica e amiga do ambiente!","robots":{"index":"index","follow":"follow","max-snippet":"max-snippet:-1","max-image-preview":"max-image-preview:large","max-video-preview":"max-video-preview:-1"},"canonical":"https:\/\/www.csj-emballages.com\/pt-pt\/produit\/250-sacos-de-oferta-planos-em-kraft-dourado-19-8-x-35-cm\/","og_locale":"pt_PT","og_type":"article","og_title":"19 + 8 x 35 cm kraft envelope de oferta plano","og_description":"Papel de embrulho kraft de 19 + 8 x 35 cm. Ideal para embrulhar presentes, uma alternativa pr\u00e1tica e amiga do ambiente!","og_url":"https:\/\/www.csj-emballages.com\/pt-pt\/produit\/250-sacos-de-oferta-planos-em-kraft-dourado-19-8-x-35-cm\/","og_site_name":"CSJ Emballages","article_publisher":"https:\/\/www.facebook.com\/csjemballages","article_modified_time":"2026-04-14T00:20:56+00:00","og_image":[{"width":800,"height":800,"url":"https:\/\/www.csj-emballages.com\/wp-content\/uploads\/2024\/09\/SC19835.webp","type":"image\/webp"}],"twitter_card":"summary_large_image","twitter_title":"19 + 8 x 35 cm kraft envelope de oferta plano","twitter_description":"Papel de embrulho kraft de 19 + 8 x 35 cm. Ideal para embrulhar presentes, uma alternativa pr\u00e1tica e amiga do ambiente!","twitter_misc":{"Tempo estimado de leitura":"2 minutos"},"schema":{"@context":"https:\/\/schema.org","@graph":[{"@type":"WebPage","@id":"https:\/\/www.csj-emballages.com\/pt-pt\/produit\/250-sacos-de-oferta-planos-em-kraft-dourado-19-8-x-35-cm\/","url":"https:\/\/www.csj-emballages.com\/pt-pt\/produit\/250-sacos-de-oferta-planos-em-kraft-dourado-19-8-x-35-cm\/","name":"Envelope de oferta plano Gold Kraft Verg\u00e9 19 + 8 x 35 cm, 250 unidades","isPartOf":{"@id":"https:\/\/www.csj-emballages.com\/pt-pt\/#website"},"primaryImageOfPage":{"@id":"https:\/\/www.csj-emballages.com\/pt-pt\/produit\/250-sacos-de-oferta-planos-em-kraft-dourado-19-8-x-35-cm\/#primaryimage"},"image":{"@id":"https:\/\/www.csj-emballages.com\/pt-pt\/produit\/250-sacos-de-oferta-planos-em-kraft-dourado-19-8-x-35-cm\/#primaryimage"},"thumbnailUrl":"https:\/\/www.csj-emballages.com\/wp-content\/uploads\/2024\/09\/SC19835.webp","datePublished":"2024-09-19T00:18:19+00:00","dateModified":"2026-04-14T00:20:56+00:00","description":"Papel de embrulho kraft de 19 + 8 x 35 cm. Ideal para embrulhar presentes, uma alternativa pr\u00e1tica e amiga do ambiente!","breadcrumb":{"@id":"https:\/\/www.csj-emballages.com\/pt-pt\/produit\/250-sacos-de-oferta-planos-em-kraft-dourado-19-8-x-35-cm\/#breadcrumb"},"inLanguage":"pt-PT","potentialAction":[{"@type":"ReadAction","target":["https:\/\/www.csj-emballages.com\/pt-pt\/produit\/250-sacos-de-oferta-planos-em-kraft-dourado-19-8-x-35-cm\/"]}]},{"@type":"ImageObject","inLanguage":"pt-PT","@id":"https:\/\/www.csj-emballages.com\/pt-pt\/produit\/250-sacos-de-oferta-planos-em-kraft-dourado-19-8-x-35-cm\/#primaryimage","url":"https:\/\/www.csj-emballages.com\/wp-content\/uploads\/2024\/09\/SC19835.webp","contentUrl":"https:\/\/www.csj-emballages.com\/wp-content\/uploads\/2024\/09\/SC19835.webp","width":800,"height":800,"caption":"Enveloppe cadeau"},{"@type":"BreadcrumbList","@id":"https:\/\/www.csj-emballages.com\/pt-pt\/produit\/250-sacos-de-oferta-planos-em-kraft-dourado-19-8-x-35-cm\/#breadcrumb","itemListElement":[{"@type":"ListItem","position":1,"name":"Acolhimento","item":"https:\/\/www.csj-emballages.com\/pt-pt\/universo-das-embalagens-alimentares\/"},{"@type":"ListItem","position":2,"name":"Shop","item":"https:\/\/www.csj-emballages.com\/shop\/"},{"@type":"ListItem","position":3,"name":"19 + 8 x 35 cm envelope de oferta plano em kraft dourado, 250 unidades"}]},{"@type":"WebSite","@id":"https:\/\/www.csj-emballages.com\/pt-pt\/#website","url":"https:\/\/www.csj-emballages.com\/pt-pt\/","name":"CSJ Emballages","description":"","publisher":{"@id":"https:\/\/www.csj-emballages.com\/pt-pt\/#organization"},"potentialAction":[{"@type":"SearchAction","target":{"@type":"EntryPoint","urlTemplate":"https:\/\/www.csj-emballages.com\/pt-pt\/?s={search_term_string}"},"query-input":{"@type":"PropertyValueSpecification","valueRequired":true,"valueName":"search_term_string"}}],"inLanguage":"pt-PT"},{"@type":"Organization","@id":"https:\/\/www.csj-emballages.com\/pt-pt\/#Organization\/","name":"CSJ Emballages","url":"https:\/\/www.csj-emballages.com\/pt-pt\/","logo":{"@type":"ImageObject","inLanguage":"pt-PT","@id":"https:\/\/www.csj-emballages.com\/pt-pt\/#\/schema\/logo\/image\/","url":"https:\/\/www.csj-emballages.com\/wp-content\/uploads\/2023\/10\/logo_csj.webp","contentUrl":"https:\/\/www.csj-emballages.com\/wp-content\/uploads\/2023\/10\/logo_csj.webp","width":250,"height":95,"caption":"CSJ Emballages"},"image":{"@id":"https:\/\/www.csj-emballages.com\/pt-pt\/#\/schema\/logo\/image\/"},"sameAs":["https:\/\/www.facebook.com\/csjemballages"],"address":{"@type":"PostalAddress","streetAddress":"ZI La Lechere","addressLocality":"Patornay","postalCode":"39130","addressCountry":"FR"},"contactPoint":[{"@type":"ContactPoint","contactType":"Service client","telephone":"0384254272","email":"contact@csj-emballages.com"}]}]}},"df_price":18.12,"df_sale_price":18.12,"df_regular_price":22.66,"df_image_link":"https:\/\/www.csj-emballages.com\/wp-content\/uploads\/2024\/09\/SC19835-300x300.webp","tiered_pricing_type":"fixed","tiered_pricing_fixed_rules":[],"tiered_pricing_percentage_rules":[],"tiered_pricing_minimum":1,"tiered_pricing_roles_data":[],"_links":{"self":[{"href":"https:\/\/www.csj-emballages.com\/pt-pt\/wp-json\/wp\/v2\/product\/126194","targetHints":{"allow":["GET"]}}],"collection":[{"href":"https:\/\/www.csj-emballages.com\/pt-pt\/wp-json\/wp\/v2\/product"}],"about":[{"href":"https:\/\/www.csj-emballages.com\/pt-pt\/wp-json\/wp\/v2\/types\/product"}],"wp:featuredmedia":[{"embeddable":true,"href":"https:\/\/www.csj-emballages.com\/pt-pt\/wp-json\/wp\/v2\/media\/260534"}],"wp:attachment":[{"href":"https:\/\/www.csj-emballages.com\/pt-pt\/wp-json\/wp\/v2\/media?parent=126194"}],"wp:term":[{"taxonomy":"product_brand","embeddable":true,"href":"https:\/\/www.csj-emballages.com\/pt-pt\/wp-json\/wp\/v2\/product_brand?post=126194"},{"taxonomy":"product_cat","embeddable":true,"href":"https:\/\/www.csj-emballages.com\/pt-pt\/wp-json\/wp\/v2\/product_cat?post=126194"},{"taxonomy":"product_tag","embeddable":true,"href":"https:\/\/www.csj-emballages.com\/pt-pt\/wp-json\/wp\/v2\/product_tag?post=126194"}],"curies":[{"name":"wp","href":"https:\/\/api.w.org\/{rel}","templated":true}]}}