{"id":126192,"date":"2024-09-21T02:18:14","date_gmt":"2024-09-21T00:18:14","guid":{"rendered":"https:\/\/www.csj-emballages.com\/?post_type=product&#038;p=126192"},"modified":"2026-05-06T02:10:23","modified_gmt":"2026-05-06T00:10:23","slug":"dispensador-para-cartucho-de-400-ml","status":"publish","type":"product","link":"https:\/\/www.csj-emballages.com\/pt-pt\/produit\/dispensador-para-cartucho-de-400-ml\/","title":{"rendered":"Dispensador de cartuchos de 400 ml"},"content":{"rendered":"<div class=\"flex flex-grow flex-col max-w-full\">\n<div class=\"min-h-[20px] text-message flex flex-col items-start whitespace-pre-wrap break-words [.text-message+&amp;]:mt-5 juice:w-full juice:items-end overflow-x-auto gap-2\" dir=\"auto\" data-message-author-role=\"assistant\" data-message-id=\"2034782e-88f9-44ef-b4dc-07dd7bf0115f\">\n<div class=\"flex w-full flex-col gap-1 juice:empty:hidden juice:first:pt-[3px]\">\n<div class=\"markdown prose w-full break-words dark:prose-invert light\">\n<div style=\"font-family: Roboto, sans-serif;\">\n<div style=\"font-family: Roboto, sans-serif;\">\n<div style=\"font-family: Roboto, sans-serif;\">\n<div style=\"font-family: Roboto, sans-serif;\">\n<div style=\"font-family: Roboto, sans-serif;\">\n<div style=\"font-family: Roboto, sans-serif;\">\n<h2>Distribuidor de cartuchos<\/h2>\n<div style=\"font-family: Roboto, sans-serif;\">\n<div style=\"font-family: Roboto, sans-serif;\">\n<div style=\"font-family: Roboto, sans-serif;\">\n<div style=\"text-align: center;\">\n<div style=\"font-family: Roboto, sans-serif;\">\n<div style=\"font-family: Roboto, sans-serif;\">\n<div style=\"font-family: Roboto, sans-serif;\">\n<div style=\"font-family: Roboto, sans-serif;\">\n<div style=\"font-family: Roboto, sans-serif;\">\n<div style=\"font-family: Roboto, sans-serif; text-align: left;\">\n<hr>\n<h3 style=\"text-align: left;\">Descri\u00e7\u00e3o do distribuidor de cartuchos de 400 ml<!--more--><\/h3>\n<p data-start=\"285\" data-end=\"647\">Este <strong>dispensador<\/strong> mural de cartuchos <strong>de 400 ml<\/strong> foi concebido para conter <strong>cartuchos de 400 ml de sab\u00e3o<\/strong>, <strong>gel hidroalco\u00f3lico<\/strong>, <strong>espuma<\/strong> ou <strong>creme de limpeza<\/strong>. Compacto, robusto e discreto, adapta-se facilmente a todos os tipos de ambientes: cozinhas profissionais, casas de banho p\u00fablicas, consult\u00f3rios m\u00e9dicos, restaurantes ou mesmo oficinas onde a higiene das m\u00e3os \u00e9 essencial. <\/p>\n<p data-start=\"649\" data-end=\"1026\">Fabricado com materiais resistentes, este <strong>dispensador<\/strong> garante uma utiliza\u00e7\u00e3o intensiva sem falhas, assegurando simultaneamente uma manuten\u00e7\u00e3o simplificada. A sua conce\u00e7\u00e3o ergon\u00f3mica permite uma <strong data-start=\"824\" data-end=\"850\">distribui\u00e7\u00e3o controlada<\/strong>, limpa e sem res\u00edduos, gra\u00e7as \u00e0 simples press\u00e3o de um bot\u00e3o. Isto limita a sobredosagem, oferecendo aos utilizadores uma solu\u00e7\u00e3o higi\u00e9nica, econ\u00f3mica e profissional.  <\/p>\n<p data-start=\"1028\" data-end=\"1379\">A substitui\u00e7\u00e3o dos cartuchos \u00e9 r\u00e1pida e segura: basta abrir a <strong>caixa frontal<\/strong> para inserir uma nova recarga. O seu sistema de bloqueio integrado impede a utiliza\u00e7\u00e3o n\u00e3o autorizada ou o roubo dos cartuchos, tornando-a a escolha ideal para locais p\u00fablicos ou empresas que pretendam manter os seus consum\u00edveis sob controlo. <\/p>\n<p data-start=\"1381\" data-end=\"1605\">Este <strong>dispensador<\/strong> <strong>de cartuchos de 400 ml <\/strong>foi concebido para profissionais e estabelecimentos que desejam oferecer ao seu pessoal ou aos seus clientes um ponto de higiene fi\u00e1vel, pr\u00e1tico e duradouro.<\/p>\n<p data-start=\"1381\" data-end=\"1605\">\n<\/div>\n<\/div>\n<\/div>\n<\/div>\n<\/div>\n<\/div>\n<\/div>\n<\/div>\n<\/div>\n<\/div>\n<\/div>\n<\/div>\n<\/div>\n<\/div>\n<\/div>\n<\/div>\n<\/div>\n<\/div>\n<\/div>\n<\/div>\n<div class=\"flex flex-grow flex-col max-w-full\">\n<div class=\"min-h-[20px] text-message flex flex-col items-start whitespace-pre-wrap break-words [.text-message+&amp;]:mt-5 juice:w-full juice:items-end overflow-x-auto gap-2\" dir=\"auto\" data-message-author-role=\"assistant\" data-message-id=\"2034782e-88f9-44ef-b4dc-07dd7bf0115f\">\n<div class=\"flex w-full flex-col gap-1 juice:empty:hidden juice:first:pt-[3px]\">\n<div class=\"markdown prose w-full break-words dark:prose-invert light\">\n<div style=\"font-family: Roboto, sans-serif;\">\n<div style=\"font-family: Roboto, sans-serif;\">\n<div style=\"font-family: Roboto, sans-serif;\">\n<div style=\"font-family: Roboto, sans-serif;\">\n<div style=\"font-family: Roboto, sans-serif;\">\n<div style=\"font-family: Roboto, sans-serif;\">\n<p><!--more--><\/p>\n<h4 style=\"text-align: left;\"><strong>Vantagens :<\/strong><\/h4>\n<ul style=\"text-align: left;\">\n<li>Compat\u00edvel com cartuchos normais de 400 ml (sab\u00e3o, gel, espuma, creme).<\/li>\n<li>Distribui\u00e7\u00e3o limpa e controlada, sem desperd\u00edcios.<\/li>\n<li>F\u00e1cil enchimento e manuten\u00e7\u00e3o.<\/li>\n<li>Design s\u00f3brio, discreto e profissional.<\/li>\n<li>Sistema de bloqueio para uma utiliza\u00e7\u00e3o segura.<\/li>\n<\/ul>\n<\/div>\n<\/div>\n<p>&nbsp;<\/p>\n<\/div>\n<\/div>\n<\/div>\n<\/div>\n<\/div>\n<\/div>\n<\/div>\n<\/div>\n<p><!--more--><\/p>\n<p>Encontre aqui a nossa espuma desinfetante para assento de sanita 400 ml : <span style=\"color: #d12727;\"><a style=\"color: #d12727;\" href=\"https:\/\/www.csj-emballages.com\/es\/produit\/espuma-desinfectante\/\">03SCM03041<\/a><\/span><\/p>\n<p>&nbsp;<\/p>\n<p style=\"text-align: left;\"><!--more--><\/p>\n<p><a href=\"https:\/\/www.csj-emballages.com\/pt-pt\/categorie-produit\/higiene-e-manutencao\/produtos-de-limpeza\/sanitario\/\">V\u00ea o resto da nossa gama de produtos de limpeza sanit\u00e1ria<\/a><\/p>\n","protected":false},"excerpt":{"rendered":"<p>Distribuidor de cartuchos Descri\u00e7\u00e3o do distribuidor de cartuchos de 400 ml<\/p>\n","protected":false},"featured_media":239382,"template":"","meta":{"_acf_changed":false},"product_brand":[],"product_cat":[1222,1413],"product_tag":[],"class_list":{"0":"post-126192","1":"product","2":"type-product","3":"status-publish","4":"has-post-thumbnail","6":"product_cat-higiene-e-manutencao","7":"product_cat-distribuidores-pt-pt","9":"first","10":"instock","11":"taxable","12":"shipping-taxable","13":"purchasable","14":"product-type-simple"},"acf":[],"yoast_head":"<!-- This site is optimized with the Yoast SEO Premium plugin v26.6 (Yoast SEO v26.6) - https:\/\/yoast.com\/wordpress\/plugins\/seo\/ -->\n<title>Dispensador Cartucho de 400 ml<\/title>\n<meta name=\"description\" content=\"Dispensador mural para cartuchos de 400 ml - ideal para sab\u00e3o, gel ou espuma. Fi\u00e1vel, pr\u00e1tico e higi\u00e9nico para todos os ambientes profissionais.\" \/>\n<meta name=\"robots\" content=\"index, follow, max-snippet:-1, max-image-preview:large, max-video-preview:-1\" \/>\n<link rel=\"canonical\" href=\"https:\/\/www.csj-emballages.com\/pt-pt\/produit\/dispensador-para-cartucho-de-400-ml\/\" \/>\n<meta property=\"og:locale\" content=\"pt_PT\" \/>\n<meta property=\"og:type\" content=\"article\" \/>\n<meta property=\"og:title\" content=\"Dispensador de cartuchos de 400 ml\" \/>\n<meta property=\"og:description\" content=\"Dispensador mural para cartuchos de 400 ml - ideal para sab\u00e3o, gel ou espuma. Fi\u00e1vel, pr\u00e1tico e higi\u00e9nico para todos os ambientes profissionais.\" \/>\n<meta property=\"og:url\" content=\"https:\/\/www.csj-emballages.com\/pt-pt\/produit\/dispensador-para-cartucho-de-400-ml\/\" \/>\n<meta property=\"og:site_name\" content=\"CSJ Emballages\" \/>\n<meta property=\"article:publisher\" content=\"https:\/\/www.facebook.com\/csjemballages\" \/>\n<meta property=\"article:modified_time\" content=\"2026-05-06T00:10:23+00:00\" \/>\n<meta property=\"og:image\" content=\"https:\/\/www.csj-emballages.com\/wp-content\/uploads\/2024\/09\/03DS041101.webp\" \/>\n\t<meta property=\"og:image:width\" content=\"800\" \/>\n\t<meta property=\"og:image:height\" content=\"800\" \/>\n\t<meta property=\"og:image:type\" content=\"image\/webp\" \/>\n<meta name=\"twitter:card\" content=\"summary_large_image\" \/>\n<meta name=\"twitter:label1\" content=\"Tempo estimado de leitura\" \/>\n\t<meta name=\"twitter:data1\" content=\"1 minuto\" \/>\n<script type=\"application\/ld+json\" class=\"yoast-schema-graph\">{\"@context\":\"https:\/\/schema.org\",\"@graph\":[{\"@type\":\"WebPage\",\"@id\":\"https:\/\/www.csj-emballages.com\/pt-pt\/produit\/dispensador-para-cartucho-de-400-ml\/\",\"url\":\"https:\/\/www.csj-emballages.com\/pt-pt\/produit\/dispensador-para-cartucho-de-400-ml\/\",\"name\":\"Dispensador Cartucho de 400 ml\",\"isPartOf\":{\"@id\":\"https:\/\/www.csj-emballages.com\/pt-pt\/#website\"},\"primaryImageOfPage\":{\"@id\":\"https:\/\/www.csj-emballages.com\/pt-pt\/produit\/dispensador-para-cartucho-de-400-ml\/#primaryimage\"},\"image\":{\"@id\":\"https:\/\/www.csj-emballages.com\/pt-pt\/produit\/dispensador-para-cartucho-de-400-ml\/#primaryimage\"},\"thumbnailUrl\":\"https:\/\/www.csj-emballages.com\/wp-content\/uploads\/2024\/09\/03DS041101.webp\",\"datePublished\":\"2024-09-21T00:18:14+00:00\",\"dateModified\":\"2026-05-06T00:10:23+00:00\",\"description\":\"Dispensador mural para cartuchos de 400 ml - ideal para sab\u00e3o, gel ou espuma. Fi\u00e1vel, pr\u00e1tico e higi\u00e9nico para todos os ambientes profissionais.\",\"breadcrumb\":{\"@id\":\"https:\/\/www.csj-emballages.com\/pt-pt\/produit\/dispensador-para-cartucho-de-400-ml\/#breadcrumb\"},\"inLanguage\":\"pt-PT\",\"potentialAction\":[{\"@type\":\"ReadAction\",\"target\":[\"https:\/\/www.csj-emballages.com\/pt-pt\/produit\/dispensador-para-cartucho-de-400-ml\/\"]}]},{\"@type\":\"ImageObject\",\"inLanguage\":\"pt-PT\",\"@id\":\"https:\/\/www.csj-emballages.com\/pt-pt\/produit\/dispensador-para-cartucho-de-400-ml\/#primaryimage\",\"url\":\"https:\/\/www.csj-emballages.com\/wp-content\/uploads\/2024\/09\/03DS041101.webp\",\"contentUrl\":\"https:\/\/www.csj-emballages.com\/wp-content\/uploads\/2024\/09\/03DS041101.webp\",\"width\":800,\"height\":800,\"caption\":\"Distributeur cartouche\"},{\"@type\":\"BreadcrumbList\",\"@id\":\"https:\/\/www.csj-emballages.com\/pt-pt\/produit\/dispensador-para-cartucho-de-400-ml\/#breadcrumb\",\"itemListElement\":[{\"@type\":\"ListItem\",\"position\":1,\"name\":\"Acolhimento\",\"item\":\"https:\/\/www.csj-emballages.com\/pt-pt\/universo-das-embalagens-alimentares\/\"},{\"@type\":\"ListItem\",\"position\":2,\"name\":\"Shop\",\"item\":\"https:\/\/www.csj-emballages.com\/shop\/\"},{\"@type\":\"ListItem\",\"position\":3,\"name\":\"Dispensador de cartuchos de 400 ml\"}]},{\"@type\":\"WebSite\",\"@id\":\"https:\/\/www.csj-emballages.com\/pt-pt\/#website\",\"url\":\"https:\/\/www.csj-emballages.com\/pt-pt\/\",\"name\":\"CSJ Emballages\",\"description\":\"\",\"publisher\":{\"@id\":\"https:\/\/www.csj-emballages.com\/pt-pt\/#organization\"},\"potentialAction\":[{\"@type\":\"SearchAction\",\"target\":{\"@type\":\"EntryPoint\",\"urlTemplate\":\"https:\/\/www.csj-emballages.com\/pt-pt\/?s={search_term_string}\"},\"query-input\":{\"@type\":\"PropertyValueSpecification\",\"valueRequired\":true,\"valueName\":\"search_term_string\"}}],\"inLanguage\":\"pt-PT\"},{\"@type\":\"Organization\",\"@id\":\"https:\/\/www.csj-emballages.com\/pt-pt\/#Organization\/\",\"name\":\"CSJ Emballages\",\"url\":\"https:\/\/www.csj-emballages.com\/pt-pt\/\",\"logo\":{\"@type\":\"ImageObject\",\"inLanguage\":\"pt-PT\",\"@id\":\"https:\/\/www.csj-emballages.com\/pt-pt\/#\/schema\/logo\/image\/\",\"url\":\"https:\/\/www.csj-emballages.com\/wp-content\/uploads\/2023\/10\/logo_csj.webp\",\"contentUrl\":\"https:\/\/www.csj-emballages.com\/wp-content\/uploads\/2023\/10\/logo_csj.webp\",\"width\":250,\"height\":95,\"caption\":\"CSJ Emballages\"},\"image\":{\"@id\":\"https:\/\/www.csj-emballages.com\/pt-pt\/#\/schema\/logo\/image\/\"},\"sameAs\":[\"https:\/\/www.facebook.com\/csjemballages\"],\"address\":{\"@type\":\"PostalAddress\",\"streetAddress\":\"ZI La Lechere\",\"addressLocality\":\"Patornay\",\"postalCode\":\"39130\",\"addressCountry\":\"FR\"},\"contactPoint\":[{\"@type\":\"ContactPoint\",\"contactType\":\"Service client\",\"telephone\":\"0384254272\",\"email\":\"contact@csj-emballages.com\"}]}]}<\/script>\n<!-- \/ Yoast SEO Premium plugin. -->","yoast_head_json":{"title":"Dispensador Cartucho de 400 ml","description":"Dispensador mural para cartuchos de 400 ml - ideal para sab\u00e3o, gel ou espuma. Fi\u00e1vel, pr\u00e1tico e higi\u00e9nico para todos os ambientes profissionais.","robots":{"index":"index","follow":"follow","max-snippet":"max-snippet:-1","max-image-preview":"max-image-preview:large","max-video-preview":"max-video-preview:-1"},"canonical":"https:\/\/www.csj-emballages.com\/pt-pt\/produit\/dispensador-para-cartucho-de-400-ml\/","og_locale":"pt_PT","og_type":"article","og_title":"Dispensador de cartuchos de 400 ml","og_description":"Dispensador mural para cartuchos de 400 ml - ideal para sab\u00e3o, gel ou espuma. Fi\u00e1vel, pr\u00e1tico e higi\u00e9nico para todos os ambientes profissionais.","og_url":"https:\/\/www.csj-emballages.com\/pt-pt\/produit\/dispensador-para-cartucho-de-400-ml\/","og_site_name":"CSJ Emballages","article_publisher":"https:\/\/www.facebook.com\/csjemballages","article_modified_time":"2026-05-06T00:10:23+00:00","og_image":[{"width":800,"height":800,"url":"https:\/\/www.csj-emballages.com\/wp-content\/uploads\/2024\/09\/03DS041101.webp","type":"image\/webp"}],"twitter_card":"summary_large_image","twitter_misc":{"Tempo estimado de leitura":"1 minuto"},"schema":{"@context":"https:\/\/schema.org","@graph":[{"@type":"WebPage","@id":"https:\/\/www.csj-emballages.com\/pt-pt\/produit\/dispensador-para-cartucho-de-400-ml\/","url":"https:\/\/www.csj-emballages.com\/pt-pt\/produit\/dispensador-para-cartucho-de-400-ml\/","name":"Dispensador Cartucho de 400 ml","isPartOf":{"@id":"https:\/\/www.csj-emballages.com\/pt-pt\/#website"},"primaryImageOfPage":{"@id":"https:\/\/www.csj-emballages.com\/pt-pt\/produit\/dispensador-para-cartucho-de-400-ml\/#primaryimage"},"image":{"@id":"https:\/\/www.csj-emballages.com\/pt-pt\/produit\/dispensador-para-cartucho-de-400-ml\/#primaryimage"},"thumbnailUrl":"https:\/\/www.csj-emballages.com\/wp-content\/uploads\/2024\/09\/03DS041101.webp","datePublished":"2024-09-21T00:18:14+00:00","dateModified":"2026-05-06T00:10:23+00:00","description":"Dispensador mural para cartuchos de 400 ml - ideal para sab\u00e3o, gel ou espuma. Fi\u00e1vel, pr\u00e1tico e higi\u00e9nico para todos os ambientes profissionais.","breadcrumb":{"@id":"https:\/\/www.csj-emballages.com\/pt-pt\/produit\/dispensador-para-cartucho-de-400-ml\/#breadcrumb"},"inLanguage":"pt-PT","potentialAction":[{"@type":"ReadAction","target":["https:\/\/www.csj-emballages.com\/pt-pt\/produit\/dispensador-para-cartucho-de-400-ml\/"]}]},{"@type":"ImageObject","inLanguage":"pt-PT","@id":"https:\/\/www.csj-emballages.com\/pt-pt\/produit\/dispensador-para-cartucho-de-400-ml\/#primaryimage","url":"https:\/\/www.csj-emballages.com\/wp-content\/uploads\/2024\/09\/03DS041101.webp","contentUrl":"https:\/\/www.csj-emballages.com\/wp-content\/uploads\/2024\/09\/03DS041101.webp","width":800,"height":800,"caption":"Distributeur cartouche"},{"@type":"BreadcrumbList","@id":"https:\/\/www.csj-emballages.com\/pt-pt\/produit\/dispensador-para-cartucho-de-400-ml\/#breadcrumb","itemListElement":[{"@type":"ListItem","position":1,"name":"Acolhimento","item":"https:\/\/www.csj-emballages.com\/pt-pt\/universo-das-embalagens-alimentares\/"},{"@type":"ListItem","position":2,"name":"Shop","item":"https:\/\/www.csj-emballages.com\/shop\/"},{"@type":"ListItem","position":3,"name":"Dispensador de cartuchos de 400 ml"}]},{"@type":"WebSite","@id":"https:\/\/www.csj-emballages.com\/pt-pt\/#website","url":"https:\/\/www.csj-emballages.com\/pt-pt\/","name":"CSJ Emballages","description":"","publisher":{"@id":"https:\/\/www.csj-emballages.com\/pt-pt\/#organization"},"potentialAction":[{"@type":"SearchAction","target":{"@type":"EntryPoint","urlTemplate":"https:\/\/www.csj-emballages.com\/pt-pt\/?s={search_term_string}"},"query-input":{"@type":"PropertyValueSpecification","valueRequired":true,"valueName":"search_term_string"}}],"inLanguage":"pt-PT"},{"@type":"Organization","@id":"https:\/\/www.csj-emballages.com\/pt-pt\/#Organization\/","name":"CSJ Emballages","url":"https:\/\/www.csj-emballages.com\/pt-pt\/","logo":{"@type":"ImageObject","inLanguage":"pt-PT","@id":"https:\/\/www.csj-emballages.com\/pt-pt\/#\/schema\/logo\/image\/","url":"https:\/\/www.csj-emballages.com\/wp-content\/uploads\/2023\/10\/logo_csj.webp","contentUrl":"https:\/\/www.csj-emballages.com\/wp-content\/uploads\/2023\/10\/logo_csj.webp","width":250,"height":95,"caption":"CSJ Emballages"},"image":{"@id":"https:\/\/www.csj-emballages.com\/pt-pt\/#\/schema\/logo\/image\/"},"sameAs":["https:\/\/www.facebook.com\/csjemballages"],"address":{"@type":"PostalAddress","streetAddress":"ZI La Lechere","addressLocality":"Patornay","postalCode":"39130","addressCountry":"FR"},"contactPoint":[{"@type":"ContactPoint","contactType":"Service client","telephone":"0384254272","email":"contact@csj-emballages.com"}]}]}},"df_price":11.62,"df_sale_price":"","df_regular_price":11.62,"df_image_link":"https:\/\/www.csj-emballages.com\/wp-content\/uploads\/2024\/09\/03DS041101-300x300.webp","tiered_pricing_type":"fixed","tiered_pricing_fixed_rules":[],"tiered_pricing_percentage_rules":[],"tiered_pricing_minimum":1,"tiered_pricing_roles_data":[],"_links":{"self":[{"href":"https:\/\/www.csj-emballages.com\/pt-pt\/wp-json\/wp\/v2\/product\/126192","targetHints":{"allow":["GET"]}}],"collection":[{"href":"https:\/\/www.csj-emballages.com\/pt-pt\/wp-json\/wp\/v2\/product"}],"about":[{"href":"https:\/\/www.csj-emballages.com\/pt-pt\/wp-json\/wp\/v2\/types\/product"}],"wp:featuredmedia":[{"embeddable":true,"href":"https:\/\/www.csj-emballages.com\/pt-pt\/wp-json\/wp\/v2\/media\/239382"}],"wp:attachment":[{"href":"https:\/\/www.csj-emballages.com\/pt-pt\/wp-json\/wp\/v2\/media?parent=126192"}],"wp:term":[{"taxonomy":"product_brand","embeddable":true,"href":"https:\/\/www.csj-emballages.com\/pt-pt\/wp-json\/wp\/v2\/product_brand?post=126192"},{"taxonomy":"product_cat","embeddable":true,"href":"https:\/\/www.csj-emballages.com\/pt-pt\/wp-json\/wp\/v2\/product_cat?post=126192"},{"taxonomy":"product_tag","embeddable":true,"href":"https:\/\/www.csj-emballages.com\/pt-pt\/wp-json\/wp\/v2\/product_tag?post=126192"}],"curies":[{"name":"wp","href":"https:\/\/api.w.org\/{rel}","templated":true}]}}