{"id":126186,"date":"2024-09-18T02:18:15","date_gmt":"2024-09-18T00:18:15","guid":{"rendered":"https:\/\/www.csj-emballages.com\/produit\/creme-de-limpeza-750-ml\/"},"modified":"2026-03-27T02:10:46","modified_gmt":"2026-03-27T01:10:46","slug":"creme-de-limpeza-750-ml","status":"publish","type":"product","link":"https:\/\/www.csj-emballages.com\/pt-pt\/produit\/creme-de-limpeza-750-ml\/","title":{"rendered":"Creme de limpeza 750 ml"},"content":{"rendered":"<h2>Creme de limpeza<\/h2>\n<div style=\"font-family: Roboto, sans-serif;\">\n<div style=\"font-family: Roboto, sans-serif;\">\n<div style=\"font-family: Roboto, sans-serif;\">\n<div style=\"font-family: Roboto, sans-serif;\">\n<div style=\"font-family: Roboto, sans-serif;\">\n<div style=\"font-family: Roboto, sans-serif;\">\n<hr>\n<h3>Descri\u00e7\u00e3o do nosso creme de limpeza de 750 ml<\/h3>\n<p><!--more--><\/p>\n<p><strong>ZAX<\/strong> <strong>Cream Cleaner<\/strong> <strong>750ml<\/strong> \u00e9 um produto n\u00e3o abrasivo concebido para uma efic\u00e1cia m\u00e1xima sem danificar as superf\u00edcies. A sua f\u00f3rmula suave torna-o ideal para superf\u00edcies duras e resistentes \u00e0 \u00e1gua. Quer seja na cozinha ou na casa de banho, este produto de limpeza adapta-se a uma variedade de materiais, garantindo uma limpeza profunda.  <\/p>\n<p>Em particular, adapta-se perfeitamente \u00e0s superf\u00edcies cromadas e de a\u00e7o inoxid\u00e1vel. A sua utiliza\u00e7\u00e3o nestes materiais preserva o seu brilho, ao mesmo tempo que elimina as impress\u00f5es digitais e a gordura. \u00c9 tamb\u00e9m ideal para azulejos de cer\u00e2mica dura, onde combate eficazmente as manchas e os res\u00edduos de sab\u00e3o.  <\/p>\n<p>Este produto de <strong>limpeza em creme ZAX<\/strong> <strong>750ml<\/strong> n\u00e3o deixa riscos nem marcas, o que o torna ideal para o uso di\u00e1rio. A sua textura cremosa torna a aplica\u00e7\u00e3o f\u00e1cil e uniforme, mesmo em superf\u00edcies verticais. Ap\u00f3s a utiliza\u00e7\u00e3o, as superf\u00edcies recuperam o seu brilho, dando um toque de limpeza \u00e0 tua casa.  <\/p>\n<p>&nbsp;<\/p>\n<\/div>\n<\/div>\n<\/div>\n<\/div>\n<\/div>\n<\/div>\n<p><!--more--><\/p>\n<div style=\"font-family: Roboto, sans-serif;\">\n<div style=\"font-family: Roboto, sans-serif;\">\n<div style=\"font-family: Roboto, sans-serif;\">\n<div style=\"font-family: Roboto, sans-serif;\">\n<div style=\"font-family: Roboto, sans-serif;\">\n<div style=\"font-family: Roboto, sans-serif;\">\n<p><strong>Vantagens:<\/strong><\/p>\n<ul>\n<li><strong>N\u00e3o abrasivo<\/strong>: A sua f\u00f3rmula suave protege as superf\u00edcies sens\u00edveis de riscos e danos, ao mesmo tempo que proporciona uma limpeza eficaz.<\/li>\n<li><strong>Vers\u00e1til<\/strong>: adequado para uma grande variedade de superf\u00edcies, incluindo a\u00e7o inoxid\u00e1vel, cromado, cer\u00e2mica&#8230;<\/li>\n<li><strong>Resistente \u00e0 \u00e1gua<\/strong>: Ideal para ambientes h\u00famidos, como cozinhas e casas de banho, garante uma limpeza duradoura sem danificar as superf\u00edcies.<\/li>\n<li><strong>Aplica-se facilmente<\/strong>: A sua textura cremosa permite uma aplica\u00e7\u00e3o homog\u00e9nea, mesmo em superf\u00edcies verticais, e enxagua-se facilmente.<\/li>\n<\/ul>\n<\/div>\n<div style=\"font-family: Roboto, sans-serif;\">\n<p>&nbsp;<\/p>\n<\/div>\n<\/div>\n<\/div>\n<\/div>\n<\/div>\n<\/div>\n<p><!--more--><\/p>\n<h4>Outras informa\u00e7\u00f5es :<\/h4>\n<ul>\n<li><strong>Embalagem<\/strong>: Por unidade<\/li>\n<li><strong>Volume<\/strong>: 750 ml<\/li>\n<li><strong>Utiliza\u00e7\u00e3o<\/strong>: Limpador<\/li>\n<\/ul>\n<p>&nbsp;<\/p>\n<p><!--more--><\/p>\n<p><a href=\"https:\/\/www.csj-emballages.com\/pt-pt\/categorie-produit\/higiene-e-manutencao\/produtos-de-limpeza\/cozinha\/\">V\u00ea o resto da nossa gama de produtos de cozinha aqui<\/a><\/p>\n","protected":false},"excerpt":{"rendered":"<p>Creme de limpeza Descri\u00e7\u00e3o do nosso creme de limpeza de 750 ml<\/p>\n","protected":false},"featured_media":222193,"template":"","meta":{"_acf_changed":false},"product_brand":[],"product_cat":[1222,1223,1348],"product_tag":[],"class_list":{"0":"post-126186","1":"product","2":"type-product","3":"status-publish","4":"has-post-thumbnail","6":"product_cat-higiene-e-manutencao","7":"product_cat-produtos-de-limpeza","8":"product_cat-cozinha","10":"first","11":"instock","12":"taxable","13":"shipping-taxable","14":"purchasable","15":"product-type-simple"},"acf":[],"yoast_head":"<!-- This site is optimized with the Yoast SEO Premium plugin v26.6 (Yoast SEO v26.6) - https:\/\/yoast.com\/wordpress\/plugins\/seo\/ -->\n<title>Creme de limpeza 750 ml ZAX<\/title>\n<meta name=\"description\" content=\"ZAX 750 ml de produto de limpeza em creme, n\u00e3o abrasivo. Ideal para a\u00e7o inoxid\u00e1vel, cromado e cer\u00e2mica. Remove n\u00f3doas e gordura, deixa um aroma fresco\" \/>\n<meta name=\"robots\" content=\"index, follow, max-snippet:-1, max-image-preview:large, max-video-preview:-1\" \/>\n<link rel=\"canonical\" href=\"https:\/\/www.csj-emballages.com\/pt-pt\/produit\/creme-de-limpeza-750-ml\/\" \/>\n<meta property=\"og:locale\" content=\"pt_PT\" \/>\n<meta property=\"og:type\" content=\"article\" \/>\n<meta property=\"og:title\" content=\"Creme de limpeza 750 ml\" \/>\n<meta property=\"og:description\" content=\"ZAX 750 ml de produto de limpeza em creme, n\u00e3o abrasivo. Ideal para a\u00e7o inoxid\u00e1vel, cromado e cer\u00e2mica. Remove n\u00f3doas e gordura, deixa um aroma fresco\" \/>\n<meta property=\"og:url\" content=\"https:\/\/www.csj-emballages.com\/pt-pt\/produit\/creme-de-limpeza-750-ml\/\" \/>\n<meta property=\"og:site_name\" content=\"CSJ Emballages\" \/>\n<meta property=\"article:publisher\" content=\"https:\/\/www.facebook.com\/csjemballages\" \/>\n<meta property=\"article:modified_time\" content=\"2026-03-27T01:10:46+00:00\" \/>\n<meta property=\"og:image\" content=\"https:\/\/www.csj-emballages.com\/wp-content\/uploads\/2024\/09\/ZAX-creme.webp\" \/>\n\t<meta property=\"og:image:width\" content=\"800\" \/>\n\t<meta property=\"og:image:height\" content=\"800\" \/>\n\t<meta property=\"og:image:type\" content=\"image\/webp\" \/>\n<meta name=\"twitter:card\" content=\"summary_large_image\" \/>\n<meta name=\"twitter:label1\" content=\"Tempo estimado de leitura\" \/>\n\t<meta name=\"twitter:data1\" content=\"1 minuto\" \/>\n<script type=\"application\/ld+json\" class=\"yoast-schema-graph\">{\"@context\":\"https:\/\/schema.org\",\"@graph\":[{\"@type\":\"WebPage\",\"@id\":\"https:\/\/www.csj-emballages.com\/pt-pt\/produit\/creme-de-limpeza-750-ml\/\",\"url\":\"https:\/\/www.csj-emballages.com\/pt-pt\/produit\/creme-de-limpeza-750-ml\/\",\"name\":\"Creme de limpeza 750 ml ZAX\",\"isPartOf\":{\"@id\":\"https:\/\/www.csj-emballages.com\/pt-pt\/#website\"},\"primaryImageOfPage\":{\"@id\":\"https:\/\/www.csj-emballages.com\/pt-pt\/produit\/creme-de-limpeza-750-ml\/#primaryimage\"},\"image\":{\"@id\":\"https:\/\/www.csj-emballages.com\/pt-pt\/produit\/creme-de-limpeza-750-ml\/#primaryimage\"},\"thumbnailUrl\":\"https:\/\/www.csj-emballages.com\/wp-content\/uploads\/2024\/09\/ZAX-creme.webp\",\"datePublished\":\"2024-09-18T00:18:15+00:00\",\"dateModified\":\"2026-03-27T01:10:46+00:00\",\"description\":\"ZAX 750 ml de produto de limpeza em creme, n\u00e3o abrasivo. Ideal para a\u00e7o inoxid\u00e1vel, cromado e cer\u00e2mica. Remove n\u00f3doas e gordura, deixa um aroma fresco\",\"breadcrumb\":{\"@id\":\"https:\/\/www.csj-emballages.com\/pt-pt\/produit\/creme-de-limpeza-750-ml\/#breadcrumb\"},\"inLanguage\":\"pt-PT\",\"potentialAction\":[{\"@type\":\"ReadAction\",\"target\":[\"https:\/\/www.csj-emballages.com\/pt-pt\/produit\/creme-de-limpeza-750-ml\/\"]}]},{\"@type\":\"ImageObject\",\"inLanguage\":\"pt-PT\",\"@id\":\"https:\/\/www.csj-emballages.com\/pt-pt\/produit\/creme-de-limpeza-750-ml\/#primaryimage\",\"url\":\"https:\/\/www.csj-emballages.com\/wp-content\/uploads\/2024\/09\/ZAX-creme.webp\",\"contentUrl\":\"https:\/\/www.csj-emballages.com\/wp-content\/uploads\/2024\/09\/ZAX-creme.webp\",\"width\":800,\"height\":800,\"caption\":\"Nettoyant en cr\u00e8me\"},{\"@type\":\"BreadcrumbList\",\"@id\":\"https:\/\/www.csj-emballages.com\/pt-pt\/produit\/creme-de-limpeza-750-ml\/#breadcrumb\",\"itemListElement\":[{\"@type\":\"ListItem\",\"position\":1,\"name\":\"Acolhimento\",\"item\":\"https:\/\/www.csj-emballages.com\/pt-pt\/universo-das-embalagens-alimentares\/\"},{\"@type\":\"ListItem\",\"position\":2,\"name\":\"Shop\",\"item\":\"https:\/\/www.csj-emballages.com\/shop\/\"},{\"@type\":\"ListItem\",\"position\":3,\"name\":\"Creme de limpeza 750 ml\"}]},{\"@type\":\"WebSite\",\"@id\":\"https:\/\/www.csj-emballages.com\/pt-pt\/#website\",\"url\":\"https:\/\/www.csj-emballages.com\/pt-pt\/\",\"name\":\"CSJ Emballages\",\"description\":\"\",\"publisher\":{\"@id\":\"https:\/\/www.csj-emballages.com\/pt-pt\/#organization\"},\"potentialAction\":[{\"@type\":\"SearchAction\",\"target\":{\"@type\":\"EntryPoint\",\"urlTemplate\":\"https:\/\/www.csj-emballages.com\/pt-pt\/?s={search_term_string}\"},\"query-input\":{\"@type\":\"PropertyValueSpecification\",\"valueRequired\":true,\"valueName\":\"search_term_string\"}}],\"inLanguage\":\"pt-PT\"},{\"@type\":\"Organization\",\"@id\":\"https:\/\/www.csj-emballages.com\/pt-pt\/#Organization\/\",\"name\":\"CSJ Emballages\",\"url\":\"https:\/\/www.csj-emballages.com\/pt-pt\/\",\"logo\":{\"@type\":\"ImageObject\",\"inLanguage\":\"pt-PT\",\"@id\":\"https:\/\/www.csj-emballages.com\/pt-pt\/#\/schema\/logo\/image\/\",\"url\":\"https:\/\/www.csj-emballages.com\/wp-content\/uploads\/2023\/10\/logo_csj.webp\",\"contentUrl\":\"https:\/\/www.csj-emballages.com\/wp-content\/uploads\/2023\/10\/logo_csj.webp\",\"width\":250,\"height\":95,\"caption\":\"CSJ Emballages\"},\"image\":{\"@id\":\"https:\/\/www.csj-emballages.com\/pt-pt\/#\/schema\/logo\/image\/\"},\"sameAs\":[\"https:\/\/www.facebook.com\/csjemballages\"],\"address\":{\"@type\":\"PostalAddress\",\"streetAddress\":\"ZI La Lechere\",\"addressLocality\":\"Patornay\",\"postalCode\":\"39130\",\"addressCountry\":\"FR\"},\"contactPoint\":[{\"@type\":\"ContactPoint\",\"contactType\":\"Service client\",\"telephone\":\"0384254272\",\"email\":\"contact@csj-emballages.com\"}]}]}<\/script>\n<!-- \/ Yoast SEO Premium plugin. -->","yoast_head_json":{"title":"Creme de limpeza 750 ml ZAX","description":"ZAX 750 ml de produto de limpeza em creme, n\u00e3o abrasivo. Ideal para a\u00e7o inoxid\u00e1vel, cromado e cer\u00e2mica. Remove n\u00f3doas e gordura, deixa um aroma fresco","robots":{"index":"index","follow":"follow","max-snippet":"max-snippet:-1","max-image-preview":"max-image-preview:large","max-video-preview":"max-video-preview:-1"},"canonical":"https:\/\/www.csj-emballages.com\/pt-pt\/produit\/creme-de-limpeza-750-ml\/","og_locale":"pt_PT","og_type":"article","og_title":"Creme de limpeza 750 ml","og_description":"ZAX 750 ml de produto de limpeza em creme, n\u00e3o abrasivo. Ideal para a\u00e7o inoxid\u00e1vel, cromado e cer\u00e2mica. Remove n\u00f3doas e gordura, deixa um aroma fresco","og_url":"https:\/\/www.csj-emballages.com\/pt-pt\/produit\/creme-de-limpeza-750-ml\/","og_site_name":"CSJ Emballages","article_publisher":"https:\/\/www.facebook.com\/csjemballages","article_modified_time":"2026-03-27T01:10:46+00:00","og_image":[{"width":800,"height":800,"url":"https:\/\/www.csj-emballages.com\/wp-content\/uploads\/2024\/09\/ZAX-creme.webp","type":"image\/webp"}],"twitter_card":"summary_large_image","twitter_misc":{"Tempo estimado de leitura":"1 minuto"},"schema":{"@context":"https:\/\/schema.org","@graph":[{"@type":"WebPage","@id":"https:\/\/www.csj-emballages.com\/pt-pt\/produit\/creme-de-limpeza-750-ml\/","url":"https:\/\/www.csj-emballages.com\/pt-pt\/produit\/creme-de-limpeza-750-ml\/","name":"Creme de limpeza 750 ml ZAX","isPartOf":{"@id":"https:\/\/www.csj-emballages.com\/pt-pt\/#website"},"primaryImageOfPage":{"@id":"https:\/\/www.csj-emballages.com\/pt-pt\/produit\/creme-de-limpeza-750-ml\/#primaryimage"},"image":{"@id":"https:\/\/www.csj-emballages.com\/pt-pt\/produit\/creme-de-limpeza-750-ml\/#primaryimage"},"thumbnailUrl":"https:\/\/www.csj-emballages.com\/wp-content\/uploads\/2024\/09\/ZAX-creme.webp","datePublished":"2024-09-18T00:18:15+00:00","dateModified":"2026-03-27T01:10:46+00:00","description":"ZAX 750 ml de produto de limpeza em creme, n\u00e3o abrasivo. Ideal para a\u00e7o inoxid\u00e1vel, cromado e cer\u00e2mica. Remove n\u00f3doas e gordura, deixa um aroma fresco","breadcrumb":{"@id":"https:\/\/www.csj-emballages.com\/pt-pt\/produit\/creme-de-limpeza-750-ml\/#breadcrumb"},"inLanguage":"pt-PT","potentialAction":[{"@type":"ReadAction","target":["https:\/\/www.csj-emballages.com\/pt-pt\/produit\/creme-de-limpeza-750-ml\/"]}]},{"@type":"ImageObject","inLanguage":"pt-PT","@id":"https:\/\/www.csj-emballages.com\/pt-pt\/produit\/creme-de-limpeza-750-ml\/#primaryimage","url":"https:\/\/www.csj-emballages.com\/wp-content\/uploads\/2024\/09\/ZAX-creme.webp","contentUrl":"https:\/\/www.csj-emballages.com\/wp-content\/uploads\/2024\/09\/ZAX-creme.webp","width":800,"height":800,"caption":"Nettoyant en cr\u00e8me"},{"@type":"BreadcrumbList","@id":"https:\/\/www.csj-emballages.com\/pt-pt\/produit\/creme-de-limpeza-750-ml\/#breadcrumb","itemListElement":[{"@type":"ListItem","position":1,"name":"Acolhimento","item":"https:\/\/www.csj-emballages.com\/pt-pt\/universo-das-embalagens-alimentares\/"},{"@type":"ListItem","position":2,"name":"Shop","item":"https:\/\/www.csj-emballages.com\/shop\/"},{"@type":"ListItem","position":3,"name":"Creme de limpeza 750 ml"}]},{"@type":"WebSite","@id":"https:\/\/www.csj-emballages.com\/pt-pt\/#website","url":"https:\/\/www.csj-emballages.com\/pt-pt\/","name":"CSJ Emballages","description":"","publisher":{"@id":"https:\/\/www.csj-emballages.com\/pt-pt\/#organization"},"potentialAction":[{"@type":"SearchAction","target":{"@type":"EntryPoint","urlTemplate":"https:\/\/www.csj-emballages.com\/pt-pt\/?s={search_term_string}"},"query-input":{"@type":"PropertyValueSpecification","valueRequired":true,"valueName":"search_term_string"}}],"inLanguage":"pt-PT"},{"@type":"Organization","@id":"https:\/\/www.csj-emballages.com\/pt-pt\/#Organization\/","name":"CSJ Emballages","url":"https:\/\/www.csj-emballages.com\/pt-pt\/","logo":{"@type":"ImageObject","inLanguage":"pt-PT","@id":"https:\/\/www.csj-emballages.com\/pt-pt\/#\/schema\/logo\/image\/","url":"https:\/\/www.csj-emballages.com\/wp-content\/uploads\/2023\/10\/logo_csj.webp","contentUrl":"https:\/\/www.csj-emballages.com\/wp-content\/uploads\/2023\/10\/logo_csj.webp","width":250,"height":95,"caption":"CSJ Emballages"},"image":{"@id":"https:\/\/www.csj-emballages.com\/pt-pt\/#\/schema\/logo\/image\/"},"sameAs":["https:\/\/www.facebook.com\/csjemballages"],"address":{"@type":"PostalAddress","streetAddress":"ZI La Lechere","addressLocality":"Patornay","postalCode":"39130","addressCountry":"FR"},"contactPoint":[{"@type":"ContactPoint","contactType":"Service client","telephone":"0384254272","email":"contact@csj-emballages.com"}]}]}},"df_price":2.44,"df_sale_price":"","df_regular_price":2.44,"df_image_link":"https:\/\/www.csj-emballages.com\/wp-content\/uploads\/2024\/09\/ZAX-creme-300x300.webp","tiered_pricing_type":"fixed","tiered_pricing_fixed_rules":[],"tiered_pricing_percentage_rules":[],"tiered_pricing_minimum":1,"tiered_pricing_roles_data":[],"_links":{"self":[{"href":"https:\/\/www.csj-emballages.com\/pt-pt\/wp-json\/wp\/v2\/product\/126186","targetHints":{"allow":["GET"]}}],"collection":[{"href":"https:\/\/www.csj-emballages.com\/pt-pt\/wp-json\/wp\/v2\/product"}],"about":[{"href":"https:\/\/www.csj-emballages.com\/pt-pt\/wp-json\/wp\/v2\/types\/product"}],"wp:featuredmedia":[{"embeddable":true,"href":"https:\/\/www.csj-emballages.com\/pt-pt\/wp-json\/wp\/v2\/media\/222193"}],"wp:attachment":[{"href":"https:\/\/www.csj-emballages.com\/pt-pt\/wp-json\/wp\/v2\/media?parent=126186"}],"wp:term":[{"taxonomy":"product_brand","embeddable":true,"href":"https:\/\/www.csj-emballages.com\/pt-pt\/wp-json\/wp\/v2\/product_brand?post=126186"},{"taxonomy":"product_cat","embeddable":true,"href":"https:\/\/www.csj-emballages.com\/pt-pt\/wp-json\/wp\/v2\/product_cat?post=126186"},{"taxonomy":"product_tag","embeddable":true,"href":"https:\/\/www.csj-emballages.com\/pt-pt\/wp-json\/wp\/v2\/product_tag?post=126186"}],"curies":[{"name":"wp","href":"https:\/\/api.w.org\/{rel}","templated":true}]}}