{"id":126159,"date":"2024-09-06T02:18:21","date_gmt":"2024-09-06T00:18:21","guid":{"rendered":"https:\/\/www.csj-emballages.com\/produit\/6-tampas-para-saladeiras-de-plastico-cristal-de-4500-ml-sa4500\/"},"modified":"2026-05-08T02:12:45","modified_gmt":"2026-05-08T00:12:45","slug":"6-tampas-para-saladeiras-de-plastico-cristal-de-4500-ml-sa4500","status":"publish","type":"product","link":"https:\/\/www.csj-emballages.com\/pt-pt\/produit\/6-tampas-para-saladeiras-de-plastico-cristal-de-4500-ml-sa4500\/","title":{"rendered":"Tampa de pl\u00e1stico para saladeira 4500ml SA4500 6pcs"},"content":{"rendered":"<h2>Tampa de pl\u00e1stico<\/h2>\n<hr>\n<h3>Descri\u00e7\u00e3o da nossa tampa de pl\u00e1stico para saladeira 4500ml SA4500 por 6<\/h3>\n<p><!--more--><\/p>\n<div class=\"flex max-w-full flex-col flex-grow\">\n<div class=\"min-h-8 text-message flex w-full flex-col items-end gap-2 whitespace-normal break-words text-start [.text-message+&amp;]:mt-5\" dir=\"auto\" data-message-author-role=\"assistant\" data-message-id=\"266ca6f3-5e07-4948-bd20-80ac5e6da4a5\" data-message-model-slug=\"gpt-4o\">\n<div class=\"flex w-full flex-col gap-1 empty:hidden first:pt-[3px]\">\n<div class=\"markdown prose w-full break-words dark:prose-invert dark\">\n<p>As <strong>tampas de pl\u00e1stico<\/strong> <strong>SA4500<\/strong> para <strong>saladeiras de pl\u00e1stico cristal<\/strong> foram concebidas para uma prote\u00e7\u00e3o \u00f3ptima. Fabricadas em material resistente, garantem uma veda\u00e7\u00e3o herm\u00e9tica e fi\u00e1vel. Estas <strong>tampas<\/strong> adaptam-se perfeitamente \u00e0s <strong>saladeiras<\/strong> com uma capacidade de <strong>4500 ml<\/strong>, oferecendo uma conserva\u00e7\u00e3o eficaz dos alimentos. Protegem os seus pratos dos salpicos e mant\u00eam-nos frescos.   <\/p>\n<p>Estas pr\u00e1ticas tampas encaixam-se facilmente nas <strong>saladeiras<\/strong>, tornando o manuseamento r\u00e1pido e simples. Estas <strong>tampas de pl\u00e1stico<\/strong> para <strong>saladeiras<\/strong> s\u00e3o ideais para grandes quantidades de alimentos, quer para uso dom\u00e9stico ou profissional. Foram concebidas para resistir a varia\u00e7\u00f5es de temperatura (-40\u00b0C \/ +70\u00b0C), permitindo a sua utiliza\u00e7\u00e3o tanto no frigor\u00edfico como \u00e0 temperatura ambiente. Al\u00e9m disso, o seu design empilh\u00e1vel facilita a sua arruma\u00e7\u00e3o nos arm\u00e1rios.   <\/p>\n<p>Em suma, as <strong>tampas de pl\u00e1stico para saladeiras SA4500<\/strong> oferecem uma solu\u00e7\u00e3o pr\u00e1tica e higi\u00e9nica para a conserva\u00e7\u00e3o de alimentos.<\/p>\n<p>&nbsp;<\/p>\n<h2><!--more--><\/h2>\n<article class=\"w-full scroll-mb-[var(--thread-trailing-height,150px)] text-token-text-primary focus-visible:outline-2 focus-visible:outline-offset-[-4px]\" dir=\"auto\" data-testid=\"conversation-turn-5\" data-scroll-anchor=\"false\">\n<div class=\"m-auto text-base py-[18px] px-3 md:px-4 w-full md:px-5 lg:px-4 xl:px-5\">\n<div class=\"mx-auto flex flex-1 gap-4 text-base md:gap-5 lg:gap-6 md:max-w-3xl lg:max-w-[40rem] xl:max-w-[48rem]\">\n<div class=\"group\/conversation-turn relative flex w-full min-w-0 flex-col agent-turn\">\n<div class=\"flex-col gap-1 md:gap-3\">\n<div class=\"flex max-w-full flex-col flex-grow\">\n<div class=\"min-h-8 text-message flex w-full flex-col items-end gap-2 whitespace-normal break-words text-start [.text-message+&amp;]:mt-5\" dir=\"auto\" data-message-author-role=\"assistant\" data-message-id=\"98a91a6a-6202-4e0c-ad85-3389b1f6ea8a\" data-message-model-slug=\"gpt-4o\">\n<div class=\"flex w-full flex-col gap-1 empty:hidden first:pt-[3px]\">\n<p><span style=\"color: #ff0000;\"><a style=\"color: #ff0000;\" href=\"https:\/\/www.csj-emballages.com\/es\/produit\/6-ensaladeras-de-plastico-4500ml\/\"><strong>*Tabuleiros de salada vendidos separadamente<\/strong><\/a><\/span><\/p>\n<\/div>\n<\/div>\n<\/div>\n<\/div>\n<\/div>\n<\/div>\n<\/div>\n<\/article>\n<\/div>\n<\/div>\n<\/div>\n<\/div>\n<p>&nbsp;<\/p>\n<p><!--more--><\/p>\n<h4>Vantagens:<\/h4>\n<ul>\n<li><strong>Fecho seguro<\/strong>: Garante uma veda\u00e7\u00e3o herm\u00e9tica para evitar fugas e proteger as tuas prepara\u00e7\u00f5es durante o transporte.<\/li>\n<li><strong>F\u00e1cil de transportar<\/strong>: Com uma tampa segura, os teus pratos podem ser transportados sem risco de derrame, ideal para takeaways ou eventos.<\/li>\n<li><strong>Praticidade<\/strong>: F\u00e1cil de colocar e retirar, mantendo-se firmemente no lugar depois de fixado.<\/li>\n<li><strong>Compat\u00edvel e adaptado<\/strong>: perfeitamente concebido para a <span style=\"color: #d12727;\"><a style=\"color: #d12727;\" href=\"https:\/\/www.csj-emballages.com\/es\/produit\/6-ensaladeras-de-plastico-4500ml\/\">saladeira de pl\u00e1stico cristal de 4500 ml<\/a><\/span>garantindo um ajuste exato.<\/li>\n<li><strong>Transpar\u00eancia elegante<\/strong>: Tal como a saladeira, a <strong>tampa de pl\u00e1stico transparente da saladeira<\/strong> permite-te ver o conte\u00fado sem teres de a abrir, o que \u00e9 pr\u00e1tico para identificar rapidamente os pratos.<\/li>\n<\/ul>\n<p>&nbsp;<\/p>\n<p><!--more--><\/p>\n<h4>Outras informa\u00e7\u00f5es :<\/h4>\n<ul>\n<li><strong>Embalagem<\/strong>: Pacote de 6<\/li>\n<li><strong>Dimens\u00f5es<\/strong>: 305 x 38 (\u00d8 x H em mm)<\/li>\n<li><strong>Material<\/strong>: Tereftalato de polietileno (PET)<\/li>\n<li><strong>Volume<\/strong>: 4500 ml<\/li>\n<li><strong>Utiliza\u00e7\u00e3o<\/strong>: Frio<\/li>\n<li><strong>Temperatura de funcionamento<\/strong>: -40\u00b0C\/+70\u00b0C<\/li>\n<\/ul>\n<p>&nbsp;<\/p>\n<p><!--more--><\/p>\n<p>Encontre aqui a saladeira compat\u00edvel com este produto vendido separadamente: <span style=\"color: #d12727;\"><a style=\"color: #d12727;\" href=\"https:\/\/www.csj-emballages.com\/es\/produit\/6-ensaladeras-de-plastico-4500ml\/\">SA4500<\/a><\/span><\/p>\n<p>&nbsp;<\/p>\n<p><!--more--><\/p>\n<p>Esta tampa tamb\u00e9m est\u00e1 dispon\u00edvel para saladeiras de 2250 ml: <span style=\"color: #d12727;\"><a style=\"color: #d12727;\" href=\"https:\/\/www.csj-emballages.com\/es\/produit\/25-tapas-para-ensaladeras-de-plastico-cristal-2250-ml-sa2250\/\">COUVSA2250<\/a><\/span><\/p>\n<p>&nbsp;<\/p>\n<p><!--more--><\/p>\n<p><a href=\"\/?product_cat=saladiers\">V\u00ea o resto da nossa gama de saladeiras de pl\u00e1stico<\/a><\/p>\n","protected":false},"excerpt":{"rendered":"<p>Tampa de pl\u00e1stico Descri\u00e7\u00e3o da nossa tampa de pl\u00e1stico para saladeira 4500ml SA4500 por 6<\/p>\n","protected":false},"featured_media":221038,"template":"","meta":{"_acf_changed":false},"product_brand":[],"product_cat":[1141,1176,2289,1525,2471],"product_tag":[],"class_list":{"0":"post-126159","1":"product","2":"type-product","3":"status-publish","4":"has-post-thumbnail","6":"product_cat-embalagem-de-alimentos","7":"product_cat-talho-e-charcutaria","8":"product_cat-tabuleiros-latas-e-frascos","9":"product_cat-tabuleiros-latas-frascos-para-alimentos","10":"product_cat-tigelas-de-salada","12":"first","13":"instock","14":"taxable","15":"shipping-taxable","16":"purchasable","17":"product-type-simple"},"acf":[],"yoast_head":"<!-- This site is optimized with the Yoast SEO Premium plugin v26.6 (Yoast SEO v26.6) - https:\/\/yoast.com\/wordpress\/plugins\/seo\/ -->\n<title>Tampa de pl\u00e1stico para saladeira 4500ml - SA4500<\/title>\n<meta name=\"description\" content=\"Tampa para saladeira de pl\u00e1stico cristal de 4500 ml. Fecho herm\u00e9tico, prote\u00e7\u00e3o \u00f3ptima e design transparente para um transporte seguro dos seus pratos.\" \/>\n<meta name=\"robots\" content=\"index, follow, max-snippet:-1, max-image-preview:large, max-video-preview:-1\" \/>\n<link rel=\"canonical\" href=\"https:\/\/www.csj-emballages.com\/pt-pt\/produit\/6-tampas-para-saladeiras-de-plastico-cristal-de-4500-ml-sa4500\/\" \/>\n<meta property=\"og:locale\" content=\"pt_PT\" \/>\n<meta property=\"og:type\" content=\"article\" \/>\n<meta property=\"og:title\" content=\"Tampa de pl\u00e1stico para saladeira 4500ml SA4500 6pcs\" \/>\n<meta property=\"og:description\" content=\"Tampa para saladeira de pl\u00e1stico cristal de 4500 ml. Fecho herm\u00e9tico, prote\u00e7\u00e3o \u00f3ptima e design transparente para um transporte seguro dos seus pratos.\" \/>\n<meta property=\"og:url\" content=\"https:\/\/www.csj-emballages.com\/pt-pt\/produit\/6-tampas-para-saladeiras-de-plastico-cristal-de-4500-ml-sa4500\/\" \/>\n<meta property=\"og:site_name\" content=\"CSJ Emballages\" \/>\n<meta property=\"article:publisher\" content=\"https:\/\/www.facebook.com\/csjemballages\" \/>\n<meta property=\"article:modified_time\" content=\"2026-05-08T00:12:45+00:00\" \/>\n<meta property=\"og:image\" content=\"https:\/\/www.csj-emballages.com\/wp-content\/uploads\/2024\/09\/COUVSA4500.webp\" \/>\n\t<meta property=\"og:image:width\" content=\"724\" \/>\n\t<meta property=\"og:image:height\" content=\"724\" \/>\n\t<meta property=\"og:image:type\" content=\"image\/webp\" \/>\n<meta name=\"twitter:card\" content=\"summary_large_image\" \/>\n<meta name=\"twitter:label1\" content=\"Tempo estimado de leitura\" \/>\n\t<meta name=\"twitter:data1\" content=\"2 minutos\" \/>\n<script type=\"application\/ld+json\" class=\"yoast-schema-graph\">{\"@context\":\"https:\/\/schema.org\",\"@graph\":[{\"@type\":\"WebPage\",\"@id\":\"https:\/\/www.csj-emballages.com\/pt-pt\/produit\/6-tampas-para-saladeiras-de-plastico-cristal-de-4500-ml-sa4500\/\",\"url\":\"https:\/\/www.csj-emballages.com\/pt-pt\/produit\/6-tampas-para-saladeiras-de-plastico-cristal-de-4500-ml-sa4500\/\",\"name\":\"Tampa de pl\u00e1stico para saladeira 4500ml - SA4500\",\"isPartOf\":{\"@id\":\"https:\/\/www.csj-emballages.com\/pt-pt\/#website\"},\"primaryImageOfPage\":{\"@id\":\"https:\/\/www.csj-emballages.com\/pt-pt\/produit\/6-tampas-para-saladeiras-de-plastico-cristal-de-4500-ml-sa4500\/#primaryimage\"},\"image\":{\"@id\":\"https:\/\/www.csj-emballages.com\/pt-pt\/produit\/6-tampas-para-saladeiras-de-plastico-cristal-de-4500-ml-sa4500\/#primaryimage\"},\"thumbnailUrl\":\"https:\/\/www.csj-emballages.com\/wp-content\/uploads\/2024\/09\/COUVSA4500.webp\",\"datePublished\":\"2024-09-06T00:18:21+00:00\",\"dateModified\":\"2026-05-08T00:12:45+00:00\",\"description\":\"Tampa para saladeira de pl\u00e1stico cristal de 4500 ml. Fecho herm\u00e9tico, prote\u00e7\u00e3o \u00f3ptima e design transparente para um transporte seguro dos seus pratos.\",\"breadcrumb\":{\"@id\":\"https:\/\/www.csj-emballages.com\/pt-pt\/produit\/6-tampas-para-saladeiras-de-plastico-cristal-de-4500-ml-sa4500\/#breadcrumb\"},\"inLanguage\":\"pt-PT\",\"potentialAction\":[{\"@type\":\"ReadAction\",\"target\":[\"https:\/\/www.csj-emballages.com\/pt-pt\/produit\/6-tampas-para-saladeiras-de-plastico-cristal-de-4500-ml-sa4500\/\"]}]},{\"@type\":\"ImageObject\",\"inLanguage\":\"pt-PT\",\"@id\":\"https:\/\/www.csj-emballages.com\/pt-pt\/produit\/6-tampas-para-saladeiras-de-plastico-cristal-de-4500-ml-sa4500\/#primaryimage\",\"url\":\"https:\/\/www.csj-emballages.com\/wp-content\/uploads\/2024\/09\/COUVSA4500.webp\",\"contentUrl\":\"https:\/\/www.csj-emballages.com\/wp-content\/uploads\/2024\/09\/COUVSA4500.webp\",\"width\":724,\"height\":724,\"caption\":\"Couvercle plastique\"},{\"@type\":\"BreadcrumbList\",\"@id\":\"https:\/\/www.csj-emballages.com\/pt-pt\/produit\/6-tampas-para-saladeiras-de-plastico-cristal-de-4500-ml-sa4500\/#breadcrumb\",\"itemListElement\":[{\"@type\":\"ListItem\",\"position\":1,\"name\":\"Acolhimento\",\"item\":\"https:\/\/www.csj-emballages.com\/pt-pt\/universo-das-embalagens-alimentares\/\"},{\"@type\":\"ListItem\",\"position\":2,\"name\":\"Shop\",\"item\":\"https:\/\/www.csj-emballages.com\/shop\/\"},{\"@type\":\"ListItem\",\"position\":3,\"name\":\"Tampa de pl\u00e1stico para saladeira 4500ml SA4500 6pcs\"}]},{\"@type\":\"WebSite\",\"@id\":\"https:\/\/www.csj-emballages.com\/pt-pt\/#website\",\"url\":\"https:\/\/www.csj-emballages.com\/pt-pt\/\",\"name\":\"CSJ Emballages\",\"description\":\"\",\"publisher\":{\"@id\":\"https:\/\/www.csj-emballages.com\/pt-pt\/#organization\"},\"potentialAction\":[{\"@type\":\"SearchAction\",\"target\":{\"@type\":\"EntryPoint\",\"urlTemplate\":\"https:\/\/www.csj-emballages.com\/pt-pt\/?s={search_term_string}\"},\"query-input\":{\"@type\":\"PropertyValueSpecification\",\"valueRequired\":true,\"valueName\":\"search_term_string\"}}],\"inLanguage\":\"pt-PT\"},{\"@type\":\"Organization\",\"@id\":\"https:\/\/www.csj-emballages.com\/pt-pt\/#Organization\/\",\"name\":\"CSJ Emballages\",\"url\":\"https:\/\/www.csj-emballages.com\/pt-pt\/\",\"logo\":{\"@type\":\"ImageObject\",\"inLanguage\":\"pt-PT\",\"@id\":\"https:\/\/www.csj-emballages.com\/pt-pt\/#\/schema\/logo\/image\/\",\"url\":\"https:\/\/www.csj-emballages.com\/wp-content\/uploads\/2023\/10\/logo_csj.webp\",\"contentUrl\":\"https:\/\/www.csj-emballages.com\/wp-content\/uploads\/2023\/10\/logo_csj.webp\",\"width\":250,\"height\":95,\"caption\":\"CSJ Emballages\"},\"image\":{\"@id\":\"https:\/\/www.csj-emballages.com\/pt-pt\/#\/schema\/logo\/image\/\"},\"sameAs\":[\"https:\/\/www.facebook.com\/csjemballages\"],\"address\":{\"@type\":\"PostalAddress\",\"streetAddress\":\"ZI La Lechere\",\"addressLocality\":\"Patornay\",\"postalCode\":\"39130\",\"addressCountry\":\"FR\"},\"contactPoint\":[{\"@type\":\"ContactPoint\",\"contactType\":\"Service client\",\"telephone\":\"0384254272\",\"email\":\"contact@csj-emballages.com\"}]}]}<\/script>\n<!-- \/ Yoast SEO Premium plugin. -->","yoast_head_json":{"title":"Tampa de pl\u00e1stico para saladeira 4500ml - SA4500","description":"Tampa para saladeira de pl\u00e1stico cristal de 4500 ml. Fecho herm\u00e9tico, prote\u00e7\u00e3o \u00f3ptima e design transparente para um transporte seguro dos seus pratos.","robots":{"index":"index","follow":"follow","max-snippet":"max-snippet:-1","max-image-preview":"max-image-preview:large","max-video-preview":"max-video-preview:-1"},"canonical":"https:\/\/www.csj-emballages.com\/pt-pt\/produit\/6-tampas-para-saladeiras-de-plastico-cristal-de-4500-ml-sa4500\/","og_locale":"pt_PT","og_type":"article","og_title":"Tampa de pl\u00e1stico para saladeira 4500ml SA4500 6pcs","og_description":"Tampa para saladeira de pl\u00e1stico cristal de 4500 ml. Fecho herm\u00e9tico, prote\u00e7\u00e3o \u00f3ptima e design transparente para um transporte seguro dos seus pratos.","og_url":"https:\/\/www.csj-emballages.com\/pt-pt\/produit\/6-tampas-para-saladeiras-de-plastico-cristal-de-4500-ml-sa4500\/","og_site_name":"CSJ Emballages","article_publisher":"https:\/\/www.facebook.com\/csjemballages","article_modified_time":"2026-05-08T00:12:45+00:00","og_image":[{"width":724,"height":724,"url":"https:\/\/www.csj-emballages.com\/wp-content\/uploads\/2024\/09\/COUVSA4500.webp","type":"image\/webp"}],"twitter_card":"summary_large_image","twitter_misc":{"Tempo estimado de leitura":"2 minutos"},"schema":{"@context":"https:\/\/schema.org","@graph":[{"@type":"WebPage","@id":"https:\/\/www.csj-emballages.com\/pt-pt\/produit\/6-tampas-para-saladeiras-de-plastico-cristal-de-4500-ml-sa4500\/","url":"https:\/\/www.csj-emballages.com\/pt-pt\/produit\/6-tampas-para-saladeiras-de-plastico-cristal-de-4500-ml-sa4500\/","name":"Tampa de pl\u00e1stico para saladeira 4500ml - SA4500","isPartOf":{"@id":"https:\/\/www.csj-emballages.com\/pt-pt\/#website"},"primaryImageOfPage":{"@id":"https:\/\/www.csj-emballages.com\/pt-pt\/produit\/6-tampas-para-saladeiras-de-plastico-cristal-de-4500-ml-sa4500\/#primaryimage"},"image":{"@id":"https:\/\/www.csj-emballages.com\/pt-pt\/produit\/6-tampas-para-saladeiras-de-plastico-cristal-de-4500-ml-sa4500\/#primaryimage"},"thumbnailUrl":"https:\/\/www.csj-emballages.com\/wp-content\/uploads\/2024\/09\/COUVSA4500.webp","datePublished":"2024-09-06T00:18:21+00:00","dateModified":"2026-05-08T00:12:45+00:00","description":"Tampa para saladeira de pl\u00e1stico cristal de 4500 ml. Fecho herm\u00e9tico, prote\u00e7\u00e3o \u00f3ptima e design transparente para um transporte seguro dos seus pratos.","breadcrumb":{"@id":"https:\/\/www.csj-emballages.com\/pt-pt\/produit\/6-tampas-para-saladeiras-de-plastico-cristal-de-4500-ml-sa4500\/#breadcrumb"},"inLanguage":"pt-PT","potentialAction":[{"@type":"ReadAction","target":["https:\/\/www.csj-emballages.com\/pt-pt\/produit\/6-tampas-para-saladeiras-de-plastico-cristal-de-4500-ml-sa4500\/"]}]},{"@type":"ImageObject","inLanguage":"pt-PT","@id":"https:\/\/www.csj-emballages.com\/pt-pt\/produit\/6-tampas-para-saladeiras-de-plastico-cristal-de-4500-ml-sa4500\/#primaryimage","url":"https:\/\/www.csj-emballages.com\/wp-content\/uploads\/2024\/09\/COUVSA4500.webp","contentUrl":"https:\/\/www.csj-emballages.com\/wp-content\/uploads\/2024\/09\/COUVSA4500.webp","width":724,"height":724,"caption":"Couvercle plastique"},{"@type":"BreadcrumbList","@id":"https:\/\/www.csj-emballages.com\/pt-pt\/produit\/6-tampas-para-saladeiras-de-plastico-cristal-de-4500-ml-sa4500\/#breadcrumb","itemListElement":[{"@type":"ListItem","position":1,"name":"Acolhimento","item":"https:\/\/www.csj-emballages.com\/pt-pt\/universo-das-embalagens-alimentares\/"},{"@type":"ListItem","position":2,"name":"Shop","item":"https:\/\/www.csj-emballages.com\/shop\/"},{"@type":"ListItem","position":3,"name":"Tampa de pl\u00e1stico para saladeira 4500ml SA4500 6pcs"}]},{"@type":"WebSite","@id":"https:\/\/www.csj-emballages.com\/pt-pt\/#website","url":"https:\/\/www.csj-emballages.com\/pt-pt\/","name":"CSJ Emballages","description":"","publisher":{"@id":"https:\/\/www.csj-emballages.com\/pt-pt\/#organization"},"potentialAction":[{"@type":"SearchAction","target":{"@type":"EntryPoint","urlTemplate":"https:\/\/www.csj-emballages.com\/pt-pt\/?s={search_term_string}"},"query-input":{"@type":"PropertyValueSpecification","valueRequired":true,"valueName":"search_term_string"}}],"inLanguage":"pt-PT"},{"@type":"Organization","@id":"https:\/\/www.csj-emballages.com\/pt-pt\/#Organization\/","name":"CSJ Emballages","url":"https:\/\/www.csj-emballages.com\/pt-pt\/","logo":{"@type":"ImageObject","inLanguage":"pt-PT","@id":"https:\/\/www.csj-emballages.com\/pt-pt\/#\/schema\/logo\/image\/","url":"https:\/\/www.csj-emballages.com\/wp-content\/uploads\/2023\/10\/logo_csj.webp","contentUrl":"https:\/\/www.csj-emballages.com\/wp-content\/uploads\/2023\/10\/logo_csj.webp","width":250,"height":95,"caption":"CSJ Emballages"},"image":{"@id":"https:\/\/www.csj-emballages.com\/pt-pt\/#\/schema\/logo\/image\/"},"sameAs":["https:\/\/www.facebook.com\/csjemballages"],"address":{"@type":"PostalAddress","streetAddress":"ZI La Lechere","addressLocality":"Patornay","postalCode":"39130","addressCountry":"FR"},"contactPoint":[{"@type":"ContactPoint","contactType":"Service client","telephone":"0384254272","email":"contact@csj-emballages.com"}]}]}},"df_price":6.08,"df_sale_price":"","df_regular_price":6.08,"df_image_link":"https:\/\/www.csj-emballages.com\/wp-content\/uploads\/2024\/09\/COUVSA4500-300x300.webp","tiered_pricing_type":"fixed","tiered_pricing_fixed_rules":[],"tiered_pricing_percentage_rules":[],"tiered_pricing_minimum":1,"tiered_pricing_roles_data":[],"_links":{"self":[{"href":"https:\/\/www.csj-emballages.com\/pt-pt\/wp-json\/wp\/v2\/product\/126159","targetHints":{"allow":["GET"]}}],"collection":[{"href":"https:\/\/www.csj-emballages.com\/pt-pt\/wp-json\/wp\/v2\/product"}],"about":[{"href":"https:\/\/www.csj-emballages.com\/pt-pt\/wp-json\/wp\/v2\/types\/product"}],"wp:featuredmedia":[{"embeddable":true,"href":"https:\/\/www.csj-emballages.com\/pt-pt\/wp-json\/wp\/v2\/media\/221038"}],"wp:attachment":[{"href":"https:\/\/www.csj-emballages.com\/pt-pt\/wp-json\/wp\/v2\/media?parent=126159"}],"wp:term":[{"taxonomy":"product_brand","embeddable":true,"href":"https:\/\/www.csj-emballages.com\/pt-pt\/wp-json\/wp\/v2\/product_brand?post=126159"},{"taxonomy":"product_cat","embeddable":true,"href":"https:\/\/www.csj-emballages.com\/pt-pt\/wp-json\/wp\/v2\/product_cat?post=126159"},{"taxonomy":"product_tag","embeddable":true,"href":"https:\/\/www.csj-emballages.com\/pt-pt\/wp-json\/wp\/v2\/product_tag?post=126159"}],"curies":[{"name":"wp","href":"https:\/\/api.w.org\/{rel}","templated":true}]}}