{"id":126154,"date":"2024-09-06T02:18:18","date_gmt":"2024-09-06T00:18:18","guid":{"rendered":"https:\/\/www.csj-emballages.com\/?post_type=product&#038;p=126154"},"modified":"2026-03-12T16:11:33","modified_gmt":"2026-03-12T15:11:33","slug":"25-caixas-de-troncos-fairytale-christmas-35-x-11-x-10-cm","status":"publish","type":"product","link":"https:\/\/www.csj-emballages.com\/pt-pt\/produit\/25-caixas-de-troncos-fairytale-christmas-35-x-11-x-10-cm\/","title":{"rendered":"Caixa de troncos de Natal de conto de fadas 35 x 11 x 10 cm, embalagem de 25"},"content":{"rendered":"<div style=\"font-family: Roboto, sans-serif;\">\n<div style=\"font-family: Roboto, sans-serif;\">\n<div style=\"font-family: Roboto, sans-serif;\">\n<div style=\"font-family: Roboto, sans-serif;\">\n<div style=\"font-family: Roboto, sans-serif;\">\n<div style=\"font-family: Roboto, sans-serif;\">\n<div style=\"font-family: Roboto, sans-serif;\">\n<div style=\"font-family: Roboto, sans-serif;\">\n<div style=\"font-family: Roboto, sans-serif;\">\n<div style=\"font-family: Roboto, sans-serif;\">\n<div style=\"font-family: Roboto, sans-serif;\">\n<div style=\"font-family: Roboto, sans-serif;\">\n<div style=\"font-family: Roboto, sans-serif;\">\n<div class=\"flex flex-grow flex-col max-w-full\">\n<div class=\"min-h-[20px] text-message flex flex-col items-start whitespace-pre-wrap break-words [.text-message+&amp;]:mt-5 juice:w-full juice:items-end overflow-x-auto gap-2\" dir=\"auto\" data-message-author-role=\"assistant\" data-message-id=\"2034782e-88f9-44ef-b4dc-07dd7bf0115f\">\n<div class=\"flex w-full flex-col gap-1 juice:empty:hidden juice:first:pt-[3px]\">\n<div class=\"markdown prose w-full break-words dark:prose-invert light\">\n<div style=\"font-family: Roboto, sans-serif;\">\n<div style=\"font-family: Roboto, sans-serif;\">\n<div style=\"font-family: Roboto, sans-serif;\">\n<div style=\"font-family: Roboto, sans-serif;\">\n<div style=\"font-family: Roboto, sans-serif;\">\n<div style=\"font-family: Roboto, sans-serif;\">\n<h2>Caixa de registo<\/h2>\n<div style=\"font-family: Roboto, sans-serif;\">\n<div style=\"font-family: Roboto, sans-serif;\">\n<div style=\"font-family: Roboto, sans-serif;\">\n<div style=\"text-align: center;\">\n<div style=\"font-family: Roboto, sans-serif;\">\n<div style=\"font-family: Roboto, sans-serif;\">\n<div style=\"font-family: Roboto, sans-serif;\">\n<div style=\"font-family: Roboto, sans-serif;\">\n<div style=\"font-family: Roboto, sans-serif;\">\n<div style=\"font-family: Roboto, sans-serif; text-align: left;\">\n<hr>\n<h3 style=\"text-align: left;\">Descri\u00e7\u00e3o da nossa caixa de madeira &#8220;Fairytale Christmas&#8221; 35x11x10 cm<!--more--><\/h3>\n<\/div>\n<\/div>\n<\/div>\n<\/div>\n<\/div>\n<\/div>\n<\/div>\n<\/div>\n<\/div>\n<\/div>\n<\/div>\n<\/div>\n<\/div>\n<\/div>\n<\/div>\n<\/div>\n<\/div>\n<\/div>\n<\/div>\n<\/div>\n<\/div>\n<\/div>\n<\/div>\n<\/div>\n<\/div>\n<\/div>\n<\/div>\n<\/div>\n<\/div>\n<\/div>\n<\/div>\n<\/div>\n<\/div>\n<p>Entre no esp\u00edrito festivo com a <strong>caixa buche<\/strong> &#8220;No\u00ebl f\u00e9\u00e9rique&#8221;. Um produto especialmente concebido para valorizar as suas sobremesas de fim de ano. Medindo <strong>35 x 11 x 10 cm<\/strong>, esta <strong>lata de tr<\/strong> oncos combina praticidade e est\u00e9tica para uma apresenta\u00e7\u00e3o requintada dos seus troncos de Natal. Deixe-se seduzir pelo seu design elegante, que capta a ess\u00eancia m\u00e1gica da \u00e9poca festiva. Quer seja um pasteleiro profissional ou um amador apaixonado, esta <strong>caixa para toros<\/strong> \u00e9 o acess\u00f3rio indispens\u00e1vel para apresentar as suas cria\u00e7\u00f5es gourmet.    <\/p>\n<p>Em primeiro lugar, o seu formato \u00e9 ideal para guardar um <strong>buche<\/strong> grande, garantindo uma apresenta\u00e7\u00e3o impec\u00e1vel e protegendo a delicadeza da sua sobremesa. Gra\u00e7as \u00e0s suas dimens\u00f5es, esta <strong>caixa<\/strong> oferece o espa\u00e7o perfeito para manter a sua pastelaria intacta, seja para entrega ou como presente. Al\u00e9m disso, o seu exterior evoca o encanto do Natal, com motivos festivos que far\u00e3o as del\u00edcias de mi\u00fados e gra\u00fados. Cada detalhe desta <strong>caixa buche<\/strong> foi pensado para dar um toque de magia \u00e0 sua \u00e9poca festiva.   <\/p>\n<p>&nbsp;<\/p>\n<p><!--more--><\/p>\n<h4>Porqu\u00ea utilizar as nossas caixas de toros?<\/h4>\n<p>Para al\u00e9m do seu aspeto cativante, a <strong>caixa buche<\/strong><strong>&#8220;No\u00ebl F\u00e9\u00e9rique<\/strong>&#8221; foi concebida para uma utiliza\u00e7\u00e3o pr\u00e1tica. O seu fecho seguro garante uma boa prote\u00e7\u00e3o da sobremesa. Al\u00e9m disso, os materiais utilizados s\u00e3o resistentes e duradouros, oferecendo uma estabilidade perfeita mesmo durante o transporte. Quer seja para apresentar na mesa ou para oferecer, esta <strong>caixa<\/strong> ser\u00e1 a apresenta\u00e7\u00e3o perfeita.   <\/p>\n<p>Ao optar por esta <strong>caixa<\/strong>, est\u00e1 tamb\u00e9m a ajudar a proteger o ambiente, enquanto desfruta de um produto de alta qualidade. Esta mistura de funcionalidade, durabilidade e eleg\u00e2ncia torna-a um must-have para a \u00e9poca festiva. <\/p>\n<p>&nbsp;<\/p>\n<p><!--more--><\/p>\n<div style=\"font-family: Roboto, sans-serif;\">\n<div style=\"font-family: Roboto, sans-serif;\">\n<div style=\"font-family: Roboto, sans-serif;\">\n<div style=\"font-family: Roboto, sans-serif;\">\n<div style=\"font-family: Roboto, sans-serif;\">\n<div style=\"font-family: Roboto, sans-serif;\">\n<div style=\"font-family: Roboto, sans-serif;\">\n<div style=\"font-family: Roboto, sans-serif;\">\n<div style=\"font-family: Roboto, sans-serif;\">\n<div style=\"font-family: Roboto, sans-serif;\">\n<div style=\"font-family: Roboto, sans-serif;\">\n<div style=\"font-family: Roboto, sans-serif;\">\n<div style=\"font-family: Roboto, sans-serif;\">\n<div class=\"flex flex-grow flex-col max-w-full\">\n<div class=\"min-h-[20px] text-message flex flex-col items-start whitespace-pre-wrap break-words [.text-message+&amp;]:mt-5 juice:w-full juice:items-end overflow-x-auto gap-2\" dir=\"auto\" data-message-author-role=\"assistant\" data-message-id=\"2034782e-88f9-44ef-b4dc-07dd7bf0115f\">\n<div class=\"flex w-full flex-col gap-1 juice:empty:hidden juice:first:pt-[3px]\">\n<div class=\"markdown prose w-full break-words dark:prose-invert light\">\n<div style=\"font-family: Roboto, sans-serif;\">\n<div style=\"font-family: Roboto, sans-serif;\">\n<div style=\"font-family: Roboto, sans-serif;\">\n<div style=\"font-family: Roboto, sans-serif;\">\n<div style=\"font-family: Roboto, sans-serif;\">\n<div style=\"font-family: Roboto, sans-serif;\">\n<p>Em suma, a <strong>caixa para troncos<\/strong><strong>&#8220;No\u00ebl F\u00e9\u00e9rique<\/strong>&#8221; \u00e9 muito mais do que uma simples embalagem. \u00c9 uma verdadeira pe\u00e7a de decora\u00e7\u00e3o para os teus troncos de Natal. Dispon\u00edvel em v\u00e1rios tamanhos, foi concebida para responder a uma variedade de necessidades. D\u00e1 \u00e0s tuas sobremesas de Natal um ambiente que combine com o seu sabor, optando por esta <strong>caixa para troncos.<\/strong> Um produto que agradar\u00e1 a todos os amantes da do\u00e7aria e da eleg\u00e2ncia.   <\/p>\n<p>&nbsp;<\/p>\n<p><!--more--><\/p>\n<h4 style=\"text-align: left;\"><strong>As vantagens da nossa <\/strong>caixa de madeira &#8220;Fairytale Christmas&#8221; 35x11x10 cm <strong>:<\/strong><\/h4>\n<ul style=\"text-align: left;\">\n<li><strong>O tamanho certo<\/strong>: <strong>35 x 11 x 10 cm<\/strong>, perfeito para um tronco grande.<\/li>\n<li><strong>Design festivo<\/strong>: Com a sua est\u00e9tica inspirada no Natal, esta <strong>lata<\/strong> d\u00e1 um toque de magia \u00e0s tuas sobremesas.<\/li>\n<li><strong>Prote\u00e7\u00e3o \u00f3ptima<\/strong>: A <strong>caixa<\/strong> est\u00e1 equipada com um fecho seguro, protegendo eficazmente o teu tronco durante o transporte ou armazenamento.<\/li>\n<li><strong>Praticidade<\/strong>: O seu design torna-o f\u00e1cil de manusear e de apresentar.<\/li>\n<\/ul>\n<\/div>\n<\/div>\n<\/div>\n<\/div>\n<\/div>\n<\/div>\n<\/div>\n<\/div>\n<\/div>\n<\/div>\n<\/div>\n<\/div>\n<p>&nbsp;<\/p>\n<\/div>\n<\/div>\n<\/div>\n<\/div>\n<\/div>\n<\/div>\n<\/div>\n<\/div>\n<\/div>\n<\/div>\n<\/div>\n<p><!--more--><\/p>\n<h4>Outras informa\u00e7\u00f5es sobre este produto:<\/h4>\n<ul style=\"font-family: Roboto, sans-serif;\">\n<li><strong>Embalagem<\/strong>: Pacote de 25<\/li>\n<li><span style=\"font-weight: bold;\">Dimens\u00f5es<\/span>: 35 x 11 x 10 cm (C x L x A)<\/li>\n<\/ul>\n<p>&nbsp;<\/p>\n<p style=\"text-align: left;\"><!--more--><\/p>\n<p><a href=\"https:\/\/www.csj-emballages.com\/pt-pt\/categorie-produit\/embalagem-de-alimentos\/padaria-e-pastelaria\/caixas-e-estojos\/caixas-de-registo\/\">V\u00ea o resto da nossa gama de caixas de madeira &#8220;Fairytale Christmas<\/a><\/p>\n<p>&nbsp;<\/p>\n","protected":false},"excerpt":{"rendered":"<p>Caixa de registo Descri\u00e7\u00e3o da nossa caixa de madeira &#8220;Fairytale Christmas&#8221; 35x11x10 cm<\/p>\n","protected":false},"featured_media":187351,"template":"","meta":{"_acf_changed":false},"product_brand":[],"product_cat":[1141,1177,3916,2079,7780],"product_tag":[],"class_list":{"0":"post-126154","1":"product","2":"type-product","3":"status-publish","4":"has-post-thumbnail","6":"product_cat-embalagem-de-alimentos","7":"product_cat-padaria-e-pastelaria","8":"product_cat-caixas-e-estojos","9":"product_cat-caixas-de-registo","10":"product_cat-caixa-de-troncos-de-natal-de-conto-de-fadas","12":"first","13":"instock","14":"taxable","15":"shipping-taxable","16":"purchasable","17":"product-type-simple"},"acf":[],"yoast_head":"<!-- This site is optimized with the Yoast SEO Premium plugin v26.6 (Yoast SEO v26.6) - https:\/\/yoast.com\/wordpress\/plugins\/seo\/ -->\n<title>Caixa de troncos 35x11x10 cm - modelo &quot;Fairytale Christmas<\/title>\n<meta name=\"description\" content=\"A caixa para toros &quot;No\u00ebl f\u00e9\u00e9rique&quot; de 35 x 11 x 10 cm oferece um design festivo e uma prote\u00e7\u00e3o \u00f3ptima. Ideal para real\u00e7ar as suas sobremesas de Natal com eleg\u00e2ncia.\" \/>\n<meta name=\"robots\" content=\"index, follow, max-snippet:-1, max-image-preview:large, max-video-preview:-1\" \/>\n<link rel=\"canonical\" href=\"https:\/\/www.csj-emballages.com\/pt-pt\/produit\/25-caixas-de-troncos-fairytale-christmas-35-x-11-x-10-cm\/\" \/>\n<meta property=\"og:locale\" content=\"pt_PT\" \/>\n<meta property=\"og:type\" content=\"article\" \/>\n<meta property=\"og:title\" content=\"Caixa de troncos 35x11x10 cm - modelo &quot;Fairytale Christmas\" \/>\n<meta property=\"og:description\" content=\"A caixa para toros &quot;No\u00ebl f\u00e9\u00e9rique&quot; de 35 x 11 x 10 cm oferece um design festivo e uma prote\u00e7\u00e3o \u00f3ptima. Ideal para real\u00e7ar as suas sobremesas de Natal com eleg\u00e2ncia.\" \/>\n<meta property=\"og:url\" content=\"https:\/\/www.csj-emballages.com\/pt-pt\/produit\/25-caixas-de-troncos-fairytale-christmas-35-x-11-x-10-cm\/\" \/>\n<meta property=\"og:site_name\" content=\"CSJ Emballages\" \/>\n<meta property=\"article:publisher\" content=\"https:\/\/www.facebook.com\/csjemballages\" \/>\n<meta property=\"article:modified_time\" content=\"2026-03-12T15:11:33+00:00\" \/>\n<meta property=\"og:image\" content=\"https:\/\/www.csj-emballages.com\/wp-content\/uploads\/2024\/09\/e-amande-4-1-6-300x300.png\" \/>\n<meta name=\"twitter:card\" content=\"summary_large_image\" \/>\n<meta name=\"twitter:title\" content=\"Caixa de troncos 35x11x10 cm - modelo &quot;Fairytale Christmas\" \/>\n<meta name=\"twitter:description\" content=\"A caixa para toros &quot;No\u00ebl f\u00e9\u00e9rique&quot; de 35 x 11 x 10 cm oferece um design festivo e uma prote\u00e7\u00e3o \u00f3ptima. Ideal para real\u00e7ar as suas sobremesas de Natal com eleg\u00e2ncia.\" \/>\n<meta name=\"twitter:image\" content=\"https:\/\/www.csj-emballages.com\/wp-content\/uploads\/2024\/09\/e-amande-4-1-6-1024x1024.png\" \/>\n<meta name=\"twitter:label1\" content=\"Tempo estimado de leitura\" \/>\n\t<meta name=\"twitter:data1\" content=\"3 minutos\" \/>\n<script type=\"application\/ld+json\" class=\"yoast-schema-graph\">{\"@context\":\"https:\/\/schema.org\",\"@graph\":[{\"@type\":\"WebPage\",\"@id\":\"https:\/\/www.csj-emballages.com\/pt-pt\/produit\/25-caixas-de-troncos-fairytale-christmas-35-x-11-x-10-cm\/\",\"url\":\"https:\/\/www.csj-emballages.com\/pt-pt\/produit\/25-caixas-de-troncos-fairytale-christmas-35-x-11-x-10-cm\/\",\"name\":\"Caixa de troncos 35x11x10 cm - modelo \\\"Fairytale Christmas\",\"isPartOf\":{\"@id\":\"https:\/\/www.csj-emballages.com\/pt-pt\/#website\"},\"primaryImageOfPage\":{\"@id\":\"https:\/\/www.csj-emballages.com\/pt-pt\/produit\/25-caixas-de-troncos-fairytale-christmas-35-x-11-x-10-cm\/#primaryimage\"},\"image\":{\"@id\":\"https:\/\/www.csj-emballages.com\/pt-pt\/produit\/25-caixas-de-troncos-fairytale-christmas-35-x-11-x-10-cm\/#primaryimage\"},\"thumbnailUrl\":\"https:\/\/www.csj-emballages.com\/wp-content\/uploads\/2024\/09\/Buche-1-png-e1732692086559.webp\",\"datePublished\":\"2024-09-06T00:18:18+00:00\",\"dateModified\":\"2026-03-12T15:11:33+00:00\",\"description\":\"A caixa para toros \\\"No\u00ebl f\u00e9\u00e9rique\\\" de 35 x 11 x 10 cm oferece um design festivo e uma prote\u00e7\u00e3o \u00f3ptima. Ideal para real\u00e7ar as suas sobremesas de Natal com eleg\u00e2ncia.\",\"breadcrumb\":{\"@id\":\"https:\/\/www.csj-emballages.com\/pt-pt\/produit\/25-caixas-de-troncos-fairytale-christmas-35-x-11-x-10-cm\/#breadcrumb\"},\"inLanguage\":\"pt-PT\",\"potentialAction\":[{\"@type\":\"ReadAction\",\"target\":[\"https:\/\/www.csj-emballages.com\/pt-pt\/produit\/25-caixas-de-troncos-fairytale-christmas-35-x-11-x-10-cm\/\"]}]},{\"@type\":\"ImageObject\",\"inLanguage\":\"pt-PT\",\"@id\":\"https:\/\/www.csj-emballages.com\/pt-pt\/produit\/25-caixas-de-troncos-fairytale-christmas-35-x-11-x-10-cm\/#primaryimage\",\"url\":\"https:\/\/www.csj-emballages.com\/wp-content\/uploads\/2024\/09\/Buche-1-png-e1732692086559.webp\",\"contentUrl\":\"https:\/\/www.csj-emballages.com\/wp-content\/uploads\/2024\/09\/Buche-1-png-e1732692086559.webp\",\"width\":1563,\"height\":1563,\"caption\":\"boite a buche\"},{\"@type\":\"BreadcrumbList\",\"@id\":\"https:\/\/www.csj-emballages.com\/pt-pt\/produit\/25-caixas-de-troncos-fairytale-christmas-35-x-11-x-10-cm\/#breadcrumb\",\"itemListElement\":[{\"@type\":\"ListItem\",\"position\":1,\"name\":\"Acolhimento\",\"item\":\"https:\/\/www.csj-emballages.com\/pt-pt\/universo-das-embalagens-alimentares\/\"},{\"@type\":\"ListItem\",\"position\":2,\"name\":\"Shop\",\"item\":\"https:\/\/www.csj-emballages.com\/shop\/\"},{\"@type\":\"ListItem\",\"position\":3,\"name\":\"Caixa de troncos de Natal de conto de fadas 35 x 11 x 10 cm, embalagem de 25\"}]},{\"@type\":\"WebSite\",\"@id\":\"https:\/\/www.csj-emballages.com\/pt-pt\/#website\",\"url\":\"https:\/\/www.csj-emballages.com\/pt-pt\/\",\"name\":\"CSJ Emballages\",\"description\":\"\",\"publisher\":{\"@id\":\"https:\/\/www.csj-emballages.com\/pt-pt\/#organization\"},\"potentialAction\":[{\"@type\":\"SearchAction\",\"target\":{\"@type\":\"EntryPoint\",\"urlTemplate\":\"https:\/\/www.csj-emballages.com\/pt-pt\/?s={search_term_string}\"},\"query-input\":{\"@type\":\"PropertyValueSpecification\",\"valueRequired\":true,\"valueName\":\"search_term_string\"}}],\"inLanguage\":\"pt-PT\"},{\"@type\":\"Organization\",\"@id\":\"https:\/\/www.csj-emballages.com\/pt-pt\/#Organization\/\",\"name\":\"CSJ Emballages\",\"url\":\"https:\/\/www.csj-emballages.com\/pt-pt\/\",\"logo\":{\"@type\":\"ImageObject\",\"inLanguage\":\"pt-PT\",\"@id\":\"https:\/\/www.csj-emballages.com\/pt-pt\/#\/schema\/logo\/image\/\",\"url\":\"https:\/\/www.csj-emballages.com\/wp-content\/uploads\/2023\/10\/logo_csj.webp\",\"contentUrl\":\"https:\/\/www.csj-emballages.com\/wp-content\/uploads\/2023\/10\/logo_csj.webp\",\"width\":250,\"height\":95,\"caption\":\"CSJ Emballages\"},\"image\":{\"@id\":\"https:\/\/www.csj-emballages.com\/pt-pt\/#\/schema\/logo\/image\/\"},\"sameAs\":[\"https:\/\/www.facebook.com\/csjemballages\"],\"address\":{\"@type\":\"PostalAddress\",\"streetAddress\":\"ZI La Lechere\",\"addressLocality\":\"Patornay\",\"postalCode\":\"39130\",\"addressCountry\":\"FR\"},\"contactPoint\":[{\"@type\":\"ContactPoint\",\"contactType\":\"Service client\",\"telephone\":\"0384254272\",\"email\":\"contact@csj-emballages.com\"}]}]}<\/script>\n<!-- \/ Yoast SEO Premium plugin. -->","yoast_head_json":{"title":"Caixa de troncos 35x11x10 cm - modelo \"Fairytale Christmas","description":"A caixa para toros \"No\u00ebl f\u00e9\u00e9rique\" de 35 x 11 x 10 cm oferece um design festivo e uma prote\u00e7\u00e3o \u00f3ptima. Ideal para real\u00e7ar as suas sobremesas de Natal com eleg\u00e2ncia.","robots":{"index":"index","follow":"follow","max-snippet":"max-snippet:-1","max-image-preview":"max-image-preview:large","max-video-preview":"max-video-preview:-1"},"canonical":"https:\/\/www.csj-emballages.com\/pt-pt\/produit\/25-caixas-de-troncos-fairytale-christmas-35-x-11-x-10-cm\/","og_locale":"pt_PT","og_type":"article","og_title":"Caixa de troncos 35x11x10 cm - modelo \"Fairytale Christmas","og_description":"A caixa para toros \"No\u00ebl f\u00e9\u00e9rique\" de 35 x 11 x 10 cm oferece um design festivo e uma prote\u00e7\u00e3o \u00f3ptima. Ideal para real\u00e7ar as suas sobremesas de Natal com eleg\u00e2ncia.","og_url":"https:\/\/www.csj-emballages.com\/pt-pt\/produit\/25-caixas-de-troncos-fairytale-christmas-35-x-11-x-10-cm\/","og_site_name":"CSJ Emballages","article_publisher":"https:\/\/www.facebook.com\/csjemballages","article_modified_time":"2026-03-12T15:11:33+00:00","og_image":[{"url":"https:\/\/www.csj-emballages.com\/wp-content\/uploads\/2024\/09\/e-amande-4-1-6-300x300.png","type":"","width":"","height":""}],"twitter_card":"summary_large_image","twitter_title":"Caixa de troncos 35x11x10 cm - modelo \"Fairytale Christmas","twitter_description":"A caixa para toros \"No\u00ebl f\u00e9\u00e9rique\" de 35 x 11 x 10 cm oferece um design festivo e uma prote\u00e7\u00e3o \u00f3ptima. Ideal para real\u00e7ar as suas sobremesas de Natal com eleg\u00e2ncia.","twitter_image":"https:\/\/www.csj-emballages.com\/wp-content\/uploads\/2024\/09\/e-amande-4-1-6-1024x1024.png","twitter_misc":{"Tempo estimado de leitura":"3 minutos"},"schema":{"@context":"https:\/\/schema.org","@graph":[{"@type":"WebPage","@id":"https:\/\/www.csj-emballages.com\/pt-pt\/produit\/25-caixas-de-troncos-fairytale-christmas-35-x-11-x-10-cm\/","url":"https:\/\/www.csj-emballages.com\/pt-pt\/produit\/25-caixas-de-troncos-fairytale-christmas-35-x-11-x-10-cm\/","name":"Caixa de troncos 35x11x10 cm - modelo \"Fairytale Christmas","isPartOf":{"@id":"https:\/\/www.csj-emballages.com\/pt-pt\/#website"},"primaryImageOfPage":{"@id":"https:\/\/www.csj-emballages.com\/pt-pt\/produit\/25-caixas-de-troncos-fairytale-christmas-35-x-11-x-10-cm\/#primaryimage"},"image":{"@id":"https:\/\/www.csj-emballages.com\/pt-pt\/produit\/25-caixas-de-troncos-fairytale-christmas-35-x-11-x-10-cm\/#primaryimage"},"thumbnailUrl":"https:\/\/www.csj-emballages.com\/wp-content\/uploads\/2024\/09\/Buche-1-png-e1732692086559.webp","datePublished":"2024-09-06T00:18:18+00:00","dateModified":"2026-03-12T15:11:33+00:00","description":"A caixa para toros \"No\u00ebl f\u00e9\u00e9rique\" de 35 x 11 x 10 cm oferece um design festivo e uma prote\u00e7\u00e3o \u00f3ptima. Ideal para real\u00e7ar as suas sobremesas de Natal com eleg\u00e2ncia.","breadcrumb":{"@id":"https:\/\/www.csj-emballages.com\/pt-pt\/produit\/25-caixas-de-troncos-fairytale-christmas-35-x-11-x-10-cm\/#breadcrumb"},"inLanguage":"pt-PT","potentialAction":[{"@type":"ReadAction","target":["https:\/\/www.csj-emballages.com\/pt-pt\/produit\/25-caixas-de-troncos-fairytale-christmas-35-x-11-x-10-cm\/"]}]},{"@type":"ImageObject","inLanguage":"pt-PT","@id":"https:\/\/www.csj-emballages.com\/pt-pt\/produit\/25-caixas-de-troncos-fairytale-christmas-35-x-11-x-10-cm\/#primaryimage","url":"https:\/\/www.csj-emballages.com\/wp-content\/uploads\/2024\/09\/Buche-1-png-e1732692086559.webp","contentUrl":"https:\/\/www.csj-emballages.com\/wp-content\/uploads\/2024\/09\/Buche-1-png-e1732692086559.webp","width":1563,"height":1563,"caption":"boite a buche"},{"@type":"BreadcrumbList","@id":"https:\/\/www.csj-emballages.com\/pt-pt\/produit\/25-caixas-de-troncos-fairytale-christmas-35-x-11-x-10-cm\/#breadcrumb","itemListElement":[{"@type":"ListItem","position":1,"name":"Acolhimento","item":"https:\/\/www.csj-emballages.com\/pt-pt\/universo-das-embalagens-alimentares\/"},{"@type":"ListItem","position":2,"name":"Shop","item":"https:\/\/www.csj-emballages.com\/shop\/"},{"@type":"ListItem","position":3,"name":"Caixa de troncos de Natal de conto de fadas 35 x 11 x 10 cm, embalagem de 25"}]},{"@type":"WebSite","@id":"https:\/\/www.csj-emballages.com\/pt-pt\/#website","url":"https:\/\/www.csj-emballages.com\/pt-pt\/","name":"CSJ Emballages","description":"","publisher":{"@id":"https:\/\/www.csj-emballages.com\/pt-pt\/#organization"},"potentialAction":[{"@type":"SearchAction","target":{"@type":"EntryPoint","urlTemplate":"https:\/\/www.csj-emballages.com\/pt-pt\/?s={search_term_string}"},"query-input":{"@type":"PropertyValueSpecification","valueRequired":true,"valueName":"search_term_string"}}],"inLanguage":"pt-PT"},{"@type":"Organization","@id":"https:\/\/www.csj-emballages.com\/pt-pt\/#Organization\/","name":"CSJ Emballages","url":"https:\/\/www.csj-emballages.com\/pt-pt\/","logo":{"@type":"ImageObject","inLanguage":"pt-PT","@id":"https:\/\/www.csj-emballages.com\/pt-pt\/#\/schema\/logo\/image\/","url":"https:\/\/www.csj-emballages.com\/wp-content\/uploads\/2023\/10\/logo_csj.webp","contentUrl":"https:\/\/www.csj-emballages.com\/wp-content\/uploads\/2023\/10\/logo_csj.webp","width":250,"height":95,"caption":"CSJ Emballages"},"image":{"@id":"https:\/\/www.csj-emballages.com\/pt-pt\/#\/schema\/logo\/image\/"},"sameAs":["https:\/\/www.facebook.com\/csjemballages"],"address":{"@type":"PostalAddress","streetAddress":"ZI La Lechere","addressLocality":"Patornay","postalCode":"39130","addressCountry":"FR"},"contactPoint":[{"@type":"ContactPoint","contactType":"Service client","telephone":"0384254272","email":"contact@csj-emballages.com"}]}]}},"df_price":17.26,"df_sale_price":"","df_regular_price":17.26,"df_image_link":"https:\/\/www.csj-emballages.com\/wp-content\/uploads\/2024\/09\/Buche-1-300x300.webp","tiered_pricing_type":"fixed","tiered_pricing_fixed_rules":[],"tiered_pricing_percentage_rules":[],"tiered_pricing_minimum":1,"tiered_pricing_roles_data":[],"_links":{"self":[{"href":"https:\/\/www.csj-emballages.com\/pt-pt\/wp-json\/wp\/v2\/product\/126154","targetHints":{"allow":["GET"]}}],"collection":[{"href":"https:\/\/www.csj-emballages.com\/pt-pt\/wp-json\/wp\/v2\/product"}],"about":[{"href":"https:\/\/www.csj-emballages.com\/pt-pt\/wp-json\/wp\/v2\/types\/product"}],"wp:featuredmedia":[{"embeddable":true,"href":"https:\/\/www.csj-emballages.com\/pt-pt\/wp-json\/wp\/v2\/media\/187351"}],"wp:attachment":[{"href":"https:\/\/www.csj-emballages.com\/pt-pt\/wp-json\/wp\/v2\/media?parent=126154"}],"wp:term":[{"taxonomy":"product_brand","embeddable":true,"href":"https:\/\/www.csj-emballages.com\/pt-pt\/wp-json\/wp\/v2\/product_brand?post=126154"},{"taxonomy":"product_cat","embeddable":true,"href":"https:\/\/www.csj-emballages.com\/pt-pt\/wp-json\/wp\/v2\/product_cat?post=126154"},{"taxonomy":"product_tag","embeddable":true,"href":"https:\/\/www.csj-emballages.com\/pt-pt\/wp-json\/wp\/v2\/product_tag?post=126154"}],"curies":[{"name":"wp","href":"https:\/\/api.w.org\/{rel}","templated":true}]}}