{"id":126132,"date":"2024-09-03T02:18:12","date_gmt":"2024-09-03T00:18:12","guid":{"rendered":"https:\/\/www.csj-emballages.com\/produit\/vassoura-1-2-cabeca-de-seda-chinesa-38cm-montagem-em-pp-com-encaixe-de-parafuso-integrado\/"},"modified":"2026-05-14T02:10:52","modified_gmt":"2026-05-14T00:10:52","slug":"vassoura-1-2-cabeca-de-seda-chinesa-38cm-montagem-em-pp-com-encaixe-de-parafuso-integrado","status":"publish","type":"product","link":"https:\/\/www.csj-emballages.com\/pt-pt\/produit\/vassoura-1-2-cabeca-de-seda-chinesa-38cm-montagem-em-pp-com-encaixe-de-parafuso-integrado\/","title":{"rendered":"Vassoura 1\/2 cabe\u00e7a de seda chinesa 38cm Montagem em PP com encaixe de parafuso integrado"},"content":{"rendered":"<h2>Vassoura 1\/2 cabe\u00e7a de seda chinesa 38cm Montagem em PP com encaixe de parafuso integrado<\/h2>\n<hr>\n<h3>Descri\u00e7\u00e3o do produto<\/h3>\n<p><!--more--><\/p>\n<p>A vassoura de meia cabe\u00e7a de seda chinesa de 38 cm, com a sua estrutura de polipropileno, foi concebida com fibras de seda chinesa. Estas fibras proporcionam uma varredura suave e eficaz, perfeita para superf\u00edcies delicadas. A estrutura em PP \u00e9 leve e f\u00e1cil de manusear, mesmo durante longos per\u00edodos de utiliza\u00e7\u00e3o. Esta vassoura tamb\u00e9m possui um encaixe de parafuso integrado, facilitando a coloca\u00e7\u00e3o do cabo e garantindo um encaixe est\u00e1vel e duradouro.   <\/p>\n<p>Com 38 cm, \u00e9 suficientemente larga para cobrir uma grande \u00e1rea de limpeza, mas suficientemente compacta para alcan\u00e7ar cantos dif\u00edceis de alcan\u00e7ar. Esta vassoura de meia cabe\u00e7a de seda chinesa \u00e9 igualmente adequada para profissionais de limpeza e propriet\u00e1rios de casas exigentes. Com os seus materiais de qualidade e design funcional, combina desempenho e durabilidade.  <\/p>\n<p>&nbsp;<\/p>\n<p><!--more--><\/p>\n<p>Uma escolha obrigat\u00f3ria para quem procura uma ferramenta fi\u00e1vel e pr\u00e1tica para as suas tarefas de limpeza di\u00e1rias.<\/p>\n<p>&nbsp;<\/p>\n<p><!--more--><\/p>\n<p><strong>As suas vantagens:<\/strong><\/p>\n<ul>\n<li><strong>Maior manobrabilidade<\/strong>: Gra\u00e7as ao seu tamanho mais compacto, s\u00e3o mais f\u00e1ceis de manusear.<\/li>\n<li><strong>Acesso a locais dif\u00edceis<\/strong>: A sua cabe\u00e7a pequena permite limpar cantos apertados que as vassouras de cabe\u00e7a cheia n\u00e3o conseguem alcan\u00e7ar.<\/li>\n<li><strong>Versatilidade<\/strong>: Estas varredoras s\u00e3o adequadas tanto para uso dom\u00e9stico como profissional.<\/li>\n<li><strong>F\u00e1cil de guardar<\/strong>: O seu tamanho compacto facilita a sua arruma\u00e7\u00e3o.<\/li>\n<\/ul>\n<p>&nbsp;<\/p>\n<p><!--more--><\/p>\n<p>Aqui tens os cabos de vassoura para esta vassoura: <span style=\"color: #d12727;\"><a style=\"color: #d12727;\" href=\"https:\/\/www.csj-emballages.com\/es\/produit\/asa-de-aluminio-atornillable-francesa-azul-140-cm\/\">MANCHALUVIS<\/a><\/span> \/ <span style=\"color: #d12727;\"><a style=\"color: #d12727;\" href=\"https:\/\/www.csj-emballages.com\/es\/produit\/mango-de-rosca-natural-de-130-m\/\">MANCHNAT130VIS<\/a><\/span><\/p>\n<p>&nbsp;<\/p>\n<p><!--more--><\/p>\n<p><a href=\"https:\/\/www.csj-emballages.com\/pt-pt\/categorie-produit\/higiene-e-manutencao\/escovas-e-vassouras\/vassoura-escova-espanador-de-penas\/vassouras-vassouras-de-chao-espanadores\/\">Ver o resto da nossa gama de vassouras, vassouras e espanadores  <\/a><\/p>\n","protected":false},"excerpt":{"rendered":"<p>Vassoura 1\/2 cabe\u00e7a de seda chinesa 38cm Montagem em PP com encaixe de parafuso integrado Descri\u00e7\u00e3o do produto<\/p>\n","protected":false},"featured_media":93911,"template":"","meta":{"_acf_changed":false},"product_brand":[],"product_cat":[1222,1456,1821,1829],"product_tag":[],"class_list":{"0":"post-126132","1":"product","2":"type-product","3":"status-publish","4":"has-post-thumbnail","6":"product_cat-higiene-e-manutencao","7":"product_cat-escovas-e-vassouras","8":"product_cat-vassoura-escova-espanador-de-penas","9":"product_cat-vassouras-vassouras-de-chao-espanadores","11":"first","12":"instock","13":"taxable","14":"shipping-taxable","15":"purchasable","16":"product-type-simple"},"acf":[],"yoast_head":"<!-- This site is optimized with the Yoast SEO Premium plugin v26.6 (Yoast SEO v26.6) - https:\/\/yoast.com\/wordpress\/plugins\/seo\/ -->\n<title>Vassoura de seda chinesa de meia cabe\u00e7a \/ CSJ Emballages<\/title>\n<meta name=\"description\" content=\"Descubra a vassoura de meia-cabe\u00e7a de 38 cm com arma\u00e7\u00e3o em PP e encaixe de parafuso integrado. Compacta, pr\u00e1tica e ideal para uma limpeza precisa.\" \/>\n<meta name=\"robots\" content=\"index, follow, max-snippet:-1, max-image-preview:large, max-video-preview:-1\" \/>\n<link rel=\"canonical\" href=\"https:\/\/www.csj-emballages.com\/pt-pt\/produit\/vassoura-1-2-cabeca-de-seda-chinesa-38cm-montagem-em-pp-com-encaixe-de-parafuso-integrado\/\" \/>\n<meta property=\"og:locale\" content=\"pt_PT\" \/>\n<meta property=\"og:type\" content=\"article\" \/>\n<meta property=\"og:title\" content=\"Vassoura 1\/2 cabe\u00e7a de seda chinesa 38cm Montagem em PP com encaixe de parafuso integrado\" \/>\n<meta property=\"og:description\" content=\"Descubra a vassoura de meia-cabe\u00e7a de 38 cm com arma\u00e7\u00e3o em PP e encaixe de parafuso integrado. Compacta, pr\u00e1tica e ideal para uma limpeza precisa.\" \/>\n<meta property=\"og:url\" content=\"https:\/\/www.csj-emballages.com\/pt-pt\/produit\/vassoura-1-2-cabeca-de-seda-chinesa-38cm-montagem-em-pp-com-encaixe-de-parafuso-integrado\/\" \/>\n<meta property=\"og:site_name\" content=\"CSJ Emballages\" \/>\n<meta property=\"article:publisher\" content=\"https:\/\/www.facebook.com\/csjemballages\" \/>\n<meta property=\"article:modified_time\" content=\"2026-05-14T00:10:52+00:00\" \/>\n<meta property=\"og:image\" content=\"https:\/\/www.csj-emballages.com\/wp-content\/uploads\/2024\/09\/balai-1-2-tete-soies-de-chine-monture-pp-douille-vis-integree-jpg.webp\" \/>\n\t<meta property=\"og:image:width\" content=\"458\" \/>\n\t<meta property=\"og:image:height\" content=\"458\" \/>\n\t<meta property=\"og:image:type\" content=\"image\/jpeg\" \/>\n<meta name=\"twitter:card\" content=\"summary_large_image\" \/>\n<meta name=\"twitter:label1\" content=\"Tempo estimado de leitura\" \/>\n\t<meta name=\"twitter:data1\" content=\"1 minuto\" \/>\n<script type=\"application\/ld+json\" class=\"yoast-schema-graph\">{\"@context\":\"https:\/\/schema.org\",\"@graph\":[{\"@type\":\"WebPage\",\"@id\":\"https:\/\/www.csj-emballages.com\/pt-pt\/produit\/vassoura-1-2-cabeca-de-seda-chinesa-38cm-montagem-em-pp-com-encaixe-de-parafuso-integrado\/\",\"url\":\"https:\/\/www.csj-emballages.com\/pt-pt\/produit\/vassoura-1-2-cabeca-de-seda-chinesa-38cm-montagem-em-pp-com-encaixe-de-parafuso-integrado\/\",\"name\":\"Vassoura de seda chinesa de meia cabe\u00e7a \/ CSJ Emballages\",\"isPartOf\":{\"@id\":\"https:\/\/www.csj-emballages.com\/pt-pt\/#website\"},\"primaryImageOfPage\":{\"@id\":\"https:\/\/www.csj-emballages.com\/pt-pt\/produit\/vassoura-1-2-cabeca-de-seda-chinesa-38cm-montagem-em-pp-com-encaixe-de-parafuso-integrado\/#primaryimage\"},\"image\":{\"@id\":\"https:\/\/www.csj-emballages.com\/pt-pt\/produit\/vassoura-1-2-cabeca-de-seda-chinesa-38cm-montagem-em-pp-com-encaixe-de-parafuso-integrado\/#primaryimage\"},\"thumbnailUrl\":\"https:\/\/www.csj-emballages.com\/wp-content\/uploads\/2024\/09\/balai-1-2-tete-soies-de-chine-monture-pp-douille-vis-integree-jpg.webp\",\"datePublished\":\"2024-09-03T00:18:12+00:00\",\"dateModified\":\"2026-05-14T00:10:52+00:00\",\"description\":\"Descubra a vassoura de meia-cabe\u00e7a de 38 cm com arma\u00e7\u00e3o em PP e encaixe de parafuso integrado. Compacta, pr\u00e1tica e ideal para uma limpeza precisa.\",\"breadcrumb\":{\"@id\":\"https:\/\/www.csj-emballages.com\/pt-pt\/produit\/vassoura-1-2-cabeca-de-seda-chinesa-38cm-montagem-em-pp-com-encaixe-de-parafuso-integrado\/#breadcrumb\"},\"inLanguage\":\"pt-PT\",\"potentialAction\":[{\"@type\":\"ReadAction\",\"target\":[\"https:\/\/www.csj-emballages.com\/pt-pt\/produit\/vassoura-1-2-cabeca-de-seda-chinesa-38cm-montagem-em-pp-com-encaixe-de-parafuso-integrado\/\"]}]},{\"@type\":\"ImageObject\",\"inLanguage\":\"pt-PT\",\"@id\":\"https:\/\/www.csj-emballages.com\/pt-pt\/produit\/vassoura-1-2-cabeca-de-seda-chinesa-38cm-montagem-em-pp-com-encaixe-de-parafuso-integrado\/#primaryimage\",\"url\":\"https:\/\/www.csj-emballages.com\/wp-content\/uploads\/2024\/09\/balai-1-2-tete-soies-de-chine-monture-pp-douille-vis-integree-jpg.webp\",\"contentUrl\":\"https:\/\/www.csj-emballages.com\/wp-content\/uploads\/2024\/09\/balai-1-2-tete-soies-de-chine-monture-pp-douille-vis-integree-jpg.webp\",\"width\":458,\"height\":458,\"caption\":\"balai demi-t\u00eate soie de Chine\"},{\"@type\":\"BreadcrumbList\",\"@id\":\"https:\/\/www.csj-emballages.com\/pt-pt\/produit\/vassoura-1-2-cabeca-de-seda-chinesa-38cm-montagem-em-pp-com-encaixe-de-parafuso-integrado\/#breadcrumb\",\"itemListElement\":[{\"@type\":\"ListItem\",\"position\":1,\"name\":\"Acolhimento\",\"item\":\"https:\/\/www.csj-emballages.com\/pt-pt\/universo-das-embalagens-alimentares\/\"},{\"@type\":\"ListItem\",\"position\":2,\"name\":\"Shop\",\"item\":\"https:\/\/www.csj-emballages.com\/shop\/\"},{\"@type\":\"ListItem\",\"position\":3,\"name\":\"Vassoura 1\/2 cabe\u00e7a de seda chinesa 38cm Montagem em PP com encaixe de parafuso integrado\"}]},{\"@type\":\"WebSite\",\"@id\":\"https:\/\/www.csj-emballages.com\/pt-pt\/#website\",\"url\":\"https:\/\/www.csj-emballages.com\/pt-pt\/\",\"name\":\"CSJ Emballages\",\"description\":\"\",\"publisher\":{\"@id\":\"https:\/\/www.csj-emballages.com\/pt-pt\/#organization\"},\"potentialAction\":[{\"@type\":\"SearchAction\",\"target\":{\"@type\":\"EntryPoint\",\"urlTemplate\":\"https:\/\/www.csj-emballages.com\/pt-pt\/?s={search_term_string}\"},\"query-input\":{\"@type\":\"PropertyValueSpecification\",\"valueRequired\":true,\"valueName\":\"search_term_string\"}}],\"inLanguage\":\"pt-PT\"},{\"@type\":\"Organization\",\"@id\":\"https:\/\/www.csj-emballages.com\/pt-pt\/#Organization\/\",\"name\":\"CSJ Emballages\",\"url\":\"https:\/\/www.csj-emballages.com\/pt-pt\/\",\"logo\":{\"@type\":\"ImageObject\",\"inLanguage\":\"pt-PT\",\"@id\":\"https:\/\/www.csj-emballages.com\/pt-pt\/#\/schema\/logo\/image\/\",\"url\":\"https:\/\/www.csj-emballages.com\/wp-content\/uploads\/2023\/10\/logo_csj.webp\",\"contentUrl\":\"https:\/\/www.csj-emballages.com\/wp-content\/uploads\/2023\/10\/logo_csj.webp\",\"width\":250,\"height\":95,\"caption\":\"CSJ Emballages\"},\"image\":{\"@id\":\"https:\/\/www.csj-emballages.com\/pt-pt\/#\/schema\/logo\/image\/\"},\"sameAs\":[\"https:\/\/www.facebook.com\/csjemballages\"],\"address\":{\"@type\":\"PostalAddress\",\"streetAddress\":\"ZI La Lechere\",\"addressLocality\":\"Patornay\",\"postalCode\":\"39130\",\"addressCountry\":\"FR\"},\"contactPoint\":[{\"@type\":\"ContactPoint\",\"contactType\":\"Service client\",\"telephone\":\"0384254272\",\"email\":\"contact@csj-emballages.com\"}]}]}<\/script>\n<!-- \/ Yoast SEO Premium plugin. -->","yoast_head_json":{"title":"Vassoura de seda chinesa de meia cabe\u00e7a \/ CSJ Emballages","description":"Descubra a vassoura de meia-cabe\u00e7a de 38 cm com arma\u00e7\u00e3o em PP e encaixe de parafuso integrado. Compacta, pr\u00e1tica e ideal para uma limpeza precisa.","robots":{"index":"index","follow":"follow","max-snippet":"max-snippet:-1","max-image-preview":"max-image-preview:large","max-video-preview":"max-video-preview:-1"},"canonical":"https:\/\/www.csj-emballages.com\/pt-pt\/produit\/vassoura-1-2-cabeca-de-seda-chinesa-38cm-montagem-em-pp-com-encaixe-de-parafuso-integrado\/","og_locale":"pt_PT","og_type":"article","og_title":"Vassoura 1\/2 cabe\u00e7a de seda chinesa 38cm Montagem em PP com encaixe de parafuso integrado","og_description":"Descubra a vassoura de meia-cabe\u00e7a de 38 cm com arma\u00e7\u00e3o em PP e encaixe de parafuso integrado. Compacta, pr\u00e1tica e ideal para uma limpeza precisa.","og_url":"https:\/\/www.csj-emballages.com\/pt-pt\/produit\/vassoura-1-2-cabeca-de-seda-chinesa-38cm-montagem-em-pp-com-encaixe-de-parafuso-integrado\/","og_site_name":"CSJ Emballages","article_publisher":"https:\/\/www.facebook.com\/csjemballages","article_modified_time":"2026-05-14T00:10:52+00:00","og_image":[{"width":458,"height":458,"url":"https:\/\/www.csj-emballages.com\/wp-content\/uploads\/2024\/09\/balai-1-2-tete-soies-de-chine-monture-pp-douille-vis-integree-jpg.webp","type":"image\/jpeg"}],"twitter_card":"summary_large_image","twitter_misc":{"Tempo estimado de leitura":"1 minuto"},"schema":{"@context":"https:\/\/schema.org","@graph":[{"@type":"WebPage","@id":"https:\/\/www.csj-emballages.com\/pt-pt\/produit\/vassoura-1-2-cabeca-de-seda-chinesa-38cm-montagem-em-pp-com-encaixe-de-parafuso-integrado\/","url":"https:\/\/www.csj-emballages.com\/pt-pt\/produit\/vassoura-1-2-cabeca-de-seda-chinesa-38cm-montagem-em-pp-com-encaixe-de-parafuso-integrado\/","name":"Vassoura de seda chinesa de meia cabe\u00e7a \/ CSJ Emballages","isPartOf":{"@id":"https:\/\/www.csj-emballages.com\/pt-pt\/#website"},"primaryImageOfPage":{"@id":"https:\/\/www.csj-emballages.com\/pt-pt\/produit\/vassoura-1-2-cabeca-de-seda-chinesa-38cm-montagem-em-pp-com-encaixe-de-parafuso-integrado\/#primaryimage"},"image":{"@id":"https:\/\/www.csj-emballages.com\/pt-pt\/produit\/vassoura-1-2-cabeca-de-seda-chinesa-38cm-montagem-em-pp-com-encaixe-de-parafuso-integrado\/#primaryimage"},"thumbnailUrl":"https:\/\/www.csj-emballages.com\/wp-content\/uploads\/2024\/09\/balai-1-2-tete-soies-de-chine-monture-pp-douille-vis-integree-jpg.webp","datePublished":"2024-09-03T00:18:12+00:00","dateModified":"2026-05-14T00:10:52+00:00","description":"Descubra a vassoura de meia-cabe\u00e7a de 38 cm com arma\u00e7\u00e3o em PP e encaixe de parafuso integrado. Compacta, pr\u00e1tica e ideal para uma limpeza precisa.","breadcrumb":{"@id":"https:\/\/www.csj-emballages.com\/pt-pt\/produit\/vassoura-1-2-cabeca-de-seda-chinesa-38cm-montagem-em-pp-com-encaixe-de-parafuso-integrado\/#breadcrumb"},"inLanguage":"pt-PT","potentialAction":[{"@type":"ReadAction","target":["https:\/\/www.csj-emballages.com\/pt-pt\/produit\/vassoura-1-2-cabeca-de-seda-chinesa-38cm-montagem-em-pp-com-encaixe-de-parafuso-integrado\/"]}]},{"@type":"ImageObject","inLanguage":"pt-PT","@id":"https:\/\/www.csj-emballages.com\/pt-pt\/produit\/vassoura-1-2-cabeca-de-seda-chinesa-38cm-montagem-em-pp-com-encaixe-de-parafuso-integrado\/#primaryimage","url":"https:\/\/www.csj-emballages.com\/wp-content\/uploads\/2024\/09\/balai-1-2-tete-soies-de-chine-monture-pp-douille-vis-integree-jpg.webp","contentUrl":"https:\/\/www.csj-emballages.com\/wp-content\/uploads\/2024\/09\/balai-1-2-tete-soies-de-chine-monture-pp-douille-vis-integree-jpg.webp","width":458,"height":458,"caption":"balai demi-t\u00eate soie de Chine"},{"@type":"BreadcrumbList","@id":"https:\/\/www.csj-emballages.com\/pt-pt\/produit\/vassoura-1-2-cabeca-de-seda-chinesa-38cm-montagem-em-pp-com-encaixe-de-parafuso-integrado\/#breadcrumb","itemListElement":[{"@type":"ListItem","position":1,"name":"Acolhimento","item":"https:\/\/www.csj-emballages.com\/pt-pt\/universo-das-embalagens-alimentares\/"},{"@type":"ListItem","position":2,"name":"Shop","item":"https:\/\/www.csj-emballages.com\/shop\/"},{"@type":"ListItem","position":3,"name":"Vassoura 1\/2 cabe\u00e7a de seda chinesa 38cm Montagem em PP com encaixe de parafuso integrado"}]},{"@type":"WebSite","@id":"https:\/\/www.csj-emballages.com\/pt-pt\/#website","url":"https:\/\/www.csj-emballages.com\/pt-pt\/","name":"CSJ Emballages","description":"","publisher":{"@id":"https:\/\/www.csj-emballages.com\/pt-pt\/#organization"},"potentialAction":[{"@type":"SearchAction","target":{"@type":"EntryPoint","urlTemplate":"https:\/\/www.csj-emballages.com\/pt-pt\/?s={search_term_string}"},"query-input":{"@type":"PropertyValueSpecification","valueRequired":true,"valueName":"search_term_string"}}],"inLanguage":"pt-PT"},{"@type":"Organization","@id":"https:\/\/www.csj-emballages.com\/pt-pt\/#Organization\/","name":"CSJ Emballages","url":"https:\/\/www.csj-emballages.com\/pt-pt\/","logo":{"@type":"ImageObject","inLanguage":"pt-PT","@id":"https:\/\/www.csj-emballages.com\/pt-pt\/#\/schema\/logo\/image\/","url":"https:\/\/www.csj-emballages.com\/wp-content\/uploads\/2023\/10\/logo_csj.webp","contentUrl":"https:\/\/www.csj-emballages.com\/wp-content\/uploads\/2023\/10\/logo_csj.webp","width":250,"height":95,"caption":"CSJ Emballages"},"image":{"@id":"https:\/\/www.csj-emballages.com\/pt-pt\/#\/schema\/logo\/image\/"},"sameAs":["https:\/\/www.facebook.com\/csjemballages"],"address":{"@type":"PostalAddress","streetAddress":"ZI La Lechere","addressLocality":"Patornay","postalCode":"39130","addressCountry":"FR"},"contactPoint":[{"@type":"ContactPoint","contactType":"Service client","telephone":"0384254272","email":"contact@csj-emballages.com"}]}]}},"df_price":6.35,"df_sale_price":"","df_regular_price":6.35,"df_image_link":"https:\/\/www.csj-emballages.com\/wp-content\/uploads\/2024\/09\/balai-1-2-tete-soies-de-chine-monture-pp-douille-vis-integree-300x300.webp","tiered_pricing_type":"fixed","tiered_pricing_fixed_rules":[],"tiered_pricing_percentage_rules":[],"tiered_pricing_minimum":1,"tiered_pricing_roles_data":[],"_links":{"self":[{"href":"https:\/\/www.csj-emballages.com\/pt-pt\/wp-json\/wp\/v2\/product\/126132","targetHints":{"allow":["GET"]}}],"collection":[{"href":"https:\/\/www.csj-emballages.com\/pt-pt\/wp-json\/wp\/v2\/product"}],"about":[{"href":"https:\/\/www.csj-emballages.com\/pt-pt\/wp-json\/wp\/v2\/types\/product"}],"wp:featuredmedia":[{"embeddable":true,"href":"https:\/\/www.csj-emballages.com\/pt-pt\/wp-json\/wp\/v2\/media\/93911"}],"wp:attachment":[{"href":"https:\/\/www.csj-emballages.com\/pt-pt\/wp-json\/wp\/v2\/media?parent=126132"}],"wp:term":[{"taxonomy":"product_brand","embeddable":true,"href":"https:\/\/www.csj-emballages.com\/pt-pt\/wp-json\/wp\/v2\/product_brand?post=126132"},{"taxonomy":"product_cat","embeddable":true,"href":"https:\/\/www.csj-emballages.com\/pt-pt\/wp-json\/wp\/v2\/product_cat?post=126132"},{"taxonomy":"product_tag","embeddable":true,"href":"https:\/\/www.csj-emballages.com\/pt-pt\/wp-json\/wp\/v2\/product_tag?post=126132"}],"curies":[{"name":"wp","href":"https:\/\/api.w.org\/{rel}","templated":true}]}}