{"id":126126,"date":"2024-09-03T02:18:14","date_gmt":"2024-09-03T00:18:14","guid":{"rendered":"https:\/\/www.csj-emballages.com\/produit\/20-copos-de-plastico-para-sobremesas-bodega-180-ml\/"},"modified":"2026-04-29T02:19:53","modified_gmt":"2026-04-29T00:19:53","slug":"20-copos-de-plastico-para-sobremesas-bodega-180-ml","status":"publish","type":"product","link":"https:\/\/www.csj-emballages.com\/pt-pt\/produit\/20-copos-de-plastico-para-sobremesas-bodega-180-ml\/","title":{"rendered":"Copos de pl\u00e1stico para sobremesas Bodega 180 ml por 20"},"content":{"rendered":"<h2>Copos de sobremesa<\/h2>\n<hr>\n<h3>Descri\u00e7\u00e3o dos nossos copos de pl\u00e1stico para sobremesas Bodega 180 ml x 20<\/h3>\n<p><!--more--><\/p>\n<p>Descobre os nossos <strong>copos de sobremesa Bodega 18cl<\/strong>, ideais para as tuas apresenta\u00e7\u00f5es gourmet. Perfeitos para buffets, recep\u00e7\u00f5es ou eventos, estes <strong>copos de sobremesa<\/strong> s\u00e3o resistentes e reutiliz\u00e1veis. O seu design transparente real\u00e7a cada camada das tuas cria\u00e7\u00f5es doces ou salgadas. Podes utiliz\u00e1-los para servir mousses, tiramisus, saladas de fruta ou verrines. Com a sua capacidade <strong>de 180 ml<\/strong>, s\u00e3o o tamanho ideal para por\u00e7\u00f5es generosas sem excessos. F\u00e1ceis de manusear, s\u00e3o t\u00e3o adequadas para ocasi\u00f5es festivas como para o dia a dia. O seu pl\u00e1stico de alta qualidade garante uma apresenta\u00e7\u00e3o impec\u00e1vel, sem risco de derrames. F\u00e1ceis de empilhar e de guardar, poupam espa\u00e7o nos teus arm\u00e1rios. Estes <strong>tabuleiros de sobremesa Bodega 18cl<\/strong> s\u00e3o tamb\u00e9m resistentes aos choques, perfeitos para utiliza\u00e7\u00e3o no exterior.        <\/p>\n<p>&nbsp;<\/p>\n<p><!--more--><\/p>\n<p>Escolhe as ta\u00e7as Bodega para sobremesas que impressionam os teus convidados a cada dentada.<\/p>\n<p>&nbsp;<\/p>\n<p><!--more--><\/p>\n<p><strong>As suas vantagens:<\/strong><\/p>\n<ul>\n<li><strong>Praticidade<\/strong>: F\u00e1ceis de manusear, s\u00e3o perfeitos para buffets, recep\u00e7\u00f5es ou eventos ao ar livre.<\/li>\n<li><strong>Economia de espa\u00e7o<\/strong>: empilh\u00e1veis, maximizam o espa\u00e7o de arruma\u00e7\u00e3o nos teus arm\u00e1rios.<\/li>\n<li><strong>Tamanho de por\u00e7\u00e3o ideal<\/strong>: A sua capacidade de <strong>180 ml<\/strong> \u00e9 perfeita para por\u00e7\u00f5es generosas, sem excessos.<\/li>\n<li><strong>Durabilidade<\/strong>: Reutiliz\u00e1veis, oferecem uma alternativa amiga do ambiente.<\/li>\n<\/ul>\n<p>&nbsp;<\/p>\n<p><!--more--><\/p>\n<p>Produto dispon\u00edvel num tamanho maior: <span style=\"color: #d12727;\"><a style=\"color: #d12727;\" href=\"https:\/\/www.csj-emballages.com\/produit\/20-coupes-a-dessert-bodega-plastique-250-ml\/\">VERBODEGA25<\/a><\/span><\/p>\n<p>&nbsp;<\/p>\n<p><!--more--><\/p>\n<p>Clica aqui para veres a capa concebida para este produto: <span style=\"color: #d12727;\"><a style=\"color: #d12727;\" href=\"https:\/\/www.csj-emballages.com\/produit\/60-couvercles-plastique-pour-ref-bodega18\/\">COUVVERBODEGA14<\/a><\/span><\/p>\n<p>&nbsp;<\/p>\n<p><!--more--><\/p>\n<p><a href=\"https:\/\/www.csj-emballages.com\/produit\/20-coupes-a-dessert-bodega-plastique-250-ml\/\">V\u00ea o resto da nossa gama de ta\u00e7as de sobremesa<\/a><\/p>\n","protected":false},"excerpt":{"rendered":"<p>Copos de sobremesa Descri\u00e7\u00e3o dos nossos copos de pl\u00e1stico para sobremesas Bodega 180 ml x 20<\/p>\n","protected":false},"featured_media":209463,"template":"","meta":{"_acf_changed":false},"product_brand":[],"product_cat":[1141,1176,1306,1459,1309,1312],"product_tag":[],"class_list":{"0":"post-126126","1":"product","2":"type-product","3":"status-publish","4":"has-post-thumbnail","6":"product_cat-embalagem-de-alimentos","7":"product_cat-talho-e-charcutaria","8":"product_cat-copos-jarras-copos","9":"product_cat-copos-de-sobremesa","10":"product_cat-verrines-pt-pt","11":"product_cat-verrines-pt-pt-2","13":"first","14":"instock","15":"taxable","16":"shipping-taxable","17":"purchasable","18":"product-type-simple"},"acf":[],"yoast_head":"<!-- This site is optimized with the Yoast SEO Premium plugin v26.6 (Yoast SEO v26.6) - https:\/\/yoast.com\/wordpress\/plugins\/seo\/ -->\n<title>Copos de pl\u00e1stico para sobremesas Bodega - 180 ml<\/title>\n<meta name=\"description\" content=\"Descobre os nossos copos de pl\u00e1stico para sobremesa Bodega 18cl! Oferecemos-te um pacote de 20 copos de sobremesa de alta qualidade e resistentes.\" \/>\n<meta name=\"robots\" content=\"index, follow, max-snippet:-1, max-image-preview:large, max-video-preview:-1\" \/>\n<link rel=\"canonical\" href=\"https:\/\/www.csj-emballages.com\/pt-pt\/produit\/20-copos-de-plastico-para-sobremesas-bodega-180-ml\/\" \/>\n<meta property=\"og:locale\" content=\"pt_PT\" \/>\n<meta property=\"og:type\" content=\"article\" \/>\n<meta property=\"og:title\" content=\"Copos de pl\u00e1stico para sobremesas Bodega 180 ml por 20\" \/>\n<meta property=\"og:description\" content=\"Descobre os nossos copos de pl\u00e1stico para sobremesa Bodega 18cl! Oferecemos-te um pacote de 20 copos de sobremesa de alta qualidade e resistentes.\" \/>\n<meta property=\"og:url\" content=\"https:\/\/www.csj-emballages.com\/pt-pt\/produit\/20-copos-de-plastico-para-sobremesas-bodega-180-ml\/\" \/>\n<meta property=\"og:site_name\" content=\"CSJ Emballages\" \/>\n<meta property=\"article:publisher\" content=\"https:\/\/www.facebook.com\/csjemballages\" \/>\n<meta property=\"article:modified_time\" content=\"2026-04-29T00:19:53+00:00\" \/>\n<meta property=\"og:image\" content=\"https:\/\/www.csj-emballages.com\/wp-content\/uploads\/2024\/09\/VERBODEGA-18.webp\" \/>\n\t<meta property=\"og:image:width\" content=\"800\" \/>\n\t<meta property=\"og:image:height\" content=\"800\" \/>\n\t<meta property=\"og:image:type\" content=\"image\/webp\" \/>\n<meta name=\"twitter:card\" content=\"summary_large_image\" \/>\n<meta name=\"twitter:label1\" content=\"Tempo estimado de leitura\" \/>\n\t<meta name=\"twitter:data1\" content=\"1 minuto\" \/>\n<script type=\"application\/ld+json\" class=\"yoast-schema-graph\">{\"@context\":\"https:\/\/schema.org\",\"@graph\":[{\"@type\":\"WebPage\",\"@id\":\"https:\/\/www.csj-emballages.com\/pt-pt\/produit\/20-copos-de-plastico-para-sobremesas-bodega-180-ml\/\",\"url\":\"https:\/\/www.csj-emballages.com\/pt-pt\/produit\/20-copos-de-plastico-para-sobremesas-bodega-180-ml\/\",\"name\":\"Copos de pl\u00e1stico para sobremesas Bodega - 180 ml\",\"isPartOf\":{\"@id\":\"https:\/\/www.csj-emballages.com\/pt-pt\/#website\"},\"primaryImageOfPage\":{\"@id\":\"https:\/\/www.csj-emballages.com\/pt-pt\/produit\/20-copos-de-plastico-para-sobremesas-bodega-180-ml\/#primaryimage\"},\"image\":{\"@id\":\"https:\/\/www.csj-emballages.com\/pt-pt\/produit\/20-copos-de-plastico-para-sobremesas-bodega-180-ml\/#primaryimage\"},\"thumbnailUrl\":\"https:\/\/www.csj-emballages.com\/wp-content\/uploads\/2024\/09\/VERBODEGA-18.webp\",\"datePublished\":\"2024-09-03T00:18:14+00:00\",\"dateModified\":\"2026-04-29T00:19:53+00:00\",\"description\":\"Descobre os nossos copos de pl\u00e1stico para sobremesa Bodega 18cl! Oferecemos-te um pacote de 20 copos de sobremesa de alta qualidade e resistentes.\",\"breadcrumb\":{\"@id\":\"https:\/\/www.csj-emballages.com\/pt-pt\/produit\/20-copos-de-plastico-para-sobremesas-bodega-180-ml\/#breadcrumb\"},\"inLanguage\":\"pt-PT\",\"potentialAction\":[{\"@type\":\"ReadAction\",\"target\":[\"https:\/\/www.csj-emballages.com\/pt-pt\/produit\/20-copos-de-plastico-para-sobremesas-bodega-180-ml\/\"]}]},{\"@type\":\"ImageObject\",\"inLanguage\":\"pt-PT\",\"@id\":\"https:\/\/www.csj-emballages.com\/pt-pt\/produit\/20-copos-de-plastico-para-sobremesas-bodega-180-ml\/#primaryimage\",\"url\":\"https:\/\/www.csj-emballages.com\/wp-content\/uploads\/2024\/09\/VERBODEGA-18.webp\",\"contentUrl\":\"https:\/\/www.csj-emballages.com\/wp-content\/uploads\/2024\/09\/VERBODEGA-18.webp\",\"width\":800,\"height\":800,\"caption\":\"coupe \u00e0 dessert\"},{\"@type\":\"BreadcrumbList\",\"@id\":\"https:\/\/www.csj-emballages.com\/pt-pt\/produit\/20-copos-de-plastico-para-sobremesas-bodega-180-ml\/#breadcrumb\",\"itemListElement\":[{\"@type\":\"ListItem\",\"position\":1,\"name\":\"Acolhimento\",\"item\":\"https:\/\/www.csj-emballages.com\/pt-pt\/universo-das-embalagens-alimentares\/\"},{\"@type\":\"ListItem\",\"position\":2,\"name\":\"Shop\",\"item\":\"https:\/\/www.csj-emballages.com\/shop\/\"},{\"@type\":\"ListItem\",\"position\":3,\"name\":\"Copos de pl\u00e1stico para sobremesas Bodega 180 ml por 20\"}]},{\"@type\":\"WebSite\",\"@id\":\"https:\/\/www.csj-emballages.com\/pt-pt\/#website\",\"url\":\"https:\/\/www.csj-emballages.com\/pt-pt\/\",\"name\":\"CSJ Emballages\",\"description\":\"\",\"publisher\":{\"@id\":\"https:\/\/www.csj-emballages.com\/pt-pt\/#organization\"},\"potentialAction\":[{\"@type\":\"SearchAction\",\"target\":{\"@type\":\"EntryPoint\",\"urlTemplate\":\"https:\/\/www.csj-emballages.com\/pt-pt\/?s={search_term_string}\"},\"query-input\":{\"@type\":\"PropertyValueSpecification\",\"valueRequired\":true,\"valueName\":\"search_term_string\"}}],\"inLanguage\":\"pt-PT\"},{\"@type\":\"Organization\",\"@id\":\"https:\/\/www.csj-emballages.com\/pt-pt\/#Organization\/\",\"name\":\"CSJ Emballages\",\"url\":\"https:\/\/www.csj-emballages.com\/pt-pt\/\",\"logo\":{\"@type\":\"ImageObject\",\"inLanguage\":\"pt-PT\",\"@id\":\"https:\/\/www.csj-emballages.com\/pt-pt\/#\/schema\/logo\/image\/\",\"url\":\"https:\/\/www.csj-emballages.com\/wp-content\/uploads\/2023\/10\/logo_csj.webp\",\"contentUrl\":\"https:\/\/www.csj-emballages.com\/wp-content\/uploads\/2023\/10\/logo_csj.webp\",\"width\":250,\"height\":95,\"caption\":\"CSJ Emballages\"},\"image\":{\"@id\":\"https:\/\/www.csj-emballages.com\/pt-pt\/#\/schema\/logo\/image\/\"},\"sameAs\":[\"https:\/\/www.facebook.com\/csjemballages\"],\"address\":{\"@type\":\"PostalAddress\",\"streetAddress\":\"ZI La Lechere\",\"addressLocality\":\"Patornay\",\"postalCode\":\"39130\",\"addressCountry\":\"FR\"},\"contactPoint\":[{\"@type\":\"ContactPoint\",\"contactType\":\"Service client\",\"telephone\":\"0384254272\",\"email\":\"contact@csj-emballages.com\"}]}]}<\/script>\n<!-- \/ Yoast SEO Premium plugin. -->","yoast_head_json":{"title":"Copos de pl\u00e1stico para sobremesas Bodega - 180 ml","description":"Descobre os nossos copos de pl\u00e1stico para sobremesa Bodega 18cl! Oferecemos-te um pacote de 20 copos de sobremesa de alta qualidade e resistentes.","robots":{"index":"index","follow":"follow","max-snippet":"max-snippet:-1","max-image-preview":"max-image-preview:large","max-video-preview":"max-video-preview:-1"},"canonical":"https:\/\/www.csj-emballages.com\/pt-pt\/produit\/20-copos-de-plastico-para-sobremesas-bodega-180-ml\/","og_locale":"pt_PT","og_type":"article","og_title":"Copos de pl\u00e1stico para sobremesas Bodega 180 ml por 20","og_description":"Descobre os nossos copos de pl\u00e1stico para sobremesa Bodega 18cl! Oferecemos-te um pacote de 20 copos de sobremesa de alta qualidade e resistentes.","og_url":"https:\/\/www.csj-emballages.com\/pt-pt\/produit\/20-copos-de-plastico-para-sobremesas-bodega-180-ml\/","og_site_name":"CSJ Emballages","article_publisher":"https:\/\/www.facebook.com\/csjemballages","article_modified_time":"2026-04-29T00:19:53+00:00","og_image":[{"width":800,"height":800,"url":"https:\/\/www.csj-emballages.com\/wp-content\/uploads\/2024\/09\/VERBODEGA-18.webp","type":"image\/webp"}],"twitter_card":"summary_large_image","twitter_misc":{"Tempo estimado de leitura":"1 minuto"},"schema":{"@context":"https:\/\/schema.org","@graph":[{"@type":"WebPage","@id":"https:\/\/www.csj-emballages.com\/pt-pt\/produit\/20-copos-de-plastico-para-sobremesas-bodega-180-ml\/","url":"https:\/\/www.csj-emballages.com\/pt-pt\/produit\/20-copos-de-plastico-para-sobremesas-bodega-180-ml\/","name":"Copos de pl\u00e1stico para sobremesas Bodega - 180 ml","isPartOf":{"@id":"https:\/\/www.csj-emballages.com\/pt-pt\/#website"},"primaryImageOfPage":{"@id":"https:\/\/www.csj-emballages.com\/pt-pt\/produit\/20-copos-de-plastico-para-sobremesas-bodega-180-ml\/#primaryimage"},"image":{"@id":"https:\/\/www.csj-emballages.com\/pt-pt\/produit\/20-copos-de-plastico-para-sobremesas-bodega-180-ml\/#primaryimage"},"thumbnailUrl":"https:\/\/www.csj-emballages.com\/wp-content\/uploads\/2024\/09\/VERBODEGA-18.webp","datePublished":"2024-09-03T00:18:14+00:00","dateModified":"2026-04-29T00:19:53+00:00","description":"Descobre os nossos copos de pl\u00e1stico para sobremesa Bodega 18cl! Oferecemos-te um pacote de 20 copos de sobremesa de alta qualidade e resistentes.","breadcrumb":{"@id":"https:\/\/www.csj-emballages.com\/pt-pt\/produit\/20-copos-de-plastico-para-sobremesas-bodega-180-ml\/#breadcrumb"},"inLanguage":"pt-PT","potentialAction":[{"@type":"ReadAction","target":["https:\/\/www.csj-emballages.com\/pt-pt\/produit\/20-copos-de-plastico-para-sobremesas-bodega-180-ml\/"]}]},{"@type":"ImageObject","inLanguage":"pt-PT","@id":"https:\/\/www.csj-emballages.com\/pt-pt\/produit\/20-copos-de-plastico-para-sobremesas-bodega-180-ml\/#primaryimage","url":"https:\/\/www.csj-emballages.com\/wp-content\/uploads\/2024\/09\/VERBODEGA-18.webp","contentUrl":"https:\/\/www.csj-emballages.com\/wp-content\/uploads\/2024\/09\/VERBODEGA-18.webp","width":800,"height":800,"caption":"coupe \u00e0 dessert"},{"@type":"BreadcrumbList","@id":"https:\/\/www.csj-emballages.com\/pt-pt\/produit\/20-copos-de-plastico-para-sobremesas-bodega-180-ml\/#breadcrumb","itemListElement":[{"@type":"ListItem","position":1,"name":"Acolhimento","item":"https:\/\/www.csj-emballages.com\/pt-pt\/universo-das-embalagens-alimentares\/"},{"@type":"ListItem","position":2,"name":"Shop","item":"https:\/\/www.csj-emballages.com\/shop\/"},{"@type":"ListItem","position":3,"name":"Copos de pl\u00e1stico para sobremesas Bodega 180 ml por 20"}]},{"@type":"WebSite","@id":"https:\/\/www.csj-emballages.com\/pt-pt\/#website","url":"https:\/\/www.csj-emballages.com\/pt-pt\/","name":"CSJ Emballages","description":"","publisher":{"@id":"https:\/\/www.csj-emballages.com\/pt-pt\/#organization"},"potentialAction":[{"@type":"SearchAction","target":{"@type":"EntryPoint","urlTemplate":"https:\/\/www.csj-emballages.com\/pt-pt\/?s={search_term_string}"},"query-input":{"@type":"PropertyValueSpecification","valueRequired":true,"valueName":"search_term_string"}}],"inLanguage":"pt-PT"},{"@type":"Organization","@id":"https:\/\/www.csj-emballages.com\/pt-pt\/#Organization\/","name":"CSJ Emballages","url":"https:\/\/www.csj-emballages.com\/pt-pt\/","logo":{"@type":"ImageObject","inLanguage":"pt-PT","@id":"https:\/\/www.csj-emballages.com\/pt-pt\/#\/schema\/logo\/image\/","url":"https:\/\/www.csj-emballages.com\/wp-content\/uploads\/2023\/10\/logo_csj.webp","contentUrl":"https:\/\/www.csj-emballages.com\/wp-content\/uploads\/2023\/10\/logo_csj.webp","width":250,"height":95,"caption":"CSJ Emballages"},"image":{"@id":"https:\/\/www.csj-emballages.com\/pt-pt\/#\/schema\/logo\/image\/"},"sameAs":["https:\/\/www.facebook.com\/csjemballages"],"address":{"@type":"PostalAddress","streetAddress":"ZI La Lechere","addressLocality":"Patornay","postalCode":"39130","addressCountry":"FR"},"contactPoint":[{"@type":"ContactPoint","contactType":"Service client","telephone":"0384254272","email":"contact@csj-emballages.com"}]}]}},"df_price":4.09,"df_sale_price":"","df_regular_price":4.09,"df_image_link":"https:\/\/www.csj-emballages.com\/wp-content\/uploads\/2024\/09\/VERBODEGA-18-300x300.webp","tiered_pricing_type":"fixed","tiered_pricing_fixed_rules":[],"tiered_pricing_percentage_rules":[],"tiered_pricing_minimum":1,"tiered_pricing_roles_data":[],"_links":{"self":[{"href":"https:\/\/www.csj-emballages.com\/pt-pt\/wp-json\/wp\/v2\/product\/126126","targetHints":{"allow":["GET"]}}],"collection":[{"href":"https:\/\/www.csj-emballages.com\/pt-pt\/wp-json\/wp\/v2\/product"}],"about":[{"href":"https:\/\/www.csj-emballages.com\/pt-pt\/wp-json\/wp\/v2\/types\/product"}],"wp:featuredmedia":[{"embeddable":true,"href":"https:\/\/www.csj-emballages.com\/pt-pt\/wp-json\/wp\/v2\/media\/209463"}],"wp:attachment":[{"href":"https:\/\/www.csj-emballages.com\/pt-pt\/wp-json\/wp\/v2\/media?parent=126126"}],"wp:term":[{"taxonomy":"product_brand","embeddable":true,"href":"https:\/\/www.csj-emballages.com\/pt-pt\/wp-json\/wp\/v2\/product_brand?post=126126"},{"taxonomy":"product_cat","embeddable":true,"href":"https:\/\/www.csj-emballages.com\/pt-pt\/wp-json\/wp\/v2\/product_cat?post=126126"},{"taxonomy":"product_tag","embeddable":true,"href":"https:\/\/www.csj-emballages.com\/pt-pt\/wp-json\/wp\/v2\/product_tag?post=126126"}],"curies":[{"name":"wp","href":"https:\/\/api.w.org\/{rel}","templated":true}]}}