{"id":126092,"date":"2024-08-28T02:18:19","date_gmt":"2024-08-28T00:18:19","guid":{"rendered":"https:\/\/www.csj-emballages.com\/produit\/1-saco-com-padrao-de-natal-e-pegas-com-cordao-26-13-x-32-cm-3\/"},"modified":"2026-03-12T16:09:37","modified_gmt":"2026-03-12T15:09:37","slug":"1-saco-com-padrao-de-natal-e-pegas-com-cordao-26-13-x-32-cm-3","status":"publish","type":"product","link":"https:\/\/www.csj-emballages.com\/pt-pt\/produit\/1-saco-com-padrao-de-natal-e-pegas-com-cordao-26-13-x-32-cm-3\/","title":{"rendered":"Saco de Natal &#8220;Elf&#8221; com pegas de cord\u00e3o 26 + 13 x 32 cm"},"content":{"rendered":"<h2 class=\"p1\">Saco de Natal<\/h2>\n<hr>\n<h3>Descri\u00e7\u00e3o do nosso saco de Natal &#8220;duende&#8221; com pegas de cord\u00e3o 26 + 13 x 32 cm<\/h3>\n<p><!--more--><\/p>\n<p data-start=\"114\" data-end=\"508\">D\u00ea um toque de <strong data-start=\"137\" data-end=\"146\">magia<\/strong> aos seus embrulhos de fim de ano com este <strong data-start=\"187\" data-end=\"214\">saco de Natal<\/strong> com <strong data-start=\"187\" data-end=\"214\">motivo de duende<\/strong>, num bonito e festivo <strong data-start=\"235\" data-end=\"245\">vermelho<\/strong>. Especialmente concebido para expor os seus produtos, este saco combina <strong data-start=\"327\" data-end=\"364\">est\u00e9tica, praticidade e robustez<\/strong>. Gra\u00e7as \u00e0s suas <strong data-start=\"378\" data-end=\"402\">pegas com cord\u00e3o<\/strong>, \u00e9 confort\u00e1vel de transportar e causa uma impress\u00e3o imediata e de alta qualidade no seu embrulho de presente.<\/p>\n<p data-start=\"510\" data-end=\"818\">As suas dimens\u00f5es de <strong>26 + 13 x 32 cm<\/strong> tornam-no ideal para embalar artigos pequenos e m\u00e9dios, como chocolates, velas, acess\u00f3rios e caixas gourmet. Nem demasiado grande nem demasiado pequena, \u00e9 f\u00e1cil de adaptar \u00e0s suas necessidades, sem deixar de oferecer uma bela apresenta\u00e7\u00e3o. <\/p>\n<p data-start=\"820\" data-end=\"1138\">O <strong data-start=\"833\" data-end=\"848\">motivo do duende<\/strong> acrescenta um toque caloroso e l\u00fadico que ir\u00e1 agradar tanto a crian\u00e7as como a adultos. Combinado com um fundo vermelho vivo, transmite imediatamente o esp\u00edrito festivo do Natal e chama a aten\u00e7\u00e3o \u00e0 primeira vista. Este <strong>saco de oferta<\/strong> tornar-se-\u00e1 rapidamente um must-have para as suas vendas de fim de ano.<\/p>\n<p data-start=\"1140\" data-end=\"1500\">Como retalhista, poupar\u00e1 tempo precioso: n\u00e3o \u00e9 necess\u00e1rio papel de embrulho, este <strong>saco de Natal<\/strong> est\u00e1 pronto a usar. Num s\u00f3 gesto, os seus clientes saem com uma embalagem elegante e robusta que se enquadra perfeitamente no tema festivo. \u00c9 tamb\u00e9m uma \u00f3ptima forma de valorizar a imagem da sua loja e de proporcionar aos seus clientes uma experi\u00eancia de compra ainda mais agrad\u00e1vel.  <\/p>\n<p data-start=\"1502\" data-end=\"1673\">Em suma, este <strong data-start=\"1516\" data-end=\"1538\">saco de oferta de Natal<\/strong> \u00e9 uma forma simples, r\u00e1pida e eficaz de apresentar os seus produtos, mergulhando simultaneamente os seus clientes na magia da \u00e9poca festiva.<\/p>\n<p><!--more--><\/p>\n<h4><strong>Vantagens :<\/strong><\/h4>\n<ul>\n<li><strong data-start=\"1902\" data-end=\"1919\">Design festivo<\/strong> com um motivo de fada e cor vermelha viva.<\/li>\n<li><strong data-start=\"1970\" data-end=\"1982\">Pr\u00e1tico<\/strong>, com pegas de cabo fortes e confort\u00e1veis.<\/li>\n<li><strong data-start=\"2042\" data-end=\"2063\">Formato vers\u00e1til<\/strong>: ideal para pequenas prendas e caixas de oferta.<\/li>\n<li><strong data-start=\"2108\" data-end=\"2127\">Pronto a utilizar<\/strong>: poupa tempo em compara\u00e7\u00e3o com o papel de embrulho.<\/li>\n<li><strong data-start=\"2177\" data-end=\"2202\">Acrescenta valor aos seus produtos<\/strong> e refor\u00e7a a imagem profissional da sua loja.<\/li>\n<\/ul>\n<p>&nbsp;<\/p>\n<p><!--more--><\/p>\n<h4>Outras informa\u00e7\u00f5es :<\/h4>\n<ul>\n<li><strong>Embalagem<\/strong>: Por unidade<\/li>\n<li><strong>Dimens\u00f5es<\/strong>: 26 + 13 x 32 cm<\/li>\n<li><strong>Cor<\/strong>: vermelho<\/li>\n<li><strong>Material<\/strong>: Papel<\/li>\n<\/ul>\n<p>&nbsp;<\/p>\n<p><!--more--><\/p>\n<p>Encontre o tamanho mais pequeno deste saco de oferta aqui: <span style=\"color: #d12727;\"><a style=\"color: #d12727;\" href=\"https:\/\/www.csj-emballages.com\/produit\/1-sacs-motif-noel-poignees-cordelieres-18-10-x-23-cm-2\/\">9314BM<\/a><\/span><\/p>\n<p>&nbsp;<\/p>\n<p><!--more--><\/p>\n<p><a href=\"https:\/\/www.csj-emballages.com\/pt-pt\/categorie-produit\/embalagem-de-alimentos\/loja-e-armazem\/sacos-saquetas\/sacos-de-boutique\/\">V\u00ea o resto da nossa gama de malas de boutique!<\/a><\/p>\n","protected":false},"excerpt":{"rendered":"<p>Saco de Natal Descri\u00e7\u00e3o do nosso saco de Natal &#8220;duende&#8221; com pegas de cord\u00e3o 26 + 13 x 32 cm<\/p>\n","protected":false},"featured_media":91883,"template":"","meta":{"_acf_changed":false},"product_brand":[],"product_cat":[1141,1482,3921,1840,1267],"product_tag":[],"class_list":{"0":"post-126092","1":"product","2":"type-product","3":"status-publish","4":"has-post-thumbnail","6":"product_cat-embalagem-de-alimentos","7":"product_cat-loja-e-armazem","8":"product_cat-sacos-saquetas","9":"product_cat-sacos-de-boutique","10":"product_cat-descontos-promocoes","12":"first","13":"instock","14":"sale","15":"taxable","16":"shipping-taxable","17":"purchasable","18":"product-type-simple"},"acf":[],"yoast_head":"<!-- This site is optimized with the Yoast SEO Premium plugin v26.6 (Yoast SEO v26.6) - https:\/\/yoast.com\/wordpress\/plugins\/seo\/ -->\n<title>Saco de Natal &quot;Elf&quot; Pegas com cord\u00e3o 26 + 13 x 32 cm<\/title>\n<meta name=\"description\" content=\"Saco de Natal vermelho com motivo de duende e pegas com cord\u00e3o, 26+13x32 cm. Pr\u00e1tico, resistente e festivo, \u00e9 a forma perfeita de melhorar o seu embrulho.\" \/>\n<meta name=\"robots\" content=\"index, follow, max-snippet:-1, max-image-preview:large, max-video-preview:-1\" \/>\n<link rel=\"canonical\" href=\"https:\/\/www.csj-emballages.com\/pt-pt\/produit\/1-saco-com-padrao-de-natal-e-pegas-com-cordao-26-13-x-32-cm-3\/\" \/>\n<meta property=\"og:locale\" content=\"pt_PT\" \/>\n<meta property=\"og:type\" content=\"article\" \/>\n<meta property=\"og:title\" content=\"Saco de Natal &quot;Elf&quot; com pegas de cord\u00e3o 26 + 13 x 32 cm\" \/>\n<meta property=\"og:description\" content=\"Saco de Natal vermelho com motivo de duende e pegas com cord\u00e3o, 26+13x32 cm. Pr\u00e1tico, resistente e festivo, \u00e9 a forma perfeita de melhorar o seu embrulho.\" \/>\n<meta property=\"og:url\" content=\"https:\/\/www.csj-emballages.com\/pt-pt\/produit\/1-saco-com-padrao-de-natal-e-pegas-com-cordao-26-13-x-32-cm-3\/\" \/>\n<meta property=\"og:site_name\" content=\"CSJ Emballages\" \/>\n<meta property=\"article:publisher\" content=\"https:\/\/www.facebook.com\/csjemballages\" \/>\n<meta property=\"article:modified_time\" content=\"2026-03-12T15:09:37+00:00\" \/>\n<meta property=\"og:image\" content=\"https:\/\/www.csj-emballages.com\/wp-content\/uploads\/2024\/08\/1f6542c1-ffa5-4f4d-8496-67bc87145bf5-removebg-preview-e1725267921386.png\" \/>\n\t<meta property=\"og:image:width\" content=\"500\" \/>\n\t<meta property=\"og:image:height\" content=\"500\" \/>\n\t<meta property=\"og:image:type\" content=\"image\/png\" \/>\n<meta name=\"twitter:card\" content=\"summary_large_image\" \/>\n<meta name=\"twitter:label1\" content=\"Tempo estimado de leitura\" \/>\n\t<meta name=\"twitter:data1\" content=\"2 minutos\" \/>\n<script type=\"application\/ld+json\" class=\"yoast-schema-graph\">{\"@context\":\"https:\/\/schema.org\",\"@graph\":[{\"@type\":\"WebPage\",\"@id\":\"https:\/\/www.csj-emballages.com\/pt-pt\/produit\/1-saco-com-padrao-de-natal-e-pegas-com-cordao-26-13-x-32-cm-3\/\",\"url\":\"https:\/\/www.csj-emballages.com\/pt-pt\/produit\/1-saco-com-padrao-de-natal-e-pegas-com-cordao-26-13-x-32-cm-3\/\",\"name\":\"Saco de Natal \\\"Elf\\\" Pegas com cord\u00e3o 26 + 13 x 32 cm\",\"isPartOf\":{\"@id\":\"https:\/\/www.csj-emballages.com\/pt-pt\/#website\"},\"primaryImageOfPage\":{\"@id\":\"https:\/\/www.csj-emballages.com\/pt-pt\/produit\/1-saco-com-padrao-de-natal-e-pegas-com-cordao-26-13-x-32-cm-3\/#primaryimage\"},\"image\":{\"@id\":\"https:\/\/www.csj-emballages.com\/pt-pt\/produit\/1-saco-com-padrao-de-natal-e-pegas-com-cordao-26-13-x-32-cm-3\/#primaryimage\"},\"thumbnailUrl\":\"https:\/\/www.csj-emballages.com\/wp-content\/uploads\/2024\/08\/1f6542c1-ffa5-4f4d-8496-67bc87145bf5-removebg-preview-e1725267921386.png\",\"datePublished\":\"2024-08-28T00:18:19+00:00\",\"dateModified\":\"2026-03-12T15:09:37+00:00\",\"description\":\"Saco de Natal vermelho com motivo de duende e pegas com cord\u00e3o, 26+13x32 cm. Pr\u00e1tico, resistente e festivo, \u00e9 a forma perfeita de melhorar o seu embrulho.\",\"breadcrumb\":{\"@id\":\"https:\/\/www.csj-emballages.com\/pt-pt\/produit\/1-saco-com-padrao-de-natal-e-pegas-com-cordao-26-13-x-32-cm-3\/#breadcrumb\"},\"inLanguage\":\"pt-PT\",\"potentialAction\":[{\"@type\":\"ReadAction\",\"target\":[\"https:\/\/www.csj-emballages.com\/pt-pt\/produit\/1-saco-com-padrao-de-natal-e-pegas-com-cordao-26-13-x-32-cm-3\/\"]}]},{\"@type\":\"ImageObject\",\"inLanguage\":\"pt-PT\",\"@id\":\"https:\/\/www.csj-emballages.com\/pt-pt\/produit\/1-saco-com-padrao-de-natal-e-pegas-com-cordao-26-13-x-32-cm-3\/#primaryimage\",\"url\":\"https:\/\/www.csj-emballages.com\/wp-content\/uploads\/2024\/08\/1f6542c1-ffa5-4f4d-8496-67bc87145bf5-removebg-preview-e1725267921386.png\",\"contentUrl\":\"https:\/\/www.csj-emballages.com\/wp-content\/uploads\/2024\/08\/1f6542c1-ffa5-4f4d-8496-67bc87145bf5-removebg-preview-e1725267921386.png\",\"width\":500,\"height\":500,\"caption\":\"sacs motif Lutin 18+10x23 cm\"},{\"@type\":\"BreadcrumbList\",\"@id\":\"https:\/\/www.csj-emballages.com\/pt-pt\/produit\/1-saco-com-padrao-de-natal-e-pegas-com-cordao-26-13-x-32-cm-3\/#breadcrumb\",\"itemListElement\":[{\"@type\":\"ListItem\",\"position\":1,\"name\":\"Acolhimento\",\"item\":\"https:\/\/www.csj-emballages.com\/pt-pt\/universo-das-embalagens-alimentares\/\"},{\"@type\":\"ListItem\",\"position\":2,\"name\":\"Shop\",\"item\":\"https:\/\/www.csj-emballages.com\/shop\/\"},{\"@type\":\"ListItem\",\"position\":3,\"name\":\"Saco de Natal \u00ab\u00a0Elf\u00a0\u00bb com pegas de cord\u00e3o 26 + 13 x 32 cm\"}]},{\"@type\":\"WebSite\",\"@id\":\"https:\/\/www.csj-emballages.com\/pt-pt\/#website\",\"url\":\"https:\/\/www.csj-emballages.com\/pt-pt\/\",\"name\":\"CSJ Emballages\",\"description\":\"\",\"publisher\":{\"@id\":\"https:\/\/www.csj-emballages.com\/pt-pt\/#organization\"},\"potentialAction\":[{\"@type\":\"SearchAction\",\"target\":{\"@type\":\"EntryPoint\",\"urlTemplate\":\"https:\/\/www.csj-emballages.com\/pt-pt\/?s={search_term_string}\"},\"query-input\":{\"@type\":\"PropertyValueSpecification\",\"valueRequired\":true,\"valueName\":\"search_term_string\"}}],\"inLanguage\":\"pt-PT\"},{\"@type\":\"Organization\",\"@id\":\"https:\/\/www.csj-emballages.com\/pt-pt\/#Organization\/\",\"name\":\"CSJ Emballages\",\"url\":\"https:\/\/www.csj-emballages.com\/pt-pt\/\",\"logo\":{\"@type\":\"ImageObject\",\"inLanguage\":\"pt-PT\",\"@id\":\"https:\/\/www.csj-emballages.com\/pt-pt\/#\/schema\/logo\/image\/\",\"url\":\"https:\/\/www.csj-emballages.com\/wp-content\/uploads\/2023\/10\/logo_csj.webp\",\"contentUrl\":\"https:\/\/www.csj-emballages.com\/wp-content\/uploads\/2023\/10\/logo_csj.webp\",\"width\":250,\"height\":95,\"caption\":\"CSJ Emballages\"},\"image\":{\"@id\":\"https:\/\/www.csj-emballages.com\/pt-pt\/#\/schema\/logo\/image\/\"},\"sameAs\":[\"https:\/\/www.facebook.com\/csjemballages\"],\"address\":{\"@type\":\"PostalAddress\",\"streetAddress\":\"ZI La Lechere\",\"addressLocality\":\"Patornay\",\"postalCode\":\"39130\",\"addressCountry\":\"FR\"},\"contactPoint\":[{\"@type\":\"ContactPoint\",\"contactType\":\"Service client\",\"telephone\":\"0384254272\",\"email\":\"contact@csj-emballages.com\"}]}]}<\/script>\n<!-- \/ Yoast SEO Premium plugin. -->","yoast_head_json":{"title":"Saco de Natal \"Elf\" Pegas com cord\u00e3o 26 + 13 x 32 cm","description":"Saco de Natal vermelho com motivo de duende e pegas com cord\u00e3o, 26+13x32 cm. Pr\u00e1tico, resistente e festivo, \u00e9 a forma perfeita de melhorar o seu embrulho.","robots":{"index":"index","follow":"follow","max-snippet":"max-snippet:-1","max-image-preview":"max-image-preview:large","max-video-preview":"max-video-preview:-1"},"canonical":"https:\/\/www.csj-emballages.com\/pt-pt\/produit\/1-saco-com-padrao-de-natal-e-pegas-com-cordao-26-13-x-32-cm-3\/","og_locale":"pt_PT","og_type":"article","og_title":"Saco de Natal \"Elf\" com pegas de cord\u00e3o 26 + 13 x 32 cm","og_description":"Saco de Natal vermelho com motivo de duende e pegas com cord\u00e3o, 26+13x32 cm. Pr\u00e1tico, resistente e festivo, \u00e9 a forma perfeita de melhorar o seu embrulho.","og_url":"https:\/\/www.csj-emballages.com\/pt-pt\/produit\/1-saco-com-padrao-de-natal-e-pegas-com-cordao-26-13-x-32-cm-3\/","og_site_name":"CSJ Emballages","article_publisher":"https:\/\/www.facebook.com\/csjemballages","article_modified_time":"2026-03-12T15:09:37+00:00","og_image":[{"width":500,"height":500,"url":"https:\/\/www.csj-emballages.com\/wp-content\/uploads\/2024\/08\/1f6542c1-ffa5-4f4d-8496-67bc87145bf5-removebg-preview-e1725267921386.png","type":"image\/png"}],"twitter_card":"summary_large_image","twitter_misc":{"Tempo estimado de leitura":"2 minutos"},"schema":{"@context":"https:\/\/schema.org","@graph":[{"@type":"WebPage","@id":"https:\/\/www.csj-emballages.com\/pt-pt\/produit\/1-saco-com-padrao-de-natal-e-pegas-com-cordao-26-13-x-32-cm-3\/","url":"https:\/\/www.csj-emballages.com\/pt-pt\/produit\/1-saco-com-padrao-de-natal-e-pegas-com-cordao-26-13-x-32-cm-3\/","name":"Saco de Natal \"Elf\" Pegas com cord\u00e3o 26 + 13 x 32 cm","isPartOf":{"@id":"https:\/\/www.csj-emballages.com\/pt-pt\/#website"},"primaryImageOfPage":{"@id":"https:\/\/www.csj-emballages.com\/pt-pt\/produit\/1-saco-com-padrao-de-natal-e-pegas-com-cordao-26-13-x-32-cm-3\/#primaryimage"},"image":{"@id":"https:\/\/www.csj-emballages.com\/pt-pt\/produit\/1-saco-com-padrao-de-natal-e-pegas-com-cordao-26-13-x-32-cm-3\/#primaryimage"},"thumbnailUrl":"https:\/\/www.csj-emballages.com\/wp-content\/uploads\/2024\/08\/1f6542c1-ffa5-4f4d-8496-67bc87145bf5-removebg-preview-e1725267921386.png","datePublished":"2024-08-28T00:18:19+00:00","dateModified":"2026-03-12T15:09:37+00:00","description":"Saco de Natal vermelho com motivo de duende e pegas com cord\u00e3o, 26+13x32 cm. Pr\u00e1tico, resistente e festivo, \u00e9 a forma perfeita de melhorar o seu embrulho.","breadcrumb":{"@id":"https:\/\/www.csj-emballages.com\/pt-pt\/produit\/1-saco-com-padrao-de-natal-e-pegas-com-cordao-26-13-x-32-cm-3\/#breadcrumb"},"inLanguage":"pt-PT","potentialAction":[{"@type":"ReadAction","target":["https:\/\/www.csj-emballages.com\/pt-pt\/produit\/1-saco-com-padrao-de-natal-e-pegas-com-cordao-26-13-x-32-cm-3\/"]}]},{"@type":"ImageObject","inLanguage":"pt-PT","@id":"https:\/\/www.csj-emballages.com\/pt-pt\/produit\/1-saco-com-padrao-de-natal-e-pegas-com-cordao-26-13-x-32-cm-3\/#primaryimage","url":"https:\/\/www.csj-emballages.com\/wp-content\/uploads\/2024\/08\/1f6542c1-ffa5-4f4d-8496-67bc87145bf5-removebg-preview-e1725267921386.png","contentUrl":"https:\/\/www.csj-emballages.com\/wp-content\/uploads\/2024\/08\/1f6542c1-ffa5-4f4d-8496-67bc87145bf5-removebg-preview-e1725267921386.png","width":500,"height":500,"caption":"sacs motif Lutin 18+10x23 cm"},{"@type":"BreadcrumbList","@id":"https:\/\/www.csj-emballages.com\/pt-pt\/produit\/1-saco-com-padrao-de-natal-e-pegas-com-cordao-26-13-x-32-cm-3\/#breadcrumb","itemListElement":[{"@type":"ListItem","position":1,"name":"Acolhimento","item":"https:\/\/www.csj-emballages.com\/pt-pt\/universo-das-embalagens-alimentares\/"},{"@type":"ListItem","position":2,"name":"Shop","item":"https:\/\/www.csj-emballages.com\/shop\/"},{"@type":"ListItem","position":3,"name":"Saco de Natal \u00ab\u00a0Elf\u00a0\u00bb com pegas de cord\u00e3o 26 + 13 x 32 cm"}]},{"@type":"WebSite","@id":"https:\/\/www.csj-emballages.com\/pt-pt\/#website","url":"https:\/\/www.csj-emballages.com\/pt-pt\/","name":"CSJ Emballages","description":"","publisher":{"@id":"https:\/\/www.csj-emballages.com\/pt-pt\/#organization"},"potentialAction":[{"@type":"SearchAction","target":{"@type":"EntryPoint","urlTemplate":"https:\/\/www.csj-emballages.com\/pt-pt\/?s={search_term_string}"},"query-input":{"@type":"PropertyValueSpecification","valueRequired":true,"valueName":"search_term_string"}}],"inLanguage":"pt-PT"},{"@type":"Organization","@id":"https:\/\/www.csj-emballages.com\/pt-pt\/#Organization\/","name":"CSJ Emballages","url":"https:\/\/www.csj-emballages.com\/pt-pt\/","logo":{"@type":"ImageObject","inLanguage":"pt-PT","@id":"https:\/\/www.csj-emballages.com\/pt-pt\/#\/schema\/logo\/image\/","url":"https:\/\/www.csj-emballages.com\/wp-content\/uploads\/2023\/10\/logo_csj.webp","contentUrl":"https:\/\/www.csj-emballages.com\/wp-content\/uploads\/2023\/10\/logo_csj.webp","width":250,"height":95,"caption":"CSJ Emballages"},"image":{"@id":"https:\/\/www.csj-emballages.com\/pt-pt\/#\/schema\/logo\/image\/"},"sameAs":["https:\/\/www.facebook.com\/csjemballages"],"address":{"@type":"PostalAddress","streetAddress":"ZI La Lechere","addressLocality":"Patornay","postalCode":"39130","addressCountry":"FR"},"contactPoint":[{"@type":"ContactPoint","contactType":"Service client","telephone":"0384254272","email":"contact@csj-emballages.com"}]}]}},"df_price":1.18,"df_sale_price":1.18,"df_regular_price":1.46,"df_image_link":"https:\/\/www.csj-emballages.com\/wp-content\/uploads\/2024\/08\/1f6542c1-ffa5-4f4d-8496-67bc87145bf5-removebg-preview-300x300.png","tiered_pricing_type":"fixed","tiered_pricing_fixed_rules":[],"tiered_pricing_percentage_rules":[],"tiered_pricing_minimum":1,"tiered_pricing_roles_data":[],"_links":{"self":[{"href":"https:\/\/www.csj-emballages.com\/pt-pt\/wp-json\/wp\/v2\/product\/126092","targetHints":{"allow":["GET"]}}],"collection":[{"href":"https:\/\/www.csj-emballages.com\/pt-pt\/wp-json\/wp\/v2\/product"}],"about":[{"href":"https:\/\/www.csj-emballages.com\/pt-pt\/wp-json\/wp\/v2\/types\/product"}],"wp:featuredmedia":[{"embeddable":true,"href":"https:\/\/www.csj-emballages.com\/pt-pt\/wp-json\/wp\/v2\/media\/91883"}],"wp:attachment":[{"href":"https:\/\/www.csj-emballages.com\/pt-pt\/wp-json\/wp\/v2\/media?parent=126092"}],"wp:term":[{"taxonomy":"product_brand","embeddable":true,"href":"https:\/\/www.csj-emballages.com\/pt-pt\/wp-json\/wp\/v2\/product_brand?post=126092"},{"taxonomy":"product_cat","embeddable":true,"href":"https:\/\/www.csj-emballages.com\/pt-pt\/wp-json\/wp\/v2\/product_cat?post=126092"},{"taxonomy":"product_tag","embeddable":true,"href":"https:\/\/www.csj-emballages.com\/pt-pt\/wp-json\/wp\/v2\/product_tag?post=126092"}],"curies":[{"name":"wp","href":"https:\/\/api.w.org\/{rel}","templated":true}]}}